{"id":16587,"date":"2024-09-23T13:26:36","date_gmt":"2024-09-23T13:26:36","guid":{"rendered":"https:\/\/travelshelper.com\/staging\/?page_id=16587"},"modified":"2026-03-12T00:18:49","modified_gmt":"2026-03-12T00:18:49","slug":"bad-durkheim","status":"publish","type":"page","link":"https:\/\/travelshelper.com\/cs\/destinations\/europe\/germany\/bad-durkheim\/","title":{"rendered":"Bad D\u00fcrkheim"},"content":{"rendered":"<p>Bad D\u00fcrkheim le\u017e\u00ed v srdci metropolitn\u00ed oblasti R\u00fdn-Neckar a rozkl\u00e1d\u00e1 se na prot\u00e1hl\u00e9 plo\u0161e zhruba dvaceti kilometr\u016f od pramene \u0159eky Isenach p\u0159es jej\u00ed aluvi\u00e1ln\u00ed louky a\u017e k okraji R\u00fdnsk\u00e9 n\u00ed\u017einy. S 19 331 obyvateli (2020) a s administrativn\u00edm s\u00eddlem stejnojmenn\u00e9ho okresu \u2013 druh\u00e9ho nejv\u011bt\u0161\u00edho hned po Ha\u00dflochu \u2013 nab\u00edz\u00ed jak intimitu st\u0159edn\u011b velk\u00e9ho l\u00e1ze\u0148sk\u00e9ho m\u011bsta, tak pulzuj\u00edc\u00ed rytmus region\u00e1ln\u00edho centra. Tato osada na N\u011bmeck\u00e9 vinn\u00e9 stezce, kter\u00e1 se nach\u00e1z\u00ed dvacet kilometr\u016f z\u00e1padn\u011b od Ludwigshafenu a Mannheimu a t\u0159icet kilometr\u016f v\u00fdchodn\u011b od Kaiserslauternu, spojuje stalet\u00ed lidsk\u00e9ho \u00fasil\u00ed s drsnou kr\u00e1sou Falck\u00e9ho lesa.<\/p>\n<p>M\u011bsto Bad D\u00fcrkheim, le\u017e\u00edc\u00ed bezprost\u0159edn\u011b v\u00fdchodn\u011b od poho\u0159\u00ed Haardt \u2013 strm\u00e9ho v\u00fdchodn\u00edho podh\u016f\u0159\u00ed centr\u00e1ln\u00edho Falck\u00e9ho lesa \u2013 se t\u00e1hne pod\u00e9l m\u00edrn\u00e9ho \u00fadol\u00ed \u0159eky Isenach. Z chladn\u00e9 lesn\u00ed n\u00e1dr\u017ee Isenachweiher \u0159eka kles\u00e1 p\u0159es pily a pap\u00edrny, kter\u00e9 kdysi vyu\u017e\u00edvaly jej\u00ed tok, kolem historick\u00e9ho centra m\u011bsta a do sez\u00f3nn\u011b vlhk\u00fdch luk D\u00fcrkheimer Bruch. Jak se \u00fadol\u00ed roz\u0161i\u0159uje sm\u011brem k R\u00fdnsk\u00e9 n\u00ed\u017ein\u011b, pr\u016fmyslov\u00e9 are\u00e1ly a m\u011bstsk\u00e1 \u010dist\u00edrna odpadn\u00edch vod ozna\u010duj\u00ed modern\u00ed f\u00e1zi os\u00eddlen\u00ed a p\u0159ipom\u00ednaj\u00ed adaptaci m\u011bsta na ekonomick\u00e9 zm\u011bny v pr\u016fb\u011bhu stalet\u00ed.<\/p>\n<p>Oblast m\u011bsta se obloukovit\u011b t\u00e1hne na z\u00e1pad do zalesn\u011bn\u00e9 vyso\u010diny a zahrnuje souhv\u011bzd\u00ed vrchol\u016f. Na z\u00e1pad\u011b dominuje panoramatu m\u011bsta Drachenfels s v\u00fd\u0161kou 570,8 m, zat\u00edmco Weilerskopf (470 m) se ty\u010d\u00ed na hranici s Herxheim am Berg. Bl\u00ed\u017ee k m\u011bstu p\u0159ipom\u00ednaj\u00ed vina\u0159sk\u00e9 d\u011bdictv\u00ed m\u00edrn\u00e9 kopce Michelsberg (147,4 m) a Fuchsmantel (224 m), jejich\u017e svahy byly dlouho obd\u011bl\u00e1v\u00e1ny pro vinice. Severn\u011bji se na obzoru ty\u010d\u00ed Kleine Peterskopf a Teufelsstein a je\u0161t\u011b d\u00e1le se ty\u010d\u00ed Mainzer Berg a Bellenscheid jako ti\u0161\u00ed sv\u011bdkov\u00e9 trval\u00e9ho vztahu m\u011bsta k jeho p\u0159\u00edrodn\u00edmu prost\u0159ed\u00ed. Dv\u011b jezera \u2013 Herzogweiher na severn\u00edm okraji Grethenu a Almensee v R\u00fdnsk\u00e9 n\u00ed\u017ein\u011b \u2013 nab\u00edzej\u00ed klidn\u00e9 odrazy oblohy a les\u016f.<\/p>\n<p>Vodn\u00ed toky se t\u00e1hnou krajinou i za samotn\u00fdm Isenachem. Kirschbach, Dreibrunnentalbach a St\u00fctertalbach vyhloub\u00ed zalesn\u011bn\u00e9 rokle, k nim\u017e se p\u0159ipojuje Glash\u00fcttentalbach v divo\u010din\u011b, kter\u00e1 je od pramene a\u017e k soutoku nep\u0159eru\u0161en\u00e1. Na severov\u00fdchod\u011b se kr\u00e1tce vyno\u0159uje Schlittgraben, ne\u017e se vl\u00e9v\u00e1 do sousedn\u00edho Erpolzheimu \u2013 jeho\u017e b\u0159ehy byly nov\u011b zpevn\u011bny \u0161esti reten\u010dn\u00edmi n\u00e1dr\u017eemi a p\u0159ehradou dokon\u010denou v roce 2023, co\u017e je sou\u010d\u00e1st komplexn\u00ed renaturalizace Bruchu, kter\u00e1 za\u010dala v roce 2019. Dal\u0161\u00ed toky, jako je Glasbach a jeho p\u0159\u00edtoky Schwabenbach a Erlenbach, vymezuj\u00ed hranice obc\u00ed, ne\u017e te\u010dou d\u00e1le sm\u011brem k Frankensteinu a Fischbachu.<\/p>\n<p>Klima se zde vyzna\u010duje teplem a relativn\u00ed suchost\u00ed. Ro\u010dn\u00ed pr\u016fm\u011br 11,1 \u00b0C a 574 mm sr\u00e1\u017eek \u0159ad\u00ed Bad D\u00fcrkheim mezi nejsu\u0161\u0161\u00ed lokality v N\u011bmecku \u2013 pouze \u0161estn\u00e1ct procent meteorologick\u00fdch stanic zaznamen\u00e1v\u00e1 ni\u017e\u0161\u00ed sr\u00e1\u017eky. \u00danor je obvykle nejsu\u0161\u0161\u00edm m\u011bs\u00edcem, zat\u00edmco kv\u011bten p\u0159in\u00e1\u0161\u00ed nejsiln\u011bj\u0161\u00ed p\u0159eh\u00e1\u0148ky, a\u010dkoli sez\u00f3nn\u00ed v\u00fdkyvy jsou podle n\u00e1rodn\u00edch standard\u016f minim\u00e1ln\u00ed. Tepl\u00fd denn\u00ed v\u00e1nek stoup\u00e1 z R\u00fdnsk\u00e9 n\u00ed\u017einy do kopc\u016f, v noci se obrac\u00ed a sestupuje p\u0159es vinice, \u010d\u00edm\u017e ochlazuje dno \u00fadol\u00ed. Tyto jemn\u00e9 vzorce monitoruj\u00ed dv\u011b meteorologick\u00e9 stanice \u2013 jedna na leti\u0161ti provozovan\u00e9m N\u011bmeckou meteorologickou slu\u017ebou a druh\u00e1 Zem\u011bd\u011blskou meteorologi\u00ed Por\u00fdn\u00ed-Falce v Neubergu.<\/p>\n<p>Lidsk\u00e9 os\u00eddlen\u00ed se ji\u017e dlouho t\u00edhne k b\u0159eh\u016fm \u0159ek a svah\u016fm. K j\u00e1dru m\u011bsta se p\u0159ipojuj\u00ed Grethen, Hardenburg, Seebach, Trift, S\u00e4gm\u00fchle, Ungstein a Leistadt \u2013 ka\u017ed\u00e1 obec nese stopy st\u0159edov\u011bk\u00e9ho p\u016fvodu, pozd\u011bj\u0161\u00edho scelov\u00e1n\u00ed a za\u010dle\u0148ov\u00e1n\u00ed obc\u00ed ve 20. stolet\u00ed, kter\u00e9 od po\u010d\u00e1tku 20. stolet\u00ed do sou\u010dasnosti zdvojn\u00e1sobilo po\u010det obyvatel. V roce 1815 zde \u017eilo m\u00e9n\u011b ne\u017e 5 000 obyvatel; do roku 1925 se jejich po\u010det zv\u00fd\u0161il na 7 060 a po n\u011bkolika za\u010dle\u0148ov\u00e1n\u00edch a modern\u00edm roz\u0161\u00ed\u0159en\u00ed obytn\u00fdch budov dos\u00e1hl do roku 2020 19 331. Mezi lety 2013 a 2023 z\u016fstala populace prakticky statick\u00e1 \u2013 2,4% r\u016fst za deset let \u2013 vyv\u00e1\u017een\u00e1 mezi ni\u017e\u0161\u00ed porodnost\u00ed a vy\u0161\u0161\u00ed \u00famrtnost\u00ed kompenzovanou p\u0159\u00edlivem obyvatel. Demografick\u00fd posun sm\u011brem ke star\u0161\u00ed populaci je z\u0159ejm\u00fd: do konce roku 2023 bylo 26,5 % obyvatel star\u0161\u00edch 65 let, ve srovn\u00e1n\u00ed se 17,7 % o deset let d\u0159\u00edve. Dosp\u011bl\u00ed v produktivn\u00edm v\u011bku (20 a\u017e 65 let) tvo\u0159\u00ed 56,2 procenta z celkov\u00e9ho po\u010dtu, co\u017e znamen\u00e1, \u017ee m\u011bsto je o n\u011bco star\u0161\u00ed ne\u017e jeho \u0161ir\u0161\u00ed okres.<\/p>\n<p>N\u00e1bo\u017eensk\u00e1 p\u0159\u00edslu\u0161nost se tak\u00e9 vyvinula. S\u010d\u00edt\u00e1n\u00ed lidu z roku 2011 zaznamenalo 40,6 procenta protestantsk\u00fdch a 24,9 procenta katolick\u00fdch obyvatel, zbytek se hl\u00e1sil k bezkonfesijn\u00edmu vyzn\u00e1n\u00ed nebo k jin\u00fdm vyzn\u00e1n\u00edm. Do 30. dubna 2025 se tyto pod\u00edly sn\u00ed\u017eily na 28,4 procenta protestantsk\u00fdch a 19,3 procenta katolick\u00fdch obyvatel, zat\u00edmco 52,3 procenta se identifikovalo jinak nebo se rozhodlo neuv\u00e9st.<\/p>\n<p>Kulturn\u00ed d\u011bdictv\u00ed utv\u00e1\u0159\u00ed siluetu m\u011bsta. T\u0159in\u00e1ct pam\u00e1tkov\u00fdch z\u00f3n chr\u00e1n\u00ed pam\u00e1tky od benediktinsk\u00e9ho opatstv\u00ed v Limburgu z 9. stolet\u00ed a\u017e po z\u0159\u00edceniny hradu Hardenburg, s\u00eddla hrabat z Leiningenu a\u017e do jeho zni\u010den\u00ed na konci 18. stolet\u00ed. Z\u00e1klady hradu Schlosseck z 10. stolet\u00ed stoj\u00ed uprost\u0159ed lesn\u00edch m\u00fdtin, zat\u00edmco villa rustica na Weilbergu nab\u00edz\u00ed pohled na \u0159\u00edmsk\u00fd venkovsk\u00fd \u017eivot pod \u0161ir\u00fdm nebem. Z\u00e1padn\u011b od Hardenburgu p\u0159ipom\u00edn\u00e1 lesn\u00ed z\u00e1me\u010dek J\u00e4gerthal \u0161lechtick\u00e9 loveck\u00e9 tradice.<\/p>\n<p>Ve m\u011bst\u011b nesou lesnick\u00e9 domy rozmarn\u00e1 jm\u00e9na Kehrdichannichts, Murrmirnichtviel a Schaudichnichtum. Pouze Kehrdichannichts se dochovaly v provozu; ostatn\u00ed existuj\u00ed jako ch\u00e1traj\u00edc\u00ed p\u0159ipom\u00ednky aristokratick\u00fdch rozmar\u016f. Protestantsk\u00fd hradn\u00ed kostel \u2013 kdysi kostel sv. Jana \u2013 poch\u00e1z\u00ed z konce t\u0159in\u00e1ct\u00e9ho stolet\u00ed. Jeho 70metrov\u00e1 v\u011b\u017e se \u0159ad\u00ed k nejvy\u0161\u0161\u00edm v P\u0159edn\u00edm Falcku, hned po dvou v\u011b\u017e\u00edch katedr\u00e1ly ve \u0160p\u00fdru. Kostel byl po v\u00e1le\u010dn\u00e9 zk\u00e1ze znovu postaven a jeho ru\u010dn\u011b zvon\u00edc\u00ed zvon o hmotnosti 317 kg p\u0159ipom\u00edn\u00e1 pam\u011btn\u00ed hodiny: ka\u017ed\u00fd rok 18. b\u0159ezna ve 14 hodin p\u0159ipom\u00ednaj\u00edc\u00ed bombardov\u00e1n\u00ed v roce 1945 a prvn\u00ed adventn\u00ed sobotu v 17 hodin p\u0159i ohla\u0161ov\u00e1n\u00ed nov\u00e9ho liturgick\u00e9ho roku.<\/p>\n<p>Naproti tr\u017enici v Ludwigskirche evokuj\u00ed neoklasicistn\u00ed sloupy a bavorsk\u00e1 kr\u00e1lovsk\u00e1 z\u00e1\u0161tita pl\u00e1ny Johanna Bernharda Spatze inspirovan\u00e9 Ramburgem. Uvnit\u0159 olt\u00e1\u0159n\u00ed obraz Paula Thalheimera z roku 1938 zobrazuje uk\u0159i\u017eov\u00e1n\u00ed s jedine\u010dnou, kdysi nezji\u0161t\u011bnou podobiznou Adolfa Hitlera jako kaj\u00edcn\u00e9ho zlod\u011bje, co\u017e je znepokojiv\u00e1 historick\u00e1 pozn\u00e1mka pod \u010darou a jedine\u010dn\u00fd region\u00e1ln\u00ed poklad.<\/p>\n<p>Prehistorick\u00e9 a \u0159\u00edmsk\u00e9 d\u011bdictv\u00ed p\u0159etrv\u00e1v\u00e1 v zemn\u00edch prac\u00edch a lomech. Dvoukilometrov\u00fd keltsk\u00fd val Heidenmaueru, postaven\u00fd kolem roku 500 p\u0159. n. l., obep\u00edn\u00e1 zalesn\u011bn\u00fd vrchol kopce kruhov\u00fdm opevn\u011bn\u00edm. Lom Kriemhildenstuhl odhaluje kamenick\u00e9 pr\u00e1ce ze \u010dtvrt\u00e9ho stolet\u00ed, jeho\u017e r\u00fdhovan\u00e9 st\u011bny sv\u011bd\u010d\u00ed o imperi\u00e1ln\u00edch ambic\u00edch.<\/p>\n<p>Modern\u00ed \u017eivot se shroma\u017e\u010fuje v l\u00e1ze\u0148sk\u00e9m centru Kurhaus, jeho\u017e soln\u00e1 v\u011b\u017e \u2013 m\u00edstn\u011b naz\u00fdvan\u00e1 \u201eSaline\u201c \u2013 uprost\u0159ed l\u00e1ze\u0148sk\u00fdch zahrad ur\u010den\u00fdch jak pro relaxaci, tak pro terapeutickou inhalaci soli. V p\u0159ilehl\u00fdch spole\u010densk\u00fdch s\u00e1lech se nach\u00e1z\u00ed kasino D\u00fcrkheim, zat\u00edmco v\u011b\u017e Vigil, ty\u010d\u00edc\u00ed se na vini\u010dn\u00edm kopci, zt\u011bles\u0148uje spojen\u00ed architektonick\u00e9ho dramatu a vina\u0159sk\u00e9ho d\u011bdictv\u00ed m\u011bsta.<\/p>\n<p>Muzea chr\u00e1n\u00ed p\u0159\u00edrodn\u00ed i lidsk\u00e9 d\u011bjiny. V Grethenu s\u00eddl\u00ed v ml\u00fdn\u011b Herzogm\u00fchle Falck\u00e9 muzeum p\u0159\u00edrodn\u00ed historie \u2013 hovorov\u011b muzeum Pollichia podle Spole\u010dnosti z 40. let 19. stolet\u00ed, kter\u00e9 slou\u017eilo, ne\u017e v roce 1981 na\u0161lo trval\u00e9 s\u00eddlo. D\u016fm Catoir v centru m\u011bsta se rozkl\u00e1d\u00e1 na plo\u0161e 800 m\u00b2 jako m\u00edstn\u00ed historick\u00e9 muzeum s expozicemi od \u0159\u00edmsk\u00e9 archeologie a\u017e po \u017eivoty osobnost\u00ed, jako byli Johannes Fitz a Rosa Maas. Ve\u0159ejn\u00e1 knihovna, hudebn\u00ed \u0161kola, baletn\u00ed a tane\u010dn\u00ed akademie podporuj\u00ed kreativitu, dopln\u011bnou kluby a spolky: Theater an der Weinstra\u00dfe, otev\u0159en\u00e1 d\u00edlna Haus Catoir, um\u011bleck\u00fd spolek Bad D\u00fcrkheim, karnevalov\u00e9 spolky, hudebn\u00ed kapely a deset dal\u0161\u00edch soubor\u016f, kter\u00e9 udr\u017euj\u00ed melodii a tradici p\u0159i \u017eivot\u011b.<\/p>\n<p>Kalend\u00e1\u0159 je dopln\u011bn festivaly. Ka\u017ed\u00fd v\u00edkend Nanebevstoupen\u00ed P\u00e1n\u011b po\u0159\u00e1d\u00e1 m\u011bstsk\u00fd festival kachn\u00ed z\u00e1vody na \u0159ece Isenach; v kv\u011btnu o\u017eivuje vina\u0159sk\u00e9 stezky piknik vina\u0159\u016f a trh s um\u011bn\u00edm. Z\u00e1\u0159ijov\u00fd Wurstmarkt p\u0159il\u00e1k\u00e1 p\u0159es 600 000 n\u00e1v\u0161t\u011bvn\u00edk\u016f na nejv\u011bt\u0161\u00ed vina\u0159sk\u00fd festival na sv\u011bt\u011b, jeho\u017e ko\u0159eny sahaj\u00ed k trhu s klob\u00e1sami a v\u00ednem z roku 1416, o kter\u00fd se nyn\u00ed d\u011bl\u00ed m\u00edstn\u00ed vina\u0159stv\u00ed a ob\u010dansk\u00e9 skupiny. V polovin\u011b b\u0159ezna se Noc na vinici prom\u011bn\u00ed v \u0161est kilometr\u016f svah\u016f v osv\u011btlen\u00e9 degusta\u010dn\u00ed chodby. Ka\u017ed\u00e9 t\u0159i l\u00e9ta oslavuje Limbursk\u00e1 cena za literaturu region\u00e1ln\u00ed literaturu, zat\u00edmco adventn\u00ed spole\u010dn\u00e9 zvon\u011bn\u00ed deseti kosteln\u00edch zvon\u016f zna\u010d\u00ed sez\u00f3nn\u00ed obnovu.<\/p>\n<p>Festival komedie SWR3, kter\u00fd byl kdysi pravidelnou akc\u00ed, bavil publikum t\u0159i dny v letech 2016 a\u017e 2024; nejv\u011bt\u0161\u00ed ruletov\u00e9 kolo sv\u011bta se v letech 1997 a\u017e 2007 rozto\u010dilo v l\u00e1ze\u0148sk\u00fdch zahrad\u00e1ch. V roce 1951 se zde se\u0161la Skupina 47, kter\u00e1 ud\u011blila Heinrichu B\u00f6llovi liter\u00e1rn\u00ed cenu \u2013 d\u016fkaz skromn\u00e9ho, \u200b\u200bale zvu\u010dn\u00e9ho m\u00edsta m\u011bsta v pov\u00e1le\u010dn\u00e9 kulturn\u00ed historii.<\/p>\n<p>Ekonomick\u00fd \u017eivot vyva\u017euje tradici s inovacemi. V roce 2022 tvo\u0159ily slu\u017eby 86 procent m\u00edstn\u00ed zam\u011bstnanosti, v\u00fdroba 11 procent a zem\u011bd\u011blstv\u00ed a lesnictv\u00ed necel\u00e1 3 procenta. Z p\u0159ibli\u017en\u011b 8 700 pracovn\u00edk\u016f jich asi 3 500 doj\u00ed\u017ed\u00ed do m\u011bsta, zat\u00edmco 4 000 doj\u00ed\u017ed\u00ed ven, co\u017e odr\u00e1\u017e\u00ed region\u00e1ln\u00ed propojenost m\u011bsta. Pl\u00e1ny na roz\u0161\u00ed\u0159en\u00ed pr\u016fmyslov\u00e9 z\u00f3ny Bruch o \u0161estn\u00e1ct hektar\u016f slibuj\u00ed dal\u0161\u00ed r\u016fst.<\/p>\n<p>Vina\u0159stv\u00ed z\u016fst\u00e1v\u00e1 na p\u0159edn\u00edch p\u0159\u00ed\u010dk\u00e1ch: s 819 ha vinic se Bad D\u00fcrkheim \u0159ad\u00ed na t\u0159et\u00ed m\u00edsto mezi falck\u00fdmi obcemi a na \u0161est\u00e9 m\u00edsto v Por\u00fdn\u00ed-Falci (\u00fadaje z roku 2017). Vina\u0159sk\u00e9 lokality jako Feuerberg, Hochmess a Honigs\u00e4ckel \u2013 a komorn\u011bj\u0161\u00ed pozemky jako Abtsfronhof, Bettelhaus a Osterberg \u2013 produkuj\u00ed v\u00edna, o kter\u00e1 se star\u00e1 t\u0159icet p\u011bt aktivn\u00edch vina\u0159stv\u00ed, v\u010detn\u011b dvou dru\u017estev a sklepa soci\u00e1ln\u00edho podniku. Turismus dopl\u0148uje dve\u0159e sklep\u016f. Ve v\u00fdstavb\u011b jsou nov\u00e9 term\u00e1ln\u00ed l\u00e1zn\u011b \u2013 s wellness z\u00f3nou, term\u00e1ln\u00edm baz\u00e9nem a saunou \u2013 projekt v hodnot\u011b 45 milion\u016f eur, jeho\u017e otev\u0159en\u00ed je pl\u00e1nov\u00e1no na rok 2025 vedle st\u00e1vaj\u00edc\u00edch baz\u00e9n\u016f. L\u00e1ze\u0148sk\u00e9 zahrady, revitalizovan\u00e1 b\u0159ehy \u0159ek, soln\u00e9 d\u00edlo, vodn\u00ed h\u0159i\u0161t\u011b a Kneippovo za\u0159\u00edzen\u00ed slou\u017e\u00ed jednodenn\u00edm n\u00e1v\u0161t\u011bvn\u00edk\u016fm, k dispozici je v\u00edce ne\u017e 3 500 l\u016f\u017eek v hotelech, penzionech, kempu Almensee s kapacitou 600 m\u00edst a m\u00edstech pro obytn\u00e9 automobily.<\/p>\n<p>Mezi pil\u00ed\u0159e komunitn\u00edho \u017eivota pat\u0159\u00ed poskytovatel\u00e9 zdravotn\u00ed p\u00e9\u010de, jako jsou kliniky Median Group, finan\u010dn\u00ed instituce jako VR Bank Mittelhaardt eG, specializovan\u00ed v\u00fdrobci vina\u0159sk\u00e9ho vybaven\u00ed, firmy zab\u00fdvaj\u00edc\u00ed se testov\u00e1n\u00edm motor\u016f a zna\u010dka lit\u00fdch kol ATS Leichtmetallr\u00e4der. Ve\u0159ejn\u00ed zam\u011bstnavatel\u00e9 sahaj\u00ed od m\u011bstsk\u00fdch podnik\u016f a \u0161kol a\u017e po okresn\u00ed soud, policejn\u00ed stanici a agenturu pr\u00e1ce, zat\u00edmco neziskov\u00e1 organizace Lebenshilfe Bad D\u00fcrkheim udr\u017euje soci\u00e1ln\u00ed slu\u017eby s v\u00edce ne\u017e 400 zam\u011bstnanci.<\/p>\n<p>Lesnictv\u00ed se odr\u00e1\u017e\u00ed v stalet\u00e9 \u00fa\u010dasti m\u011bsta v syst\u00e9mu Hartgereiden, s\u00eddle lesn\u00edho \u00fa\u0159adu a dochovan\u00fdch lesnick\u00fdch domech p\u0159estav\u011bn\u00fdch na restaurace. Dopravn\u00ed s\u00edt\u011b spojuj\u00ed m\u011bsto s jeho regionem: v roce 1865 dorazila Falck\u00e1 severn\u00ed \u017eeleznice nejprve do D\u00fcrkheimu, pozd\u011bji byla prodlou\u017eena do Monsheimu, zat\u00edmco region\u00e1ln\u00ed vlaky nyn\u00ed spojuj\u00ed Gr\u00fcnstadt a Neustadt dvakr\u00e1t ka\u017edou hodinu a Mannheim do hodiny. \u00dazkorozchodn\u00e1 tramvaj R\u00fdn-Haardt z roku 1913 zaji\u0161\u0165uje mezim\u011bstskou dopravu do Ludwigshafenu a Mannheimu s v\u00edkendov\u00fdm prodlou\u017een\u00edm do Heidelbergu. V Bahnhofu se sb\u00edh\u00e1 p\u011bt autobusov\u00fdch linek, kter\u00e9 nab\u00edzej\u00ed spojen\u00ed na \u017eeleznici a tramvaj. K\u0159i\u017euj\u00ed se zde feder\u00e1ln\u00ed d\u00e1lnice \u010d. 37 a 271 a d\u00e1lnice A650 do Ludwigshafenu le\u017e\u00ed jen p\u00e1r minut od centra. Leti\u0161t\u011b vedle Almensee roz\u0161i\u0159uje tuto dopravn\u00ed tapetu o lehk\u00e1 letadla.<\/p>\n<p>Milovn\u00edci outdoorov\u00fdch aktivit zde najdou nekone\u010dn\u00e9 mno\u017estv\u00ed cest: cyklostezky ozna\u010duj\u00edc\u00ed salsk\u00e9 dynastie, stezky ho\u0159\u010dice a tu\u0159\u00ednu, stezky s kv\u011bty mandlo\u0148\u016f, d\u00e1lkov\u00e9 turistick\u00e9 s\u00edt\u011b Saar-Rhine-Mohan a Saar-Palatinate a mimo jin\u00e9 Pf\u00e4lzer Weinsteig a H\u00fcttensteig. Zna\u010den\u00ed z b\u00edlo-\u010derven\u00fdch pruh\u016f, modr\u00fdch pruh\u016f, \u017elut\u00fdch k\u0159\u00ed\u017e\u016f, \u010dern\u00fdch te\u010dek a \u010derven\u00fdch a zelen\u00fdch symbol\u016f vedou turisty dubov\u00fdmi a bukov\u00fdmi lesy k chat\u00e1m, jako jsou Limburgblick, Frankenthaler H\u00fctte, Weilach a odlehl\u00fd Waldhaus Lambertskreuz. B\u00fdval\u00fd Fronm\u00fchle nyn\u00ed v\u00edt\u00e1 hosty jako venkovsk\u00fd hostinec.<\/p>\n<p>Vrstvy historie a p\u0159\u00edrody Bad D\u00fcrkheimu se sb\u00edhaj\u00ed na m\u00edst\u011b z\u00e1rove\u0148 zn\u00e1m\u00e9m a pln\u00e9m nuanc\u00ed \u2013 kde vini\u010dn\u00ed terasy r\u00e1muj\u00ed st\u0159edov\u011bk\u00e9 ruiny, lesn\u00ed stezky vedou k starobyl\u00fdm hradb\u00e1m a st\u00e1l\u00fd tok \u0159eky Isenach zrcadl\u00ed generace lidsk\u00e9ho \u017eivota. Rytmy klimatu a kultury, festival\u016f a obdob\u00ed \u00fahor\u016f zde nesou p\u0159\u00edb\u011bh stejn\u011b slo\u017eit\u00fd jako samotn\u00fd ter\u00e9n a vyb\u00edzej\u00ed k pozorn\u00e9mu zamy\u0161len\u00ed nad odolnost\u00ed a kontinuitou, kter\u00e9 definuj\u00ed toto l\u00e1ze\u0148sk\u00e9 m\u011bsto.<\/p>","protected":false},"excerpt":{"rendered":"<p>Bad D\u00fcrkheim se nach\u00e1z\u00ed v metropolitn\u00ed oblasti R\u00fdn-Neckar a je p\u016fvabn\u00fdm l\u00e1ze\u0148sk\u00fdm m\u011bstem a spr\u00e1vn\u00edm centrem okresu Bad D\u00fcrkheim v Por\u00fdn\u00ed-Falcku v N\u011bmecku. Tato okouzluj\u00edc\u00ed lokalita s v\u00edce ne\u017e 20 000 obyvateli je proslul\u00e1 svou rozs\u00e1hlou histori\u00ed, vzkv\u00e9taj\u00edc\u00edm vina\u0159stv\u00edm a wellness l\u00e1ze\u0148sk\u00fdmi za\u0159\u00edzen\u00edmi. Bad D\u00fcrkheim se nach\u00e1z\u00ed na okraji Falck\u00e9ho lesa pod\u00e9l N\u011bmeck\u00e9 vinn\u00e9 stezky, asi 30 kilometr\u016f v\u00fdchodn\u011b od Kaiserslauternu a t\u00e9m\u011b\u0159 20 kilometr\u016f z\u00e1padn\u011b od Ludwigshafenu a Mannheimu.<\/p>","protected":false},"author":1,"featured_media":17562,"parent":13736,"menu_order":0,"comment_status":"closed","ping_status":"closed","template":"elementor_theme","meta":{"_eb_attr":"","footnotes":""},"class_list":["post-16587","page","type-page","status-publish","has-post-thumbnail"],"_links":{"self":[{"href":"https:\/\/travelshelper.com\/cs\/wp-json\/wp\/v2\/pages\/16587","targetHints":{"allow":["GET"]}}],"collection":[{"href":"https:\/\/travelshelper.com\/cs\/wp-json\/wp\/v2\/pages"}],"about":[{"href":"https:\/\/travelshelper.com\/cs\/wp-json\/wp\/v2\/types\/page"}],"author":[{"embeddable":true,"href":"https:\/\/travelshelper.com\/cs\/wp-json\/wp\/v2\/users\/1"}],"replies":[{"embeddable":true,"href":"https:\/\/travelshelper.com\/cs\/wp-json\/wp\/v2\/comments?post=16587"}],"version-history":[{"count":0,"href":"https:\/\/travelshelper.com\/cs\/wp-json\/wp\/v2\/pages\/16587\/revisions"}],"up":[{"embeddable":true,"href":"https:\/\/travelshelper.com\/cs\/wp-json\/wp\/v2\/pages\/13736"}],"wp:featuredmedia":[{"embeddable":true,"href":"https:\/\/travelshelper.com\/cs\/wp-json\/wp\/v2\/media\/17562"}],"wp:attachment":[{"href":"https:\/\/travelshelper.com\/cs\/wp-json\/wp\/v2\/media?parent=16587"}],"curies":[{"name":"wp","href":"https:\/\/api.w.org\/{rel}","templated":true}]}}