{"id":16575,"date":"2024-09-23T13:16:16","date_gmt":"2024-09-23T13:16:16","guid":{"rendered":"https:\/\/travelshelper.com\/staging\/?page_id=16575"},"modified":"2026-03-12T00:19:21","modified_gmt":"2026-03-12T00:19:21","slug":"bad-bramstedt","status":"publish","type":"page","link":"https:\/\/travelshelper.com\/cs\/destinations\/europe\/germany\/bad-bramstedt\/","title":{"rendered":"Bad Bramstedt"},"content":{"rendered":"<p>Bad Bramstedt se prezentuje jako m\u011bsto kompaktn\u00edch rozm\u011br\u016f, ale s mnohovrstevnat\u00fdm v\u00fdznamem, kter\u00e9 nab\u00edz\u00ed jak p\u0159esn\u00fd demografick\u00fd profil, tak i hmatateln\u00fd historick\u00fd v\u00fdznam. K 31. prosinci 2023 ob\u00fdvalo jeho 15 451 obyvatel plochu 24,14 kilometr\u016f \u010dtvere\u010dn\u00edch v okrese Segeberg ve \u0160lesvicku-Hol\u0161t\u00fdnsku v N\u011bmecku, p\u0159ibli\u017en\u011b 40 kilometr\u016f severn\u011b od Hamburku a ve stejn\u00e9 vzd\u00e1lenosti jihoz\u00e1padn\u011b od Kielu a z\u00e1padn\u011b od L\u00fcbecku pod\u00e9l starobyl\u00e9 Volsk\u00e9 cesty. Tato poloha na setk\u00e1v\u00e1n\u00ed \u0159ek a historick\u00fdch tepen formovala jeho identitu v pr\u016fb\u011bhu stalet\u00ed, od skromn\u00e9 \u200b\u200bosady v ter\u00e9nu porostl\u00e9m ko\u0161\u0165aty a\u017e po modern\u00ed klimatick\u00e9 l\u00e1zn\u011b proslul\u00e9 sv\u00fdmi l\u00e9\u010debn\u00fdmi za\u0159\u00edzen\u00edmi a kulturn\u00edmi pam\u00e1tkami.<\/p>\n<p>\u017divot Bad Bramstedtu se odehr\u00e1v\u00e1 pod\u00e9l vodn\u00edch tok\u016f, jejich\u017e n\u00e1zvy p\u0159ipom\u00ednaj\u00ed jak kontinuitu, tak soutok. \u0158eky Osterau a Hudau se v m\u011bstsk\u00fdch hranic\u00edch sb\u00edhaj\u00ed a vytv\u00e1\u0159ej\u00ed Bramau, skromn\u00fd, ale symbolicky nabit\u00fd vodn\u00ed tok, kter\u00fd byl sv\u011bdkem os\u00eddlen\u00ed od pozdn\u00ed \u0159\u00edmsk\u00e9 \u00e9ry a\u017e po ran\u00e9 obdob\u00ed st\u011bhov\u00e1n\u00ed n\u00e1rod\u016f, zhruba mezi t\u0159et\u00edm a \u0161est\u00fdm stolet\u00edm. Tento p\u016fvod nazna\u010duje n\u00e1zev m\u011bsta \u2013 interpretovan\u00fd jako ozna\u010den\u00ed m\u00edsta, kde se mno\u017e\u00ed ko\u0161\u0165ata \u2013 p\u0159esto se v dochovan\u00fdch z\u00e1znamech poprv\u00e9 objevuje a\u017e v roce 1274, kdy se mal\u00e9 zem\u011bd\u011blsk\u00e9 usedlosti slou\u010dily do zdokumentovan\u00e9ho m\u00edsta. B\u011bhem n\u00e1sleduj\u00edc\u00edch \u010dty\u0159 stolet\u00ed z\u016fstal Bad Bramstedt skromnou vesnic\u00ed, jej\u00ed osud se zm\u011bnil a\u017e se strategick\u00fdm rozvojem infrastruktury v devaten\u00e1ct\u00e9m stolet\u00ed.<\/p>\n<p>Mezi lety 1830 a 1832 byla vybudov\u00e1na silnice Altona-Kieler Chaussee (dne\u0161n\u00ed L318 a L319), kter\u00e1 spojovala tuto kdysi okrajovou osadu s v\u00fdznamn\u00fdmi severon\u011bmeck\u00fdmi m\u011bsty. Tato st\u00e1tn\u00ed silnice dlouh\u00e1 p\u0159ibli\u017en\u011b 94 kilometr\u016f vytvo\u0159ila p\u0159\u00edm\u00e9 spojen\u00ed, kter\u00e9 usnad\u0148ovalo obchod a z\u00e1rove\u0148 p\u0159edznamen\u00e1valo roli Bad Bramstedtu jako\u017eto mezistanice pro cestovatele a obchod. Z\u00e1rove\u0148 m\u011bsto le\u017eelo severn\u011b od \u00faseku silnice Bundesstra\u00dfe 4 \u2013 d\u0159\u00edve Reichsstra\u00dfe 4 \u2013 co\u017e zd\u016fraz\u0148ovalo jeho strategickou polohu v region\u00e1ln\u00edch i n\u00e1rodn\u00edch dopravn\u00edch s\u00edt\u00edch, co\u017e byl faktor, kter\u00fd dramaticky rezonoval v z\u00e1v\u011bre\u010dn\u00fdch kapitol\u00e1ch druh\u00e9 sv\u011btov\u00e9 v\u00e1lky.<\/p>\n<p>Na po\u010d\u00e1tku \u0161estn\u00e1ct\u00e9ho stolet\u00ed se d\u0159ev\u011bn\u00e1 socha Rolanda \u2013 st\u0159edov\u011bk\u00fd symbol m\u011bstsk\u00fdch pr\u00e1v \u2013 stala dominantou Bramstedtu, poprv\u00e9 zm\u00edn\u011bn\u00e1 v roce 1533. Jej\u00ed kamenn\u00e1 n\u00e1hrada prob\u011bhla v roce 1693, co\u017e signalizovalo ob\u010danskou hrdost a ur\u010ditou m\u00edru autonomie pod hol\u0161t\u00fdnskou dynasti\u00ed hrabat. Zni\u010den\u00ed sochy b\u011bhem napoleonsk\u00fdch a osvobozeneck\u00fdch v\u00e1lek v letech 1813\/14 a jej\u00ed obnova v roce 1827 podtrhuj\u00ed odolnost m\u011bsta a jeho z\u00e1vazek k kulturn\u00edmu d\u011bdictv\u00ed. Srovnateln\u00e1 oddanost p\u0159\u00edrodn\u00edm zdroj\u016fm m\u011bsta se objevila v roce 1681 s objevem l\u00e9\u010div\u00e9 font\u00e1ny a pozd\u011bji i soln\u00fdch pramen\u016f. Uveden\u00ed t\u011bchto pramen\u016f na trh l\u00e1ze\u0148skou spole\u010dnost\u00ed Heesch od roku 1879 znamenalo zrod trval\u00e9 pov\u011bsti Bad Bramstedtu jako klimatick\u00e9ho l\u00e1ze\u0148sk\u00e9ho m\u011bsta.<\/p>\n<p>P\u0159echod na ofici\u00e1ln\u00ed status l\u00e1ze\u0148sk\u00e9ho m\u011bsta nastal v roce 1910, kdy byl Bramstedt p\u0159ejmenov\u00e1n na \u201eBad Bramstedt\u201c, aby se odli\u0161il od nedalek\u00e9ho Barmstedtu a zd\u016fraznil se jeho l\u00e9\u010debn\u00fd potenci\u00e1l. V n\u00e1sleduj\u00edc\u00edm desetilet\u00ed roz\u0161\u00ed\u0159ily fyzick\u00e9 i socioekonomick\u00e9 z\u00e1zem\u00ed m\u011bsta druh\u00e9 slanovodn\u00ed l\u00e1zn\u011b a v letech 1929\/30 i nov\u00e9 l\u00e1ze\u0148sk\u00e9 centrum pod veden\u00edm Oskara Alexandera. Alexandr\u016fv vlastn\u00ed p\u0159\u00edb\u011bh se v\u0161ak tragicky obr\u00e1til, kdy\u017e byl v roce 1942 deportov\u00e1n a zahynul v koncentra\u010dn\u00edm t\u00e1bo\u0159e Sachsenhausen, co\u017e byla smutn\u00e1 p\u0159ipom\u00ednka zapleten\u00ed m\u011bsta do \u0161ir\u0161\u00edch proud\u016f evropsk\u00fdch d\u011bjin.<\/p>\n<p>Posledn\u00ed m\u011bs\u00edce druh\u00e9 sv\u011btov\u00e9 v\u00e1lky vrhly na Bad Bramstedt pochmurn\u00fd st\u00edn. V dubnu 1945 byli v\u011bzni z koncentra\u010dn\u00edho t\u00e1bora Fuhlsb\u00fcttel nuceni na pochod smrti po Reichsstra\u00dfe 4 sm\u011brem k pracovn\u00edmu t\u00e1bo\u0159e Nordmark pobl\u00ed\u017e Kielu. Jeden z takov\u00fdch v\u011bz\u0148\u016f, Hamid Chamido ze Sov\u011btsk\u00e9ho svazu, byl 13. dubna 1945 smrteln\u011b zast\u0159elen pobl\u00ed\u017e slunov\u00fdch dol\u016f v Bissenmooru a t\u00e9ho\u017e dne poh\u0159ben na h\u0159bitov\u011b v Bad Bramstedtu pod z\u00e1minkou \u201ezast\u0159elen p\u0159i \u00fat\u011bku\u201c. O sedmdes\u00e1t dva let pozd\u011bji, v roce 2017, byla na b\u00fdval\u00fdch slunov\u00fdch dolech \u2013 nyn\u00ed klidn\u00fdch rybn\u00edc\u00edch \u2013 odhalena pam\u011btn\u00ed deska na po\u010dest t\u011bch, kte\u0159\u00ed trp\u011bli v t\u011bchto posledn\u00edch, zoufal\u00fdch dnech pro T\u0159et\u00ed \u0159\u00ed\u0161i.<\/p>\n<p>Uprost\u0159ed t\u011bchto ponur\u00fdch vzpom\u00ednek stoj\u00ed d\u016fkazy o obnov\u011b m\u011bsta a ob\u010dansk\u00e9 spr\u00e1v\u011b. V letech 1964 a\u017e 1969 m\u011bsto p\u0159evzalo vlastnictv\u00ed hradu Bramstedt \u2013 d\u0159\u00edve s\u00eddla m\u00edstn\u00ed \u0161lechty \u2013 a v roce 1998 zalo\u017eilo spole\u010dnost ve\u0159ejn\u00fdch slu\u017eeb s c\u00edlem modernizovat vodovodn\u00ed, energetick\u00e9 a kanaliza\u010dn\u00ed slu\u017eby. Zastav\u011bn\u00e9 prost\u0159ed\u00ed m\u011bsta si zachov\u00e1v\u00e1 \u0159adu kulturn\u00edch pam\u00e1tek: kostel sv. M\u00e1\u0159\u00ed Magdal\u00e9ny, halov\u00fd kostel z \u010derven\u00fdch cihel, jeho\u017e k\u0159\u00ed\u017eov\u00fd p\u016fdorys poch\u00e1z\u00ed z po\u010d\u00e1tku 14. stolet\u00ed a nese po sob\u011b jdouc\u00ed vrstvy novogotick\u00fdch oken a port\u00e1l\u016f; br\u00e1nu ze 17. stolet\u00ed na n\u00e1m\u011bst\u00ed s barokn\u00edm schodi\u0161t\u011bm a \u0161tukov\u00fdm interi\u00e9rem; honosnou radnici; a b\u00fdval\u00fd n\u00e1dra\u017en\u00ed hotel a kino, poz\u016fstatky ob\u010dansk\u00e9ho \u017eivota z po\u010d\u00e1tku 20. stolet\u00ed.<\/p>\n<p>P\u0159\u00edrodn\u00ed a rekrea\u010dn\u00ed rozm\u011bry Bad Bramstedtu jsou ned\u00edlnou sou\u010d\u00e1st\u00ed jeho charakteru. Rozs\u00e1hl\u00e9 z\u00e1plavov\u00e9 oblasti kolem \u0159eky Bramau a jej\u00edch p\u0159\u00edtok\u016f nab\u00edzej\u00ed kanoist\u016fm rozmanit\u00e9 prost\u0159ed\u00ed pro p\u00e1dlov\u00e1n\u00ed, kter\u00e9 podporuje n\u011bkolik p\u016fj\u010doven lod\u00ed. Dv\u011b golfov\u00e1 h\u0159i\u0161t\u011b poskytuj\u00ed fairwaye na m\u00edrn\u011b zvln\u011bn\u00e9m ter\u00e9nu, zat\u00edmco venkovn\u00ed baz\u00e9n, tenisov\u00fd kurt a z\u00e1zem\u00ed sportovn\u00edho klubu Bramstedter Turnerschaft uspokoj\u00ed rozmanit\u00e9 sportovn\u00ed aktivity. Pro ty, kte\u0159\u00ed d\u00e1vaj\u00ed p\u0159ednost objevov\u00e1n\u00ed pevniny, je k dispozici v\u00edce ne\u017e 69 kilometr\u016f vyhrazen\u00fdch cyklostezek, kter\u00e9 se vine zem\u011bd\u011blskou p\u016fdou a lesem a prol\u00ednaj\u00ed obytn\u00e9 \u010dtvrti, obchodn\u00ed z\u00f3ny a zelen\u00e9 otev\u0159en\u00e9 prostranstv\u00ed.<\/p>\n<p>Infrastrukturn\u00ed spojen\u00ed z\u016fst\u00e1v\u00e1 robustn\u00ed. M\u011bsto p\u0159\u00edmo obsluhuje feder\u00e1ln\u00ed d\u00e1lnice B4, zat\u00edmco ned\u00e1vn\u00e9 projekty obchvatu a opat\u0159en\u00ed ke zklidn\u011bn\u00ed dopravy na silnici B206 vr\u00e1tily centr\u00e1ln\u00edmu tr\u017en\u00edmu n\u00e1m\u011bst\u00ed \u2013 m\u00edstn\u011b zn\u00e1m\u00e9mu jako \u201eBleeck\u201c \u2013 status vhodn\u00fd pro p\u011b\u0161\u00ed. \u017delezni\u010dn\u00ed spojen\u00ed zahrnuje jak stanici Bad Bramstedt, tak zast\u00e1vku Kurhaus, ob\u011b na lince AKN A2 spojuj\u00edc\u00ed Hamburk-Altona s Neum\u00fcnsterem v hodinov\u00e9m j\u00edzdn\u00edm \u0159\u00e1du. Budouc\u00ed pl\u00e1ny v r\u00e1mci metropolitn\u00ed oblasti Hamburk po\u010d\u00edtaj\u00ed s vyhrazenou cyklistickou superd\u00e1lnic\u00ed, kter\u00e1 by Bad Bramstedt d\u00e1le integrovala do \u0161ir\u0161\u00ed m\u011bstsk\u00e9 s\u00edt\u011b severn\u00edho N\u011bmecka.<\/p>\n<p>Ekonomick\u00fd \u017eivot v Bad Bramstedtu vyva\u017euje zdravotn\u00ed turistiku, m\u00edstn\u00ed podnik\u00e1n\u00ed a reziden\u010dn\u00ed slu\u017eby. Klinika Bad Bramstedt nab\u00edz\u00ed revmatologickou l\u00e9\u010dbu, zat\u00edmco Sch\u00f6n Klinik se specializuje na psychosomatickou medic\u00ednu, ob\u011b se nach\u00e1zej\u00ed v parku, kter\u00fd odr\u00e1\u017e\u00ed klimatick\u00fd status m\u011bsta jako l\u00e1ze\u0148sk\u00e9ho st\u0159ediska. V severn\u00ed obchodn\u00ed \u010dtvrti p\u016fsob\u00ed sm\u011bs v\u00fdrobn\u00edch a servisn\u00edch firem spolu s poskytovateli finan\u010dn\u00edch slu\u017eeb a maloobchodn\u00edky; expanze na jih byla napl\u00e1nov\u00e1na na rok 2018. Bauxpert, v\u00fdrobce vysoce v\u00fdkonn\u00fdch s\u00e1drokartonov\u00fdch desek, zde udr\u017euje sv\u00e9 s\u00eddlo, \u010d\u00edm\u017e d\u00e1le diverzifikuje ekonomickou z\u00e1kladnu m\u011bsta. Uprost\u0159ed t\u011bchto aktivit hotely a restaurace podtrhuj\u00ed trval\u00fd v\u00fdznam slu\u017eeb pro n\u00e1v\u0161t\u011bvn\u00edky pro m\u00edstn\u00ed ekonomiku.<\/p>\n<p>Vzd\u011bl\u00e1v\u00e1n\u00ed a celo\u017eivotn\u00ed u\u010den\u00ed tvo\u0159\u00ed posledn\u00ed pil\u00ed\u0159 komunitn\u00edho \u017eivota. T\u0159i z\u00e1kladn\u00ed \u0161koly a st\u0159edn\u00ed \u0161kola J\u00fcrgen-Fuhlendorf-Schule spolu s komunitn\u00ed \u0161kolou Auenlandschule slou\u017e\u00ed m\u011bstsk\u00e9 ml\u00e1de\u017ei. Specializovan\u00e9 za\u0159\u00edzen\u00ed zahrnuje Bramauschule a s n\u00ed spojen\u00e9 ubytovac\u00ed za\u0159\u00edzen\u00ed pro d\u011bti se speci\u00e1ln\u00edmi pot\u0159ebami. Pro dosp\u011bl\u00e9 nab\u00edz\u00ed m\u011bstsk\u00e1 knihovna a centrum pro vzd\u011bl\u00e1v\u00e1n\u00ed dosp\u011bl\u00fdch zdroje pro dal\u0161\u00ed studium a kulturn\u00ed zapojen\u00ed, \u010d\u00edm\u017e zaji\u0161\u0165uje, \u017ee Bad Bramstedt z\u016fst\u00e1v\u00e1 nejen m\u00edstem historick\u00e9 rezonance a terapeutick\u00e9ho \u00fato\u010di\u0161t\u011b, ale tak\u00e9 \u017eiv\u00fdm prost\u0159ed\u00edm pro osobn\u00ed a komunitn\u00ed rozvoj.<\/p>\n<p>Sledov\u00e1n\u00edm nit\u00ed vodn\u00edch tok\u016f, silnic, instituc\u00ed a kolektivn\u00ed pam\u011bti se p\u0159\u00edb\u011bh Bad Bramstedtu jev\u00ed jako p\u0159\u00edb\u011bh adaptace a vytrvalosti. Jeho skromn\u00e1 velikost zakr\u00fdv\u00e1 slo\u017eitost utv\u00e1\u0159enou stalet\u00edmi os\u00eddlen\u00ed, obchodu, l\u00e9ka\u0159sk\u00fdch inovac\u00ed, v\u00e1le\u010dn\u00fdch trag\u00e9di\u00ed a ob\u010dansk\u00e9 obnovy. Od font\u00e1ny objeven\u00e9 na konci sedmn\u00e1ct\u00e9ho stolet\u00ed a\u017e po dne\u0161n\u00ed klinick\u00e9 parky, od tich\u00e9 bd\u011blosti sochy Rolanda na n\u00e1m\u011bst\u00ed a\u017e po cyklistickou superd\u00e1lnici, kter\u00e1 teprve vznikne, Bad Bramstedt sv\u011bd\u010d\u00ed o jemn\u00e9 souh\u0159e m\u00edsta, historie a lidsk\u00e9ho \u00fasil\u00ed \u2013 m\u011bsta, kter\u00e9 se neust\u00e1le vyv\u00edj\u00ed, je si v\u011bdomo sv\u00e9 minulosti a z\u00e1rove\u0148 pozorn\u00e9 k budoucnosti.<\/p>","protected":false},"excerpt":{"rendered":"<p>Bad Bramstedt, obec nach\u00e1zej\u00edc\u00ed se v oblasti Segeberg ve \u0160lesvicku-Hol\u0161t\u00fdnsku, N\u011bmecko, s populac\u00ed, kter\u00e1 vzkv\u00e9t\u00e1 ve sv\u00e9m historick\u00e9m a kulturn\u00edm kontextu. Toto mal\u00e9 m\u011bste\u010dko, kter\u00e9 se nach\u00e1z\u00ed asi 40 kilometr\u016f severn\u011b od Hamburku, si vytvo\u0159ilo osobit\u00fd charakter a spojilo sv\u00e9 historick\u00e9 d\u011bdictv\u00ed se sou\u010dasn\u00fdmi vymo\u017eenostmi a zdravotnick\u00fdmi slu\u017ebami.<\/p>","protected":false},"author":1,"featured_media":17471,"parent":13736,"menu_order":0,"comment_status":"closed","ping_status":"closed","template":"elementor_theme","meta":{"_eb_attr":"","footnotes":""},"class_list":["post-16575","page","type-page","status-publish","has-post-thumbnail"],"_links":{"self":[{"href":"https:\/\/travelshelper.com\/cs\/wp-json\/wp\/v2\/pages\/16575","targetHints":{"allow":["GET"]}}],"collection":[{"href":"https:\/\/travelshelper.com\/cs\/wp-json\/wp\/v2\/pages"}],"about":[{"href":"https:\/\/travelshelper.com\/cs\/wp-json\/wp\/v2\/types\/page"}],"author":[{"embeddable":true,"href":"https:\/\/travelshelper.com\/cs\/wp-json\/wp\/v2\/users\/1"}],"replies":[{"embeddable":true,"href":"https:\/\/travelshelper.com\/cs\/wp-json\/wp\/v2\/comments?post=16575"}],"version-history":[{"count":0,"href":"https:\/\/travelshelper.com\/cs\/wp-json\/wp\/v2\/pages\/16575\/revisions"}],"up":[{"embeddable":true,"href":"https:\/\/travelshelper.com\/cs\/wp-json\/wp\/v2\/pages\/13736"}],"wp:featuredmedia":[{"embeddable":true,"href":"https:\/\/travelshelper.com\/cs\/wp-json\/wp\/v2\/media\/17471"}],"wp:attachment":[{"href":"https:\/\/travelshelper.com\/cs\/wp-json\/wp\/v2\/media?parent=16575"}],"curies":[{"name":"wp","href":"https:\/\/api.w.org\/{rel}","templated":true}]}}