{"id":16569,"date":"2024-09-23T13:02:14","date_gmt":"2024-09-23T13:02:14","guid":{"rendered":"https:\/\/travelshelper.com\/staging\/?page_id=16569"},"modified":"2026-03-12T00:19:44","modified_gmt":"2026-03-12T00:19:44","slug":"bad-brambach","status":"publish","type":"page","link":"https:\/\/travelshelper.com\/cs\/destinations\/europe\/germany\/bad-brambach\/","title":{"rendered":"Bad Brambach"},"content":{"rendered":"<p>Bad Brambach, le\u017e\u00edc\u00ed v ji\u017en\u00ed \u010d\u00e1sti Saska, p\u0159itahuje pozornost sv\u00fdm bohat\u00fdm d\u011bdictv\u00edm a trvalou rol\u00ed l\u00e1ze\u0148sk\u00e9ho m\u011bsta. Toto l\u00e1ze\u0148sk\u00e9 m\u011bsto, uzn\u00e1van\u00e9 st\u00e1tem, s populac\u00ed n\u011bco m\u00e1lo p\u0159es 2 000 obyvatel, rozprost\u0159en\u00fdch na plo\u0161e p\u0159ibli\u017en\u011b 32 kilometr\u016f \u010dtvere\u010dn\u00edch, le\u017e\u00ed na hranici n\u011bmecko-\u010desk\u00e9 republiky. V \u00fadol\u00ed vyhlouben\u00e9m potokem R\u00f6thenbach, pozd\u011bji zn\u00e1m\u00fdm jako Flei\u00dfenbach, se Bad Brambach rozkl\u00e1d\u00e1 v p\u00e1su os\u00eddlen\u00ed, kter\u00fd se t\u00e1hne od z\u00e1padu na v\u00fdchod, a nab\u00edz\u00ed v\u00fdhledy na zalesn\u011bn\u00e9 svahy a m\u00edrn\u00fd potok, kter\u00fd utv\u00e1\u0159el jeho osud. Zde, v nadmo\u0159sk\u00e9 v\u00fd\u0161ce asi 600 metr\u016f, vyv\u011br\u00e1 Wettinsk\u00fd pramen vody bohat\u00e9 na radon, kter\u00e9 definuj\u00ed charakter m\u011bsta od jeho objeven\u00ed v roce 1911. Vynesly si pov\u011bst nejsiln\u011bj\u0161\u00edho radonov\u00e9ho pramene na sv\u011bt\u011b a upevnily m\u00edsto Bad Brambachu po boku sousedn\u00edho Bad Elsteru v presti\u017en\u00edch sask\u00fdch st\u00e1tn\u00edch l\u00e1zn\u00edch.<\/p>\n<p>Mozaika osad v obci \u2013 mezi nimi\u017e jsou R\u00f6thenbach, B\u00e4rendorf, G\u00fcrth, Hohendorf, Oberbrambach s jeho satelity Frauengr\u00fcn a Kleedorf, Raun a \u00fazk\u00e1 sout\u011bska Raunergrund, Rohrbach s Hennebachem a Sch\u00f6nberg \u2013 sv\u011bd\u010d\u00ed o stalet\u00edch os\u00eddlen\u00ed a vyv\u00edjej\u00edc\u00edm se \u00fa\u010delu. Od prvn\u00ed zm\u00ednky o ryt\u00ed\u0159sk\u00e9m rodu Brantbuch\u016f v roce 1154 a\u017e po ozna\u010den\u00ed Brambuchu za m\u011bsto v roce 1307 pro\u0161la oblast rukama \u0161lechtick\u00fdch rod\u016f, jako byli Zedtwitz a Schirnding. M\u00edstn\u00ed pevnost, dolo\u017een\u00e1 v roce 1372, slou\u017eila jako opevn\u011bn\u00ed a spr\u00e1vn\u00ed s\u00eddlo, zat\u00edmco m\u00edstn\u00ed farnost, spojen\u00e1 s d\u011bkan\u00e1tem \u0159ezensk\u00e9 diec\u00e9ze, slou\u017eila duchovn\u00edm pot\u0159eb\u00e1m okoln\u00ed zem\u011bd\u011blsk\u00e9 p\u016fdy. Postupem \u010dasu se rozpt\u00fdlen\u00e9 usedlosti a d\u00edlensk\u00e9 shluky, kter\u00e9 tvo\u0159ily Brambach, shlukovaly kolem pramen\u016f v \u00fadol\u00ed a propojovaly c\u00edrkevn\u00ed vliv s rytmy venkovsk\u00e9ho \u017eivota.<\/p>\n<p>Po\u017e\u00e1r 11. z\u00e1\u0159\u00ed 1842 zm\u011bnil sm\u011br rozvoje m\u011bsta, kdy\u017e po\u017e\u00e1r zni\u010dil kostel a dvacet osm statk\u016f s hospod\u00e1\u0159sk\u00fdmi budovami. S zah\u00e1jen\u00edm rekonstrukce vznikla nov\u00e1 architektonick\u00e1 forma kalibrovan\u00e1 pro \u0159emesla a manufakturu. P\u0159\u00edchod v\u00fdroby hudebn\u00edch n\u00e1stroj\u016f v polovin\u011b 19. stolet\u00ed vedl k v\u00fdstavb\u011b prot\u00e1hl\u00fdch d\u00edlensk\u00fdch budov, kter\u00e9 nahradily hr\u00e1zd\u011bn\u00e9 domy stavbami vhodn\u00fdmi pro zvukovou p\u0159esnost housla\u0159\u016f a \u0159emesln\u00edk\u016f s d\u0159ev\u011bn\u00fdmi dechov\u00fdmi n\u00e1stroji. Prostorov\u00e1 reorganizace, kter\u00e1 tyto d\u00edlny doprov\u00e1zela, p\u0159etrvala a vnesla do jinak venkovsk\u00e9ho vzhledu Brambachu jemn\u00fd industri\u00e1ln\u00ed charakter.<\/p>\n<p>Dlouho p\u0159ed l\u00e1ze\u0148sk\u00fdm parkem a l\u00e1ze\u0148sk\u00fdmi pavilony se v t\u00e9to oblasti vyskytovaly prameny, jejich\u017e perlen\u00ed p\u0159itahovalo pozornost m\u00edstn\u00edch obyvatel. V roce 1812 Wilhelm August Lampadius, d\u016fln\u00ed expert z Freibergu, zkoumal \u201eSauerbrunnen von Unterbrambach\u201c, kysel\u00fd pramen, kter\u00fd si obl\u00edbili obyvatel\u00e9. O n\u011bkolik desetilet\u00ed pozd\u011bji, kolem roku 1890, zah\u00e1jil Christian Sch\u00fcller komer\u010dn\u00ed dod\u00e1vky pod n\u00e1zvem Sch\u00fcllerquelle z podzemn\u00edho zdroje v \u00fadol\u00ed R\u00f6thenbach \u2013 zdroje, kter\u00fd jeho otec p\u016fvodn\u011b prozkoumal v roce 1860, ne\u017e jej opustil. Sou\u010dasn\u011b jeden z m\u011bstsk\u00fdch n\u00e1jemc\u016f prod\u00e1val sousedn\u00ed pramen jako Schillerquelle, co\u017e ilustrovalo ranou konkurenci v oblasti miner\u00e1ln\u00edch vod. Do roku 1912 produkce p\u0159ekro\u010dila dva miliony lahv\u00ed perliv\u00e9 vody ro\u010dn\u011b a podnik Brambacher Sprudel se stal p\u0159edn\u00edm dodavatelem v Horn\u00edm Vogtlandu, jeho\u017e perlen\u00ed ve sklen\u011bn\u00fdch lahv\u00edch se dod\u00e1valo daleko za hranice \u00fadol\u00ed.<\/p>\n<p>Zlomov\u00fd okam\u017eik nastal v roce 1911, kdy byl objeven pramen, kter\u00fd se pozd\u011bji stal zn\u00e1m\u00fdm jako Wettinsk\u00fd pramen. Tento pramen, zat\u00ed\u017een\u00fd radonem, byl prohl\u00e1\u0161en za \u201eradiov\u00fd miner\u00e1ln\u00ed pramen\u201c, \u00fadajn\u011b bezkonkuren\u010dn\u00ed svou silou v celosv\u011btov\u00e9m m\u011b\u0159\u00edtku. O rok pozd\u011bji otev\u0159el l\u00e1ze\u0148sk\u00fd park sv\u00e9 br\u00e1ny n\u00e1v\u0161t\u011bvn\u00edk\u016fm, kte\u0159\u00ed hledali radioaktivn\u00ed miner\u00e1ln\u00ed koupele \u2013 tehdy naz\u00fdvan\u00e9 radioaktivn\u00ed miner\u00e1ln\u00ed koupele \u2013 a v prosinci 1914 Kr\u00e1lovsk\u00e9 sask\u00e9 ministerstvo vnitra ofici\u00e1ln\u011b prohl\u00e1silo Wettinsk\u00fd pramen za l\u00e9\u010div\u00fd zdroj. Transformace obce se projevila zm\u011bnou jej\u00edho n\u00e1zvu na Bad Brambach v roce 1922 \u2013 p\u0159edpona ozna\u010duj\u00edc\u00ed jej\u00ed status l\u00e1ze\u0148sk\u00e9ho m\u011bsta \u2013 a v letech 1933 a\u017e 1963 byla kr\u00e1tce p\u0159ejmenov\u00e1na na Radiumbad Brambach. V n\u00e1sleduj\u00edc\u00edch desetilet\u00edch byly postaveny vily, l\u00e9\u010debn\u00e9 pavilony a promen\u00e1dy, kter\u00e9 dnes definuj\u00ed l\u00e1ze\u0148sk\u00e9 zahrady.<\/p>\n<p>Po druh\u00e9 sv\u011btov\u00e9 v\u00e1lce byl Bad Brambach p\u0159em\u011bn\u011bn na sanatorium pro sov\u011btskou arm\u00e1du a jeho za\u0159\u00edzen\u00ed byla vy\u010dlen\u011bna pro slu\u017eby rekonvalescen\u010dn\u00edm voj\u00e1k\u016fm. Do roku 1949 byli znovu p\u0159ijati pacienti soci\u00e1ln\u00edho poji\u0161t\u011bn\u00ed a v roce 1957 N\u011bmeck\u00e1 demokratick\u00e1 republika provedla komplexn\u00ed modernizaci l\u00e1ze\u0148sk\u00e9ho komplexu. V nov\u011b vysazen\u00fdch h\u00e1j\u00edch se da\u0159ilo borovic\u00edm a buk\u016fm \u2013 v roce 1961 zako\u0159enilo \u010dty\u0159icet tis\u00edc stromk\u016f \u2013 a obnovily se tak lesy, kter\u00e9 kdysi r\u00e1movaly prameny. Pod spr\u00e1vou NDR se l\u00e1ze\u0148sk\u00fd are\u00e1l stal modelem st\u00e1tem podporovan\u00e9 zdravotn\u00ed turistiky a zdrojem m\u00edstn\u00edch pracovn\u00edch m\u00edst, zat\u00edmco p\u0159ilehl\u00fd miner\u00e1ln\u00ed pramen Brambacher Sprudel si udr\u017eel sv\u00e9 m\u00edsto pil\u00ed\u0159e m\u011bstsk\u00e9 ekonomiky.<\/p>\n<p>Politick\u00e1 transformace v letech 1989\u20131990 ohla\u0161ovala novou \u00e9ru revitalizace obce. Do Bad Brambachu proudily soukrom\u00e9 i ve\u0159ejn\u00e9 investice a spole\u010dnost S\u00e4chsische Staatsb\u00e4der GmbH st\u00e1la v \u010dele projekt\u016f na omlazen\u00ed l\u00e1ze\u0148sk\u00fdch zahrad a za\u0159\u00edzen\u00ed. Koupelnov\u00fd a saunov\u00fd komplex AQUADON p\u0159edstavil modern\u00ed wellness vybaven\u00ed, jeho\u017e baz\u00e9ny se sklen\u011bnou st\u0159echou byly zasazeny do upraven\u00fdch teras. Historick\u00e1 festivalov\u00e1 hala pro\u0161la pe\u010dlivou rekonstrukc\u00ed a jej\u00ed auditorium op\u011bt hostilo koncerty a komunitn\u00ed setk\u00e1n\u00ed. Centr\u00e1ln\u00ed budova pramen\u016f, symbolick\u00e1 pro l\u00e1ze\u0148skou architekturu po\u010d\u00e1tku 20. stolet\u00ed, pro\u0161la struktur\u00e1ln\u00ed a estetickou renovac\u00ed. L\u00e9ka\u0159sk\u00e9 slu\u017eby se rozvinuly se vznikem kliniky Ebel, zat\u00edmco b\u00fdval\u00fd l\u00e1ze\u0148sk\u00fd d\u016fm RDB \u2013 v dob\u00e1ch NDR zn\u00e1m\u00fd jako Julius-Fu\u010d\u00edk-Haus \u2013 byl p\u0159em\u011bn\u011bn na rezidenci pro seniory. K tomuto rozvoji se p\u0159idal roztrou\u0161en\u00fd po\u010det penzion\u016f a hostinc\u016f, kter\u00e9 m\u011bly uspokojit rostouc\u00ed po\u010det zdravotn\u00edch n\u00e1v\u0161t\u011bvn\u00edk\u016f.<\/p>\n<p>Sou\u010dasn\u011b byla produkce miner\u00e1ln\u00ed vody nejen zachov\u00e1na, ale tak\u00e9 roz\u0161\u00ed\u0159ena zalo\u017een\u00edm spole\u010dnosti Bad Brambacher Mineralquellen GmbH &amp; Co. Betriebs KG. Jako jeden z nejv\u011bt\u0161\u00edch zam\u011bstnavatel\u016f ve m\u011bst\u011b spole\u010dnost udr\u017eovala m\u00edstn\u00ed \u017eivobyt\u00ed a prost\u0159ednictv\u00edm sponzorstv\u00ed a zapojen\u00ed komunity podporovala s\u00ed\u0165 ob\u010dansk\u00fdch klub\u016f \u2013 od dobrovoln\u00fdch hasi\u010d\u016f a\u017e po hudebn\u00ed sdru\u017een\u00ed. Takov\u00e1 integrace pr\u016fmyslu a ob\u010dansk\u00e9ho \u017eivota z\u016fst\u00e1v\u00e1 charakteristick\u00fdm znakem soci\u00e1ln\u00ed struktury Bad Brambachu.<\/p>\n<p>M\u011bsto nab\u00edz\u00ed \u0161est r\u016fzn\u00fdch pramen\u016f pro koupele a pitnou k\u00faru, z nich\u017e ka\u017ed\u00fd m\u00e1 sv\u00e9 vlastn\u00ed miner\u00e1ln\u00ed slo\u017een\u00ed. Pod z\u00e1\u0161titou spole\u010dnosti Dr. Ebel Fachkliniken GmbH, kter\u00e1 v roce 1991 koupila kliniku Bad Brambach, se rehabilita\u010dn\u00ed programy zam\u011b\u0159ily na revmatologii, ortopedii a kardiologii. Nov\u00fd pavilon kliniky, dokon\u010den\u00fd v roce 1994, poskytuje modern\u00ed l\u016f\u017ekov\u00e9 ubytov\u00e1n\u00ed, fyzioterapeutick\u00e1 odd\u011blen\u00ed a diagnostick\u00e9 laborato\u0159e, co\u017e zaji\u0161\u0165uje, \u017ee l\u00e9\u010div\u00fd odkaz radonov\u00fdch vod odpov\u00edd\u00e1 sou\u010dasn\u00fdm l\u00e9ka\u0159sk\u00fdm standard\u016fm.<\/p>\n<p>Dostupnost tohoto pohrani\u010dn\u00edho \u00fato\u010di\u0161t\u011b zaji\u0161\u0165uj\u00ed feder\u00e1ln\u00ed d\u00e1lnice B 92 a E 49, kter\u00e9 vedou cestovatele na jih do \u010cesk\u00e9 republiky. \u017delezni\u010dn\u00ed tra\u0165 Plavno\u2013Cheb proch\u00e1z\u00ed Bad Brambachem se stanic\u00ed na okraji m\u011bsta a zast\u00e1vkou na vy\u017e\u00e1d\u00e1n\u00ed v Raunu. Od roku 2001 obchvat odkl\u00e1n\u00ed tranzitn\u00ed dopravu od historick\u00e9ho j\u00e1dra m\u011bsta a sm\u011b\u0159uje vozidla k hrani\u010dn\u00edmu p\u0159echodu Sch\u00f6nberg\u2013Vojtanov, \u010d\u00edm\u017e se zachov\u00e1v\u00e1 klid l\u00e1ze\u0148sk\u00e9 oblasti. V m\u00edstn\u00edch intervalech spojuj\u00ed t\u0159i linky autobus\u016f provozovan\u00e9 Dopravn\u00edm sdru\u017een\u00edm Vogtland v intervalech \u0161edes\u00e1ti a stodvaceti minut vlakov\u00e9 n\u00e1dra\u017e\u00ed, kliniku, festivalov\u00fd s\u00e1l a odlehl\u00e9 obce, co\u017e zaji\u0161\u0165uje bezprobl\u00e9movou mobilitu jak obyvatel, tak i n\u00e1v\u0161t\u011bvn\u00edk\u016f nap\u0159\u00ed\u010d \u00fadol\u00edm.<\/p>\n<p>Krom\u011b terapeutick\u00e9 nab\u00eddky si Bad Brambach uchov\u00e1v\u00e1 i klidn\u00e9 kulturn\u00ed bohatstv\u00ed. L\u00e1ze\u0148sk\u00fd park se sv\u00fdmi h\u00e1ji a promen\u00e1dami z\u016fst\u00e1v\u00e1 \u00fast\u0159edn\u00edm bodem spole\u010densk\u00e9ho \u017eivota, zat\u00edmco m\u00edstn\u00ed historick\u00e9 muzeum, kter\u00e9 spravuje specializovan\u00e1 asociace, dokumentuje slo\u017eitou minulost m\u011bsta. Architektonick\u00e9 d\u011bdictv\u00ed opl\u00fdv\u00e1 v podob\u011b st\u00e1nku s prameny v \u010dtvrti R\u00f6thenbach, hr\u00e1zd\u011bn\u00fdch dom\u016f lemuj\u00edc\u00edch tr\u017ei\u0161t\u011b \u2013 kde kdysi s\u00eddlila sasko-\u010desk\u00e1 celnice, kter\u00e1 regulovala obchod \u2013 a impozantn\u00ed p\u0159\u00edtomnosti hradu Sch\u00f6nberg na kopci nad n\u00edm. Ka\u017ed\u00e1 budova p\u0159ipom\u00edn\u00e1 vrstvy feud\u00e1ln\u00ed, pr\u016fmyslov\u00e9 a l\u00e1ze\u0148sk\u00e9 z\u00e1stavby, kter\u00e9 formovaly podobu m\u011bsta.<\/p>\n<p>Iniciativy na ochranu p\u0159\u00edrody dod\u00e1vaj\u00ed Bad Brambachu dal\u0161\u00ed rozm\u011br atraktivit\u011b. V okrese Raunergrund stanice v\u011bnovan\u00e1 perlorodce sladkovodn\u00ed interpretuje d\u0159\u00edv\u011bj\u0161\u00ed ekonomickou hodnotu a sou\u010dasn\u00fd ekologick\u00fd v\u00fdznam tohoto druhu. Dvoukilometrov\u00e1 \u201eStezka perlorodek\u201c vede do sousedn\u00ed \u010desk\u00e9 obce Sohl, zat\u00edmco sousedn\u00ed chovn\u00e1 stanice slou\u017e\u00ed projektu na ochranu druh\u016f ArKoNaVera, jeho\u017e \u00fakolem je chr\u00e1nit faunu s n\u00e1rodn\u00edm z\u00e1jmem. Toto \u00fasil\u00ed podtrhuje z\u00e1vazek regionu k biodiverzit\u011b a p\u0159eshrani\u010dn\u00ed spolupr\u00e1ci.<\/p>\n<p>Sportovn\u00ed tradice v Bad Brambachu sah\u00e1 a\u017e do 50. let 20. stolet\u00ed, kdy firemn\u00ed klub BSG Brambacher Sprudel ustoupil klubu BSG Empor Bad Brambach. Po znovusjednocen\u00ed vznikl sou\u010dasn\u00fd spolek SSV Bad Brambach, kter\u00fd podporuje fotbal, gymnastiku a dal\u0161\u00ed spole\u010dn\u00e9 aktivity. V minul\u00fdch letech si skokani na ly\u017e\u00edch prov\u011b\u0159ovali odvahu na Wachtbergschanze, Adolf-Hayer-Schanze a Pionierschanze \u2013 t\u0159ech m\u016fstc\u00edch, kter\u00e9 kdysi o\u017eivovaly zimn\u00ed obdob\u00ed vzru\u0161en\u00edm z letu a rytmem vytesan\u00fdch stop ve sn\u011bhu.<\/p>\n<p>Spojen\u00edm st\u0159edov\u011bk\u00fdch ko\u0159en\u016f, pr\u016fmyslov\u00fdch transformac\u00ed, vody bohat\u00e9 na miner\u00e1ly a zalesn\u011bn\u00e9ho okol\u00ed p\u0159edstavuje Bad Brambach studii kontinuity a prom\u011bny. V\u00fdvoj m\u011bsta \u2013 od opevn\u011bn\u00e9ho s\u00eddla a c\u00edrkevn\u00edho centra k producentovi miner\u00e1ln\u00ed vody, od \u0159emesln\u00e9ho centra 19. stolet\u00ed k l\u00e1ze\u0148sk\u00e9mu letovisku 20. stolet\u00ed \u2013 hovo\u0159\u00ed o jeho schopnosti znovuobjevovat. Dnes je to venkovsk\u00e9 l\u00e1ze\u0148sk\u00e9 m\u011bsto, kter\u00e9 vyva\u017euje l\u00e9ka\u0159skou d\u016fslednost s kulturn\u00ed autenticitou, kde se pudrov\u00e1 v\u016fn\u011b borovic m\u00eds\u00ed s jemn\u00fdm zvukem kosteln\u00edch zvon\u016f a v\u0161udyp\u0159\u00edtomn\u00fdm p\u0159\u00edslibem uzdraven\u00ed, kter\u00fd proud\u00ed ze \u0161esti neochv\u011bjn\u00fdch pramen\u016f. V tomto soutoku historie, p\u0159\u00edrody a l\u00e9\u010debn\u00e9 tradice nab\u00edz\u00ed Bad Brambach odpo\u010dinek i zamy\u0161len\u00ed a zve n\u00e1v\u0161t\u011bvn\u00edky, aby se pod\u00edleli na jeho ti\u0161e se rozv\u00edjej\u00edc\u00edm p\u0159\u00edb\u011bhu.<\/p>","protected":false},"excerpt":{"rendered":"<p>Bad Brambach, st\u00e1tem uzn\u00e1van\u00e9 l\u00e1zn\u011b v oblasti Vogtland, je nejji\u017en\u011bj\u0161\u00ed obec v Sasku v N\u011bmecku. Bad Brambach, mal\u00e9, ale pozoruhodn\u00e9 l\u00e1ze\u0148sk\u00e9 m\u011bsto, si vybudovalo sv\u00e9bytn\u00e9 postaven\u00ed v oblasti zdravotn\u00ed turistiky a p\u0159\u00edrodn\u00ed terapie.<\/p>","protected":false},"author":1,"featured_media":17544,"parent":13736,"menu_order":0,"comment_status":"closed","ping_status":"closed","template":"elementor_theme","meta":{"_eb_attr":"","footnotes":""},"class_list":["post-16569","page","type-page","status-publish","has-post-thumbnail"],"_links":{"self":[{"href":"https:\/\/travelshelper.com\/cs\/wp-json\/wp\/v2\/pages\/16569","targetHints":{"allow":["GET"]}}],"collection":[{"href":"https:\/\/travelshelper.com\/cs\/wp-json\/wp\/v2\/pages"}],"about":[{"href":"https:\/\/travelshelper.com\/cs\/wp-json\/wp\/v2\/types\/page"}],"author":[{"embeddable":true,"href":"https:\/\/travelshelper.com\/cs\/wp-json\/wp\/v2\/users\/1"}],"replies":[{"embeddable":true,"href":"https:\/\/travelshelper.com\/cs\/wp-json\/wp\/v2\/comments?post=16569"}],"version-history":[{"count":0,"href":"https:\/\/travelshelper.com\/cs\/wp-json\/wp\/v2\/pages\/16569\/revisions"}],"up":[{"embeddable":true,"href":"https:\/\/travelshelper.com\/cs\/wp-json\/wp\/v2\/pages\/13736"}],"wp:featuredmedia":[{"embeddable":true,"href":"https:\/\/travelshelper.com\/cs\/wp-json\/wp\/v2\/media\/17544"}],"wp:attachment":[{"href":"https:\/\/travelshelper.com\/cs\/wp-json\/wp\/v2\/media?parent=16569"}],"curies":[{"name":"wp","href":"https:\/\/api.w.org\/{rel}","templated":true}]}}