{"id":16533,"date":"2024-09-23T12:17:29","date_gmt":"2024-09-23T12:17:29","guid":{"rendered":"https:\/\/travelshelper.com\/staging\/?page_id=16533"},"modified":"2026-03-12T00:13:35","modified_gmt":"2026-03-12T00:13:35","slug":"alexisbad","status":"publish","type":"page","link":"https:\/\/travelshelper.com\/cs\/destinations\/europe\/germany\/alexisbad\/","title":{"rendered":"Alexisbad"},"content":{"rendered":"<p>Alexisbad ti\u0161e le\u017e\u00ed uprost\u0159ed zelen\u00fdch z\u00e1hyb\u016f p\u0159\u00edrodn\u00edho parku Harz\/Sasko-Anhaltsko. Jeho skromn\u00e1 osada o sotva pades\u00e1ti lidech zab\u00edr\u00e1 sotva \u010dty\u0159i hektary p\u016fdy. Vesnice se nach\u00e1z\u00ed zhruba dva kilometry severoz\u00e1padn\u011b od historick\u00e9ho srdce Harzgerode, na silnici Bundesstra\u00dfe 185 sm\u011brem do Ballenstedtu. Rozkl\u00e1d\u00e1 se v nadmo\u0159sk\u00e9 v\u00fd\u0161ce 310 metr\u016f, kde \u0159eka Selke prot\u00e9k\u00e1 \u00fazk\u00fdm \u00fadol\u00edm, ne\u017e se setk\u00e1 se sv\u00fdmi p\u0159\u00edtoky Schwefelbach a Friedenstalbach. Navzdory sv\u00e9 mal\u00e9 rozloze \u2013 p\u0159ibli\u017en\u011b 0,04 km\u00b2 \u2013 a pades\u00e1ti dv\u011bma obyvatel\u016fm m\u00e1 toto klidn\u00e9 m\u00edsto ji\u017e dlouho sv\u00e9 kouzlo jako kol\u00e9bka l\u00e9\u010ditelstv\u00ed, historie a klidn\u00e9ho dobrodru\u017estv\u00ed.<\/p>\n<p>Na konci des\u00e1t\u00e9ho stolet\u00ed, kdy c\u00edsa\u0159 Ota III. obda\u0159il za\u010d\u00ednaj\u00edc\u00ed benediktinsk\u00fd kl\u00e1\u0161ter Hagenenrod tr\u017en\u00edmi, mincovn\u00edmi a celn\u00edmi privilegii, bylo \u00fadol\u00ed Selke st\u00e1le pohrani\u010dn\u00edm \u00fazem\u00edm. Opatstv\u00ed, zalo\u017een\u00e9 v roce 975 jako dce\u0159in\u00e1 spole\u010dnost Nienburgu, se pod sv\u00fdmi ochr\u00e1nci ze Schwabengau, hrabaty z Ballenstedtu \u2013 p\u0159edky askanijsk\u00e9 linie \u2013 dostalo na v\u00fdslun\u00ed, p\u0159esto se kl\u00e1\u0161tern\u00ed komunita nakonec p\u0159est\u011bhovala do Naumburgu a zanechala po sob\u011b rozpadaj\u00edc\u00ed se kameny sv\u011bdectv\u00ed o st\u0159edov\u011bk\u00fdch ambic\u00edch. N\u011bmeck\u00e1 selsk\u00e1 v\u00e1lka v roce 1525 se prohnala a kdysi pulzuj\u00edc\u00ed kl\u00e1\u0161ter zredukovala na ruiny; jeho majetky p\u0159e\u0161ly do rukou anhaltsk\u00fdch kn\u00ed\u017eat, kter\u00e1 se o stolet\u00ed a p\u016fl pozd\u011bji obr\u00e1tila k podzemn\u00edmu bohatstv\u00ed skryt\u00e9mu pod t\u011bmito zalesn\u011bn\u00fdmi svahy.<\/p>\n<p>Do roku 1692 byla do svahu vyhloubena \u0161tola pro t\u011b\u017ebu pyritu, co\u017e p\u0159edznamen\u00e1valo dal\u0161\u00ed snahy o vyu\u017eit\u00ed nerostn\u00e9ho bohatstv\u00ed regionu. Obnoven\u00e9 provozy za vl\u00e1dy kn\u00ed\u017eete Fridricha Alberta Anhaltsko-Bernbursk\u00e9ho od roku 1759 poskytovaly destilac\u00ed s\u00edru a l\u00e9\u010div\u00e9 vody, kter\u00e9 bublaly na povrch, p\u0159itahovaly l\u00e9ka\u0159sk\u00e9 dotazy ji\u017e v roce 1766. \u00dasp\u011bch Alexisbadu jako l\u00e1ze\u0148sk\u00e9ho m\u011bsta v\u0161ak nebyl zaji\u0161t\u011bn a\u017e do roku 1809, kdy v\u00e9voda Alexius Fridrich Christian pov\u011b\u0159il l\u00e9ka\u0159e Karla Ferdinanda von Graefeho anal\u00fdzou pramen\u016f. Von Graefeho anal\u00fdza odhalila silnou souhru j\u00f3du, fluoru a \u017eeleza, co\u017e vedlo k systematick\u00e9mu rozvoji, kter\u00fd koncipoval architekt Carl Friedrich Schinkel: kasino a l\u00e1ze\u0148sk\u00e9 pavilony, \u010dajovna pro v\u00e9vodkyni Marii Friederike \u2013 to v\u0161e postaveno v zdr\u017eenliv\u00e9m neoklasicistn\u00edm stylu, kter\u00fd snoubil form\u00e1lnost s pastor\u00e1ln\u00edm klidem podh\u016f\u0159\u00ed Harzu.<\/p>\n<p>\u017delezem bohat\u00fd Alexisbrunnen byl ur\u010den k pitn\u00e9 l\u00e9\u010db\u011b, jeho osv\u011b\u017euj\u00edc\u00ed n\u00e1poje \u00fadajn\u011b posilovaly t\u011blo i ducha, zat\u00edmco vody Selkebrunnen, kter\u00e9 m\u011bly z\u00e1sadit\u011bj\u0161\u00ed slo\u017een\u00ed, napl\u0148ovaly l\u00e1zn\u011b, je\u017e se staly centry noblesn\u00ed spole\u010densk\u00e9 spole\u010dnosti. Alexisbad brzy p\u0159itahoval v\u00fdznamn\u00e9 osobnosti hledaj\u00edc\u00ed odpo\u010dinek a obnovu. V roce 1820 se zde zastavil Carl Maria von Weber, aby slo\u017eil operu, a na ja\u0159e roku 1856 shrom\u00e1\u017ed\u011bn\u00ed akademik\u016f dalo vzniknout Verband Deutscher Ingenieure. Tito prvn\u00ed mecen\u00e1\u0161i na\u0161li v Alexisbadu noblesn\u00ed \u00fato\u010di\u0161t\u011b izolovan\u00e9 od \u0161ir\u0161\u00edho sv\u011bta, kde l\u00e1ze\u0148sk\u00e9 promen\u00e1dy a stinn\u00e9 m\u00fdtiny nab\u00edzely klidn\u00fd odpo\u010dinek a mo\u017en\u00e1 i chv\u00edle tich\u00e9 inspirace.<\/p>\n<p>P\u0159\u00edchod \u00fazkokolejky Selketalbahn na konci devaten\u00e1ct\u00e9ho stolet\u00ed d\u00e1le otev\u0159el Alexisbad cestovatel\u016fm a propojil jej dv\u011bma rameny s Gernrode, Harzgerode a d\u00e1le. Parn\u00ed lokomotivy kdysi sup\u011bly \u00fadol\u00edm s motory \u0159ady 99, ale modern\u00ed j\u00edzdn\u00ed \u0159\u00e1dy si tyto evokativn\u00ed dvojit\u00e9 odjezdy \u2013 kdy dva vlaky sou\u010dasn\u011b vyjedou ze stanice \u2013 vyhrazuj\u00ed sp\u00ed\u0161e pro speci\u00e1ln\u00ed v\u00fdlety ne\u017e pro denn\u00ed provoz. P\u016fvodn\u00ed budova stanice a n\u00e1kladn\u00ed depo u\u017e d\u00e1vno ztichly, jejich funkce jsou konsolidov\u00e1ny pod d\u00e1lkov\u00fdm dohledem z Nordhausenu, p\u0159esto zku\u0161en\u00e9 oko rozpozn\u00e1v\u00e1 v \u017eelezn\u00e9 m\u0159\u00ed\u017ei a om\u0161el\u00e9m zdivu poz\u016fstatky pulzuj\u00edc\u00ed pr\u016fmyslov\u011b-turistick\u00e9 \u00e9ry.<\/p>\n<p>Za n\u00e1dra\u017e\u00edm se nach\u00e1z\u00ed skromn\u00fd autobusov\u00fd p\u0159estupn\u00ed uzel, odkud se m\u00edstn\u00ed linky rozb\u00edhaj\u00ed do Ballenstedtu, Quedlinburgu, Harzgerode a G\u00fcntersberge, co\u017e zaji\u0161\u0165uje, \u017ee i bez soukrom\u00e9ho vozu mohou n\u00e1v\u0161t\u011bvn\u00edci prozkoumat historicky bohat\u00e1 m\u011bsta a drsnou krajinu Harzu. Pro mnoh\u00e9 v\u0161ak samotn\u00e9 Alexisbad slou\u017e\u00ed jako v\u00fdchoz\u00ed i c\u00edlov\u00fd bod. S\u00ed\u0165 turistick\u00fdch stezek, \u010d\u00edslovan\u00fdch v syst\u00e9mu Harzer Wandernadel, vede kolem socha\u0159sk\u00fdch pam\u00e1tek a malebn\u00fdch vyhl\u00eddek, z nich\u017e ka\u017ed\u00e9 je prodchnuto vrstvami historie. Verlobungsurne neboli Z\u00e1snubn\u00ed urna se ty\u010d\u00ed vysoko nad vesnic\u00ed, jej\u00ed\u017e zv\u011btral\u00e1 \u0161achta p\u0159edstavuje intimn\u00ed observato\u0159 nad \u00fadol\u00edm Selke; nedaleko stoj\u00ed Luisentempel, monopteros postaven\u00fd v roce 1823 na skalnat\u00e9m v\u00fdb\u011b\u017eku a zasv\u011bcen\u00fd princezn\u011b Luise Anhalt-Bernburg, jej\u00ed\u017e pam\u00e1tka st\u00e1le ob\u00fdv\u00e1 tyto stinn\u00e9 kolon\u00e1dy.<\/p>\n<p>Skromn\u011bj\u0161\u00edm, ale nem\u00e9n\u011b evokativn\u00edm bodem je chata K\u00f6thener H\u00fctte, p\u0159\u00edstupn\u00e1 strmou klikatou stezkou stoupaj\u00edc\u00ed z n\u00ed\u017ee uveden\u00e9 Bundesstra\u00dfe, nebo del\u0161\u00edmi stezkami z Alexisbadu, Harzgerode nebo M\u00e4gdesprungu. Zde, v tichu \u017eulov\u00fdch balvan\u016f a lesn\u00ed p\u016fdy, si lze p\u0159edstavit kroky sask\u00fdch horn\u00edk\u016f a ozv\u011bnu st\u0159edov\u011bk\u00fdch m\u011bch\u016f ve vzd\u00e1len\u00e9m dole Glasebach. Ve v\u0161ech ro\u010dn\u00edch obdob\u00edch se vzduch nese slabou v\u016fn\u00ed borov\u00e9 prysky\u0159ice a mokr\u00e9ho kamene, zat\u00edmco vzd\u00e1len\u00e9 pta\u010d\u00ed zp\u011bvy podtrhuj\u00ed p\u0159\u00edzrak minul\u00fdch kl\u00e1\u0161ter\u016f, d\u00e1vno opu\u0161t\u011bn\u00fdch sirn\u00fdch \u0161tol a in\u017een\u00fdrsk\u00fdch pl\u00e1n\u016f, kter\u00e9 kdysi slibovaly pokrok.<\/p>\n<p>Samotn\u00e1 vesnice si zachov\u00e1v\u00e1 stopy Schinkelovy vize. \u010cajovna postaven\u00e1 v roce 1815, p\u016fvodn\u011b ur\u010den\u00e1 pro v\u00e9vodsk\u00fd odpo\u010dinek, pozd\u011bji slou\u017eila jako improvizovan\u00e1 kaple; v roce 1933 ji zakoupil Anhaltsk\u00fd st\u00e1tn\u00ed kostel a korunovala ji zvonic\u00ed. V roce 2008 byla znovu vysv\u011bcena jako kaple sv. Petra, jej\u00ed\u017e sv\u011btl\u00e1 d\u0159ev\u011bn\u00e1 konstrukce tvo\u0159\u00ed intimn\u00ed lo\u010f pro velikono\u010dn\u00ed bohoslu\u017eby a tich\u00e9 rozj\u00edm\u00e1n\u00ed. Nedaleko se nach\u00e1z\u00ed hotel Morada, kter\u00fd sv\u011bd\u010d\u00ed o vkusu poloviny devaten\u00e1ct\u00e9ho stolet\u00ed v podob\u011b bronzov\u00e9ho jelena, kter\u00fd stoj\u00ed na \u0161t\u00edhl\u00fdch nohou a pozoruje terasu ostra\u017eit\u00fdm pohledem \u2013 symbol aristokratick\u00fdch loveck\u00fdch tradic i romantick\u00e9ho objet\u00ed nezkrotn\u00e9 p\u0159\u00edrody.<\/p>\n<p>Kulturn\u00ed d\u011bdictv\u00ed Alexisbadu bylo form\u00e1ln\u011b uzn\u00e1no: \u00fasek ter\u00e9nu od vlakov\u00e9ho n\u00e1dra\u017e\u00ed na jihu a\u017e po Caf\u00e9 Elysium na severu je chr\u00e1n\u011bn jako pam\u00e1tkov\u00e1 z\u00f3na a jeho l\u00e1ze\u0148sk\u00e9 pavilony, vily a zahradn\u00ed \u00fapravy jsou zachov\u00e1ny v m\u00edstn\u00edm rejst\u0159\u00edku. V t\u00e9to enkl\u00e1v\u011b se dochovaly fas\u00e1dy ze \u0161tuku a kovan\u00e9ho \u017eeleza, kter\u00e9 p\u0159ipom\u00ednaj\u00ed dobu, kdy spole\u010densk\u00fd kalend\u00e1\u0159 definovaly hydrol\u00e9\u010debn\u00e9 procedury a hudebn\u00ed ve\u010d\u00edrky. Caf\u00e9 Elysium s verandou s v\u00fdhledem na \u00fadol\u00ed Selke pokra\u010duje v tradici spole\u010densk\u00e9 atmosf\u00e9ry a pod\u00e1v\u00e1 sez\u00f3nn\u00ed cukrovinky a \u010daje, kter\u00e9 by se na v\u00e9vodsk\u00e9m stole ur\u010dit\u011b hodily.<\/p>\n<p>Sou\u010dasn\u00e1 ekonomika Alexisbadu z\u016fst\u00e1v\u00e1 zako\u0159en\u011bna v cestovn\u00edm ruchu, ale je sp\u00ed\u0161e um\u00edrn\u011bn\u00e1 ne\u017e frenetick\u00e1. Hotely s\u00eddl\u00ed v zrekonstruovan\u00fdch l\u00e1ze\u0148sk\u00fdch budov\u00e1ch; penziony nab\u00edzej\u00ed klidn\u00e9 ubytov\u00e1n\u00ed ve star\u00fdch d\u011blnick\u00fdch domech; restaurace se specializuj\u00ed na region\u00e1ln\u00ed kuchyni \u2013 vydatn\u00e9 du\u0161en\u00e9 pokrmy, uzen\u00e9 pstruhy z horsk\u00fdch potok\u016f, \u017eitn\u00fd chl\u00e9b a s\u00fdry z dru\u017estevn\u00edch ml\u00e9k\u00e1ren. V zim\u011b jemn\u00e9 sn\u011b\u017een\u00ed prom\u011bn\u00ed \u00fadol\u00ed v tichou m\u00fdtinu, kde b\u011b\u017eka\u0159i a turist\u00e9 na sn\u011b\u017enic\u00edch sleduj\u00ed stezky pod\u00e9l zamrzl\u00e9ho Schwefelbachu a term\u00e1ln\u00ed prameny se p\u00e1\u0159ej\u00ed proti studen\u00e9mu vzduchu a zvou n\u00e1v\u0161t\u011bvn\u00edky k pono\u0159en\u00ed se do tepla, zat\u00edmco nad hlavou tan\u010d\u00ed sn\u011bhov\u00e1 v\u00edtr.<\/p>\n<p>V teplej\u0161\u00edch m\u011bs\u00edc\u00edch se architektonick\u00e1 elegance pl\u00e1nov\u00e1n\u00ed devaten\u00e1ct\u00e9ho stolet\u00ed prol\u00edn\u00e1 se syrov\u00fdmi texturami p\u0159\u00edrody. Balvany skvrnit\u00e9 kaprad\u00edm, zdi porostl\u00e9 mechem a bukov\u00e9 h\u00e1je r\u00e1muj\u00ed neoklasicistn\u00ed zbytky a vytv\u00e1\u0159ej\u00ed dojem \u010dasov\u00e9ho vrstven\u00ed: rom\u00e1nsk\u00e1 masivnost, gotick\u00fd \u00fapadek, barokn\u00ed rozkv\u011bt a romantick\u00e9 o\u017eiven\u00ed. Chodci se zastavuj\u00ed u kamenn\u00fdch lavi\u010dek, aby si v\u0161imli sv\u011btla m\u011bn\u00edc\u00edho se na dn\u011b \u00fadol\u00ed, aby naslouchali hv\u00edzd\u00e1n\u00ed vzd\u00e1len\u00e9ho parn\u00edho vlaku a aby se zamysleli nad t\u00edm, \u017ee tyt\u00e9\u017e vody, kter\u00e9 nyn\u00ed buj\u00ed unaven\u00e9 svaly, kdysi p\u0159itahovaly est\u00e9ty i v\u011bdce.<\/p>\n<p>Alexisbadsk\u00e9 kouzlo nespo\u010d\u00edv\u00e1 ve velkolep\u00e9 pod\u00edvan\u00e9, ale v prol\u00edn\u00e1n\u00ed prvk\u016f: miner\u00e1ln\u00edch vod obsahuj\u00edc\u00edch j\u00f3d a fluor, struktur\u00e1ln\u00ed harmonie Schinkelov\u00fdch pavilon\u016f, rezonance hymn\u016f, kter\u00e9 se kdysi zp\u00edvaly v v\u00e9vodsk\u00e9 \u010dajovn\u011b, z\u00e1van borovice ve v\u00e1nku. Jen m\u00e1lo m\u00edst dok\u00e1\u017ee tak pln\u011b zt\u011blesnit dialog mezi askez\u00ed p\u0159\u00edrody a lidsk\u00fdmi aspiracemi. Zde se \u010dlov\u011bk dozv\u00ed, \u017ee uzdraven\u00ed je stejn\u011b tak ot\u00e1zkou prost\u0159ed\u00ed a p\u0159\u00edb\u011bhu jako chemie; \u017ee spojen\u00ed kamene a vody m\u016f\u017ee odhalit nov\u00e9 aspekty osobnosti; \u017ee historie se nemus\u00ed omezovat na zapr\u00e1\u0161en\u00e9 archivy, ale m\u016f\u017ee vyplout na povrch v ka\u017ed\u00e9m jaru a v ka\u017ed\u00e9m kroku na lesn\u00ed cest\u011b.<\/p>\n<p>Stru\u010dn\u011b \u0159e\u010deno, Alexisbad p\u0159etrv\u00e1v\u00e1 jako sv\u011bdectv\u00ed o n\u00e1ro\u010dn\u00e9m patron\u00e1tu, geologick\u00fdch z\u00e1zrac\u00edch a trval\u00e9m lidsk\u00e9m hled\u00e1n\u00ed rovnov\u00e1hy. Jeho mal\u00e1 rozloha skr\u00fdv\u00e1 bohatou tapiserii kl\u00e1\u0161tern\u00edch p\u016fvod\u016f, hornictv\u00ed, l\u00e1ze\u0148sk\u00e9 kultury a dopravn\u00edho d\u011bdictv\u00ed. P\u0159\u00edjezd do Alexisbadu znamen\u00e1 vstoupit do \u017eivouc\u00ed krajiny \u00falevy a klidu, kde ka\u017ed\u00fd architektonick\u00fd detail a ka\u017ed\u00e1 klikat\u00e1 stezka vyb\u00edz\u00ed k rozj\u00edm\u00e1n\u00ed. A\u010dkoli jeho populace m\u016f\u017ee \u010d\u00edtat m\u00e9n\u011b ne\u017e sto obyvatel, odkaz vesnice rezonuje daleko za jej\u00edm \u00fadol\u00edm a nab\u00edz\u00ed tich\u00e9, ale hlubok\u00e9 ponau\u010den\u00ed o um\u011bn\u00ed tvorby m\u00edsta a jemn\u00e9 eleganci klidn\u00e9ho \u00fasil\u00ed.<\/p>","protected":false},"excerpt":{"rendered":"<p>Kr\u00e1sn\u00e9 l\u00e1ze\u0148sk\u00e9 m\u011bsto Alexisbad se nach\u00e1z\u00ed v malebn\u00e9 oblasti Harz v Sasku-Anhaltsku v N\u011bmecku. Toto mal\u00e9, ale okouzluj\u00edc\u00ed m\u011bste\u010dko, uvnit\u0159 \u0161ir\u0161\u00ed obce Harzgerode, m\u00e1 obyvatelstvo, kter\u00e9 umoc\u0148uje jeho sev\u0159enou a pohostinnou atmosf\u00e9ru. Nach\u00e1z\u00ed se asi 2 kilometry severoz\u00e1padn\u011b od centra m\u011bsta Harzgerode, Alexisbad je p\u0159\u00edkladem historick\u00e9ho v\u00fdznamu oblasti a p\u0159\u00edrodn\u00ed n\u00e1dhery.<\/p>","protected":false},"author":1,"featured_media":17573,"parent":13736,"menu_order":0,"comment_status":"closed","ping_status":"closed","template":"elementor_theme","meta":{"_eb_attr":"","footnotes":""},"class_list":["post-16533","page","type-page","status-publish","has-post-thumbnail"],"_links":{"self":[{"href":"https:\/\/travelshelper.com\/cs\/wp-json\/wp\/v2\/pages\/16533","targetHints":{"allow":["GET"]}}],"collection":[{"href":"https:\/\/travelshelper.com\/cs\/wp-json\/wp\/v2\/pages"}],"about":[{"href":"https:\/\/travelshelper.com\/cs\/wp-json\/wp\/v2\/types\/page"}],"author":[{"embeddable":true,"href":"https:\/\/travelshelper.com\/cs\/wp-json\/wp\/v2\/users\/1"}],"replies":[{"embeddable":true,"href":"https:\/\/travelshelper.com\/cs\/wp-json\/wp\/v2\/comments?post=16533"}],"version-history":[{"count":0,"href":"https:\/\/travelshelper.com\/cs\/wp-json\/wp\/v2\/pages\/16533\/revisions"}],"up":[{"embeddable":true,"href":"https:\/\/travelshelper.com\/cs\/wp-json\/wp\/v2\/pages\/13736"}],"wp:featuredmedia":[{"embeddable":true,"href":"https:\/\/travelshelper.com\/cs\/wp-json\/wp\/v2\/media\/17573"}],"wp:attachment":[{"href":"https:\/\/travelshelper.com\/cs\/wp-json\/wp\/v2\/media?parent=16533"}],"curies":[{"name":"wp","href":"https:\/\/api.w.org\/{rel}","templated":true}]}}