{"id":16512,"date":"2024-09-23T11:38:26","date_gmt":"2024-09-23T11:38:26","guid":{"rendered":"https:\/\/travelshelper.com\/staging\/?page_id=16512"},"modified":"2026-03-12T00:15:15","modified_gmt":"2026-03-12T00:15:15","slug":"borzomi","status":"publish","type":"page","link":"https:\/\/travelshelper.com\/cs\/destinations\/europe\/georgia\/borjomi\/","title":{"rendered":"Bor\u017eomi"},"content":{"rendered":"<p>Bord\u017eomi, kter\u00e9 v roce 2024 \u017eilo n\u011bco m\u00e1lo p\u0159es jeden\u00e1ct tis\u00edc obyvatel, le\u017e\u00ed 165 kilometr\u016f z\u00e1padn\u011b od hlavn\u00edho m\u011bsta Gruzie v \u00fazk\u00e9m \u00fadol\u00ed Bord\u017eomsk\u00e9 sout\u011bsky. M\u011bsto se nach\u00e1z\u00ed v severoz\u00e1padn\u00edm rohu regionu Samtskhe-D\u017eavachetie a hrani\u010d\u00ed s v\u00fdchodn\u00ed hranic\u00ed rozlehl\u00e9 lesn\u00ed rezervace o rozloze p\u0159ibli\u017en\u011b osmdes\u00e1ti p\u011bti tis\u00edc hektar\u016f. Z tohoto \u00fahlu pohledu se osada py\u0161n\u00ed krajinou formovanou miner\u00e1ln\u00edmi prameny, zelen\u00fdmi svahy a histori\u00ed sahaj\u00edc\u00ed od st\u0159edov\u011bk\u00fdch opevn\u011bn\u00ed a\u017e po c\u00edsa\u0159sk\u00e9 letn\u00ed pal\u00e1ce.<\/p>\n<p>V prvn\u00edch dob\u00e1ch sv\u00e9ho vzniku tvo\u0159ilo \u00fadol\u00ed strategick\u00fd koridor v r\u00e1mci st\u0159edov\u011bk\u00e9 provincie Tori. Na okoln\u00edch h\u0159ebenech st\u00e1le bd\u00ed nad osadou ruiny pevnost\u00ed Gogia, Petra a Sali, n\u011bm\u00e9 str\u00e1\u017ee stalet\u00ed obrany proti osmansk\u00fdm vp\u00e1d\u016fm. V dob\u011b, kdy \u00fazem\u00ed ovl\u00e1dala rodina Avalishvili\u016f od \u0161estn\u00e1ct\u00e9ho do devaten\u00e1ct\u00e9ho stolet\u00ed, kdysi vyso\u010dina pulzovala vesnick\u00fdm \u017eivotem \u2013 dokud po n\u00e1sledn\u00fdch osmansk\u00fdch n\u00e1porech nedo\u0161lo k vylidn\u011bn\u00ed.<\/p>\n<p>Rusk\u00e1 anexe na po\u010d\u00e1tku devaten\u00e1ct\u00e9ho stolet\u00ed nastartovala o\u017eiven\u00ed Bord\u017eomi. Vojensk\u00e9 hl\u00eddky brzy do 30. let 19. stolet\u00ed ustoupily l\u00e1zn\u00edm a skromn\u00e9mu ubytov\u00e1n\u00ed. V\u00fdznamn\u00e9 patron\u00e1tn\u00ed chov\u00e1n\u00ed za\u010dalo, kdy\u017e kavkazsk\u00fd m\u00edstokr\u00e1l Jevgenij Golovin p\u0159ivedl svou dceru ochutnat ji\u017e slavn\u00e9 miner\u00e1ln\u00ed vody a p\u0159edal jejich opatrovnictv\u00ed z arm\u00e1dy do civiln\u00edch rukou. Jeho n\u00e1stupce Michail Voroncov se zde ka\u017ed\u00e9 l\u00e9to usadil a prom\u011bnil svah kopce upraven\u00fdmi parky, nov\u00fdmi vilami a promen\u00e1dami. V polovin\u011b stolet\u00ed se n\u00e1zev Bord\u017eomi \u2013 nebo Bord\u017eomi, jak jej zaznamenali prvn\u00ed kartografov\u00e9 \u2013 stal synonymem pro aristokratick\u00e9 volno\u010dasov\u00e9 aktivity.<\/p>\n<p>Velkokn\u00ed\u017ee Michail Nikolajevi\u010d obdr\u017eel m\u011bsto v roce 1871 jako osobn\u00ed l\u00e9no, dar, kter\u00fd podtrhl postaven\u00ed Bord\u017eomi v c\u00edsa\u0159sk\u00fdch kruz\u00edch. Jeho syn Nikolaj p\u0159istav\u011bl z\u00e1mek a form\u00e1ln\u00ed zahrady v nedalek\u00e9 osad\u011b Likani, co\u017e \u00fadol\u00ed dodalo n\u00e1dech filmov\u00e9 vzne\u0161enosti. Pod\u00e9l klikat\u00fdch uli\u010dek se mno\u017eily hotely a do konce stolet\u00ed se miner\u00e1ln\u00ed vody st\u00e1\u010dely na export po cel\u00e9m Rusk\u00e9m imp\u00e9riu, p\u0159epravovan\u00e9 v d\u0159ev\u011bn\u00fdch sudech po \u017eeleznici. Tuto prosperitu doprov\u00e1zel demografick\u00fd obrat; do roku 1901 etni\u010dt\u00ed Rusov\u00e9 mezi obyvateli m\u011bsta m\u00edrn\u011b p\u0159eva\u017eovali nad rodil\u00fdmi Gruz\u00ednci.<\/p>\n<p>Sov\u011btsk\u00e1 epocha p\u0159em\u011bnila aristokratick\u00e9 vily na sanatoria a zachovala jejich fas\u00e1dy, p\u0159esto\u017ee chodby se oz\u00fdvaly rekonvalescenc\u00ed stranick\u00e9 elity. Ozna\u010den\u00ed m\u011bsta jako odborov\u00e9ho letoviska zajistilo st\u00e1l\u00fd p\u0159\u00edliv n\u00e1v\u0161t\u011bvn\u00edk\u016f vyhled\u00e1vaj\u00edc\u00edch balneologick\u00e9 procedury a pobyty mezi borovicov\u00fdmi kopci. Ni\u010div\u00e1 povode\u0148 v dubnu 1968 vyhloubila terasy a odplavila \u010d\u00e1sti centr\u00e1ln\u00edho parku, p\u0159esto j\u00e1dro Bord\u017eomi p\u0159e\u017eilo a v n\u00e1sleduj\u00edc\u00edch desetilet\u00edch pokra\u010dovala v expanzi. Po rozpadu Sov\u011btsk\u00e9ho svazu \u010delilo m\u011bsto obdob\u00ed \u00fapadku, kter\u00e9 se v\u0161ak na za\u010d\u00e1tku 21. stolet\u00ed zotavilo d\u00edky obnoven\u00fdm investic\u00edm do st\u00e1\u010d\u00edren, hotel\u016f a infrastruktury.<\/p>\n<p>Hlavn\u00edm l\u00e1kadlem Bord\u017eomi z\u016fst\u00e1v\u00e1 jeho voda. Tato tekutina vyv\u011br\u00e1 z hlubok\u00fdch pramen\u016f a obsahuje vysok\u00e9 mno\u017estv\u00ed miner\u00e1l\u016f, kter\u00e9 jsou cen\u011bny pro tr\u00e1vic\u00ed, jatern\u00ed a metabolick\u00e9 terapie. Pitn\u00e9 k\u00fary jsou p\u0159edepisov\u00e1ny po cel\u00fd rok, zat\u00edmco balneologick\u00e9 procedury a ra\u0161elinn\u00e9 aplikace podporuj\u00ed l\u00e9\u010dbu kardiovaskul\u00e1rn\u00edch onemocn\u011bn\u00ed. Mikroklimatick\u00fd ko\u0161 oblast\u00ed \u2013 Likani s tepl\u00fdm \u00fadol\u00edm, Papa le\u017e\u00edc\u00ed na vy\u0161\u0161\u00edch svaz\u00edch a v\u011btrem o\u0161lehan\u00e1 plo\u0161ina \u2013 nab\u00edz\u00ed specifick\u00e9 terapeutick\u00e9 prost\u0159ed\u00ed. N\u00e1v\u0161t\u011bvn\u00edci mohou p\u0159ijet v l\u00e9t\u011b na klimatoterapii nebo v zim\u011b na n\u00edzkointenzivn\u00ed procedury; sez\u00f3na nikdy doopravdy nekon\u010d\u00ed.<\/p>\n<p>Spr\u00e1va N\u00e1rodn\u00edho parku Bord\u017eomi-Kharagauli s\u00eddl\u00ed ve skromn\u00e9m s\u00eddle na ulici Mescheti 23, odkud se zdarma vyd\u00e1vaj\u00ed mapy, povolen\u00ed a p\u016fj\u010duj\u00ed spac\u00e1ky (za p\u011bt lari na den). Chr\u00e1n\u011bn\u00e1 oblast zahrnuje p\u0159\u00edsn\u00e9 p\u0159\u00edrodn\u00ed rezervace, spravovan\u00e9 svatyn\u011b a pam\u00e1tku zkamen\u011bl\u00e9ho lesa, prot\u00edn\u00e1 \u0161est obc\u00ed a nab\u00edz\u00ed osm zna\u010den\u00fdch stezek. Vzd\u00e1lenosti se pohybuj\u00ed od kr\u00e1tk\u00fdch tras o d\u00e9lce \u010dty\u0159i sta metr\u016f a\u017e po del\u0161\u00ed t\u00fary p\u0159esahuj\u00edc\u00ed dva tis\u00edce \u0161est set metr\u016f, z nich\u017e ka\u017ed\u00e1 je prokl\u00e1d\u00e1na p\u0159\u00edst\u0159e\u0161ky, piknikov\u00fdmi m\u00fdtinami a jednoduch\u00fdmi d\u0159ev\u011bn\u00fdmi palandami. Poplatky za p\u0159\u00edst\u0159e\u0161ky \u010din\u00ed deset lari, za t\u00e1bo\u0159i\u0161t\u011b p\u011bt a str\u00e1\u017eci hl\u00eddkuj\u00ed, aby zajistili, \u017ee je povolen\u00ed k pron\u00e1jmu zdarma.<\/p>\n<p>Tato s\u00ed\u0165 l\u00e1k\u00e1 k j\u00edzd\u011b na koni, horsk\u00e9 cyklistice a kulturn\u00edm v\u00fdlet\u016fm uprost\u0159ed jedlov\u00fdch a bukov\u00fdch h\u00e1j\u016f. Jednodenn\u00ed t\u00fary mohou zahrnovat v\u00fdstup na h\u0159ebeny p\u0159ekra\u010duj\u00edc\u00ed dva tis\u00edce metr\u016f. Jedna stezka spojuje Bord\u017eomi s vesnic\u00ed Kvabi\u0161kevi; turist\u00e9 si pak mohou zajistit m\u00edstn\u00ed dopravu zp\u011bt nebo si napl\u00e1novat v\u00edcedenn\u00ed itiner\u00e1\u0159e s lehk\u00fdm vybaven\u00edm. Ptactvo, endemick\u00e1 fl\u00f3ra a ruiny st\u0159edov\u011bk\u00fdch kostel\u016f nab\u00edzej\u00ed ne\u010dekan\u00e9 odm\u011bny pro ty, kte\u0159\u00ed se odv\u00e1\u017e\u00ed odch\u00fdlit od hlavn\u00edch tras.<\/p>\n<p>Bl\u00ed\u017ee k m\u011bstu se pod\u00e9l \u0159eky Bord\u017eomula rozkl\u00e1d\u00e1 centr\u00e1ln\u00ed park Bord\u017eomi. V doln\u00ed polovin\u011b se nach\u00e1zej\u00ed kiosky, kav\u00e1rny a ekologick\u00e1 z\u00e1bavn\u00ed z\u00f3na \u2013 unik\u00e1tn\u00ed na Kavkaze \u2013 zat\u00edmco v horn\u00ed \u010d\u00e1sti se nach\u00e1z\u00ed terasovit\u00fd vodop\u00e1d korunovan\u00fd modern\u00ed sochou. Vstupn\u00e9 je nen\u00e1ro\u010dn\u00e9; park ozna\u010duje prvn\u00ed \u010dty\u0159i font\u00e1ny miner\u00e1ln\u00edho pramene, z nich\u017e voda st\u00e1le voln\u011b te\u010de z ve\u0159ejn\u00fdch kohoutk\u016f. Lanovka pobl\u00ed\u017e vchodu stoup\u00e1 na n\u00e1horn\u00ed plo\u0161inu a vysazuje cestovatele vedle rusk\u00e9ho kola a skupiny hotel\u016f ze sov\u011btsk\u00e9 \u00e9ry s v\u00fdhledem na \u00fadol\u00ed. Jednosm\u011brn\u00e1 j\u00edzdenka stoj\u00ed patn\u00e1ct lari; n\u011bkte\u0159\u00ed se rozhodnou jet nahoru a dol\u016f tax\u00edkem, ale sestup p\u011b\u0161ky lesn\u00edmi cestami odm\u011b\u0148uje v\u00fdhledy, kter\u00e9 se otev\u00edraj\u00ed p\u0159i ka\u017ed\u00e9m serpent\u00ednov\u00e9m sjezdu.<\/p>\n<p>Dobrodruzi mohou opustit park a vydat se po stezce Cross Mount. Stezka za\u010d\u00edn\u00e1 u ostr\u00e9 serpentiny na v\u00fdchodn\u00edm okraji ulice Pirosmani a za necelou hodinu stoup\u00e1 z osmi set t\u0159iceti metr\u016f na v\u00edce ne\u017e jeden\u00e1ct set metr\u016f, odkud se vyno\u0159uje na skalnat\u00e9m h\u0159ebeni s \u00fachvatn\u00fdmi panoramaty nad st\u0159echami Borjomi. Odtud se stezka vine k ruin\u00e1m pevnosti Gogia, ne\u017e se st\u00e1\u010d\u00ed na severov\u00fdchod p\u0159es nezkrocen\u00e9 lesy zp\u011bt k m\u011bstu a kon\u010d\u00ed pobl\u00ed\u017e z\u00e1padn\u00edho konce ulice Pirosmani. Cel\u00fd okruh trv\u00e1 zhruba dv\u011b a\u017e t\u0159i hodiny, pokud to po\u010das\u00ed dovol\u00ed.<\/p>\n<p>Za obvykl\u00fdmi trasami se skr\u00fdvaj\u00ed skryt\u00e9 odbo\u010dky. T\u0159i sirn\u00e9 hork\u00e9 baz\u00e9ny \u2013 nyn\u00ed poloterm\u00e1ln\u00ed \u2013 se nach\u00e1zej\u00ed v strm\u00e9 rokli severn\u011b od n\u00e1horn\u00ed plo\u0161iny, dosa\u017eiteln\u00e9 po drsn\u00e9 cest\u011b nebo soukrom\u00fdm \u201etax\u00edkem\u201c, jeho\u017e j\u00edzdn\u00e9 m\u016f\u017ee p\u0159es\u00e1hnout deset lari tam i zp\u011bt. Vesnice Libani, vzd\u00e1len\u00e1 t\u0159icet minut j\u00edzdy na krupobit\u00ed, skr\u00fdv\u00e1 opu\u0161t\u011bn\u00e9 sov\u011btsk\u00e9 sanatorium a zarostl\u00fd \u00fazkorozchodn\u00fd \u017eelezni\u010dn\u00ed koridor vedouc\u00ed k p\u0159\u00edzra\u010dn\u00e9 stanici Libani. Proch\u00e1zka po t\u011bchto rezav\u00fdch kolej\u00edch borov\u00fdm lesem kon\u010d\u00ed nad vesnic\u00ed Tba, odkud se mar\u0161rutky vracej\u00ed do Bord\u017eomi. D\u00e1le v okol\u00ed z\u016fst\u00e1v\u00e1 vodop\u00e1d T\u0161ala pobl\u00ed\u017e vesnice Sadgeri z\u0159\u00eddka nav\u0161t\u011bvovan\u00fdm m\u00edstem vrstevnat\u00fdch kask\u00e1d a pastora\u010dn\u00edho klidu.<\/p>\n<p>Spojen\u00ed do Bord\u017eomi je mo\u017en\u00e9 jak silni\u010dn\u00ed, tak \u017eelezni\u010dn\u00ed dopravou. Mezim\u011bstsk\u00e9 minibusy odj\u00ed\u017ed\u011bj\u00ed do Bakuriani, Batumi, Kutaisi a Tbilisi v pravideln\u00fdch intervalech, j\u00edzdn\u00e9 se pohybuje od jednoho do sedmn\u00e1cti lari a doba j\u00edzdy se pohybuje od jedn\u00e9 do \u010dty\u0159 hodin. Mal\u00e1 \u010derven\u00e1 zast\u00e1vka mar\u0161rutky se nach\u00e1z\u00ed na hlavn\u00ed silnici p\u0159ed stanic\u00ed, odkud po cel\u00fd den jezd\u00ed neinzerovan\u00e9 kyvadlov\u00e9 autobusy do \u010cobiskevi, Dviri, Gori a Cha\u0161uri. Vlaky Gruz\u00ednsk\u00e9 \u017eeleznice jezd\u00ed dvakr\u00e1t denn\u011b mezi stanic\u00ed Bord\u017eomi Park a Tbilisi, j\u00edzdenky stoj\u00ed dva lari za \u010dty\u0159 a\u017e p\u011bt hodin j\u00edzdy; n\u00e1kladn\u00ed tra\u0165 d\u00e1le na v\u00fdchod z\u016fst\u00e1v\u00e1 neaktivn\u00ed.<\/p>\n<p>V kompaktn\u00edm centru je v\u011bt\u0161ina ulic pro p\u011b\u0161\u00ed. M\u011bstsk\u00fd autobus jezd\u00ed mezi n\u00e1m\u011bst\u00edm a n\u00e1kladn\u00edm dvorem dvacet tetri nit\u00ed; dal\u0161\u00ed trasy vedou do Likani, Kvibisi a d\u00e1le, ka\u017ed\u00e1 kon\u010d\u00ed na mal\u00fdch zast\u00e1vk\u00e1ch ve vesnici. Mezery vypl\u0148uj\u00ed tax\u00edky a aplikace pro p\u0159epravu na zavolanou, a\u010dkoli mnoho cestovatel\u016f si u\u017e\u00edv\u00e1 proch\u00e1zky p\u011b\u0161ky, vdechuj\u00ed ostrou v\u016fni borovice a slabou chu\u0165 \u017eeleza v ka\u017ed\u00e9m bronzov\u00e9m dou\u0161ku pramenit\u00e9 vody.<\/p>\n<p>Ti, kte\u0159\u00ed t\u00edhnou po kulturn\u00edm pono\u0159en\u00ed, najdou Muzeum m\u00edstn\u00edch tradic na ulici Tsminda Nino, kde expon\u00e1ty p\u0159ibli\u017euj\u00ed etapy v\u00fdvoje m\u011bsta \u2013 od st\u0159edov\u011bk\u00fdch pr\u016fsmyk\u016f p\u0159es c\u00edsa\u0159sk\u00e9 l\u00e1zn\u011b a\u017e po sov\u011btsk\u00e1 sanatoria. Vstupn\u00e9 z\u016fst\u00e1v\u00e1 t\u0159i lari, prohl\u00eddky s pr\u016fvodcem v angli\u010dtin\u011b a hebrej\u0161tin\u011b stoj\u00ed patn\u00e1ct lari. Otev\u00edrac\u00ed doba se sez\u00f3nn\u011b upravuje, v l\u00e9t\u011b se prodlu\u017euje od 10:00 do 19:00 a v zim\u011b se zav\u00edr\u00e1 v 17:00.<\/p>\n<p>Kamenn\u00e9 a s\u00e1drov\u00e9 pam\u00e1tky dokl\u00e1daj\u00ed kosmopolitn\u00ed minulost Bord\u017eomi. Romanovsk\u00fd pal\u00e1c v Likani, dnes prezidentsk\u00e9 s\u00eddlo, se ty\u010d\u00ed mezi upraven\u00fdmi tr\u00e1vn\u00edky. Nedaleko stoj\u00ed Modr\u00fd pal\u00e1c, neboli Firuza \u2013 postaven\u00fd v roce 1892 \u00edr\u00e1nsk\u00fdm konzulem, jeho\u017e st\u011bny zdob\u00ed fresky, kter\u00e9 spojuj\u00ed persk\u00e9 rostlinn\u00e9 motivy, gruz\u00ednsk\u00e9 kamenick\u00e9 pr\u00e1ce a evropsk\u00e9 ozdoby. Kr\u00e1tk\u00e1 j\u00edzda autem vede ke kl\u00e1\u0161teru Timotesubani, kde se za stup\u0148ovit\u00fdmi oblouky st\u00e1le t\u0159pyt\u00ed fresky z dev\u00e1t\u00e9ho stolet\u00ed, kter\u00e9 sv\u011bd\u010d\u00ed o rozkv\u011btu st\u0159edov\u011bk\u00e9ho um\u011bn\u00ed Gruzie.<\/p>\n<p>Borjomi po celou dobu sv\u00e9 existence vyva\u017euje zdrav\u00ed a voln\u00fd \u010das, p\u0159\u00edrodu a p\u00e9\u010di o \u017eivotn\u00ed prost\u0159ed\u00ed. I ty nejvelkolep\u011bj\u0161\u00ed stavby si zachov\u00e1vaj\u00ed skromn\u00fd rozm\u011br, zakotven\u00e9 v p\u0159\u00edslibu pramen\u016f, kter\u00e9 poprv\u00e9 p\u0159il\u00e1kaly cestovatele p\u0159ed stalet\u00edmi. S m\u011bn\u00edc\u00edmi se ro\u010dn\u00edmi obdob\u00edmi se lidsk\u00e9 a p\u0159\u00edrodn\u00ed d\u011bjiny m\u011bsta prol\u00ednaj\u00ed v \u017eivouc\u00ed krajin\u011b \u2013 krajin\u011b, kde se geologie, klima a pam\u011b\u0165 spojuj\u00ed a podporuj\u00ed jak tich\u00e9 zamy\u0161len\u00ed, tak ne\u010dekan\u00e9 dobrodru\u017estv\u00ed.<\/p>\n<p>V pr\u016fzra\u010dn\u00e9m horsk\u00e9m vzduchu Borjomi i nad\u00e1le l\u00e1k\u00e1 n\u00e1v\u0161t\u011bvn\u00edky i m\u00edstn\u00ed obyvatele, a to v prost\u0159ed\u00ed, kter\u00e9 je z\u00e1rove\u0148 nen\u00e1padn\u00e9 i hlubok\u00e9. Zde, uprost\u0159ed ticha lesa a \u0161um\u011bn\u00ed miner\u00e1ln\u00ed vody, se odv\u00edj\u00ed p\u0159\u00edb\u011bh, kter\u00fd sleduje p\u0159\u00edliv a odliv \u0159\u00ed\u0161\u00ed, vytrvalost m\u00edstn\u00edch tradic a regenera\u010dn\u00ed dotek samotn\u00e9 zem\u011b.<\/p>\n<article>\n<\/article>","protected":false},"excerpt":{"rendered":"<p>Borjomi je malebn\u00e9 letovisko na jihu st\u0159edn\u00ed Gruzie s populac\u00ed 11 173 od roku 2024. Tato atraktivn\u00ed lokalita, kter\u00e1 se nach\u00e1z\u00ed 165 kilometr\u016f od Tbilisi, je jednou ze \u0161esti obc\u00ed v oblasti Samtskhe-Javakheti. Borjomi se nach\u00e1z\u00ed v severoz\u00e1padn\u00ed \u010d\u00e1sti oblasti, zasazen\u00e9 do malebn\u00e9 sout\u011bsky Borjomi, p\u0159il\u00e9haj\u00edc\u00ed k v\u00fdchodn\u00ed hranici n\u00e1rodn\u00edho parku Borjomi-Kharagauli.<\/p>","protected":false},"author":1,"featured_media":17555,"parent":13876,"menu_order":0,"comment_status":"closed","ping_status":"closed","template":"elementor_theme","meta":{"_eb_attr":"","footnotes":""},"class_list":["post-16512","page","type-page","status-publish","has-post-thumbnail"],"_links":{"self":[{"href":"https:\/\/travelshelper.com\/cs\/wp-json\/wp\/v2\/pages\/16512","targetHints":{"allow":["GET"]}}],"collection":[{"href":"https:\/\/travelshelper.com\/cs\/wp-json\/wp\/v2\/pages"}],"about":[{"href":"https:\/\/travelshelper.com\/cs\/wp-json\/wp\/v2\/types\/page"}],"author":[{"embeddable":true,"href":"https:\/\/travelshelper.com\/cs\/wp-json\/wp\/v2\/users\/1"}],"replies":[{"embeddable":true,"href":"https:\/\/travelshelper.com\/cs\/wp-json\/wp\/v2\/comments?post=16512"}],"version-history":[{"count":0,"href":"https:\/\/travelshelper.com\/cs\/wp-json\/wp\/v2\/pages\/16512\/revisions"}],"up":[{"embeddable":true,"href":"https:\/\/travelshelper.com\/cs\/wp-json\/wp\/v2\/pages\/13876"}],"wp:featuredmedia":[{"embeddable":true,"href":"https:\/\/travelshelper.com\/cs\/wp-json\/wp\/v2\/media\/17555"}],"wp:attachment":[{"href":"https:\/\/travelshelper.com\/cs\/wp-json\/wp\/v2\/media?parent=16512"}],"curies":[{"name":"wp","href":"https:\/\/api.w.org\/{rel}","templated":true}]}}