{"id":16260,"date":"2024-09-22T19:18:12","date_gmt":"2024-09-22T19:18:12","guid":{"rendered":"https:\/\/travelshelper.com\/staging\/?page_id=16260"},"modified":"2026-03-11T23:40:06","modified_gmt":"2026-03-11T23:40:06","slug":"otepaa","status":"publish","type":"page","link":"https:\/\/travelshelper.com\/cs\/destinations\/europe\/estonia\/otepaa\/","title":{"rendered":"Otep\u00e4\u00e4"},"content":{"rendered":"<p>M\u011bsto Otep\u00e4\u00e4, rozkl\u00e1daj\u00edc\u00ed se na nejvy\u0161\u0161\u00edch vrcholc\u00edch Estonska a prodchnut\u00e9 tis\u00edcilet\u00edmi lidsk\u00e9 p\u0159\u00edtomnosti, prol\u00edn\u00e1 starobyl\u00e1 opevn\u011bn\u00ed, oddanost a tradice, pr\u016fkopnick\u00e9 zimn\u00ed sporty a odoln\u00fd venkovsk\u00fd \u017eivot v jedine\u010dn\u00e9m p\u0159\u00edb\u011bhu. Po\u010d\u00e1tky Otep\u00e4\u00e4 sahaj\u00ed a\u017e do 6. stolet\u00ed p\u0159. n. l., jeho strategicky rozs\u00e1hl\u00e9 hradi\u0161t\u011b bylo sv\u011bdkem vikingsk\u00fdch vp\u00e1d\u016f a k\u0159i\u017e\u00e1ck\u00fdch obl\u00e9h\u00e1n\u00ed a jeho modern\u00ed identita jako \u201ezimn\u00edho hlavn\u00edho m\u011bsta\u201c Estonska byla formov\u00e1na v\u0161\u00edm od zem\u011bd\u011blsk\u00fdch veletrh\u016f a ceremoni\u00e1l\u016f vzty\u010dov\u00e1n\u00ed vlajky a\u017e po sv\u011btov\u00e9 b\u011b\u017eeck\u00e9 z\u00e1vody.<\/p>\n<p>Siluetu Otep\u00e4\u00e4 definuje Church Hill, jeho\u017e hol\u00e9 svahy se ty\u010d\u00ed do 152 metr\u016f nad mo\u0159em \u2013 nepravd\u011bpodobn\u00e1 vyv\u00fd\u0161enina v jinak ploch\u00e9m Estonsku, ale dostate\u010dn\u00e1 k tomu, aby m\u011bstu prop\u016fj\u010dila jedine\u010dn\u00e9 mikroklima a vyhl\u00eddku, kter\u00e1 p\u0159itahovala osadn\u00edky po v\u00edce ne\u017e dva tis\u00edce let. N\u00e1zev Otep\u00e4\u00e4, v ran\u00fdch jihoestonsk\u00fdch dialektech p\u0159ekl\u00e1dan\u00fd jako \u201eOttova hlava\u201c, evokuje siluetu medv\u011bda vytesanou \u00fastupem ledovc\u016f, p\u0159i\u010dem\u017e \u201eOtt\u201c slou\u017e\u00ed jako m\u00edstn\u00ed eufemismus pro tvora uct\u00edvan\u00e9ho i ob\u00e1van\u00e9ho ve stejn\u00e9 m\u00ed\u0159e. Pr\u00e1v\u011b zde, na strm\u00fdch v\u00fd\u0161in\u00e1ch toho, co se pozd\u011bji stalo zn\u00e1m\u00fdm jednodu\u0161e jako M\u011bstsk\u00fd vrch, se v 6. stolet\u00ed p\u0159. n. l. objevily nejstar\u0161\u00ed d\u0159ev\u011bn\u00e1 obydl\u00ed a zemn\u00ed valy, po nich\u017e n\u00e1sledovalo nep\u0159etr\u017eit\u00e9 os\u00eddlen\u00ed po cel\u00e9 7. a 8. stolet\u00ed \u2013 co\u017e sv\u011bd\u010d\u00ed o obrann\u00e9m potenci\u00e1lu m\u00edsta a jeho op\u011brn\u00e9m bodu na region\u00e1ln\u00edch obchodn\u00edch cest\u00e1ch.<\/p>\n<p>Roztrou\u0161en\u00e9 zbytky kamenn\u00fdch zd\u00ed a p\u0159\u00edkop\u016f sv\u011bd\u010d\u00ed o st\u0159edov\u011bk\u00e9 kapitole Otep\u00e4\u00e4, kdy byla pevnost v roce 1116 zdokumentov\u00e1na v rusk\u00fdch kronik\u00e1ch a znovu se stala \u00fast\u0159edn\u00edm bodem b\u011bhem severn\u00edch k\u0159\u00ed\u017eov\u00fdch v\u00fdprav. V roce 1208 byla pevnost poprv\u00e9 napadena k\u0159i\u017e\u00e1ky a t\u00e9m\u011b\u0159 o deset let pozd\u011bji m\u00edstn\u00ed obyvatel\u00e9 okoln\u00ed oblasti Ugala v roce 1217 odrazili vojska Kyjevsk\u00e9 Rusi, co\u017e je symbolem slo\u017eit\u00e9 souhry mezi k\u0159es\u0165anskou a pohanskou loajalitou. Do roku 1224 se situace nen\u00e1vratn\u011b zm\u011bnila. N\u011bme\u010dt\u00ed k\u0159i\u017e\u00e1ci pod z\u00e1\u0161titou biskupa Hermanna z Dorpatu srovnali d\u0159ev\u011bn\u00e9 palis\u00e1dy a na t\u011bch sam\u00fdch starobyl\u00fdch valech postavili prvn\u00ed kamennou pevnost Estonska. Tento nov\u00fd hrad \u2013 Kamenn\u00e1 pevnost \u2013 se rychle stal jednou z prvn\u00edch cihlov\u00fdch staveb v Pobalt\u00ed, jeho\u017e zdi byly navr\u017eeny tak, aby odolaly jak \u017eivl\u016fm, tak dal\u0161\u00edm n\u00e1jezd\u016fm.<\/p>\n<p>V\u00edra a politika z\u016fst\u00e1valy propleten\u00e9, zat\u00edmco Otep\u00e4\u00e4ho \u0161t\u011bst\u00ed kol\u00edsalo a ustupovalo. Tartu, biskupsk\u00e9 s\u00eddlo Dorpatsk\u00e9ho biskupstv\u00ed, zast\u00ednilo Otep\u00e4\u00e4 ve 14. stolet\u00ed a pevnost na vrcholu kopce zpustla. Protich\u016fdn\u00e9 z\u00e1znamy nazna\u010duj\u00ed opu\u0161t\u011bn\u00ed kolem roku 1396 b\u011bhem vnit\u0159n\u00edch boj\u016f s Livonsk\u00fdm \u0159\u00e1dem, a\u010dkoli n\u011bkte\u0159\u00ed archeologov\u00e9 se domn\u00edvaj\u00ed, \u017ee os\u00eddlen\u00ed trvalo a\u017e do roku 1477. Mezi zanechan\u00fdmi poz\u016fstatky byl pozoruhodn\u00fd artefakt: nejstar\u0161\u00ed dochovan\u00e1 st\u0159eln\u00e1 zbra\u0148 v Evrop\u011b, objeven\u00e1 v kamenn\u00e9m zdivu hradu a datovan\u00e1 p\u0159inejmen\u0161\u00edm do roku 1396. Toto primitivn\u00ed ru\u010dn\u00ed d\u011blo nab\u00edz\u00ed jedine\u010dn\u00fd vhled do pozdn\u011b st\u0159edov\u011bk\u00e9ho v\u00e1l\u010den\u00ed a podtrhuje m\u00edsto Otep\u00e4\u00e4 na k\u0159i\u017eovatce vyv\u00edjej\u00edc\u00ed se vojensk\u00e9 technologie.<\/p>\n<p>N\u00e1sledovala stalet\u00ed zem\u011bd\u011blsk\u00e9ho \u017eivota, ne\u017e se Otep\u00e4\u00e4 v roce 1862 znovuobjevilo pod n\u00e1zvem Nuustaku, kdy byla osad\u011b ud\u011blena m\u011bstsk\u00e1 pr\u00e1va. Tato zm\u011bna se uk\u00e1zala jako slibn\u00e1. V roce 1876 uspo\u0159\u00e1daly v kosteln\u00edm panstv\u00ed Nuustaku region\u00e1ln\u00ed zem\u011bd\u011blsk\u00e9 spole\u010dnosti ustavuj\u00edc\u00ed veletrh, kter\u00fd ohla\u0161oval probuzen\u00ed estonsk\u00e9ho venkova. O osm let pozd\u011bji, 4. \u010dervna 1884, byla ve skromn\u00fdch prostor\u00e1ch kostela form\u00e1ln\u011b odhalena trikol\u00f3ra, kter\u00e1 se stala estonskou n\u00e1rodn\u00ed vlajkou. Slavnostn\u00ed ceremoni\u00e1l zorganizovala Estonsk\u00e1 studentsk\u00e1 spole\u010dnost a m\u011bl rezonovat s \u00fasil\u00edm zem\u011b o sebeur\u010den\u00ed. N\u00e1zev Nuustaku se udr\u017eel a\u017e do roku 1922, kdy byl obnoven historick\u00fd n\u00e1zev Otep\u00e4\u00e4 \u2013 akt kulturn\u00ed rekultivace \u2013 a v roce 1936 byla osada op\u011bt pov\u00fd\u0161ena na m\u011bsto.<\/p>\n<p>N\u00e1bo\u017eensk\u00e1 architektura v Otep\u00e4\u00e4 odr\u00e1\u017e\u00ed tyto vrstevnat\u00e9 d\u011bjiny. Kostel sv. Marie s v\u011b\u017e\u00ed dosahuj\u00edc\u00ed pades\u00e1ti jedna metr\u016f k nebi zauj\u00edm\u00e1 m\u00edsto uct\u00edv\u00e1n\u00ed sahaj\u00edc\u00ed a\u017e do st\u0159edov\u011bku. J\u00e1dro sou\u010dasn\u00e9 budovy poch\u00e1z\u00ed z 60. let 19. stolet\u00ed, ale stavba pro\u0161la v letech 1889 a\u017e 1890 v\u00fdznamnou p\u0159estavbou pod veden\u00edm architekta R. Gulekeho. P\u0159esto se i uprost\u0159ed t\u011bchto viktori\u00e1nsk\u00fdch ozdob dochovaly fragmenty star\u0161\u00edho kamenick\u00e9ho zdiva: z\u00e1mek dve\u0159\u00ed z roku 1772, prvky ch\u00f3ru z n\u011bkolika f\u00e1z\u00ed a zvon darovan\u00fd finskou farnost\u00ed Wihti teprve v roce 1992.<\/p>\n<p>Geografie a geologie se spiknou p\u0159i obohacov\u00e1n\u00ed p\u0159\u00edrodn\u00ed kr\u00e1sy i rekrea\u010dn\u00edho potenci\u00e1lu Otep\u00e4\u00e4. M\u011bsto, le\u017e\u00edc\u00ed v zvln\u011bn\u00fdch kontur\u00e1ch Otep\u00e4\u00e4sk\u00e9 pahorkatiny, le\u017e\u00ed v srdci rekrea\u010dn\u00ed oblasti o rozloze t\u00e9m\u011b\u0159 2 859 kilometr\u016f \u010dtvere\u010dn\u00edch, kter\u00e1 je protkan\u00e1 nespo\u010dtem jezer. Nejv\u00fdznamn\u011bj\u0161\u00edm z nich je jezero P\u00fchaj\u00e4rv, jeho\u017e ledovcov\u00e1 p\u00e1nev se t\u0159pyt\u00ed dva a p\u016fl kilometru jihoz\u00e1padn\u011b od centra m\u011bsta. V l\u00e9t\u011b b\u0159ehy jezera hu\u010d\u00ed ot\u00e1\u010den\u00edm vesel, sm\u00edchem rodin piknikuj\u00edc\u00edch pod star\u00fdmi borovicemi a sout\u011b\u017eemi Saku Suverull, kde se \u0161pi\u010dkov\u00ed sjezda\u0159i state\u010dn\u011b pou\u0161t\u011bj\u00ed do sucha na zalesn\u011bn\u00fdch svaz\u00edch. V zim\u011b se zamrzl\u00fd povrch m\u011bn\u00ed v hladkou plochu pro bruslen\u00ed a pro hosty, kte\u0159\u00ed hledaj\u00ed samotu, v z\u00e1\u017eitek osam\u011bl\u00e9ho odrazu uprost\u0159ed rozlehl\u00fdch b\u00edl\u00fdch pol\u00ed.<\/p>\n<p>V samotn\u00e9m m\u011bst\u011b se nach\u00e1z\u00ed Turistick\u00e9 informa\u010dn\u00ed centrum \u2013 kter\u00e9 s\u00eddl\u00ed ve stejn\u00e9 budov\u011b jako autobusov\u00e9 n\u00e1dra\u017e\u00ed a nab\u00edz\u00ed podrobn\u00e9 pr\u016fvodce po m\u00edstn\u00edch tras\u00e1ch, itiner\u00e1\u0159e pro aktivn\u00ed i zamy\u0161len\u00e9 n\u00e1v\u0161t\u011bvn\u00edky a skromn\u00fd v\u00fdb\u011br suven\u00fdr\u016f. Autobusy pravideln\u011b p\u0159ij\u00ed\u017ed\u011bj\u00ed z Tartu, Valgy, V\u00f5ru a dal\u0161\u00edch m\u011bst, zat\u00edmco st\u00e1tn\u00ed silnice M2, B46, M3 a B71 spojuj\u00ed Otep\u00e4\u00e4 autem s body na sever, jih, v\u00fdchod a z\u00e1pad. Jakmile n\u00e1v\u0161t\u011bvn\u00edk vystoup\u00ed v kompaktn\u00edm centru m\u011bsta, zjist\u00ed, \u017ee ch\u016fze je i nad\u00e1le nejuspokojiv\u011bj\u0161\u00edm zp\u016fsobem, jak vst\u0159ebat \u00fazk\u00e9 uli\u010dky m\u011bsta, shluky obchod\u016f a alt\u00e1ny s v\u00fdhledy na kopce ty\u010d\u00edc\u00ed se hned za n\u00edm.<\/p>\n<p>Hlavn\u00ed atrakce Otep\u00e4\u00e4 odm\u011bn\u00ed jak zv\u011bdav\u00e9 historiky, tak i vyznava\u010de jemn\u00e9 duchovn\u00ed geometrie. Z\u0159\u00edcenina biskupsk\u00e9ho hradu korunuje M\u011bstsk\u00fd pahorek s v\u00fd\u0161kou 165,6 metru \u2013 buben z doby ledov\u00e9, vytesan\u00fd p\u0159ed t\u0159in\u00e1cti tis\u00edci lety a opevn\u011bn\u00fd p\u0159ed tis\u00edci lety. Dochovalo se jen n\u011bkolik zd\u011bn\u00fdch zd\u00ed, p\u0159esto ka\u017ed\u00fd zlomen\u00fd oblouk a mechem pokryt\u00fd k\u00e1men evokuje pr\u00e1ci st\u0159edov\u011bk\u00fdch stavitel\u016f a z\u00e1chvaty minul\u00fdch obl\u00e9h\u00e1n\u00ed. Nedaleko se nach\u00e1z\u00ed m\u00edsto zn\u00e1m\u00e9 jako Kamenn\u00fd labyrint a energetick\u00e9 centrum, kter\u00e9 kombinuje um\u011bn\u00ed geometrie a ritu\u00e1l\u016f: jeden\u00e1ctimetrov\u00e1 spir\u00e1la z kamen\u016f, kter\u00e1 p\u0159ipom\u00edn\u00e1 design Chartres ve Francii, dopln\u011bn\u00e1 stanem ve tvaru t\u00fdp\u00ed. Vedle stoj\u00ed d\u0159ev\u011bn\u00fd Energetick\u00fd sloup, postaven\u00fd v roce 1992, jeho\u017e vy\u0159ez\u00e1van\u00e9 tvary a sedadla byly um\u00edst\u011bny podle princip\u016f pozitivn\u00edho uspo\u0159\u00e1d\u00e1n\u00ed pole. M\u00edstn\u00ed v\u00edra prav\u00ed, \u017ee st\u00e1n\u00ed u z\u00e1kladny sloupu a n\u00e1sledn\u00fd dotyk jeho povrchu m\u016f\u017ee p\u0159in\u00e9st obnovuj\u00edc\u00ed pocit vitality.<\/p>\n<p>Muzea v Otep\u00e4\u00e4 odr\u00e1\u017eej\u00ed propleten\u00e9 d\u011bdictv\u00ed zimn\u00edch sport\u016f a n\u00e1rodn\u00ed identity. Ly\u017ea\u0159sk\u00e9 muzeum a muzeum estonsk\u00e9 vlajky s\u00eddl\u00ed v zrekonstruovan\u00e9 budov\u011b st\u00e1j\u00ed a chronologicky dokumentuj\u00ed jak v\u00fdkony sportovc\u016f olympijsk\u00e9 \u00farovn\u011b, jako byli Andrus Veerpalu a Kristina \u0160migun, tak i vznik estonsk\u00e9 vlajky. Jen p\u00e1r krok\u016f odtud se nach\u00e1z\u00ed Muzeum zimn\u00edch sport\u016f, kter\u00e9 uchov\u00e1v\u00e1 pam\u00e1tky na vybaven\u00ed, medaile a \u00fastn\u00ed tradice, ilustruj\u00edc\u00ed, jak odhodl\u00e1n\u00ed ve sn\u011bhu pomohlo utv\u00e1\u0159et postaven\u00ed Estonska v seversko-baltsk\u00fdch sout\u011b\u017e\u00edch.<\/p>\n<p>Za bezprost\u0159edn\u00edm okol\u00edm m\u011bsta \u010dekaj\u00ed panoramatick\u00e9 v\u00fdhledy. Vyhl\u00eddkov\u00e1 v\u011b\u017e Harim\u00e4e, ty\u010d\u00edc\u00ed se na vrcholu kopce Harim\u00e4gi, nab\u00edz\u00ed dvacet \u010dty\u0159i metr\u016f vysokou plo\u0161inu, ze kter\u00e9 lze pozorovat zvln\u011bnou mozaiku horsk\u00fdch farem, b\u0159ezov\u00fdch porost\u016f a vzd\u00e1len\u00fd t\u0159pyt jezera P\u00fchaj\u00e4rv. Pam\u00e1tn\u00edk p\u0159ipom\u00edn\u00e1 n\u00e1v\u0161t\u011bvu dalajl\u00e1my, jeho\u017e vystoupen\u00ed v roce 1991 zd\u016fraznilo ne\u010dekanou roli Otep\u00e4\u00e4 jako \u00fato\u010di\u0161t\u011b pro duchovn\u00ed dialog.<\/p>\n<p>Naproti tomu skokansk\u00fd m\u016fstek Tehvandi nab\u00edz\u00ed mnohem intenzivn\u011bj\u0161\u00ed vzru\u0161en\u00ed. A\u010dkoli je v zim\u011b otev\u0159en pouze po p\u0159edchoz\u00ed domluv\u011b, \u017eeb\u0159\u00edky a plo\u0161iny v\u011b\u017ee poskytuj\u00ed adrenalinov\u00fd v\u00fdhled, kter\u00fd evokuje z\u00e1vratnou kr\u00e1su, kterou vrcholov\u00ed skokani vyhled\u00e1vaj\u00ed b\u011bhem n\u00e1rodn\u00edch sout\u011b\u017e\u00ed. Podobn\u011b se v dosahu rozkl\u00e1d\u00e1 p\u0159\u00edrodn\u00ed park Otep\u00e4\u00e4, jeho\u017e lesn\u00ed stezky nab\u00edzej\u00ed klidn\u00e9 cesty pro\u0159ez\u00e1van\u00e9 mechem porostl\u00fdmi humny a m\u00fdtiny, kde se lze zastavit k odpo\u010dinku nebo sledovat nen\u00e1padn\u00e9ho zaj\u00edce.<\/p>\n<p>Sez\u00f3nn\u00ed rytmy pulzuj\u00ed kalend\u00e1\u0159em Otep\u00e4\u00e4. Letn\u00ed koncerty na vodn\u00edch p\u00f3di\u00edch v r\u00e1mci hudebn\u00edho festivalu Leigo Lake Music Festival l\u00e1kaj\u00ed tis\u00edce lid\u00ed na ostrovn\u00ed plo\u0161inu, kde s p\u0159ich\u00e1zej\u00edc\u00edm soumrakem vystupuj\u00ed violoncellist\u00e9 a klav\u00edrist\u00e9. Mezi klidn\u011bj\u0161\u00ed aktivity pat\u0159\u00ed t\u00fary s pr\u016fvodcem po kopc\u00edch lemovan\u00fdch borovicemi a n\u00e1v\u0161t\u011bvy tradi\u010dn\u00edch kou\u0159ov\u00fdch saun n\u00e1sledovan\u00e9 pono\u0159en\u00edm do ledem nabran\u00fdch d\u011br \u2013 smyslov\u00e9ho kontrapunktu k horku a p\u00e1\u0159e a trval\u00e9ho estonsk\u00e9 o\u010distn\u00e9ho ritu\u00e1lu.<\/p>\n<p>Kdy\u017e se za\u010dne hromadit sn\u00edh, Otep\u00e4\u00e4 se prom\u011bn\u00ed. Ly\u017ea\u0159i se sj\u00ed\u017ed\u011bj\u00ed na svahy sportovn\u00edho st\u0159ediska Munakas a upraven\u00e9 trat\u011b rekrea\u010dn\u00edho st\u0159ediska Kuutsem\u00e4e, kam mechanick\u00e9 vleky vyv\u00e1\u017eej\u00ed nad\u0161ence tou\u017e\u00edc\u00ed po sjezdu. B\u011b\u017eka\u0159i si u\u017e\u00edvaj\u00ed \u0161irokou s\u00ed\u0165 stezek Otep\u00e4\u00e4, kter\u00e9 za\u010d\u00ednaj\u00ed u stadionu pobl\u00ed\u017e okraje m\u011bsta. Zde se sn\u00edh nasb\u00edran\u00fd v chladn\u011bj\u0161\u00edch m\u011bs\u00edc\u00edch skladuje a p\u0159erozd\u011bluje, aby byl zaji\u0161t\u011bn spolehliv\u00fd okruh, v\u010detn\u011b 2,5kilometrov\u00e9 okru\u017en\u00ed trasy, kter\u00e1 slou\u017e\u00ed jak jako tr\u00e9ninkov\u00e9 h\u0159i\u0161t\u011b, tak i jako ve\u0159ejn\u00e1 cesta. Legend\u00e1rn\u00ed maraton Otep\u00e4\u00e4\u2013Tartu se m\u011b\u0159\u00ed \u0161edes\u00e1t t\u0159i kilometr\u016f a jeho tra\u0165 vede lesem, zamrzl\u00fdmi ba\u017einami a okraji dvou historick\u00fdch m\u011bst. Mimo tuto v\u00fdznamnou akci se m\u00edstn\u00ed i n\u00e1v\u0161t\u011bvn\u00edci \u00fa\u010dastn\u00ed sout\u011b\u017ee v lovu ryb na led\u011b Zlat\u00e1 rybka, kde si s bambusov\u00fdmi pruty a h\u00e1\u010dky s n\u00e1vnadou vyb\u00edraj\u00ed m\u00edsto na ledov\u00e9m p\u0159\u00edkrovu P\u00fchaj\u00e4rvu.<\/p>\n<p>Pro ty, kte\u0159\u00ed hledaj\u00ed m\u00e9n\u011b strukturovanou z\u00e1bavu, je zde jezero \u2013 kdy\u017e je bez sn\u011bhu \u2013 kter\u00e9 umo\u017e\u0148uje p\u016fj\u010den\u00ed brusl\u00ed v posilovn\u011b l\u00e1ze\u0148sk\u00e9ho hotelu, zat\u00edmco kr\u00e1tk\u00e1 j\u00edzda autem v\u00e1s dovede k dr\u00e1ze na sn\u011b\u017en\u00fdch sk\u00fatrech s dopravn\u00edkov\u00fdm v\u00fdtahem a \u00fa\u010delov\u00fdm svahem. Sn\u011b\u017en\u00e9 sk\u00fatry \u2013 pevn\u00e9 r\u00e1my s \u0159\u00edd\u00edtky p\u0159ipevn\u011bn\u00fdmi k ly\u017e\u00edm \u2013 nab\u00edzej\u00ed neortodoxn\u00ed zp\u016fsoby, jak se pohybovat po zhutn\u011bn\u00fdch stezk\u00e1ch i zmrzl\u00e9m povrchu; ve\u0161ker\u00e9 vybaven\u00ed lze z\u00edskat od zku\u0161en\u00fdch majitel\u016f Suusarentu, jejich\u017e rady ohledn\u011b podm\u00ednek a bezpe\u010dnosti jsou stejn\u011b neoceniteln\u00e9 jako jejich robustn\u00ed p\u016fj\u010dovny.<\/p>\n<p>Otep\u00e4\u00e4ho magnetismus spo\u010d\u00edv\u00e1 v jeho schopnosti sladit extr\u00e9my: starov\u011bk\u00e9 ruiny a \u0161pi\u010dkovou atletiku, ticho a spole\u010dn\u00e9 oslavy, ritu\u00e1ln\u00ed v\u00edru a v\u011bdeck\u00e9 vzd\u011bl\u00e1n\u00ed. A\u0165 u\u017e je n\u011b\u010d\u00edm c\u00edlem sledovat ozv\u011bnu krok\u016f k\u0159i\u017e\u00e1k\u016f mezi mechem porostl\u00fdmi kameny, hledat \u00fat\u011bchu v kadenci ly\u017e\u00ed klouzaj\u00edc\u00edch vzduchem von\u00edc\u00edm jedlemi, nebo prost\u011b jen st\u00e1t na vrcholu zasn\u011b\u017een\u00e9ho kopce a sledovat, jak z\u00e1pad slunce zlat\u00ed tich\u00fd b\u00edl\u00fd sv\u011bt, Otep\u00e4\u00e4 nab\u00edz\u00ed jak pevnost historie, tak i radost z mo\u017enost\u00ed. V estonsk\u00fdch an\u00e1lech nep\u0159etrv\u00e1v\u00e1 jako zmrzl\u00e1 relikvie, ale jako \u017eivouc\u00ed komunita, jej\u00ed\u017e tradice \u2013 \u017eelezn\u00e9 discipl\u00edny a up\u0159\u00edmn\u00e9 dru\u017enosti \u2013 ji nad\u00e1le formuj\u00ed a poh\u00e1n\u011bj\u00ed vp\u0159ed.<\/p>","protected":false},"excerpt":{"rendered":"<p>Otep\u00e4\u00e4, kter\u00fd se nach\u00e1z\u00ed v ji\u017en\u00edm Estonsku, je p\u0159\u00edkladem n\u00e1rodn\u00edho historick\u00e9ho v\u00fdznamu a p\u0159\u00edrodn\u00ed krajiny. Toto m\u011bsto, kter\u00e9 se nach\u00e1z\u00ed v kraji Valga, funguje jako spr\u00e1vn\u00ed centrum farnosti Otep\u00e4\u00e4 a m\u00e1 obyvatelstvo, kter\u00e9 t\u011b\u017e\u00ed ze sv\u00e9ho postaven\u00ed p\u0159edn\u00ed estonsk\u00e9 destinace zimn\u00edch sport\u016f. Otep\u00e4\u00e4, le\u017e\u00edc\u00ed v nadmo\u0159sk\u00e9 v\u00fd\u0161ce a\u017e 152 metr\u016f nad mo\u0159em, je uzn\u00e1v\u00e1no jako nejv\u00fd\u0161e polo\u017een\u00e9 m\u011bsto Estonska, co\u017e v\u00fdrazn\u011b zvy\u0161uje jeho p\u0159ita\u017elivost jako ly\u017ea\u0159sk\u00e9 st\u0159edisko.<\/p>","protected":false},"author":1,"featured_media":19093,"parent":14240,"menu_order":0,"comment_status":"closed","ping_status":"closed","template":"elementor_theme","meta":{"_eb_attr":"","footnotes":""},"class_list":["post-16260","page","type-page","status-publish","has-post-thumbnail"],"_links":{"self":[{"href":"https:\/\/travelshelper.com\/cs\/wp-json\/wp\/v2\/pages\/16260","targetHints":{"allow":["GET"]}}],"collection":[{"href":"https:\/\/travelshelper.com\/cs\/wp-json\/wp\/v2\/pages"}],"about":[{"href":"https:\/\/travelshelper.com\/cs\/wp-json\/wp\/v2\/types\/page"}],"author":[{"embeddable":true,"href":"https:\/\/travelshelper.com\/cs\/wp-json\/wp\/v2\/users\/1"}],"replies":[{"embeddable":true,"href":"https:\/\/travelshelper.com\/cs\/wp-json\/wp\/v2\/comments?post=16260"}],"version-history":[{"count":0,"href":"https:\/\/travelshelper.com\/cs\/wp-json\/wp\/v2\/pages\/16260\/revisions"}],"up":[{"embeddable":true,"href":"https:\/\/travelshelper.com\/cs\/wp-json\/wp\/v2\/pages\/14240"}],"wp:featuredmedia":[{"embeddable":true,"href":"https:\/\/travelshelper.com\/cs\/wp-json\/wp\/v2\/media\/19093"}],"wp:attachment":[{"href":"https:\/\/travelshelper.com\/cs\/wp-json\/wp\/v2\/media?parent=16260"}],"curies":[{"name":"wp","href":"https:\/\/api.w.org\/{rel}","templated":true}]}}