{"id":16242,"date":"2024-09-22T19:00:46","date_gmt":"2024-09-22T19:00:46","guid":{"rendered":"https:\/\/travelshelper.com\/staging\/?page_id=16242"},"modified":"2026-03-11T23:15:39","modified_gmt":"2026-03-11T23:15:39","slug":"podebrady","status":"publish","type":"page","link":"https:\/\/travelshelper.com\/cs\/destinations\/europe\/czech-republic\/podebrady\/","title":{"rendered":"Pod\u011bbrady"},"content":{"rendered":"<p>Pod\u011bbrady se rozkl\u00e1daj\u00ed na m\u00edrn\u00e9m oblouku \u0159eky Labe. Jejich kompaktn\u00ed l\u00e1ze\u0148sk\u00e1 \u010dtvr\u0165 a historick\u00e9 j\u00e1dro le\u017e\u00ed pouh\u00fdch \u010dty\u0159icet kilometr\u016f v\u00fdchodn\u011b od Prahy pod\u00e9l modern\u00ed d\u00e1lnice D11. Katastr\u00e1ln\u00ed \u00fazem\u00ed m\u011bsta o rozloze p\u0159ibli\u017en\u011b 33,7 kilometr\u016f \u010dtvere\u010dn\u00edch le\u017e\u00ed v rozlehl\u00e9 Polabsk\u00e9 n\u00ed\u017ein\u011b, jej\u00ed\u017e nadmo\u0159sk\u00e1 v\u00fd\u0161ka se sotva pohybuje mezi 184 a 190 metry nad mo\u0159em. Tato rozm\u011brn\u00e1, intenzivn\u011b obd\u011bl\u00e1van\u00e1 rovina, ale p\u0159eru\u0161ovan\u00e1 fragmenty lu\u017en\u00edho lesa, \u017eivila lidsk\u00e9 os\u00eddlen\u00ed ji\u017e od doby, kdy nejstar\u0161\u00ed paleolitick\u00e9 lovci sledovali zv\u011b\u0159 pod\u00e9l meandruj\u00edc\u00edch b\u0159eh\u016f \u0159eky.<\/p>\n<p>Od t\u011bch vzd\u00e1len\u00fdch tis\u00edcilet\u00ed a\u017e do sou\u010dasnosti je osud Pod\u011bbrad \u00fazce spjat s jejich vodn\u00edmi toky. V roce 1262 kr\u00e1l P\u0159emysl Otakar II. rozpoznal strategickou i estetickou hodnotu tohoto m\u00edsta. Na m\u00edst\u011b, kde st\u00e1lo jednoduch\u00e9 opevn\u011bn\u00e9 s\u00eddlo, kter\u00e9 ukotvovalo osadu na b\u0159ehu \u0159eky, nechal postavit kamenn\u00fd vodn\u00ed hrad. B\u011bhem n\u00e1sleduj\u00edc\u00edch stalet\u00ed byla p\u016fvodn\u00ed pevnost p\u0159etvo\u0159ena v elegantn\u00ed z\u00e1mek Pod\u011bbrady, jeho\u017e monot\u00f3nn\u00ed zdivo a p\u016fvabn\u00e9 n\u00e1dvo\u0159\u00ed se staly j\u00e1drem, kolem kter\u00e9ho se formovala identita m\u011bsta.<\/p>\n<p>Rod Kun\u0161t\u00e1t\u016f, pozd\u011bji naz\u00fdvan\u00fd Kun\u0161t\u00e1t\u2011Pod\u011bbrad\u0161t\u00ed, si zde zajistil trval\u00fd odkaz. Pod jejich spr\u00e1vou, zejm\u00e9na pod veden\u00edm Ji\u0159\u00edho z Pod\u011bbrad, panstv\u00ed vzkv\u00e9talo. V roce 1472 Ji\u0159\u00edkovi synov\u00e9 formalizovali osad\u011b statut m\u011bsta a ud\u011blili j\u00ed privilegia a povinnosti m\u011bsta. Po Ji\u0159\u00edho n\u00e1stupu na tr\u016fn si Pod\u011bbrady z\u00edskaly presti\u017e i kr\u00e1lovskou patronaci, kter\u00e1 udr\u017eovala jejich prosperitu a\u017e do pozdn\u00edho st\u0159edov\u011bku. Spr\u00e1va p\u0159e\u0161la v roce 1495 na kr\u00e1lovskou komoru a v roce 1839 do soukrom\u00fdch rukou v\u00edde\u0148sk\u00e9ho finan\u010dn\u00edka Georga von Sina.<\/p>\n<p>P\u0159esto byl to rok 1905, kter\u00fd nen\u00e1vratn\u011b zm\u011bnil \u00fa\u010del Pod\u011bbrad. Miner\u00e1ln\u00ed pramen, vyv\u011braj\u00edc\u00ed v hloubce t\u00e9m\u011b\u0159 devades\u00e1ti osmi metr\u016f na n\u00e1dvo\u0159\u00ed z\u00e1mku, odhalil uhli\u010ditou vodu bohatou na \u017eelezo s \u00fadajn\u00fdmi l\u00e9\u010div\u00fdmi vlastnostmi. Do roku 1908 st\u00e1l prvn\u00ed l\u00e1ze\u0148sk\u00fd pavilon a v n\u00e1sleduj\u00edc\u00edch desetilet\u00edch m\u011bsto dosp\u011blo jako centrum l\u00e9\u010dby kardiovaskul\u00e1rn\u00edch onemocn\u011bn\u00ed. Jeho park ve st\u00ednu borovic, zalo\u017een\u00fd ve 30. letech 20. stolet\u00ed podle n\u00e1vrh\u016f Vojt\u011bcha Kerharta, se roz\u0161i\u0159oval sm\u011brem k vlakov\u00e9mu n\u00e1dra\u017e\u00ed, kter\u00e9 se v roce 1932 stalo prvn\u00ed funkcionalistickou kone\u010dnou stanic\u00ed v \u010cech\u00e1ch.<\/p>\n<p>L\u00e1ze\u0148sk\u00fd park je dnes centrem m\u011bstsk\u00e9ho \u017eivota, rozlehl\u00fdm prostranstv\u00edm, kde litinov\u00e9 kolon\u00e1dy ukr\u00fdvaj\u00ed font\u00e1ny s miner\u00e1ln\u00ed vodou a slavn\u00e9 kv\u011btinov\u00e9 hodiny odm\u011b\u0159uj\u00ed plynouc\u00ed hodiny vedle rozmarn\u00e9ho bronzov\u00e9ho trpasl\u00edka, kter\u00fd odb\u00edj\u00ed \u010das. Po jeho obvodu se ty\u010d\u00ed vily a penziony od Josefa Fanty, za\u0159\u00edzen\u00ed jako Libensk\u00fd l\u00e1ze\u0148sk\u00fd d\u016fm a budovy Centr\u00e1ln\u00edch a Letn\u00edch l\u00e1zn\u00ed, jejich\u017e \u010dist\u00e9 linie vypov\u00eddaj\u00ed o meziv\u00e1le\u010dn\u00e9m p\u0159ijet\u00ed modernity.<\/p>\n<p>Historick\u00e9 centrum Pod\u011bbrad, chr\u00e1n\u011bn\u00e9 od roku 1992 jako m\u011bstsk\u00e1 pam\u00e1tkov\u00e1 z\u00f3na, si zachov\u00e1v\u00e1 charakteristick\u00e9 rysy st\u0159edov\u011bk\u00e9 a ran\u011b novov\u011bk\u00e9 z\u00e1stavby. Na Ji\u0159\u00edm n\u00e1m\u011bst\u00ed se dodnes nach\u00e1z\u00ed z\u00e1meck\u00e1 br\u00e1na a pomn\u00edk kr\u00e1le Ji\u0159\u00edho z 19. stolet\u00ed od Bohuslava Schnircha, jeden z vrchol\u016f \u010desk\u00e9ho monument\u00e1ln\u00edho socha\u0159stv\u00ed. Mari\u00e1nsk\u00fd sloup z roku 1765 je st\u0159\u00edzliv\u00fdm sv\u011bdectv\u00edm o moru z roku 1714. Po stran\u00e1ch n\u00e1m\u011bst\u00ed se nach\u00e1zej\u00ed m\u011bstsk\u00e9 pam\u00e1tky: renesan\u010dn\u00ed Star\u00e1 radnice, dnes m\u011bstsk\u00e1 knihovna; novorenesan\u010dn\u00ed radnice z roku 1906; a budova m\u011bstsk\u00e9 spo\u0159itelny z roku 1899, jej\u00ed\u017e elegantn\u00ed fas\u00e1da p\u0159ipom\u00edn\u00e1 sebev\u011bdom\u00ed rakousko-uhersk\u00e9 \u0159\u00ed\u0161e z konce stolet\u00ed.<\/p>\n<p>Krom\u011b t\u011bchto kl\u00ed\u010dov\u00fdch lokalit m\u011bsto vykazuje postupn\u00e9 f\u00e1ze r\u016fstu. \u010ctvr\u0165 B\u011blidla vznikla v\u00fdchodn\u011b od kostela Pov\u00fd\u0161en\u00ed svat\u00e9ho K\u0159\u00ed\u017ee v polovin\u011b 18. stolet\u00ed, zat\u00edmco p\u0159edm\u011bst\u00ed Hr\u00e1z vzniklo na odvodn\u011bn\u00e9m dn\u011b star\u00e9ho p\u0159edm\u011bstsk\u00e9ho rybn\u00edka. P\u0159\u00edchod \u017eeleznice v roce 1870 a jej\u00ed n\u00e1sledn\u00e9 zdvojkolejn\u011bn\u00ed a elektrifikace podn\u00edtily expanzi do modern\u00ed zahradn\u00ed \u010dtvrti navr\u017een\u00e9 Franti\u0161kem Jandou, dnes zn\u00e1m\u00e9 jako \u017di\u017ekov. Sv\u00e9 stopy zanechal i neofunkcionalismus, od budov zem\u011bd\u011blsk\u00e9 \u0161koly a po\u0161ty od Kerharta a\u017e po \u010ceskoslovenskou husitskou c\u00edrkev od Josefa Semer\u00e1da.<\/p>\n<p>V \u0161ir\u0161\u00edm okol\u00ed je p\u0159\u00edroda bujn\u00e1. Slep\u00e9 rameno Labe, m\u00edstn\u011b zn\u00e1m\u00e9 jako Skupice, p\u0159ipom\u00edn\u00e1 d\u0159\u00edv\u011bj\u0161\u00ed tok \u0159eky p\u0159ed regulac\u00ed. V\u00fdchodn\u011b pod\u00e9l \u0159eky Cidliny le\u017e\u00ed n\u00e1rodn\u00ed p\u0159\u00edrodn\u00ed rezervace Libick\u00fd luh, dochovan\u00fd fragment rozlehl\u00fdch lu\u017en\u00edch les\u016f, kter\u00e9 kdysi pokr\u00fdvaly n\u00ed\u017einu. V bl\u00edzkosti se nach\u00e1zej\u00ed porostn\u00ed rezervace \u017dehu\u0148sk\u00e1 obora, p\u00eds\u010dit\u00e9 m\u011bl\u010diny P\u00edse\u010dn\u00e9ho presypu, zalesn\u011bn\u00e1 B\u00e1\u0148 a vini\u010dn\u00ed kopce Vinn\u00fd vrch. Relativn\u011b tepl\u00e9 klima regionu \u2013 s pr\u016fm\u011brnou ro\u010dn\u00ed teplotou kolem 9 \u00b0C \u2013 p\u0159in\u00e1\u0161\u00ed brzk\u00e9 jaro a pozdn\u00ed podzim; sn\u00edh se z\u0159\u00eddka zdr\u017e\u00ed d\u00e9le ne\u017e n\u011bkolik dn\u00ed, zat\u00edmco zimn\u00ed inverze a zmrzl\u00e9 mlhy dod\u00e1vaj\u00ed \u0159\u00ed\u010dn\u00ed krajin\u011b stroh\u00e9 kouzlo.<\/p>\n<p>Demograficky si Pod\u011bbrady dlouhodob\u011b udr\u017eovaly skromn\u00e9 \u200b\u200brozlohy. Jeho zhruba patn\u00e1ct tis\u00edc obyvatel zab\u00edr\u00e1 p\u011bt katastr\u00e1ln\u00edch \u00fazem\u00ed \u2013 samotn\u00e9 Pod\u011bbrady, Polabec, Velk\u00e9 Zbo\u017e\u00ed, Kluk a P\u0159edn\u00ed Lhota \u2013 rozkl\u00e1daj\u00edc\u00edch se na 3 369,7 hektarech. Podle s\u010d\u00edt\u00e1n\u00ed lidu z roku 2001 se t\u00e9m\u011b\u0159 dv\u011b t\u0159etiny obyvatel nehl\u00e1sily k \u017e\u00e1dn\u00e9mu vyzn\u00e1n\u00ed; z t\u011bch, kte\u0159\u00ed ano, z\u016fstala dominantou \u0159\u00edmskokatolick\u00e1 c\u00edrkev. Pod\u011bbrady, kdysi domov mal\u00e9 \u017eidovsk\u00e9 komunity, stejn\u011b jako mnoho st\u0159edoevropsk\u00fdch m\u011bst za\u017eily jej\u00ed p\u0159\u00edtomnost zaniknut\u00ed b\u011bhem holocaustu.<\/p>\n<p>Kultura v Pod\u011bbradech se odehr\u00e1v\u00e1 na komorn\u00edm, m\u00edstn\u00edm jevi\u0161ti. Divadlo Na Kov\u00e1rn\u011b a Z\u00e1meck\u00e9 kino se nach\u00e1zej\u00ed na n\u00e1dvo\u0159\u00edch z\u00e1mku, p\u0159i\u010dem\u017e p\u016fvodn\u00ed prostor pojme 233 n\u00e1v\u0161t\u011bvn\u00edk\u016f v prostoru zrestaurovan\u00e9m do podoby z 19. stolet\u00ed. Polabsk\u00e9 muzeum s\u00eddl\u00ed v b\u00fdval\u00e9m st\u0159edov\u011bk\u00e9m \u0161pit\u00e1le, zalo\u017een\u00e9m Kunhutou ze \u0160ternberka, jeho\u017e barokn\u00ed fas\u00e1da lemuje vnit\u0159n\u00ed stavby: kapli, kde se nyn\u00ed nach\u00e1z\u00ed rodn\u00e1 s\u00ed\u0148 kr\u00e1le Ji\u0159\u00edho, a jej\u00ed\u017e d\u0159ev\u011bn\u00e9 monoxylov\u00e9 lod\u011b z 10. stolet\u00ed. Doprovodn\u00e9 sb\u00edrky \u2013 v Lys\u00e9 nad Labem, Ro\u017e\u010falovic\u00edch, Sadsk\u00e9 a M\u011bstci Kr\u00e1lov\u00e9 \u2013 roz\u0161i\u0159uj\u00ed dosah instituce v cel\u00e9m regionu.<\/p>\n<p>M\u011bstsk\u00e1 knihovna v Pod\u011bbradech navazuje na ob\u010dansk\u00e9 tradice, kter\u00e9 jsou od roku 1930 ulo\u017eeny v renesan\u010dn\u00ed radnici, a Galerie Ludv\u00edka Kuby na okraji l\u00e1ze\u0148sk\u00e9ho parku vystavuje d\u00edla, kter\u00e1 odr\u00e1\u017eej\u00ed krajinu a rytmy Polabsk\u00e9 n\u00ed\u017einy. Kalend\u00e1\u0159 se ka\u017edoro\u010dn\u011b kon\u00e1 v r\u00e1mci festival\u016f: Historick\u00e9 slavnosti kr\u00e1le Ji\u0159\u00edho p\u0159in\u00e1\u0161ej\u00ed st\u0159edov\u011bkou ok\u00e1zalost; Dny poezie shroma\u017e\u010fuj\u00ed spisovatele a \u010dten\u00e1\u0159e koncem l\u00e9ta; sout\u011b\u017e dechov\u00fdch n\u00e1stroj\u016f Evropa hraje Kmochu p\u0159itahuje mezin\u00e1rodn\u00ed soubory; festival ml\u00e1de\u017enick\u00e9ho divadla FEMAD, mistrovstv\u00ed ma\u017eoretek a hudebn\u00ed akce Barvy l\u00e9ta o\u017eivuj\u00ed n\u00e1m\u011bst\u00ed a parky. \u0158\u00edjnov\u00e1 Prix Bohemia Radio oslavuje um\u011bn\u00ed rozhlasov\u00e9 hry a od roku 2016 festival Soundtrack Pod\u011bbrady p\u0159edstavuje filmovou hudbu a multimedi\u00e1ln\u00ed p\u0159edstaven\u00ed.<\/p>\n<p>Dopravn\u00ed tepny vedou starov\u011bk\u00fdmi i modern\u00edmi trasami. Pod\u011bbrady vznikly u brodu na Kladsk\u00e9 silnici, obchodn\u00ed stezce spojuj\u00edc\u00ed Prahu se Slezskem a Polskem. Na za\u010d\u00e1tku 19. stolet\u00ed je c\u00edsa\u0159sk\u00e9 silnice spojovaly s Hradcem Kr\u00e1lov\u00e9 p\u0159es P\u0159edm\u011bstsk\u00fd rybn\u00edk a s Kol\u00ednem, Nymburkem a d\u00e1le, prameny pro d\u00e1lnice D11 a hlavn\u00ed silnice I\/38, II\/611, I\/32 a II\/329, kter\u00e9 m\u011bstu slou\u017e\u00ed dodnes. P\u0159es Labe v r\u00e1mci hranic obce vede sedm most\u016f, od kamenn\u00e9ho inunda\u010dn\u00edho mostu z let 1828\u201331 a jeho ocelov\u00e9ho n\u00e1stupce z roku 2008 v centru a\u017e po plynovodn\u00ed most ve Velk\u00e9m Zbo\u017e\u00ed. Chodci p\u0159ech\u00e1zej\u00ed po 122 metr\u016f dlouh\u00e9 l\u00e1vce postaven\u00e9 v roce 2002 u vodn\u00ed elektr\u00e1rny, dal\u0161\u00edm z projekt\u016f Anton\u00edna Engelse, kter\u00e9 jsou nyn\u00ed chr\u00e1n\u011bny jako n\u00e1rodn\u00ed kulturn\u00ed pam\u00e1tka.<\/p>\n<p>\u017delezni\u010dn\u00ed spojen\u00ed udr\u017euje Pod\u011bbrady v provozu ji\u017e od roku 1870. Dvoukolejn\u00e1 elektrifikovan\u00e1 tra\u0165 \u010d. 231 Rakousk\u00e9 severoz\u00e1padn\u00ed dr\u00e1hy zaji\u0161\u0165uje expresn\u00ed a m\u00edstn\u00ed dopravu do Prahy, Kol\u00edna, Hradce Kr\u00e1lov\u00e9 a d\u00e1le, p\u0159i\u010dem\u017e ka\u017ed\u00fd v\u0161edn\u00ed den na hlavn\u00edm n\u00e1dra\u017e\u00ed a zast\u00e1vce Velk\u00e9 Zbo\u017e\u00ed zastavuje zhruba pades\u00e1t vlak\u016f. Labe, d\u0159\u00edve nalo\u017een\u00e9 uhl\u00edm pro elektr\u00e1rnu Chvaletice, nyn\u00ed vyu\u017e\u00edv\u00e1 komer\u010dn\u00ed plavbu rekrea\u010dn\u00edch lod\u00ed \u2013 od v\u00fdletn\u00ed lodi Kr\u00e1l Ji\u0159\u00ed a\u017e po soukrom\u00e9 sportovn\u00ed \u010dluny \u2013 a vesnick\u00fd p\u0159\u00edvoz v Ose\u010dku.<\/p>\n<p>Autobusy jezd\u00ed na d\u00e1lkov\u00fdch tras\u00e1ch do hlavn\u00edch m\u011bst a l\u00e1ze\u0148sk\u00fdch m\u011bst v \u010cesk\u00e9 republice a sousedn\u00edm Slovensku a Polsku, a\u010dkoli m\u011bstsk\u00e1 ve\u0159ejn\u00e1 doprava je omezena na slu\u017ebu Senior Taxi, kter\u00e1 byla zavedena v roce 2016 pro ob\u010dany star\u0161\u00ed \u0161edes\u00e1ti p\u011bti let nebo s omezenou pohyblivost\u00ed.<\/p>\n<p>Charakter Pod\u011bbrad nevych\u00e1z\u00ed z impozantn\u00edch opevn\u011bn\u00ed ani dramatick\u00fdch vrchol\u016f, ale z tich\u00e9 soudr\u017enosti jejich zastav\u011bn\u00e9ho prost\u0159ed\u00ed, st\u00e1l\u00e9ho pulzu \u0159eky a odolnosti komunity, kter\u00e1 adaptovala ruiny starov\u011bku na modern\u00ed l\u00e9\u010div\u00e9 prostory. Zde, pod \u0161irou oblohou roviny, nenajdete pod\u00edvanou, ale sp\u00ed\u0161e odm\u011b\u0159enou eleganci: ticho l\u00e1ze\u0148sk\u00e9ho parku za \u00fasvitu, ticho proudu Labe nar\u00e1\u017eej\u00edc\u00edho na opot\u0159ebovan\u00e9 kameny n\u00e1b\u0159e\u017e\u00ed, ticho historie promlouvaj\u00edc\u00ed skrze k\u00e1men i vodu. V tomto soutoku minulosti a p\u0159\u00edtomnosti Pod\u011bbrady p\u0159etrv\u00e1vaj\u00ed jako m\u00edsto reflexe a obnovy, jejich\u017e jemn\u00e9 rytmy zvou cestovatele, aby se pohybovali v tempu samotn\u00e9 \u0159eky.<\/p>","protected":false},"excerpt":{"rendered":"<p>Pod\u011bbrady, l\u00e1ze\u0148sk\u00e9 m\u011bsto le\u017e\u00edc\u00ed ve St\u0159edo\u010desk\u00e9m kraji v \u010cesk\u00e9 republice, m\u00e1 p\u0159ibli\u017en\u011b 15 000 obyvatel. Tato oblast se nach\u00e1z\u00ed pod\u00e9l \u0159eky Labe a p\u0159edstavuje kombinaci historick\u00e9ho v\u00fdznamu a modern\u00edho wellness vybaven\u00ed. Strategick\u00e1 poloha m\u011bsta, p\u0159ibli\u017en\u011b 39 kilometr\u016f v\u00fdchodn\u011b od Prahy a 7 kilometr\u016f jihov\u00fdchodn\u011b od Nymburka, z n\u011bj \u010din\u00ed dostupn\u00e9 \u00fato\u010di\u0161t\u011b pro obyvatele i n\u00e1v\u0161t\u011bvn\u00edky hledaj\u00edc\u00ed \u00falevu od m\u011bstsk\u00e9ho prost\u0159ed\u00ed.<\/p>","protected":false},"author":1,"featured_media":18769,"parent":14322,"menu_order":0,"comment_status":"closed","ping_status":"closed","template":"elementor_theme","meta":{"_eb_attr":"","footnotes":""},"class_list":["post-16242","page","type-page","status-publish","has-post-thumbnail"],"_links":{"self":[{"href":"https:\/\/travelshelper.com\/cs\/wp-json\/wp\/v2\/pages\/16242","targetHints":{"allow":["GET"]}}],"collection":[{"href":"https:\/\/travelshelper.com\/cs\/wp-json\/wp\/v2\/pages"}],"about":[{"href":"https:\/\/travelshelper.com\/cs\/wp-json\/wp\/v2\/types\/page"}],"author":[{"embeddable":true,"href":"https:\/\/travelshelper.com\/cs\/wp-json\/wp\/v2\/users\/1"}],"replies":[{"embeddable":true,"href":"https:\/\/travelshelper.com\/cs\/wp-json\/wp\/v2\/comments?post=16242"}],"version-history":[{"count":0,"href":"https:\/\/travelshelper.com\/cs\/wp-json\/wp\/v2\/pages\/16242\/revisions"}],"up":[{"embeddable":true,"href":"https:\/\/travelshelper.com\/cs\/wp-json\/wp\/v2\/pages\/14322"}],"wp:featuredmedia":[{"embeddable":true,"href":"https:\/\/travelshelper.com\/cs\/wp-json\/wp\/v2\/media\/18769"}],"wp:attachment":[{"href":"https:\/\/travelshelper.com\/cs\/wp-json\/wp\/v2\/media?parent=16242"}],"curies":[{"name":"wp","href":"https:\/\/api.w.org\/{rel}","templated":true}]}}