{"id":15974,"date":"2024-09-22T01:11:09","date_gmt":"2024-09-22T01:11:09","guid":{"rendered":"https:\/\/travelshelper.com\/staging\/?page_id=15974"},"modified":"2024-09-22T01:13:07","modified_gmt":"2024-09-22T01:13:07","slug":"vylouceni-odpovednosti","status":"publish","type":"page","link":"https:\/\/travelshelper.com\/cs\/disclaimer\/","title":{"rendered":"Z\u0159eknut\u00ed se odpov\u011bdnosti"},"content":{"rendered":"<div data-elementor-type=\"wp-page\" data-elementor-id=\"15974\" class=\"elementor elementor-15974\">\n\t\t\t\t<div class=\"elementor-element elementor-element-6f0bcdfa e-flex e-con-boxed e-con e-parent\" data-id=\"6f0bcdfa\" data-element_type=\"container\" data-e-type=\"container\">\n\t\t\t\t\t<div class=\"e-con-inner\">\n\t\t<div class=\"elementor-element elementor-element-627d6690 e-con-full e-flex e-con e-child\" data-id=\"627d6690\" data-element_type=\"container\" data-e-type=\"container\">\n\t\t\t\t<div class=\"elementor-element elementor-element-428000a8 elementor-widget elementor-widget-text-editor\" data-id=\"428000a8\" data-element_type=\"widget\" data-e-type=\"widget\" data-widget_type=\"text-editor.default\">\n\t\t\t\t\t\t\t\t\t<p><\/p><p>Posledn\u00ed aktualizace: 26. 9. 2024<\/p><p> <\/p><p><strong>PROHL\u00c1\u0160EN\u00cd O VYLOU\u010cEN\u00cd ODPOV\u011aDNOSTI ZA WEBOV\u00c9 STR\u00c1NKY<\/strong><\/p><p> <\/p><p>Informace poskytnut\u00e9\u00a0<strong>Cestovn\u00ed S pomocn\u00edk<\/strong>\u00a0(\u201eSpole\u010dnost\u201c, \u201emy\u201c, \u201ena\u0161e\u201c, \u201en\u00e1s\u201c) na\u00a0<strong>https:\/\/travelshelper.com<\/strong>\u00a0(\u201eStr\u00e1nky\u201c) slou\u017e\u00ed pouze pro obecn\u00e9 informa\u010dn\u00ed \u00fa\u010dely. Ve\u0161ker\u00e9 informace na Str\u00e1nk\u00e1ch jsou poskytov\u00e1ny v dobr\u00e9 v\u00ed\u0159e, nicm\u00e9n\u011b neposkytujeme \u017e\u00e1dn\u00e9 prohl\u00e1\u0161en\u00ed ani z\u00e1ruku jak\u00e9hokoli druhu, v\u00fdslovnou ani implicitn\u00ed, ohledn\u011b p\u0159esnosti, dostate\u010dnosti, platnosti, spolehlivosti, dostupnosti nebo \u00faplnosti jak\u00fdchkoli informac\u00ed na Str\u00e1nk\u00e1ch.<\/p><p> <\/p><p>ZA \u017d\u00c1DN\u00ddCH OKOLNOST\u00cd NEPONESEME V\u016e\u010cI V\u00c1M \u017d\u00c1DNOU ODPOV\u011aDNOST ZA \u017d\u00c1DNOU ZTR\u00c1TU NEBO \u0160KODU JAK\u00c9HOKOLI DRUHU, KTER\u00c9 VZNIKLY V D\u016eSLEDKU POU\u017d\u00cdV\u00c1N\u00cd STR\u00c1NEK NEBO SPOL\u00c9H\u00c1N\u00cd SE NA INFORMACE POSKYTNUT\u00c9 NA STR\u00c1NK\u00c1CH. POU\u017d\u00cdV\u00c1N\u00cd STR\u00c1NEK A SPOL\u00c9H\u00c1N\u00cd SE NA INFORMACE NA STR\u00c1NK\u00c1CH JE V\u00ddHRADN\u011a NA VA\u0160E VLASTN\u00cd RIZIKO.<\/p><p> <\/p><p><strong>PROHL\u00c1\u0160EN\u00cd O VYLOU\u010cEN\u00cd ODPOV\u011aDNOSTI ZA EXTERN\u00cd ODKAZY<\/strong><\/p><p> <\/p><p>Str\u00e1nky mohou obsahovat (nebo v\u00e1m mohou b\u00fdt prost\u0159ednictv\u00edm Str\u00e1nek p\u0159esm\u011brov\u00e1ny) odkazy na jin\u00e9 webov\u00e9 str\u00e1nky nebo obsah pat\u0159\u00edc\u00ed t\u0159et\u00edm stran\u00e1m nebo poch\u00e1zej\u00edc\u00ed od t\u0159et\u00edch stran, nebo odkazy na webov\u00e9 str\u00e1nky a funkce. Takov\u00e9 extern\u00ed odkazy neprov\u011b\u0159ujeme, nemonitorujeme ani nekontrolujeme z hlediska p\u0159esnosti, p\u0159im\u011b\u0159enosti, platnosti, spolehlivosti, dostupnosti nebo \u00faplnosti.<\/p><p> <\/p><p>NEZARU\u010cUJEME, NEPOTVRZUJEME, NEZARU\u010cUJEME ANI NEP\u0158EBEREME ODPOV\u011aDNOST ZA P\u0158ESNOST NEBO SPOLEHLIVOST INFORMAC\u00cd NAB\u00cdZEN\u00ddCH WEBOV\u00ddMI STR\u00c1NKAMI T\u0158ET\u00cdCH STRAN, NA KTER\u00c9 JE ODKAZ PROST\u0158EDNICTV\u00cdM STR\u00c1NEK ANI \u017d\u00c1DN\u00c9 WEBOV\u00c9 STR\u00c1NKY \u010cI FUNKCE ODKAZOVAN\u00c9 V JAK\u00c9KOLI BANNEROV\u00c9 NEBO JIN\u00c9 REKLAM\u011a. NEBUDEME STRANOU ANI NEBUDEME JAK\u00ddMKOLI ZP\u016eSOBEM ODPOV\u011aDN\u00cd ZA MONITOROV\u00c1N\u00cd \u017d\u00c1DN\u00c9 TRANSAKCE MEZI V\u00c1MI A POSKYTOVATELI PRODUKT\u016e NEBO SLU\u017dEB T\u0158ET\u00cdCH STRAN.<\/p><p> <\/p><p><strong>PROHL\u00c1\u0160EN\u00cd O VYLOU\u010cEN\u00cd ODPOV\u011aDNOSTI P\u0158IDRU\u017dEN\u00ddCH SPOLE\u010cNOST\u00cd<\/strong><\/p><p> <\/p><p>Str\u00e1nky mohou obsahovat odkazy na p\u0159idru\u017een\u00e9 webov\u00e9 str\u00e1nky a my m\u016f\u017eeme obdr\u017eet partnerskou provizi za jak\u00e9koli n\u00e1kupy nebo akce, kter\u00e9 provedete na p\u0159idru\u017een\u00fdch webov\u00fdch str\u00e1nk\u00e1ch pomoc\u00ed t\u011bchto odkaz\u016f.<\/p><p> <\/p><p><strong>REFERENCE PROHL\u00c1\u0160EN\u00cd O VYLOU\u010cEN\u00cd ODPOV\u011aDNOSTI<\/strong><\/p><p> <\/p><p>Str\u00e1nky mohou obsahovat reference od u\u017eivatel\u016f na\u0161ich produkt\u016f a\/nebo slu\u017eeb. Tyto reference odr\u00e1\u017eej\u00ed skute\u010dn\u00e9 zku\u0161enosti a n\u00e1zory t\u011bchto u\u017eivatel\u016f. Tyto zku\u0161enosti jsou v\u0161ak osobn\u00ed a nemus\u00ed nutn\u011b reprezentovat v\u0161echny u\u017eivatele na\u0161ich produkt\u016f a\/nebo slu\u017eeb. Netvrd\u00edme a nem\u011bli byste p\u0159edpokl\u00e1dat, \u017ee v\u0161ichni u\u017eivatel\u00e9 budou m\u00edt stejn\u00e9 zku\u0161enosti.<\/p><p> <\/p><p>VA\u0160E INDIVIDU\u00c1LN\u00cd V\u00ddSLEDKY SE MOHOU LI\u0160IT.<\/p><p> <\/p><p>Reference na Str\u00e1nk\u00e1ch jsou odes\u00edl\u00e1ny v r\u016fzn\u00fdch form\u00e1ch, jako je text, audio a\/nebo video, a p\u0159ed zve\u0159ejn\u011bn\u00edm je kontrolujeme. Na Str\u00e1nk\u00e1ch se zobrazuj\u00ed doslovn\u011b tak, jak je u\u017eivatel\u00e9 uvedli, s v\u00fdjimkou oprav gramatick\u00fdch nebo p\u0159eklep\u016f. N\u011bkter\u00e9 reference mohly b\u00fdt zkr\u00e1ceny z d\u016fvodu stru\u010dnosti, pokud cel\u00e9 reference obsahovaly nadbyte\u010dn\u00e9 informace, kter\u00e9 nejsou relevantn\u00ed pro \u0161irokou ve\u0159ejnost.<\/p><p> <\/p><p>N\u00e1zory a stanoviska obsa\u017een\u00e9 v recenz\u00edch pat\u0159\u00ed v\u00fdhradn\u011b jednotliv\u00fdm u\u017eivatel\u016fm a neodr\u00e1\u017eej\u00ed na\u0161e n\u00e1zory a stanoviska.<\/p><p> <\/p><p><strong>PROHL\u00c1\u0160EN\u00cd O VYLOU\u010cEN\u00cd ODPOV\u011aDNOSTI ZA CHYBY A OPOMENUT\u00cd<\/strong><\/p><p> <\/p><p>P\u0159esto\u017ee jsme vynalo\u017eili ve\u0161ker\u00e9 \u00fasil\u00ed, abychom zajistili, \u017ee informace obsa\u017een\u00e9 na t\u011bchto str\u00e1nk\u00e1ch poch\u00e1zej\u00ed ze spolehliv\u00fdch zdroj\u016f, Travel S Helper nenese odpov\u011bdnost za jak\u00e9koli chyby nebo opomenut\u00ed ani za v\u00fdsledky z\u00edskan\u00e9 pou\u017eit\u00edm t\u011bchto informac\u00ed. Ve\u0161ker\u00e9 informace na t\u011bchto str\u00e1nk\u00e1ch jsou poskytov\u00e1ny \u201etak, jak jsou\u201c, bez z\u00e1ruky \u00faplnosti, p\u0159esnosti, aktu\u00e1lnosti nebo v\u00fdsledk\u016f z\u00edskan\u00fdch pou\u017eit\u00edm t\u011bchto informac\u00ed a bez jak\u00e9koli z\u00e1ruky, v\u00fdslovn\u00e9 \u010di implicitn\u00ed, v\u010detn\u011b, ale nikoli v\u00fdhradn\u011b, z\u00e1ruk v\u00fdkonu, prodejnosti a vhodnosti pro konkr\u00e9tn\u00ed \u00fa\u010del.<\/p><p> <\/p><p>Spole\u010dnost Travel S Helper, jej\u00ed p\u0159idru\u017een\u00e9 partnerstv\u00ed nebo korporace, ani jejich partne\u0159i, z\u00e1stupci \u010di zam\u011bstnanci nenesou v \u017e\u00e1dn\u00e9m p\u0159\u00edpad\u011b odpov\u011bdnost v\u016f\u010di v\u00e1m ani v\u016f\u010di komukoli jin\u00e9mu za jak\u00e9koli rozhodnut\u00ed u\u010din\u011bn\u00e9 nebo jedn\u00e1n\u00ed podniknut\u00e9 na z\u00e1klad\u011b informac\u00ed na t\u011bchto str\u00e1nk\u00e1ch, ani za jak\u00e9koli n\u00e1sledn\u00e9, zvl\u00e1\u0161tn\u00ed nebo podobn\u00e9 \u0161kody, a to ani v p\u0159\u00edpad\u011b, \u017ee byli na mo\u017enost takov\u00fdch \u0161kod upozorn\u011bni.<\/p><p> <\/p><p><strong>PROHL\u00c1\u0160EN\u00cd O VYLOU\u010cEN\u00cd ODPOV\u011aDNOSTI HOSTUJ\u00cdC\u00cdCH P\u0158ISP\u011aVATEL\u016e<\/strong><\/p><p> <\/p><p>Tyto Str\u00e1nky mohou obsahovat obsah od hostuj\u00edc\u00edch p\u0159isp\u011bvatel\u016f a jak\u00e9koli n\u00e1zory \u010di stanoviska vyj\u00e1d\u0159en\u00e9 v t\u011bchto p\u0159\u00edsp\u011bvc\u00edch jsou osobn\u00ed a nep\u0159edstavuj\u00ed n\u00e1zory spole\u010dnosti Travel S Helper ani \u017e\u00e1dn\u00e9ho z jej\u00edch zam\u011bstnanc\u016f \u010di p\u0159idru\u017een\u00fdch spole\u010dnost\u00ed, pokud nen\u00ed v\u00fdslovn\u011b uvedeno jinak.<\/p><p> <\/p><p><strong>PROHL\u00c1\u0160EN\u00cd O VYLOU\u010cEN\u00cd ODPOV\u011aDNOSTI ZA LOGA A OCHRANN\u00c9 ZN\u00c1MKY<\/strong><\/p><p> <\/p><p>All logos and trademarks of third parties referenced on\u00a0https:\/\/travelshelper.com\u00a0are the trademarks and logos of their respective owners. Any inclusion of such trademarks or logos does not imply or constitute any approval, endorsement or sponsorship of\u00a0Travel S Helper\u00a0by such owners.<\/p><p> <\/p><p><strong>KONTAKTUJTE N\u00c1S<\/strong><\/p><p> <\/p><p>V p\u0159\u00edpad\u011b jak\u00fdchkoli p\u0159ipom\u00ednek, p\u0159ipom\u00ednek, po\u017eadavk\u016f na technickou podporu nebo jin\u00fdch dotaz\u016f n\u00e1s pros\u00edm kontaktujte e-mailem:\u00a0<strong>office@travelshelper.com<\/strong>.<\/p><p><\/p>\t\t\t\t\t\t\t\t<\/div>\n\t\t\t\t<\/div>\n\t\t\t\t\t<\/div>\n\t\t\t\t<\/div>\n\t\t\t\t<\/div>","protected":false},"excerpt":{"rendered":"<p>Last updated: 2024-09-26 WEBSITE DISCLAIMER The information provided by\u00a0Travel S Helper\u00a0(\u201cCompany\u201d, \u201cwe\u201d, \u201cour\u201d, \u201cus\u201d) on\u00a0https:\/\/travelshelper.com\u00a0(the \u201cSite\u201d) is for general informational purposes only. All information on the Site is provided in good faith, however we make no representation or warranty of any kind, express or implied, regarding the accuracy, adequacy, validity, reliability, availability, or completeness of [&hellip;]<\/p>\n","protected":false},"author":1,"featured_media":0,"parent":0,"menu_order":0,"comment_status":"closed","ping_status":"closed","template":"elementor_header_footer","meta":{"_eb_attr":"","footnotes":""},"class_list":["post-15974","page","type-page","status-publish"],"_links":{"self":[{"href":"https:\/\/travelshelper.com\/cs\/wp-json\/wp\/v2\/pages\/15974","targetHints":{"allow":["GET"]}}],"collection":[{"href":"https:\/\/travelshelper.com\/cs\/wp-json\/wp\/v2\/pages"}],"about":[{"href":"https:\/\/travelshelper.com\/cs\/wp-json\/wp\/v2\/types\/page"}],"author":[{"embeddable":true,"href":"https:\/\/travelshelper.com\/cs\/wp-json\/wp\/v2\/users\/1"}],"replies":[{"embeddable":true,"href":"https:\/\/travelshelper.com\/cs\/wp-json\/wp\/v2\/comments?post=15974"}],"version-history":[{"count":0,"href":"https:\/\/travelshelper.com\/cs\/wp-json\/wp\/v2\/pages\/15974\/revisions"}],"wp:attachment":[{"href":"https:\/\/travelshelper.com\/cs\/wp-json\/wp\/v2\/media?parent=15974"}],"curies":[{"name":"wp","href":"https:\/\/api.w.org\/{rel}","templated":true}]}}