{"id":15920,"date":"2024-09-21T23:53:15","date_gmt":"2024-09-21T23:53:15","guid":{"rendered":"https:\/\/travelshelper.com\/staging\/?page_id=15920"},"modified":"2026-03-11T01:49:55","modified_gmt":"2026-03-11T01:49:55","slug":"brunej","status":"publish","type":"page","link":"https:\/\/travelshelper.com\/cs\/destinations\/asia\/brunei\/","title":{"rendered":"Brunej"},"content":{"rendered":"<p>Brunej Darussalam zauj\u00edm\u00e1 v jihov\u00fdchodn\u00ed Asii jedine\u010dn\u00e9 m\u00edsto: je to kompaktn\u00ed sultan\u00e1t na severn\u00edm pob\u0159e\u017e\u00ed Bornea, bohat\u00fd na uhlovod\u00edky, ale z\u00e1rove\u0148 omezen\u00fd tradic\u00ed. Jeho \u00fazem\u00ed \u2013 rozd\u011blen\u00e9 malajsijsk\u00fdm okresem Limbang na dva nesouvisl\u00e9 segmenty \u2013 se rozkl\u00e1d\u00e1 na pouh\u00fdch 5 765 kilometrech \u010dtvere\u010dn\u00edch, p\u0159esto zahrnuje hust\u00e9 n\u00ed\u017einn\u00e9 de\u0161tn\u00e9 lesy, drsn\u00e9 horsk\u00e9 svahy a 161 kilometr\u016f pob\u0159e\u017e\u00ed Jiho\u010d\u00ednsk\u00e9ho mo\u0159e. V t\u00e9to oblasti \u017eije p\u0159ibli\u017en\u011b 455 858 obyvatel (odhad z roku 2023), z nich\u017e v\u00edce ne\u017e t\u0159i \u010dtvrtiny se shlukuj\u00ed v z\u00e1padn\u00edch provinci\u00edch Brunej-Muara, Tutong a Belait; pouze asi deset tis\u00edc \u017eije v hornat\u00e9 oblasti Temburong. Hlavn\u00ed m\u011bsto Bandar Seri Begawan poskytuje \u00fato\u010di\u0161t\u011b zhruba 180 000 du\u0161\u00edm ve sv\u00e9 mozaice kampongov\u00fdch dom\u016f, me\u0161it, vl\u00e1dn\u00edch \u00fa\u0159ad\u016f a nov\u011b vznikaj\u00edc\u00edch obchodn\u00edch \u010dtvrt\u00ed.<\/p>\n\n\n\n<p>Za hranicemi se rozkl\u00e1d\u00e1 \u0161ir\u0161\u00ed ostrov Borneo, o kter\u00fd se d\u011bl\u00ed s Malajsi\u00ed a Indon\u00e9si\u00ed; Brunej je jedin\u00fdm suver\u00e9nn\u00edm st\u00e1tem le\u017e\u00edc\u00edm v\u00fdhradn\u011b na Borneu. Jeho krajina je t\u00e9m\u011b\u0159 ze t\u0159\u00ed \u010dtvrtin zalesn\u011bn\u00e1: v roce 2020 z\u016fst\u00e1valo pod lesn\u00edm porostem p\u0159ibli\u017en\u011b 380 000 hektar\u016f, z \u010deho\u017e t\u00e9m\u011b\u0159 70 procent tvo\u0159il prim\u00e1rn\u00ed les nedot\u010den\u00fd pr\u016fmyslovou \u010dinnost\u00ed. Klima sultan\u00e1tu je trvale vlhk\u00e9 a de\u0161tiv\u00e9, formovan\u00e9 sp\u00ed\u0161e oscilacemi intertropick\u00e9 konvergen\u010dn\u00ed z\u00f3ny ne\u017e sez\u00f3nn\u00edmi monzuny nebo cykl\u00f3ny. P\u0159esto, stejn\u011b jako jeho soused\u00e9, \u010del\u00ed Brunej rostouc\u00edm tlak\u016fm klimatick\u00fdch zm\u011bn \u2013 stoupaj\u00edc\u00ed hladin\u011b mo\u0159\u00ed, m\u011bn\u00edc\u00edm se sr\u00e1\u017ekov\u00fdm re\u017eim\u016fm a erozi pob\u0159e\u017e\u00ed \u2013 na pozad\u00ed rychl\u00e9ho hospod\u00e1\u0159sk\u00e9ho rozvoje.<\/p>\n\n\n\n<p>Pohled zp\u011bt do historie odhaluje Brunej na vrcholu n\u00e1mo\u0159n\u00edho vlivu za vl\u00e1dy sult\u00e1na Bolki\u00e1\u0161e (vl\u00e1dl 1485\u20131528). M\u00edstn\u00ed kroniky a extern\u00ed zpr\u00e1vy nazna\u010duj\u00ed, \u017ee se \u0159\u00ed\u0161e tehdy rozkl\u00e1dala p\u0159es velkou \u010d\u00e1st severoz\u00e1padn\u00edho Bornea, Sabah a Sarawak a a\u017e k souostrov\u00ed Sulu. P\u0159e\u017eiv\u0161\u00ed pos\u00e1dka Magalhaesova obeplut\u00ed nav\u0161t\u00edvila jeho b\u0159ehy v roce 1521; o desetilet\u00ed pozd\u011bji, v roce 1578, se brunejsk\u00e9 n\u00e1mo\u0159nictvo st\u0159etlo se \u0161pan\u011blsk\u00fdmi silami v kastilsk\u00e9 v\u00e1lce. P\u0159esto v devaten\u00e1ct\u00e9m stolet\u00ed vnit\u0159n\u00ed rivalita a postup evropsk\u00e9ho kolonialismu o jeho panstv\u00ed p\u0159ipravily. V roce 1841 Sarawak p\u0159e\u0161el do rukou Jamese Brookea, \u201eB\u00edl\u00e9ho r\u00e1d\u017ee\u201c; v 80. letech 19. stolet\u00ed p\u0159evzaly kontrolu nad Sabahem britsk\u00e9 pronajat\u00e9 spole\u010dnosti; a v roce 1888 se Brunej stal britsk\u00fdm protektor\u00e1tem, jeho\u017e zahrani\u010dn\u00ed politiku a obranu dohl\u00ed\u017eel Lond\u00fdn.<\/p>\n\n\n\n<p>Dvac\u00e1t\u00e9 stolet\u00ed zpe\u010detilo p\u0159echod od sultan\u00e1tu k modern\u00ed vl\u00e1d\u011b. Po kr\u00e1tk\u00e9 japonsk\u00e9 okupaci b\u011bhem druh\u00e9 sv\u011btov\u00e9 v\u00e1lky \u00fastava z roku 1959 zavedla omezenou samospr\u00e1vu pod britsk\u00fdm veden\u00edm. Povst\u00e1n\u00ed v roce 1962 \u2013 \u010d\u00e1ste\u010dn\u011b vyvolan\u00e9 nap\u011bt\u00edm ohledn\u011b vstupu do nov\u00e9 malajsk\u00e9 federace \u2013 bylo s britskou podporou potla\u010deno; jeho ne\u00fasp\u011bch p\u0159esv\u011bd\u010dil sult\u00e1na Omara Aliho Saifuddiena III., \u017ee Brunej by m\u011bl z\u016fstat mimo Malajsii. \u00dapln\u00e1 nez\u00e1vislost kone\u010dn\u011b nastala 1. ledna 1984. Od roku 1967 sult\u00e1n Hassanal Bolkiah \u0159\u00edd\u00ed osudy zem\u011b a soust\u0159ed\u00ed v\u00fdkonnou, z\u00e1konod\u00e1rnou a n\u00e1bo\u017eenskou moc v pal\u00e1ci. Legislativn\u00ed rada existuje pouze v poradn\u00ed form\u011b a jej\u00ed \u010dlenov\u00e9 jsou jmenov\u00e1ni kr\u00e1lovsk\u00fdm dekretem.<\/p>\n\n\n\n<p>Ropa a zemn\u00ed plyn jsou z\u00e1kladem t\u00e9m\u011b\u0159 v\u0161ech aspekt\u016f modern\u00edho \u017eivota Bruneje. Uhlovod\u00edkov\u00e1 lo\u017eiska tvo\u0159\u00ed p\u0159ibli\u017en\u011b 90 procent HDP; denn\u00ed produkce se pohybuje kolem 167 000 barel\u016f ropy a 25 milion\u016f krychlov\u00fdch metr\u016f zkapaln\u011bn\u00e9ho zemn\u00edho plynu, co\u017e ze sultan\u00e1tu d\u011bl\u00e1 jednoho z hlavn\u00edch producent\u016f v jihov\u00fdchodn\u00ed Asii. P\u0159\u00edjmy plynou p\u0159es Brunejskou investi\u010dn\u00ed agenturu do glob\u00e1ln\u00edch akci\u00ed, dluhopis\u016f a nemovitost\u00ed, co\u017e zaji\u0161\u0165uje, \u017ee i p\u0159i zr\u00e1n\u00ed dom\u00e1c\u00edch rezerv p\u0159etrv\u00e1vaj\u00ed toky p\u0159\u00edjm\u016f. Tato fisk\u00e1ln\u00ed \u0161t\u011bdrost poh\u00e1n\u00ed syst\u00e9m soci\u00e1ln\u00edho zabezpe\u010den\u00ed, kter\u00fd je v regionu neobvykl\u00fd: zdravotnictv\u00ed, vzd\u011bl\u00e1v\u00e1n\u00ed a soci\u00e1ln\u00ed bydlen\u00ed jsou siln\u011b dotov\u00e1ny nebo zdarma a r\u00fd\u017ee, olej na va\u0159en\u00ed a ve\u0159ejn\u00e9 slu\u017eby dost\u00e1vaj\u00ed st\u00e1tn\u00ed podporu. V d\u016fsledku toho se Brunej um\u00eds\u0165uje na \u201evelmi vysok\u00e9m\u201c m\u00edst\u011b v indexu lidsk\u00e9ho rozvoje \u2013 mezi st\u00e1ty ASEAN je na druh\u00e9m m\u00edst\u011b hned za Singapurem \u2013 a m\u00e1 dev\u00e1t\u00fd nejvy\u0161\u0161\u00ed HDP na obyvatele v parit\u011b kupn\u00ed s\u00edly na sv\u011bt\u011b.<\/p>\n\n\n\n<p>Z\u00e1vislost na uhlovod\u00edc\u00edch v\u0161ak vedla k ofici\u00e1ln\u00edm pl\u00e1n\u016fm na roz\u0161\u00ed\u0159en\u00ed ekonomick\u00e9 z\u00e1kladny. Dlouhodob\u00e1 rozvojov\u00e1 vize se zam\u011b\u0159uje na pos\u00edlen\u00ed pracovn\u00ed s\u00edly, r\u016fst cestovn\u00edho ruchu, expanzi finan\u010dn\u00edch slu\u017eeb a zem\u011bd\u011blskou sob\u011bsta\u010dnost \u2013 zejm\u00e9na v p\u011bstov\u00e1n\u00ed r\u00fd\u017ee. V roce 2009 vl\u00e1da zavedla na trh r\u00fd\u017ei Laila, vysoce v\u00fdnosnou odr\u016fdu p\u011bstovanou ve Wasanu, kter\u00e1 odkazuje na p\u016flstolet\u00ed star\u00e9 ambice dom\u00e1c\u00ed produkce. Iniciativy v oblasti zna\u010dky Halal se zam\u011b\u0159uj\u00ed na exportn\u00ed trhy, zat\u00edmco skromn\u00e9 \u200b\u200bv\u00fdrobn\u00ed podniky \u2013 zejm\u00e9na petrochemick\u00fd a lehk\u00fd pr\u016fmysl \u2013 poskytuj\u00ed alternativn\u00ed zam\u011bstn\u00e1n\u00ed. N\u00e1rodn\u00ed leteck\u00fd dopravce Royal Brunei Airlines usiluje o to, aby se Bandar Seri Begawan stal tranzitn\u00edm uzlem mezi Evropou a Australasi\u00ed a udr\u017euje si cenn\u00fd denn\u00ed \u010das na lond\u00fdnsk\u00e9m leti\u0161ti Heathrow.<\/p>\n\n\n\n<p>Brunejsk\u00e1 infrastruktura odr\u00e1\u017e\u00ed jak jej\u00ed bohatstv\u00ed, tak i opatrn\u00fd p\u0159\u00edstup. D\u00e1lni\u010dn\u00ed s\u00ed\u0165 \u2013 zhruba 3 700 kilometr\u016f, z nich\u017e 87 procent je asfaltov\u00e1 \u2013 spojuje hlavn\u00ed m\u011bsta: Muara, Seria, Kuala Belait a Tutong. Vlastnictv\u00ed automobil\u016f pat\u0159\u00ed k nejvy\u0161\u0161\u00edm na sv\u011bt\u011b, p\u0159i\u010dem\u017e jedno soukrom\u00e9 vozidlo p\u0159ipad\u00e1 na m\u00e9n\u011b ne\u017e dva obyvatele; ceny pohonn\u00fdch hmot z\u016fst\u00e1vaj\u00ed siln\u011b dotovan\u00e9 a ve\u0159ejn\u00e1 doprava, a\u010dkoli funk\u010dn\u00ed, je omezen\u00e1. Ned\u00e1vn\u00fdm orienta\u010dn\u00edm bodem je 30kilometrov\u00e1 silnice a most spojuj\u00edc\u00ed Muaru s Temburongem, otev\u0159en\u00e9 17. b\u0159ezna 2020 za cenu 1,6 miliardy USD. Mezin\u00e1rodn\u00ed leti\u0161t\u011b Brunej je v polovin\u011b f\u00e1ze expanze v hodnot\u011b 150 milion\u016f USD, kterou realizuje spole\u010dnost Changi Airport Consultants a kter\u00e1 m\u00e1 zdvojn\u00e1sobit ro\u010dn\u00ed kapacitu na t\u0159i miliony cestuj\u00edc\u00edch.<\/p>\n\n\n\n<p>Uprost\u0159ed rychl\u00e9ho hospod\u00e1\u0159sk\u00e9ho r\u016fstu si st\u00e1t zachov\u00e1v\u00e1 ofici\u00e1ln\u00ed postoj opatrn\u00e9 izolace. Vedouc\u00ed p\u0159edstavitel\u00e9 se ob\u00e1vaj\u00ed, \u017ee neomezen\u00e1 glob\u00e1ln\u00ed integrace by mohla naru\u0161it soci\u00e1ln\u00ed soudr\u017enost zakotvenou v malajsk\u00e9 kultu\u0159e, isl\u00e1msk\u00e9 v\u00ed\u0159e a monarchistick\u00e9 loajalit\u011b. Brunej se nicm\u00e9n\u011b anga\u017euje na mezin\u00e1rodn\u00ed \u00farovni jako \u010dlen OSN, WTO, Commonwealthu, ASEAN, OIC a Hnut\u00ed nez\u00fa\u010dastn\u011bn\u00fdch. V roce 2000 p\u0159edsedal APEC, \u010d\u00edm\u017e prezentoval um\u00edrn\u011bnou tv\u00e1\u0159 asijsko-pacifick\u00e9mu regionu a z\u00e1rove\u0148 zachoval dom\u00e1c\u00ed klid.<\/p>\n\n\n\n<p>Spole\u010densk\u00fd \u017eivot v Bruneji se ub\u00edr\u00e1 rozv\u00e1\u017en\u00fdm tempem. Isl\u00e1m, konkr\u00e9tn\u011b \u0161afijsk\u00e1 \u0161kola sunnitsk\u00e9ho pr\u00e1va, je st\u00e1tn\u00edm n\u00e1bo\u017eenstv\u00edm; v\u00edce ne\u017e 82 procent populace se identifikuje jako muslimov\u00e9. \u0160ar\u00eda dopl\u0148uje anglick\u00e9 zvykov\u00e9 pr\u00e1vo a tresty \u2013 od bit\u00ed za ur\u010dit\u00e9 p\u0159estupky a\u017e po (teoreticky) trest smrti za z\u00e1va\u017en\u00e9 trestn\u00e9 \u010diny \u2013 podtrhuj\u00ed p\u0159\u00edsn\u00fd pr\u00e1vn\u00ed r\u00e1mec st\u00e1tu. Alkohol je na ve\u0159ejnosti zak\u00e1z\u00e1n; nemuslimov\u00e9 mohou dov\u00e1\u017eet omezen\u00e9 mno\u017estv\u00ed pro soukromou pot\u0159ebu a \u010d\u00ednsk\u00e9 restaurace mohou diskr\u00e9tn\u011b prod\u00e1vat vep\u0159ov\u00e9 maso. B\u011bhem ramad\u00e1nu v\u011bt\u0161ina restaurac\u00ed uzav\u00edr\u00e1 provoz b\u011bhem denn\u00edch hodin a ve\u0159ejn\u00e1 konzumace j\u00eddla nebo pit\u00ed m\u016f\u017ee b\u00fdt potrest\u00e1na vysok\u00fdmi pokutami. P\u00e1te\u010dn\u00ed modlitby zastavuj\u00ed provoz na dv\u011b hodiny a no\u010dn\u00ed \u017eivot se p\u0159esouv\u00e1 za hranice do Limbangu, kde bary a kluby obsluhuj\u00ed brunejsk\u00e9 z\u00e1kazn\u00edky.<\/p>\n\n\n\n<p>Etnicky je Brunej v\u011bt\u0161inou malajsk\u00fd \u2013 podle jednoho po\u010dtu zhruba ze dvou t\u0159etin \u2013 s \u010d\u00ednskou men\u0161inou kolem 10 procent, domorod\u00fdmi skupinami (Belait, Bisaya, Dusun, Kedayan, Lun Bawang, Murut, Tutong) a t\u00e9m\u011b\u0159 26 procenty cizinc\u016f. Angli\u010dtina vzkv\u00e9t\u00e1 jako jazyk obchodu a v\u00fduky od z\u00e1kladn\u00ed \u0161koly a\u017e po univerzitu a existuje vedle standardn\u00ed malaj\u0161tiny (psan\u00e9 latinsky i tradi\u010dn\u00edm p\u00edsmem Jawi), brunejsko-malajsk\u00e9ho dialektu, r\u016fzn\u00fdch \u010d\u00ednsk\u00fdch jazyk\u016f a v n\u00e1bo\u017eensk\u00e9m prost\u0159ed\u00ed i arab\u0161tiny. Tyto jazykov\u00e9 sm\u011bry odr\u00e1\u017eej\u00ed historickou otev\u0159enost sultan\u00e1tu obchodu a vzd\u011blanosti, a to navzdory jeho sou\u010dasn\u00e9 zdr\u017eenlivosti v\u016f\u010di zahrani\u010dn\u00edmu vlivu.<\/p>\n\n\n\n<p>Kulturn\u00ed projev v Bruneji je decentn\u00ed, ale hmatateln\u00fd. M\u011bstsk\u00e1 siluetu dotv\u00e1\u0159ej\u00ed me\u0161ity z b\u00edl\u00e9ho mramoru a zlacen\u00e9 kopule, zat\u00edmco Kampong Ayer, proslul\u00e1 vodn\u00ed vesnice, si na d\u0159ev\u011bn\u00fdch plo\u0161in\u00e1ch na k\u016flech udr\u017euje stalet\u00fd zp\u016fsob \u017eivota. Tradi\u010dn\u00ed hudba, tkan\u00ed a st\u0159\u00edbrnictv\u00ed p\u0159etrv\u00e1vaj\u00ed v r\u00e1mci kr\u00e1lovsk\u00fdch instituc\u00ed. Kuchyn\u011b nab\u00edz\u00ed jednoduch\u00e9 pot\u011b\u0161en\u00ed: nasi katok \u2013 r\u00fd\u017ee se sma\u017een\u00fdm ku\u0159etem a sambalem \u2013 uspokoj\u00ed i ty s omezen\u00fdm rozpo\u010dtem; ambuyat, z\u00e1kladn\u00ed pokrm na b\u00e1zi s\u00e1ga, vy\u017eaduje rytmick\u00e9 nam\u00e1\u010den\u00ed do \u0161tiplav\u00fdch om\u00e1\u010dek. Vegetari\u00e1ni nach\u00e1zej\u00ed \u00fato\u010di\u0161t\u011b v jihoasijsk\u00fdch nebo \u010d\u00ednsk\u00fdch buddhistick\u00fdch restaurac\u00edch, i kdy\u017e ty le\u017e\u00ed mimo vy\u0161lapan\u00e9 cesty. Teh tarik a kopi, pod\u00e1van\u00e9 ve st\u00e1nc\u00edch u silnice, dod\u00e1vaj\u00ed rann\u00edmu ritu\u00e1lu p\u0159\u00e1telskou atmosf\u00e9ru.<\/p>\n\n\n\n<p>Ka\u017edodenn\u00ed interakci \u0159\u00edd\u00ed malajsk\u00e1 isl\u00e1msk\u00e1 monarchie, z\u00e1kladn\u00ed pil\u00ed\u0159 od vyhl\u00e1\u0161en\u00ed nez\u00e1vislosti. Sult\u00e1n se pravideln\u011b objevuje v m\u00edstn\u00edch m\u00e9di\u00edch jako symbol v\u016fdcovstv\u00ed \u2013 sv\u011btsk\u00e9ho i duchovn\u00edho. Pod rou\u0161kou kr\u00e1lovsk\u00e9 ok\u00e1zalosti v\u0161ak expati a mlad\u00ed Brunejci vyjad\u0159uj\u00ed odli\u0161n\u00e9 n\u00e1zory na rozvoj, identitu a rovnov\u00e1hu mezi tradic\u00ed a zm\u011bnou. Z\u00e1kony o ur\u00e1\u017ece majest\u00e1tu na\u0159izuj\u00ed opatrnost ve ve\u0159ejn\u00e9m diskurzu a posiluj\u00ed \u00factu k pal\u00e1ci. Nicm\u00e9n\u011b v d\u016fv\u011bryhodn\u00fdch kruz\u00edch se odv\u00edjej\u00ed diskuse o region\u00e1ln\u00ed politice, roli isl\u00e1mu a m\u00edst\u011b Bruneje v rychle se rozv\u00edjej\u00edc\u00ed jihov\u00fdchodn\u00ed Asii.<\/p>\n\n\n\n<p>Brunejsk\u00fd paradox spo\u010d\u00edv\u00e1 v kontrastu obrovsk\u00e9ho materi\u00e1ln\u00edho bohatstv\u00ed a zdr\u017eenliv\u00e9 soci\u00e1ln\u00ed otev\u0159enosti. Jeho lesy z\u016fst\u00e1vaj\u00ed z velk\u00e9 \u010d\u00e1sti nedot\u010den\u00e9, i kdy\u017e ropn\u00e9 plo\u0161iny rozestav\u011bn\u00e9 pob\u0159e\u017en\u00edmi poli; jeho silnice se t\u00e1hnou do tich\u00e9 tropick\u00e9 divo\u010diny; jeho me\u0161ity z\u00e1\u0159\u00ed vedle skromn\u00fdch d\u0159ev\u011bn\u00fdch obydl\u00ed. V t\u00e9to \u0159\u00ed\u0161i je historie \u017eiv\u00e1 \u2013 v m\u011b\u0159en\u00e9m recitaci p\u00e1te\u010dn\u00edch modliteb, v tich\u00e9 hrdosti p\u011bstitel\u016f r\u00fd\u017ee za \u00fasvitu, v sult\u00e1nov\u011b pozlacen\u00e9m tr\u016fnn\u00edm s\u00e1le \u2013 a budouc\u00ed aspirace se vzn\u00e1\u0161ej\u00ed pod pe\u010dlivou rovnov\u00e1hou. Zem\u011b se ani nechlub\u00ed sv\u00fdm bohatstv\u00edm jako bl\u00edzkov\u00fdchodn\u00ed petro\u0161ejchov\u00e9, ani se nerozpl\u00fdv\u00e1 v glob\u00e1ln\u00edm proudu jako Singapur, ale m\u00e1 v sob\u011b rezervu, p\u0159\u00edslib klidu a \u0159\u00e1du, kter\u00fd i nad\u00e1le utv\u00e1\u0159\u00ed jej\u00ed jedine\u010dnou cestu.<\/p>","protected":false},"excerpt":{"rendered":"<p>Brunej, form\u00e1ln\u011b ozna\u010dovan\u00e1 jako Brunej Darussalam, je kompaktn\u00ed a bohat\u00e1 zem\u011b le\u017e\u00edc\u00ed na severn\u00edm pob\u0159e\u017e\u00ed Bornea v jihov\u00fdchodn\u00ed Asii. S populac\u00ed 455 858 k roku 2023 vynik\u00e1 tento suver\u00e9nn\u00ed st\u00e1t jako jedin\u00fd nez\u00e1visl\u00fd st\u00e1t nach\u00e1zej\u00edc\u00ed se zcela na ostrov\u011b Bornea. Bandar Seri Begawan, hlavn\u00ed a nejv\u011bt\u0161\u00ed m\u011bsto, m\u00e1 t\u00e9m\u011b\u0159 180 000 obyvatel a slou\u017e\u00ed jako politick\u00e9 a obchodn\u00ed centrum n\u00e1roda.<\/p>","protected":false},"author":1,"featured_media":5108,"parent":24063,"menu_order":0,"comment_status":"closed","ping_status":"closed","template":"elementor_theme","meta":{"_eb_attr":"","footnotes":""},"class_list":["post-15920","page","type-page","status-publish","has-post-thumbnail"],"_links":{"self":[{"href":"https:\/\/travelshelper.com\/cs\/wp-json\/wp\/v2\/pages\/15920","targetHints":{"allow":["GET"]}}],"collection":[{"href":"https:\/\/travelshelper.com\/cs\/wp-json\/wp\/v2\/pages"}],"about":[{"href":"https:\/\/travelshelper.com\/cs\/wp-json\/wp\/v2\/types\/page"}],"author":[{"embeddable":true,"href":"https:\/\/travelshelper.com\/cs\/wp-json\/wp\/v2\/users\/1"}],"replies":[{"embeddable":true,"href":"https:\/\/travelshelper.com\/cs\/wp-json\/wp\/v2\/comments?post=15920"}],"version-history":[{"count":0,"href":"https:\/\/travelshelper.com\/cs\/wp-json\/wp\/v2\/pages\/15920\/revisions"}],"up":[{"embeddable":true,"href":"https:\/\/travelshelper.com\/cs\/wp-json\/wp\/v2\/pages\/24063"}],"wp:featuredmedia":[{"embeddable":true,"href":"https:\/\/travelshelper.com\/cs\/wp-json\/wp\/v2\/media\/5108"}],"wp:attachment":[{"href":"https:\/\/travelshelper.com\/cs\/wp-json\/wp\/v2\/media?parent=15920"}],"curies":[{"name":"wp","href":"https:\/\/api.w.org\/{rel}","templated":true}]}}