{"id":15699,"date":"2024-09-21T18:55:31","date_gmt":"2024-09-21T18:55:31","guid":{"rendered":"https:\/\/travelshelper.com\/staging\/?page_id=15699"},"modified":"2026-03-11T19:52:22","modified_gmt":"2026-03-11T19:52:22","slug":"pusan","status":"publish","type":"page","link":"https:\/\/travelshelper.com\/cs\/destinations\/asia\/south-korea\/busan\/","title":{"rendered":"Pusan"},"content":{"rendered":"<p>Pusan, jihokorejsk\u00e1 n\u00e1mo\u0159n\u00ed br\u00e1na, p\u0159edstavuje krajinu definovanou jak sv\u00fdmi p\u0159\u00edrodn\u00edmi konturami, tak pracovit\u00fdm duchem sv\u00fdch obyvatel. Na jihov\u00fdchodn\u00edm c\u00edpu Korejsk\u00e9ho poloostrova se toto m\u011bsto \u2013 ofici\u00e1ln\u011b Pusansk\u00e9 metropolitn\u00ed m\u011bsto \u2013 t\u00e1hne od m\u00edrn\u00fdch vod Korejsk\u00e9ho pr\u016flivu a\u017e k drsn\u00fdm vrchol\u016fm, kter\u00e9 lemuj\u00ed jeho severn\u00ed a z\u00e1padn\u00ed hranice. S populac\u00ed p\u0159esahuj\u00edc\u00ed 3,3 milionu v roce 2024 se \u0159ad\u00ed na druh\u00e9 m\u00edsto v n\u00e1rodn\u00edm v\u00fdznamu hned po Soulu, p\u0159esto se jeho charakter prudce li\u0161\u00ed: tam, kde se rozloha hlavn\u00edho m\u011bsta zplo\u0161\u0165uje, hust\u011b zastav\u011bn\u00e9 \u010dtvrti Pusanu zab\u00edraj\u00ed \u00fazk\u00e1 \u00fadol\u00ed mezi \u0159ekami Nakdong a Suyeong, zat\u00edmco hory se ty\u010d\u00ed nad m\u011bstsk\u00fdm \u017eivotem.<\/p>\n\n\n\n<p>Topografie m\u011bsta formovala jeho r\u016fst. Na z\u00e1pad\u011b se \u0159eka Nakdong \u2013 nejdel\u0161\u00ed v Koreji \u2013 roz\u0161i\u0159uje do \u00farodn\u00e9 delty, ne\u017e se setk\u00e1 s mo\u0159em; na severu se ty\u010d\u00ed Geumjeongsan, nejvy\u0161\u0161\u00ed vrchol Pusanu. Mezi t\u011bmito p\u0159irozen\u00fdmi hranicemi je patn\u00e1ct spr\u00e1vn\u00edch obvod\u016f (gu) a jeden okres (gun) uspo\u0159\u00e1d\u00e1no v oblouc\u00edch rozvoje, kter\u00e9 sleduj\u00ed \u00fadol\u00ed nebo n\u00e1horn\u00ed plo\u0161iny, \u010d\u00edm\u017e vznikaj\u00ed sp\u00ed\u0161e odli\u0161n\u00e9 \u010dtvrti ne\u017e jeden jednotn\u00fd rozlohov\u00fd celek. Pl\u00e1\u017e Haeundae, nejv\u011bt\u0161\u00ed v zemi, le\u017e\u00ed na v\u00fdchodn\u00edm okraji m\u011bsta, jej\u00ed\u017e b\u00edl\u00fd p\u00edsek je lemov\u00e1n luxusn\u00edmi hotely a stalet\u00fdm lesem Dongbaekseom. Na opa\u010dn\u00e9m konci lemuj\u00ed drsn\u00e9 \u00fatesy mysy Taejongdae na ostrov\u011b Yeongdo. Tato m\u00edsta dohromady ilustruj\u00ed, jak drsn\u00fd reli\u00e9f a pob\u0159e\u017e\u00ed koexistovaly po celou dobu expanze Pusanu.<\/p>\n\n\n\n<p>Pusansk\u00e9 klima kombinuje subtropick\u00e9 teplo s p\u0159\u00edmo\u0159sk\u00fdm m\u00edrn\u00fdm vlivem, kter\u00fd zm\u00edr\u0148uje extr\u00e9my. L\u00e9ta, a\u010dkoli vlhk\u00e1, z\u016fst\u00e1vaj\u00ed chladn\u011bj\u0161\u00ed ne\u017e ve vnitrozemsk\u00fdch oblastech a\u017e do konce \u010dervence; podzim p\u0159in\u00e1\u0161\u00ed jasnou oblohu a p\u0159\u00edjemn\u00e9 teploty v \u0159\u00edjnu a listopadu. Zimy jsou m\u00edrn\u00e9 a p\u0159ev\u00e1\u017en\u011b bez sn\u011bhu \u2013 v pr\u016fm\u011bru pouze \u010dty\u0159i dny sn\u011b\u017een\u00ed ro\u010dn\u011b \u2013 p\u0159esto se v\u00edtr m\u016f\u017ee pod\u00e9l exponovan\u00fdch pob\u0159e\u017en\u00edch koridor\u016f zes\u00edlit. Jako\u017eto m\u011bsto s nejv\u011bt\u0161\u00edm v\u00fdskytem tajfun\u016f v Ji\u017en\u00ed Koreji za\u017eil Pusan \u200b\u200bbou\u0159e neobvykl\u00e9 intenzity: Supertajfun Sarah v roce 1959 zanechal pod\u00e9l pob\u0159e\u017e\u00ed spou\u0161\u0165 a tajfun Maemi v roce 2003 si vy\u017e\u00e1dal des\u00edtky \u017eivot\u016f. V ned\u00e1vn\u00e9 dob\u011b tajfun Hinnamnor v z\u00e1\u0159\u00ed 2022 uk\u00e1zal, jak zraniteln\u00e9 z\u016fst\u00e1vaj\u00ed kontejnerov\u00e9 termin\u00e1ly a n\u00edzko polo\u017een\u00e9 oblasti, kdy\u017e na pob\u0159e\u017e\u00ed bi\u010duj\u00ed v\u011btry 2. kategorie.<\/p>\n\n\n\n<p>Administrativn\u00ed ko\u0159eny Pusanu sahaj\u00ed do roku 1957, kdy bylo vymezeno \u0161est okres\u016f \u2013 Pusanjin, Dong, Dongnae, Jung, Seo a Yeongdo. V n\u00e1sleduj\u00edc\u00edch desetilet\u00edch do\u0161lo k rozd\u011blen\u00ed a\u017e do sou\u010dasn\u00e9 struktury patn\u00e1cti okres\u016f a jednoho okresu s metropolitn\u00ed populac\u00ed bl\u00ed\u017e\u00edc\u00ed se 3,6 milionu obyvatel. Za t\u011bmito hranicemi obc\u00ed le\u017e\u00ed jihov\u00fdchodn\u00ed p\u0159\u00edmo\u0159sk\u00fd pr\u016fmyslov\u00fd region \u2013 aglomerace, kter\u00e1 zahrnuje Ulsan, Daegu a \u010d\u00e1sti provinci\u00ed Gyeongsang \u2013 s p\u0159ibli\u017en\u011b osmi miliony obyvatel, kter\u00e1 je pova\u017eov\u00e1na za nejv\u011bt\u0161\u00ed pr\u016fmyslov\u00fd p\u00e1s Koreje. Tento \u0161ir\u0161\u00ed region podtrhuje trvalou roli Pusanu jako m\u00edstn\u00edho centra i jako kotvy pro rozs\u00e1hlou s\u00ed\u0165 hospod\u00e1\u0159sk\u00e9 v\u00fdm\u011bny.<\/p>\n\n\n\n<p>Pusansk\u00fd p\u0159\u00edstav se v roce 2020 um\u00edstil na \u0161est\u00e9m m\u00edst\u011b v p\u0159eprav\u011b kontejner\u016f, p\u0159i\u010dem\u017e v roce 2020 odbavil p\u0159es 21,8 milionu TEU. Jeho 43 kotvi\u0161\u0165 zahrnuje Severn\u00ed p\u0159\u00edstav a modern\u00ed Nov\u00fd p\u0159\u00edstav Pusan; spole\u010dn\u011b slou\u017e\u00ed jako ji\u017en\u00ed termin\u00e1l N\u00e1mo\u0159n\u00ed hedv\u00e1bn\u00e9 stezky 21. stolet\u00ed, kter\u00e1 spojuje v\u00fdchodn\u00ed Asii s Evropou p\u0159es Suezsk\u00fd pr\u016fplav. N\u00e1mo\u0159n\u00ed za\u0159\u00edzen\u00ed Pusanu jsou z\u00e1kladem diverzifikovan\u00e9 ekonomiky: v roce 2022 m\u011bsto zaznamenalo hrub\u00fd region\u00e1ln\u00ed dom\u00e1c\u00ed produkt (GRDP) ve v\u00fd\u0161i 104 bilion\u016f \u20a9, p\u0159i\u010dem\u017e slu\u017eby tvo\u0159ily 70,3 procenta produkce, zpracovatelsk\u00fd pr\u016fmysl 19,8 procenta a stavebnictv\u00ed 5,9 procenta. Men\u0161\u00ed pod\u00edl m\u00e1 zem\u011bd\u011blstv\u00ed, rybolov a pomocn\u00e1 odv\u011btv\u00ed. Tuto komer\u010dn\u00ed energii dopl\u0148uj\u00ed v\u00fdzkumn\u00e9 instituce, jako je Korejsk\u00fd institut pro oce\u00e1nsk\u00e9 v\u011bdy a technologie a N\u00e1rodn\u00ed slu\u017eba pro \u0159\u00edzen\u00ed kvality ryb\u00edch produkt\u016f, kter\u00e9 posiluj\u00ed pozici Pusanu jako centra pro mo\u0159sk\u00e9 v\u011bdy a v\u00fdzkum a v\u00fdvoj.<\/p>\n\n\n\n<p>Krom\u011b lodn\u00ed dopravy host\u00ed Pusan \u200b\u200bprosperuj\u00edc\u00ed sektor MICE. Pusansk\u00e9 v\u00fdstavn\u00ed a kongresov\u00e9 centrum (BEXCO) v Centum City nab\u00edz\u00ed \u0159adu za\u0159\u00edzen\u00ed \u2013 bl\u00edzk\u00e9 hotely, parky a Nurimaru APEC House \u2013 schopn\u00fdch po\u0159\u00e1dat akce od setk\u00e1n\u00ed ekonomick\u00fdch l\u00eddr\u016f APEC v roce 2005 a\u017e po v\u00fdro\u010dn\u00ed zased\u00e1n\u00ed Africk\u00e9 rozvojov\u00e9 banky v roce 2018. UNESCO v prosinci 2014 uznalo tv\u016fr\u010d\u00ed vitalitu m\u011bsta a pojmenovalo ho \u201eM\u011bsto filmu\u201c. Toto ozna\u010den\u00ed dopl\u0148uje \u0161ir\u0161\u00ed profil Pusanu jako m\u00edsta pro mezin\u00e1rodn\u00ed setk\u00e1n\u00ed, a\u0165 u\u017e diplomatick\u00e1, obchodn\u00ed nebo kulturn\u00ed.<\/p>\n\n\n\n<p>Kulturn\u00ed \u017eivot v Pusanu prol\u00edn\u00e1 chr\u00e1mov\u00e9 are\u00e1ly, prostory modern\u00edho um\u011bn\u00ed a \u010dtvrti nesouc\u00ed vzpom\u00ednky na minul\u00e9 ot\u0159esy. Beomeosa, ty\u010d\u00edc\u00ed se na svaz\u00edch Geumjeongsanu, pat\u0159\u00ed k nejv\u00fdznamn\u011bj\u0161\u00edm buddhistick\u00fdm svatyn\u00edm v Koreji. V srdci m\u011bsta uct\u00edv\u00e1 Chungnyeolsa ty, kte\u0159\u00ed padli p\u0159i obran\u011b pevnosti Dongnae v Imd\u017einsk\u00e9 v\u00e1lce v \u0161estn\u00e1ct\u00e9m stolet\u00ed. Na vrcholu parku Yongdusan se ty\u010d\u00ed Pusansk\u00e1 v\u011b\u017e, kter\u00e1 se sb\u00edh\u00e1 do obchodn\u00edch tepen Nampo-dongu, zat\u00edmco sousedn\u00ed Pusansk\u00e9 akv\u00e1rium nab\u00edz\u00ed pod siluetou m\u011bstsk\u00e9 v\u011b\u017ee zapouzd\u0159en\u00fd mo\u0159sk\u00fd sv\u011bt. Jinde kulturn\u00ed vesnice Gamcheon \u2013 jej\u00ed domy vytesan\u00e9 do terasovit\u00fdch h\u0159eben\u016f \u2013 odr\u00e1\u017e\u00ed pov\u00e1le\u010dn\u00e9 os\u00eddlen\u00ed, kter\u00e9 se vyvinulo v mozaiku galeri\u00ed a ateli\u00e9r\u016f.<\/p>\n\n\n\n<p>Pob\u0159e\u017e\u00ed Pusanu, p\u0159ezd\u00edvan\u00e9ho \u201eletn\u00ed metropole\u201c Ji\u017en\u00ed Koreje, l\u00e1k\u00e1 rodiny s d\u011btmi i milovn\u00edky festival\u016f. Rozloha Haeundae se hem\u017e\u00ed davy turist\u016f; Gwangalli na z\u00e1pad\u011b vyva\u017euje promen\u00e1dy lemovan\u00e9 kav\u00e1rnami s osv\u011btlen\u00fdm mostem Gwangan. Severn\u011b od Haeundae nab\u00edz\u00ed pl\u00e1\u017e Songjeong klidn\u011bj\u0161\u00ed surfa\u0159sk\u00e9 prost\u0159ed\u00ed. Pod\u00e9l \u00fast\u00ed \u0159eky Nakdong se nach\u00e1z\u00ed ekologick\u00fd park Daejeo, kter\u00fd slou\u017e\u00ed st\u011bhovav\u00fdm pt\u00e1k\u016fm a po\u0159\u00e1d\u00e1 sez\u00f3nn\u00ed festivaly \u2013 na ja\u0159e kv\u011bty t\u0159e\u0161n\u00ed, za\u010d\u00e1tkem l\u00e9ta \u0159epky a v polovin\u011b roku raj\u010data. Na z\u00e1padn\u00edm okraji l\u00e1kaj\u00ed m\u011blk\u00e9 vody pl\u00e1\u017ee Ilgwang d\u011bti, kter\u00e9 ka\u017ed\u00e9 l\u00e9to p\u0159eru\u0161uje festival venkovn\u00edho dramatu Gaetmaeul.<\/p>\n\n\n\n<p>Pusansk\u00fd kalend\u00e1\u0159 pulzuje ud\u00e1lostmi. Jaro p\u0159in\u00e1\u0161\u00ed Pusansk\u00fd p\u0159\u00edstavn\u00ed festival a festival Joseon Tongsinsa \u2013 sou\u010d\u00e1st programu UNESCO Pam\u011b\u0165 sv\u011bta. V l\u00e9t\u011b se kon\u00e1 Pusansk\u00fd mo\u0159sk\u00fd festival v Haeundae a Mezin\u00e1rodn\u00ed rockov\u00fd festival. V \u0159\u00edjnu se kon\u00e1 Pusansk\u00fd mezin\u00e1rodn\u00ed filmov\u00fd festival (nejv\u011bt\u0161\u00ed sv\u00e9ho druhu v Asii), festival oh\u0148ostroj\u016f nad Moonlight Bay a festival One Asia K-pop. V listopadu se kon\u00e1 G-Star, p\u0159edn\u00ed korejsk\u00e1 hern\u00ed v\u00fdstava, a tak\u00e9 turnaje v e-sportu; prosinec zakon\u010duje rok Festivalem v\u00e1no\u010dn\u00edch stromk\u016f. Film a televize si Pusan \u200b\u200b\u010dasto vyb\u00edraj\u00ed jako m\u00edsto odehr\u00e1v\u00e1n\u00ed: od apokalyptick\u00fdch chodeb Train to Busan a\u017e po melodramata evokuj\u00edc\u00ed m\u00edstn\u00ed dialekt \u2013 m\u011bsto se st\u0159\u00eddav\u011b jev\u00ed jako \u00fato\u010di\u0161t\u011b, hranice a dramatick\u00fd kontrast k urbanismu Soulu.<\/p>\n\n\n\n<p>M\u00edstn\u00ed kuchyn\u011b sv\u011bd\u010d\u00ed o historii Pusanu a jeho bohatstv\u00ed. Dongnae pajeon, pala\u010dinka s \u00fast\u0159icemi, p\u0159ipom\u00edn\u00e1 z\u00e1soby, kter\u00e9 se kdysi nab\u00edzely vojensk\u00fdm vyslanc\u016fm. Studen\u00e9 p\u0161eni\u010dn\u00e9 nudle, milmyeon, vznikly z doby korejsk\u00e9 v\u00e1lky, kdy uprchl\u00edci adaptovali recepty ze severn\u00ed pohanky na ji\u017eansk\u00e9 pokrmy. Dwaeji gukbap \u2013 vydatn\u00e1 pol\u00e9vka s vep\u0159ov\u00fdm masem a r\u00fd\u017e\u00ed \u2013 si z\u00edskala farn\u00edky po cel\u00e9 zemi. St\u00e1nky u ulic pod\u00e1vaj\u00ed vep\u0159ov\u00e9 klus\u00e1ky (nangchae-jokbal) spolu s fermentovan\u00fdmi ko\u0159en\u00edmi, zat\u00edmco trh Jagalchi vystavuje \u00farodu mo\u0159e v \u017eiv\u00fdch n\u00e1dr\u017e\u00edch a na sy\u010d\u00edc\u00edch grilech. I nov\u011bj\u0161\u00ed \u010dtvrti, jako je ulice Jeonpo Caf\u00e9, sv\u011bd\u010d\u00ed o vyv\u00edjej\u00edc\u00edm se chuti m\u011bsta, kde p\u0159estav\u011bn\u00e9 d\u00edlny nyn\u00ed ukr\u00fdvaj\u00ed avantgardn\u00ed kav\u00e1rny.<\/p>\n\n\n\n<p>Po\u010det obyvatel Pusanu dos\u00e1hl vrcholu v roce 1990, kdy se pohyboval kolem 3,8 milionu, a pot\u00e9 postupn\u011b klesal na p\u0159ibli\u017en\u011b 3,27 milionu do roku 2024 \u2013 tento trend souvis\u00ed s \u0161ir\u0161\u00edm zam\u011b\u0159en\u00edm Ji\u017en\u00ed Koreje na high-tech pr\u016fmysl soust\u0159ed\u011bn\u00fd kolem Soulu. St\u00e1rnouc\u00ed demografick\u00e1 skupina a odliv obyvatel z m\u011bst spojily s\u00edly proti r\u016fstu, a to i p\u0159esto, \u017ee m\u011bsto v\u00edt\u00e1 pravideln\u00e9 p\u0159\u00edlivy obyvatel za \u00fa\u010delem vzd\u011bl\u00e1v\u00e1n\u00ed, cestovn\u00edho ruchu a podnik\u00e1n\u00ed. V roce 2024 se 48 procent obyvatel identifikovalo jako nev\u011b\u0159\u00edc\u00ed, 29 procent jako buddhist\u00e9 a 21 procent jako k\u0159es\u0165an\u00e9 (14 procent protestanti, 7 procent katol\u00edci). Mal\u00e9 men\u0161iny praktikuj\u00ed jin\u00e1 vyzn\u00e1n\u00ed.<\/p>\n\n\n\n<p>Spojen\u00ed je z\u00e1kladem postaven\u00ed Pusanu jako\u017eto dopravn\u00edho uzlu. Metro, kter\u00e9 od roku 2017 zahrnuje \u0161est linek, propojuje centrum m\u011bsta, p\u0159edm\u011bst\u00ed a lehkou \u017eeleznici na leti\u0161t\u011b. Vysokorychlostn\u00ed vlaky KTX projedou po lince Gyeongbu do Soulu zhruba za 150 minut. Mezim\u011bstsk\u00e9 autobusy odj\u00ed\u017ed\u011bj\u00ed z n\u011bkolika termin\u00e1l\u016f a obsluhuj\u00ed sousedn\u00ed provincie a a\u017e do hlavn\u00edho m\u011bsta. Z mezin\u00e1rodn\u00edho trajektov\u00e9ho termin\u00e1lu v pusansk\u00e9m p\u0159\u00edstavu spojuj\u00ed k\u0159\u00eddlov\u00e9 lod\u011b a no\u010dn\u00ed lod\u011b ostrov Cu\u0161ima, Fukuoku a \u00d3saku. M\u00edstn\u00ed autobusov\u00e1 doprava, v\u010detn\u011b limuz\u00ednov\u00fdch limuz\u00edn z leti\u0161t\u011b, proch\u00e1z\u00ed v\u0161emi okresy, zat\u00edmco bezprost\u0159edn\u00ed v\u00fdstavba leti\u0161t\u011b na ostrov\u011b Gadeokdo \u2013 a\u010dkoli nyn\u00ed omezen\u00e1 \u2013 kdysi slibovala p\u0159edefinovat region\u00e1ln\u00ed leteckou dopravu.<\/p>\n\n\n\n<p>D\u00edky prol\u00edn\u00e1n\u00ed n\u00e1mo\u0159n\u00edho obchodu, kulturn\u00ed dynamiky a geologick\u00e9 rozmanitosti se Pusan \u200b\u200bstal zt\u011blesn\u011bn\u00edm jak historick\u00fdch kontakt\u016f Koreje se zahrani\u010dn\u00edmi mocnostmi, tak jej\u00edch sou\u010dasn\u00fdch aspirac\u00ed na glob\u00e1ln\u00ed sc\u00e9n\u011b. Od lili\u00ed mok\u0159ad\u016f Daejeo a\u017e po ocelov\u00e9 port\u00e1ly kontejnerov\u00fdch termin\u00e1l\u016f, kontrastn\u00ed m\u011b\u0159\u00edtka p\u0159\u00edrody a pr\u016fmyslu ve m\u011bst\u011b koexistuj\u00ed v z\u00e1m\u011brn\u00e9m nap\u011bt\u00ed. Pusan, zdaleka ne pouh\u00fd p\u0159\u00edstav nebo letovisko, p\u0159etrv\u00e1v\u00e1 jako \u017eivouc\u00ed d\u016fkaz adaptace: m\u011bsto, kter\u00e9 je stejn\u011b jako p\u0159\u00edliv a odliv om\u00fdvaj\u00edc\u00ed jeho b\u0159ehy neust\u00e1le p\u0159etv\u00e1\u0159eno silami m\u00edstn\u00edmi i mezin\u00e1rodn\u00edmi.<\/p>","protected":false},"excerpt":{"rendered":"<p>Busan, ofici\u00e1ln\u011b ozna\u010dovan\u00fd jako Busan Metropolitan City, je druh\u00fdm nejlidnat\u011bj\u0161\u00edm m\u011bstem v Ji\u017en\u00ed Koreji, s po\u010dtem obyvatel p\u0159esahuj\u00edc\u00edm 3,3 milionu od roku 2024. Toto p\u0159\u00edmo\u0159sk\u00e9 m\u011bsto, p\u016fvodn\u011b \u0159\u00edmsk\u00e9 jako Pusan, se stalo ekonomick\u00fdm, kulturn\u00edm a vzd\u011bl\u00e1vac\u00edm centrem jihov\u00fdchodn\u00ed Ji\u017en\u00ed Koreje z velk\u00e9 \u010d\u00e1sti d\u00edky sv\u00e9 strategick\u00e9 poloze a ru\u0161n\u00e9mu p\u0159\u00edstavu.<\/p>","protected":false},"author":1,"featured_media":3004,"parent":15674,"menu_order":0,"comment_status":"closed","ping_status":"closed","template":"elementor_theme","meta":{"_eb_attr":"","footnotes":""},"class_list":["post-15699","page","type-page","status-publish","has-post-thumbnail"],"_links":{"self":[{"href":"https:\/\/travelshelper.com\/cs\/wp-json\/wp\/v2\/pages\/15699","targetHints":{"allow":["GET"]}}],"collection":[{"href":"https:\/\/travelshelper.com\/cs\/wp-json\/wp\/v2\/pages"}],"about":[{"href":"https:\/\/travelshelper.com\/cs\/wp-json\/wp\/v2\/types\/page"}],"author":[{"embeddable":true,"href":"https:\/\/travelshelper.com\/cs\/wp-json\/wp\/v2\/users\/1"}],"replies":[{"embeddable":true,"href":"https:\/\/travelshelper.com\/cs\/wp-json\/wp\/v2\/comments?post=15699"}],"version-history":[{"count":0,"href":"https:\/\/travelshelper.com\/cs\/wp-json\/wp\/v2\/pages\/15699\/revisions"}],"up":[{"embeddable":true,"href":"https:\/\/travelshelper.com\/cs\/wp-json\/wp\/v2\/pages\/15674"}],"wp:featuredmedia":[{"embeddable":true,"href":"https:\/\/travelshelper.com\/cs\/wp-json\/wp\/v2\/media\/3004"}],"wp:attachment":[{"href":"https:\/\/travelshelper.com\/cs\/wp-json\/wp\/v2\/media?parent=15699"}],"curies":[{"name":"wp","href":"https:\/\/api.w.org\/{rel}","templated":true}]}}