{"id":15674,"date":"2024-09-21T18:19:44","date_gmt":"2024-09-21T18:19:44","guid":{"rendered":"https:\/\/travelshelper.com\/staging\/?page_id=15674"},"modified":"2026-03-11T19:54:45","modified_gmt":"2026-03-11T19:54:45","slug":"jizni-korea","status":"publish","type":"page","link":"https:\/\/travelshelper.com\/cs\/destinations\/asia\/south-korea\/","title":{"rendered":"Ji\u017en\u00ed Korea"},"content":{"rendered":"<p>Ji\u017en\u00ed Korea se nach\u00e1z\u00ed na soutoku tis\u00edcilet\u00e9 tradice a \u0161pi\u010dkov\u00e9 modernity, n\u00e1rod formovan\u00fd drsn\u00fdmi horami a ne\u00faprosn\u00fdmi proudy historie. Tvo\u0159\u00ed ji\u017en\u00ed polovinu Korejsk\u00e9ho poloostrova, na severu je ohrani\u010dena demilitarizovanou z\u00f3nou, kter\u00e1 ji odd\u011bluje od jej\u00edho severn\u00edho souseda, na z\u00e1pad\u011b \u017dlut\u00fdm mo\u0159em a na v\u00fdchod\u011b t\u00edm, co Korejci naz\u00fdvaj\u00ed V\u00fdchodn\u00edm mo\u0159em. S rozlohou n\u011bco m\u00e1lo p\u0159es 100 000 kilometr\u016f \u010dtvere\u010dn\u00edch, z \u010deho\u017e zhruba 70 procent tvo\u0159\u00ed hory nebo lesy, tato kompaktn\u00ed zem\u011b \u017eije v\u00edce ne\u017e 52 milion\u016f obyvatel, z nich\u017e polovina \u017eije v rozlehl\u00e9 metropolitn\u00ed oblasti Soulu \u2013 jedn\u00e9 z nejlidnat\u011bj\u0161\u00edch m\u011bstsk\u00fdch oblast\u00ed sv\u011bta.<\/p>\n\n\n\n<p>Archeologick\u00e9 d\u016fkazy umis\u0165uj\u00ed lidskou p\u0159\u00edtomnost na poloostrov\u011b ji\u017e do mlad\u00e9ho paleolitu. Na za\u010d\u00e1tku sedm\u00e9ho stolet\u00ed p\u0159. n. l. \u010d\u00ednsk\u00e9 z\u00e1znamy dokl\u00e1daj\u00ed existenci organizovan\u00fdch politick\u00fdch z\u0159\u00edzen\u00ed. B\u011bhem n\u00e1sleduj\u00edc\u00edch stolet\u00ed soupe\u0159ila o nadvl\u00e1du t\u0159i kr\u00e1lovstv\u00ed \u2013 Kogurjo, Pek\u010de a Silla, dokud Silla na konci sedm\u00e9ho stolet\u00ed n. l. nesjednotila velkou \u010d\u00e1st poloostrova. N\u00e1sleduj\u00edc\u00ed dynastie Korjo (918\u20131392) upevnila trvalou korejskou identitu a prop\u016fj\u010dila sv\u00e9 jm\u00e9no anglick\u00e9mu exonymu \u201eKorea\u201c. Za vl\u00e1dy dynastie \u010coson (1392\u20131897) dominovaly dvorn\u00edmu \u017eivotu konfuci\u00e1nsk\u00e9 principy: rigidn\u00ed spole\u010densk\u00e1 hierarchie povy\u0161ovala elitu jangban\u016f nad prost\u00e9 ob\u010dany, zat\u00edmco u\u010denci zavedli syst\u00e9m st\u00e1tn\u00ed slu\u017eby, kter\u00fd cenil liter\u00e1rn\u00ed vzd\u011bl\u00e1n\u00ed.<\/p>\n\n\n\n<p>Na konci devaten\u00e1ct\u00e9ho stolet\u00ed se kr\u00e1tce trvaj\u00edc\u00ed Korejsk\u00e9 imp\u00e9rium sna\u017eilo modernizovat pr\u00e1vn\u00ed p\u0159edpisy a pr\u016fmysl, ale japonsk\u00e1 anexe v roce 1910 na 35 let zru\u0161ila suver\u00e9nn\u00ed vl\u00e1du. Osvobozen\u00ed p\u0159i\u0161lo a\u017e s por\u00e1\u017ekou Japonska ve druh\u00e9 sv\u011btov\u00e9 v\u00e1lce, nez\u00e1vislost v\u0161ak m\u011bla vysokou cenu: sov\u011btsk\u00e1 a americk\u00e1 okupace rozd\u011blila poloostrov a v roce 1950 invaze Severn\u00ed Koreje spustila t\u0159\u00edletou v\u00e1lku, kter\u00e1 zanechala na zhruba t\u0159i miliony mrtv\u00fdch Korejc\u016f a m\u011bsta lehla popelem. P\u0159\u00edm\u011b\u0159\u00ed v roce 1953 konflikt zmrazilo bez m\u00edrov\u00e9 smlouvy a udr\u017eovalo tak napjatou patovou situaci, kter\u00e1 trv\u00e1 dodnes.<\/p>\n\n\n\n<p>Pov\u00e1le\u010dn\u00e1 Ji\u017en\u00ed Korea \u010delila zni\u010den\u00e9 infrastruktu\u0159e, zb\u00edda\u010den\u00e9mu obyvatelstvu a po sob\u011b jdouc\u00edm autorit\u00e1\u0159sk\u00fdm re\u017eim\u016fm. St\u00e1tem \u0159\u00edzen\u00e1 industrializace v 60. a 70. letech 20. stolet\u00ed v\u0161ak podpo\u0159ila rychl\u00fd hospod\u00e1\u0159sk\u00fd r\u016fst a dala vznik exportn\u011b orientovan\u00fdm gigant\u016fm, jako jsou Samsung a Hyundai. \u201eZ\u00e1zrak na \u0159ece Han\u201c vedl k tomu, \u017ee HDP na obyvatele v letech 1980 a\u017e 1990 rostl jedn\u00edm z nejrychlej\u0161\u00edch temp na sv\u011bt\u011b. A\u010dkoli asijsk\u00e1 finan\u010dn\u00ed krize v roce 1997 odhalila struktur\u00e1ln\u00ed zranitelnosti, rychl\u00e1 fisk\u00e1ln\u00ed a monet\u00e1rn\u00ed opat\u0159en\u00ed vedla k rychl\u00e9mu o\u017eiven\u00ed. B\u011bhem glob\u00e1ln\u00ed recese v roce 2008 Ji\u017en\u00ed Korea op\u011bt prok\u00e1zala odolnost a vyhnula se poklesu, i kdy\u017e mnoho vysp\u011bl\u00fdch ekonomik sklouzlo do poklesu.<\/p>\n\n\n\n<p>Politick\u00e1 transformace prob\u00edhala soub\u011b\u017en\u011b. Po desetilet\u00edch poznamenan\u00fdch vojensk\u00fdmi p\u0159evraty a studentsk\u00fdmi povst\u00e1n\u00edmi donutil \u010dervnov\u00fd demokratick\u00fd boj v roce 1987 vl\u00e1dnouc\u00ed elitu k p\u0159ijet\u00ed p\u0159\u00edm\u00fdch prezidentsk\u00fdch voleb a v\u011bt\u0161\u00edch ob\u010dansk\u00fdch svobod. Podle \u00fastavy \u0160est\u00e9 republiky se o moc d\u011bl\u00ed jednokomorov\u00e9 N\u00e1rodn\u00ed shrom\u00e1\u017ed\u011bn\u00ed se zvolen\u00fdm prezidentem. Ji\u017en\u00ed Korea je dnes v\u0161eobecn\u011b pova\u017eov\u00e1na za jednu z nejsiln\u011bj\u0161\u00edch demokraci\u00ed ve v\u00fdchodn\u00ed Asii s konkuren\u010dn\u00edmi volbami, nez\u00e1visl\u00fdm soudnictv\u00edm a dynamickou ob\u010danskou spole\u010dnost\u00ed.<\/p>\n\n\n\n<p>H\u0159bet poho\u0159\u00ed z \u017euly a ruly vede \u0159eky do \u0161irok\u00fdch z\u00e1padn\u00edch pl\u00e1n\u00ed a \u00fazk\u00fdch v\u00fdchodn\u00edch koridor\u016f. Vymezuj\u00ed se \u010dty\u0159i obecn\u00e9 oblasti: vysok\u00e1 poho\u0159\u00ed a mo\u0159sk\u00e9 v\u00fdchozy na v\u00fdchod\u011b; \u00farodn\u00e9, m\u00edrn\u011b zvln\u011bn\u00e9 n\u00ed\u017einy na z\u00e1pad\u011b; drsn\u00e1 \u00fadol\u00ed na jihoz\u00e1pad\u011b; a povod\u00ed \u0159eky Nakdong na jihov\u00fdchod\u011b. Pouze asi 30 procent p\u016fdy je orn\u00e9.<\/p>\n\n\n\n<p>T\u0159i suchozemsk\u00e9 ekoregiony \u2013 listnat\u00e9 lesy st\u0159edn\u00ed Koreje, sm\u00ed\u0161en\u00e9 lesy Mand\u017euska a st\u00e1lezelen\u00e9 lesy Ji\u017en\u00ed Koreje \u2013 ukr\u00fdvaj\u00ed rozmanitou fl\u00f3ru a faunu. Ji\u017en\u00ed Korea chr\u00e1n\u00ed p\u0159\u00edrodn\u00ed oblasti prost\u0159ednictv\u00edm dvaceti n\u00e1rodn\u00edch park\u016f, od mlhou zahalen\u00fdch vrcholk\u016f Jirisanu a\u017e po rekonstruovan\u00e9 r\u00fd\u017eov\u00e9 terasy \u010dajov\u00fdch pol\u00ed Boseong a \u00fato\u010di\u0161t\u011b st\u011bhovav\u00fdch pt\u00e1k\u016f v z\u00e1livu Suncheon.<\/p>\n\n\n\n<p>U pob\u0159e\u017e\u00ed le\u017e\u00ed t\u00e9m\u011b\u0159 t\u0159i tis\u00edce ostrov\u016f, v\u011bt\u0161ina z nich je neobydlen\u00e1. Ostrov \u010ced\u017eu, 100 kilometr\u016f ji\u017en\u011b od pevniny, se zved\u00e1 z mo\u0159e se zelen\u00fdmi svahy a Hallasanem, sope\u010dn\u00fdm vrcholem vysok\u00fdm 1 950 metr\u016f. Men\u0161\u00ed ostrovy, jako je Ul-leung-do a sporn\u00e9 sk\u00e1ly Liancourt (m\u00edstn\u011b zn\u00e1m\u00e9 jako Dokdo), vymezuj\u00ed v\u00fdchodn\u00ed n\u00e1mo\u0159n\u00ed hranici.<\/p>\n\n\n\n<p>Klima se rozprost\u00edr\u00e1 na rozhran\u00ed vlhk\u00fdch kontinent\u00e1ln\u00edch a subtropick\u00fdch p\u00e1sem. \u010cty\u0159i z\u0159eteln\u00e1 ro\u010dn\u00ed obdob\u00ed p\u0159in\u00e1\u0161ej\u00ed sv\u011b\u017e\u00ed, such\u00e9 zimy, kv\u011bty na ja\u0159e, dusn\u00e9 monzunov\u00e9 de\u0161t\u011b (jangma) od konce \u010dervna do \u010dervence a m\u00edrn\u00e9 podzimy. Pr\u016fm\u011brn\u00e9 teploty v Soulu se pohybuj\u00ed od \u20137 do 1 \u00b0C v lednu do 22\u201330 \u00b0C v srpnu. Pod\u00e9l ji\u017en\u00edho pob\u0159e\u017e\u00ed jsou zimy m\u00edrn\u011bj\u0161\u00ed a hrozba tajfun\u016f hroz\u00ed koncem l\u00e9ta.<\/p>\n\n\n\n<p>Sm\u00ed\u0161en\u00e1 ekonomika Ji\u017en\u00ed Koreje se \u0159ad\u00ed na dvan\u00e1ct\u00e9 m\u00edsto podle nomin\u00e1ln\u00edho HDP a na \u010dtrn\u00e1ct\u00e9 m\u00edsto podle parity kupn\u00ed s\u00edly. D\u00edky sv\u00e9 orientaci na vn\u011bj\u0161\u00ed trh je jeden\u00e1ct\u00e1 mezi sv\u011btov\u00fdmi export\u00e9ry a sedm\u00e1 mezi dovozci. Konglomer\u00e1ty \u010cchebol \u2013 s\u00eddl\u00edc\u00ed v leskl\u00fdch sklen\u011bn\u00fdch v\u011b\u017e\u00edch \u2013 poh\u00e1n\u011bj\u00ed v\u00fdrobu polovodi\u010d\u016f, automobil\u016f a elektroniky. LG a Samsung dos\u00e1hly mezin\u00e1rodn\u00edho v\u011bhlasu v oblasti spot\u0159ebn\u00edho zbo\u017e\u00ed; Hyundai a Kia transformovaly automobilovou v\u00fdrobu.<\/p>\n\n\n\n<p>Vzd\u011bl\u00e1n\u00ed je n\u00e1rodn\u00ed posedlost\u00ed. Ji\u017en\u00ed Korea, kter\u00e1 se kdysi pot\u00fdkala s rozs\u00e1hlou negramotnost\u00ed, nyn\u00ed dosahuje jedn\u00e9 z nejvy\u0161\u0161\u00edch m\u011br dosa\u017een\u00ed terci\u00e1rn\u00edho vzd\u011bl\u00e1n\u00ed na sv\u011bt\u011b. Disciplinovan\u00e1 a vysoce kvalifikovan\u00e1 pracovn\u00ed s\u00edla je z\u00e1kladem v\u00fdzkumu a v\u00fdvoje: Ji\u017en\u00ed Korea dnes vede v po\u010dtu podan\u00fdch patent\u016f na obyvatele a v mezin\u00e1rodn\u00edch \u017eeb\u0159\u00ed\u010dc\u00edch inovac\u00ed p\u0159ekon\u00e1v\u00e1 sv\u00e9 konkurenty.<\/p>\n\n\n\n<p>Infrastruktura tyto priority odr\u00e1\u017e\u00ed. S\u00ed\u0165 rychlovlak\u016f Korail, zejm\u00e9na linka KTX spojuj\u00edc\u00ed Soul s Pusanem, prot\u00edn\u00e1 zemi vysokorychlostn\u00ed \u017eelezni\u010dn\u00ed trat\u011b. Zpoplatn\u011bn\u00e9 d\u00e1lnice se rozprost\u00edraj\u00ed p\u0159es h\u0159ebeny i roviny, expresn\u00ed autobusy k\u0159i\u017euj\u00ed venkovsk\u00e9 vesnice a trajekty spojuj\u00ed ostrovy. Mezin\u00e1rodn\u00ed leti\u0161t\u011b Incheon, otev\u0159en\u00e9 v roce 2001, v roce 2016 odbavilo 58 milion\u016f cestuj\u00edc\u00edch a \u0159ad\u00ed se mezi nejru\u0161n\u011bj\u0161\u00ed uzly na sv\u011bt\u011b. Dva hlavn\u00ed dopravci \u2013 Korean Air a Asiana \u2013 provozuj\u00ed t\u00e9m\u011b\u0159 t\u0159i sta mezin\u00e1rodn\u00edch tras, zat\u00edmco n\u00edzkon\u00e1kladov\u00e9 vnitrost\u00e1tn\u00ed leteck\u00e9 spole\u010dnosti udr\u017euj\u00ed cenov\u011b dostupn\u00e9 mezim\u011bstsk\u00e9 spoje.<\/p>\n\n\n\n<p>Po\u010det obyvatel Ji\u017en\u00ed Koreje dos\u00e1hl vrcholu v roce 2024, kdy \u010dinil n\u011bco m\u00e1lo p\u0159es 52 milion\u016f, pot\u00e9, co v roce 1955 vzrostl z 21,5 milionu. Nicm\u00e9n\u011b s prudk\u00fdm poklesem porodnosti \u2013 v roce 2018 klesla pod jedno d\u00edt\u011b na \u017eenu a do roku 2023 dos\u00e1hla 0,72 \u2013 zem\u011b \u010del\u00ed sv\u00e9mu prvn\u00edmu p\u0159irozen\u00e9mu \u00fabytku populace. Do roku 2050 m\u016f\u017ee b\u00fdt t\u00e9m\u011b\u0159 polovina populace star\u0161\u00ed \u0161edes\u00e1ti p\u011bti let, co\u017e m\u00e1 hlubok\u00e9 d\u016fsledky pro d\u016fchody, zdravotnictv\u00ed a ekonomickou produktivitu. V kv\u011btnu 2024 vl\u00e1da z\u0159\u00eddila specializovan\u00e9 ministerstvo pro \u0159e\u0161en\u00ed st\u00e1rnut\u00ed a plodnosti a m\u00edrn\u00fd n\u00e1r\u016fst porodnosti na konci roku 2024 nab\u00eddl opatrn\u00fd optimismus.<\/p>\n\n\n\n<p>Urbanizace zm\u011bnila spole\u010dnost: do t\u00e9 m\u00edry, \u017ee Soul a jeho satelitn\u00ed m\u011bsta nyn\u00ed poskytuj\u00ed ubytov\u00e1n\u00ed zhruba polovin\u011b populace zem\u011b. Pusan, In\u010dchon, Tegu, Ted\u017eon, Kwangd\u017eu a Ulsan tvo\u0159\u00ed souhv\u011bzd\u00ed megam\u011bst, z nich\u017e ka\u017ed\u00e9 m\u00e1 svou vlastn\u00ed pr\u016fmyslovou z\u00e1kladnu a kulturn\u00ed charakter. Venkovsk\u00e9 oblasti, kdysi domov velk\u00fdch rodin, za\u017e\u00edvaj\u00ed st\u00e1rnouc\u00ed populaci, proto\u017ee mlad\u0161\u00ed generace migruj\u00ed do m\u011bstsk\u00fdch center za vzd\u011bl\u00e1n\u00edm a zam\u011bstn\u00e1n\u00edm.<\/p>\n\n\n\n<p>Korejsk\u00e1 kultura, zako\u0159en\u011bn\u00e1 v ran\u00fdch \u0161amansk\u00fdch praktik\u00e1ch a po stalet\u00ed prodchnut\u00e1 konfuci\u00e1nsk\u00fdmi, buddhistick\u00fdmi a taoistick\u00fdmi filozofiemi, zachov\u00e1v\u00e1 ritu\u00e1ly, kter\u00e9 spojuj\u00ed komunitu a pam\u011b\u0165 p\u0159edk\u016f. P\u0159\u00edsn\u00e1 konfuci\u00e1nsk\u00e1 hierarchie z doby Joseon zanechala \u00factu ke vzd\u011bl\u00e1n\u00ed, synovsk\u00e9 zbo\u017enosti a spole\u010densk\u00e9mu \u0159\u00e1du \u2013 hodnoty, kter\u00e9 p\u0159etrv\u00e1vaj\u00ed i v modern\u00edm organiza\u010dn\u00edm \u017eivot\u011b. P\u0159esto si Ji\u017en\u00ed Korea vedle t\u011bchto kontinuit vybudovala glob\u00e1ln\u00ed kulturn\u00ed p\u0159\u00edtomnost: K-popov\u00e9 skupiny vyprod\u00e1vaj\u00ed stadiony po cel\u00e9m sv\u011bt\u011b, televizn\u00ed dramata uchvacuj\u00ed mezin\u00e1rodn\u00ed publikum a filma\u0159i skl\u00edzej\u00ed uzn\u00e1n\u00ed v Cannes a na ud\u00edlen\u00ed Oscar\u016f. Tato \u201ekorejsk\u00e1 vlna\u201c nejen\u017ee \u017eiv\u00ed cestovn\u00ed ruch \u2013 v roce 2019 p\u0159ijelo v\u00edce ne\u017e 17 milion\u016f n\u00e1v\u0161t\u011bvn\u00edk\u016f \u2013 ale tak\u00e9 stimuluje popt\u00e1vku po korejsk\u00e9m j\u00eddle, m\u00f3d\u011b a kosmetice.<\/p>\n\n\n\n<p>Kulin\u00e1\u0159sk\u00e9 tradice se soust\u0159ed\u00ed na r\u00fd\u017ei, nudle, zeleninu, ryby a maso, kter\u00e9 se ke ka\u017ed\u00e9mu j\u00eddlu pod\u00e1vaj\u00ed s \u0159adou p\u0159\u00edloh (banchan). Kim\u010di, v\u0161udyp\u0159\u00edtomn\u00e1 fermentovan\u00e1 zeleninov\u00e1 surovina, je p\u0159\u00edkladem korejsk\u00e9ho fermenta\u010dn\u00edho um\u011bn\u00ed, stejn\u011b jako s\u00f3jov\u00e9 pasty (doenjang), chilli pasty (gochujang) a v\u0161udyp\u0159\u00edtomn\u00fd sezamov\u00fd olej. Mezi ikonick\u00e1 j\u00eddla pat\u0159\u00ed bulgogi \u2013 tenk\u00e9 pl\u00e1tky marinovan\u00e9ho hov\u011bz\u00edho masa grilovan\u00e9 u stolu \u2013 a\u017e po tteokbokki, pikantn\u00ed r\u00fd\u017eov\u00e9 kol\u00e1\u010dky prod\u00e1van\u00e9 pouli\u010dn\u00edmi prodejci. Alkoholick\u00e9 n\u00e1poje, jako je soju a makkoolli, doprov\u00e1zej\u00ed p\u0159\u00e1telsk\u00e1 setk\u00e1n\u00ed, \u010dasto promaz\u00e1na kovov\u00fdmi h\u016flkami a u spole\u010dn\u00fdch stol\u016f.<\/p>\n\n\n\n<p>N\u00e1bo\u017eenstv\u00ed v Ji\u017en\u00ed Koreji je pluralitn\u00ed: pr\u016fzkumy ukazuj\u00ed, \u017ee zhruba polovina populace se nehl\u00e1s\u00ed k \u017e\u00e1dn\u00e9mu n\u00e1bo\u017eenstv\u00ed, zat\u00edmco k\u0159es\u0165anstv\u00ed (protestanti a katol\u00edci) a buddhismus tvo\u0159\u00ed v\u011bt\u0161inu zbytku. K mozaice n\u00e1bo\u017eenstv\u00ed p\u0159isp\u00edvaj\u00ed i domorod\u00e1 n\u00e1bo\u017eenstv\u00ed \u2013 won-buddhismus, \u010dchondoismus, dad\u017eongismus \u2013 a mal\u00e1, ale rostouc\u00ed muslimsk\u00e1 komunita. \u00dastavn\u00ed z\u00e1ruky zaji\u0161\u0165uj\u00ed svobodu vyzn\u00e1n\u00ed, a to i p\u0159esto, \u017ee tradi\u010dn\u00ed konfuci\u00e1nsk\u00e9 zp\u016fsoby ovliv\u0148uj\u00ed ka\u017edodenn\u00ed interakce.<\/p>\n\n\n\n<p>Opakovan\u00e9 cykly v\u00fdstavby a destrukce \u2013 od mongolsk\u00fdch invaz\u00ed po japonskou okupaci, od devastace v\u00e1lky po \u0161\u00edlenstv\u00ed rekonstrukce \u2013 vytvo\u0159ily architektonickou kol\u00e1\u017e. Starobyl\u00e9 pal\u00e1ce s jemn\u011b klenut\u00fdmi ta\u0161kov\u00fdmi st\u0159echami, pevnosti s kamenn\u00fdmi zdmi a vesnice hanok, jako jsou Hahoe a Yangdong, stoj\u00ed vedle v\u00fd\u0161kov\u00fdch kancel\u00e1\u0159\u00ed a experiment\u00e1ln\u00edch modern\u00edch d\u011bl zahrani\u010dn\u00edch architekt\u016f. V\u00fdstavba po olympijsk\u00fdch hr\u00e1ch v roce 1988 p\u0159edstavila sklen\u011bn\u00e9 struktury, kter\u00e9 vyva\u017euj\u00ed futuristick\u00e9 ambice s odkazy na \u201eharmonii s p\u0159\u00edrodou\u201c, co\u017e je hlavn\u00ed princip tradi\u010dn\u00ed korejsk\u00e9 architektury a podlahov\u00e9ho vyt\u00e1p\u011bn\u00ed ondol.<\/p>\n\n\n\n<p>Etiketa v Ji\u017en\u00ed Koreji vych\u00e1z\u00ed z konfuci\u00e1nsk\u00e9ho respektu k hierarchii a spole\u010densk\u00e9 harmonii. Ukl\u00e1n\u011bn\u00ed se a v\u00fdm\u011bna slov ob\u011bma rukama \u2013 a\u0165 u\u017e vizitek nebo \u0161\u00e1lk\u016f \u010daje \u2013 signalizuje \u00factu. V dom\u00e1cnostech a n\u011bkter\u00fdch restaurac\u00edch se mus\u00ed zout boty. Ve\u0159ejn\u00e9 projevy n\u00e1klonnosti z\u016fst\u00e1vaj\u00ed mimo subkultury ml\u00e1de\u017ee vz\u00e1cn\u00e9. Zvyky p\u0159i j\u00eddle vel\u00ed, \u017ee star\u0161\u00ed za\u010d\u00ednaj\u00ed jako prvn\u00ed, \u017ee si \u010dlov\u011bk nikdy nenal\u00e9v\u00e1 vlastn\u00ed n\u00e1poj a \u017ee odm\u00edtnut\u00ed sklenice n\u011bkoho jin\u00e9ho je nezdvo\u0159il\u00e9. Citliv\u00fdm t\u00e9mat\u016fm \u2013 Severn\u00ed Korea, koloni\u00e1ln\u00ed d\u011bdictv\u00ed Japonska, \u00fazemn\u00ed spory o Tokdo a dom\u00e1c\u00ed politika \u2013 je nejlep\u0161\u00ed se cizinc\u016fm vyh\u00fdbat.<\/p>\n\n\n\n<p>Zejm\u00e9na obchodn\u00ed kultura se op\u00edr\u00e1 o ritualizovanou v\u00fdm\u011bnu karet podan\u00fdch l\u00edcem nahoru ob\u011bma rukama; po\u0161kozen\u00ed nebo nedbal\u00e9 zach\u00e1zen\u00ed nazna\u010duje ne\u00factu. Oble\u010den\u00ed t\u00edhne ke konzervativn\u00edmu a bezchybn\u00e9mu, odr\u00e1\u017e\u00ed osobn\u00ed hrdost a firemn\u00ed image.<\/p>\n\n\n\n<p>Siln\u00e9 str\u00e1nky Ji\u017en\u00ed Koreje \u2013 ekonomika sv\u011btov\u00e9 \u00farovn\u011b, vysok\u00e1 \u00farove\u0148 vzd\u011bl\u00e1n\u00ed, rychl\u00e9 inovace a dynamick\u00e1 kultura \u2013 existuj\u00ed vedle nal\u00e9hav\u00fdch obav. Demografick\u00fd pokles ohro\u017euje trhy pr\u00e1ce a syst\u00e9my soci\u00e1ln\u00edho zabezpe\u010den\u00ed. Ekonomick\u00e1 z\u00e1vislost na exportn\u00edch trz\u00edch ji \u010din\u00ed zranitelnou v\u016f\u010di glob\u00e1ln\u00edm pokles\u016fm a geopolitick\u00e9mu nap\u011bt\u00ed. Nevy\u0159e\u0161en\u00fd konflikt na severn\u00ed hranici poloostrova se jev\u00ed jako trval\u00fd zdroj nejistoty.<\/p>\n\n\n\n<p>Tyto v\u00fdzvy v\u0161ak podn\u00edtily odv\u00e1\u017en\u00e9 politick\u00e9 experimenty: od pen\u011b\u017en\u00edch pob\u00eddek pro rodiny a\u017e po nov\u00e9 imigra\u010dn\u00ed programy zam\u011b\u0159en\u00e9 na dopln\u011bn\u00ed klesaj\u00edc\u00ed pracovn\u00ed s\u00edly; od investic do zelen\u00fdch technologi\u00ed a\u017e po strategickou diplomacii, kter\u00e1 vyva\u017euje vazby se Spojen\u00fdmi st\u00e1ty, \u010c\u00ednou a Japonskem. Ji\u017en\u00ed Korea, kter\u00e1 si v roce 2025 p\u0159ipom\u00edn\u00e1 sedmdes\u00e1t\u00e9 v\u00fdro\u010d\u00ed pov\u00e1le\u010dn\u00e9 existence, z\u016fst\u00e1v\u00e1 n\u00e1rodem vynal\u00e9zavosti a p\u0159izp\u016fsobivosti \u2013 n\u00e1rodem, kter\u00fd si bere ponau\u010den\u00ed z historie, i kdy\u017e si raz\u00ed nov\u00e9 cesty v propojen\u00e9m sv\u011bt\u011b.<\/p>\n\n\n\n<p>V ka\u017ed\u00e9 \u00fazk\u00e9 uli\u010dce Soulu a odlehl\u00e9m horsk\u00e9m pr\u016fsmyku poloostrova jsou viditeln\u00e9 obrysy jihokorejsk\u00e9 historie: trval\u00fd z\u00e1vazek ke vzd\u011bl\u00e1v\u00e1n\u00ed, d\u016fraz na spole\u010densk\u00fd respekt a ne\u00fanavn\u00e1 kreativita, kter\u00e1 \u017eene jej\u00ed obyvatele k budoucnosti. Tato souhra d\u011bdictv\u00ed a inovac\u00ed definuje zemi, jej\u00ed\u017e duch, a\u010dkoli zm\u00edrn\u011bn t\u011b\u017ekostmi, nad\u00e1le utv\u00e1\u0159\u00ed modern\u00ed sv\u011bt.<\/p>","protected":false},"excerpt":{"rendered":"<p>Ji\u017en\u00ed Korea, form\u00e1ln\u011b ozna\u010dovan\u00e1 jako Korejsk\u00e1 republika (ROK), se nach\u00e1z\u00ed ve v\u00fdchodn\u00ed Asii, zahrnuje ji\u017en\u00ed \u010d\u00e1st Korejsk\u00e9ho poloostrova a m\u00e1 51,96 milion\u016f obyvatel. Tato zem\u011b se stala v\u00fdznamn\u00fdm celosv\u011btov\u00fdm hr\u00e1\u010dem, kter\u00fd kombinuje modern\u00ed technologie s kulturn\u00edm d\u011bdictv\u00edm a ekonomickou silou. Odolnost a tv\u016fr\u010d\u00ed schopnost n\u00e1roda nejl\u00e9pe ukazuje jeho v\u00fdvoj od v\u00e1lkou zni\u010den\u00e9ho st\u00e1tu k jedn\u00e9 z nejrozvinut\u011bj\u0161\u00edch ekonomik sv\u011bta.<\/p>","protected":false},"author":1,"featured_media":3312,"parent":24063,"menu_order":0,"comment_status":"closed","ping_status":"closed","template":"elementor_theme","meta":{"_eb_attr":"","footnotes":""},"class_list":["post-15674","page","type-page","status-publish","has-post-thumbnail"],"_links":{"self":[{"href":"https:\/\/travelshelper.com\/cs\/wp-json\/wp\/v2\/pages\/15674","targetHints":{"allow":["GET"]}}],"collection":[{"href":"https:\/\/travelshelper.com\/cs\/wp-json\/wp\/v2\/pages"}],"about":[{"href":"https:\/\/travelshelper.com\/cs\/wp-json\/wp\/v2\/types\/page"}],"author":[{"embeddable":true,"href":"https:\/\/travelshelper.com\/cs\/wp-json\/wp\/v2\/users\/1"}],"replies":[{"embeddable":true,"href":"https:\/\/travelshelper.com\/cs\/wp-json\/wp\/v2\/comments?post=15674"}],"version-history":[{"count":0,"href":"https:\/\/travelshelper.com\/cs\/wp-json\/wp\/v2\/pages\/15674\/revisions"}],"up":[{"embeddable":true,"href":"https:\/\/travelshelper.com\/cs\/wp-json\/wp\/v2\/pages\/24063"}],"wp:featuredmedia":[{"embeddable":true,"href":"https:\/\/travelshelper.com\/cs\/wp-json\/wp\/v2\/media\/3312"}],"wp:attachment":[{"href":"https:\/\/travelshelper.com\/cs\/wp-json\/wp\/v2\/media?parent=15674"}],"curies":[{"name":"wp","href":"https:\/\/api.w.org\/{rel}","templated":true}]}}