{"id":15662,"date":"2024-09-21T17:11:49","date_gmt":"2024-09-21T17:11:49","guid":{"rendered":"https:\/\/travelshelper.com\/staging\/?page_id=15662"},"modified":"2026-03-11T21:11:35","modified_gmt":"2026-03-11T21:11:35","slug":"tadzikistan","status":"publish","type":"page","link":"https:\/\/travelshelper.com\/cs\/destinations\/asia\/tajikistan\/","title":{"rendered":"T\u00e1d\u017eikist\u00e1n"},"content":{"rendered":"<p>Mezi rozlohou Pam\u00edru a vyprahl\u00fdmi pl\u00e1n\u011bmi St\u0159edn\u00ed Asie le\u017e\u00ed T\u00e1d\u017eikist\u00e1n, zem\u011b bez n\u00e1mo\u0159n\u00edch p\u0159\u00edstav\u016f, ale bohat\u00e1 na nadmo\u0159sk\u00e9 v\u00fd\u0161ky. Jeho obrysy se t\u00e1hnou od vysok\u00fdch pr\u016fsmyk\u016f Hind\u00faku\u0161e na v\u00fdchod\u011b a\u017e po doln\u00ed povod\u00ed Amudarji na z\u00e1pad\u011b. Uprost\u0159ed h\u0159eben\u016f, kter\u00e9 z\u0159\u00eddka klesaj\u00ed pod 3 000 metr\u016f, se zem\u011b na ji\u017en\u00edm okraji dot\u00fdk\u00e1 Afgh\u00e1nist\u00e1nu, na z\u00e1pad\u011b Uzbekist\u00e1nu, na severu Kyrgyzst\u00e1nu a na v\u00fdchodn\u00edm p\u00e1te\u0159i \u010c\u00edny. Za \u00fazk\u00fdm Wach\u00e1nsk\u00fdm koridorem le\u017e\u00ed P\u00e1kist\u00e1n hned za n\u00edm. Du\u0161anbe, le\u017e\u00edc\u00ed na svaz\u00edch nad \u00fadol\u00edm Kofarnihon, slou\u017e\u00ed jako politick\u00e9 srdce a nejlidnat\u011bj\u0161\u00ed centrum t\u00e9to republiky, v n\u00ed\u017e \u017eije p\u0159ibli\u017en\u011b 10,7 milionu lid\u00ed.<\/p>\n<p>Lidsk\u00e1 historie zde sah\u00e1 a\u017e do hlubok\u00e9 prehistorie. Komunity z neolitu a doby bronzov\u00e9 zanechaly stopy v kamenn\u00fdch n\u00e1stroj\u00edch a zavla\u017eovan\u00fdch pol\u00edch, zat\u00edmco civilizace Oxus kdysi vzkv\u00e9tala pod\u00e9l z\u00e1padn\u00edch b\u0159eh\u016f \u0159ek. Indo\u00edr\u00e1nsk\u00e9 skupiny p\u0159ich\u00e1zely pod z\u00e1\u0161titou andronovsk\u00e9 kultury a v pr\u016fb\u011bhu stalet\u00ed sogdij\u0161t\u00ed obchodn\u00edci tkali karavany \u00fadol\u00edmi \u0159ek, kte\u0159\u00ed p\u0159ev\u00e1\u017eeli hedv\u00e1b\u00ed a my\u0161lenky. Vl\u00e1da se st\u0159\u00eddala mezi achajmenovsk\u00fdmi satrapy, hel\u00e9nsk\u00fdmi \u0159\u00ed\u0161emi, Ku\u0161anskou \u0159\u00ed\u0161\u00ed a n\u00e1sledn\u00fdmi turkick\u00fdmi a persk\u00fdmi dynastiemi. A\u017e do devaten\u00e1ct\u00e9ho stolet\u00ed dohl\u00ed\u017eely na m\u011bstsk\u00e1 centra, kter\u00e1 se stala centry vzd\u011blanosti a obchodu, baktrijsk\u00e9 a samanovsk\u00e9 dvory. Rusk\u00e1 \u0159\u00ed\u0161e absorbovala region koncem 19. stolet\u00ed. V roce 1924 sov\u011btsk\u00e9 \u00fa\u0159ady odd\u011blily t\u00e1d\u017eick\u00e9 \u00fazem\u00ed od uzbeck\u00fdch zem\u00ed jako autonomn\u00ed republiku a do prosince 1929 jej pov\u00fd\u0161ily na plnohodnotnou svazovou republiku. Do roku 1991 ur\u010dovalo jej\u00ed ekonomiku a hranice centr\u00e1ln\u00ed pl\u00e1nov\u00e1n\u00ed Moskvy.<\/p>\n<p>9. z\u00e1\u0159\u00ed 1991 byla vyhl\u00e1\u0161ena nez\u00e1vislost. O necel\u00fd rok pozd\u011bji zachv\u00e1til nov\u00fd st\u00e1t konflikt zp\u016fsoben\u00fd region\u00e1ln\u00edmi a ideologick\u00fdmi rozd\u00edly. Od kv\u011btna 1992 do \u010dervna 1997 se na pl\u00e1n\u00edch Chatlonu a v \u00fadol\u00edch Pam\u00edru st\u0159et\u00e1valy frakce, co\u017e zpusto\u0161ilo m\u011bsta a zem\u011bd\u011blskou p\u016fdu. M\u00edrov\u00e1 dohoda p\u0159inesla stabilitu doprov\u00e1zenou zahrani\u010dn\u00ed pomoc\u00ed, zat\u00edmco dom\u00e1c\u00ed politika obnovila zavla\u017eovac\u00ed kan\u00e1ly a \u017eelezni\u010dn\u00ed spojen\u00ed. V roce 1994 se prezidentsk\u00e9ho \u00fa\u0159adu ujal Emomali Rahmon, kter\u00fd si od t\u00e9 doby udr\u017euje konsolidovanou v\u00fdkonnou moc, co\u017e je kritizov\u00e1no za omezen\u00ed disentu a ob\u010dansk\u00fdch svobod.<\/p>\n<p>Administrativn\u011b se T\u00e1d\u017eikist\u00e1n d\u011bl\u00ed na \u010dty\u0159i regiony. Sughd na severu se t\u00e1hne \u010d\u00e1st\u00ed Fergansk\u00e9ho \u00fadol\u00ed, jeho\u017e centrem je Chud\u017eand. Chatlon na jihoz\u00e1pad\u011b zahrnuje roviny kdysi zjizven\u00e9 ob\u010danskou v\u00e1lkou, zat\u00edmco autonomn\u00ed provincie Gorno-Badach\u0161\u00e1n zab\u00edr\u00e1 v\u011bt\u0161inu Pam\u00edrsk\u00e9 vyso\u010diny. Centr\u00e1ln\u00ed p\u00e1s kolem Du\u0161anbe tvo\u0159\u00ed Regiony republik\u00e1nsk\u00e9 pod\u0159\u00edzenosti. Okresy d\u011bl\u00ed tato \u00fazem\u00ed na d\u017eamo\u00e1ty a vesnice. Navzdory t\u00e9to hierarchii \u010dlenit\u00fd ter\u00e9n izoluje komunity: silnice se vine horsk\u00fdmi pr\u016fsmyky a n\u011bkter\u00e1 \u00fadol\u00ed na vysok\u00fdch plo\u0161in\u00e1ch jsou dosa\u017eiteln\u00e1 pouze po \u00fazk\u00fdch cest\u00e1ch.<\/p>\n<p>Hory zab\u00edraj\u00ed v\u00edce ne\u017e devades\u00e1t procent \u00fazem\u00ed. Pam\u00edr, severn\u00ed roz\u0161\u00ed\u0159en\u00ed Hind\u00faku\u0161e, se ty\u010d\u00ed nad 7 000 metr\u016f u poho\u0159\u00ed Qullai Ismoili Somoni. St\u0159edem zem\u011b se t\u00e1hnou poho\u0159\u00ed Alaj a Turkest\u00e1n a odd\u011bluj\u00ed Ferganskou p\u00e1nev od ji\u017en\u00edch p\u00e1nv\u00ed. Men\u0161\u00ed h\u0159ebeny \u2013 Hisor pobl\u00ed\u017e Du\u0161anbe, Fann u Panjakentu a Zerav\u0161an d\u00e1le na z\u00e1pad \u2013 nab\u00edzej\u00ed ni\u017e\u0161\u00ed, ale st\u00e1le impozantn\u00ed vrcholy. Dole se nach\u00e1zej\u00ed t\u0159i hlavn\u00ed \u00fadol\u00ed s ornou p\u016fdou: Fergansk\u00fd \u00fasek v Sughdu, \u00fadol\u00ed Zerav\u0161an protkan\u00e9 starov\u011bk\u00fdmi ruinami a aluvi\u00e1ln\u00ed roviny kolem Kulobu a Bochtaru.<\/p>\n<p>Voda utv\u00e1\u0159\u00ed krajinu i \u017eivobyt\u00ed. \u0158eky Kofarnihon a Vach\u0161 se na afgh\u00e1nsk\u00e9 hranici sjednocuj\u00ed v Amudarji. Taj\u00edc\u00ed sn\u00edh nap\u00e1j\u00ed zavla\u017eovac\u00ed kan\u00e1ly, kter\u00e9 udr\u017euj\u00ed bavln\u00edkov\u00e1 pole a sady s meru\u0148kami, gran\u00e1tov\u00fdmi jablky a vla\u0161sk\u00fdmi o\u0159echy. Mezi \u00fatesy se t\u0159pyt\u00ed alpsk\u00e1 jezera, zejm\u00e9na jezero Karakul pod ty\u010d\u00edc\u00edmi se vrcholy.<\/p>\n<p>Jazyk a v\u00edra odr\u00e1\u017eej\u00ed vrstvy historie. T\u00e1d\u017eick\u00e1 \u0159e\u010d, jazyk persk\u00e9ho p\u016fvodu psan\u00fd cyrilic\u00ed, slou\u017e\u00ed jako st\u00e1tn\u00ed jazyk. Ru\u0161tina z\u016fst\u00e1v\u00e1 ofici\u00e1ln\u00edm m\u00e9diem pro mezietnick\u00e9 vztahy; t\u00e9m\u011b\u0159 dev\u011bt z deseti ob\u010dan\u016f ji mluv\u00ed v r\u016fzn\u00e9 m\u00ed\u0159e. V Gorno-Badach\u0161\u00e1nu p\u0159etrv\u00e1vaj\u00ed mezi pam\u00edrsk\u00fdmi komunitami men\u0161inov\u00e9 jazyky, jako je \u0161ughnij\u0161tina, ru\u0161\u00e1n\u0161tina a vakh\u0161tina. P\u0159evl\u00e1d\u00e1 isl\u00e1m han\u00e1fijsk\u00e9 \u0161koly, kter\u00fd p\u0159ij\u00edm\u00e1 v\u00edce ne\u017e devades\u00e1t sedm procent populace. Mal\u00e1 \u0161\u00editsko-ism\u00e1\u00edl\u00edtsk\u00e1 men\u0161ina \u017eije p\u0159ev\u00e1\u017en\u011b ve v\u00fdchodn\u00ed vyso\u010din\u011b. A\u010dkoli je \u00fastava v z\u00e1sad\u011b sekul\u00e1rn\u00ed, uzn\u00e1v\u00e1 dva isl\u00e1msk\u00e9 sv\u00e1tky a upravuje n\u00e1bo\u017eenskou v\u00fdchovu a bohoslu\u017eby.<\/p>\n<p>Demograficky tvo\u0159\u00ed v\u011bt\u0161inu etni\u010dt\u00ed T\u00e1d\u017eikov\u00e9. Uzbekov\u00e9 a Rusov\u00e9 se vyskytuj\u00ed p\u0159ev\u00e1\u017en\u011b v m\u011bstsk\u00fdch centrech, jejich po\u010det v d\u016fsledku migrace kles\u00e1. Jagnobov\u00e9, kter\u00fdch je asi 25 000, ob\u00fdvaj\u00ed severn\u00ed podh\u016f\u0159\u00ed a mluv\u00ed jedin\u00fdm \u017eij\u00edc\u00edm potomkem sogd\u0161tiny. Pam\u00edrov\u00e9 \u2013 jejich\u017e odli\u0161n\u00e1 kultura odr\u00e1\u017e\u00ed starov\u011bk\u00e9 enkl\u00e1vy Hedv\u00e1bn\u00e9 stezky \u2013 ob\u00fdvaj\u00ed oblast GBAO.<\/p>\n<p>Ekonomick\u00fd \u017eivot je siln\u011b z\u00e1visl\u00fd na pracovn\u00ed migraci. Finan\u010dn\u00ed p\u0159evody od T\u00e1d\u017eik\u016f pracuj\u00edc\u00edch v zahrani\u010d\u00ed \u2013 zejm\u00e9na v Rusku \u2013 tvo\u0159\u00ed t\u00e9m\u011b\u0159 t\u0159icet procent HDP, co\u017e je z\u00e1vislost, kter\u00e1 zvy\u0161uje zranitelnost v\u016f\u010di vn\u011bj\u0161\u00edm ot\u0159es\u016fm. Nerostn\u00e9 bohatstv\u00ed je omezen\u00e9; taven\u00ed hlin\u00edku a vyzr\u0148ov\u00e1n\u00ed bavlny z\u016fst\u00e1vaj\u00ed hlavn\u00edmi pr\u016fmyslov\u00fdmi odv\u011btv\u00edmi. Na po\u010d\u00e1tku 21. stolet\u00ed \u0159e\u0161ila mezin\u00e1rodn\u00ed pomoc nedostatek potravin po suchu a ob\u010dansk\u00e9m konfliktu. Do roku 2010 p\u0159evody p\u0159es\u00e1hly dv\u011b miliardy americk\u00fdch dolar\u016f, co\u017e podpo\u0159ilo spot\u0159ebu a sni\u017eov\u00e1n\u00ed chudoby. \u010c\u00edna se stala v\u00fdznamn\u00fdm partnerem prost\u0159ednictv\u00edm projekt\u016f Iniciativy P\u00e1su a stezky, financov\u00e1n\u00edm silnic, \u017eeleznic a energetick\u00fdch spojen\u00ed.<\/p>\n<p>Dopravn\u00ed spojen\u00ed je st\u00e1le zat\u00ed\u017eeno geografi\u00ed. Du\u0161anbe s Uzbekist\u00e1nem, Ruskem a dal\u0161\u00edmi sousedy spojuje pouze 680 kilometr\u016f \u0161irokorozchodn\u00fdch trat\u00ed. V\u011bt\u0161inu n\u00e1kladn\u00ed dopravy p\u0159epravuje \u017eeleznice. D\u00e1lnice maj\u00ed celkem asi 28 000 kilometr\u016f, p\u0159esto se horsk\u00e9 pr\u016fsmyky v zim\u011b uzav\u00edraj\u00ed. Propojen\u00ed mezi Persk\u00fdm z\u00e1livem podn\u011bcuje snahy o p\u0159\u00edstup k p\u0159\u00edstav\u016fm v \u00cdr\u00e1nu a P\u00e1kist\u00e1nu prost\u0159ednictv\u00edm afgh\u00e1nsk\u00fdch koridor\u016f. Most p\u0159\u00e1telstv\u00ed mezi T\u00e1d\u017eikist\u00e1nem a Afgh\u00e1nist\u00e1nem, postaven\u00fd v roce 2004 s podporou USA, otev\u0159el trasu na jih. Nov\u011bj\u0161\u00ed dohody p\u0159edpokl\u00e1daj\u00ed 1 300 kilometr\u016f dlouh\u00fd silni\u010dn\u00ed a \u017eelezni\u010dn\u00ed koridor z \u010d\u00ednsk\u00fdch a afgh\u00e1nsk\u00fdch hranic do p\u00e1kist\u00e1nsk\u00fdch p\u0159\u00edstav\u016f.<\/p>\n<p>Leteck\u00e1 doprava z\u00e1vis\u00ed na s\u00edti 26 leti\u0161\u0165, z nich\u017e polovina m\u00e1 zpevn\u011bn\u00e9 ranveje. Hlavn\u00ed mezin\u00e1rodn\u00ed br\u00e1na v Du\u0161anbe spojuje region\u00e1ln\u00ed metropole a rusk\u00e1 m\u011bsta. Modernizace silnic a projekty tunel\u016f v Anzobu, \u0160achrist\u00e1nu a jinde si kladou za c\u00edl usnadnit p\u0159\u00edstup nap\u0159\u00ed\u010d nadmo\u0159skou v\u00fd\u0161kou a po\u010das\u00edm.<\/p>\n<p>Turist\u00e9 se setk\u00e1vaj\u00ed s n\u00e1rodem kontrast\u016f. Skromn\u00e1 ferghansk\u00e1 m\u011bsta na Hedv\u00e1bn\u00e9 stezce \u2013 Chud\u017eand, Isfara a Istarav\u0161\u00e1n \u2013 si zachovala dvory medres a bazarn\u00ed uli\u010dky. V Panjakentu le\u017e\u00ed proto-m\u011bstsk\u00e9 ruiny Sarazmu a poz\u016fstatky sogdijsk\u00fdch obydl\u00ed. Zerav\u0161ansk\u00e9 Fannsk\u00e9 hory l\u00e1kaj\u00ed horolezce k \u017eulov\u00fdm h\u0159eben\u016fm a ledovcov\u00fdm jezer\u016fm. Za nimi se vine Pam\u00edrsk\u00e1 magistr\u00e1la vesnicemi t\u00e1hnouc\u00edmi se k b\u0159eh\u016fm \u0159ek uprost\u0159ed vrchol\u016f ty\u010d\u00edc\u00edch se a\u017e do v\u00fd\u0161ky 4 500 metr\u016f. Du\u0161anbe nab\u00edz\u00ed listnat\u00e9 aleje, velkolep\u00e9 pam\u00e1tky a ru\u010dn\u011b vy\u0161\u00edvan\u00e9 v\u00fd\u0161ivky vystaven\u00e9 na bazarech.<\/p>\n<p>Praktick\u00e9 z\u00e1le\u017eitosti vy\u017eaduj\u00ed pl\u00e1nov\u00e1n\u00ed. Somoni, rozd\u011blen\u00fd na 100 dir\u00e1m\u016f, ob\u00edh\u00e1 nej\u010dast\u011bji v minc\u00edch o hodnot\u011b jednoho, t\u0159\u00ed a p\u011bti somoni. Banky a bankomaty vyd\u00e1vaj\u00ed hotovost; kreditn\u00ed karty funguj\u00ed t\u00e9m\u011b\u0159 v\u00fdhradn\u011b prost\u0159ednictv\u00edm s\u00edt\u00ed Visa. Ceny v bazarech vy\u017eaduj\u00ed smlouv\u00e1n\u00ed; kamenn\u00e9 obchody se dr\u017e\u00ed pevn\u00fdch visa\u010dek. N\u00e1v\u0161t\u011bvn\u00edci by m\u011bli p\u0159ij\u00edt se somoni, proto\u017ee pou\u017e\u00edv\u00e1n\u00ed ciz\u00ed m\u011bny je poru\u0161en\u00edm m\u00edstn\u00edch z\u00e1kon\u016f. P\u0159esn\u00e1 \u010d\u00e1stka se \u010dasto uk\u00e1\u017ee jako nedosa\u017eiteln\u00e1, proto\u017ee obchodn\u00edci zaokrouhluj\u00ed na nejbli\u017e\u0161\u00ed celou bankovku, ale \u017e\u00e1dost o p\u0159esnou \u010d\u00e1stku je obvykle \u00fasp\u011b\u0161n\u00e1.<\/p>\n<p>Bezpe\u010dnostn\u00ed rizika pro drobnou kriminalitu z\u016fst\u00e1vaj\u00ed n\u00edzk\u00e1; m\u00edstn\u00ed obyvatel\u00e9 projevuj\u00ed obvyklou pohostinnost a kaps\u00e1\u0159sk\u00e9 kr\u00e1de\u017ee jsou vz\u00e1cn\u00e9. Bezpe\u010dnostn\u00ed probl\u00e9my vznikaj\u00ed v bl\u00edzkosti afgh\u00e1nsk\u00fdch hranic a v izolovan\u00fdch osad\u00e1ch Pam\u00edr\u016f. Po setm\u011bn\u00ed je osam\u011bl\u00e9 cestov\u00e1n\u00ed ve venkovsk\u00fdch oblastech spojeno s v\u011bt\u0161\u00edm nebezpe\u010d\u00edm. Org\u00e1ny \u010dinn\u00e9 v trestn\u00edm \u0159\u00edzen\u00ed mohou postr\u00e1dat zdroje a doch\u00e1z\u00ed k \u017e\u00e1dostem o \u00faplatek; p\u0159edst\u00edr\u00e1n\u00ed nedorozum\u011bn\u00ed \u010dasto zm\u00edr\u0148uje po\u017eadavky. P\u0159eru\u0161en\u00ed dod\u00e1vek elekt\u0159iny a vody m\u016f\u017ee trvat n\u011bkolik dn\u00ed; no\u0161en\u00ed p\u0159enosn\u00fdch nab\u00edje\u010dek a n\u00e1hradn\u00edch bateri\u00ed zm\u00edr\u0148uje nep\u0159\u00edjemnosti.<\/p>\n<p>Kulturn\u00ed normy si zaslou\u017e\u00ed respekt. N\u00e1v\u0161t\u011bvn\u00edci by se mimo Du\u0161anbe m\u011bli nosit decentn\u00ed oble\u010den\u00ed \u2013 zakr\u00fdvaj\u00edc\u00ed ramena a kolena \u2013 a p\u0159i n\u00e1v\u0161t\u011bv\u00e1ch me\u0161ity by si m\u011bli vz\u00edt \u0161\u00e1tek, a\u010dkoli vstup pro \u017eeny z\u016fst\u00e1v\u00e1 omezen\u00fd a obvykle se omezuje na hodiny mimo modlitby nebo na prohl\u00eddky skupin s pr\u016fvodcem. Interakce se star\u0161\u00edmi lidmi vy\u017eaduje ruku p\u0159ilo\u017eenou na srdce. Ve\u0159ejn\u00e9 projevy n\u00e1klonnosti osob stejn\u00e9ho pohlav\u00ed, i kdy\u017e nejsou neleg\u00e1ln\u00ed, mohou v konzervativn\u00ed spole\u010dnosti vyvolat nep\u0159\u00e1telstv\u00ed. Konverzace o politice, zejm\u00e9na o Rusku nebo Afgh\u00e1nist\u00e1nu, s sebou nese riziko nap\u011bt\u00ed.<\/p>\n<p>\u017deny cestuj\u00edc\u00ed s\u00f3lo pova\u017euj\u00ed T\u00e1d\u017eikist\u00e1n za v\u00edcem\u00e9n\u011b bezpe\u010dn\u00fd, pokud jsou zvykl\u00e9 na samostatn\u00e9 cestov\u00e1n\u00ed. Diskr\u00e9tn\u00ed oble\u010den\u00ed, snubn\u00ed prsten jako preventivn\u00ed opat\u0159en\u00ed proti ne\u017e\u00e1douc\u00ed pozornosti a skupinov\u00e9 v\u00fdlety do odlehl\u00fdch vyso\u010din zvy\u0161uj\u00ed pohodl\u00ed. Pr\u016fvodkyn\u011b p\u016fsob\u00ed prost\u0159ednictv\u00edm Pam\u00edrsk\u00e9 ekokulturn\u00ed turistick\u00e9 asociace a po\u0159\u00e1daj\u00ed treky v oblastech, kde mu\u017esk\u00e1 spole\u010dnost m\u016f\u017ee zp\u016fsobovat nep\u0159\u00edjemn\u00e9 pocity.<\/p>\n<p>V\u00fdvozn\u00ed p\u0159edpisy zakazuj\u00ed vyv\u00e1\u017eet neopracovan\u00e9 kameny, kovy nebo \u0161perky bez ofici\u00e1ln\u00edho ozna\u010den\u00ed. Fotografov\u00e1n\u00ed n\u011bkter\u00fdch vl\u00e1dn\u00edch budov je trestn\u00e9. Za drogov\u00e9 delikty hroz\u00ed p\u0159\u00edsn\u00e9 tresty. Velvyslanectv\u00ed poskytuj\u00ed pomoc v nal\u00e9hav\u00fdch p\u0159\u00edpadech nebo v z\u00e1le\u017eitostech s pasy.<\/p>\n<p>T\u0159i lokality UNESCO sv\u011bd\u010d\u00ed o d\u011bdictv\u00ed zem\u011b: archeologick\u00e1 krajina Sarazmu, starobyl\u00e9 m\u011bsto Panjakent a hornat\u00e1 rozloha T\u00e1d\u017eick\u00e9ho n\u00e1rodn\u00edho parku. Tato m\u00edsta nab\u00edzej\u00ed hmatateln\u00e9 spojen\u00ed se stalet\u00edmi lidsk\u00e9ho \u00fasil\u00ed na pozad\u00ed ty\u010d\u00edc\u00edch se vrcholk\u016f.<\/p>\n<p>T\u00e1d\u017eikist\u00e1nsk\u00e9 vrcholy, \u00fadol\u00ed a kulturn\u00ed d\u011bdictv\u00ed odol\u00e1vaj\u00ed povrchn\u00edmu zobrazen\u00ed. Jeho obyvatel\u00e9 nesou otisk stalet\u00ed \u0159\u00ed\u0161e a step\u00ed. Kamenn\u00e9 monumenty p\u0159ipom\u00ednaj\u00ed zmizel\u00e9 dynastie, zat\u00edmco zavla\u017eovac\u00ed kan\u00e1ly nesou pam\u011b\u0165 stejn\u011b jist\u011b jako voda. T\u011bm, kdo proch\u00e1zej\u00ed jej\u00edmi klikat\u00fdmi cestami, zem\u011b odhaluje svou podobu nejen ve velkolep\u00fdch v\u00fdhledech, ale i v tich\u00fdch rytmech ka\u017edodenn\u00edho \u017eivota: star\u0161\u00ed shrom\u00e1\u017ed\u011bn\u00ed u \u010dajovny, trhy o\u017e\u00edvaj\u00edc\u00ed smlouv\u00e1n\u00edm a st\u00e1l\u00fd puls jarn\u00edho t\u00e1n\u00ed v hor\u00e1ch, kter\u00fd definuje charakter n\u00e1roda.<\/p>","protected":false},"excerpt":{"rendered":"<p>T\u00e1d\u017eikist\u00e1n, ofici\u00e1ln\u011b zn\u00e1m\u00fd jako Republika T\u00e1d\u017eikist\u00e1n, je vnitrozemsk\u00e1 zem\u011b le\u017e\u00edc\u00ed v srdci St\u0159edn\u00ed Asie. Tento n\u00e1rod se zhruba deseti miliony obyvatel se m\u016f\u017ee pochlubit rozmanit\u00fdm spektrem p\u0159\u00edrodn\u00edch kr\u00e1s, d\u011bdictv\u00ed a kultury. Du\u0161anbe, hlavn\u00ed a nejlidnat\u011bj\u0161\u00ed m\u011bsto v zemi, je politick\u00fdm i ekonomick\u00fdm centrem. Strategicky um\u00edst\u011bn\u00fd T\u00e1d\u017eikist\u00e1n sd\u00edl\u00ed hranice s Afgh\u00e1nist\u00e1nem na jihu, Uzbekist\u00e1nem na z\u00e1pad\u011b, Kyrgyzst\u00e1nem na severu a \u010c\u00ednou na v\u00fdchod\u011b a prot\u00edn\u00e1 n\u011bkolik sousedn\u00edch zem\u00ed. Zaj\u00edmav\u00e9 je, \u017ee omezen\u00fd Wakhansk\u00fd koridor Afgh\u00e1nist\u00e1nu jej odd\u011bluje od P\u00e1kist\u00e1nu, co\u017e je geografick\u00e1 zvl\u00e1\u0161tnost, kter\u00e1 pom\u00e1h\u00e1 vysv\u011btlit jejich jedine\u010dnou polohu v regionu.<\/p>","protected":false},"author":1,"featured_media":4607,"parent":24063,"menu_order":0,"comment_status":"closed","ping_status":"closed","template":"elementor_theme","meta":{"_eb_attr":"","footnotes":""},"class_list":["post-15662","page","type-page","status-publish","has-post-thumbnail"],"_links":{"self":[{"href":"https:\/\/travelshelper.com\/cs\/wp-json\/wp\/v2\/pages\/15662","targetHints":{"allow":["GET"]}}],"collection":[{"href":"https:\/\/travelshelper.com\/cs\/wp-json\/wp\/v2\/pages"}],"about":[{"href":"https:\/\/travelshelper.com\/cs\/wp-json\/wp\/v2\/types\/page"}],"author":[{"embeddable":true,"href":"https:\/\/travelshelper.com\/cs\/wp-json\/wp\/v2\/users\/1"}],"replies":[{"embeddable":true,"href":"https:\/\/travelshelper.com\/cs\/wp-json\/wp\/v2\/comments?post=15662"}],"version-history":[{"count":0,"href":"https:\/\/travelshelper.com\/cs\/wp-json\/wp\/v2\/pages\/15662\/revisions"}],"up":[{"embeddable":true,"href":"https:\/\/travelshelper.com\/cs\/wp-json\/wp\/v2\/pages\/24063"}],"wp:featuredmedia":[{"embeddable":true,"href":"https:\/\/travelshelper.com\/cs\/wp-json\/wp\/v2\/media\/4607"}],"wp:attachment":[{"href":"https:\/\/travelshelper.com\/cs\/wp-json\/wp\/v2\/media?parent=15662"}],"curies":[{"name":"wp","href":"https:\/\/api.w.org\/{rel}","templated":true}]}}