{"id":15647,"date":"2024-09-21T16:59:50","date_gmt":"2024-09-21T16:59:50","guid":{"rendered":"https:\/\/travelshelper.com\/staging\/?page_id=15647"},"modified":"2026-03-11T20:55:22","modified_gmt":"2026-03-11T20:55:22","slug":"tchaj-wan","status":"publish","type":"page","link":"https:\/\/travelshelper.com\/cs\/destinations\/asia\/taiwan\/","title":{"rendered":"Tchaj-wan"},"content":{"rendered":"<p>Tchaj-wan se rozkl\u00e1d\u00e1 na \u00fazk\u00e9m oblouku mezi V\u00fdchodo\u010d\u00ednsk\u00fdm a Jiho\u010d\u00ednsk\u00fdm mo\u0159em, kde jeho v\u00fdchodn\u00ed dv\u011b t\u0159etiny dominuje p\u011bt poho\u0159\u00ed a z\u00e1padn\u00ed t\u0159etinu tvo\u0159\u00ed \u0159ada rovin. Samotn\u00fd ostrov se rozkl\u00e1d\u00e1 na 35 808 kilometrech \u010dtvere\u010dn\u00edch a je sou\u010d\u00e1st\u00ed celkem 168 ostrov\u016f pod jurisdikc\u00ed \u010c\u00ednsk\u00e9 republiky o rozloze 36 193 kilometr\u016f \u010dtvere\u010dn\u00edch. Tchaj-pej, Nov\u00fd Tchaj-pej a Keelung tvo\u0159\u00ed jeho nejv\u011bt\u0161\u00ed aglomeraci, v n\u00ed\u017e \u017eije t\u00e9m\u011b\u0159 24 milion\u016f lid\u00ed, co\u017e \u0159ad\u00ed Tchaj-wan mezi nejhust\u011bji os\u00eddlen\u00e1 \u00fazem\u00ed na planet\u011b.<\/p>\n<p>Lidsk\u00e1 p\u0159\u00edtomnost na Tchaj-wanu sah\u00e1 nejm\u00e9n\u011b 25 000 let do minulosti. Asi p\u0159ed 6 000 lety dorazili austron\u00e9\u0161t\u00ed osadn\u00edci a zalo\u017eili p\u0159edky dne\u0161n\u00edch domorod\u00fdch komunit. Na po\u010d\u00e1tku sedmn\u00e1ct\u00e9ho stolet\u00ed dohl\u00ed\u017eely nizozemsk\u00e9 koloni\u00e1ln\u00ed \u00fa\u0159ady na prvn\u00ed velk\u00fd p\u0159\u00edliv migrant\u016f z kmene Chan, hnut\u00ed, kter\u00e9 pokra\u010dovalo i za vl\u00e1dy Kr\u00e1lovstv\u00ed Tungning, prvn\u00edho politick\u00e9ho svazku veden\u00e9ho dynasti\u00ed Chan na ostrov\u011b. V roce 1683 anektovaly s\u00edly dynastie \u010cching, aby jej v roce 1895 postoupily Japonsku. Po kapitulaci Japonska v roce 1945 p\u0159evzala kontrolu \u010c\u00ednsk\u00e1 republika; ob\u010dansk\u00fd konflikt s komunistick\u00fdmi silami vedl vl\u00e1du \u010c\u00ednsk\u00e9 republiky k p\u0159esunu na Tchaj-wan v roce 1949 a omezil tak svou faktickou vl\u00e1du na Tchaj-wan, Penghu, Kinmen, Macu a hrstku ostr\u016fvk\u016f v Jiho\u010d\u00ednsk\u00e9m mo\u0159i.<\/p>\n<p>Mezi 60. a 80. lety 20. stolet\u00ed se tchajwansk\u00e1 ekonomika rychle rozv\u00edjela, co\u017e je \u010dasto ozna\u010dov\u00e1no jako tchajwansk\u00fd z\u00e1zrak. Industrializace prob\u00edhala podle exportn\u011b orientovan\u00e9ho modelu zam\u011b\u0159en\u00e9ho na ocel, stroje, elektroniku a chemik\u00e1lie. Mal\u00e9 a st\u0159edn\u00ed podniky se staly p\u00e1te\u0159\u00ed v\u00fdroby a li\u0161ily se od velk\u00fdch konglomer\u00e1t\u016f sousedn\u00edch ekonomik. Do \u0159\u00edjna 2022 se Tchaj-wan um\u00edstil na dvac\u00e1t\u00e9m prvn\u00edm m\u00edst\u011b v nomin\u00e1ln\u00edm HDP a na dvac\u00e1t\u00e9m v parit\u011b kupn\u00ed s\u00edly, p\u0159i\u010dem\u017e celkov\u00fd obchod dos\u00e1hl 907 miliard USD: v\u00fdvoz 479,5 miliard USD a dovoz 427,6 miliard USD. \u010c\u00edna, Spojen\u00e9 st\u00e1ty a Japonsko dohromady p\u0159edstavovaly v\u00edce ne\u017e \u010dty\u0159icet procent t\u00e9to v\u00fdm\u011bny. Trval\u00fd r\u016fst podpo\u0159ily high-tech parky a posun sm\u011brem ke kapit\u00e1lov\u011b n\u00e1ro\u010dn\u00fdm odv\u011btv\u00edm.<\/p>\n<p>Geologicky je Tchaj-wan naklon\u011bn\u00fd zlomov\u00fd blok. P\u011bt horsk\u00fdch p\u00e1sem na jeho v\u00fdchod\u011b zahrnuje vrcholy nad 3 500 metr\u016f; nejvy\u0161\u0161\u00ed, Yu Shan, se ty\u010d\u00ed do 3 952 metr\u016f, co\u017e z Tchaj-wanu \u010din\u00ed \u010dtvrt\u00fd nejv\u00fd\u0161e polo\u017een\u00fd ostrov ve v\u00fdchodn\u00ed Asii. Aktivn\u00ed tektonika a podmo\u0159sk\u00fd vulkanismus vyvol\u00e1vaj\u00ed \u010dast\u00e1 zem\u011bt\u0159esen\u00ed. \u010cty\u0159i suchozemsk\u00e9 ekoregiony \u2013 subtropick\u00e9 st\u00e1lezelen\u00e9 lesy, monzunov\u00e9 de\u0161tn\u00e9 pralesy, ostrovy Jiho\u010d\u00ednsk\u00e9ho mo\u0159e a ji\u017en\u00ed monzunov\u00e9 lesy \u2013 podporuj\u00ed rozmanitou fl\u00f3ru a faunu. Integrita lesn\u00edho porostu dos\u00e1hla v roce 2019 sk\u00f3re 6,38 z 10, co\u017e Tchaj-wan \u0159ad\u00ed na sedmdes\u00e1t\u00e9 \u0161est\u00e9 m\u00edsto ze 172 zem\u00ed.<\/p>\n<p>Klimaticky le\u017e\u00ed Tchaj-wan na obratn\u00edku Raka. Pr\u016fm\u011brn\u00fd ro\u010dn\u00ed \u00fahrn sr\u00e1\u017eek je 2 600 milimetr\u016f, p\u0159i\u010dem\u017e siln\u00e9 p\u0159eh\u00e1\u0148ky se objevuj\u00ed od kv\u011btna do z\u00e1\u0159\u00ed v d\u016fsledku v\u00fdchodoasijsk\u00e9ho monzunu. Hork\u00e9 a vlhk\u00e9 po\u010das\u00ed p\u0159etrv\u00e1v\u00e1 od \u010dervna do z\u00e1\u0159\u00ed, kdy jsou nej\u010dast\u011bj\u0161\u00ed tajfuny. Zimy, od listopadu do b\u0159ezna, p\u0159in\u00e1\u0161ej\u00ed na severov\u00fdchod stabiln\u00ed de\u0161t\u011b, zat\u00edmco centr\u00e1ln\u00ed a ji\u017en\u00ed z\u00f3ny z\u016fst\u00e1vaj\u00ed pom\u011brn\u011b such\u00e9 a slune\u010dn\u00e9. Pr\u016fm\u011brn\u00e9 teploty se v posledn\u00edm stolet\u00ed zv\u00fd\u0161ily o 1,4 \u00b0C \u2013 dvojn\u00e1sobek celosv\u011btov\u00e9ho pr\u016fm\u011brn\u00e9ho n\u00e1r\u016fstu \u2013 co\u017e vedlo k vl\u00e1dn\u00edm c\u00edl\u016fm sn\u00ed\u017eit emise o 20 procent do roku 2030 a o 50 procent do roku 2050 ve srovn\u00e1n\u00ed s \u00farovn\u011bmi z roku 2005.<\/p>\n<p>Politick\u00fd status ostrova z\u016fst\u00e1v\u00e1 nevy\u0159e\u0161en. Tchaj-wan ztratil sv\u00e9 k\u0159eslo v OSN v roce 1971, proto\u017ee jeho \u010dlenov\u00e9 uznali \u010c\u00ednskou lidovou republiku; vl\u00e1da \u010c\u00edny se v roce 1991 vzdala sv\u00e9ho n\u00e1roku z roku 1949 na zastupov\u00e1n\u00ed cel\u00e9 \u010c\u00edny. Peking trv\u00e1 na tom, \u017ee Tchaj-wan je sou\u010d\u00e1st\u00ed jeho \u00fazem\u00ed, a odep\u00edr\u00e1 diplomatick\u00e9 uzn\u00e1n\u00ed st\u00e1t\u016fm, kter\u00e9 udr\u017euj\u00ed form\u00e1ln\u00ed vazby s Tchaj-pejem. \u010c\u00ednsk\u00e1 republika dnes udr\u017euje ofici\u00e1ln\u00ed vztahy s jeden\u00e1cti \u010dleny OSN a Svat\u00fdm stolcem, zat\u00edmco jin\u00e9 zem\u011b host\u00ed de facto ambas\u00e1dy pod r\u016fzn\u00fdmi n\u00e1zvy. Dom\u00e1c\u00ed politika se to\u010d\u00ed kolem dvou koalic: strany Pan-Modr\u00e9 up\u0159ednost\u0148uj\u00ed p\u0159\u00edpadn\u00e9 sjednocen\u00ed pod z\u00e1\u0161titou \u010c\u00edny, zat\u00edmco skupiny Pan-Zelen\u00e9 podporuj\u00ed form\u00e1ln\u00ed nez\u00e1vislost. Ob\u011b strany zaujaly um\u00edrn\u011bn\u00e9 postoje, aby oslovily \u0161ir\u0161\u00ed publikum.<\/p>\n<p>Dopravn\u00ed s\u00edt\u011b se koncentruj\u00ed tam, kde se lid\u00e9 shroma\u017e\u010fuj\u00ed. Do b\u0159ezna 2019 p\u0159epravovalo 13,86 milionu sk\u00fatr\u016f obyvatel dvakr\u00e1t tolik jako automobil\u016f. D\u00e1lnice se t\u00e1hnou v d\u00e9lce 1 619 kilometr\u016f, p\u0159ev\u00e1\u017en\u011b pod\u00e9l pob\u0159e\u017e\u00ed. Tchajwansk\u00e1 \u017eelezni\u010dn\u00ed spr\u00e1va provozuje okru\u017en\u00ed syst\u00e9m; tchajwansk\u00e1 vysokorychlostn\u00ed \u017eeleznice spojuje z\u00e1padn\u00ed m\u011bsta. M\u011bstsk\u00e1 metra obsluhuj\u00ed Tchaj-pej, Nov\u00fd Tchaj-pej, Kao-siung, Tchaoyuan a Tchaj-\u010dung. Leti\u0161t\u011b v Tchaoyuanu, Kao-siungu, Songshanu a Tchaj-\u010dungu odbavuj\u00ed civiln\u00ed dopravu. Provozuje sedm dom\u00e1c\u00edch leteck\u00fdch spole\u010dnost\u00ed, v \u010dele s China Airlines a EVA Air. Sedm n\u00e1mo\u0159n\u00edch p\u0159\u00edstav\u016f, p\u0159i\u010dem\u017e Kao-siung odbavil 58,6 procenta z celkov\u00e9 p\u0159epravy 750 milion\u016f tun v zemi v roce 2021, podporuje n\u00e1mo\u0159n\u00ed obchod.<\/p>\n<p>Tchaj-wansk\u00e1 populace, kter\u00e1 v roce 2022 \u010d\u00edtala p\u0159ibli\u017en\u011b 23,4 milionu obyvatel, zahrnuje 95 procent \u010d\u00ednsk\u00fdch Chan\u016f, 2,4 procenta p\u016fvodn\u00edch Austron\u00e9san\u016f a 2,6 procenta nov\u011bj\u0161\u00edch p\u0159\u00edchoz\u00edch z \u010c\u00edny a jihov\u00fdchodn\u00ed Asie. Mezi Chany p\u0159edstavuje kmene Hoklo zhruba 70 procent, Hakka 15 procent a \u201ewaishengren\u201c jsou ti, kte\u0159\u00ed jsou spojeni s migranty po roce 1949. Genetick\u00e9 anal\u00fdzy nazna\u010duj\u00ed jiho\u010d\u00ednsk\u00fd p\u016fvod s prol\u00edn\u00e1n\u00edm austron\u00e9sk\u00fdch skupin p\u0159ed migrac\u00ed. \u0160estn\u00e1ct domorod\u00fdch komunit \u2013 Ami, Atayal, Bunun, Kanakanavu, Kavalan, Paiwan, Puyuma, Rukai, Saisiyat, Saaroa, Sakizaya, Sediq, Thao, Truku, Tsou a Yami \u2013 ob\u00fdv\u00e1 v\u00fdchodn\u00ed vyso\u010dinu a ostrov Orchid Island. Jejich jazyky pat\u0159\u00ed do austron\u00e9sk\u00fdch rodin a pou\u017e\u00edvaj\u00ed latinsk\u00e9 p\u00edsmo; jejich pou\u017e\u00edv\u00e1n\u00ed se sn\u00ed\u017eilo mimo snahy o kulturn\u00ed obrozen\u00ed.<\/p>\n<p>Mandar\u00edn\u0161tina dominuje v obchod\u011b a vzd\u011bl\u00e1v\u00e1n\u00ed, ani\u017e by m\u011bla z\u00e1konem p\u0159edepsan\u00fd ofici\u00e1ln\u00ed jazyk. Tradi\u010dn\u00ed \u010d\u00ednsk\u00e9 znaky z\u016fst\u00e1vaj\u00ed standardn\u00edm syst\u00e9mem psan\u00ed. Tchajwansk\u00fd hokkien, kter\u00fdm mluv\u00ed 70 procent populace, a hakka s 14\u201318 procenty se znovu objevily ve ve\u0159ejn\u00e9m \u017eivot\u011b od 90. let 20. stolet\u00ed. Hnut\u00ed se sna\u017e\u00ed zjednodu\u0161it soudn\u00ed texty do lidov\u00e9 \u010d\u00edn\u0161tiny, proto\u017ee mnoho rozhodnut\u00ed st\u00e1le pou\u017e\u00edv\u00e1 klasick\u00e9 formy. Klasick\u00e1 \u010d\u00edn\u0161tina p\u0159e\u017e\u00edv\u00e1 ve form\u00e1ln\u00edch ceremoni\u00e1ln\u00edch kontextech, v\u010detn\u011b st\u00e1tn\u00ed hymny.<\/p>\n<p>N\u00e1bo\u017eensk\u00e1 svoboda je zakotvena v \u00fastav\u011b. V roce 2020 tvo\u0159ila lidov\u00e1 n\u00e1bo\u017eenstv\u00ed 43,8 procenta stoupenc\u016f, buddhismus 21,2 procenta, taoistick\u00e9 praktiky 15,5 procenta, nez\u00e1visl\u00ed 13,7 procenta, k\u0159es\u0165anstv\u00ed 5,8 procenta a isl\u00e1m 1 procento. Existuje p\u0159ibli\u017en\u011b 15 175 n\u00e1bo\u017eensk\u00fdch budov \u2013 jedna na ka\u017ed\u00fdch 1 572 obyvatel \u2013 v\u010detn\u011b 2 317 buddhistick\u00fdch chr\u00e1m\u016f, 9 684 taoistick\u00fdch chr\u00e1m\u016f a 2 845 kostel\u016f. Domorod\u00ed k\u0159es\u0165an\u00e9 tvo\u0159\u00ed v\u00fdznamnou men\u0161inu. Vysok\u00e9 sk\u00f3re n\u00e1bo\u017eensk\u00e9 svobody u\u010dinilo z Tchaj-wanu jednu z m\u00e1la \u201eotev\u0159en\u00fdch\u201c spole\u010dnost\u00ed v asijsko-pacifick\u00e9m regionu.<\/p>\n<p>Tchajwanskou kulturu formuje spojen\u00ed tradic Chan\u016f, domorod\u00fdch zvyk\u016f, japonsk\u00e9ho koloni\u00e1ln\u00edho d\u011bdictv\u00ed a z\u00e1padn\u00edch my\u0161lenek. B\u011bhem stann\u00e9ho pr\u00e1va propagovaly kuomintangsk\u00e9 \u00fa\u0159ady \u201e\u010d\u00ednskou kulturn\u00ed renesanci\u201c s c\u00edlem zachovat tradi\u010dn\u00ed um\u011bn\u00ed a jazyk. Po roce 1987 se omezen\u00ed zm\u00edrnila, co\u017e umo\u017enilo rozkv\u011bt literatury, m\u00e9di\u00ed a akademick\u00e9 sf\u00e9ry. V roce 2022 se Tchaj-wan um\u00edstil na druh\u00e9m m\u00edst\u011b v Asijsko-pacifick\u00e9m regionu v Indexu demokracie; ob\u010dansk\u00e9 svobody a svoboda projevu podporuj\u00ed \u017eivou kulturn\u00ed sc\u00e9nu. Ned\u00e1vn\u00e9 vlny hongkongsk\u00fdch migrant\u016f obohatily diskurz, v letech 2019 a\u017e 2022 dos\u00e1hly pr\u016fm\u011brn\u00e9ho po\u010dtu t\u00e9m\u011b\u0159 9 000 p\u0159\u00edchoz\u00edch ro\u010dn\u011b.<\/p>\n<p>Administrativn\u011b se Tchaj-wan d\u011bl\u00ed na severn\u00ed, centr\u00e1ln\u00ed, v\u00fdchodn\u00ed a ji\u017en\u00ed regiony a odlehl\u00e9 ostrovy. Severn\u00ed Tchaj-wan, s Tchaj-pejem, slou\u017e\u00ed jako politick\u00e9 a technologick\u00e9 centrum. Centr\u00e1ln\u00ed oblasti zahrnuj\u00ed \u010cang-chua, Miaoli, Nantou a Tchaj-\u010dung, zn\u00e1m\u00e9 sv\u00fdmi horami, jezery a parky. V\u00fdchodn\u00ed okresy I-lan, Chualien a Tchaj-tung le\u017e\u00ed za centr\u00e1ln\u00edm p\u00e1te\u0159\u00ed, s m\u00edsty domorod\u00e9ho d\u011bdictv\u00ed a p\u0159\u00edrodn\u00edmi v\u00fdhledy. Ji\u017en\u00ed lokality \u2013 \u010cchia-i, Kao-siung, Ping-tung a Tchaj-nan \u2013 se vyzna\u010duj\u00ed tropick\u00fdm pob\u0159e\u017e\u00edm a historickou architekturou. Odlehl\u00e9 ostrovy \u2013 Kinmen, Macu, Penghu, Zelen\u00e1 a Orchidej \u2013 nab\u00edzej\u00ed m\u00edstn\u00ed \u00fato\u010di\u0161t\u011b.<\/p>\n<p>M\u011bstsk\u00e1 centra sahaj\u00ed od Tchaj-peje, glob\u00e1ln\u00ed metropole s pam\u00e1tkami, jako je Tchaj-pej 101 a N\u00e1rodn\u00ed pal\u00e1cov\u00e9 muzeum, a\u017e po \u0164iou-fen, b\u00fdvalou hornickou vesnici proslulou \u00fazk\u00fdmi uli\u010dkami a v\u00fdhledy na mo\u0159e. Tchaj-nan si zachov\u00e1v\u00e1 status nejstar\u0161\u00edho m\u011bsta Tchaj-wanu s chr\u00e1my a koloni\u00e1ln\u00edmi pam\u00e1tkami, jako je nap\u0159\u00edklad Anping Tree House. Kao-siung, t\u0159et\u00ed nejv\u011bt\u0161\u00ed m\u011bsto, host\u00ed jeden z nejru\u0161n\u011bj\u0161\u00edch p\u0159\u00edstav\u016f a \u200b\u200bmodern\u00ed n\u00e1b\u0159e\u017e\u00ed. Tchaj-\u010dung l\u00e1k\u00e1 n\u00e1v\u0161t\u011bvn\u00edky sv\u00fdmi pek\u00e1rnami a kulturn\u00edmi parky; Chualien a Tchaj-tung nab\u00edzej\u00ed p\u0159\u00edstup k sout\u011bsce Taroko a pob\u0159e\u017en\u00edm \u00fates\u016fm.<\/p>\n<p>Venkovn\u00ed aktivity jsou l\u00e1kav\u00e9 po cel\u00e9m ostrov\u011b. Hork\u00e9 prameny v Beitou, Wulai a Yangmingshanu odr\u00e1\u017eej\u00ed sope\u010dn\u00e9 d\u011bdictv\u00ed; ve\u0159ejn\u00e9 l\u00e1zn\u011b vy\u017eaduj\u00ed p\u0159ed vstupem d\u016fkladn\u00e9 o\u010di\u0161t\u011bn\u00ed a \u010dasto jsou rozd\u011bleny podle pohlav\u00ed, a\u010dkoli n\u011bkter\u00e9 nab\u00edzej\u00ed soukrom\u00e9 baz\u00e9ny, kde je vy\u017eadov\u00e1n oblek. Horsk\u00e9 stezky sahaj\u00ed od m\u00edrn\u00fdch tras po m\u011bst\u011b Tchaj-pej a\u017e po n\u011bkolikadenn\u00ed t\u00fary po Yushanu a Wuling Sixiu, na kter\u00e9 se vztahuj\u00ed povolen\u00ed a loterie o ubytov\u00e1n\u00ed. Rybolov krevet v kryt\u00fdch baz\u00e9nech s thajsk\u00fdmi krevetami a v kombinaci s va\u0159en\u00edm na m\u00edst\u011b se stal obl\u00edben\u00fdm mezi m\u00edstn\u00edmi obyvateli i n\u00e1v\u0161t\u011bvn\u00edky.<\/p>\n<p>Nov\u00fd tchajwansk\u00fd dolar (NT$) se d\u011bl\u00ed na 100 cent\u016f (\u5206); hovorov\u011b j\u00fcan a ku\u00e0i ozna\u010duj\u00ed jednotku, zat\u00edmco f\u0113n, ji\u01ceo a m\u00e1o ozna\u010duj\u00ed zlomkov\u00e9 \u010d\u00e1stky. \u017divotn\u00ed n\u00e1klady jsou ni\u017e\u0161\u00ed ne\u017e v Japonsku a Ji\u017en\u00ed Koreji, ale p\u0159evy\u0161uj\u00ed mnoho destinac\u00ed v jihov\u00fdchodn\u00ed Asii. Minim\u00e1ln\u00ed denn\u00ed rozpo\u010det m\u016f\u017ee za\u010d\u00ednat na 1 000 NT$; pouli\u010dn\u00ed j\u00eddlo stoj\u00ed 50 NT$ nebo m\u00e9n\u011b, rychl\u00e9 ob\u010derstven\u00ed kolem 150 NT$ a luxusn\u00ed restaurace p\u0159es 1 000 NT$. Luxusn\u00ed hotely mohou nab\u00edzet pokoje za 5 000 NT$ nebo v\u00edce. Tax\u00edky jezd\u00ed na z\u00e1klad\u011b m\u011b\u0159i\u010de nebo s pevn\u00fdm j\u00edzdn\u00fdm s mo\u017enost\u00ed vyjedn\u00e1v\u00e1n\u00ed; spropitn\u00e9 je neobvykl\u00e9 krom\u011b spropitn\u00e9ho pro posl\u00ed\u010dka.<\/p>\n<p>Zvyky a etiketa odr\u00e1\u017eej\u00ed konfuci\u00e1nsk\u00e9 principy \u00facty a harmonie. Vizitky se vym\u011b\u0148uj\u00ed ob\u011bma rukama a m\u00edrn\u011b se ukl\u00e1n\u011bj\u00ed. Mezi tabuizovan\u00e9 d\u00e1rky pat\u0159\u00ed hodiny, boty, no\u017ee a de\u0161tn\u00edky, a to z d\u016fvodu jazykov\u00fdch nebo symbolick\u00fdch asociac\u00ed. P\u0159ed vstupem do domu je nutn\u00e9 si vyzut boty a poskytnout pantofle. Anonymn\u00ed d\u00e1v\u00e1n\u00ed d\u00e1rk\u016f mezi p\u0159\u00e1teli vyb\u00edz\u00ed k opl\u00e1cen\u00ed v klidu. Ve\u0159ejn\u00e1 doprava vyhrazuje p\u0159ednostn\u00ed sedadla pro star\u0161\u00ed, osoby se zdravotn\u00edm posti\u017een\u00edm a t\u011bhotn\u00e9 cestuj\u00edc\u00ed. V chr\u00e1mech by se n\u00e1v\u0161t\u011bvn\u00edci m\u011bli klan\u011bt bo\u017estv\u016fm, vyh\u00fdbat se stoup\u00e1n\u00ed na prahy a zdr\u017eet se ukazov\u00e1n\u00ed jedin\u00fdm prstem.<\/p>\n<p>Tchajwansk\u00e1 identita se neust\u00e1le vyv\u00edj\u00ed uprost\u0159ed vn\u011bj\u0161\u00edch tlak\u016f a vnit\u0159n\u00edch debat. N\u011bkte\u0159\u00ed zd\u016fraz\u0148uj\u00ed jedine\u010dn\u00e9 \u010d\u00ednsk\u00e9 d\u011bdictv\u00ed; jin\u00ed zauj\u00edmaj\u00ed specifick\u00fd tchajwansk\u00fd nacionalismus nebo multikulturn\u00ed perspektivu, kter\u00e1 zahrnuje narativy domorod\u00fdch obyvatel, obyvatel pevniny a imigrant\u016f. Tato dynamika odr\u00e1\u017e\u00ed v\u00edce ne\u017e stolet\u00ed odd\u011blen\u00ed od pevniny a z\u00e1vazek k demokratick\u00fdm svobod\u00e1m, kter\u00e9 formuj\u00ed jeho spole\u010dnost, kulturu a mezin\u00e1rodn\u00ed p\u0159\u00edtomnost.<\/p>","protected":false},"excerpt":{"rendered":"<p>Tchaj-wan je v\u00fdchodoasijsk\u00fd ostrovn\u00ed st\u00e1t s populac\u00ed asi 23,9 milionu lid\u00ed, co\u017e z n\u011bj \u010din\u00ed jeden z nejhust\u011bji os\u00eddlen\u00fdch n\u00e1rod\u016f na Zemi. Strategick\u00e1 poloha Tchaj-wanu v severoz\u00e1padn\u00edm Tich\u00e9m oce\u00e1nu mezi V\u00fdchodo\u010d\u00ednsk\u00fdm a Jiho\u010d\u00ednsk\u00fdm mo\u0159em v\u00fdrazn\u011b utv\u00e1\u0159ela jeho slo\u017eitou historii a geopolitick\u00fd v\u00fdznam.<\/p>","protected":false},"author":1,"featured_media":3752,"parent":24063,"menu_order":0,"comment_status":"closed","ping_status":"closed","template":"elementor_theme","meta":{"_eb_attr":"","footnotes":""},"class_list":["post-15647","page","type-page","status-publish","has-post-thumbnail"],"_links":{"self":[{"href":"https:\/\/travelshelper.com\/cs\/wp-json\/wp\/v2\/pages\/15647","targetHints":{"allow":["GET"]}}],"collection":[{"href":"https:\/\/travelshelper.com\/cs\/wp-json\/wp\/v2\/pages"}],"about":[{"href":"https:\/\/travelshelper.com\/cs\/wp-json\/wp\/v2\/types\/page"}],"author":[{"embeddable":true,"href":"https:\/\/travelshelper.com\/cs\/wp-json\/wp\/v2\/users\/1"}],"replies":[{"embeddable":true,"href":"https:\/\/travelshelper.com\/cs\/wp-json\/wp\/v2\/comments?post=15647"}],"version-history":[{"count":0,"href":"https:\/\/travelshelper.com\/cs\/wp-json\/wp\/v2\/pages\/15647\/revisions"}],"up":[{"embeddable":true,"href":"https:\/\/travelshelper.com\/cs\/wp-json\/wp\/v2\/pages\/24063"}],"wp:featuredmedia":[{"embeddable":true,"href":"https:\/\/travelshelper.com\/cs\/wp-json\/wp\/v2\/media\/3752"}],"wp:attachment":[{"href":"https:\/\/travelshelper.com\/cs\/wp-json\/wp\/v2\/media?parent=15647"}],"curies":[{"name":"wp","href":"https:\/\/api.w.org\/{rel}","templated":true}]}}