{"id":15595,"date":"2024-09-21T15:54:09","date_gmt":"2024-09-21T15:54:09","guid":{"rendered":"https:\/\/travelshelper.com\/staging\/?page_id=15595"},"modified":"2026-03-11T21:36:27","modified_gmt":"2026-03-11T21:36:27","slug":"krabi","status":"publish","type":"page","link":"https:\/\/travelshelper.com\/cs\/destinations\/asia\/thailand\/krabi\/","title":{"rendered":"Krabi"},"content":{"rendered":"<p>Krabi se rozkl\u00e1d\u00e1 na \u00fazk\u00e9m p\u00e1su pevniny, kde se \u0159eka roz\u0161i\u0159uje do z\u00e1livu Phang Nga, kde se jej\u00ed rud\u00e1 zem\u011b setk\u00e1v\u00e1 s akvamar\u00ednov\u00fdmi vodami pod oblohou, kter\u00e1 se \u010dasto v\u00ed\u0159\u00ed rychl\u00fdmi mraky. M\u011bsto, kter\u00e9 v roce 2020 \u017eilo jen n\u011bco m\u00e1lo p\u0159es t\u0159icet dva tis\u00edc obyvatel, p\u016fsob\u00ed mal\u00fdm dojmem, ale z\u00e1rove\u0148 stoj\u00ed na okraji n\u011b\u010deho obrovsk\u00e9ho. Pod\u00e9l b\u0159ehu \u0159eky se na k\u016flech ty\u010d\u00ed d\u0159ev\u011bn\u00e9 obchody, jejich\u017e okenice za \u00fasvitu klapaj\u00ed, kdy\u017e kolem proplouvaj\u00ed lod\u011b nalo\u017een\u00e9 r\u00fd\u017e\u00ed, ovocem a s\u00edt\u011bmi s uloven\u00fdmi rybami. Hloub\u011bji ve vnitrozem\u00ed lemuj\u00ed ulice n\u00edzk\u00e9 budovy s opr\u00fdskanou barvou, kter\u00e9 vedou k ru\u0161n\u00e9mu centr\u00e1ln\u00edmu trhu, kde vzduch nese stejnou m\u00edru chilli p\u00e1ry a mo\u0159sk\u00e9ho v\u00e1nku. Na tomto m\u00edst\u011b \u2013 \u0161est set pades\u00e1t kilometr\u016f ji\u017en\u011b od hlavn\u00edho m\u011bsta \u2013 se zd\u00e1, \u017ee rytmus \u017eivota a p\u0159\u00edlivu a odlivu utv\u00e1\u0159\u00ed ka\u017ed\u00fd okam\u017eik.<\/p>\n<p>V posledn\u00edch letech osmn\u00e1ct\u00e9ho stolet\u00ed, kr\u00e1tce pot\u00e9, co se thajsk\u00fd dv\u016fr usadil v Bangkoku, vyslal guvern\u00e9r Nakhon Si Thammaratu vez\u00edra zn\u00e1m\u00e9ho jako Phra Palad, aby dohl\u00ed\u017eel na slon\u00ed kraal v tomto m\u011bst\u011b u \u00fast\u00ed \u0159eky. Rozkaz, kter\u00fd vydal Chao Phraya Nakhon Noi, si kladl za c\u00edl zajistit st\u00e1l\u00fd p\u0159\u00edsun v\u00e1le\u010dn\u00fdch a ceremoni\u00e1ln\u00edch slon\u016f pro rostouc\u00ed kr\u00e1lovstv\u00ed. Stavba kraalu p\u0159il\u00e1kala nejen mahouty a \u0159emesln\u00edky, ale cel\u00e9 dom\u00e1cnosti hledaj\u00edc\u00ed nov\u00e9 p\u0159\u00edle\u017eitosti. Usadili se ve t\u0159ech osad\u00e1ch \u2013 Pakasai, Khlong Pon a Pak Lao \u2013 z nich\u017e ka\u017ed\u00e1 si budovala svou vlastn\u00ed identitu pod\u00e9l bahnit\u00fdch b\u0159eh\u016f a bo\u010dn\u00edch kan\u00e1l\u016f. Do roku 1872 kr\u00e1l Chulalongkorn uznal shluk vesnic jako jedno m\u011bste\u010dko a ud\u011blil mu jm\u00e9no Krabi, term\u00edn, kter\u00fd odr\u00e1\u017eel starov\u011bkou standartu zdobenou symbolem opice. O dva roky pozd\u011bji m\u011bsto z\u00edskalo administrativn\u00ed nez\u00e1vislost na Nakhon Si Thammarat a za\u010dalo se zodpov\u00eddat p\u0159\u00edmo Bangkoku. Jeho prvn\u00ed guvern\u00e9r \u2013 Luang Thep Sena \u2013 se ujal jurisdikce, kter\u00e1 ji\u017e nebyla pouze satelitem jeho b\u00fdval\u00e9ho vl\u00e1dce, ale samostatnou provinci\u00ed.<\/p>\n<p>Dnes se ekonomika Krabi do zna\u010dn\u00e9 m\u00edry op\u00edr\u00e1 o n\u00e1v\u0161t\u011bvn\u00edky, kter\u00e9 l\u00e1k\u00e1 jeho neru\u0161en\u00e9 kouzlo a drsn\u00e1 kr\u00e1sa okoln\u00edho souostrov\u00ed. A\u010dkoli velk\u00e1 \u010d\u00e1st provincie byla vyhl\u00e1\u0161ena n\u00e1rodn\u00edm parkem \u2013 Hat Noppharat Thara\u2013Mu Ko Phi Phi, Khao Phanom Bencha, Than Bokkhorani a mo\u0159sk\u00e9 rezervace \u2013 samotn\u00e9 m\u011bsto Krabi z\u016fst\u00e1v\u00e1 sp\u00ed\u0161e vstupn\u00edm bodem ne\u017e kone\u010dnou destinac\u00ed. Odtud se jednodenn\u00ed v\u00fdletn\u00edci i dlouhodob\u00ed host\u00e9 vyd\u00e1vaj\u00ed na pr\u016fzkum v\u00edce ne\u017e osmdes\u00e1ti okoln\u00edch ostrov\u016f, v\u010detn\u011b obl\u00edben\u00fdch atrakc\u00ed Ko Lanta a Ko Phi Phi. Ve vnitrozem\u00ed se v Khao Phanom Bencha \u0159\u00edt\u00ed vodop\u00e1dy hust\u00fdm lesem, zat\u00edmco v\u00e1pencov\u00e9 jeskyn\u011b Than Bokkhorani skr\u00fdvaj\u00ed komory, kde stalaktity kapou jako vosk ze sv\u00ed\u010dek. Pod\u00e9l pob\u0159e\u017e\u00ed mangrovov\u00e9 h\u00e1je poskytuj\u00ed \u00fato\u010di\u0161t\u011b volavk\u00e1m a varanom. V ka\u017ed\u00e9m sm\u011bru je mo\u017enost p\u00e1dlovat, pozorovat pt\u00e1ky nebo se vydat na p\u011b\u0161\u00ed turistiku s pr\u016fvodci, kte\u0159\u00ed p\u0159esn\u011b v\u011bd\u00ed, kde naj\u00edt hn\u00edzd\u00edc\u00ed zoboro\u017ece nebo skryt\u00e9 jez\u00edrka.<\/p>\n<p>Pl\u00e1\u017ee nejbl\u00ed\u017ee m\u011bstu \u2013 Ao Nang a Railay \u2013 jsou formov\u00e1ny \u00fatesy, kter\u00e9 se z p\u00edsku ty\u010d\u00ed t\u00e9m\u011b\u0159 svisle. Railay, p\u0159\u00edstupn\u00e1 pouze lod\u00ed s dlouh\u00fdm ocasem, se stala magnetem pro horolezce, kte\u0159\u00ed se cht\u011bj\u00ed otestovat na kaps\u00e1ch a p\u0159evisech vytesan\u00fdch z v\u00e1pence po tis\u00edcilet\u00ed. Ka\u017edoro\u010dn\u00ed festival Rock and Fire, kter\u00fd se kon\u00e1 v polovin\u011b dubna, tepe adrenalinem, zat\u00edmco horolezci soupe\u0159\u00ed o rychlost a styl na tras\u00e1ch, jako je slavn\u00e1 \u010dty\u0159d\u00e9lkov\u00e1 \u201eHumanality\u201c. Kdy\u017e je p\u0159\u00edliv, s\u00f3lo lezen\u00ed v hlubok\u00e9 vod\u011b se st\u00e1v\u00e1 cvi\u010den\u00edm rovnov\u00e1hy i odvahy, zat\u00edmco horolezci se pomalu prod\u00edraj\u00ed po mo\u0159em om\u00fdvan\u00fdch st\u011bn\u00e1ch nad s\u00e1hy v\u00ed\u0159\u00edc\u00ed vody. Tren\u00e9\u0159i z n\u011bkolika m\u00edstn\u00edch \u0161kol se za \u00fasvitu setk\u00e1vaj\u00ed s nov\u00e1\u010dky na pl\u00e1\u017ei, zat\u00edmco zku\u0161en\u011bj\u0161\u00ed lezci tahaj\u00ed lana na odlehl\u00e9 ostr\u016fvky viditeln\u00e9 u pob\u0159e\u017e\u00ed. S ka\u017ed\u00fdm v\u00fdstupem tyrkysov\u00e9 mo\u0159e a vzd\u00e1len\u00e9 krasov\u00e9 v\u011b\u017ee m\u011bn\u00ed perspektivu toho, co znamen\u00e1 st\u00e1t na hranici vzduchu a sk\u00e1ly.<\/p>\n<p>Ne v\u0161echny divy le\u017e\u00ed v mo\u0159i nebo na obloze. V Ban Laem Pho \u2013 asi \u010dty\u0159icet kilometr\u016f severov\u00fdchodn\u011b od m\u011bsta \u2013 se na \u00fazk\u00e9m pruhu pevniny nach\u00e1z\u00ed pl\u00e1\u017e, jej\u00ed\u017e p\u00edsek obsahuje miliony zkamen\u011bl\u00fdch \u0161ne\u010d\u00edch ulit. Tyto poz\u016fstatky sahaj\u00ed asi \u010dty\u0159icet milion\u016f let do minulosti, kdy tuto nyn\u00ed pob\u0159e\u017en\u00ed pl\u00e1\u0148 pokr\u00fdvaly sladkovodn\u00ed ba\u017einy. Slune\u010dn\u00ed sv\u011btlo pronik\u00e1 skrz mangrovov\u00e9 listy a osv\u011btluje zv\u00e1penat\u011bl\u00e9 \u0161roubovice a spir\u00e1ly zapu\u0161t\u011bn\u00e9 do pob\u0159e\u017e\u00ed. V\u011bdci i amat\u00e9r\u0161t\u00ed lovci fosili\u00ed sem p\u0159ich\u00e1zej\u00ed se \u0161t\u011btci a z\u00e1pisn\u00edky a d\u00e1vaj\u00ed si pozor, aby nenaru\u0161ili k\u0159ehk\u00e9 \u00falomky. Nad hlavou jim mod\u0159e a zelen\u011b blikaj\u00ed led\u0148\u00e1\u010dci, zat\u00edmco varani cvakaj\u00ed sv\u00fdmi rozeklan\u00fdmi jazyky a hledaj\u00ed kraby zahraban\u00e9 pod bahnem.<\/p>\n<p>Klima v Krabi odr\u00e1\u017e\u00ed jeho polohu p\u0159ed Andamansk\u00fdm mo\u0159em. Od b\u0159ezna do za\u010d\u00e1tku prosince p\u0159in\u00e1\u0161ej\u00ed monzunov\u00e9 v\u011btry vlhkost na b\u0159eh a desetim\u011bs\u00ed\u010dn\u00ed obdob\u00ed de\u0161\u0165\u016f m\u016f\u017ee p\u0159in\u00e9st dny nep\u0159etr\u017eit\u00fdch lij\u00e1k\u016f. Mezi bou\u0159kami tan\u010d\u00ed na hladin\u011b sluncem zalit\u00e9 skvrny a silnice se mohou prom\u011bnit z pra\u0161n\u00fdch cest v hn\u011bd\u00e9 pot\u016f\u010dky. V horku p\u0159ed de\u0161ti teplom\u011bry 31. b\u0159ezna 2023 vystoupaly a\u017e na 39,6 \u00b0C; naopak nejchladn\u011bj\u0161\u00ed r\u00e1no, kter\u00e9 zde bylo zaznamen\u00e1no, kleslo 11. ledna 2009 na 15,3 \u00b0C. Takov\u00e9 extr\u00e9my jsou vz\u00e1cn\u00e9, ale p\u0159ipom\u00ednaj\u00ed obyvatel\u016fm, \u017ee tato krajina vzkv\u00e9t\u00e1 na kontrastech \u2013 rozvodn\u011bn\u00e9 \u0159eky pro\u0159ez\u00e1vaj\u00edc\u00ed v\u00e1pencov\u00e9 kopce; n\u00e1hl\u00e9 bou\u0159e proti jasn\u00e9 obloze.<\/p>\n<p>P\u0159\u00edstup do Krabi se od po\u010d\u00e1tk\u016f \u0159\u00ed\u010dn\u00edch lod\u00ed a nezpevn\u011bn\u00fdch stezek zna\u010dn\u011b vyvinul. Od roku 1999 spojuje mezin\u00e1rodn\u00ed leti\u0161t\u011b Krabi (KBV) region p\u0159\u00edmo s Bangkokem, Kuala Lumpurem a sez\u00f3nn\u00edmi charterov\u00fdmi lety z Evropy. Leti\u0161t\u011b se nach\u00e1z\u00ed asi patn\u00e1ct kilometr\u016f od centra m\u011bsta a je propojeno klimatizovan\u00fdmi autobusy, kter\u00e9 cestuj\u00edc\u00ed vysazuj\u00ed p\u0159ed budovou provin\u010dn\u00edho soudu nebo je p\u0159epravuj\u00ed d\u00e1le na pl\u00e1\u017ee Ao Nang nebo Had Yao. Dom\u00e1c\u00ed dopravci \u2013 Air Asia, Bangkok Airways a Thai Airways \u2013 provozuj\u00ed n\u011bkolik denn\u00edch spoj\u016f do hlavn\u00edho m\u011bsta, zat\u00edmco jedin\u00fd let denn\u011b spojuje Krabi s Ko Samui. Mezin\u00e1rodn\u00ed trasy se zam\u011b\u0159uj\u00ed na Kuala Lumpur, p\u0159i\u010dem\u017e charterov\u00e9 lety se b\u011bhem hlavn\u00ed sez\u00f3ny st\u0159\u00eddaj\u00ed.<\/p>\n<p>Krom\u011b leteck\u00e9 dopravy z\u016fst\u00e1vaj\u00ed d\u016fle\u017eit\u00fdmi tepnami silni\u010dn\u00ed a \u017eelezni\u010dn\u00ed doprava. Nejbli\u017e\u0161\u00ed vlakov\u00e9 n\u00e1dra\u017e\u00ed se nach\u00e1z\u00ed v Surat Thani, kam se autobusem nebo minivanem dostanete za t\u0159i a p\u016fl hodiny na sever, zat\u00edmco k\u0159i\u017eovatka Thung Song Junction se nach\u00e1z\u00ed na jihu a minivany jezd\u00ed ka\u017edou hodinu. Autobusy odj\u00ed\u017ed\u011bj\u00ed z termin\u00e1lu Talad Kao v Krabi \u2013 \u010dist\u00e9ho, dob\u0159e zna\u010den\u00e9ho a s bezplatn\u00fdm Wi-Fi \u2013 a sm\u011b\u0159uj\u00ed na ji\u017en\u00ed autobusov\u00fd termin\u00e1l v Bangkoku. Cesta trv\u00e1 p\u0159ibli\u017en\u011b dvan\u00e1ct hodin. Na krat\u0161\u00ed vzd\u00e1lenosti do Surat Thani doprav\u00ed cestuj\u00edc\u00ed soukrom\u00e9 minivany za m\u00e9n\u011b ne\u017e dv\u011b a p\u016fl hodiny za rozumnou cenu. Pod\u00e9l andamansk\u00e9ho pob\u0159e\u017e\u00ed jezd\u00ed ka\u017edou hodinu b\u00edl\u00e9 songthaew mezi m\u011bstem Krabi, Maharaj Road a k\u0159i\u017eovatkou Ao Nang Junction, jejich\u017e st\u0159e\u0161n\u00ed nosi\u010de jsou pln\u00e9 batoh\u016f a ryb\u00e1\u0159sk\u00fdch prut\u016f.<\/p>\n<p>Po vod\u011b spojuj\u00ed Krabi s Ko Phi Phi, Ko Jum a Ko Lanta pravideln\u00e9 trajekty. V\u011bt\u0161ina spoj\u016f odj\u00ed\u017ed\u00ed z modern\u00edho osobn\u00edho p\u0159\u00edstavu t\u0159i kilometry od centra m\u011bsta, \u010d\u00edm\u017e se vyh\u00fdb\u00e1 star\u0161\u00edm mol\u016fm, kter\u00e1 obsluhovala pomalej\u0161\u00ed lod\u011b. Turistick\u00e9 kancel\u00e1\u0159e a hotelov\u00e9 p\u0159ep\u00e1\u017eky prod\u00e1vaj\u00ed j\u00edzdenky, kter\u00e9 \u010dasto zahrnuj\u00ed transfery songthaew k molu; byst\u0159ej\u0161\u00ed cestovatel\u00e9 v\u011bd\u00ed, \u017ee n\u00e1kup bl\u00ed\u017ee k odjezdu m\u016f\u017ee sn\u00ed\u017eit n\u00e1klady. J\u00edzdn\u00ed \u0159\u00e1dy trajekt\u016f se b\u011bhem hlavn\u00ed sez\u00f3ny zv\u011bt\u0161uj\u00ed, zat\u00edmco v doln\u00ed sez\u00f3n\u011b se mohou zkr\u00e1tit na pouh\u00e9 dv\u011b plavby denn\u011b.<\/p>\n<p>Uvnit\u0159 m\u011bsta se objevuj\u00ed dv\u011b odli\u0161n\u00e9 tv\u00e1\u0159e. Pod\u00e9l d\u00e1lnice 4 se p\u00e1s obch\u016fdk\u016f u silnice a mal\u00fdch n\u00e1kupn\u00edch center hem\u017e\u00ed cestovateli hledaj\u00edc\u00edmi ob\u010derstven\u00ed, SIM karty a rychl\u00e9 suven\u00fdry. Hloub\u011bji v centru, daleko od ruchu dopravy, se otev\u00edr\u00e1 komorn\u00ed s\u00ed\u0165 ulic do kav\u00e1ren a bar\u016f, kde \u017eiv\u00e9 kapely hraj\u00ed coververze westernov\u00fdch hit\u016f. Zde se m\u00edstn\u00ed rodiny m\u00eds\u00ed s expaty a bat\u016f\u017ek\u00e1\u0159i a tempo se zpomaluje do klidn\u00e9ho cvak\u00e1n\u00ed mobiln\u00edch telefon\u016f a sy\u010den\u00ed espresso k\u00e1vovar\u016f. Pro hlub\u0161\u00ed pocit z m\u00edsta se n\u00e1v\u0161t\u011bvn\u00edci v t\u00e9to klidn\u011bj\u0161\u00ed \u010dtvrti \u010dasto zdr\u017euj\u00ed, za \u00fasvitu ochutn\u00e1vaj\u00ed kokosov\u00e9 pala\u010dinky nebo pop\u00edjej\u00ed bylinkov\u00fd \u010daj pod listy stolet\u00e9ho bany\u00e1nu.<\/p>\n<p>Kulturn\u00ed pam\u00e1tky se nach\u00e1zej\u00ed kousek j\u00edzdy za centrem m\u011bsta. Na vrcholu v\u00e1pencov\u00e9ho kopce asi t\u0159i kilometry severo-severov\u00fdchodn\u011b se ty\u010d\u00ed Wat Tham Sua \u2013 \u010dasto naz\u00fdvan\u00fd Chr\u00e1m tyg\u0159\u00ed jeskyn\u011b \u2013 nap\u016fl skryt\u00fd v list\u00ed. Jeskynn\u00ed svatyn\u011b na jeho \u00fapat\u00ed odhaluje pozlacen\u00e9 postavy Buddhy se\u0159azen\u00e9 na sk\u00e1le a legenda prav\u00ed, \u017ee se v t\u011bchto jeskyn\u00edch kdysi potuloval tygr. Z komplexu vedou dv\u011b schodi\u0161t\u011b: jedno vede po 1 237 schodech k Buddhovi na vrcholu hory s panoramatick\u00fdm v\u00fdhledem na r\u00fd\u017eov\u00e1 pole a pob\u0159e\u017e\u00ed; druh\u00e9 vede \u00fadol\u00edm zn\u00e1m\u00fdm jako \u201e\u0158\u00ed\u0161e div\u016f\u201c, poset\u00fdm men\u0161\u00edmi svatyn\u011bmi a lesn\u00edmi stezkami. Cedule varuj\u00ed p\u0159ed krmen\u00edm m\u00edstn\u00edch opic, jejich\u017e hbit\u00e9 ruce a ob\u010dasn\u00e9 kousnut\u00ed slou\u017e\u00ed jako p\u0159ipom\u00ednka toho, \u017ee zde p\u0159etrv\u00e1v\u00e1 divo\u010dina.<\/p>\n<p>Bl\u00ed\u017ee k m\u011bstu, na Maharat Road, zachycuj\u00ed ob\u00edlen\u00e9 zdi a t\u00e1hl\u00e9 oblouky Wat Kaew Korawaram slunce jako slonovinov\u00e9 sv\u00ed\u010dky. Dokon\u010den byl teprve v posledn\u00edch desetilet\u00edch a jeho design evokuje vrstven\u00fd svatebn\u00ed dort, kter\u00fd jako by z\u00e1\u0159\u00ed na pozad\u00ed palmov\u00fdch list\u016f. Turistick\u00e9 mapy jen z\u0159\u00eddka zmi\u0148uj\u00ed Dhara Massage and Spa, schovan\u00e9 v \u00fazk\u00e9 uli\u010dce u Issara Road; p\u0159esto m\u00edstn\u00ed i ti, kte\u0159\u00ed se v tomto oboru vyznaj\u00ed, chv\u00e1l\u00ed jejich d\u016fkladn\u00e9 procedury poskytovan\u00e9 dv\u011bma \u017eenami, jejich\u017e kvalifikace a p\u00e9\u010de jim vynesly v\u011brn\u00e9 fanou\u0161ky.<\/p>\n<p>Pro hlub\u0161\u00ed pono\u0159en\u00ed se nab\u00edz\u00ed p\u016fldenn\u00ed v\u00fdlety mangrovov\u00fdmi porosty, kter\u00e9 stoj\u00ed kolem 1 500 a\u017e 2 500 baht\u016f a mal\u00e9 skupiny proplouvaj\u00ed labyrintem kan\u00e1l\u016f, kde se volavky pl\u00ed\u017e\u00ed pod\u00e9l odkryt\u00fdch ko\u0159en\u016f. Jednodenn\u00ed v\u00fdlety lod\u00ed \u2013 v cen\u011b od 1 000 do 3 000 baht\u016f v z\u00e1vislosti na typu plavidla \u2013 kombinuj\u00ed n\u00e1v\u0161t\u011bvy \u010dty\u0159 ostrov\u016f, v\u010detn\u011b Hongkongu a Phi Phi, a obvykle zahrnuj\u00ed transfery, ob\u011bd, \u010derstv\u00e9 ovoce a z\u00e1kladn\u00ed vybaven\u00ed pro \u0161norchlov\u00e1n\u00ed a z\u00e1chrann\u00e9 vesty. Pr\u016fvodci rozd\u00e1vaj\u00ed nepromokav\u00e9 vaky a dbaj\u00ed na to, aby i p\u0159i plavb\u00e1ch motorov\u00fdm \u010dlunem z\u016fstal pocit intimity s t\u011bmito v\u00e1pencov\u00fdmi ostrovy neutuchaj\u00edc\u00ed.<\/p>\n<p>S p\u0159\u00edchodem ve\u010dera se bary v centru m\u011bsta rozz\u00e1\u0159\u00ed \u017eivou hudbou a tich\u00fdm pov\u00edd\u00e1n\u00edm. Rocky Bar, ty\u010d\u00edc\u00ed se nad \u0159ekou, si vydobyl pov\u011bst no\u010dn\u00edch vystoupen\u00ed, kter\u00e1 p\u0159itahuj\u00ed davy turist\u016f i Thajc\u016f. Dal\u0161\u00ed se shlukuj\u00ed kolem kav\u00e1ren pod \u0161ir\u00fdm nebem, kde studen\u00fd Chang nebo Singha zm\u00edr\u0148uje denn\u00ed vlhkost. Konverzace se to\u010d\u00ed od horolezeck\u00fdch expedic k cen\u00e1m l\u00edstk\u016f na trajekty, od nejlep\u0161\u00edch pouli\u010dn\u00edch st\u00e1nk\u016f k letov\u00e9mu \u0159\u00e1du zp\u011bt do Bangkoku. V t\u011bchto v\u00fdm\u011bn\u00e1ch n\u00e1zor\u016f \u2013 u sd\u00edlen\u00fdch sk\u00fatr\u016f nebo u stol\u016f pod bambusov\u00fdmi lampami \u2013 se odhaluje podstata Krabi: m\u00edsto, kde se setk\u00e1v\u00e1 historie se sou\u010dasn\u00fdmi poutn\u00edky, kde tok \u0159eky odr\u00e1\u017e\u00ed p\u0159\u00edjezdy a odjezdy, kter\u00e9 definuj\u00ed \u017eivot na z\u00e1padn\u00edm pob\u0159e\u017e\u00ed Thajska.<\/p>","protected":false},"excerpt":{"rendered":"<p>Okouzluj\u00edc\u00ed p\u0159\u00edmo\u0159sk\u00e9 m\u011bste\u010dko Krabi, hlavn\u00ed m\u011bsto provincie Krabi v ji\u017en\u00edm Thajsku, se nach\u00e1z\u00ed 650 kilometr\u016f ji\u017en\u011b od Bangkoku. S 32 644 obyvateli k roku 2020 je tato prosperuj\u00edc\u00ed obec domovem mnoha lid\u00ed. Nach\u00e1z\u00ed se na z\u00e1padn\u00edm pob\u0159e\u017e\u00ed, kde se \u0159eka Krabi vl\u00e9v\u00e1 do z\u00e1livu Phang Nga, Krabi je branou k n\u011bkter\u00fdm z nejpozoruhodn\u011bj\u0161\u00edch p\u0159\u00edrodn\u00edch div\u016f Thajska a stalo se d\u016fle\u017eitou sou\u010d\u00e1st\u00ed turistick\u00e9ho ruchu v t\u00e9to oblasti.<\/p>","protected":false},"author":1,"featured_media":4579,"parent":15536,"menu_order":0,"comment_status":"closed","ping_status":"closed","template":"elementor_theme","meta":{"_eb_attr":"","footnotes":""},"class_list":["post-15595","page","type-page","status-publish","has-post-thumbnail"],"_links":{"self":[{"href":"https:\/\/travelshelper.com\/cs\/wp-json\/wp\/v2\/pages\/15595","targetHints":{"allow":["GET"]}}],"collection":[{"href":"https:\/\/travelshelper.com\/cs\/wp-json\/wp\/v2\/pages"}],"about":[{"href":"https:\/\/travelshelper.com\/cs\/wp-json\/wp\/v2\/types\/page"}],"author":[{"embeddable":true,"href":"https:\/\/travelshelper.com\/cs\/wp-json\/wp\/v2\/users\/1"}],"replies":[{"embeddable":true,"href":"https:\/\/travelshelper.com\/cs\/wp-json\/wp\/v2\/comments?post=15595"}],"version-history":[{"count":0,"href":"https:\/\/travelshelper.com\/cs\/wp-json\/wp\/v2\/pages\/15595\/revisions"}],"up":[{"embeddable":true,"href":"https:\/\/travelshelper.com\/cs\/wp-json\/wp\/v2\/pages\/15536"}],"wp:featuredmedia":[{"embeddable":true,"href":"https:\/\/travelshelper.com\/cs\/wp-json\/wp\/v2\/media\/4579"}],"wp:attachment":[{"href":"https:\/\/travelshelper.com\/cs\/wp-json\/wp\/v2\/media?parent=15595"}],"curies":[{"name":"wp","href":"https:\/\/api.w.org\/{rel}","templated":true}]}}