{"id":15466,"date":"2024-09-21T13:48:07","date_gmt":"2024-09-21T13:48:07","guid":{"rendered":"https:\/\/travelshelper.com\/staging\/?page_id=15466"},"modified":"2026-03-11T21:44:36","modified_gmt":"2026-03-11T21:44:36","slug":"aschabad","status":"publish","type":"page","link":"https:\/\/travelshelper.com\/cs\/destinations\/asia\/turkmenistan\/ashgabat\/","title":{"rendered":"A\u0161chabad"},"content":{"rendered":"<p>A\u0161chabad, le\u017e\u00edc\u00ed na prahu Karakumsk\u00e9 pou\u0161t\u011b a chr\u00e1n\u011bn\u00fd podh\u016f\u0159\u00edm Kopetdagu, se ty\u010d\u00ed z bled\u00e9ho p\u00edsku jako fata morg\u00e1na dan\u00e1 hmotou. V nadmo\u0159sk\u00e9 v\u00fd\u0161ce, kter\u00e1 se pohybuje mezi dv\u011bma sty a dv\u011bma sty pades\u00e1ti p\u011bti metry, le\u017e\u00ed m\u011bsto na sedimentech ulo\u017een\u00fdch starov\u011bk\u00fdm Paratethyssk\u00fdm mo\u0159em, jeho\u017e z\u00e1klady jsou z\u00e1rove\u0148 k\u0159ehk\u00e9 i proslul\u00e9. A\u0161chabad se nach\u00e1z\u00ed necel\u00fdch t\u0159icet kilometr\u016f od hranic s \u00cdr\u00e1nem na o\u00e1zov\u00e9 rovin\u011b n\u00e1chyln\u00e9 k ot\u0159es\u016fm, p\u0159esto odol\u00e1v\u00e1 pohyb\u016fm zem\u011b s odhodlan\u00fdm odhodl\u00e1n\u00edm \u2013 odhodl\u00e1n\u00edm, kter\u00e9 definovalo jeho charakter od chv\u00edle, kdy ru\u0161t\u00ed voj\u00e1ci v roce 1881 poprv\u00e9 nakreslili mapy kmenov\u00e9 vesnice.<\/p>\n<p>Z po\u010d\u00e1tk\u016f skromn\u00e9 \u200b\u200bosady achaltekinsk\u00fdch jurt \u2013 podle prvn\u00edch rusk\u00fdch n\u00e1v\u0161t\u011bvn\u00edk\u016f jich \u017eilo asi \u010dty\u0159i tis\u00edce \u2013 se A\u0161chabad po roce 1881 n\u00e1hle vyvinul v pos\u00e1dkov\u00e9 m\u011bsto s m\u00e9n\u011b ne\u017e t\u0159emi tis\u00edci du\u0161emi, t\u00e9m\u011b\u0159 v\u00fdhradn\u011b rusk\u00e9ho slo\u017een\u00ed. P\u0159\u00edchod Transkaspick\u00e9 \u017eeleznice na p\u0159elomu stolet\u00ed otev\u0159el m\u011bsto migrant\u016fm z Kavkazu, \u00fadol\u00ed Volhy a Persie a b\u011bhem deseti let se jeho populace t\u00e9m\u011b\u0159 zdvojn\u00e1sobila. Do roku 1911 se v jeho ulic\u00edch tla\u010dilo asi \u010dty\u0159icet p\u011bt tis\u00edc obyvatel; v\u011bt\u0161inu tvo\u0159ili etni\u010dt\u00ed Rusov\u00e9, doprov\u00e1zeni Arm\u00e9ny, Per\u0161any a roztrou\u0161en\u00fdmi dal\u0161\u00edmi skupinami. V roce 1924 se osada, tehdy zn\u00e1m\u00e1 pod sov\u011btsk\u00fdm n\u00e1zvem Poltoratsk, stala s\u00eddlem Turkmensk\u00e9 sov\u011btsk\u00e9 socialistick\u00e9 republiky a brzy pot\u00e9 se pod\u00edl Turkmen\u016f v m\u011bstsk\u00fdch hranic\u00edch za\u010dal, by\u0165 postupn\u011b, zvy\u0161ovat, jak sov\u011btsk\u00e1 politika p\u0159etv\u00e1\u0159ela spole\u010dnost. Navzdory t\u011bmto zm\u011bn\u00e1m katastrof\u00e1ln\u00ed zem\u011bt\u0159esen\u00ed v \u0159\u00edjnu 1948 srovnalo s m\u011bstskou z\u00e1stavbou velkou \u010d\u00e1st m\u011bsta, zp\u016fsobilo trag\u00e9dii na a\u0161chabadsk\u00fdch t\u0159\u00edd\u00e1ch a cel\u00e9 \u010dtvrti srovnalo v trosky.<\/p>\n<p>Devastace se v\u0161ak uk\u00e1zala b\u00fdt sotva v\u00edc ne\u017e p\u0159edehrou k regeneraci. V n\u00e1sleduj\u00edc\u00edch desetilet\u00edch vedl sov\u011bty postaven\u00fd Karakumsk\u00fd kan\u00e1l vody Amudarji m\u011bstem od v\u00fdchodu na z\u00e1pad, \u010d\u00edm\u017e se udr\u017eovaly zahrady i nov\u00e9 stavby. Kdy\u017e Turkmenist\u00e1n v roce 1991 dos\u00e1hl nez\u00e1vislosti, prezident Saparmurat Nijazov zah\u00e1jil ambici\u00f3zn\u00ed program m\u011bstsk\u00e9 obnovy. Pod jeho veden\u00edm zahrani\u010dn\u00ed firmy \u2013 zejm\u00e9na francouzsk\u00e1 spole\u010dnost Bouygues a tureck\u00e9 koncerny Polimeks a Gap \u0130n\u015faat \u2013 formovaly architektonick\u00fd idiom zako\u0159en\u011bn\u00fd v \u0159ecko-\u0159\u00edmsk\u00fdch sloupech a persk\u00fdch kopul\u00edch, p\u0159i\u010dem\u017e ka\u017ed\u00fd povrch byl oblo\u017een z\u00e1\u0159iv\u011b b\u00edl\u00fdm mramorem. Cel\u00e9 bulv\u00e1ry se t\u0159pytily na slunci, zat\u00edmco pil\u00ed\u0159e a \u0161t\u00edty ustupovaly monument\u00e1ln\u00edm font\u00e1n\u00e1m a n\u00e1m\u011bst\u00edm, kter\u00e9 byly navr\u017eeny tak, aby ohromily ob\u010dany i diplomaty.<\/p>\n<p>Dnes po\u010det obyvatel A\u0161chabadu p\u0159esahuje jeden milion, p\u0159i\u010dem\u017e Turkmenov\u00e9 tvo\u0159\u00ed v\u00edce ne\u017e t\u0159i \u010dtvrtiny obyvatel. Rusov\u00e9 tvo\u0159\u00ed zhruba deset procent, zat\u00edmco men\u0161\u00ed komunity Uzbek\u016f, \u00c1zerb\u00e1jd\u017e\u00e1nc\u016f, Turk\u016f a dal\u0161\u00edch si udr\u017euj\u00ed sv\u00e9 vlastn\u00ed kulturn\u00ed enkl\u00e1vy. Administrativn\u011b se m\u011bsto d\u011bl\u00ed na \u010dty\u0159i hlavn\u00ed m\u011bstsk\u00e9 \u010d\u00e1sti: Bagty\u00fdarlyk, Berkararlyk, B\u00fczme\u00fdin a K\u00f6petdag. Tyto etraplary pohlcuj\u00ed souhv\u011bzd\u00ed mikrookres\u016f \u2013 o\u010d\u00edslovan\u00fdch sektor\u016f a pojmenovan\u00fdch \u010dtvrt\u00ed, jako je Howdan A, B a W a s\u00e9rie Parahat \u2013 ka\u017ed\u00e1 z nich byla z\u0159\u00edzena za \u00fa\u010delem zefektivn\u011bn\u00ed spr\u00e1vy in\u017een\u00fdrsk\u00fdch s\u00edt\u00ed a bydlen\u00ed, a\u010dkoli bez nez\u00e1visl\u00e9 m\u00edstn\u00ed samospr\u00e1vy. M\u011bn\u00edc\u00ed se hranice t\u011bchto jednotek odr\u00e1\u017eej\u00ed neust\u00e1lou p\u0159estavbu A\u0161chabadu: m\u011bstsk\u00e9 \u010d\u00e1sti, kter\u00e9 kdysi nesly jm\u00e9na Lenina a Nijazova, byly slou\u010deny a p\u0159ejmenov\u00e1ny, zat\u00edmco pl\u00e1ny na p\u00e1tou \u010dtvr\u0165, Altyn etraby, se st\u0159edem v nov\u011b pok\u0159t\u011bn\u00e9 rekrea\u010dn\u00ed z\u00f3n\u011b Zlat\u00e9 jezero, byly ozn\u00e1meny v roce 2020.<\/p>\n<p>Pod jeho t\u0159pytivou fas\u00e1dou se v\u0161ak obnova m\u011bsta skr\u00fdvala i za lidsk\u00e9 ob\u011bti. Demolice kv\u016fli bytov\u00fdm v\u011b\u017e\u00edm s mramorov\u00fdm oblo\u017een\u00edm \u010dasto znamenala odstran\u011bn\u00ed rodinn\u00fdch dom\u016f \u2013 obydl\u00ed znovu postaven\u00fdch po zem\u011bt\u0159esen\u00ed v roce 1948, ale nikdy form\u00e1ln\u011b nezaregistrovan\u00fdch \u2013 a v mnoha p\u0159\u00edpadech byli n\u00e1jemn\u00edci vyst\u011bhov\u00e1ni bez n\u00e1hrady. Oblasti jako Ruhabat a b\u00fdval\u00e9 chatov\u00e9 komunity v Berzengi a \u010coganly zmizely pod buldozery a jejich obyvatel\u00e9 z\u016fstali napospas osudu.<\/p>\n<p>Geograficky se A\u0161chabad nach\u00e1z\u00ed v nehostinn\u00e9m i \u00fachvatn\u00e9m podneb\u00ed. L\u00e9ta jsou spaluj\u00edc\u00ed: \u010dervencov\u00e1 odpoledne b\u011b\u017en\u011b dosahuj\u00ed pr\u016fm\u011brn\u00e9 teploty 38,3 \u00b0C a jen z\u0159\u00eddka p\u0159ekra\u010duj\u00ed 47 \u00b0C. Noci p\u0159in\u00e1\u0161ej\u00ed jen m\u00edrn\u00e9 ochladnut\u00ed s minimy kolem 23,8 \u00b0C. Zimy jsou kr\u00e1tk\u00e9 a chladn\u00e9, rtu\u0165 teploty ob\u010das kles\u00e1 t\u011bsn\u011b pod bod mrazu; historick\u00e9 z\u00e1znamy zaznamen\u00e1vaj\u00ed minimum -24,1 \u00b0C v roce 1969. Sr\u00e1\u017eky sotva naru\u0161uj\u00ed ne\u00faprosn\u00e9 slunce, z\u0159\u00eddka p\u0159ekra\u010duj\u00ed dv\u011b st\u011b milimetr\u016f ro\u010dn\u011b. P\u0159esto v dubnu 2022 m\u011bsto zaznamenalo v\u00edce ne\u017e t\u0159i sta milimetr\u016f sr\u00e1\u017eek, co\u017e p\u0159ekonalo m\u011bs\u00ed\u010dn\u00ed normy a p\u0159ipomn\u011blo obyvatel\u016fm vrto\u0161ivost t\u00e9to roviny lemovan\u00e9 pou\u0161t\u00ed.<\/p>\n<p>Architektura z\u016fst\u00e1v\u00e1 nejv\u00fdrazn\u011bj\u0161\u00edm pozn\u00e1vac\u00edm znamen\u00edm A\u0161chabadu. Po Nijazovov\u011b smrti v roce 2006 ustoupila z\u00e1liba v kupol\u00edch, s v\u00fdjimkou posv\u00e1tn\u00fdch prostor, a ustoupila modernistick\u00fdm motiv\u016fm, kter\u00e9 signalizuj\u00ed funkci budovy. Na Ministerstvu zahrani\u010dn\u00edch v\u011bc\u00ed se ty\u010d\u00ed gl\u00f3bus, jeho\u017e interi\u00e9r slou\u017e\u00ed jako konferen\u010dn\u00ed s\u00e1l; stylizovan\u00e1 mince korunuje Rozvojovou banku; Ministerstvo zdravotnictv\u00ed a zdravotnick\u00e9ho pr\u016fmyslu m\u00e1 tvar \u017eezla; zubn\u00ed nemocnice p\u0159ipom\u00edn\u00e1 nadm\u011brn\u011b velkou stoli\u010dku; a termin\u00e1l mezin\u00e1rodn\u00edho leti\u0161t\u011b A\u0161chabad ve tvaru sokola vzty\u010duje vzh\u016fru a jeho expanze za 2,3 miliardy dolar\u016f je schopna odbavit \u010dtrn\u00e1ct milion\u016f cestuj\u00edc\u00edch ro\u010dn\u011b.<\/p>\n<p>B\u00edl\u00fd mramorov\u00fd pl\u00e1\u0161\u0165 sah\u00e1 a\u017e k televizn\u00ed v\u011b\u017ei, jej\u00ed\u017e osmibok\u00e1 hv\u011bzda Oguzchana \u2013 symbol starov\u011bk\u00e9ho turkick\u00e9ho rodu \u2013 se zapsala do Guinnessovy knihy rekord\u016f jako nejv\u011bt\u0161\u00ed architektonick\u00e1 hv\u011bzda. Ob\u010dansk\u00e9 pam\u00e1tky se mno\u017e\u00ed: od vyhl\u00e1\u0161en\u00ed nez\u00e1vislosti se k soch\u00e1m Lenina a Pu\u0161kina p\u0159ipojily sochy Magtymgulyho Pyragyho, Tarase \u0160ev\u010denka, Alpa Arslana a Mustafy Kemala Atat\u00fcrka. V parc\u00edch, jako je Ylham a komplex VDNH, bd\u00ed nad promen\u00e1dami lemovan\u00fdmi stromy hrdinsk\u00e9 busty. Pozlacen\u00e1 podobizna Nijazova se kdysi ot\u00e1\u010dela na vrcholu Oblouku neutrality a orientovala se sm\u011brem ke slunci, dokud nebyla v roce 2010 za prezidenta Gurbangulyho Berdimuhamedova odstran\u011bna.<\/p>\n<p>Ned\u00e1vn\u00e9 p\u0159\u00edstavby sv\u011bd\u010d\u00ed o pokra\u010duj\u00edc\u00ed st\u00e1tn\u00ed z\u00e1\u0161tit\u011b nad ve\u0159ejn\u00fdm um\u011bn\u00edm. V kv\u011btnu 2015 byla pobl\u00ed\u017e n\u00e1rodn\u00edho stadionu slavnostn\u011b odhalena monument\u00e1ln\u00ed podoba \u00fa\u0159aduj\u00edc\u00edho prezidenta. V roce 2020 se objevily bronzov\u00e9 pam\u00e1tn\u00edky na pam\u00e1tku turkmensk\u00e9ho plemene alabaj a na kruhov\u00fdch n\u00e1m\u011bst\u00edch byl odhalen pam\u00e1tn\u00edk kola. V kv\u011btnu 2024 byla na \u00fapat\u00ed Kopetdagu vzty\u010dena \u0161edes\u00e1timetrov\u00e1 socha Magtymguly Pyragy, b\u00e1sn\u00edka a filozofa z osmn\u00e1ct\u00e9ho stolet\u00ed, jeho\u017e ver\u0161e pulzuj\u00ed turkmensk\u00fdm pov\u011bdom\u00edm. V \u0159\u00edjnu n\u00e1sleduj\u00edc\u00edho roku byla v parku Lachyn um\u00edst\u011bna socha kaza\u0161sk\u00e9ho b\u00e1sn\u00edka Abaje Qunanbayulyho, kter\u00e1 zd\u016fraz\u0148uje nadn\u00e1rodn\u00ed kulturn\u00ed dialog m\u011bsta. V kulturn\u00edm a parkov\u00e9m komplexu Magtymguly Pyragy vzd\u00e1v\u00e1 dvacet \u010dty\u0159i mramorov\u00fdch figur hold osobnostem od Danta a Goetha po Th\u00e1kura a Langstona Hughese, p\u0159i\u010dem\u017e ka\u017ed\u00e1 z nich je zachycena s \u00famyslem evokovat jedine\u010dn\u00e9ho ducha jejich d\u00edla.<\/p>\n<p>Pod velkolepost\u00ed se v\u0161ak skr\u00fdv\u00e1 vzpom\u00ednka. Pam\u011btn\u00ed komplex Bekrewe uct\u00edv\u00e1 ob\u011bti bitvy u Geok Tepe a druh\u00e9 sv\u011btov\u00e9 v\u00e1lky. Na n\u011bm je bronzov\u00fd b\u00fdk nesouc\u00ed zem\u011bkouli \u2013 nar\u00e1\u017eka na zem\u011bt\u0159esen\u00ed z roku 1948 \u2013 a turkmen\u0161t\u00ed v\u00e1le\u010dn\u00edci lemuj\u00edc\u00ed truchl\u00edc\u00ed vdovu. St\u00e1tn\u00ed pam\u011btn\u00ed komplex Halk Hakydasy, otev\u0159en\u00fd v roce 2014, p\u0159ipom\u00edn\u00e1 ob\u011bti konflikt\u016f z konce devaten\u00e1ct\u00e9ho stolet\u00ed, druh\u00e9 sv\u011btov\u00e9 v\u00e1lky a ob\u011bti zem\u011bt\u0159esen\u00ed. Jeho zdi zdob\u00ed basreli\u00e9fn\u00ed v\u00fdjevy z turkmensk\u00e9 historie.<\/p>\n<p>N\u00e1bo\u017eensk\u00e1 architektura sleduje dal\u0161\u00ed vrstvu minulosti A\u0161chabadu. V roce 1908 se m\u011bsto stalo domovem prvn\u00edho bah\u00e1jsk\u00e9ho domu uct\u00edv\u00e1n\u00ed na sv\u011bt\u011b, obklopen\u00e9ho form\u00e1ln\u00edmi zahradami a dopln\u011bn\u00e9ho \u0161kolou, nemocnic\u00ed, penzionem a ubytov\u00e1n\u00edm pro spr\u00e1vce zahrad. Za sov\u011btsk\u00e9 sekularizace byl objekt v roce 1928 opu\u0161t\u011bn a p\u0159em\u011bn\u011bn na um\u011bleckou galerii, dokud jej zem\u011bt\u0159esen\u00ed nenapraviteln\u011b nepo\u0161kodilo; v roce 1963 byl zbo\u0159en. Dnes n\u00e1bo\u017eenskou krajinu tvo\u0159\u00ed me\u0161ity, jako je me\u0161ita T\u00fcrkmenba\u015fy Ruhy, budova \u00c4rtogrul Gazy financovan\u00e1 Tureckem, postaven\u00e1 podle vzoru istanbulsk\u00e9 me\u0161ity sult\u00e1na Ahmeda, a men\u0161\u00ed svatyn\u011b v sousedstv\u00ed. P\u0159etrv\u00e1vaj\u00ed i kostely: p\u011bt k\u0159es\u0165ansk\u00fdch modliteben, v\u010detn\u011b \u010dty\u0159 rusk\u00fdch pravoslavn\u00fdch farnost\u00ed \u2013 svat\u00e9ho Alexandra N\u011bvsk\u00e9ho, svat\u00e9ho Mikul\u00e1\u0161e Divotvorce, Krista Vzk\u0159\u00ed\u0161en\u00ed a svat\u00fdch Cyrila a Metod\u011bje \u2013 a \u0159\u00edmskokatolick\u00e1 kaple v pape\u017esk\u00e9 nunciatu\u0159e, si udr\u017euj\u00ed skromnou k\u0159es\u0165anskou p\u0159\u00edtomnost uprost\u0159ed ofici\u00e1ln\u00edho dohledu nad n\u00e1bo\u017eensk\u00fdmi men\u0161inami.<\/p>\n<p>Kulturn\u00ed \u017eivot se odehr\u00e1v\u00e1 v muze\u00edch a divadlech roztrou\u0161en\u00fdch po mramorov\u00fdch n\u00e1m\u011bst\u00edch. St\u00e1tn\u00ed muzeum St\u00e1tn\u00edho kulturn\u00edho centra Turkmenist\u00e1nu, kter\u00e9 se rozkl\u00e1d\u00e1 na plo\u0161e p\u0159es sto \u0161edes\u00e1t tis\u00edc metr\u016f \u010dtvere\u010dn\u00edch, p\u0159edstavuje sb\u00edrky od parthsk\u00fdch staro\u017eitnost\u00ed a\u017e po modern\u00ed tkan\u00ed koberc\u016f, zat\u00edmco Prezidentsk\u00e9 muzeum dokumentuje dom\u00e1c\u00ed a zahrani\u010dn\u00ed politiku republiky. Muzeum etnografie a m\u00edstn\u00ed historie zkoum\u00e1 turkmenskou fl\u00f3ru a folkl\u00f3r a soukrom\u00e9 iniciativy, jako je ART-bazar, otev\u0159en\u00fd v roce 2024, prezentuj\u00ed sou\u010dasn\u00e1 \u0159emesla. M\u00edsta m\u00fazick\u00fdch um\u011bn\u00ed \u2013 od N\u00e1rodn\u00edho hudebn\u00edho a dramatick\u00e9ho divadla Magtymguly a\u017e po Turkmensk\u00fd st\u00e1tn\u00ed cirkus \u2013 nab\u00edzej\u00ed programy opery, dramatu a loutk\u00e1\u0159stv\u00ed. Kina, v\u010detn\u011b pr\u016fkopnick\u00e9ho trojrozm\u011brn\u00e9ho kina A\u015fgabat, se nach\u00e1zej\u00ed vedle \u0161esti dal\u0161\u00edch prom\u00edtac\u00ed pl\u00e1ten, z nich\u017e n\u011bkter\u00e1 se nach\u00e1zej\u00ed v nov\u00fdch n\u00e1kupn\u00edch komplexech. St\u00e1tn\u00ed knihovna, zalo\u017een\u00e1 v roce 1892 a kter\u00e1 z\u00edskala n\u00e1rodn\u00ed status v roce 1992, uchov\u00e1v\u00e1 p\u0159es \u0161est milion\u016f svazk\u016f; St\u00e1tn\u00ed d\u011btsk\u00e1 knihovna se \u010dtvrt milionem polo\u017eek vychov\u00e1v\u00e1 mlad\u00e9 \u010dten\u00e1\u0159e.<\/p>\n<p>Park nab\u00edz\u00ed odpo\u010dinek od mramoru a dopravy. Botanick\u00e1 zahrada, zalo\u017een\u00e1 v roce 1929 a nejstar\u0161\u00ed sv\u00e9ho druhu ve St\u0159edn\u00ed Asii, se rozkl\u00e1d\u00e1 na osmn\u00e1cti hektarech a ukr\u00fdv\u00e1 v\u00edce ne\u017e p\u011bt set druh\u016f rostlin. Prvn\u00ed park \u2013 A\u0161chabadsk\u00fd park \u2013 poch\u00e1z\u00ed z roku 1887 a dodnes je m\u00edstem pro rodinn\u00e9 v\u00fdlety, zat\u00edmco dal\u0161\u00ed zelen\u00e9 plochy, jako je G\u00fcne\u015f, Park turkmensko-tureck\u00e9ho p\u0159\u00e1telstv\u00ed a Park nez\u00e1vislosti, odr\u00e1\u017eej\u00ed diplomatick\u00e9 vazby. Um\u011bl\u00e1 promen\u00e1da u Zlat\u00e9ho jezera slibuje voln\u00fd \u010das a vodn\u00ed sporty. Z\u00e1bavn\u00ed park Sv\u011bt Turkmenba\u0161iho p\u0159\u00edb\u011bh\u016f s atrakcemi navr\u017een\u00fdmi ve st\u00e1tn\u00edm stylu nab\u00edz\u00ed m\u00edstn\u00ed variantu mezin\u00e1rodn\u00ed z\u00e1bavy.<\/p>\n<p>Pod t\u011bmito vrstvami infrastruktury se A\u0161chabad pro cizince pot\u00fdk\u00e1 s n\u00e1kladnou realitou. Pr\u016fzkumy z let 2019 a 2020 jej za\u0159adily na prvn\u00ed m\u00edsto mezi nejdra\u017e\u0161\u00ed m\u011bsta sv\u011bta pro cizince a na druh\u00e9 nejdra\u017e\u0161\u00ed m\u011bsto celkov\u011b, co\u017e je d\u016fsledek siln\u00e9 inflace a vysok\u00fdch dovozn\u00edch poplatk\u016f. Doprava ve m\u011bst\u011b kombinuje autobusy \u2013 p\u0159es sedm set vozidel obsluhuj\u00edc\u00edch s\u00ed\u0165 p\u0159esahuj\u00edc\u00ed dva tis\u00edce kilometr\u016f tras \u2013 s tax\u00edky, kter\u00e9 se vyzna\u010duj\u00ed mal\u00fdmi zelen\u00fdmi cedulemi na st\u0159ech\u00e1ch. Jednokolejn\u00e1 dr\u00e1ha v olympijsk\u00e9 vesnici, otev\u0159en\u00e1 v roce 2016, je prvn\u00ed ve St\u0159edn\u00ed Asii, zat\u00edmco lanovky spojuj\u00ed m\u011bstsk\u00e9 dopravn\u00ed tepny s podh\u016f\u0159\u00edm Kopetdagu. Za hranicemi m\u011bsta spojuje A\u0161chabad s Ted\u017eenem, Mary a Turkmenabatem a d\u00e1le se sousedn\u00edmi st\u00e1ty \u0161est set kilometr\u016f d\u00e1lnic, zat\u00edmco obnoven\u00e1 \u017eelezni\u010dn\u00ed stanice je kotvou pro d\u00e1lkov\u00e9 trasy na Transkaspick\u00e9 a Transkarakumsk\u00e9 trati.<\/p>\n<p>N\u00e1zev A\u0161chabadu se s ka\u017edou \u00e9rou m\u011bnil: kdysi \u201eM\u011bsto l\u00e1sky\u201c, nyn\u00ed b\u011b\u017en\u011b naz\u00fdvan\u00e9 \u201eM\u011bsto b\u00edl\u00e9ho mramoru\u201c. Zde vize jednoho mu\u017ee \u2013 nejprve koloni\u00e1ln\u00edch spr\u00e1vc\u016f, pot\u00e9 sov\u011btsk\u00e9 republiky a nakonec nez\u00e1visl\u00e9ho st\u00e1tu \u2013 formovala ka\u017ed\u00e9 n\u00e1m\u011bst\u00ed a fas\u00e1du. N\u00e1v\u0161t\u011bvn\u00edci p\u0159ij\u00ed\u017ed\u011bj\u00edc\u00ed k mramorem oblo\u017een\u00fdm termin\u00e1l\u016fm se mohou c\u00edtit, jako by vstoupili do jin\u00e9ho sv\u011bta, kde vl\u00e1dne symetrie a m\u011b\u0159\u00edtko a kde ka\u017ed\u00fd sloup, kopule a monument vyjedn\u00e1v\u00e1 mezi t\u00edhou historie a tichem pou\u0161t\u011b. V tomto nap\u011bt\u00ed spo\u010d\u00edv\u00e1 podstata A\u0161chabadu: z\u00e1rove\u0148 k\u0159ehk\u00fd a nezdoln\u00fd, hlavn\u00ed m\u011bsto vytesan\u00e9 z p\u00edsku a p\u0159esv\u011bd\u010den\u00ed, neust\u00e1le balancuj\u00edc\u00ed mezi mihot\u00e1n\u00edm zem\u011b a z\u00e1\u0159\u00ed ambic\u00ed.<\/p>","protected":false},"excerpt":{"rendered":"<p>A\u0161chabad, hlavn\u00ed a nejlidnat\u011bj\u0161\u00ed m\u011bsto Turkmenist\u00e1nu, je p\u0159\u00edkladem jedine\u010dn\u00e9ho spojen\u00ed historie a modernosti t\u00e9to zem\u011b. Toto st\u0159edoasijsk\u00e9 m\u011bsto, kter\u00e9 podle s\u010d\u00edt\u00e1n\u00ed v roce 2022 zahrnuje 1 030 063 lid\u00ed, le\u017e\u00ed mezi pou\u0161t\u00ed Karakum a poho\u0159\u00edm Kopetdag, asi 50 kilometr\u016f od \u00edr\u00e1nsko-turkmenist\u00e1nsk\u00e9 hranice. Jako politick\u00e9, obchodn\u00ed a kulturn\u00ed centrum slou\u017e\u00ed A\u0161chabad jako srdce Turkmenist\u00e1nu.<\/p>","protected":false},"author":1,"featured_media":3617,"parent":15457,"menu_order":0,"comment_status":"closed","ping_status":"closed","template":"elementor_theme","meta":{"_eb_attr":"","footnotes":""},"class_list":["post-15466","page","type-page","status-publish","has-post-thumbnail"],"_links":{"self":[{"href":"https:\/\/travelshelper.com\/cs\/wp-json\/wp\/v2\/pages\/15466","targetHints":{"allow":["GET"]}}],"collection":[{"href":"https:\/\/travelshelper.com\/cs\/wp-json\/wp\/v2\/pages"}],"about":[{"href":"https:\/\/travelshelper.com\/cs\/wp-json\/wp\/v2\/types\/page"}],"author":[{"embeddable":true,"href":"https:\/\/travelshelper.com\/cs\/wp-json\/wp\/v2\/users\/1"}],"replies":[{"embeddable":true,"href":"https:\/\/travelshelper.com\/cs\/wp-json\/wp\/v2\/comments?post=15466"}],"version-history":[{"count":0,"href":"https:\/\/travelshelper.com\/cs\/wp-json\/wp\/v2\/pages\/15466\/revisions"}],"up":[{"embeddable":true,"href":"https:\/\/travelshelper.com\/cs\/wp-json\/wp\/v2\/pages\/15457"}],"wp:featuredmedia":[{"embeddable":true,"href":"https:\/\/travelshelper.com\/cs\/wp-json\/wp\/v2\/media\/3617"}],"wp:attachment":[{"href":"https:\/\/travelshelper.com\/cs\/wp-json\/wp\/v2\/media?parent=15466"}],"curies":[{"name":"wp","href":"https:\/\/api.w.org\/{rel}","templated":true}]}}