{"id":15439,"date":"2024-09-21T09:51:32","date_gmt":"2024-09-21T09:51:32","guid":{"rendered":"https:\/\/travelshelper.com\/staging\/?page_id=15439"},"modified":"2026-03-11T21:53:07","modified_gmt":"2026-03-11T21:53:07","slug":"sana","status":"publish","type":"page","link":"https:\/\/travelshelper.com\/cs\/destinations\/asia\/yemen\/sanaa\/","title":{"rendered":"San\u00e1"},"content":{"rendered":"<p>V nadmo\u0159sk\u00e9 v\u00fd\u0161ce p\u0159ibli\u017en\u011b 2 300 metr\u016f vynik\u00e1 San&#039;\u00e1 mezi sv\u011btov\u00fdmi hlavn\u00edmi m\u011bsty. Zahaleno do tenk\u00e9ho z\u00e1voje horsk\u00e9 mlhy za \u00fasvitu a or\u00e1mov\u00e1no dramatick\u00fdmi siluetami D\u017eabal An-Nabi \u0160u&#039;ajb a D\u017eabal Tijal, nebud\u00ed pozornost ok\u00e1zalost\u00ed, ale tichou p\u0159\u00edtomnost\u00ed. M\u011bsto, ofici\u00e1ln\u011b ozna\u010dovan\u00e9 jako Municipality San&#039;\u00e1, je de iure hlavn\u00edm m\u011bstem Jemenu a jeho nejlidnat\u011bj\u0161\u00edm m\u011bstsk\u00fdm centrem s n\u011bco m\u00e1lo p\u0159es 3,29 miliony obyvatel (v roce 2023). S\u00eddlo vl\u00e1dy se v\u0161ak nyn\u00ed nach\u00e1z\u00ed v Adenu, pot\u00e9, co H\u00fat\u00edov\u00e9 na konci roku 2014 p\u0159evzali San&#039;\u00e1 a n\u00e1sledn\u011b byl Aden v b\u0159eznu 2015 prohl\u00e1\u0161en za do\u010dasn\u00e9 hlavn\u00ed m\u011bsto. Navzdory tomuto posunu \u00fastava potvrzuje prim\u00e1t San&#039;\u00e1 a jeho n\u00e1zev z\u016fst\u00e1v\u00e1 pevn\u011b zako\u0159en\u011bn v identit\u011b Jemenu.<\/p>\n<p>Sanaa se rozkl\u00e1d\u00e1 na rozlehl\u00e9 horsk\u00e9 rovin\u011b, zn\u00e1m\u00e9 m\u00edstn\u011b jako Hakl Sanaa. Tato plo\u0161ina se t\u00e1hne pades\u00e1t a\u017e \u0161edes\u00e1t kilometr\u016f od severu k jihu a a\u017e dvacet p\u011bt kilometr\u016f od v\u00fdchodu na z\u00e1pad a je lemov\u00e1na \u00fatesy a h\u0159ebeny, kter\u00fdmi se sva\u017euj\u00ed sez\u00f3nn\u00ed v\u00e1d\u00ed. V\u00e1d\u00ed al-Kharid odvod\u0148uje velkou \u010d\u00e1st severn\u00ed \u010d\u00e1sti a sm\u011b\u0159uje sv\u00e9 vody k al-D\u017eaufu, zat\u00edmco ji\u017en\u00ed \u010d\u00e1st se rozkl\u00e1d\u00e1 nad povod\u00edm, kter\u00e9 nap\u00e1j\u00ed jak al-Kharid, tak i v\u00e1d\u00ed Siham, kter\u00e9 te\u010de sm\u011brem k n\u00ed\u017ein\u00e1m Tihamy u Rud\u00e9ho mo\u0159e. V neju\u017e\u0161\u00edm m\u00edst\u011b m\u011bsta se asi p\u011bt set metr\u016f na v\u00fdchod ty\u010d\u00ed D\u017eabal Nuqum, jeho\u017e svahy kdysi slou\u017eily jako \u017eelez\u00e1\u0159sk\u00e9 a onyxov\u00e9 lomy, kter\u00e9 zdokumentoval geograf al-Hamdani z 10. stolet\u00ed. Na z\u00e1pad\u011b se ty\u010d\u00ed v\u00fdstup na nejvy\u0161\u0161\u00ed vrchol Jemenu \u2013 D\u017eabal An-Nabi \u0160u&#039;ajb \u2013 jeho\u017e vrchol je od m\u011bsta vzd\u00e1len pouh\u00fdch \u0161estn\u00e1ct mil a je tich\u00fdm str\u00e1\u017ecem stalet\u00ed \u017eivota pod m\u011bstem.<\/p>\n<p>R\u016fst San\u00e1 je formov\u00e1n touto topografi\u00ed. M\u011bsto, ohrani\u010den\u00e9 na v\u00fdchod a z\u00e1pad, se t\u00e1hne p\u0159ev\u00e1\u017en\u011b pod\u00e9l severoji\u017en\u00ed osy. Jeho expanze ve dvac\u00e1t\u00e9m stolet\u00ed byla poh\u00e1n\u011bna migrac\u00ed z venkova a jeho jmenov\u00e1n\u00edm hlavn\u00edm m\u011bstem republiky v 60. letech 20. stolet\u00ed. Vznikly dv\u011b odli\u0161n\u00e9 m\u011bstsk\u00e9 struktury: kompaktn\u00ed Star\u00e9 M\u011bsto, neboli al-K\u00e1d\u00edma, a rozlehl\u00e9 nov\u011bj\u0161\u00ed \u010dtvrti, souhrnn\u011b ozna\u010dovan\u00e9 jako al-D\u017ead\u00edd. Star\u00e9 M\u011bsto, zapsan\u00e9 na seznam sv\u011btov\u00e9ho d\u011bdictv\u00ed UNESCO v roce 1986, si zachov\u00e1v\u00e1 v\u00edce ne\u017e dvacet \u0161est stolet\u00ed nep\u0159etr\u017eit\u00e9ho os\u00eddlen\u00ed a py\u0161n\u00ed se v\u00edce ne\u017e 100 me\u0161itami, dvan\u00e1cti tradi\u010dn\u00edmi hammamy a p\u0159ibli\u017en\u011b 6 500 bytov\u00fdmi jednotkami. Jeho charakteristick\u00fdm prvkem \u2013 v\u011b\u017eov\u00e9 domy a\u017e o osmi patrech, postaven\u00e9 z m\u00edstn\u00edho kamene a p\u00e1len\u00fdch cihel \u2013 je zv\u00fdrazn\u011bn jemnou s\u00e1drovou v\u00fdzdobou a ikonick\u00fdmi vitr\u00e1\u017eov\u00fdmi okny \u201eqamariya\u201c. Tato obydl\u00ed kdysi slou\u017eila jako \u00fato\u010di\u0161t\u011b pro po\u010detn\u00e9 rodiny, p\u0159id\u00e1vala patra, kdy\u017e se synov\u00e9 \u017eenili, a st\u0159e\u0161n\u00ed terasy se prom\u011b\u0148ovaly v odpoledn\u00ed p\u0159ij\u00edmac\u00ed m\u00edstnosti \u2013 mafrad\u017e \u2013 kde se ti\u0161e odv\u00edjely katov\u00e9 sch\u016fze.<\/p>\n<p>Za starobyl\u00fdmi hradbami sv\u011bd\u010d\u00ed nov\u011bj\u0161\u00ed \u010dtvrti m\u011bsta o rychl\u00e9 urbanizaci a vyv\u00edjej\u00edc\u00edm se architektonick\u00e9m vkusu. Na jihu a z\u00e1pad\u011b nab\u00edzej\u00ed n\u00edzk\u00e9 \u201enov\u00e9 vily\u201c s oplocen\u00fdmi zahradami odpo\u010dinek od hust\u00fdch ulic, zat\u00edmco \u017eelezobetonov\u00e9 domy v \u201eegyptsk\u00e9m\u201c stylu se ty\u010d\u00ed uprost\u0159ed severn\u00edch a v\u00fdchodn\u00edch p\u0159edm\u011bst\u00ed. P\u0159esto i zde p\u0159etrv\u00e1v\u00e1 kouzlo tradice: \u201eneotradi\u010dn\u00ed\u201c v\u011b\u017eov\u00e9 domy, postaven\u00e9 z betonov\u00fdch blok\u016f a rozmarn\u011b oblo\u017een\u00e9 cihlami a kamenem, odr\u00e1\u017eej\u00ed vertikalitu a ornamentiku Star\u00e9ho M\u011bsta. Tyto hybridy k\u00fdvaj\u00ed na minulost, i kdy\u017e p\u0159izp\u016fsobuj\u00ed se sou\u010dasn\u00fdm pot\u0159eb\u00e1m.<\/p>\n<p>V t\u00e9to mozaice vynik\u00e1 n\u011bkolik \u010dtvrt\u00ed. Al-Tahrir, koncipovan\u00fd v 60. letech 20. stolet\u00ed jako ob\u010dansk\u00e9 a obchodn\u00ed srdce m\u011bsta, nyn\u00ed funguje p\u0159edev\u0161\u00edm jako centrum pro ve\u0159ejn\u00e1 shrom\u00e1\u017ed\u011bn\u00ed a voln\u00fd \u010das. Bi&#039;r al-Azab, kdysi zn\u00e1m\u00fd jako Tureck\u00e1 \u010dtvr\u0165 a pozd\u011bji \u017didovsk\u00e1 \u010dtvr\u0165 po n\u00e1vratu exulant\u016f na konci 17. stolet\u00ed, se vyvinul v diplomatickou a administrativn\u00ed oblast, kde s\u00eddl\u00ed ambas\u00e1dy, kancel\u00e1\u0159 premi\u00e9ra a poslaneck\u00e1 sn\u011bmovna. Mezi dv\u011bma san\u00e1jsk\u00fdmi okruhy \u2013 vnit\u0159n\u00edm okruhem a Sittinem \u2013 se nach\u00e1zej\u00ed hust\u00e9 s\u00fakov\u00e9 koridory al-Hasabah, Shumayla a Hayil, kde obchodn\u00edci pod st\u0159\u00ed\u0161kami ru\u0161n\u00fdch pas\u00e1\u017e\u00ed prod\u00e1vaj\u00ed ko\u0159en\u00ed, textil a m\u011bd\u011bn\u00e9 zbo\u017e\u00ed. Na jihoz\u00e1pad\u011b l\u00e1k\u00e1 bulv\u00e1r Haddah ty, kte\u0159\u00ed hledaj\u00ed spolehliv\u011bj\u0161\u00ed in\u017een\u00fdrsk\u00e9 s\u00edt\u011b, a od 90. let 20. stolet\u00ed inspiruje vzestup v\u00fd\u0161kov\u00fdch byt\u016f.<\/p>\n<p>Klimaticky zauj\u00edm\u00e1 San&#039;\u00e1 mezi arabsk\u00fdmi m\u011bsty v\u00fdklenek. Je klasifikov\u00e1no jako m\u011bsto s chladn\u00fdm pou\u0161tn\u00edm podneb\u00edm a ro\u010dn\u011b zde spadne p\u0159ibli\u017en\u011b 265 milimetr\u016f sr\u00e1\u017eek \u2013 sotva tolik, aby se vyhloubily v\u00e1pencov\u00e9 kopce, ale z\u00e1rove\u0148 to sta\u010d\u00ed k udr\u017een\u00ed terasovit\u00fdch zahrad a mal\u00fdch farem v okoln\u00edch kopc\u00edch. Teploty v pr\u016fb\u011bhu roku kol\u00edsaj\u00ed jen m\u00e1lo; lednov\u00e1 chladn\u00e1 r\u00e1na ustupuj\u00ed p\u0159\u00edjemn\u00fdm dn\u016fm, zat\u00edmco \u010dervencov\u00e9 teplo je m\u00edrn\u011bno ve\u010dern\u00edm v\u00e1nkem. Nadmo\u0159sk\u00e1 v\u00fd\u0161ka m\u011bsta v\u0161ak zesiluje slune\u010dn\u00ed z\u00e1\u0159en\u00ed: i b\u011bhem \u201echladn\u00e9ho\u201c obdob\u00ed jsou ultrafialov\u00e9 paprsky v\u00fdrazn\u011b siln\u011bj\u0161\u00ed ne\u017e v n\u00ed\u017ee polo\u017een\u00fdch oblastech na severu.<\/p>\n<p>Demograficky je p\u0159\u00edb\u011bh San\u00e1 p\u0159\u00edb\u011bhem ml\u00e1d\u00ed a rozmanitosti. T\u00e9m\u011b\u0159 \u0161edes\u00e1t procent obyvatel guvernor\u00e1tu Amanat al-Asimah je mlad\u0161\u00edch osmn\u00e1cti let a mu\u017ei m\u00edrn\u011b p\u0159evy\u0161uj\u00ed po\u010det \u017een v pom\u011bru 1,10 ku jedn\u00e9. V\u011bt\u0161ina obyvatel vyzn\u00e1v\u00e1 zajd\u00edjsk\u00fd isl\u00e1m, zat\u00edmco sunnitsk\u00e9 a ism\u00e1\u00edl\u00edtsk\u00e9 men\u0161iny jsou viditeln\u011bj\u0161\u00ed v nov\u011bj\u0161\u00edch p\u0159edm\u011bst\u00edch \u2013 co\u017e odr\u00e1\u017e\u00ed vzorce vnit\u0159n\u00ed migrace z jemensk\u00e9ho venkova. Od 60. let 20. stolet\u00ed se m\u011bstsk\u00e1 populace zvy\u0161ovala ro\u010dn\u00edm tempem zhruba sedm procent, co\u017e p\u0159ekon\u00e1v\u00e1 celost\u00e1tn\u00ed pr\u016fm\u011br 3,2 procenta.<\/p>\n<p>Z ekonomick\u00e9ho hlediska m\u011bsto funguje jako hlavn\u00ed motor obchodu a spr\u00e1vy Jemenu. T\u00e9m\u011b\u0159 \u010dty\u0159icet procent pracovn\u00ed s\u00edly je zam\u011bstn\u00e1no ve ve\u0159ejn\u00e9m sektoru a zna\u010dn\u00e1 neform\u00e1ln\u00ed ekonomika \u2013 odhadovan\u00e1 na 32 procent zam\u011bstnanosti v nevl\u00e1dn\u00edm sektoru \u2013 vzkv\u00e9t\u00e1 v bazarech a postrann\u00edch ulic\u00edch. Dominuje drobn\u00fd obchod a slu\u017eby, kter\u00e9 v roce 2004 p\u0159edstavovaly t\u00e9m\u011b\u0159 59 procent podnik\u016f a v\u00edce ne\u017e 31 procent pracovn\u00edch m\u00edst. V\u0161eobecn\u00e1 administrativa, a\u010dkoli zastoupen\u00e1 men\u0161\u00edm po\u010dtem podnik\u016f, zam\u011bstn\u00e1v\u00e1 18 procent pracovn\u00ed s\u00edly. Na t\u0159et\u00edm m\u00edst\u011b je zpracovatelsk\u00fd pr\u016fmysl s p\u0159ibli\u017en\u011b 12 procenty podnik\u016f a pracovn\u00edch m\u00edst. Hotely a restaurace si zde udr\u017euj\u00ed vy\u0161\u0161\u00ed koncentraci ne\u017e jinde v Jemenu a slou\u017e\u00ed diplomat\u016fm, humanit\u00e1rn\u00edm pracovn\u00edk\u016fm a n\u011bkolika m\u00e1lo dobrodru\u017en\u00fdm cestovatel\u016fm, kte\u0159\u00ed se vyrovn\u00e1vaj\u00ed s bezpe\u010dnostn\u00edmi omezen\u00edmi.<\/p>\n<p>Doprava v San\u00e1 je zar\u00e1mov\u00e1na ostr\u00fdmi kontrasty. Form\u00e1ln\u011b investovan\u00e1 silni\u010dn\u00ed s\u00ed\u0165 m\u011bsta, organizovan\u00e1 kolem dvou okruh\u016f a \u0159ady severoji\u017en\u00edch tepen, nese hlavn\u00ed t\u00edhu dopravn\u00edch z\u00e1cp. V ulic\u00edch jezd\u00ed t\u0159icet t\u0159i tis\u00edc tax\u00edk\u016f, ale mezi jednotliv\u00fdmi j\u00edzdami \u010dasto jezd\u00ed pr\u00e1zdn\u00e9, co\u017e p\u0159isp\u00edv\u00e1 k dopravn\u00edm z\u00e1cp\u00e1m a zv\u00fd\u0161en\u00e9 \u00farovni zne\u010di\u0161t\u011bn\u00ed. San\u00e1, uzav\u0159en\u00e1 v horsk\u00e9 kotlin\u011b, za\u017e\u00edv\u00e1 tepeln\u00e9 inverze, kter\u00e9 zachycuj\u00ed \u010d\u00e1stice, tak\u017ee kvalita ovzdu\u0161\u00ed je srovnateln\u00e1 s jin\u00fdmi vysokohorsk\u00fdmi \u201em\u00edsjemi\u201c, jako je Mexico City. Ve\u0159ejn\u00e1 doprava je p\u0159ev\u00e1\u017en\u011b neform\u00e1ln\u00ed: soukrom\u00e9 mikrobusy (dababy), minibusy (nuss-bus) a tax\u00edky tvo\u0159\u00ed v\u011bt\u0161inu denn\u00edch doj\u00ed\u017ed\u011bn\u00ed. V roce 2005 m\u011bsto obsluhovalo odhadem 4 000 a\u017e 7 000 dabab\u016f, 5 500 a\u017e 7 300 minibus\u016f a 33 000 tax\u00edk\u016f. Mu\u017ei se \u010dast\u011bji spol\u00e9haj\u00ed na ve\u0159ejn\u00e1 vozidla, zat\u00edmco \u017eeny chod\u00ed sp\u00ed\u0161e p\u011b\u0161ky; kola a motocykly hraj\u00ed minim\u00e1ln\u00ed roli. Absence pevn\u00fdch j\u00edzdn\u00edch \u0159\u00e1d\u016f nut\u00ed cestuj\u00edc\u00ed k \u010dast\u00e9mu p\u0159estupov\u00e1n\u00ed na del\u0161\u00ed trasy a nepravideln\u00e1 doprava m\u016f\u017ee nechat cestuj\u00edc\u00ed \u010dekat a nemaj\u00ed mo\u017enost se odvolat.<\/p>\n<p>Mezin\u00e1rodn\u00ed leti\u0161t\u011b v San\u00e1 kdysi odbavovalo osmdes\u00e1t procent jemensk\u00fdch leteck\u00fdch cestuj\u00edc\u00edch; dnes je v\u0161ak po \u0161kod\u00e1ch zp\u016fsoben\u00fdch konfliktem uzav\u0159eno pro komer\u010dn\u00ed lety. Leti\u0161t\u011b, uzav\u0159en\u00e9 od srpna 2016 a poni\u010den\u00e9 leteck\u00fdm \u00fatokem na jeho \u0159\u00edd\u00edc\u00ed v\u011b\u017e z 26. prosince 2024, p\u0159e\u017e\u00edv\u00e1 v dezol\u00e1tn\u00edm stavu a je otev\u0159en\u00e9 pouze humanit\u00e1rn\u00edm let\u016fm. Pl\u00e1ny na nov\u00e9 leti\u0161t\u011b, kter\u00e9 byly zah\u00e1jeny v roce 2008, byly od roku 2011 odlo\u017eeny. Yemenia, n\u00e1rodn\u00ed leteck\u00e1 spole\u010dnost se s\u00eddlem v San\u00e1, p\u0159etrv\u00e1v\u00e1 i p\u0159es tato omezen\u00ed a jej\u00ed provoz je, pokud mo\u017eno, omezen na region\u00e1ln\u00ed charterov\u00e9 lety.<\/p>\n<p>Cesta do San&#039;\u00e1 v\u00e1s l\u00e1k\u00e1 k pono\u0159en\u00ed se do sv\u011bta, kde \u010das plyne sv\u00fdm vlastn\u00edm tempem. V jak\u00e9koli kav\u00e1rn\u011b na ulici m\u016f\u017eete pozorovat \u017ev\u00fdk\u00e1n\u00ed qatu: odpoledn\u00ed setk\u00e1n\u00ed, p\u0159i kter\u00fdch p\u0159\u00e1tel\u00e9 a kolegov\u00e9 bez sp\u011bchu p\u0159em\u00fd\u0161lej\u00ed o m\u00edrn\u00fdch stimulantech a konverzaci. Pro mnoho mu\u017e\u016f jsou listy nezbytn\u00fdm ritu\u00e1lem a a\u010dkoli potla\u010duj\u00ed chu\u0165 k j\u00eddlu a naru\u0161uj\u00ed sp\u00e1nek, z\u016fst\u00e1vaj\u00ed hluboce zako\u0159en\u011bny ve spole\u010densk\u00fdch zvyklostech. Cizinci se mohou z\u00fa\u010dastnit za m\u00edrnou cenu \u2013 \u010dasto pod p\u011bt americk\u00fdch dolar\u016f za jedno sezen\u00ed \u2013 ale p\u0159i dal\u0161\u00ed cest\u011b by m\u011bli m\u00edt na pam\u011bti z\u00e1konn\u00e1 omezen\u00ed.<\/p>\n<p>P\u0159i prozkoum\u00e1v\u00e1n\u00ed Star\u00e9ho M\u011bsta n\u00e1v\u0161t\u011bvn\u00edci proch\u00e1zej\u00ed pod tis\u00edc let starou katedr\u00e1lou Bab al-Yaman, jej\u00ed\u017e vy\u0159ez\u00e1van\u00e9 d\u0159ev\u011bn\u00e9 dve\u0159e se st\u00e1le houpaj\u00ed na starobyl\u00fdch z\u00e1vor\u00e1ch. Uvnit\u0159 se nach\u00e1z\u00ed tr\u017enice Souk al-Milh, kter\u00e1 nab\u00edz\u00ed s\u016fl spolu s ko\u0159en\u00edm, rozinkami a ru\u010dn\u011b vyr\u00e1b\u011bnou keramikou. V srdci \u010dtvrti stoj\u00ed me\u0161ita D\u017e\u00e1m\u00ed al-Kab\u00edr ze 7. stolet\u00ed \u2013 pravd\u011bpodobn\u011b jedna z nejstar\u0161\u00edch dochovan\u00fdch me\u0161it na sv\u011bt\u011b \u2013 a v jej\u00edch archivech byly nalezeny fragmenty p\u016fvodn\u00edch rukopis\u016f Kor\u00e1nu. Nedaleko se nach\u00e1z\u00ed N\u00e1rodn\u00ed muzeum, kter\u00e9 s\u00eddl\u00ed v zrestaurovan\u00e9m kr\u00e1lovsk\u00e9m pal\u00e1ci a jeho\u017e galerie sleduj\u00ed jemenskou historii od prav\u011bku a\u017e po osmanskou nadvl\u00e1du, zat\u00edmco sousedn\u00ed Vojensk\u00e9 muzeum vystavuje v\u00fdzbroj a uniformy pod mihotav\u00fdmi arabsk\u00fdmi \u0161t\u00edtky a hrstkou anglick\u00fdch popisk\u016f venku.<\/p>\n<p>Za hradbami vede kr\u00e1tk\u00fd v\u00fdlet do zelen\u00e9ho \u00fadol\u00ed V\u00e1d\u00ed Dh\u00e1r, kde se terasovit\u00e1 pole dr\u017e\u00ed svah\u016f a skaln\u00ed pal\u00e1c im\u00e1ma stoj\u00ed vytesan\u00fd do v\u00e1pence. Tato souhra hl\u00edny a zdiva nab\u00edz\u00ed ostr\u00fd kontrapunkt k hust\u011b zastav\u011bn\u00fdm \u010dtvrt\u00edm m\u011bsta. Zp\u00e1tky uvnit\u0159 hradeb \u0159emesln\u00edci pokra\u010duj\u00ed v \u00factyhodn\u00fdch \u0159emeslech \u2013 st\u0159\u00edbro\u0159ezb\u011b, rytin\u011b m\u011bdi a \u0159ezb\u00e1\u0159stv\u00ed polodrahokam\u016f \u2013 a\u010dkoli doba mechanizovan\u00e9ho pr\u016fmyslu je jen vzd\u00e1lenou vzpom\u00ednkou. V d\u0159\u00edv\u011bj\u0161\u00edch stolet\u00edch se v dolech na bl\u00edzk\u00fdch svaz\u00edch t\u011b\u017eil onyx, chalcedon a karneol a brit\u0161t\u00ed pozorovatel\u00e9 kdysi chv\u00e1lili san\u00e1jsk\u00e9 kov\u00e1\u0159stv\u00ed jako \u201eslavn\u00e9\u201c, i kdy\u017e na\u0159\u00edkali nad jeho postupn\u00fdm \u00fapadkem.<\/p>\n<p>Pro ty, kte\u0159\u00ed si cht\u011bj\u00ed dom\u016f odn\u00e9st kousek jemensk\u00e9ho d\u011bdictv\u00ed, je nakupov\u00e1n\u00ed v San\u00e1 cvi\u010den\u00edm trp\u011blivosti i taktu. O\u010dek\u00e1v\u00e1 se smlouv\u00e1n\u00ed; ceny mohou b\u00fdt uv\u00e1d\u011bny v rialech, dolarech nebo eurech, p\u0159i\u010dem\u017e ka\u017ed\u00e1 m\u011bna je akceptov\u00e1na dle uv\u00e1\u017een\u00ed prod\u00e1vaj\u00edc\u00edho. Zvl\u00e1\u0161tn\u00ed pozornost si zaslou\u017e\u00ed jambiya \u2013 zak\u0159iven\u00e1 d\u00fdka, kterou nos\u00ed m\u00edstn\u00ed mu\u017ei. Kupuj\u00edc\u00ed by si m\u011bli v\u0161imnout, \u017ee tyto \u010depele, jejich\u017e rukojeti jsou tradi\u010dn\u011b vy\u0159ez\u00e1van\u00e9 z rohoviny nebo slonoviny, a\u010dkoli dnes \u010dasto ze d\u0159eva nebo jantaru, dopl\u0148uj\u00ed pouzdra ze st\u0159\u00edbra nebo obecn\u00e9ho kovu a ru\u010dn\u011b \u0161it\u00e9 ko\u017een\u00e9 opasky. Jako leh\u010d\u00ed suven\u00fdr se hojn\u011b vyr\u00e1b\u011bj\u00ed bro\u017ee a p\u0159\u00edv\u011bsky ve tvaru miniaturn\u00ed jambiya, stejn\u011b jako n\u00e1hrdeln\u00edky zdoben\u00e9 \u00fadajn\u00fdm lapis lazuli a dal\u0161\u00edmi kameny \u2013 jejich\u017e pravost je z\u0159\u00eddka zaru\u010dena.<\/p>\n<p>Ve\u010der, kdy\u017e se st\u00edny prodlu\u017euj\u00ed po terakotov\u00fdch st\u0159ech\u00e1ch, odhaluje San&#039;a svou pravou podobu: \u017eivouc\u00ed tapiserii horsk\u00e9ho vzduchu a hlin\u011bn\u00fdch zd\u00ed, modlitebn\u00edch vol\u00e1n\u00ed a d\u011btsk\u00e9ho sm\u00edchu, obchodn\u00edk\u016f smlouvaj\u00edc\u00edch pod d\u0159ev\u011bn\u00fdmi p\u0159eklady. Zde ti\u0161e vyjedn\u00e1vaj\u00ed modernita a tradice. Neklidn\u00e9 obyvatelstvo m\u011bsta se st\u00e1le roz\u0161i\u0159uje, p\u0159esto uvnit\u0159 hradeb Star\u00e9ho M\u011bsta p\u0159etrv\u00e1v\u00e1 ticho stalet\u00ed. Pobyt v San&#039;a znamen\u00e1 b\u00fdt sv\u011bdkem odolnosti vyryt\u00e9 do kamene a cihel \u2013 neusp\u011bchan\u00e9ho sv\u011bdectv\u00ed o m\u00edst\u011b, kter\u00e9 se odm\u00edt\u00e1 usp\u011bchat, i kdy\u017e se sv\u011bt za jeho horami bez zastaven\u00ed m\u011bn\u00ed.<\/p>","protected":false},"excerpt":{"rendered":"<p>Sanaa, hlavn\u00ed a nejv\u011bt\u0161\u00ed m\u011bsto Jemenu, m\u00e1 od roku 2023 p\u0159ibli\u017en\u011b 3 292 497 obyvatel, co\u017e z n\u011bj \u010din\u00ed v\u00fdznamn\u00e9 m\u011bstsk\u00e9 centrum v zemi. S v\u00fd\u0161kou 2 300 metr\u016f nad mo\u0159em pat\u0159\u00ed Sanaa mezi nejv\u00fd\u0161e polo\u017een\u00e1 hlavn\u00ed m\u011bsta na sv\u011bt\u011b. Obklopen horami Sarawat, kter\u00e9 zahrnuj\u00ed Jabal An-Nabi Shu&#039;ayb a Jabal Tiyal, uzn\u00e1van\u00e9 jako nejvy\u0161\u0161\u00ed body na Arabsk\u00e9m poloostrov\u011b.<\/p>","protected":false},"author":1,"featured_media":3481,"parent":15430,"menu_order":0,"comment_status":"closed","ping_status":"closed","template":"elementor_theme","meta":{"_eb_attr":"","footnotes":""},"class_list":["post-15439","page","type-page","status-publish","has-post-thumbnail"],"_links":{"self":[{"href":"https:\/\/travelshelper.com\/cs\/wp-json\/wp\/v2\/pages\/15439","targetHints":{"allow":["GET"]}}],"collection":[{"href":"https:\/\/travelshelper.com\/cs\/wp-json\/wp\/v2\/pages"}],"about":[{"href":"https:\/\/travelshelper.com\/cs\/wp-json\/wp\/v2\/types\/page"}],"author":[{"embeddable":true,"href":"https:\/\/travelshelper.com\/cs\/wp-json\/wp\/v2\/users\/1"}],"replies":[{"embeddable":true,"href":"https:\/\/travelshelper.com\/cs\/wp-json\/wp\/v2\/comments?post=15439"}],"version-history":[{"count":0,"href":"https:\/\/travelshelper.com\/cs\/wp-json\/wp\/v2\/pages\/15439\/revisions"}],"up":[{"embeddable":true,"href":"https:\/\/travelshelper.com\/cs\/wp-json\/wp\/v2\/pages\/15430"}],"wp:featuredmedia":[{"embeddable":true,"href":"https:\/\/travelshelper.com\/cs\/wp-json\/wp\/v2\/media\/3481"}],"wp:attachment":[{"href":"https:\/\/travelshelper.com\/cs\/wp-json\/wp\/v2\/media?parent=15439"}],"curies":[{"name":"wp","href":"https:\/\/api.w.org\/{rel}","templated":true}]}}