{"id":15420,"date":"2024-09-20T23:51:22","date_gmt":"2024-09-20T23:51:22","guid":{"rendered":"https:\/\/travelshelper.com\/staging\/?page_id=15420"},"modified":"2026-03-11T18:34:32","modified_gmt":"2026-03-11T18:34:32","slug":"ulanbatar","status":"publish","type":"page","link":"https:\/\/travelshelper.com\/cs\/destinations\/asia\/mongolia\/ulaanbaatar\/","title":{"rendered":"Ul\u00e1nb\u00e1tar"},"content":{"rendered":"<p>Ul\u00e1nb\u00e1tar se nach\u00e1z\u00ed v oblasti, kde se vysokohorsk\u00fd vzduch setk\u00e1v\u00e1 s rozlehlost\u00ed mongolsk\u00e9 stepi. V nadmo\u0159sk\u00e9 v\u00fd\u0161ce zhruba 1 350 metr\u016f le\u017e\u00ed v \u0159\u00ed\u010dn\u00edm \u00fadol\u00ed vyhlouben\u00e9m \u0159ekou Tuul, p\u0159\u00edtokem Selenge. M\u011bsto, obklopen\u00e9 \u010dty\u0159mi str\u00e1\u017en\u00edmi vrcholy \u2013 Songino Khairkhan na z\u00e1pad\u011b, \u010cingeltei a Bajanzurch na severu a zalesn\u011bnou horou Bogd Khan na jihu \u2013 sn\u00e1\u0161\u00ed sibi\u0159skou anticykl\u00f3nu, kter\u00e1 mu p\u0159in\u00e1\u0161\u00ed proslul\u00e9 krut\u00e9 zimy a kr\u00e1tk\u00e1, tepl\u00e1 l\u00e9ta. Navzdory mraziv\u00fdm rann\u00edm teplot\u00e1m -40 \u00b0C je Ul\u00e1nb\u00e1tar s pr\u016fm\u011brnou ro\u010dn\u00ed teplotou 0,2 \u00b0C nejchladn\u011bj\u0161\u00edm hlavn\u00edm m\u011bstem sv\u011bta podle ro\u010dn\u00edho pr\u016fm\u011bru, co\u017e je hodnota, kterou sd\u00edl\u00ed pouze Nuuk v Gr\u00f3nsku. Jeho klima se nach\u00e1z\u00ed na hranici chladn\u00e9ho polosuch\u00e9ho (BSk) a subarktick\u00e9ho (Dwc) typu, p\u0159i\u010dem\u017e prudk\u00e9 v\u00fdkyvy mezi spaluj\u00edc\u00edmi \u010dervencov\u00fdmi maximy 39 \u00b0C a arktick\u00fdm klidem v lednu formuj\u00ed jak jeho architekturu, tak zp\u016fsob \u017eivota.<\/p>\n\n\n\n<p>Ko\u0159eny modern\u00edho Ul\u00e1nb\u00e1taru sahaj\u00ed a\u017e do roku 1639, kdy Zanabazar, prvn\u00ed duchovn\u00ed v\u016fdce mongolsk\u00e9ho buddhismu, zalo\u017eil mobiln\u00ed kl\u00e1\u0161tern\u00ed enkl\u00e1vu zn\u00e1mou jako \u00d6rg\u00f6\u00f6. Toto n\u00e1bo\u017eensk\u00e9 centrum, z nutnosti ko\u010dovn\u00e9, se b\u011bhem t\u00e9m\u011b\u0159 140 let p\u0159esunulo dvacet dev\u011btkr\u00e1t, p\u0159ipoutan\u00e9 k rytm\u016fm mongolsk\u00e9 pasteveck\u00e9 spole\u010dnosti. Teprve v roce 1778 se \u00d6rg\u00f6\u00f6 definitivn\u011b odklonilo od mobility a zakotvilo pobl\u00ed\u017e \u0159eky Tuul pod\u00e9l karavann\u00ed stezky mezi Kjachtou na rusko-\u010d\u00ednsk\u00e9 hranici a Pekingem. S p\u00e1dem dynastie \u010cching v roce 1911 se m\u011bsto rozrostlo od sv\u00fdch c\u00edrkevn\u00edch p\u016fvod\u016f do kalifornsk\u00e9ho ohniska nez\u00e1vislosti. Stalo se hlavn\u00edm m\u011bstem kr\u00e1tkodob\u00e9ho Bogdsk\u00e9ho chan\u00e1tu za osm\u00e9ho vl\u00e1dy D\u017eebtsundamby Khutuktu a po komunistick\u00e9 revoluci v roce 1921 bylo v roce 1924 s n\u00e1stupem Mongolsk\u00e9 lidov\u00e9 republiky p\u0159ejmenov\u00e1no na Ul\u00e1nb\u00e1tar \u2013 Rud\u00fd hrdina.<\/p>\n\n\n\n<p>Pl\u00e1nov\u00e1n\u00ed ze sov\u011btsk\u00e9 \u00e9ry prom\u011bnilo tv\u00e1\u0159 Ul\u00e1nb\u00e1taru v 50. letech 20. stolet\u00ed. D\u0159ev\u011bn\u00e9 domy ustoupily jednotn\u00fdm bytov\u00fdm dom\u016fm, bulv\u00e1ry se roz\u0161\u00ed\u0159ily a ve\u0159ejn\u00e1 n\u00e1m\u011bst\u00ed z\u00edskala novou velkolepost. N\u00e1m\u011bst\u00ed Suchb\u00e1tar v srdci m\u011bsta prezentuje jeho hrdiny: Damdina Suchb\u00e1tara obkro\u010dmo na sv\u00e9m koni a \u010cingisch\u00e1na hled\u00edc\u00edho na sever, lemovan\u00e9ho Vl\u00e1dn\u00edm pal\u00e1cem a t\u00e1hnouc\u00ed se M\u00edrovou t\u0159\u00eddou. Poz\u016fstatky minulosti v\u0161ak p\u0159etrv\u00e1vaj\u00ed \u2013 kl\u00e1\u0161ter Gandantegchinlen, Zimn\u00ed pal\u00e1c bohda Ch\u00e1na a chr\u00e1m \u010cchojin Lamy p\u0159ipom\u00ednaj\u00ed kl\u00e1\u0161tern\u00ed m\u011bsto, kter\u00e9 kdysi vedly poutn\u00ed trasy, nyn\u00ed vytesan\u00e9 do silni\u010dn\u00ed s\u00edt\u011b. Od doby, kdy demokratick\u00e9 protesty v roce 1990 svrhly vl\u00e1du jedn\u00e9 strany, Ul\u00e1nb\u00e1tar p\u0159iv\u00edtal migranty v neb\u00fdval\u00e9m po\u010dtu a zdvojn\u00e1sobil svou populaci z necel\u00e9ho milionu v roce 2007 na p\u0159ibli\u017en\u011b 1,6 milionu do konce roku 2022.<\/p>\n\n\n\n<p>Tento rychl\u00fd r\u016fst p\u0159edb\u011bhl rozvoj infrastruktury, tak\u017ee dv\u011b t\u0159etiny obyvatel \u017eij\u00ed v tzv. \u201eger\u201c okresech na severn\u00edm okraji m\u011bsta. Vzhledem k nedostatku spolehliv\u00e9 vody, kanalizace a zpevn\u011bn\u00fdch silnic se tyto \u010dtvrti spol\u00e9haj\u00ed na sv\u00e9pomoc\u00ed postaven\u00e9 \u201egery\u201c a uheln\u00e1 kamna. V zim\u011b m\u011bsto dus\u00ed v dusiv\u00e9m oparu, zat\u00edmco Ul\u00e1nb\u00e1tar se um\u00edstil v jednom z nejhor\u0161\u00edch \u017eeb\u0159\u00ed\u010dk\u016f kvality ovzdu\u0161\u00ed na planet\u011b. M\u00edra v\u00fdskytu d\u011btsk\u00fdch z\u00e1pal\u016f plic stoup\u00e1 a z\u00e1t\u011b\u017e ve\u0159ejn\u00e9ho zdrav\u00ed se st\u00e1v\u00e1 hmatatelnou v ka\u017ed\u00e9m laboratorn\u00edm m\u011b\u0159en\u00ed pevn\u00fdch \u010d\u00e1stic. Mezit\u00edm ve vnit\u0159n\u00edm j\u00e1dru m\u011bsta stavebn\u00ed boom vyn\u00e1\u0161\u00ed do nebe nov\u00e9 mrakodrapy \u2013 n\u011bkter\u00e9 s licenc\u00ed, jin\u00e9 postaven\u00e9 v pr\u00e1vn\u00ed nejistot\u011b \u2013 co\u017e sv\u011bd\u010d\u00ed o prosperuj\u00edc\u00ed i neregulovan\u00e9 ekonomice.<\/p>\n\n\n\n<p>Ul\u00e1nb\u00e1tar, mongolsk\u00e9 politick\u00e9 a finan\u010dn\u00ed centrum, host\u00ed v r\u00e1mci sv\u00fdch obecn\u00edch hranic t\u00e9m\u011b\u0159 polovinu obyvatel zem\u011b. M\u011bsto je spravov\u00e1no odd\u011blen\u011b od okoln\u00ed provincie T\u00f6v, jej\u00ed\u017e hlavn\u00ed m\u011bsto Zuunmod le\u017e\u00ed 43 kilometr\u016f ji\u017en\u011b, a soust\u0159e\u010fuje zde kulturn\u00ed instituce, s\u00eddla firem a dopravn\u00ed tepny. Mezi m\u00edstn\u00ed konglomer\u00e1ty, kter\u00e9 zde zako\u0159enily, pat\u0159\u00ed MCS Group, Tavan Bogd a Mobicom, spolu se zahrani\u010dn\u00edmi t\u011b\u017eebn\u00edmi podniky, kter\u00e9 t\u011b\u017e\u00ed z nedalek\u00fdch lo\u017eisek zlata v Boroo a okol\u00ed. Odv\u011btv\u00ed slu\u017eeb tvo\u0159\u00ed p\u0159ibli\u017en\u011b 43 procent HDP m\u011bsta, zat\u00edmco t\u011b\u017eba p\u0159isp\u00edv\u00e1 dal\u0161\u00edmi 25 procenty. Stra\u0161idlo volatility cen komodit, jak bylo vid\u011bt b\u011bhem hospod\u00e1\u0159sk\u00e9ho poklesu v roce 2008, v\u0161ak podn\u011bcuje iniciativy k diverzifikaci a zrodu startup\u016f v oblasti technologi\u00ed, financ\u00ed a cestovn\u00edho ruchu.<\/p>\n\n\n\n<p>V t\u00e9to m\u011bstsk\u00e9 tapiserii vzkv\u00e9taj\u00ed um\u011bleck\u00e9 formy starov\u011bk\u00e9 i modern\u00ed. Kl\u00e1\u0161tery chr\u00e1n\u00ed poklady: 26,5 metr\u016f vysok\u00e1 pozlacen\u00e1 socha Avalokite\u015bvary v kl\u00e1\u0161te\u0159e Gandan a kuriozity pln\u00e9 galeri\u00ed v chr\u00e1mu \u010cchojin Lamy p\u0159e\u017eily \u010distky, kter\u00e9 srovnaly se zem\u00ed tolik n\u00e1bo\u017eensk\u00fdch pam\u00e1tek. Muzeum v\u00fdtvarn\u00fdch um\u011bn\u00ed Zanabazar uchov\u00e1v\u00e1 mistrovsk\u00e1 d\u00edla nejslavn\u011bj\u0161\u00edho mongolsk\u00e9ho um\u011blce a svat\u00e9ho, zat\u00edmco N\u00e1rodn\u00ed muzeum sleduje lidsk\u00e9 stopy od prav\u011bku a\u017e po Mongolskou \u0159\u00ed\u0161i. Ul\u00e1nb\u00e1tarsk\u00e1 opera uv\u00e1d\u00ed balet a symfonick\u00fd orchestr ve spolupr\u00e1ci s institucemi, jako jsou bostonsk\u00e9 soubory m\u00fazick\u00fdch um\u011bn\u00ed. Lidov\u00e9 soubory \u2013 Tumen Ekh, soubor Morin Khuur a St\u00e1tn\u00ed velk\u00fd n\u00e1rodn\u00ed orchestr \u2013 cestuj\u00ed po cel\u00e9m sv\u011bt\u011b a nesou rezonanci dlouh\u00e9 p\u00edsn\u011b, housl\u00ed s ko\u0148skou hlavou a tanc\u016f v masce Tsam na vzd\u00e1len\u00e1 p\u00f3dia.<\/p>\n\n\n\n<p>Parky a chr\u00e1n\u011bn\u00e9 oblasti tvo\u0159\u00ed oblouk kolem m\u011bsta. Chr\u00e1n\u011bn\u00e1 z\u00f3na Bogd Khan Uul, pam\u00e1tka o rozloze 67 300 hektar\u016f z dvan\u00e1ct\u00e9ho stolet\u00ed, chr\u00e1n\u00ed na sv\u00fdch svaz\u00edch mod\u0159\u00edny a borovice a p\u0159ipom\u00edn\u00e1 ruiny kl\u00e1\u0161tera Mand\u017eu\u0161r\u00ed z dvan\u00e1ct\u00e9ho stolet\u00ed. N\u00e1rodn\u00ed park Gorkhi-Terelj, 70 kilometr\u016f v\u00fdchodn\u011b, zve v\u00fdletn\u00edky na sv\u00e9 turistick\u00e9 stezky a k 40metrov\u00e9 jezdeck\u00e9 so\u0161e \u010cingisch\u00e1na, st\u00edsn\u011bn\u00e9 u paty st\u00e1nky se suven\u00fdry. V r\u00e1mci m\u011bsta se nach\u00e1z\u00ed N\u00e1rodn\u00ed zahradn\u00ed park \u2013 55 hektar\u016f os\u00e1zen\u00fdch v\u00edce ne\u017e 100 000 stromy \u2013 kter\u00fd m\u00e1 ob\u010dany vzd\u011bl\u00e1vat v oblasti ochrany \u017eivotn\u00edho prost\u0159ed\u00ed, zat\u00edmco men\u0161\u00ed h\u00e1je p\u0159ipom\u00ednaj\u00ed postavy minulosti nebo podporuj\u00ed p\u0159\u00e1telstv\u00ed mezi Koreou a Mongolskem.<\/p>\n\n\n\n<p>Uli\u010dn\u00ed struktura Ul\u00e1nb\u00e1taru prol\u00edn\u00e1 star\u00e9 s nov\u00fdm. M\u00edrov\u00e1 t\u0159\u00edda, kdysi Ch\u00f6l\u00f6\u00f6 v \u00d6rg\u00f6\u00f6, se t\u00e1hne v\u00fdchodoz\u00e1padn\u011b p\u0159es centr\u00e1ln\u00ed n\u00e1m\u011bst\u00ed, jej\u00ed\u017e chodn\u00edky lemuj\u00ed St\u00e1tn\u00ed obchodn\u00ed d\u016fm a kav\u00e1rny nab\u00edzej\u00edc\u00ed du\u0161en\u00fd buuz a sladkosti. Obchvat Ikh Toiruu sleduje modlitebn\u00ed stezky poutn\u00edk\u016f kolem zanikl\u00fdch chr\u00e1m\u016f a k\u0159\u00ed\u017e\u00ed se s Narnii Zam, Cestou slunce, d\u00edky japonsk\u00e9 pomoci. Hned za n\u00ed se ty\u010d\u00ed severn\u00ed gersk\u00e9 \u010dtvrti, jejich\u017e s\u00ed\u0165 pra\u0161n\u00fdch cest je p\u0159eru\u0161ov\u00e1na neform\u00e1ln\u00edmi trhy. Na jihu se bohat\u00e9 \u010dtvrti t\u00e1hnou sm\u011brem k Tuulu, kde se mezi osikami a vrbami rozkl\u00e1daj\u00ed letn\u00ed dachy \u2013 zuslan, p\u0159ipom\u00ednaj\u00edc\u00ed rusk\u00e9 da\u010de, kde se o v\u00edkendech konaj\u00ed grilov\u00e1n\u00ed a na konci dne se tu ob\u010das pase pasteveck\u00fd k\u016f\u0148.<\/p>\n\n\n\n<p>Ve\u0159ejn\u00e1 doprava udr\u017euje m\u011bsto s v\u00edce ne\u017e 660 000 registrovan\u00fdmi vozidly v provozu. P\u0159eva\u017euj\u00ed autobusy: 950 vozidel od devaten\u00e1cti spole\u010dnost\u00ed jezd\u00ed po 105 tras\u00e1ch a denn\u011b p\u0159eprav\u00ed t\u00e9m\u011b\u0159 p\u016fl milionu cestuj\u00edc\u00edch. Syst\u00e9m j\u00edzdn\u00e9ho s \u010dipov\u00fdmi kartami \u201eU Money\u201c nahradil v roce 2015 pr\u016fvod\u010d\u00ed, \u010d\u00edm\u017e zefektivnil cesty, kter\u00e9 pro dosp\u011bl\u00e9 st\u00e1ly 300\u2013500 t\u00f6gr\u00f6g\u016f. Mezery zapl\u0148uj\u00ed trolejbusy a minibusy; ofici\u00e1ln\u00ed taxi, kter\u00fdch je nyn\u00ed 372, jezd\u00ed na vyzna\u010den\u00fdch stanovi\u0161t\u00edch, zat\u00edmco nelicencovan\u00e9 taxi a aplikace pro spoluj\u00edzdu, jako je UBCab, vzkv\u00e9taj\u00ed ve st\u00ednu. Doprava se vle\u010de po M\u00edrov\u00e9 t\u0159\u00edd\u011b, Ikh Toiruu, Narnii Zam a \u010cingisov\u011b t\u0159\u00edd\u011b, pr\u016fm\u011brn\u00e1 rychlost v dopravn\u00ed \u0161pi\u010dce klesla v roce 2021 pod 9 km\/h a p\u0159edpokl\u00e1d\u00e1 se, \u017ee se s n\u00e1r\u016fstem dopravn\u00ed z\u00e1cpy d\u00e1le zpomal\u00ed.<\/p>\n\n\n\n<p>\u017delezni\u010dn\u00ed spojen\u00ed spojuje Ul\u00e1nb\u00e1tar s Ruskem a \u010c\u00ednou prost\u0159ednictv\u00edm Transmongolsk\u00e9 \u017eeleznice a jeho panorama zdob\u00ed p\u011bt heliport\u016f. Mezin\u00e1rodn\u00ed leti\u0161t\u011b \u010cingisch\u00e1n, slavnostn\u011b otev\u0159en\u00e9 v roce 2021 v Sergelenu v provincii T\u00f6v, nahradilo star\u00e9 leti\u0161t\u011b Buyant-Ukhaa. Jeho termin\u00e1ly obsluhuj\u00ed trasy do Evropy, v\u00fdchodn\u00ed Asie a vnitrost\u00e1tn\u00edch center a jsou s m\u011bstem propojeny kyvadlov\u00fdmi autobusy a d\u00e1lnicemi. Ve m\u011bst\u011b se dopravn\u00ed pl\u00e1nova\u010di pot\u00fdkaj\u00ed se z\u00e1plavami; pouze 16 procent zpevn\u011bn\u00fdch silnic m\u00e1 odvodn\u011bn\u00ed, tak\u017ee jarn\u00ed t\u00e1n\u00ed p\u0159edstavuje v obytn\u00fdch \u010dtvrt\u00edch nebezpe\u010d\u00ed pro vodu.<\/p>\n\n\n\n<p>Pro n\u00e1v\u0161t\u011bvn\u00edky se praktick\u00e9 aspekty snoub\u00ed s histori\u00ed. Bankomat\u016f je dostatek \u2013 banky Golomt a TDB vyd\u00e1vaj\u00ed t\u00f6gr\u00f6g na mezin\u00e1rodn\u00ed karty, a\u010dkoli se \u00fa\u010dtuj\u00ed poplatky kolem 3 procent, a Cirrus p\u0159ij\u00edmaj\u00ed pouze leti\u0161tn\u00ed automaty. Pod\u00e9l Peace Avenue nab\u00edzej\u00ed sm\u011bn\u00e1rny konkurenceschopn\u00e9 kurzy, zat\u00edmco velk\u00e9 hotely sm\u011b\u0148uj\u00ed m\u011bnu 24 hodin denn\u011b. Zlo\u010din se koncentruje na okraji m\u011bsta: ger z\u00f3ny, neosv\u011btlen\u00e9 uli\u010dky a p\u0159epln\u011bn\u00e9 trhy vy\u017eaduj\u00ed ostra\u017eitost p\u0159ed kaps\u00e1\u0159sk\u00fdmi kr\u00e1de\u017eemi; centrum m\u011bsta z\u016fst\u00e1v\u00e1 ve srovn\u00e1n\u00ed s t\u00edm relativn\u011b bezpe\u010dn\u00e9. Ob\u010das se objevuj\u00ed xenofobn\u00ed incidenty s \u00fa\u010dast\u00ed opil\u00fdch kolemjdouc\u00edch; diskr\u00e9tnost v barech a tax\u00edc\u00edch a cestov\u00e1n\u00ed ve skupin\u00e1ch v noci zm\u00edr\u0148uje v\u011bt\u0161inu rizik.<\/p>\n\n\n\n<p>V \u0161est\u00e9 f\u00e1zi sv\u00e9 existence \u2013 mni\u0161sk\u00e9 mobilit\u011b v letech 1639\u20131778, dynastii \u010cching v Urze v letech 1778\u20131924, socialistick\u00e9 republice v letech 1924\u20131990, huben\u00fdch 90. letech a explozivn\u00edm r\u016fstu od roku 2000 \u2013 Ul\u00e1nb\u00e1tar odhaluje vrstvy identity. Ka\u017ed\u00e1 vrstva zanech\u00e1v\u00e1 stopy: d\u0159ev\u011bn\u00e9 ploty p\u0159ipom\u00ednaj\u00edc\u00ed chr\u00e1mov\u00e9 ohrady, byty ze sov\u011btsk\u00e9 \u00e9ry ustupuj\u00edc\u00ed sklen\u011bn\u00fdm v\u011b\u017e\u00edm, zabl\u00e1cen\u00e9 domy zast\u00edn\u011bn\u00e9 neonov\u00fdmi n\u00e1pisy hotel\u016f. Uprost\u0159ed extr\u00e9mn\u00edch teplot a nerovnosti Ul\u00e1nb\u00e1tar p\u0159etrv\u00e1v\u00e1 jako nervov\u00e9 centrum Mongolska a buduje modernitu na z\u00e1kladech nom\u00e1dsk\u00fdch zvyk\u016f, buddhistick\u00e9ho u\u010den\u00ed a odoln\u00e9 adaptace na t\u011b\u017ekosti. Jeho neust\u00e1le se m\u011bn\u00edc\u00ed panorama zrcadl\u00ed stepi za n\u00edm \u2013 otev\u0159en\u00e9 nebi, formovan\u00e9 v\u011btrem a o\u017eiven\u00e9 lidmi, kte\u0159\u00ed toto chladn\u00e9 \u00fadol\u00ed naz\u00fdvaj\u00ed domovem.<\/p>","protected":false},"excerpt":{"rendered":"<p>Ul\u00e1nb\u00e1tar, hlavn\u00ed a nejv\u011bt\u0161\u00ed m\u011bsto Mongolska, m\u00e1 1,6 milionu obyvatel a je uzn\u00e1v\u00e1no jako nejchladn\u011bj\u0161\u00ed hlavn\u00ed m\u011bsto na sv\u011bt\u011b na z\u00e1klad\u011b pr\u016fm\u011brn\u00e9 ro\u010dn\u00ed teploty. Toto pulzuj\u00edc\u00ed m\u011bsto, kter\u00e9 se nach\u00e1z\u00ed na severu centr\u00e1ln\u00edho Mongolska v nadmo\u0159sk\u00e9 v\u00fd\u0161ce kolem 1300 metr\u016f, se m\u016f\u017ee pochlubit fascinuj\u00edc\u00ed histori\u00ed, kter\u00e1 sah\u00e1 t\u00e9m\u011b\u0159 \u010dty\u0159i stolet\u00ed zp\u011bt. Transformace m\u011bsta z nom\u00e1dsk\u00e9ho buddhistick\u00e9ho kl\u00e1\u0161tern\u00edho centra na sou\u010dasn\u00e9 m\u011bstsk\u00e9 centrum odr\u00e1\u017e\u00ed bohat\u00e9 kulturn\u00ed d\u011bdictv\u00ed Mongolska a jeho rozvoj jako n\u00e1roda.<\/p>","protected":false},"author":1,"featured_media":3043,"parent":15411,"menu_order":0,"comment_status":"closed","ping_status":"closed","template":"elementor_theme","meta":{"_eb_attr":"","footnotes":""},"class_list":["post-15420","page","type-page","status-publish","has-post-thumbnail"],"_links":{"self":[{"href":"https:\/\/travelshelper.com\/cs\/wp-json\/wp\/v2\/pages\/15420","targetHints":{"allow":["GET"]}}],"collection":[{"href":"https:\/\/travelshelper.com\/cs\/wp-json\/wp\/v2\/pages"}],"about":[{"href":"https:\/\/travelshelper.com\/cs\/wp-json\/wp\/v2\/types\/page"}],"author":[{"embeddable":true,"href":"https:\/\/travelshelper.com\/cs\/wp-json\/wp\/v2\/users\/1"}],"replies":[{"embeddable":true,"href":"https:\/\/travelshelper.com\/cs\/wp-json\/wp\/v2\/comments?post=15420"}],"version-history":[{"count":0,"href":"https:\/\/travelshelper.com\/cs\/wp-json\/wp\/v2\/pages\/15420\/revisions"}],"up":[{"embeddable":true,"href":"https:\/\/travelshelper.com\/cs\/wp-json\/wp\/v2\/pages\/15411"}],"wp:featuredmedia":[{"embeddable":true,"href":"https:\/\/travelshelper.com\/cs\/wp-json\/wp\/v2\/media\/3043"}],"wp:attachment":[{"href":"https:\/\/travelshelper.com\/cs\/wp-json\/wp\/v2\/media?parent=15420"}],"curies":[{"name":"wp","href":"https:\/\/api.w.org\/{rel}","templated":true}]}}