{"id":15411,"date":"2024-09-20T23:46:15","date_gmt":"2024-09-20T23:46:15","guid":{"rendered":"https:\/\/travelshelper.com\/staging\/?page_id=15411"},"modified":"2026-03-11T18:34:23","modified_gmt":"2026-03-11T18:34:23","slug":"mongolsko","status":"publish","type":"page","link":"https:\/\/travelshelper.com\/cs\/destinations\/asia\/mongolia\/","title":{"rendered":"Mongolsko"},"content":{"rendered":"<p>Mongolsko zauj\u00edm\u00e1 rozs\u00e1hlou rozlohu asijsk\u00e9ho vnitrozem\u00ed, suver\u00e9nn\u00ed \u00fazem\u00ed o rozloze zhruba 1 564 116 kilometr\u016f \u010dtvere\u010dn\u00edch bez p\u0159\u00edstupu k mo\u0159i nebo jezeru. Na severu hrani\u010d\u00ed s Ruskem a na jihu a jihov\u00fdchod\u011b s \u010c\u00ednou, tak\u017ee je nejv\u011bt\u0161\u00edm vnitrozemsk\u00fdm st\u00e1tem, kter\u00fd nesoused\u00ed s vnitrozemsk\u00fdm mo\u0159em. Jeho ter\u00e9n se rozkl\u00e1d\u00e1 v \u0161irok\u00fdch rysech: zvln\u011bn\u00e9 travnat\u00e9 porosty se t\u00e1hnou p\u0159es centr\u00e1ln\u00ed plo\u0161inu, zat\u00edmco na severu a z\u00e1pad\u011b se ty\u010d\u00ed horsk\u00e1 p\u00e1sma a pod\u00e9l jej\u00edho ji\u017en\u00edho okraje se t\u00e1hne pou\u0161\u0165 Gobi \u2013 sp\u00ed\u0161e pastvina ne\u017e pust\u00e9 p\u00edse\u010dn\u00e9 mo\u0159e. S celkovou populac\u00ed sotva p\u0159esahuj\u00edc\u00ed 3,5 milionu lid\u00ed dr\u017e\u00ed Mongolsko rekord v nejni\u017e\u0161\u00ed hustot\u011b zalidn\u011bn\u00ed mezi nez\u00e1visl\u00fdmi st\u00e1ty. Polovina jeho obyvatel \u017eije v Ul\u00e1nb\u00e1taru, nejchladn\u011bj\u0161\u00edm hlavn\u00edm m\u011bst\u011b sv\u011bta, zb\u00fdvaj\u00edc\u00ed \u00fazem\u00ed z\u016fst\u00e1v\u00e1 pozoruhodn\u011b otev\u0159en\u00e9 a \u0159\u00eddce os\u00eddlen\u00e9.<\/p>\n\n\n\n<p>Nejv\u00fdchodn\u011bj\u0161\u00ed c\u00edp Mongolska le\u017e\u00ed pobl\u00ed\u017e 120\u00b0 v\u00fdchodn\u00ed d\u00e9lky, zhruba v jedn\u00e9 linii s \u010d\u00ednsk\u00fdm Chang-\u010dou, zat\u00edmco jeho z\u00e1padn\u00ed hranice se bl\u00ed\u017e\u00ed 87\u00b0 v\u00fdchodn\u00ed d\u00e9lky \u2013 t\u00e9m\u011b\u0159 k d\u00e9lce Kalkaty. Jeho zem\u011bpisn\u00e1 \u0161\u00ed\u0159ka, p\u0159ibli\u017en\u011b od 41\u00b0 severn\u00ed \u0161\u00ed\u0159ky a\u017e t\u011bsn\u011b za 52\u00b0 severn\u00ed \u0161\u00ed\u0159ky, umis\u0165uje zemi mezi rovnob\u011b\u017eky \u0158\u00edma a Berl\u00edna nebo mezi Chicago a Saskatoon. Tyto geografick\u00e9 referen\u010dn\u00ed body v\u0161ak vyvracej\u00ed klimatick\u00e9 extr\u00e9my, kter\u00e9 definuj\u00ed \u017eivot na t\u00e9to n\u00e1horn\u00ed plo\u0161in\u011b. Ro\u010dn\u00ed sr\u00e1\u017eky klesaj\u00ed od severu k jihu, z p\u0159ibli\u017en\u011b 200\u2013350 milimetr\u016f v zalesn\u011bn\u00fdch vrchovin\u00e1ch na pouh\u00fdch 40 milimetr\u016f v \u010d\u00e1stech poho\u0159\u00ed Gobi. Zimy s sebou nesou ne\u00faprosnou sibi\u0159skou anticykl\u00f3nu, kter\u00e1 v n\u011bkter\u00fdch \u00fadol\u00edch sni\u017euje teploty pod \u201330 \u00b0C, zat\u00edmco l\u00e9ta mohou p\u0159in\u00e9st intenzivn\u00ed horko a mimo pou\u0161\u0165 i prudk\u00e9 de\u0161t\u011b.<\/p>\n\n\n\n<p>Lidsk\u00e1 historie Mongolska sah\u00e1 tis\u00edcilet\u00ed zp\u011bt do minulosti a sah\u00e1 a\u017e do minulosti, kdy existovaly ko\u010dovn\u00e9 konfederace. P\u0159ed n\u00e1stupem \u010cingisch\u00e1na v roce 1206 vl\u00e1dli stepi v r\u016fzn\u00fdch obdob\u00edch Siongnuov\u00e9, Sien-pejov\u00e9, \u017duranov\u00e9 a n\u00e1sledn\u00e9 turkick\u00e9 a ujgursk\u00e9 kagan\u00e1ty. Kdy\u017e Tem\u00fcd\u017ein \u2013 pozd\u011bji \u010cingisch\u00e1n \u2013 sjednotil Mongoly, zah\u00e1jil vznik toho, co se pozd\u011bji stalo nejv\u011bt\u0161\u00ed souvislou pozemn\u00ed \u0159\u00ed\u0161\u00ed v historii. Za jeho vnuka Kublajch\u00e1na padla vlastn\u00ed \u010c\u00edna a byla ustanovena dynastie J\u00fcan. Po p\u00e1du J\u00fcanu v roce 1368 se mongolsk\u00e9 frakce op\u011bt vr\u00e1tily k vnit\u0159n\u00edmu soupe\u0159en\u00ed, dokud \u00e9ry Dajan-ch\u00e1na a Tumen Zasagt-ch\u00e1na v \u0161estn\u00e1ct\u00e9m stolet\u00ed nep\u0159inesly relativn\u00ed soudr\u017enost.<\/p>\n\n\n\n<p>B\u011bhem \u0161estn\u00e1ct\u00e9ho stolet\u00ed se mezi Mongoly uchytil tibetsk\u00fd buddhismus. Pod patronac\u00ed dynastie \u010cching, kter\u00e1 v sedmn\u00e1ct\u00e9m stolet\u00ed pohltila Vn\u011bj\u0161\u00ed Mongolsko, vzkv\u00e9taly kl\u00e1\u0161tern\u00ed instituce: na za\u010d\u00e1tku dvac\u00e1t\u00e9ho stolet\u00ed \u017eil ka\u017ed\u00fd t\u0159et\u00ed dosp\u011bl\u00fd mu\u017e jako buddhistick\u00fd mnich. P\u00e1d dynastie \u010cching v roce 1911 poskytl p\u0159\u00edle\u017eitost k vyhl\u00e1\u0161en\u00ed nez\u00e1vislosti; pln\u00e1 autonomie byla zaji\u0161t\u011bna v roce 1921, po n\u00ed\u017e n\u00e1sledovalo v roce 1924 ustaven\u00ed sov\u011btsk\u00e9 socialistick\u00e9 republiky. S m\u00edrovou demokratickou revoluc\u00ed v roce 1990 a vyhl\u00e1\u0161en\u00edm nov\u00e9 \u00fastavy o dva roky pozd\u011bji Mongolsko p\u0159ijalo pluralitn\u00ed syst\u00e9m a zah\u00e1jilo p\u0159echod k tr\u017en\u00ed ekonomice.<\/p>\n\n\n\n<p>Dnes zhruba t\u0159icet procent Mongol\u016f \u017eije nom\u00e1dsk\u00fdm nebo polonom\u00e1dsk\u00fdm zp\u016fsobem \u017eivota. Kon\u011b z\u016fst\u00e1vaj\u00ed pil\u00ed\u0159em mobility a kultury; tradi\u010dn\u00ed plst\u011bn\u00e9 gery (v angli\u010dtin\u011b zn\u00e1m\u00e9 jako jurty) slou\u017e\u00ed jako domov pro rodiny na cest\u00e1ch, p\u0159ipoutan\u00e9 ke st\u00e1d\u016fm ovc\u00ed, koz, dobytka, kon\u00ed nebo velbloud\u016f. A\u010dkoli se ger-chr\u00e1my v \u0161estn\u00e1ct\u00e9m a sedmn\u00e1ct\u00e9m stolet\u00ed vyvinuly ve velkolep\u00e9 kl\u00e1\u0161tery s cihlami a tr\u00e1my, v\u00e1lcovit\u00fd tvar a plst\u011bn\u00e9 krytiny p\u0159etrv\u00e1vaj\u00ed jako symbol mongolsk\u00e9ho \u017eivota. L\u00e1maserie \u010dasto za\u010d\u00ednaly jako shluky ger\u016f, pozd\u011bji se rozrostly do \u0161esti\u00faheln\u00edkov\u00fdch nebo dvan\u00e1ctibok\u00fdch s\u00edn\u00ed zakon\u010den\u00fdch pyramid\u00e1ln\u00edmi st\u0159echami \u2013 p\u0159ibli\u017en\u00fdmi k\u0159ivkou geru \u2013 ne\u017e se vyvinuly \u010dty\u0159\u00faheln\u00edkov\u00e9 z\u00e1kladny a vrcholy ve tvaru stanu.<\/p>\n\n\n\n<p>Etnicky je Mongolsko do zna\u010dn\u00e9 m\u00edry homogenn\u00ed: etni\u010dt\u00ed Mongolov\u00e9 tvo\u0159\u00ed asi devades\u00e1t p\u011bt procent populace, p\u0159i\u010dem\u017e chalchask\u00e1 podskupina tvo\u0159\u00ed osmdes\u00e1t \u0161est procent t\u00e9to v\u011bt\u0161iny. Turkick\u00e9 men\u0161iny \u2013 v\u010detn\u011b Kazach\u016f a Tuvan\u016f \u2013 tvo\u0159\u00ed zhruba \u010dty\u0159i a p\u016fl procenta, zat\u00edmco Rusov\u00e9, \u010c\u00ed\u0148an\u00e9, Korejci a Ameri\u010dan\u00e9 tvo\u0159\u00ed men\u0161\u00ed kontingenty. Z jazykov\u00e9ho hlediska je st\u00e1tn\u00edm jazykem mongol\u0161tina, \u010dlen mongolsk\u00e9 jazykov\u00e9 rodiny, standardizovan\u00e1 na chalchask\u00e9m dialektu. Kaza\u0161tina p\u0159evl\u00e1d\u00e1 v ajmaku Bajan-\u00d6lgij a tuvin\u0161tina v \u010d\u00e1stech Ch\u00f6vsg\u00f6lu. Od 40. let 20. stolet\u00ed se mongol\u0161tina p\u00ed\u0161e cyrilic\u00ed; po demokratick\u00e9 transformaci do\u0161lo k m\u00edrn\u00e9mu o\u017eiven\u00ed tradi\u010dn\u00edho vertik\u00e1ln\u00edho p\u00edsma, kter\u00e9 bylo v roce 2025 ofici\u00e1ln\u011b obnoveno pro pr\u00e1vn\u00ed a administrativn\u00ed pou\u017eit\u00ed vedle cyrilice, a\u010dkoli ka\u017edodenn\u00ed pou\u017e\u00edv\u00e1n\u00ed je st\u00e1le do zna\u010dn\u00e9 m\u00edry omezeno na ceremoni\u00e1ln\u00ed kontexty.<\/p>\n\n\n\n<p>N\u00e1bo\u017eenstv\u00ed v Mongolsku odr\u00e1\u017e\u00ed r\u016fzn\u00e9 vrstvy v\u00edry: vad\u017eraj\u00e1nov\u00fd buddhismus vyzn\u00e1v\u00e1 n\u011bco m\u00e1lo p\u0159es pades\u00e1t procent dosp\u011bl\u00e9 populace, zat\u00edmco \u010dty\u0159icet procent se identifikuje jako nev\u011b\u0159\u00edc\u00ed. \u0160amansk\u00e9 praktiky p\u0159etrv\u00e1vaj\u00ed jako kulturn\u00ed substr\u00e1t a isl\u00e1m, zejm\u00e9na mezi etnick\u00fdmi Kazachy, tvo\u0159\u00ed asi t\u0159i procenta. Prol\u00edn\u00e1n\u00ed buddhistick\u00fdch a \u0161amansk\u00fdch ritu\u00e1l\u016f nad\u00e1le utv\u00e1\u0159\u00ed spole\u010dn\u00e9 i individu\u00e1ln\u00ed ob\u0159ady, od sez\u00f3nn\u00edch ob\u011btin a\u017e po poh\u0159by v odlehl\u00fdch \u00fadol\u00edch.<\/p>\n\n\n\n<p>Mongolsk\u00e1 ekonomika \u010derp\u00e1 z pasteveck\u00e9 tradice a nerostn\u00e9ho bohatstv\u00ed. Pastevectv\u00ed a zem\u011bd\u011blstv\u00ed dohromady p\u0159edstavuj\u00ed p\u0159ibli\u017en\u011b \u0161estn\u00e1ct procent HDP; t\u011b\u017eba \u2013 zam\u011b\u0159en\u00e1 na m\u011b\u010f, uhl\u00ed, molybden, c\u00edn, wolfram a zlato \u2013 p\u0159isp\u00edv\u00e1 p\u0159ibli\u017en\u011b dvaceti dv\u011bma procenty. Samotn\u00e1 produkce ka\u0161m\u00edru p\u0159edstavuje p\u011btinu sv\u011btov\u00e9 produkce surovin. V\u00fdznamn\u00fd pod\u00edl na ekonomick\u00e9m slo\u017een\u00ed zauj\u00edmaj\u00ed tak\u00e9 velkoobchod a maloobchod, slu\u017eby, doprava, skladov\u00e1n\u00ed a nemovitosti. Vedle t\u011bchto form\u00e1ln\u00edch sektor\u016f v\u0161ak venkovsk\u00fd i m\u011bstsk\u00fd \u017eivot prostupuje neform\u00e1ln\u00ed ekonomika \u2013 odhadovan\u00e1 na nejm\u00e9n\u011b jednu t\u0159etinu ofici\u00e1ln\u00edho HDP.<\/p>\n\n\n\n<p>Zahrani\u010dn\u00ed obchod zem\u011b je siln\u011b orientov\u00e1n na \u010c\u00ednu, kter\u00e1 absorbuje t\u00e9m\u011b\u0159 osmdes\u00e1t procent exportu a z\u00e1rove\u0148 dod\u00e1v\u00e1 n\u011bco m\u00e1lo p\u0159es t\u0159etinu dovozu. V roce 2023 dos\u00e1hl re\u00e1ln\u00fd r\u016fst HDP Mongolska sedmi procent, co\u017e bylo z velk\u00e9 \u010d\u00e1sti zp\u016fsobeno rekordn\u00ed produkc\u00ed uhl\u00ed pro \u010d\u00ednsk\u00fd trh; ni\u017e\u0161\u00ed glob\u00e1ln\u00ed n\u00e1klady na potraviny a paliva pomohly udr\u017eet inflaci na zhruba sedmi procentech do za\u010d\u00e1tku roku 2024. Navzdory robustn\u00edmu n\u00e1r\u016fstu objemu dovozu byl zaznamen\u00e1n p\u0159ebytek b\u011b\u017en\u00e9ho \u00fa\u010dtu, a\u010dkoli pokles cen komodit by mohl v nadch\u00e1zej\u00edc\u00edch letech rovnov\u00e1hu posunout. Sv\u011btov\u00e1 banka pova\u017euje st\u0159edn\u011bdob\u00e9 vyhl\u00eddky Mongolska za slibn\u00e9, zm\u00edrn\u011bn\u00e9 infla\u010dn\u00edmi tlaky, v\u00fdkyvy vn\u011bj\u0161\u00ed popt\u00e1vky a fisk\u00e1ln\u00edmi riziky spojen\u00fdmi s podm\u00edn\u011bn\u00fdmi z\u00e1vazky. Podle Asijsk\u00e9 rozvojov\u00e9 banky \u017eilo v roce 2022 zhruba dvacet sedm procent Mongol\u016f pod hranic\u00ed chudoby, zat\u00edmco HDP na obyvatele se bl\u00ed\u017eil dvan\u00e1cti tis\u00edc\u016fm americk\u00fdch dolar\u016f.<\/p>\n\n\n\n<p>Finan\u010dn\u00ed infrastruktura zahrnuje Mongolskou burzu cenn\u00fdch pap\u00edr\u016f, zalo\u017eenou v roce 1991. V roce 2024 na n\u00ed bylo k\u00f3tov\u00e1no p\u0159ibli\u017en\u011b 180 spole\u010dnost\u00ed s kombinovanou tr\u017en\u00ed kapitalizac\u00ed p\u0159ibli\u017en\u011b 3,2 miliardy americk\u00fdch dolar\u016f. Mezin\u00e1rodn\u00ed finan\u010dn\u00ed korporace \u0159ad\u00ed Mongolsko na 80. m\u00edsto na sv\u011bt\u011b, pokud jde o snadnost podnik\u00e1n\u00ed. \u00dav\u011brov\u00e9 a bankovn\u00ed slu\u017eby jsou soust\u0159ed\u011bny v Ul\u00e1nb\u00e1taru a vybran\u00fdch provin\u010dn\u00edch centrech, tak\u017ee mnoho region\u00e1ln\u00edch komunit je z\u00e1visl\u00fdch na neform\u00e1ln\u00edch p\u016fj\u010dk\u00e1ch nebo barteru.<\/p>\n\n\n\n<p>Dopravn\u00ed tepny prot\u00ednaj\u00ed rozlehlou zemi. Transmongolsk\u00e1 magistr\u00e1la spojuje Transsibi\u0159skou tra\u0165 v Ulan-Ude v Rusku, proch\u00e1z\u00ed Ul\u00e1nb\u00e1tarem a pokra\u010duje na jih, aby se napojila na \u010d\u00ednskou \u017eelezni\u010dn\u00ed s\u00ed\u0165 v Erenhotu. Samostatn\u00e9 n\u00e1kladn\u00ed spojen\u00ed z uheln\u00fdch pol\u00ed Tavan Tolgoi k \u010d\u00ednsk\u00fdm hranic\u00edm m\u011b\u0159\u00ed p\u0159ibli\u017en\u011b 233 kilometr\u016f. Silnice za zpevn\u011bn\u00fdmi koridory Ul\u00e1nb\u00e1taru vedou sp\u00ed\u0161e po \u0161t\u011brkov\u00fdch nebo jednoduch\u00fdch kolej\u00edch; zpevn\u011bn\u00e9 trasy se t\u00e1hnou na z\u00e1pad a na v\u00fdchod pod\u00e9l Millennium Road k rusk\u00fdm a \u010d\u00ednsk\u00fdm hranic\u00edm a mezi velk\u00fdmi m\u011bsty. Projekty v\u00fdstavby silnic si kladou za c\u00edl zlep\u0161it dopravn\u00ed spojen\u00ed, ale existuje pouze asi 4 800 kilometr\u016f zpevn\u011bn\u00fdch silnic, z nich\u017e 1 800 kilometr\u016f bylo dokon\u010deno jen v roce 2013.<\/p>\n\n\n\n<p>Leteck\u00e1 doprava slou\u017e\u00ed jak vnitrost\u00e1tn\u00edm, tak mezin\u00e1rodn\u00edm pot\u0159eb\u00e1m. Hlavn\u00ed vstupn\u00ed branou je mezin\u00e1rodn\u00ed leti\u0161t\u011b \u010cingisch\u00e1n, kter\u00e9 se nach\u00e1z\u00ed asi pades\u00e1t dva kilometr\u016f ji\u017en\u011b od Ul\u00e1nb\u00e1taru. P\u0159\u00edm\u00e9 lety spojuj\u00ed Mongolsko s Ji\u017en\u00ed Koreou, \u010c\u00ednou, Thajskem, Hongkongem, Japonskem, Ruskem, N\u011bmeckem a Tureckem. Mezin\u00e1rodn\u00ed trasy provozuje spole\u010dnost MIAT Mongolian Airlines; vnitrost\u00e1tn\u00ed a region\u00e1ln\u00ed lety poskytuj\u00ed dopravci jako Aero Mongolia a Hunnu Airlines.<\/p>\n\n\n\n<p>Administrativn\u011b je Mongolsko rozd\u011bleno do dvaceti jedna ajmak\u016f (provinci\u00ed) a jedn\u00e9 provin\u010dn\u00ed obce, Ul\u00e1nb\u00e1taru. Ka\u017ed\u00fd ajmak se skl\u00e1d\u00e1 z n\u011bkolika s\u00fam\u016f (podprovinci\u00ed), obvykle \u010d\u00edtaj\u00edc\u00edch patn\u00e1ct a\u017e dvacet dva na provincii. Kulturn\u011b a geograficky lze zemi rozd\u011blit do p\u011bti region\u016f: St\u0159edn\u00ed Mongolsko (zahrnuj\u00edc\u00ed Ul\u00e1nb\u00e1tar a Archangaj), V\u00fdchodn\u00ed Mongolsko (srdce stepi a rodi\u0161t\u011b \u010cingisch\u00e1na), Gobi, Severn\u00ed Mongolsko (zalesn\u011bn\u00e9 vrchoviny a jezero Ch\u00f6vsgul) a Z\u00e1padn\u00ed Mongolsko (rozmanit\u00e9 kmeny kolem jezera Uvs a masivu Tavan Bogd).<\/p>\n\n\n\n<p>Masiv Tavan Bogd na dalek\u00e9m z\u00e1pad\u011b Mongolska dosahuje sv\u00e9ho vrcholu na vrcholu Kh\u00fciten (4 374 m). Nedaleko se nach\u00e1z\u00ed jezero Uvs a jeho okoln\u00ed p\u00e1nev \u2013 sd\u00edlen\u00e1 s ruskou republikou Tuva \u2013 kter\u00e9 jsou zaps\u00e1ny na seznamu sv\u011btov\u00e9ho d\u011bdictv\u00ed UNESCO. Jezero Ch\u00f6vsg\u00f6l, rozlehl\u00e1 sladkovodn\u00ed plocha na severu, nab\u00edz\u00ed alpskou scen\u00e9rii a je domovem jedine\u010dn\u00fdch vodn\u00edch druh\u016f, jako je sibi\u0159sk\u00e1 kreveta. \u0158eky Onon a Kherlen, v\u00fdchodn\u00ed p\u0159\u00edtoky povod\u00ed Amuru, host\u00ed mihuli poto\u010dn\u00ed, raka daursk\u00e9ho a perlorodku. Obdob\u00ed extr\u00e9mn\u00edho chladu, m\u00edstn\u011b zn\u00e1m\u00e9ho jako zud, pravideln\u011b decimuje hospod\u00e1\u0159sk\u00e1 zv\u00ed\u0159ata, co\u017e podtrhuje k\u0159ehkost pastvin a ekonomick\u00e9 s\u00e1zky pastevectv\u00ed.<\/p>\n\n\n\n<p>Mongolsk\u00e1 vlajka nese symbol Sojombo: stylizovan\u00fd symbol ohn\u011b a slunce, kter\u00fd p\u0159edstavuje slunce, m\u011bs\u00edc, hv\u011bzdy a oblohu, p\u0159evzat\u00fd z buddhistick\u00e9 kosmologie. Tato ikona se objevuje tak\u00e9 na dve\u0159\u00edch mongolsk\u00fdch m\u011bst, na m\u011bn\u00e1ch a ve\u0159ejn\u00fdch budov\u00e1ch. Kdy\u017e u\u017e mluv\u00edme o pen\u011bz\u00edch, mongolsk\u00fd t\u00f6gr\u00f6g (k\u00f3d ISO MNT, znak \u20ae) ob\u00edh\u00e1 v nomin\u00e1ln\u00edch hodnot\u00e1ch od 1 do 20 000. Mimo zemi je t\u00f6gr\u00f6g v ciz\u00edch m\u011bn\u00e1ch vz\u00e1cn\u00fd; cestovatel\u016fm se doporu\u010duje nosit s sebou americk\u00e9 dolary na v\u011bt\u0161\u00ed v\u00fddaje, a\u010dkoli t\u00f6gr\u00f6g v mal\u00e9 nomin\u00e1ln\u00ed hodnot\u011b z\u016fst\u00e1v\u00e1 nezbytn\u00fd pro transakce na venkov\u011b.<\/p>\n\n\n\n<p>Kulin\u00e1\u0159sk\u00e9 praktiky odr\u00e1\u017eej\u00ed klima a pasteveck\u00fd styl. V j\u00eddeln\u00ed\u010dku dominuj\u00ed ml\u00e9\u010dn\u00e9 v\u00fdrobky \u2013 byaslag (\u010derstv\u00fd s\u00fdr), \u00f6r\u00f6m (sra\u017een\u00e1 smetana) a aaruul (su\u0161en\u00fd tvaroh) \u2013 a maso. Z\u00e1kladn\u00edmi potravinami m\u011bst jsou buuz (du\u0161en\u00e9 masov\u00e9 knedl\u00ed\u010dky), khuushuur (sma\u017een\u00e9 placky pln\u011bn\u00e9 masem) a tsuivan (restovan\u00e9 nudle s masem), ka\u017ed\u00fd z nich stoj\u00ed n\u011bkolik tis\u00edc t\u00f6gr\u00f6g\u016f. Venkov\u0161t\u00ed pastevci mohou p\u0159ipravovat budog, pe\u010den\u00e9 koz\u00ed nebo svi\u0161t\u011b pe\u010den\u00e9 v k\u016f\u017ei zv\u00ed\u0159ete pomoc\u00ed rozp\u00e1len\u00fdch kamen\u016f, nebo khorkhog, ve kter\u00e9m se skopov\u00e9 maso, zelenina a rozp\u00e1len\u00e9 kameny va\u0159\u00ed v uzav\u0159en\u00e9m kotli na otev\u0159en\u00e9m ohni. Tradi\u010dn\u00edm n\u00e1pojem je arag \u2013 fermentovan\u00e9 kobyl\u00ed ml\u00e9ko, zat\u00edmco arkhi \u2013 destilovan\u00fd ml\u00e9\u010dn\u00fd lik\u00e9r \u2013 slou\u017e\u00ed jak l\u00e9\u010div\u00fdm, tak i spole\u010densk\u00fdm \u00fa\u010del\u016fm. Mongolsk\u00e9 zna\u010dky vodky, jako je Chinggis Khaan, Soyombo a Golden Chinggis, jsou \u0161iroce dostupn\u00e9, stejn\u011b jako dov\u00e1\u017een\u00e1 i m\u00edstn\u00ed piva.<\/p>\n\n\n\n<p>Turist\u00e9 se mimo hlavn\u00ed centra setk\u00e1vaj\u00ed s jen m\u00e1lo form\u00e1ln\u00edmi silnicemi; cestov\u00e1n\u00ed po sou\u0161i \u010dasto zahrnuje j\u00edzdu autem p\u0159es otev\u0159enou step, j\u00edzdu na koni, velbloud\u00ed karavany v poho\u0159\u00ed Gobi nebo dokonce n\u00e1vrat po \u010d\u00e1stech starov\u011bk\u00e9 Hedv\u00e1bn\u00e9 stezky. Ubytov\u00e1n\u00ed sah\u00e1 od t\u00e1bor\u016f ger pobl\u00ed\u017e Ul\u00e1nb\u00e1taru a\u017e po z\u00e1kladn\u00ed ubytov\u00e1n\u00ed v provin\u010dn\u00edch m\u011bstech, p\u0159i\u010dem\u017e mnoho cestovatel\u016f se rozhodne p\u0159enocovat u ko\u010dovn\u00fdch rodin \u2013 s mo\u017enost\u00ed sd\u00edlet j\u00eddlo z va\u0159en\u00e9ho skopov\u00e9ho masa a ml\u00e9\u010dn\u00e9ho \u010daje a b\u00fdt sv\u011bdky hrdeln\u00edho zp\u011bvu, lovu orl\u016f nebo \u0161amansk\u00fdch ob\u0159ad\u016f. Milovn\u00edci divok\u00e9 zv\u011b\u0159e mohou vyhledat kon\u011b P\u0159evalsk\u00e9ho v n\u00e1rodn\u00edm parku Khustain Nuruu, sibi\u0159sk\u00e9ho kozoro\u017ece v altajsk\u00e9m Tavan Bogdu nebo migraci pt\u00e1k\u016f v Uvs Nuur.<\/p>\n\n\n\n<p>Mezi bezpe\u010dnostn\u00ed aspekty pat\u0159\u00ed nep\u0159edv\u00eddateln\u00e9 po\u010das\u00ed, zejm\u00e9na v zim\u011b, a potuluj\u00edc\u00ed se hl\u00eddac\u00ed psi ve venkovsk\u00fdch oblastech. Chyb\u011bj\u00edc\u00ed poklopy \u0161achet v m\u011bstsk\u00fdch a p\u0159\u00edm\u011bstsk\u00fdch z\u00f3n\u00e1ch p\u0159edstavuj\u00ed skryt\u00e9 nebezpe\u010d\u00ed, zejm\u00e9na za \u0161patn\u00e9 viditelnosti. N\u00e1v\u0161t\u011bvn\u00edci by m\u011bli respektovat m\u00edstn\u00ed citlivost, zejm\u00e9na v\u00fdrazn\u00e9 proti\u010d\u00ednsk\u00e9 n\u00e1lady: zm\u00ednky o Vnit\u0159n\u00edm Mongolsku jako o Ji\u017en\u00edm Mongolsku nebo kritika \u010d\u00ednsk\u00e9 politiky mohou b\u00fdt ur\u00e1\u017eliv\u00e9.<\/p>\n\n\n\n<p>Mongolsko z\u016fst\u00e1v\u00e1 jedn\u00edm z posledn\u00edch rozloh otev\u0159en\u00e9 krajiny, kde nom\u00e1dsk\u00e9 tradice p\u0159etrv\u00e1vaj\u00ed ve velk\u00e9m m\u011b\u0159\u00edtku. Jeho vrcholy a pou\u0161t\u011b, stepi s \u0159\u00eddk\u00fdmi \u0161t\u011brbinami a m\u011bsta nap\u016fl ztracen\u00e1 v zimn\u00edch inverzn\u00edch vrstv\u00e1ch spole\u010dn\u011b tvo\u0159\u00ed n\u00e1rod starobyl\u00fd i adaptivn\u00ed, formovan\u00fd klimatem, dobyt\u00edm a odoln\u00fdmi kulturami stepi. Zde, pod \u201eZem\u00ed modr\u00e9 oblohy\u201c, koexistuj\u00ed modern\u00ed aspirace a odv\u011bk\u00e9 rytmy v krajin\u011b stejn\u011b impozantn\u00ed jako rozlehl\u00e9.<\/p>","protected":false},"excerpt":{"rendered":"<p>Mongolsko, le\u017e\u00edc\u00ed ve v\u00fdchodn\u00ed Asii, je vnitrozemsk\u00fd st\u00e1t s 3,5 miliony obyvatel. Dr\u017e\u00ed vyznamen\u00e1n\u00ed za nej\u0159id\u010deji obydlen\u00fd suver\u00e9nn\u00ed st\u00e1t na sv\u011bt\u011b, kter\u00fd zahrnuje obrovskou oblast 1 564 116 kilometr\u016f \u010dtvere\u010dn\u00edch. Tato rozlehl\u00e1 zem\u011b le\u017e\u00edc\u00ed mezi Ruskem na severu a \u010c\u00ednou na jihu se vyzna\u010duje rozmanit\u00fdm ter\u00e9nem, \u200b\u200bkter\u00fd zahrnuje travnat\u00e9 stepi, horsk\u00e9 oblasti a proslulou pou\u0161\u0165 Gobi. Mongolsko, nejv\u011bt\u0161\u00ed vnitrozemsk\u00e1 zem\u011b bez p\u0159\u00edstupu k uzav\u0159en\u00e9mu mo\u0159i, se vyzna\u010duje v\u00fdrazn\u00fdm geografick\u00fdm profilem, kter\u00fd ovlivnil jeho historii, kulturu a v\u00fdvoj.<\/p>","protected":false},"author":1,"featured_media":4234,"parent":24063,"menu_order":0,"comment_status":"closed","ping_status":"closed","template":"elementor_theme","meta":{"_eb_attr":"","footnotes":""},"class_list":["post-15411","page","type-page","status-publish","has-post-thumbnail"],"_links":{"self":[{"href":"https:\/\/travelshelper.com\/cs\/wp-json\/wp\/v2\/pages\/15411","targetHints":{"allow":["GET"]}}],"collection":[{"href":"https:\/\/travelshelper.com\/cs\/wp-json\/wp\/v2\/pages"}],"about":[{"href":"https:\/\/travelshelper.com\/cs\/wp-json\/wp\/v2\/types\/page"}],"author":[{"embeddable":true,"href":"https:\/\/travelshelper.com\/cs\/wp-json\/wp\/v2\/users\/1"}],"replies":[{"embeddable":true,"href":"https:\/\/travelshelper.com\/cs\/wp-json\/wp\/v2\/comments?post=15411"}],"version-history":[{"count":0,"href":"https:\/\/travelshelper.com\/cs\/wp-json\/wp\/v2\/pages\/15411\/revisions"}],"up":[{"embeddable":true,"href":"https:\/\/travelshelper.com\/cs\/wp-json\/wp\/v2\/pages\/24063"}],"wp:featuredmedia":[{"embeddable":true,"href":"https:\/\/travelshelper.com\/cs\/wp-json\/wp\/v2\/media\/4234"}],"wp:attachment":[{"href":"https:\/\/travelshelper.com\/cs\/wp-json\/wp\/v2\/media?parent=15411"}],"curies":[{"name":"wp","href":"https:\/\/api.w.org\/{rel}","templated":true}]}}