{"id":15389,"date":"2024-09-20T23:31:15","date_gmt":"2024-09-20T23:31:15","guid":{"rendered":"https:\/\/travelshelper.com\/staging\/?page_id=15389"},"modified":"2026-03-11T18:34:34","modified_gmt":"2026-03-11T18:34:34","slug":"myanmar","status":"publish","type":"page","link":"https:\/\/travelshelper.com\/cs\/destinations\/asia\/myanmar\/","title":{"rendered":"Myanmar"},"content":{"rendered":"<p>Myanmar, ofici\u00e1ln\u011b Republika Myanmarsk\u00fd svaz a v angli\u010dtin\u011b dlouho zn\u00e1m\u00fd jako Barma (a\u017e do roku 1989), zab\u00edr\u00e1 rozs\u00e1hlou \u010d\u00e1st pevninsk\u00e9 jihov\u00fdchodn\u00ed Asie. Rozkl\u00e1d\u00e1 se od Beng\u00e1lsk\u00e9ho z\u00e1livu a Andamansk\u00e9ho mo\u0159e na jihoz\u00e1pad\u011b a\u017e po poho\u0159\u00ed hrani\u010d\u00edc\u00ed s \u010c\u00ednou na severov\u00fdchod\u011b a jeho 678 500 kilometr\u016f \u010dtvere\u010dn\u00edch zahrnuje tropick\u00e9 pob\u0159e\u017e\u00ed, \u00farodn\u00e1 \u0159\u00ed\u010dn\u00ed \u00fadol\u00ed a ty\u010d\u00edc\u00ed se vrcholy. Hlavn\u00ed m\u011bsto zem\u011b, Neipyijto, s populac\u00ed bl\u00ed\u017e\u00edc\u00ed se pades\u00e1ti p\u011bti milion\u016fm obyvatel le\u017e\u00ed v geografick\u00e9m srdci n\u00e1roda, jeho\u017e nejv\u011bt\u0161\u00ed m\u011bsto, Rang\u00fan, si zachov\u00e1v\u00e1 ozv\u011bny koloni\u00e1ln\u00ed velkoleposti spolu se zlacen\u00fdmi buddhistick\u00fdmi pagodami.<\/p>\n\n\n\n<p>Myanmarsk\u00fd ter\u00e9n je rozd\u011blen \u0159adou severoji\u017en\u00edch horsk\u00fdch p\u00e1s\u016f, kter\u00e9 vedou od severu k jihu a vedou na v\u00fdchodn\u00ed okraj indick\u00e9ho subkontinentu. Na z\u00e1pad\u011b odd\u011bluje pob\u0159e\u017en\u00ed p\u00e1s Rakhine Yoma od vnitrozemsk\u00fdch rovin; d\u00e1le na v\u00fdchod\u011b vymezuj\u00ed poho\u0159\u00ed Bago Yoma a Shan Hills \u0159\u00ed\u010dn\u00ed syst\u00e9my Irrawaddy a Salween do samostatn\u00fdch koridor\u016f. Hkakabo Razi, na dalek\u00e9m severu st\u00e1tu Ka\u010djin, se ty\u010d\u00ed do v\u00fd\u0161ky 5 881 metr\u016f a p\u0159edstavuje st\u0159echu zem\u011b a spojen\u00ed mezi v\u00fdchodn\u00edm Him\u00e1lajem a poho\u0159\u00edm Hengduan. Tato vrchovina je rodi\u0161t\u011bm \u0159ek Irrawaddy, Salween (Thanlwin) a Sittaung, jejich\u017e \u00fadol\u00ed vy\u017eivuj\u00ed v\u011bt\u0161inu obyvatelstva a poskytuj\u00ed r\u00fd\u017eov\u00e1 pole, kter\u00e1 jsou z\u00e1kladem po sob\u011b jdouc\u00edch barmsk\u00fdch politick\u00fdch syst\u00e9m\u016f.<\/p>\n\n\n\n<p>V pob\u0159e\u017en\u00edch oblastech doch\u00e1z\u00ed k monzunov\u00fdm povodn\u00edm s ro\u010dn\u00edm \u00fahrnem p\u0159esahuj\u00edc\u00edm 5 000 milimetr\u016f, zat\u00edmco v centr\u00e1ln\u00ed such\u00e9 z\u00f3n\u011b spadne m\u00e9n\u011b ne\u017e 1 000 milimetr\u016f. Teploty se pohybuj\u00ed od m\u00edrn\u00fdch 21 \u00b0C v severn\u00ed vyso\u010din\u011b a\u017e po maxima nad 32 \u00b0C v delt\u011b. Prost\u0159ed\u00ed ovliv\u0148uj\u00ed i \u200b\u200bneklidn\u00e9 tektonick\u00e9 s\u00edly: Sagaingsk\u00fd zlom, hranice mezi Indickou a Euroasijskou deskou, zp\u016fsobil zem\u011bt\u0159esen\u00ed o s\u00edle a\u017e 8 stup\u0148\u016f Richterovy \u0161k\u00e1ly, co\u017e z Myanmaru d\u011bl\u00e1 jednu z nejseismicky nejaktivn\u011bj\u0161\u00edch zem\u00ed sv\u011bta.<\/p>\n\n\n\n<p>Nejstar\u0161\u00ed m\u011bstsk\u00e1 centra v Myanmaru se objevila jako dva odli\u0161n\u00e9 civiliza\u010dn\u00ed proudy. Na severu vzkv\u00e9taly tibetsko-barmsky mluv\u00edc\u00ed m\u011bstsk\u00e9 st\u00e1ty Pju pod\u00e9l \u0159eky Irrawaddy ji\u017e od druh\u00e9ho stolet\u00ed n. l. Na jihu zalo\u017eili Monov\u00e9 kr\u00e1lovstv\u00ed, jejich\u017e obchodn\u00ed s\u00edt\u011b sahaly a\u017e k Beng\u00e1lsk\u00e9mu z\u00e1livu. V 9. stolet\u00ed zah\u00e1jily vlny migrace Bamar\u016f do horn\u00edho \u00fadol\u00ed proces, v n\u011bm\u017e barmsk\u00fd jazyk, kultura a th\u00e9rav\u00e1dov\u00e1 forma buddhismu postupn\u011b z\u00edskaly na p\u0159evaze. Pohansk\u00e9 kr\u00e1lovstv\u00ed, zalo\u017een\u00e9 v polovin\u011b 11. stolet\u00ed, si nechalo postavit tis\u00edce chr\u00e1m\u016f na sv\u00e9 hlavn\u00ed pl\u00e1ni a vytvo\u0159ilo tak kulturn\u00ed \u0161ablonu, kter\u00e1 p\u0159etrv\u00e1vala dlouho pot\u00e9, co mongolsk\u00e9 invaze na konci 13. stolet\u00ed rozdrtily \u00fast\u0159edn\u00ed autoritu.<\/p>\n\n\n\n<p>V n\u00e1sleduj\u00edc\u00edch stolet\u00edch se soupe\u0159\u00edc\u00ed st\u00e1ty p\u0159etahovaly o nadvl\u00e1du, dokud vzestup dynastie Taungoo v 16. stolet\u00ed na kr\u00e1tkou dobu nespojil v\u011bt\u0161inu dne\u0161n\u00edho Myanmaru s nejv\u011bt\u0161\u00ed \u0159\u00ed\u0161\u00ed jihov\u00fdchodn\u00ed Asie. Na za\u010d\u00e1tku 19. stolet\u00ed roz\u0161\u00ed\u0159ila dynastie Konbaung sv\u016fj vliv za povod\u00ed Irrawaddy do Assamu, Manipuru a poho\u0159\u00ed Lushai. Postupn\u00e9 por\u00e1\u017eky ve t\u0159ech anglo-barmsk\u00fdch v\u00e1lk\u00e1ch v\u0161ak nakonec ud\u011blaly z Myanmaru majetek Britsk\u00e9 V\u00fdchodoindick\u00e9 spole\u010dnosti a pozd\u011bji provincii v r\u00e1mci Britsk\u00e9 Indie.<\/p>\n\n\n\n<p>Za koloni\u00e1ln\u00ed nadvl\u00e1dy byla barmsk\u00e1 zem\u011bd\u011blsk\u00e1 ekonomika p\u0159epracov\u00e1na tak, aby dod\u00e1vala r\u00fd\u017ei a teakov\u00e9 d\u0159evo na sv\u011btov\u00e9 trhy. Zaveden\u00ed z\u00e1padn\u00edho vzd\u011bl\u00e1vac\u00edho syst\u00e9mu koexistovalo s misijn\u00edm \u00fasil\u00edm a r\u016fstem m\u011bstsk\u00e9 st\u0159edn\u00ed t\u0159\u00eddy, zejm\u00e9na v Rang\u00fanu (tehdy Rang\u00fan). Naru\u0161en\u00ed druh\u00e9 sv\u011btov\u00e9 v\u00e1lky p\u0159ineslo kr\u00e1tkou japonskou okupaci (1942\u201345), po n\u00ed\u017e spojeneck\u00e9 s\u00edly \u00fazem\u00ed znovu dobyly. Dne 4. ledna 1948 Barma vyhl\u00e1sila nez\u00e1vislost na z\u00e1klad\u011b Z\u00e1kona o nez\u00e1vislosti Barmy, \u010d\u00edm\u017e zavedla parlamentn\u00ed syst\u00e9m, kter\u00fd trval pouze do roku 1962.<\/p>\n\n\n\n<p>Z\u00e1chvat pov\u00e1le\u010dn\u00e9 nestability vyvrcholil st\u00e1tn\u00edm p\u0159evratem gener\u00e1la Ne Wina v roce 1962. Nov\u00e1 Barmsk\u00e1 socialistick\u00e1 programov\u00e1 strana zavedla izolacionistickou hospod\u00e1\u0159skou politiku a potla\u010dovala disent, p\u0159i\u010dem\u017e vojensk\u00e9 velen\u00ed zapracovala do ka\u017ed\u00e9 institucion\u00e1ln\u00ed struktury. Povst\u00e1n\u00ed 8888 v srpnu 1988 vedlo k celost\u00e1tn\u00edm protest\u016fm, po nich\u017e n\u00e1sledoval dal\u0161\u00ed z\u00e1sah a z\u0159\u00edzen\u00ed St\u00e1tn\u00ed rady pro obnovu pr\u00e1va a po\u0159\u00e1dku (SLORC). A\u010dkoli v roce 1990 do\u0161lo k nomin\u00e1ln\u00edmu p\u0159echodu k pluralitn\u00edm volb\u00e1m, arm\u00e1da se odm\u00edtla vzd\u00e1t moci. B\u011bhem n\u00e1sleduj\u00edc\u00edch desetilet\u00ed se etnick\u00e9 povst\u00e1n\u00ed zn\u00e1sobily a vedly k jedn\u00e9 z nejd\u00e9le trvaj\u00edc\u00edch ob\u010dansk\u00fdch v\u00e1lek na sv\u011bt\u011b. Zpr\u00e1vy OSN a organizac\u00ed pro lidsk\u00e1 pr\u00e1va dokumentuj\u00ed systematick\u00e9 zneu\u017e\u00edv\u00e1n\u00ed civiln\u00edho obyvatelstva, zejm\u00e9na mezi komunitami Karen, Ka\u010djin a \u0160ani.<\/p>\n\n\n\n<p>Po volb\u00e1ch v roce 2010 se objevily n\u00e1znaky reforem: vojensk\u00e1 junta se v roce 2011 rozpustila, politi\u010dt\u00ed v\u011bzni byli propu\u0161t\u011bni a volby v roce 2015 p\u0159ivedly k moci N\u00e1rodn\u00ed ligu pro demokracii (NLD) Aun Schan Su \u0164ij. Mezin\u00e1rodn\u00ed sankce se zm\u00edrnily, ale vl\u00e1dn\u00ed p\u0159\u00edstup k muslimsk\u00e9 men\u0161in\u011b Rohing\u016f ve st\u00e1t\u011b Rakhine vyvolal nov\u00e9 odsouzen\u00ed a p\u0159\u00edliv uprchl\u00edk\u016f. NLD si v roce 2020 zajistila dal\u0161\u00ed mand\u00e1t, jen aby byla 1. \u00fanora 2021 svr\u017eena p\u0159i p\u0159evratu. \u00da\u0159ad Tatmadaw zadr\u017eel Aun Schan Su \u0164ij na z\u00e1klad\u011b obvin\u011bn\u00ed, kter\u00e1 jsou v\u0161eobecn\u011b pova\u017eov\u00e1na za politicky motivovan\u00e1, a rozs\u00e1hl\u00e9 protesty proti junt\u011b se setkaly s vra\u017eednou silou. P\u0159evrat znovu rozpoutal ozbrojen\u00e9 konflikty a vyhnalo v\u00edce ne\u017e 600 000 lid\u00ed v r\u00e1mci zem\u011b; k prosinci 2024 bylo vnit\u0159n\u011b vys\u00eddleno p\u0159es 3,5 milionu lid\u00ed a 1,3 milionu bylo registrov\u00e1no jako uprchl\u00edci nebo \u017eadatel\u00e9 o azyl.<\/p>\n\n\n\n<p>Vnit\u0159n\u00ed geografie Myanmaru je kodifikov\u00e1na do sedmi region\u016f (p\u0159ev\u00e1\u017en\u011b Bamar) a sedmi st\u00e1t\u016f (kde ob\u00fdvaj\u00ed hlavn\u00ed etnick\u00e9 skupiny). Tyto \u00farovn\u011b se d\u00e1le d\u011bl\u00ed na 63 okres\u016f, 324 m\u011bstsk\u00fdch \u010d\u00e1st\u00ed, p\u0159es 300 m\u011bst a obc\u00ed a v\u00edce ne\u017e 65 000 vesnic. Oblast delty Irrawaddy \u2013 Ayeyarwady Region \u2013 se skl\u00e1d\u00e1 ze \u0161esti okres\u016f a podporuje p\u011bstov\u00e1n\u00ed r\u00fd\u017ee v ploch\u00fdch mok\u0159adech. Naproti tomu st\u00e1t Shan, nejv\u011bt\u0161\u00ed co do rozlohy, obsahuje jeden\u00e1ct okres\u016f a p\u0159es 15 000 vesnic, z nich\u017e mnoh\u00e9 se nach\u00e1zej\u00ed na vrcholu \u0160ansk\u00e9 plo\u0161iny.<\/p>\n\n\n\n<p>V Myanmaru \u017eije zhruba 76 lid\u00ed na kilometr \u010dtvere\u010dn\u00ed, co\u017e je jedna z nejni\u017e\u0161\u00edch hustot obyvatelstva v jihov\u00fdchodn\u00ed Asii. S\u010d\u00edt\u00e1n\u00ed lidu z roku 2014 zaznamenalo n\u011bco m\u00e1lo p\u0159es 51 milion\u016f obyvatel, s vylou\u010den\u00edm v\u00fdznamn\u00e9ho po\u010dtu nezapo\u010d\u00edtan\u00fdch populac\u00ed v konfliktn\u00edch z\u00f3n\u00e1ch. Plodnost v posledn\u00edch desetilet\u00edch prudce klesla \u2013 ze 4,7 d\u00edt\u011bte na \u017eenu v roce 1983 na p\u0159ibli\u017en\u011b 2,2 v roce 2011 \u2013 co\u017e je zp\u016fsobeno odlo\u017een\u00fdm s\u0148atkem a p\u0159\u00edstupem k pl\u00e1novan\u00e9mu rodi\u010dovstv\u00ed. V d\u016fsledku toho z\u016fst\u00e1v\u00e1 v\u00edce ne\u017e \u010dtvrtina dosp\u011bl\u00fdch ve v\u011bku 25\u201334 let svobodn\u00e1.<\/p>\n\n\n\n<p>St\u00e1t uzn\u00e1v\u00e1 135 etnick\u00fdch skupin, kter\u00e9 jsou rozd\u011bleny do nejm\u00e9n\u011b 108 etnolingvistick\u00fdch kategori\u00ed. Koexistuj\u00ed \u010dty\u0159i hlavn\u00ed jazykov\u00e9 rodiny: sinotibetsk\u00e1 (v\u010detn\u011b barm\u0161tiny, karen\u0161tiny a ka\u010din\u0161tiny), tai-kadai (hlavn\u011b \u0161an\u0161tina), austroasijsk\u00e1 (jako je mon\u0161tina a palaung\u0161tina) a indoevropsk\u00e1 (zejm\u00e9na p\u00e1l\u00ed pro liturgii a angli\u010dtinu). Barm\u0161tina, psan\u00e1 zaoblen\u00fdm p\u00edsmem odvozen\u00fdm od mon\u0161tiny a nakonec z ji\u017en\u00edch indick\u00fdch abeced, je mate\u0159sk\u00fdm jazykem bamarsk\u00e9 v\u011bt\u0161iny (asi 68 procent) a z\u00e1rove\u0148 lingua franca pro vl\u00e1du, m\u00e9dia a vzd\u011bl\u00e1v\u00e1n\u00ed.<\/p>\n\n\n\n<p>Th\u00e9rav\u00e1dov\u00fd buddhismus dominuje duchovn\u00ed krajin\u011b: t\u00e9m\u011b\u0159 dev\u011bt z deseti ob\u010dan\u016f se k v\u00ed\u0159e hl\u00e1s\u00ed. Pagody prot\u00ednaj\u00ed ka\u017ed\u00fd obzor \u2013 nejzn\u00e1m\u011bj\u0161\u00ed je pagoda \u0160v\u00e9dagon v Rang\u00fanu, pozlacen\u00e1 stovkami zlat\u00fdch desek. Kl\u00e1\u0161tery tvo\u0159\u00ed vesnick\u00e9 j\u00e1dra, kde chlapci obvykle p\u0159ed dosa\u017een\u00edm dvaceti let p\u0159ij\u00edmaj\u00ed mni\u0161sk\u00e9 novice v ritu\u00e1lu \u0161inbj\u00fa; men\u0161ina postupuje k pln\u00e9mu mni\u0161stv\u00ed. Vedle buddhistick\u00e9 oddanosti p\u0159etrv\u00e1vaj\u00ed animistick\u00e9 tradice prost\u0159ednictv\u00edm uct\u00edv\u00e1n\u00ed nat \u2013 pocty panteonu 37 duch\u016f integrovan\u00fdch do m\u00edstn\u00ed praxe.<\/p>\n\n\n\n<p>K\u0159es\u0165anstv\u00ed a isl\u00e1m existuj\u00ed v men\u0161\u00edch enkl\u00e1v\u00e1ch, zejm\u00e9na mezi men\u0161inami Ka\u010djin, \u010cin a Karen, kter\u00e9 \u010dasto \u010del\u00ed p\u0159ek\u00e1\u017ek\u00e1m p\u0159i n\u00e1boru do arm\u00e1dy a st\u00e1tn\u00edch slu\u017eeb. Hinduistick\u00e9 chr\u00e1my p\u0159etrv\u00e1vaj\u00ed jen okrajov\u011b, zat\u00edmco animistick\u00e9 zvyky zanech\u00e1vaj\u00ed stopu v ka\u017edodenn\u00edm \u017eivot\u011b, od svatyn\u00ed str\u00e1\u017en\u00fdch duch\u016f u silnic a\u017e po ka\u017edoro\u010dn\u00ed pagodov\u00e9 festivaly, kter\u00e9 spojuj\u00ed komunity.<\/p>\n\n\n\n<p>Barmsk\u00e1 kultura se projevuje v jej\u00edm performativn\u00edm um\u011bn\u00ed. Yama Zatdaw, domorod\u00e1 verze R\u00e1m\u00e1jany, v sob\u011b spojuje thajsk\u00e9, monsk\u00e9 a indick\u00e9 vlivy a z\u016fst\u00e1v\u00e1 n\u00e1rodn\u00edm eposem. Tradi\u010dn\u00ed hudba se vyzna\u010duje klenut\u00fdmi harfami a bambusov\u00fdmi xylofony; tane\u010dn\u00edci p\u0159edv\u00e1d\u011bj\u00ed p\u0159\u00edb\u011bhy d\u017eataka jemn\u00fdmi, stylizovan\u00fdmi pohyby. Liter\u00e1rn\u00ed d\u00edla \u010dasto \u010derpaj\u00ed z buddhistick\u00fdch podobenstv\u00ed a lidov\u00fdch vypr\u00e1v\u011bn\u00ed a prol\u00ednaj\u00ed mor\u00e1ln\u00ed pou\u010den\u00ed s poetick\u00fdm n\u00e1dechem.<\/p>\n\n\n\n<p>Myanmar se nach\u00e1z\u00ed v n\u011bkter\u00fdch z nejzachovalej\u0161\u00edch ekosyst\u00e9m\u016f jihov\u00fdchodn\u00ed Asie. Jeho 64 suchozemsk\u00fdch biotop\u016f zahrnuje tropick\u00e9 vlhk\u00e9 lesy, vnitrozemsk\u00e9 mok\u0159ady, pob\u0159e\u017en\u00ed mangrovy a alpsk\u00e9 louky. \u00dato\u010di\u0161t\u011b zde nach\u00e1z\u00ed v\u00edce ne\u017e 16 000 druh\u016f rostlin a bohat\u00e1 fauna \u2013 v\u010detn\u011b v\u00edce ne\u017e 1 100 pt\u00e1k\u016f, 314 savc\u016f a 293 plaz\u016f. P\u0159esto intensifikaci vyu\u017e\u00edv\u00e1n\u00ed p\u016fdy a t\u011b\u017ebu d\u0159eva ohro\u017euje t\u00e9m\u011b\u0159 polovinu t\u011bchto ekosyst\u00e9m\u016f; t\u0159etina p\u016fdy ji\u017e v posledn\u00edch dvou stolet\u00edch p\u0159e\u0161la na antropogenn\u00ed vyu\u017eit\u00ed. Seismick\u00e1 aktivita, zm\u011bna klimatu a monzunov\u00e9 extr\u00e9my zhor\u0161uj\u00ed environment\u00e1ln\u00ed z\u00e1t\u011b\u017e.<\/p>\n\n\n\n<p>Myanmar si je v\u011bdom t\u011bchto tlak\u016f a zapojil se do region\u00e1ln\u00edho \u00fasil\u00ed o roz\u0161\u00ed\u0159en\u00ed obnoviteln\u00fdch zdroj\u016f energie, zejm\u00e9na sol\u00e1rn\u00ed energie, kter\u00e1 nab\u00edz\u00ed nejv\u011bt\u0161\u00ed potenci\u00e1l mezi zem\u011bmi Velk\u00e9ho Mekongu. Partnerstv\u00ed s Programem OSN pro \u017eivotn\u00ed prost\u0159ed\u00ed a dom\u00e1c\u00edmi agenturami vedlo k vytvo\u0159en\u00ed n\u00e1rodn\u00ed politiky v oblasti zm\u011bny klimatu, kter\u00e1 se zam\u011b\u0159uje na modernizaci infrastruktury, odoln\u00e9 zem\u011bd\u011blsk\u00e9 techniky a sni\u017eov\u00e1n\u00ed emis\u00ed sklen\u00edkov\u00fdch plyn\u016f. V roce 2015 Sv\u011btov\u00e1 banka formalizovala r\u00e1mec pro roz\u0161\u00ed\u0159en\u00ed p\u0159\u00edstupu k elekt\u0159in\u011b pro \u0161est milion\u016f lid\u00ed a zlep\u0161en\u00ed zdravotn\u00ed p\u00e9\u010de pro t\u011bhotn\u00e9 \u017eeny a d\u011bti.<\/p>\n\n\n\n<p>Myanmar, z\u00e1sob\u00e1rna p\u0159\u00edrodn\u00edho bohatstv\u00ed, je zdrojem nefritu, drahokam\u016f, teakov\u00e9ho d\u0159eva, ropy a zemn\u00edho plynu. Des\u00edtky let konflikt\u016f, korupce a nedostate\u010dn\u00fdch investic v\u0161ak rozvoj brzd\u00ed. V roce 2013 \u010dinil nomin\u00e1ln\u00ed HDP 56,7 miliardy USD (221,5 miliardy USD PPP) a do roku 2019 vzrostl na 76 miliard USD; nerovnost p\u0159\u00edjm\u016f je v\u0161ak jednou z nejv\u011bt\u0161\u00edch na sv\u011bt\u011b, proto\u017ee kl\u00ed\u010dov\u00fdm odv\u011btv\u00edm dominuj\u00ed vojensky podporovan\u00ed kump\u00e1ni. Rang\u00fansk\u00e1 burza cenn\u00fdch pap\u00edr\u016f, otev\u0159en\u00e1 v roce 2014, symbolizuje rod\u00edc\u00ed se kapit\u00e1lov\u00e9 trhy, ale neform\u00e1ln\u00ed ekonomika \u2013 spojen\u00e1 s pa\u0161ov\u00e1n\u00edm a neleg\u00e1ln\u00edm obchodem \u2013 z\u016fst\u00e1v\u00e1 rozs\u00e1hl\u00e1.<\/p>\n\n\n\n<p>Myanmar zauj\u00edm\u00e1 v Zlat\u00e9m troj\u00faheln\u00edku \u00fast\u0159edn\u00ed m\u00edsto, hned za Afgh\u00e1nist\u00e1nem v produkci opia. A\u010dkoli p\u011bstov\u00e1n\u00ed opia po roce 2015 pokleslo, v roce 2022 se plocha p\u011bstov\u00e1n\u00ed rozrostla o t\u0159etinu a potenci\u00e1ln\u00ed produkce dos\u00e1hla t\u00e9m\u011b\u0159 790 tun. Z\u00e1rove\u0148 se st\u00e1t \u0160an stal centrem v\u00fdroby metamfetaminu, kde bylo na ja\u0159e 2020 zaznamen\u00e1no zabaven\u00ed v\u00edce ne\u017e 193 milion\u016f tablet spolu s prekurzory a za\u0159\u00edzen\u00edm. OSN varuje, \u017ee ekonomick\u00e9 naru\u0161en\u00ed v d\u016fsledku pandemie COVID-19 a politick\u00e9 ot\u0159esy mohou podn\u00edtit dal\u0161\u00ed o\u017eiven\u00ed tohoto neleg\u00e1ln\u00edho pr\u016fmyslu.<\/p>\n\n\n\n<p>Navzdory nest\u00e1losti l\u00e1k\u00e1 kulturn\u00ed a p\u0159\u00edrodn\u00ed bohatstv\u00ed Myanmaru dobrodru\u017en\u00e9 cestovatele. Hlavn\u00ed vstupn\u00ed branou je leteck\u00e1 doprava: p\u0159\u00edm\u00e9 lety z\u016fst\u00e1vaj\u00ed omezen\u00e9, a\u010dkoli spojen\u00ed p\u0159es region\u00e1ln\u00ed uzly se nad\u00e1le roz\u0161i\u0159uje. Mezi n\u011bkter\u00fdmi thajsk\u00fdmi a \u010d\u00ednsk\u00fdmi hrani\u010dn\u00edmi p\u0159echody existuj\u00ed pozemn\u00ed p\u0159echody, ale vstup do zahrani\u010d\u00ed je omezen\u00fd a \u010dasto se m\u011bn\u00ed. Turistick\u00e1 v\u00edza, povolen\u00ed k cestov\u00e1n\u00ed v r\u00e1mci zem\u011b a ob\u010dasn\u00e9 z\u00e1kazy v perifern\u00edch st\u00e1tech vy\u017eaduj\u00ed pe\u010dliv\u00e9 pl\u00e1nov\u00e1n\u00ed.<\/p>\n\n\n\n<p>V r\u00e1mci povolen\u00fdch z\u00f3n se odv\u00edj\u00ed tapiserie destinac\u00ed. Koloni\u00e1ln\u00ed architektura Yangonu a oslniv\u00e1 pagoda Shwedagon stoj\u00ed vedle ru\u0161n\u00fdch trh\u016f. Buddhistick\u00e9 chr\u00e1my v Bagu, hrn\u010d\u00ed\u0159sk\u00e9 d\u00edlny v Twante a poutn\u00ed m\u00edsto Kyaiktiyo \u2013 zlat\u00fd balvan vyv\u00e1\u017een\u00fd na \u00fatesu \u2013 nab\u00edzej\u00ed jednodenn\u00ed v\u00fdlety z b\u00fdval\u00e9ho hlavn\u00edho m\u011bsta. Plovouc\u00ed vesnice u jezera Inle a \u00e9terick\u00e1 pl\u00e1\u0148 Baganu s tis\u00edci pagodami jsou obl\u00edben\u00fdmi m\u00edsty mnoha turistick\u00fdch tras. Horsk\u00e9 stanice jako Pyin U Lwin p\u0159ipom\u00ednaj\u00ed chladn\u00e1 \u00fato\u010di\u0161t\u011b z britsk\u00e9 \u00e9ry; pl\u00e1\u017eov\u00e1 letoviska v Ngapali, Ngwe Saung a na souostrov\u00ed Mergui nab\u00edzej\u00ed slunce a p\u00edsek.<\/p>\n\n\n\n<p>Severn\u00ed \u010d\u00e1sti zem\u011b, od him\u00e1lajsk\u00e9ho podh\u016f\u0159\u00ed Putao a\u017e po turistick\u00e9 stezky st\u00e1tu \u0160an, l\u00e1kaj\u00ed turisty mezi vesnicemi horsk\u00fdch kmen\u016f. Archeologick\u00e1 nalezi\u0161t\u011b v Mrauk U a Pyay odhaluj\u00ed ran\u00e9 \u00e9ry kr\u00e1lovstv\u00ed Pju a Rakhine. P\u0159esto mohou b\u00fdt hranice hor uprost\u0159ed prob\u00edhaj\u00edc\u00edch konflikt\u016f nep\u0159\u00edstupn\u00e9, tak\u017ee aktu\u00e1ln\u00ed m\u00edstn\u00ed rady jsou nezbytn\u00e9.<\/p>\n\n\n\n<p>N\u00e1v\u0161t\u011bvn\u00edci se mus\u00ed opatrn\u011b orientovat v dodr\u017eov\u00e1n\u00ed spole\u010densk\u00fdch norem. V n\u00e1bo\u017eensk\u00fdch prostor\u00e1ch je povinn\u00e9 decentn\u00ed oble\u010den\u00ed: zakryt\u00e1 ramena a kolena, p\u0159ed vstupem do jak\u00e9hokoli chr\u00e1mov\u00e9ho are\u00e1lu si lze vyzut boty. Ob\u011b pohlav\u00ed si mohou obl\u00e9knout longyi, trubkovit\u00fd sarong, kter\u00fd se uvazuje odli\u0161n\u011b pro mu\u017ee a \u017eeny. Ve\u0159ejn\u00e9 projevy n\u00e1klonnosti jsou extr\u00e9mn\u011b vz\u00e1cn\u00e9; dokonce i vizitky se mus\u00ed vym\u011b\u0148ovat pravou rukou podep\u0159enou lev\u00fdm loktem.<\/p>\n\n\n\n<p>Turist\u00e9 se \u010dasto t\u011b\u0161\u00ed zdvo\u0159il\u00e9mu zach\u00e1zen\u00ed; mnoho Barm\u00e1nc\u016f pova\u017euje cizince za \u201ebo\u201c (\u201ed\u016fstojn\u00edk\u201c), co\u017e je p\u0159etrv\u00e1vaj\u00edc\u00ed koloni\u00e1ln\u00ed term\u00edn. Star\u0161\u00ed si zaslou\u017e\u00ed uctiv\u00e9 osloven\u00ed \u2013 mu\u017ei \u201eu\u201c nebo \u201estr\u00fd\u010dku\u201c, \u017eeny \u201eta\u0165ko\u201c. Rozhovor\u016fm o krizi Rohing\u016f, n\u00e1bo\u017eensk\u00fdch z\u00e1le\u017eitostech nebo politice, zejm\u00e9na o vztaz\u00edch s \u010c\u00ednou, je nejlep\u0161\u00ed se vyhnout. Mni\u0161i si zaslou\u017e\u00ed hlubokou \u00factu: v jejich misk\u00e1ch nesm\u00ed b\u00fdt nikdy pen\u00edze a almu\u017ena by se m\u011bla nab\u00edzet jako j\u00eddlo p\u0159ed polednem. Fotografov\u00e1n\u00ed nebo dot\u00fdk\u00e1n\u00ed se mnich\u016f bez svolen\u00ed poru\u0161uje zvyk a m\u016f\u017ee vyvolat odsouzen\u00ed.<\/p>\n\n\n\n<p>\u010cinlon, n\u00e1rodn\u00ed sport Myanmaru, je typick\u00fdm p\u0159\u00edkladem m\u00edstn\u00edho voln\u00e9ho \u010dasu: hr\u00e1\u010di si pod\u00e1vaj\u00ed ratanov\u00fd m\u00ed\u010d p\u011b\u0161ky a usiluj\u00ed sp\u00ed\u0161e o eleganci ne\u017e o sout\u011b\u017eivost. Cel\u00fd rok prostupuj\u00ed festivaly, kter\u00e9 oslavuj\u00ed v\u0161e od v\u00fdro\u010d\u00ed pagod a\u017e po zem\u011bd\u011blsk\u00e9 cykly, p\u0159i\u010dem\u017e ka\u017ed\u00fd z nich posiluje spole\u010densk\u00e9 vazby prost\u0159ednictv\u00edm tance, hudby a ritu\u00e1l\u016f.<\/p>\n\n\n\n<p>Myanmarsk\u00fd p\u0159\u00edb\u011bh je p\u0159\u00edb\u011bhem prom\u011bnliv\u00fdch kontur \u2013 geografick\u00fdch, kulturn\u00edch i politick\u00fdch. Jeho krajina a obyvatel\u00e9 sv\u011bd\u010d\u00ed o stalet\u00edch mezikulturn\u00ed v\u00fdm\u011bny, dynastick\u00fdch ambic\u00ed a koloni\u00e1ln\u00edch meziher. Dne\u0161n\u00ed boje o spr\u00e1vu v\u011bc\u00ed ve\u0159ejn\u00fdch, pr\u00e1va a zdroje se odehr\u00e1vaj\u00ed na pozad\u00ed mimo\u0159\u00e1dn\u00e9 biodiverzity a hlubok\u00e9ho duchovn\u00edho \u017eivota. Budoucnost zem\u011b z\u00e1vis\u00ed na jej\u00ed schopnosti sladit protich\u016fdn\u00e9 vize: vyu\u017e\u00edt sv\u00e9 bohatstv\u00ed zdroj\u016f pro \u0161irokou prosperitu, zachovat sv\u00e9 k\u0159ehk\u00e9 ekosyst\u00e9my a vytvo\u0159it soci\u00e1ln\u00ed dohodu, kter\u00e1 zahrnuje jej\u00ed nes\u010detn\u00e9 etnick\u00e9 identity. Navzdory v\u0161em sv\u00fdm v\u00fdzv\u00e1m Myanmar p\u0159etrv\u00e1v\u00e1 jako m\u00edsto vzru\u0161uj\u00edc\u00ed slo\u017eitosti a trval\u00e9 nad\u011bje, kter\u00e9 \u010dek\u00e1 na kapitoly, kter\u00e9 teprve budou naps\u00e1ny.<\/p>","protected":false},"excerpt":{"rendered":"<p>Myanmar, form\u00e1ln\u011b ozna\u010dovan\u00fd jako Republika Myanmarsk\u00e9ho svazu, je n\u00e1rod jihov\u00fdchodn\u00ed Asie s odhadovanou populac\u00ed asi 55 milion\u016f jedinc\u016f. Myanmar, nejv\u011bt\u0161\u00ed zem\u011b pevninsk\u00e9 jihov\u00fdchodn\u00ed Asie, je strategicky situov\u00e1n, soused\u00ed s Indi\u00ed na z\u00e1pad\u011b, Banglad\u00e9\u0161em na jihoz\u00e1pad\u011b, \u010c\u00ednou na severov\u00fdchod\u011b, Laosem a Thajskem na v\u00fdchod\u011b a jihov\u00fdchod\u011b a Andamansk\u00fdm mo\u0159em a Beng\u00e1lsk\u00fdm z\u00e1livem na jihu a jihoz\u00e1pad\u011b.<\/p>","protected":false},"author":1,"featured_media":3074,"parent":24063,"menu_order":0,"comment_status":"closed","ping_status":"closed","template":"elementor_theme","meta":{"_eb_attr":"","footnotes":""},"class_list":["post-15389","page","type-page","status-publish","has-post-thumbnail"],"_links":{"self":[{"href":"https:\/\/travelshelper.com\/cs\/wp-json\/wp\/v2\/pages\/15389","targetHints":{"allow":["GET"]}}],"collection":[{"href":"https:\/\/travelshelper.com\/cs\/wp-json\/wp\/v2\/pages"}],"about":[{"href":"https:\/\/travelshelper.com\/cs\/wp-json\/wp\/v2\/types\/page"}],"author":[{"embeddable":true,"href":"https:\/\/travelshelper.com\/cs\/wp-json\/wp\/v2\/users\/1"}],"replies":[{"embeddable":true,"href":"https:\/\/travelshelper.com\/cs\/wp-json\/wp\/v2\/comments?post=15389"}],"version-history":[{"count":0,"href":"https:\/\/travelshelper.com\/cs\/wp-json\/wp\/v2\/pages\/15389\/revisions"}],"up":[{"embeddable":true,"href":"https:\/\/travelshelper.com\/cs\/wp-json\/wp\/v2\/pages\/24063"}],"wp:featuredmedia":[{"embeddable":true,"href":"https:\/\/travelshelper.com\/cs\/wp-json\/wp\/v2\/media\/3074"}],"wp:attachment":[{"href":"https:\/\/travelshelper.com\/cs\/wp-json\/wp\/v2\/media?parent=15389"}],"curies":[{"name":"wp","href":"https:\/\/api.w.org\/{rel}","templated":true}]}}