{"id":15371,"date":"2024-09-20T23:17:55","date_gmt":"2024-09-20T23:17:55","guid":{"rendered":"https:\/\/travelshelper.com\/staging\/?page_id=15371"},"modified":"2026-03-11T18:55:00","modified_gmt":"2026-03-11T18:55:00","slug":"nepal","status":"publish","type":"page","link":"https:\/\/travelshelper.com\/cs\/destinations\/asia\/nepal\/","title":{"rendered":"Nep\u00e1l"},"content":{"rendered":"<p>Nep\u00e1l zauj\u00edm\u00e1 na map\u011b sv\u011bta jedine\u010dn\u00e9 m\u00edsto, \u0161t\u00edhl\u00fd oblouk pevniny obep\u00ednaj\u00edc\u00ed vzne\u0161en\u00e9 h\u0159ebeny Him\u00e1laje a \u00farodn\u00e9 pl\u00e1n\u011b za nimi. Zem\u011b se t\u00e1hne asi 800 kilometr\u016f od z\u00e1padu na v\u00fdchod, ale v nej\u0161ir\u0161\u00edm m\u00edst\u011b m\u011b\u0159\u00ed sotva 200 kilometr\u016f. Nach\u00e1z\u00ed se zde osm z deseti nejvy\u0161\u0161\u00edch vrchol\u016f sv\u011bta, v\u010detn\u011b Mount Everestu s v\u00fd\u0161kou 8 848,86 metru, a le\u017e\u00ed zde m\u00edrn\u00e9 vlny Indogangetsk\u00e9 n\u00ed\u017einy. Jeho ter\u00e9n se prudce m\u011bn\u00ed od subtropick\u00fdch n\u00ed\u017ein na jihu k alpsk\u00fdm h\u0159eben\u016fm na severu a proch\u00e1z\u00ed \u0159adou ekologick\u00fdch z\u00f3n, kter\u00e9 odr\u00e1\u017eej\u00ed jak starov\u011bk\u00e9 tektonick\u00e9 ot\u0159esy, tak tis\u00edcilet\u00ed lidsk\u00e9 adaptace.<\/p>\n\n\n\n<p>Zhruba p\u0159ed 75 miliony let se indick\u00fd subkontinent \u2013 \u200b\u200btehdy ohrani\u010den\u00fd superkontinentem Gondwana \u2013 za\u010dal posouvat severov\u00fdchodn\u00edm sm\u011brem, poh\u00e1n\u011bn rozp\u00edn\u00e1n\u00edm mo\u0159sk\u00e9ho dna v protoindick\u00e9m oce\u00e1nu. Jak se tato pevnina tla\u010dila pod Euroasijskou desku, oce\u00e1nsk\u00e1 k\u016fra se podsouvala a kontinent\u00e1ln\u00ed horniny se hroutily k nebi. Objevila se opevn\u011bn\u00e1 ze\u010f vrcholk\u016f, jej\u00ed\u017e severn\u00ed sr\u00e1z roz\u0161t\u011bpoval monzunov\u00e9 mraky a formoval vysokohorsk\u00e9 pou\u0161t\u011b Tibetu. Tam, kde \u0159eky p\u0159ekonaly vznikaj\u00edc\u00ed bari\u00e9ru, vyhloubily hlubok\u00e9 rokle; jinde zadr\u017een\u00e9 vody vytvo\u0159ily jezera, kter\u00e1 po kone\u010dn\u00e9m prora\u017een\u00ed vytesala \u00farodn\u00e9 prohlubn\u011b, jako je \u00fadol\u00ed K\u00e1thm\u00e1nd\u00fa. Na jihu se rozkl\u00e1dala \u0161irok\u00e1 n\u00ed\u017eina napln\u011bn\u00e1 bahnem, kter\u00e1 poskytovala bohatou hl\u00ednu pl\u00e1n\u011b Terai.<\/p>\n\n\n\n<p>Tato kolizn\u00ed z\u00f3na soust\u0159e\u010fuje t\u00e9m\u011b\u0159 t\u0159etinu 2 400 kilometr\u016f dlouh\u00e9ho Him\u00e1lajsk\u00e9ho \u0159et\u011bzce v r\u00e1mci hranic Nep\u00e1lu, kter\u00fd se t\u00e1hne od Tibetsk\u00e9 plo\u0161iny na severu a\u017e po Indogangetskou n\u00ed\u017einu na jihu. Geologov\u00e9 hovo\u0159\u00ed o t\u0159ech hlavn\u00edch p\u00e1sech: horn\u00edm \u201eHim\u00e1laj\u00ed\u201c s v\u011b\u010dn\u00fdm sn\u011bhem a osmi \u201eosmitis\u00edcovkami\u201c, st\u0159edn\u011b polo\u017een\u00fdch kopc\u00edch \u201ePahad\u201c dosahuj\u00edc\u00edch a\u017e 4 000 metr\u016f a n\u00ed\u017ein\u00e1ch \u201eTerai\u201c, kter\u00e9 vy\u017eivuj\u00ed \u0159eky Koshi, Narayani a Karnali. Tyto kategorie v\u0161ak sotva zachycuj\u00ed jemn\u00e9 odstup\u0148ov\u00e1n\u00ed klimatu, p\u016fdy a \u017eivota, kter\u00e9 definuj\u00ed ka\u017ed\u00fd svah a \u00fadol\u00ed.<\/p>\n\n\n\n<p>Nadmo\u0159sk\u00e1 v\u00fd\u0161ka ovliv\u0148uje klima Nep\u00e1lu rozhodn\u011bji ne\u017e zem\u011bpisn\u00e1 \u0161\u00ed\u0159ka. Pod 1 200 metry p\u0159evl\u00e1daj\u00ed tropick\u00e9 a subtropick\u00e9 podm\u00ednky; mezi 1 200 a 2 400 metry se objevuj\u00ed m\u00edrn\u00e1 p\u00e1sma; 2 400 a\u017e 3 600 metr\u016f spad\u00e1 do chladn\u00e9ho p\u00e1su; 3 600 a\u017e 4 400 metr\u016f \u010del\u00ed subarktick\u00e9mu chladu; a nad 4 400 metry le\u017e\u00ed arktick\u00e1 \u0159\u00ed\u0161e ledovcov\u00fdch pol\u00ed a mor\u00e9n. Rok charakterizuje p\u011bt ro\u010dn\u00edch obdob\u00ed: such\u00e9 l\u00e9to, monzunov\u00e9 de\u0161t\u011b, sv\u011b\u017e\u00ed podzim, zimn\u00ed mr\u00e1z a jasn\u00e9 jarn\u00ed dny. Him\u00e1lajsk\u00e1 bari\u00e9ra blokuje pal\u010div\u00e9 zimn\u00ed v\u011btry St\u0159edn\u00ed Asie a \u0159\u00edd\u00ed p\u0159\u00edliv a odliv jihoasijsk\u00e9ho monzunu.<\/p>\n\n\n\n<p>V t\u011bchto gradientech vzkv\u00e9t\u00e1 mimo\u0159\u00e1dn\u00e1 \u0161k\u00e1la fl\u00f3ry a fauny. Nep\u00e1l je domovem 4 procent sv\u011btov\u00fdch savc\u016f, t\u00e9m\u011b\u0159 9 procent pt\u00e1k\u016f a spousty plaz\u016f, oboj\u017eiveln\u00edk\u016f, ryb, mot\u00fdl\u016f, m\u016fr a pavouk\u016f. Jeho lesy \u2013 t\u0159icet p\u011bt odli\u0161n\u00fdch typ\u016f \u2013 host\u00ed tis\u00edce druh\u016f kvetouc\u00edch rostlin, pteridofyt\u016f a mechorost\u016f. Biokulturn\u00ed bohatstv\u00ed vrchol\u00ed na vlh\u010d\u00edm v\u00fdchod\u011b, zat\u00edmco su\u0161\u0161\u00ed z\u00e1padn\u00ed hory poskytuj\u00ed ve vysok\u00fdch nadmo\u0159sk\u00fdch v\u00fd\u0161k\u00e1ch podm\u00ednky arktick\u00e9 pou\u0161t\u011b. Toto ohnisko biodiverzity vd\u011b\u010d\u00ed za svou bujnost dramatick\u00e9mu rozp\u011bt\u00ed nadmo\u0159sk\u00e9 v\u00fd\u0161ky: od 60 metr\u016f nad mo\u0159em v Terai a\u017e po vrchol Everestu.<\/p>\n\n\n\n<p>Jm\u00e9no \u201eNep\u00e1l\u201c se objevuje ve v\u00e9dsk\u00fdch textech od \u00fasvitu zaznamenan\u00e9 historie tohoto subkontinentu. V polovin\u011b prvn\u00edho tis\u00edcilet\u00ed p\u0159. n. l. se v ji\u017en\u00edm Nep\u00e1lu narodil Gautama Buddha v Lumbini, \u010d\u00edm\u017e se zalo\u017eil buddhismus, i kdy\u017e se hinduistick\u00e9 tradice upev\u0148ovaly nap\u0159\u00ed\u010d pl\u00e1n\u011bmi. Severn\u00ed oblasti Nep\u00e1lu nesly otisk tibetsk\u00e9 kultury, zat\u00edmco \u00fadol\u00ed K\u00e1thm\u00e1nd\u00fa se vyvinulo v srdce newarsk\u00e9 konfederace, Nep\u00e1lsk\u00e9 mandaly. Jeho obchodn\u00edci ovl\u00e1dali trasy him\u00e1lajsk\u00e9 Hedv\u00e1bn\u00e9 stezky a newar\u0161t\u00ed \u0159emesln\u00edci zdokonalovali osobit\u00fd um\u011bleck\u00fd a architektonick\u00fd idiom. \u010c\u00ednsk\u00e9 kroniky ze sedm\u00e9ho stolet\u00ed n. l. obdivuj\u00ed pagody, polygon\u00e1ln\u00ed d\u0159ev\u011bn\u00e9 a kovov\u00e9 konstrukce v chr\u00e1mech a pal\u00e1c\u00edch \u00fadol\u00ed.<\/p>\n\n\n\n<p>V osmn\u00e1ct\u00e9m stolet\u00ed se za dynastie \u0160\u00e1h\u016f rozrostlo kr\u00e1lovstv\u00ed Gorkha, kter\u00e9 sjednotilo r\u016fznorod\u00e1 kn\u00ed\u017eectv\u00ed. A\u010dkoli Nep\u00e1l nebyl nikdy kolonizov\u00e1n, uzav\u0159el s Brity strategick\u00e9 smlouvy a slou\u017eil jako n\u00e1razn\u00edk mezi Britskou Indi\u00ed a c\u00edsa\u0159skou \u010c\u00ednou. Konstitu\u010dn\u00ed monarchie a parlament se objevily v roce 1951, jen aby byly opakovan\u011b pozastaveny panovn\u00edky, kte\u0159\u00ed se sna\u017eili upevnit moc. Desetilet\u00e1 ob\u010dansk\u00e1 v\u00e1lka v 90. letech 20. stolet\u00ed skon\u010dila v roce 2008 zru\u0161en\u00edm posledn\u00ed hinduistick\u00e9 monarchie na sv\u011bt\u011b a zrodem sekul\u00e1rn\u00ed republiky.<\/p>\n\n\n\n<p>Nep\u00e1lsk\u00e1 \u00fastava z roku 2015 definuje feder\u00e1ln\u00ed parlamentn\u00ed republiku se sedmi provinciemi. Ka\u017ed\u00e1 provincie m\u00e1 jednokomorov\u00fd z\u00e1konod\u00e1rn\u00fd sbor a sd\u00edl\u00ed pravomoc s \u00fast\u0159edn\u00ed vl\u00e1dou. Pod nimi se 77 okres\u016f d\u011bl\u00ed na 753 m\u00edstn\u00edch jednotek \u2013 metropolitn\u00ed, submetropolitn\u00ed, m\u011bstsk\u00e9 a venkovsk\u00e9 obce \u2013 kter\u00e9 se d\u00e1le d\u011bl\u00ed na 6 743 obvod\u016f. M\u00edstn\u00ed samospr\u00e1vy vykon\u00e1vaj\u00ed v\u00fdkonnou, z\u00e1konod\u00e1rnou a omezenou soudn\u00ed moc, zat\u00edmco koordina\u010dn\u00ed v\u00fdbory okres\u016f svol\u00e1vaj\u00ed volen\u00e9 \u00fa\u0159edn\u00edky pro \u00fazk\u00e9 role.<\/p>\n\n\n\n<p>Na mezin\u00e1rodn\u00ed \u00farovni se Nep\u00e1l stal \u010dlenem Organizace spojen\u00fdch n\u00e1rod\u016f v roce 1955 a je zakladatelem st\u00e1l\u00e9ho sekretari\u00e1tu Jihoasijsk\u00e9ho sdru\u017een\u00ed pro region\u00e1ln\u00ed spolupr\u00e1ci (SAARC). Zakl\u00e1daj\u00edc\u00ed \u010dlenstv\u00ed v Hnut\u00ed nez\u00fa\u010dastn\u011bn\u00fdch a v Iniciativ\u011b Beng\u00e1lsk\u00e9ho z\u00e1livu podtrhuje jeho diplomacii, zat\u00edmco dvoustrann\u00e9 smlouvy s Indi\u00ed (1950) a \u010c\u00ednou (1960) potvrzuj\u00ed jeho region\u00e1ln\u00ed z\u00e1vazky.<\/p>\n\n\n\n<p>Nep\u00e1l, domov p\u0159ibli\u017en\u011b 125 odli\u0161n\u00fdch etnick\u00fdch skupin hovo\u0159\u00edc\u00edch v\u00edce ne\u017e 120 mate\u0159sk\u00fdmi jazyky, je p\u0159\u00edkladem kulturn\u00ed plurality. Podle s\u010d\u00edt\u00e1n\u00ed lidu z roku 2011 je nep\u00e1l\u0161tina ofici\u00e1ln\u00edm jazykem 44,6 procenta obyvatel, n\u00e1sledovan\u00e1 maithili, bhojpuri, tharu, tamang, nep\u00e1lsk\u00e1 bhasa a dal\u0161\u00edmi. Hlavn\u00ed jazykov\u00e9 rodiny \u2013 indo\u00e1rijsk\u00e1, \u010d\u00ednsko-tibetsk\u00e1 a domorod\u00e9 izolovan\u00e9 jazyky \u2013 se p\u0159ekr\u00fdvaj\u00ed s n\u00e1bo\u017eensk\u00fdmi tradicemi a soci\u00e1ln\u00edmi identitami. Komunit\u011b nesly\u0161\u00edc\u00edch slou\u017e\u00ed \u010dty\u0159i znakov\u00e9 jazyky.<\/p>\n\n\n\n<p>Nep\u00e1l\u0161tina, odvozen\u00e1 ze sanskrtu a psan\u00e1 p\u00edsmem d\u00e9vanagari, funguje jako lingua franca. Teraisk\u00e9 jazyky jako maithili, awadhi a bhojpuri vzkv\u00e9taj\u00ed v ji\u017en\u00edch pl\u00e1n\u00edch, zat\u00edmco tibetsk\u00e9 dialekty p\u0159etrv\u00e1vaj\u00ed i za hranic\u00ed sn\u011bhu. Snahy o kodifikaci r\u016fzn\u00fdch horsk\u00fdch a teraisk\u00fdch dialekt\u016f \u010dasto vyu\u017e\u00edvaj\u00ed d\u00e9vanagari nebo latinku.<\/p>\n\n\n\n<p>Demograficky dos\u00e1hl po\u010det obyvatel v roce 2011 26,5 milionu, co\u017e je t\u00e9m\u011b\u0159 trojn\u00e1sobn\u00fd n\u00e1r\u016fst od roku 1950. Migrace z venkova do m\u011bst, zejm\u00e9na do oblast\u00ed Terai a \u00fadoln\u00edch m\u011bst, podn\u00edtila tempo urbanizace, kter\u00e9 pat\u0159\u00ed k nejrychlej\u0161\u00edm na sv\u011bt\u011b, celkov\u00fd pod\u00edl m\u011bst v\u0161ak z\u016fst\u00e1v\u00e1 pod 20 procenty. K\u00e1thm\u00e1nd\u00fa, \u201em\u011bsto chr\u00e1m\u016f\u201c, z\u016fst\u00e1v\u00e1 kulturn\u00edm a ekonomick\u00fdm centrem, zat\u00edmco jin\u00e1 m\u011bsta \u2013 Pokhara, Biratnagar, Lalitpur a Bharatpur \u2013 rostou uprost\u0159ed probl\u00e9m\u016f s dopravn\u00ed z\u00e1cpou, zne\u010di\u0161t\u011bn\u00edm a nedostatkem vody.<\/p>\n\n\n\n<p>Hinduismus z\u016fst\u00e1v\u00e1 dominantn\u00ed, hl\u00e1s\u00ed se k n\u011bmu p\u0159es 81 procent populace; buddhismus tvo\u0159\u00ed 9 procent, zbytek tvo\u0159\u00ed isl\u00e1m, kirantsk\u00fd animismus, k\u0159es\u0165anstv\u00ed a uct\u00edv\u00e1n\u00ed p\u0159\u00edrody. Nep\u00e1l m\u00e1 procentu\u00e1ln\u011b nejv\u011bt\u0161\u00ed hinduistickou populaci na sv\u011bt\u011b. A\u010dkoli je sekularismus zakotven v z\u00e1kon\u011b, n\u00e1bo\u017eensk\u00e9 sv\u00e1tky a ritu\u00e1ly \u2013 \u010dasto zahrnuj\u00edc\u00ed ob\u011bti zv\u00ed\u0159ec\u00ed krve \u2013 p\u0159etrv\u00e1vaj\u00ed. Dashain a p\u011btilet\u00fd festival Gadhimai jsou p\u0159\u00edkladem trval\u00fdch tradic a souvisej\u00edc\u00edch kontroverz\u00ed ohledn\u011b ob\u011bt\u00ed a soci\u00e1ln\u00edch d\u00e1vek. Hony \u010darod\u011bjnic zam\u011b\u0159en\u00e9 na marginalizovan\u00e9 \u017eeny mezit\u00edm odhaluj\u00ed p\u0159etrv\u00e1vaj\u00edc\u00ed pov\u011bry a soci\u00e1ln\u00ed n\u00e1sil\u00ed v n\u011bkter\u00fdch venkovsk\u00fdch komunit\u00e1ch.<\/p>\n\n\n\n<p>Kastovn\u00ed syst\u00e9m, nez\u00e1konn\u00fd od roku 1963, ale spole\u010densky vlivn\u00fd, rozd\u011bluje spole\u010dnost na d\u011bdi\u010dn\u00e9 skupiny, kter\u00e9 \u0159\u00edd\u00ed man\u017eelstv\u00ed, povol\u00e1n\u00ed a ritu\u00e1ln\u00ed status. M\u011bstsk\u00e1 pracovi\u0161t\u011b a \u0161koly vykazuj\u00ed oslabenou kastovn\u00ed identitu, p\u0159esto venkovsk\u00e9 a tradi\u010dn\u00ed prost\u0159ed\u00ed st\u00e1le odr\u00e1\u017e\u00ed hierarchick\u00e9 normy. P\u0159evl\u00e1d\u00e1 patriarch\u00e1t spole\u010dn\u00fdch rodin, a\u010dkoli nukle\u00e1rn\u00ed rodiny z\u00edsk\u00e1vaj\u00ed na popularit\u011b ve m\u011bstech. Domluven\u00e1 man\u017eelstv\u00ed p\u0159etrv\u00e1vaj\u00ed s velmi n\u00edzkou m\u00edrou rozvodovosti a navzdory z\u00e1konn\u00fdm v\u011bkov\u00fdm omezen\u00edm p\u0159etrv\u00e1vaj\u00ed v mnoha vesnic\u00edch d\u011btsk\u00e9 s\u0148atky.<\/p>\n\n\n\n<p>Nep\u00e1lsk\u00e9 architektonick\u00e9 d\u011bdictv\u00ed sah\u00e1 tis\u00edcilet\u00ed, od a\u0161\u00f3kansk\u00fdch st\u00fap v \u00fadol\u00ed K\u00e1thm\u00e1nd\u00fa a\u017e po stavbu pagodov\u00fdch chr\u00e1m\u016f newarsk\u00fdmi \u0159emesln\u00edky. Chr\u00e1mov\u00e9 komplexy charakteristicky odli\u0161uj\u00ed d\u0159ev\u011bn\u00e9 prvky \u2013 slo\u017eit\u00e1 m\u0159\u00ed\u017ekovan\u00e1 okna zn\u00e1m\u00e1 jako ankhid\u017ehjal \u2013 a stup\u0148ovit\u00e9 st\u0159echy korunovan\u00e9 zlacen\u00fdmi n\u00e1stavci. Kamenn\u00e9 terasy, bronzov\u00e9 sochy a m\u011bd\u011bn\u00e1 ra\u017eba sv\u011bd\u010d\u00ed o virtuozit\u011b kov\u00e1\u0159\u016f. Durbarsk\u00e1 n\u00e1m\u011bst\u00ed v Patanu, Bhaktapuru a K\u00e1thm\u00e1nd\u00fa nab\u00edzej\u00ed \u017eivouc\u00ed muzejn\u00ed m\u00edsta, kde se sb\u00edhaj\u00ed dva tis\u00edce let um\u011bn\u00ed a architektury.<\/p>\n\n\n\n<p>Mal\u00ed\u0159sk\u00e9 tradice, jako je thank\u0101 (tibetsk\u00e1 paubha), p\u0159etrv\u00e1vaj\u00ed v kl\u00e1\u0161tern\u00edm prost\u0159ed\u00ed a newarsk\u00fdch d\u00edln\u00e1ch. \u010cangu Narajan, postaven\u00fd ve \u010dtvrt\u00e9m stolet\u00ed n. l., je dokladem vyt\u0159\u00edben\u00e9ho \u0159emesln\u00e9ho zpracov\u00e1n\u00ed d\u0159eva. Dom\u00e1c\u00ed budovy odr\u00e1\u017eej\u00ed n\u00e1bo\u017eensk\u00e9 motivy ve sv\u00fdch vy\u0159ez\u00e1van\u00fdch vzp\u011br\u00e1ch, oknech a dve\u0159\u00edch, zat\u00edmco vy\u010dn\u00edvaj\u00edc\u00ed okapy chr\u00e1n\u00ed st\u011bny nat\u0159en\u00e9 pigmenty z m\u00edstn\u00edch p\u016fd.<\/p>\n\n\n\n<p>Po tis\u00edcilet\u00ed slou\u017eily jako hlavn\u00ed od\u011bv spl\u00fdvav\u00e9 od\u011bvy. S\u00e1r\u00ed \u2013 \u0161est yard\u016f l\u00e1tky \u2013 zahaluje spodn\u00ed \u010d\u00e1st t\u011bla a v kombinaci s halenkou cholo dod\u00e1v\u00e1 noh\u00e1m decentnost i eleganci. P\u0159i pr\u00e1ci na venkov\u011b usnad\u0148uj\u00ed pr\u00e1ci krat\u0161\u00ed od\u011bvy, jako je gunyu. P\u00e1nsk\u00e9 dhoti obep\u00edn\u00e1 pas a nohy a \u010dasto se kombinuje s langauti. Ob\u011b pohlav\u00ed si l\u00e1tku zabaluj\u00ed jako opasek patuka, do kter\u00e9ho si mu\u017ei mohou zastr\u010dit zahnut\u00fd n\u016f\u017e khukuri. Tradi\u010dn\u00ed \u0161atn\u00edk dopl\u0148uj\u00ed \u0161\u00e1ly, turbany (pheta, pagri), z\u00e1voje (ghumto) a \u0161\u00e1tky (kha\u1e6da, pachhyaura).<\/p>\n\n\n\n<p>Nep\u00e1lsk\u00e1 kuchyn\u011b odr\u00e1\u017e\u00ed geografickou a kulturn\u00ed rozmanitost. Kolumbijsk\u00e1 v\u00fdm\u011bna p\u0159inesla brambory, kuku\u0159ici a chilli papri\u010dky, kter\u00e9 jsou dnes z\u00e1kladn\u00ed potravinou. V oblasti Terai se da\u0159\u00ed r\u00fd\u017ei a p\u0161enici, zat\u00edmco v kopc\u00edch se p\u011bstuje proso, je\u010dmen a pohanka. Typick\u00e9 j\u00eddlo se to\u010d\u00ed kolem obilovin \u2013 du\u0161en\u00e9 r\u00fd\u017ee neboli dhindo (hust\u00e1 ka\u0161e) \u2013 dopln\u011bn\u00fdch \u010do\u010dkou, zeleninou a nakl\u00e1danou zeleninou, ochucen\u00fdch \u010desnekem, z\u00e1zvorem a region\u00e1ln\u00edmi ko\u0159en\u00edm. V\u0161udyp\u0159\u00edtomn\u00fd tal\u00ed\u0159 neboli th\u0101l\u012b obsahuje misky s dalem, zeleninov\u00fdm kari, \u010datn\u00ed a tvarohem kolem zrna.<\/p>\n\n\n\n<p>Nekynut\u00e9 chleby, jako je \u010dap\u00e1t\u00ed, nahrazuj\u00ed r\u00fd\u017ei v ji\u017en\u00edch pl\u00e1n\u00edch. Tsampa, pra\u017een\u00e1 je\u010dn\u00e1 mouka, u\u017eiv\u00ed pastevce ve vysok\u00fdch nadmo\u0159sk\u00fdch v\u00fd\u0161k\u00e1ch. Fermentovan\u00e1 zelenina, jako je gundruk, poskytuje v zim\u011b nezbytn\u00e9 vitam\u00edny. Vegetari\u00e1nsk\u00e9 komunity, ovlivn\u011bn\u00e9 upani\u0161adsk\u00fdmi a buddhistick\u00fdmi doktr\u00ednami ahimsy, udr\u017euj\u00ed charakteristick\u00e9 bezmas\u00e9 tradice, a\u010dkoli \u0161aktistick\u00e9 ob\u011btn\u00ed ritu\u00e1ly zaji\u0161\u0165uj\u00ed, \u017ee maso z\u016fst\u00e1v\u00e1 \u00fast\u0159edn\u00edm bodem mnoha ritu\u00e1l\u016f.<\/p>\n\n\n\n<p>Nep\u00e1l se \u0159ad\u00ed mezi nejm\u00e9n\u011b rozvinut\u00e9 zem\u011b sv\u011bta s nomin\u00e1ln\u00edm HDP na obyvatele bl\u00ed\u017e\u00edc\u00edm se 1 000 USD a pracovn\u00ed silou 16,8 milionu lid\u00ed. Zem\u011bd\u011blstv\u00ed \u2013 obiloviny, lu\u0161t\u011bniny, olejnat\u00e1 semena, cukrov\u00e1 t\u0159tina, juta, tab\u00e1k a hospod\u00e1\u0159sk\u00e1 zv\u00ed\u0159ata \u2013 zam\u011bstn\u00e1v\u00e1 v\u00edce ne\u017e \u010dtvrtinu HDP; pr\u016fmysl, v\u010detn\u011b textilu, koberc\u016f, cementu a mal\u00fdch ml\u00fdn\u016f, p\u0159isp\u00edv\u00e1 15 procenty; v z\u016fstatku dominuj\u00ed slu\u017eby. Remitence, zejm\u00e9na od nekvalifikovan\u00fdch pracovn\u00edk\u016f z Indie, Bl\u00edzk\u00e9ho v\u00fdchodu a v\u00fdchodn\u00ed Asie, dosahuj\u00ed celkem v\u00edce ne\u017e 8 miliard USD, co\u017e odpov\u00edd\u00e1 t\u00e9m\u011b\u0159 30 procent\u016fm HDP.<\/p>\n\n\n\n<p>Silnice a \u017eeleznice v jin\u00fdch \u010d\u00e1stech Asie zaost\u00e1vaj\u00ed: zhruba 12 000 km zpevn\u011bn\u00fdch silnic, 16 100 km nezpevn\u011bn\u00fdch a pouh\u00fdch 59 km \u017eelezni\u010dn\u00ed trati na jihu. D\u00e1lnice po\u0161kozen\u00e9 monzuny izoluj\u00ed obce na cel\u00e9 m\u011bs\u00edce. Leteck\u00e1 doprava spojuje okresn\u00ed centra \u2013 47 leti\u0161\u0165, 11 zpevn\u011bn\u00fdch ranvej\u00ed \u2013 ale \u0161patn\u00e9 hospoda\u0159en\u00ed vlajkov\u00e9ho dopravce Nepal Airlines vedlo k za\u0159azen\u00ed na \u010dernou listinu EU. Z\u00e1vislost na vnitrozemsk\u00fdch p\u0159\u00edstavech komplikuje obchod, kter\u00fd se od roku 1990 do roku 2017 zv\u00fd\u0161il t\u0159iadvacetkr\u00e1t; p\u0159es Indii prob\u00edh\u00e1 v\u00edce ne\u017e 60 procent dovozu a v\u00fdvozu. Cestovn\u00ed ruch v\u0161ak nab\u00edz\u00ed slibn\u00e9 p\u0159\u00edle\u017eitosti: v roce 2018 dorazil milion zahrani\u010dn\u00edch n\u00e1v\u0161t\u011bvn\u00edk\u016f, kter\u00e9 l\u00e1kaj\u00ed turistick\u00e9 trasy, pam\u00e1tky, parky s divokou p\u0159\u00edrodou a poutn\u00ed centra. Expanzi v\u0161ak br\u00e1n\u00ed \u201e\u00fazk\u00e1 hrdla infrastruktury\u201c, nedostate\u010dn\u011b rozvinut\u00e9 destinace a probl\u00e9my leteck\u00fdch spole\u010dnost\u00ed.<\/p>\n\n\n\n<p>Pro cestov\u00e1n\u00ed je Nep\u00e1l \u010dasto popisov\u00e1n v p\u011bti nadmo\u0159sk\u00fdch v\u00fd\u0161kov\u00fdch z\u00f3n\u00e1ch. Ty\u010d\u00edc\u00ed se Him\u00e1laj, korunovan\u00fd Everestem a protkan\u00fd Velkou him\u00e1lajskou stezkou, l\u00e1k\u00e1 turisty a dobrodruhy. \u00dadol\u00ed K\u00e1thm\u00e1nd\u00fa je z\u00e1kladem kulturn\u00edho objevov\u00e1n\u00ed se sv\u00fdmi pozlacen\u00fdmi svatyn\u011bmi a st\u0159edov\u011bk\u00fdmi n\u00e1m\u011bst\u00edmi. St\u0159edn\u00ed kopce, v\u010detn\u011b Pokhary a okruhu Annapurna, m\u00eds\u00ed m\u00edrn\u00e9 v\u00fdhledy s vesnickou pohostinnost\u00ed. Z\u00e1padn\u00ed Terai zahrnuje n\u00e1rodn\u00ed parky \u010citwan a Bardija spolu s Lumbini, Buddhov\u00fdm rodi\u0161t\u011bm. V\u00fdchodn\u00ed Terai zahrnuje m\u011bstsk\u00e1 centra, jako je Biratnagar, a z\u00e1rove\u0148 zachov\u00e1v\u00e1 venkovsk\u00e9 tradice a divokou zv\u011b\u0159.<\/p>\n\n\n\n<p>Mezi hlavn\u00ed zaj\u00edmavosti pat\u0159\u00ed keramick\u00e9 uli\u010dky v Bhaktapuru, n\u00e1m\u011bst\u00ed Durbar v Patanu, kter\u00e9 je zaps\u00e1no na seznamu UNESCO, chr\u00e1m Janaki v Janakpuru, \u0161erpsk\u00e9 trhy v Namche Bazaar a him\u00e1lajsk\u00e1 panoramata z Nagarkotu. Posv\u00e1tn\u00e1 m\u00edsta, jako jsou Haleshi a Parping, chr\u00e1n\u00ed medita\u010dn\u00ed jeskyn\u011b a buddhistick\u00e9 tradice.<\/p>\n\n\n\n<p>N\u00e1v\u0161t\u011bvn\u00edci jsou v\u00edt\u00e1ni \u201eNamaste\u201c \u2013 sev\u0159en\u00edm dlan\u00ed a sklon\u011bn\u00edm hlavy \u2013 co\u017e je pozdrav, kter\u00fd se pron\u00e1\u0161\u00ed jednou denn\u011b na osobu. Zvl\u00e1\u0161tn\u00ed \u00factu si zaslou\u017e\u00ed star\u0161\u00ed lid\u00e9. P\u0159ed vstupem do dom\u016f nebo chr\u00e1m\u016f se sund\u00e1vaj\u00ed boty a sund\u00e1vaj\u00ed klobouky. Prav\u00e1 ruka slou\u017e\u00ed k j\u00eddlu, d\u00e1v\u00e1n\u00ed a p\u0159ij\u00edm\u00e1n\u00ed; lev\u00e1 je vyhrazena k myt\u00ed po defekaci. Obch\u016fzka chr\u00e1m\u016f prob\u00edh\u00e1 ve sm\u011bru hodinov\u00fdch ru\u010di\u010dek u buddhistick\u00fdch m\u00edst; hinduist\u00e9 dodr\u017euj\u00ed nepsan\u00e9 m\u00edstn\u00ed zvyky.<\/p>\n\n\n\n<p>Smlouv\u00e1n\u00ed na trz\u00edch vzkv\u00e9t\u00e1 d\u00edky dobr\u00e9 n\u00e1lad\u011b a vz\u00e1jemn\u00e9mu respektu. Lid\u00e9, kte\u0159\u00ed nejsou hinduist\u00e9, by m\u011bli db\u00e1t na omezen\u00ed vstupu do ur\u010dit\u00fdch svatyn\u00ed. D\u016fkladn\u00e1 znalost m\u00edstn\u00edch zvyklost\u00ed \u2013 vyh\u00fdb\u00e1n\u00ed se kontaktu s kuchy\u0148sk\u00fdmi n\u00e1dobami, z\u00edsk\u00e1n\u00ed povolen\u00ed p\u0159ed p\u0159ekro\u010den\u00edm n\u011bkoho jin\u00e9ho, \u200b\u200brespektov\u00e1n\u00ed ritu\u00e1l\u016f spojen\u00fdch s vodou a j\u00eddlem \u2013 charakterizuje ohledupln\u00e9ho cestovatele.<\/p>\n\n\n\n<p>Nep\u00e1lsk\u00e9 kontrasty \u2013 od hu\u010den\u00ed him\u00e1lajsk\u00fdch \u0159ek po ticho sn\u011bhov\u00fdch pol\u00ed, od hust\u011b propleten\u00fdch newarsk\u00fdch uli\u010dek po \u0159\u00eddk\u00e9 t\u00e1bory pastevc\u016f \u2013 zt\u011bles\u0148uj\u00ed jak nejistou k\u0159ehkost, tak i odolnou p\u016fvab. Jeho n\u00e1rody, jazyky a v\u00edry sv\u011bd\u010d\u00ed o stalet\u00edch v\u00fdm\u011bny na k\u0159i\u017eovatce ji\u017en\u00ed a st\u0159edn\u00ed Asie. Uprost\u0159ed politick\u00fdch zm\u011bn, ekonomick\u00fdch pot\u00ed\u017e\u00ed a environment\u00e1ln\u00ed zranitelnosti Nep\u00e1l p\u0159etrv\u00e1v\u00e1 d\u00edky vynal\u00e9zavosti farm\u00e1\u0159\u016f, um\u011bn\u00ed vesni\u010dan\u016f a oddanosti poutn\u00edk\u016f. Pochopit Nep\u00e1l znamen\u00e1 setkat se s \u00fachvatnost\u00ed v kameni i ritu\u00e1lu, b\u00fdt sv\u011bdkem lidsk\u00e9 adaptace na okraji p\u0159\u00edrody a p\u0159ijmout krajinu dechberouc\u00edch extr\u00e9m\u016f formovan\u00fdch pomal\u00fdm posunem kontinent\u016f a bezmeznou kapacitou lidsk\u00e9ho ducha.<\/p>","protected":false},"excerpt":{"rendered":"<p>Nep\u00e1l, vnitrozemsk\u00e1 zem\u011b uhn\u00edzd\u011bn\u00e1 v srdci ji\u017en\u00ed Asie, se m\u016f\u017ee pochlubit populac\u00ed 29 651 054 od roku 2024, co\u017e je celosv\u011btov\u011b 51. m\u00edsto z hlediska velikosti populace. Tento rozmanit\u00fd n\u00e1rod, kter\u00fd se nach\u00e1z\u00ed p\u0159edev\u0161\u00edm v Himal\u00e1j\u00edch s \u010d\u00e1stmi zasahuj\u00edc\u00edmi do Indogan\u017esk\u00e9 n\u00ed\u017einy, je domovem bohat\u00e9 tapis\u00e9rie kultur, jazyk\u016f a krajin. Jedine\u010dn\u00e1 geografie Nep\u00e1lu ohrani\u010den\u00e1 na severu \u010d\u00ednskou autonomn\u00ed oblast\u00ed Tibet a Indi\u00ed na jihu, v\u00fdchod\u011b a z\u00e1pad\u011b zahrnuje \u00farodn\u00e9 pl\u00e1n\u011b, subalpsk\u00e9 zalesn\u011bn\u00e9 kopce a osm z deseti nejvy\u0161\u0161\u00edch hor sv\u011bta, v\u010detn\u011b ikonick\u00e9ho Mount Everestu, nejvy\u0161\u0161\u00edho vrcholu Zem\u011b.<\/p>","protected":false},"author":1,"featured_media":3656,"parent":24063,"menu_order":0,"comment_status":"closed","ping_status":"closed","template":"elementor_theme","meta":{"_eb_attr":"","footnotes":""},"class_list":["post-15371","page","type-page","status-publish","has-post-thumbnail"],"_links":{"self":[{"href":"https:\/\/travelshelper.com\/cs\/wp-json\/wp\/v2\/pages\/15371","targetHints":{"allow":["GET"]}}],"collection":[{"href":"https:\/\/travelshelper.com\/cs\/wp-json\/wp\/v2\/pages"}],"about":[{"href":"https:\/\/travelshelper.com\/cs\/wp-json\/wp\/v2\/types\/page"}],"author":[{"embeddable":true,"href":"https:\/\/travelshelper.com\/cs\/wp-json\/wp\/v2\/users\/1"}],"replies":[{"embeddable":true,"href":"https:\/\/travelshelper.com\/cs\/wp-json\/wp\/v2\/comments?post=15371"}],"version-history":[{"count":0,"href":"https:\/\/travelshelper.com\/cs\/wp-json\/wp\/v2\/pages\/15371\/revisions"}],"up":[{"embeddable":true,"href":"https:\/\/travelshelper.com\/cs\/wp-json\/wp\/v2\/pages\/24063"}],"wp:featuredmedia":[{"embeddable":true,"href":"https:\/\/travelshelper.com\/cs\/wp-json\/wp\/v2\/media\/3656"}],"wp:attachment":[{"href":"https:\/\/travelshelper.com\/cs\/wp-json\/wp\/v2\/media?parent=15371"}],"curies":[{"name":"wp","href":"https:\/\/api.w.org\/{rel}","templated":true}]}}