{"id":15337,"date":"2024-09-20T22:39:43","date_gmt":"2024-09-20T22:39:43","guid":{"rendered":"https:\/\/travelshelper.com\/staging\/?page_id=15337"},"modified":"2026-03-11T18:49:44","modified_gmt":"2026-03-11T18:49:44","slug":"oman","status":"publish","type":"page","link":"https:\/\/travelshelper.com\/cs\/destinations\/asia\/oman\/","title":{"rendered":"Om\u00e1n"},"content":{"rendered":"<p>Om\u00e1n zauj\u00edm\u00e1 jihov\u00fdchodn\u00ed v\u00fdb\u011b\u017eek Arabsk\u00e9ho poloostrova, jeho\u017e \u0161lachovit\u00e9 pob\u0159e\u017e\u00ed se t\u00e1hne pod\u00e9l Om\u00e1nsk\u00e9ho z\u00e1livu na severov\u00fdchod\u011b a \u0161ir\u0161\u00edho Arabsk\u00e9ho mo\u0159e na jihov\u00fdchod\u011b. Sultan\u00e1t, ohrani\u010den\u00fd Sa\u00fadskou Ar\u00e1bi\u00ed na z\u00e1pad\u011b, Spojen\u00fdmi arabsk\u00fdmi emir\u00e1ty na severoz\u00e1pad\u011b a severu a Jemenem na jihoz\u00e1pad\u011b, zahrnuje tak\u00e9 dv\u011b ostrovn\u00ed oblasti \u2013 Musandam a Madha \u2013 kter\u00e9 jsou sou\u010d\u00e1st\u00ed emir\u00e1tsk\u00e9 federace. Musandam, ty\u010d\u00edc\u00ed se nad Hormuzsk\u00fdm pr\u016flivem, ovl\u00e1d\u00e1 jeden z nejstrategi\u010dt\u011bj\u0161\u00edch n\u00e1mo\u0159n\u00edch uzl\u016f na sv\u011bt\u011b; Madha, o rozloze pouh\u00fdch zhruba sedmdes\u00e1ti kilometr\u016f \u010dtvere\u010dn\u00edch, je sama o sob\u011b pro\u0159\u00edznuta malou enkl\u00e1vou Nahwa, ovl\u00e1danou \u0160ard\u017eou. Uvnit\u0159 t\u011bchto kontur le\u017e\u00ed Maskat, hlavn\u00ed m\u011bsto a metropole Om\u00e1nu, kolem kter\u00e9 se soust\u0159e\u010fuje t\u00e9m\u011b\u0159 polovina z 5,5 milionu obyvatel zem\u011b. Om\u00e1n se rozkl\u00e1d\u00e1 na plo\u0161e zhruba 309 500 km\u00b2 a je z\u00e1rove\u0148 dramatem pou\u0161tn\u00edch pl\u00e1n\u00ed, rozeklan\u00fdch hor, vlhk\u00e9ho pob\u0159e\u017e\u00ed a ob\u010dasn\u00e9ho smaragdov\u00e9ho monzunov\u00e9ho r\u00e1je.<\/p>\n\n\n\n<p>Dlouho p\u0159edt\u00edm, ne\u017e ropa transformovala jeho ekonomiku, si Om\u00e1n razil sv\u016fj osud na sol\u00ed za\u0161l\u00fdch palub\u00e1ch a v pou\u0161tn\u00edch v\u011btrech. V polovin\u011b 18. stolet\u00ed se dynastie al-Bu Said stala n\u00e1mo\u0159n\u00ed mocnost\u00ed, kter\u00e1 bojovala proti portugalsk\u00e9mu a pozd\u011bji britsk\u00e9mu vlivu v Indick\u00e9m oce\u00e1nu a Persk\u00e9m z\u00e1livu. Na sv\u00e9m vrcholu v 19. stolet\u00ed se om\u00e1nsk\u00e9 lod\u011b pohybovaly od \u00edr\u00e1nsk\u00e9ho pob\u0159e\u017e\u00ed a\u017e po kor\u00e1ly Zanzibaru, vyv\u00e1\u017eely datle, kadidlo a otroky, dov\u00e1\u017eely ko\u0159en\u00ed a textilie a budovaly \u0159\u00ed\u0161i, kter\u00e1 se rozkl\u00e1dala nap\u0159\u00ed\u010d kontinenty. A\u010dkoli Om\u00e1n nikdy nebyl form\u00e1ln\u011b kolonizov\u00e1n, ve 20. stolet\u00ed se dostal pod neform\u00e1ln\u00ed britsk\u00fd protektor\u00e1t, spojen\u00fd spole\u010dn\u00fdm z\u00e1jmem: Brit\u00e1nie chr\u00e1nila sv\u00e9 n\u00e1mo\u0159n\u00ed cesty a Om\u00e1n postupoval v modernizaci pod veden\u00edm sult\u00e1na Saida bin Tajmura a pozd\u011bji sult\u00e1na K\u00e1b\u00fase bin Sa\u00edda. V roce 1970 se K\u00e1b\u00fas po sesazen\u00ed sv\u00e9ho otce ujal moci a zah\u00e1jil tak desetilet\u00ed budov\u00e1n\u00ed instituc\u00ed, od \u0161kol a nemocnic a\u017e po silnice prot\u00ednaj\u00edc\u00ed centr\u00e1ln\u00ed pou\u0161\u0165. Po jeho smrti v lednu 2020 tr\u016fn hladce p\u0159e\u0161el na jeho bratrance Haithama bin Tariqa v souladu s Qaboosov\u00fdm soukrom\u00fdm ur\u010den\u00edm \u2013 co\u017e sv\u011bd\u010d\u00ed o tom, \u017ee kr\u00e1lovsk\u00fd rod trv\u00e1 na kontinuit\u011b.<\/p>\n\n\n\n<p>Om\u00e1n je absolutn\u00ed monarchie, v n\u00ed\u017e moc p\u0159ech\u00e1z\u00ed po mu\u017esk\u00e9 linii rodiny al-Bu Sa\u00edda. Sult\u00e1n p\u0159edsed\u00e1 v\u00fdkonn\u00e9, z\u00e1konod\u00e1rn\u00e9 a soudn\u00ed moci, a\u010dkoli pro n\u011bkter\u00e9 m\u00edstn\u00ed a ekonomick\u00e9 z\u00e1le\u017eitosti jsou z\u0159\u00edzeny poradn\u00ed rady. Na mezin\u00e1rodn\u00ed \u00farovni Om\u00e1n usiluje o um\u00edrn\u011bnou cestu: jako \u010dlen Organizace spojen\u00fdch n\u00e1rod\u016f, Ligy arabsk\u00fdch st\u00e1t\u016f, Rady pro spolupr\u00e1ci v Persk\u00e9m z\u00e1livu, Hnut\u00ed nez\u00fa\u010dastn\u011bn\u00fdch a Organizace isl\u00e1msk\u00e9 spolupr\u00e1ce udr\u017euje vazby s V\u00fdchodem i Z\u00e1padem a \u010dasto slou\u017e\u00ed jako diskr\u00e9tn\u00ed prost\u0159edn\u00edk uprost\u0159ed region\u00e1ln\u00edho nap\u011bt\u00ed.<\/p>\n\n\n\n<p>P\u0159ev\u00e1\u017en\u00e1 \u010d\u00e1st centr\u00e1ln\u00edho Om\u00e1nu je \u0161t\u011brkov\u00e1 pou\u0161tn\u00ed pl\u00e1\u0148, kde letn\u00ed teploty b\u011b\u017en\u011b stoupaj\u00ed a\u017e k n\u00edzk\u00fdm 40 \u00b0C a sr\u00e1\u017eky se sotva odchyluj\u00ed od kalend\u00e1\u0159e \u2013 v Maskatu spadne v pr\u016fm\u011bru kolem 100 mm ro\u010dn\u011b, nejv\u00edce v lednu. Geografie v\u0161ak dod\u00e1v\u00e1 tomuto m\u00edstu nuance. Poho\u0159\u00ed Had\u017ear, ty\u010d\u00edc\u00ed se k nebi na severu, vy\u017ed\u00edm\u00e1 z proch\u00e1zej\u00edc\u00edch mrak\u016f v\u00edce vlhkosti, p\u0159i\u010dem\u017e ve vy\u0161\u0161\u00edch \u010d\u00e1stech D\u017eabal Akhdaru spadne p\u0159es 400 mm ro\u010dn\u011b a ob\u010das sn\u011b\u017e\u00ed i v zim\u011b. D\u00e1le na jih, poho\u0159\u00ed Dhofar kolem Salalah, podl\u00e9h\u00e1 ka\u017ed\u00e9 l\u00e9to monzunu z Indick\u00e9ho oce\u00e1nu a p\u0159itahuje chladn\u00fd, mlhou nasycen\u00fd vzduch, kter\u00fd od \u010dervna do z\u00e1\u0159\u00ed zahaluje oblast do mlhy a de\u0161t\u011b; denn\u00ed teploty z\u0159\u00eddka p\u0159ekra\u010duj\u00ed 30 \u00b0C a kopce a pob\u0159e\u017en\u00ed pl\u00e1n\u011b se dostate\u010dn\u011b zazelenaj\u00ed, aby se na nich daly vyp\u011bstovat kokosov\u00e9 h\u00e1je a star\u00e9 kadidlo.<\/p>\n\n\n\n<p>\u0158\u00eddk\u00e1 vegetace Om\u00e1nu ve vnitrozem\u00ed se skl\u00e1d\u00e1 z pou\u0161tn\u00edch ke\u0159\u016f a trav, zat\u00edmco monzuny \u017eiven\u00e9 oblasti Dhofaru se py\u0161n\u00ed kr\u00e1tkodob\u00fdm vzestupem bujn\u00e9 p\u0159\u00edrody. V poho\u0159\u00ed Had\u017ear se nach\u00e1z\u00ed z\u0159eteln\u00fd ekoregion, domov arabsk\u00e9ho tahru a \u0159ady dal\u0161\u00edch druh\u016f: po jeho \u00fatesech se potuluj\u00ed levharti, kozoro\u017eci, p\u0159\u00edmoro\u017eci, hyeny, vlci a zaj\u00edci. Pta\u010d\u00ed \u017eivot sah\u00e1 od sup\u016f a orl\u016f a\u017e po st\u011bhovav\u00e9 \u010d\u00e1py a v\u010dela\u0159e drahokamov\u00e9. Mo\u0159sk\u00e9 vody se hem\u017e\u00ed rybami a v posledn\u00edch letech Om\u00e1n p\u0159itahuje pozornost d\u00edky mo\u017enostem pozorov\u00e1n\u00ed velryb \u2013 hlubok\u00e9 kan\u00e1ly u jeho pob\u0159e\u017e\u00ed nav\u0161t\u011bvuj\u00ed keporkaci arabsk\u00ed, vorvan\u011b a dokonce i drobn\u00e9 mod\u0159iny.<\/p>\n\n\n\n<p>Ochrana p\u0159\u00edrody v\u0161ak narazila na probl\u00e9my. V roce 2007 vl\u00e1da zkr\u00e1tila rezervaci pro p\u0159\u00edmoro\u017ece arabsk\u00e9ho \u2013 kdysi hrdou lokalitu UNESCO \u2013 o 90 procent, aby vy\u010distila p\u016fdu pro pr\u016fzkum ropy, co\u017e vedlo k jej\u00edmu vy\u0159azen\u00ed ze seznamu pam\u00e1tek. Dobr\u00e9 \u017eivotn\u00ed podm\u00ednky zv\u00ed\u0159at jsou i nad\u00e1le napjat\u00e9: \u017e\u00e1dn\u00e9 programy pro kastraci ani \u00fatulky se nezab\u00fdvaj\u00ed toulav\u00fdmi psy, kte\u0159\u00ed jsou \u010dasto utr\u00e1ceni zast\u0159elen\u00edm, a tak\u00e9 ko\u010dky trp\u00ed zanedb\u00e1v\u00e1n\u00edm. Ohro\u017een\u00e9 druhy, jako je levhart arabsk\u00fd, mo\u0159sk\u00e1 \u017eelva zelen\u00e1 a p\u0159\u00edmoro\u017eec arabsk\u00fd, jsou z\u00e1visl\u00e9 na vyhl\u00e1\u0161k\u00e1ch, pokud jde o ochranu, ale vym\u00e1h\u00e1n\u00ed pr\u00e1va a pov\u011bdom\u00ed ve\u0159ejnosti zaost\u00e1vaj\u00ed za ambicemi.<\/p>\n\n\n\n<p>V\u00fdrok Z\u00e1kladn\u00edho statutu Om\u00e1nu \u2013 \u017ee \u201en\u00e1rodn\u00ed ekonomika je zalo\u017eena na spravedlnosti a principech svobodn\u00e9 ekonomiky\u201c \u2013 koexistuje s realitou renti\u00e9rsk\u00e9ho st\u00e1tu. Miner\u00e1ln\u00ed paliva, zejm\u00e9na ropa a plyn, tvo\u0159ily v roce 2018 v\u00edce ne\u017e 80 procent hodnoty exportu; prok\u00e1zan\u00e9 z\u00e1soby se pohybuj\u00ed kolem 5,5 miliardy barel\u016f, co\u017e \u0159ad\u00ed Om\u00e1n na 25. m\u00edsto na sv\u011bt\u011b. T\u011b\u017ebu dohl\u00ed\u017e\u00ed Om\u00e1n, zat\u00edmco ministerstvo energetiky a nerostn\u00fdch surovin spravuje infrastrukturu. Expanze po energetick\u00e9 krizi v 80. letech 20. stolet\u00ed byly dnes vyst\u0159\u00edd\u00e1ny stagnac\u00ed produkce, a to i p\u0159es stavebn\u00ed boom v okol\u00ed nov\u00fdch p\u0159\u00edstav\u016f v Duqmu, Soh\u00e1ru a Salal\u00e1hu a na obzoru se r\u00fdsuje rafinerie a petrochemick\u00fd komplex v Duqmu s kapacitou a\u017e 230 000 barel\u016f denn\u011b.<\/p>\n\n\n\n<p>Vl\u00e1da si v\u0161ak ji\u017e dlouho uv\u011bdomuje nebezpe\u010d\u00ed z\u00e1vislosti na rop\u011b. Cestovn\u00ed ruch se nyn\u00ed st\u00e1v\u00e1 nejrychleji rostouc\u00edm sektorem, v roce 2016 se pod\u00edlel na HDP t\u00e9m\u011b\u0159 3 procenty a sm\u011b\u0159uje k nov\u00fdm c\u00edl\u016fm. Sv\u011btov\u00e1 rada pro cestovn\u00ed ruch a turistiku ozna\u010dila Om\u00e1n za nejrychleji se rozv\u00edjej\u00edc\u00ed destinaci na Bl\u00edzk\u00e9m v\u00fdchod\u011b, kterou podporuje ekoturistika \u2013 hn\u00edzd\u011bn\u00ed mo\u0159sk\u00fdch \u017eelv v Ras al-Jinz, pou\u0161tn\u00ed turistika v pou\u0161ti Wahiba Sands, fjordov\u00e9 v\u00fdhledy v Musandamu \u2013 a kulturn\u00ed d\u011bdictv\u00ed p\u0159itahuje Maskat, Nizwa, Bahla a dal\u0161\u00ed oblasti. Zem\u011bd\u011blstv\u00ed z\u016fst\u00e1v\u00e1 p\u0159ev\u00e1\u017en\u011b samoz\u00e1sobitelsk\u00e9, p\u0159i\u010dem\u017e v\u00fdznamn\u00fdmi komoditami jsou datle (80 procent produkce ovoce) a ryby (spot\u0159eba ryb v Om\u00e1nu je t\u00e9m\u011b\u0159 dvojn\u00e1sobn\u00e1 oproti celosv\u011btov\u00e9mu pr\u016fm\u011bru); v\u00fdvoz ryb se mezi lety 2000 a 2016 zv\u00fd\u0161il o 19 procent, v \u010dele s dod\u00e1vkami do Vietnamu a Spojen\u00fdch arabsk\u00fdch emir\u00e1t\u016f.<\/p>\n\n\n\n<p>Om\u00e1nsk\u00e9 obyvatelstvo \u2013 v roce 2020 ho \u010d\u00edtalo p\u0159es 4,5 milionu \u2013 se shlukuje v Maskatu a na \u00farodn\u00e9m pob\u0159e\u017e\u00ed Batinu. Om\u00e1nci sahaj\u00ed k arabsk\u00fdm kmen\u016fm, p\u0159i\u010dem\u017e zhruba 20 procent obyvatel bal\u00fa\u010dsk\u00e9ho p\u016fvodu p\u0159i\u0161lo p\u0159ed stalet\u00edmi; bal\u00fa\u010dsk\u00e9 komunity v Gv\u00e1daru spadaly pod nadvl\u00e1du Om\u00e1nu a\u017e do 60. let 20. stolet\u00ed. Soci\u00e1ln\u00ed krajina prol\u00edn\u00e1 t\u0159i identity \u2013 kmenovou p\u0159\u00edslu\u0161nost, ibadijsk\u00fd isl\u00e1m a n\u00e1mo\u0159n\u00ed obchod \u2013 s region\u00e1ln\u00edmi rozd\u00edly mezi ostrovn\u00edmi vnitrozemsk\u00fdmi kmeny a pob\u0159e\u017en\u00edmi obchodn\u00edky. M\u00edra plodnosti klesla na \u00farove\u0148 n\u00e1hrady obyvatelstva (2,8 v roce 2020), zat\u00edmco cizinci, p\u0159edev\u0161\u00edm migruj\u00edc\u00ed pracovn\u00edci z Asie a Afriky, tvo\u0159\u00ed podstatnou \u010d\u00e1st pracovn\u00ed s\u00edly.<\/p>\n\n\n\n<p>V\u011bt\u0161inu obyvatelstva v r\u00e1mci ibadijsk\u00e9ho isl\u00e1mu, relativn\u011b um\u00edrn\u011bn\u00e9 v\u011btve odli\u0161n\u00e9 od sunnitsk\u00e9 i \u0161\u00editsk\u00e9 v\u011bt\u0161iny, poutaj\u00ed n\u00e1bo\u017eenstv\u00ed, a\u010dkoli \u0161\u00e1fij\u0161t\u00ed sunnit\u00e9 a dvan\u00e1ctilet\u00ed \u0161\u00edit\u00e9 maj\u00ed tak\u00e9 sv\u00e9 stoupence. Nemuslimsk\u00e9 komunity \u2013 k\u0159es\u0165an\u00e9, hinduist\u00e9, sikhov\u00e9, buddhist\u00e9 \u2013 jsou z velk\u00e9 \u010d\u00e1sti emigranti a tvo\u0159\u00ed kongregace v Maskatu, Suh\u00e1ru a Sal\u00e1le; v metropolitn\u00ed oblasti hlavn\u00edho m\u011bsta p\u016fsob\u00ed p\u0159es pades\u00e1t k\u0159es\u0165ansk\u00fdch spole\u010denstv\u00ed. Arabsk\u00e9 dialekty se li\u0161\u00ed: dhofarsk\u00e1 arab\u0161tina na jihu, arab\u0161tina v Persk\u00e9m z\u00e1livu pobl\u00ed\u017e hranic se SAE a om\u00e1nsk\u00e1 arab\u0161tina ve vnitrozem\u00ed.<\/p>\n\n\n\n<p>Om\u00e1nsk\u00e9 \u0159emesln\u00e9 zpracov\u00e1n\u00ed a od\u011bv hovo\u0159\u00ed o tradici a region\u00e1ln\u00ed hrdosti. Mu\u017ei nos\u00ed di\u0161da\u0161u, dlouh\u00e9 \u0161aty bez l\u00edmce \u2013 v\u011bt\u0161inou b\u00edl\u00e9, n\u011bkdy barevn\u00e9 \u2013 zdoben\u00e9 vonn\u00fdm st\u0159apcem u krku. P\u0159i form\u00e1ln\u00edch p\u0159\u00edle\u017eitostech m\u016f\u017ee di\u0161da\u0161u zahalit bi\u0161t (pl\u00e1\u0161\u0165) lemovan\u00fd zlatou nebo st\u0159\u00edbrnou nit\u00ed. \u017deny nos\u00ed vrstvy tuniky kandoorah, vy\u0161\u00edvan\u00fdch ruk\u00e1v\u016f a sirwalu (voln\u00fdch kalhot), navrchu \u0161\u00e1lu na hlavu zvan\u00e9ho lihaf; region\u00e1ln\u00ed styly charakterizuj\u00ed \u017eiv\u00e9 barvy a ru\u010dn\u011b vy\u0161\u00edvan\u00e9 motivy.<\/p>\n\n\n\n<p>Stavba lod\u00ed kdysi udr\u017eovala p\u0159\u00edstavy jako Sur, kde v\u00fdroba plachetnice al-Ghanja st\u00e1le trv\u00e1 rok, stejn\u011b jako u As Sunbouq a Al Badan. \u0158emesln\u00edci vyr\u00e1b\u011bj\u00ed st\u0159\u00edbrn\u00e9 artefakty \u2013 t\u0159epa\u010dky s r\u016f\u017eovou vodou, \u201ekrabice Nizwa\u201c, d\u00fdky khand\u017e\u00e1r se santalov\u00e9 nebo prysky\u0159i\u010dn\u00e9 rukojeti \u2013 kter\u00e9 jsou k dost\u00e1n\u00ed na s\u00fac\u00edch za sm\u011bnu v rialech (OMR), p\u0159i\u010dem\u017e jeden rial se rovn\u00e1 1 000 bais\u00e1m a je stanoven na p\u0159ibli\u017en\u011b 2,6008 USD. N\u00e1v\u0161t\u011bvn\u00edci by si m\u011bli p\u0159ed v\u00fdvozem zbran\u00ed nebo st\u0159\u00edbrn\u00fdch staro\u017eitnost\u00ed ov\u011b\u0159it celn\u00ed p\u0159edpisy, proto\u017ee neoraz\u00edtkovan\u00e9 star\u00e9 st\u0159\u00edbro postr\u00e1d\u00e1 ofici\u00e1ln\u00ed autenticitu navzdory potenci\u00e1ln\u00ed historick\u00e9 hodnot\u011b. Paletu \u0159emesln\u00edk\u016f dopl\u0148uj\u00ed vy\u0161\u00edvan\u00e9 \u010depice Kumma, kadidlo z Dhofaru a parf\u00e9my Amouage destilovan\u00e9 z m\u00edstn\u00edch prysky\u0159ic.<\/p>\n\n\n\n<p>Om\u00e1nsk\u00e1 kuchyn\u011b vyva\u017euje jednoduchost a podstatu. R\u00fd\u017ee a placky jsou z\u00e1kladem pokrm\u016f, jako je Qabuli \u2013 ko\u0159en\u011bn\u00e1 r\u00fd\u017ee s vrstvami masa, hr\u00e1\u0161ku a karamelizovan\u00e9 cibule \u2013 a shuwa, jehn\u011b\u010d\u00ed maso pomalu va\u0159en\u00e9 v zemi a\u017e dva dny. Harees, ka\u0161e z drcen\u00e9 p\u0161enice a gh\u00ed, a mo\u0159sk\u00e9 speciality jako mashuai (kr\u00e1lovsk\u00e1 ryba pe\u010den\u00e1 na ro\u017eni s citronovou r\u00fd\u017e\u00ed) odr\u00e1\u017eej\u00ed hojnost pob\u0159e\u017e\u00ed. Pouli\u010dn\u00ed prodejci prod\u00e1vaj\u00ed shawarma wrapy, falafel, mishtaq \u2013 grilovan\u00e9 maso s tamarindem a chilli \u2013 a halwu, sladkou polotuhou cukrovinku pod\u00e1vanou s k\u00e1vou jako projev pohostinnosti.<\/p>\n\n\n\n<p>Cestovatel\u00e9 do Om\u00e1nu by m\u011bli respektovat m\u00edstn\u00ed normy. Alkohol je k dispozici pouze v licencovan\u00fdch hotelech a nemuslim\u016fm ve vybran\u00fdch obchodech a ve\u0159ejn\u00e1 konzumace je zak\u00e1z\u00e1na \u2013 zejm\u00e9na b\u011bhem Ramad\u00e1nu, kdy se otev\u00edrac\u00ed doba zkracuje a ve\u0161ker\u00e9 pit\u00ed alkoholu p\u0159es den je nep\u0159\u00edpustn\u00e9. Obl\u00e9kejte se skromn\u011b: ramena, kolena a b\u0159icha \u017een by m\u011bly z\u016fstat zakryt\u00e1; mu\u017ei nos\u00ed kra\u0165asy pouze venku nebo na pl\u00e1\u017ei. Homosexualita je nez\u00e1konn\u00e1; pro LGBT n\u00e1v\u0161t\u011bvn\u00edky je nezbytn\u00e1 diskr\u00e9tnost.<\/p>\n\n\n\n<p>\u0158\u00edzen\u00ed s sebou nese sv\u00e1 vlastn\u00ed \u00faskal\u00ed. Maskat sv\u00edraj\u00ed dopravn\u00ed z\u00e1cpy, zat\u00edmco pou\u0161tn\u00ed silnice l\u00e1kaj\u00ed k vysok\u00fdm rychlostem a nebezpe\u010d\u00edm \u2013 nehod\u00e1m zp\u016fsoben\u00fdm sp\u00e1nkem, neosv\u011btlen\u00fdm vozidl\u016fm, potuluj\u00edc\u00edm se velbloud\u016fm. Po\u010det \u00famrt\u00ed na silnic\u00edch v Om\u00e1nu v\u00fdrazn\u011b p\u0159evy\u0161uje po\u010det \u00famrt\u00ed v sousedn\u00edch st\u00e1tech Persk\u00e9ho z\u00e1livu; ostra\u017eit\u00e1 j\u00edzda, zejm\u00e9na v noci a na stezk\u00e1ch v\u00e1d\u00ed, je nezbytn\u00e1. Smlouv\u00e1n\u00ed na trz\u00edch je zvykem, ale mus\u00ed b\u00fdt zdvo\u0159il\u00e9; vol\u00e1n\u00ed je\u0159\u00e1b\u016f muez\u00edna a p\u00e1te\u010dn\u00ed modlitby utv\u00e1\u0159ej\u00ed rytmus ka\u017edodenn\u00edho \u017eivota, spolu s festivaly, jako je \u00cdd al-Fitr a \u00cdd al-Adh\u00e1.<\/p>\n\n\n\n<p>Om\u00e1nsk\u00fd lid je proslul\u00fd svou v\u0159elost\u00ed a pohostinnost\u00ed. A\u010dkoli je to pro mnoho n\u00e1v\u0161t\u011bvn\u00edk\u016f exotick\u00e9, \u00fasm\u011bv mus\u00ed b\u00fdt um\u00edrn\u011bn\u00fd: genderov\u011b segregovan\u00e9 spole\u010densk\u00e9 mravy mohou zp\u016fsobit, \u017ee nevy\u017e\u00e1dan\u00e1 v\u0159elost v\u016f\u010di opa\u010dn\u00e9mu pohlav\u00ed m\u016f\u017ee b\u00fdt myln\u011b interpretov\u00e1na. D\u011btsk\u00e9 pohledy mezit\u00edm \u010dasto prozrazuj\u00ed jen prostou zv\u011bdavost. P\u0159edev\u0161\u00edm jsou cestovatel\u00e9 vyz\u00fdv\u00e1ni, aby o sult\u00e1novi K\u00e1b\u00fasovi \u2013 a jeho n\u00e1stupci \u2013 mluvili s \u00factou. Jeho p\u016flstolet\u00ed vl\u00e1dy prom\u011bnilo kdysi ostrovn\u00ed sultan\u00e1t v modern\u00ed st\u00e1t, jak\u00fd potk\u00e1v\u00e1me dnes; ve\u0159ejn\u00e1 kritika je vz\u00e1cn\u00e1 a neuv\u00e1\u017een\u00e1.<\/p>\n\n\n\n<p>Om\u00e1nsk\u00e1 krajina s v\u011btrem o\u0161lehan\u00fdmi pou\u0161ti, tvarovan\u00fdmi horami a pob\u0159e\u017e\u00edm pol\u00edben\u00fdm monzuny zrcadl\u00ed jeho slo\u017eitou historii n\u00e1mo\u0159nick\u00e9 \u0159\u00ed\u0161e, strategick\u00e9 diplomacie a opatrn\u00e9 modernizace. Pod di\u0161d\u00e1\u0161ou a datlovou palmou sultan\u00e1t balancuje mezi tradic\u00ed a reformami, naviguje se prosperitou poh\u00e1n\u011bnou ropou a z\u00e1rove\u0148 rozv\u00edj\u00ed cestovn\u00ed ruch a skromn\u00fd pr\u016fmysl. Na sv\u00fdch s\u00fac\u00edch a st\u0159\u00edbrnick\u00fdch d\u00edln\u00e1ch, \u0161eptan\u00fdch modlitb\u00e1ch v me\u0161it\u00e1ch Ibadi a rozv\u00edjej\u00edc\u00edch se p\u0159\u00edstavech je Om\u00e1n studi\u00ed kontrast\u016f: z\u00e1rove\u0148 starobyl\u00fd a progresivn\u00ed, stroh\u00fd a velkorys\u00fd, odlehl\u00fd, a p\u0159esto glob\u00e1ln\u011b anga\u017eovan\u00fd. Cestovat sem znamen\u00e1 b\u00fdt sv\u011bdkem souhry p\u00edsku a mo\u0159e, kmenov\u00fdch rytm\u016f a administrativn\u00edho \u0159\u00e1du \u2013 sv\u011bdectv\u00ed o n\u00e1rodu, kter\u00fd si nap\u0159\u00ed\u010d stalet\u00edmi zm\u011bn vyty\u010dil vlastn\u00ed cestu.<\/p>","protected":false},"excerpt":{"rendered":"<p>Om\u00e1n, kter\u00fd je ofici\u00e1ln\u011b zn\u00e1m\u00fd jako Om\u00e1nsk\u00fd sultan\u00e1t, je podmaniv\u00fd n\u00e1rod le\u017e\u00edc\u00ed na jihov\u00fdchodn\u00edm pob\u0159e\u017e\u00ed Arabsk\u00e9ho poloostrova. S p\u0159ibli\u017en\u011b 5,2 miliony od roku 2024 zaznamenala tato zem\u011b pozoruhodn\u00fd 2,84% n\u00e1r\u016fst oproti p\u0159edchoz\u00edmu roku. Hlavn\u00ed a nejv\u011bt\u0161\u00ed m\u011bsto Muscat tvo\u0159\u00ed kulturn\u00ed a obchodn\u00ed centrum t\u00e9to rozmanit\u00e9 zem\u011b.<\/p>","protected":false},"author":1,"featured_media":4540,"parent":24063,"menu_order":0,"comment_status":"closed","ping_status":"closed","template":"elementor_theme","meta":{"_eb_attr":"","footnotes":""},"class_list":["post-15337","page","type-page","status-publish","has-post-thumbnail"],"_links":{"self":[{"href":"https:\/\/travelshelper.com\/cs\/wp-json\/wp\/v2\/pages\/15337","targetHints":{"allow":["GET"]}}],"collection":[{"href":"https:\/\/travelshelper.com\/cs\/wp-json\/wp\/v2\/pages"}],"about":[{"href":"https:\/\/travelshelper.com\/cs\/wp-json\/wp\/v2\/types\/page"}],"author":[{"embeddable":true,"href":"https:\/\/travelshelper.com\/cs\/wp-json\/wp\/v2\/users\/1"}],"replies":[{"embeddable":true,"href":"https:\/\/travelshelper.com\/cs\/wp-json\/wp\/v2\/comments?post=15337"}],"version-history":[{"count":0,"href":"https:\/\/travelshelper.com\/cs\/wp-json\/wp\/v2\/pages\/15337\/revisions"}],"up":[{"embeddable":true,"href":"https:\/\/travelshelper.com\/cs\/wp-json\/wp\/v2\/pages\/24063"}],"wp:featuredmedia":[{"embeddable":true,"href":"https:\/\/travelshelper.com\/cs\/wp-json\/wp\/v2\/media\/4540"}],"wp:attachment":[{"href":"https:\/\/travelshelper.com\/cs\/wp-json\/wp\/v2\/media?parent=15337"}],"curies":[{"name":"wp","href":"https:\/\/api.w.org\/{rel}","templated":true}]}}