{"id":15263,"date":"2024-09-20T20:27:50","date_gmt":"2024-09-20T20:27:50","guid":{"rendered":"https:\/\/travelshelper.com\/staging\/?page_id=15263"},"modified":"2026-03-11T19:11:20","modified_gmt":"2026-03-11T19:11:20","slug":"mesto-davao","status":"publish","type":"page","link":"https:\/\/travelshelper.com\/cs\/destinations\/asia\/philippines\/davao\/","title":{"rendered":"M\u011bsto Davao"},"content":{"rendered":"<p>M\u011bsto Davao zauj\u00edm\u00e1 ve filip\u00ednsk\u00e9 p\u0159edstavivosti paradoxn\u00ed postaven\u00ed: je obrovsk\u00e9, ale z\u00e1rove\u0148 intimn\u00ed, drsn\u00e9, ale z\u00e1rove\u0148 p\u0159ipraven\u00e9 na modern\u00ed transformaci. Rozkl\u00e1d\u00e1 se na plo\u0161e 2 443,61 kilometr\u016f \u010dtvere\u010dn\u00edch na jihov\u00fdchodn\u00edm svahu ostrova Mindanao a svou rozlohou zast\u00edn\u00ed v\u0161echna ostatn\u00ed filip\u00ednsk\u00e1 m\u011bsta, p\u0159i\u010dem\u017e podle s\u010d\u00edt\u00e1n\u00ed lidu z roku 2020 m\u00e1 t\u00e9m\u011b\u0159 1,8 milionu obyvatel. Administrativn\u011b se m\u011bsto li\u0161\u00ed od okoln\u00ed provincie Davao del Sur, d\u011bl\u00ed se na t\u0159i kongresov\u00e9 obvody, jeden\u00e1ct spr\u00e1vn\u00edch obvod\u016f a 182 barangay\u016f, p\u0159esto funguje jako srdce metropolitn\u00ed oblasti Davao a \u0161ir\u0161\u00edho regionu Davao.<\/p>\n\n\n\n<p>Od severoz\u00e1padn\u00edho pob\u0159e\u017e\u00ed Davaosk\u00e9ho z\u00e1livu se m\u011bsto stabiln\u011b zved\u00e1 sm\u011brem na z\u00e1pad do kopcovit\u00fdch rozloh Marilogu. Siluet\u011b m\u011bsta dominuje hora Talomo a na jihoz\u00e1padn\u00edm c\u00edpu vrchol hory Apo \u2013 nejvy\u0161\u0161\u00edho vrcholu Filip\u00edn. N\u00e1rodn\u00ed park Mount Apo, slavnostn\u011b vyhl\u00e1\u0161en\u00fd jako chr\u00e1n\u011bn\u00fd n\u00e1rodn\u00ed park v kv\u011btnu 1936 prezidentem Manuelem L. Quezonem, chr\u00e1n\u00ed pozoruhodnou \u0161k\u00e1lu endemick\u00e9 fl\u00f3ry a fauny a p\u0159itahuje v\u011bdce i dobrodruhy. \u0158eka Davao, kter\u00e1 te\u010de 160 kilometr\u016f od vrchoviny Bukidnonu a\u017e k \u00fast\u00ed v Barangay Bucana v okrese Talomo, shroma\u017e\u010fuje odtok z v\u00edce ne\u017e 1 700 kilometr\u016f \u010dtvere\u010dn\u00edch povod\u00ed, ne\u017e se vl\u00e9v\u00e1 do z\u00e1livu.<\/p>\n\n\n\n<p>Klima Davao se vzp\u00edr\u00e1 jednoduch\u00e9 kategorizaci. A\u010dkoli se nad m\u011bstem \u010dast\u011bji p\u0159en\u00e1\u0161\u00ed intertropick\u00e1 konvergen\u010dn\u00ed z\u00f3na ne\u017e pas\u00e1ty, vz\u00e1cn\u00e9 cykl\u00f3ny u\u0161et\u0159\u00ed m\u011bsto pln\u00e9 s\u00edly prav\u00e9ho rovn\u00edkov\u00e9ho po\u010das\u00ed. Teploty se celoro\u010dn\u011b dr\u017e\u00ed nad 26 \u00b0C a sr\u00e1\u017eky \u2013 v\u017edy p\u0159esahuj\u00edc\u00ed 77 milimetr\u016f za m\u011bs\u00edc \u2013 dosahuj\u00ed nejv\u011bt\u0161\u00ed intenzity v letn\u00edch m\u011bs\u00edc\u00edch. Neexistuje \u017e\u00e1dn\u00e9 definovan\u00e9 obdob\u00ed sucha; dokonce i \u201ezima\u201c s sebou p\u0159in\u00e1\u0161\u00ed vydatn\u00e9 lij\u00e1ky. Tato ne\u00faprosn\u00e1 vlhkost podporuje bujnou vegetaci, kter\u00e1 pokr\u00fdv\u00e1 okoln\u00ed kopce a \u017eiv\u00ed exotick\u00e9 orchideje \u2013 zejm\u00e9na uct\u00edvanou orchideju waling-waling \u2013 kter\u00e9 se nikde jinde nevyskytuj\u00ed.<\/p>\n\n\n\n<p>M\u011bstsk\u00e9 a venkovsk\u00e9 prost\u0159ed\u00ed se prol\u00edn\u00e1 v kulturn\u00ed mozaice Davao. V\u011bt\u0161ina obyvatel sah\u00e1 sv\u00e9 ko\u0159eny k Visay\u016fm, zejm\u00e9na k Cebu\u016fm a Iloilo, a tvo\u0159\u00ed j\u00e1dro Ilongg\u016f hovo\u0159\u00edc\u00edch nehiligaynsky, kte\u0159\u00ed dominuj\u00ed demografick\u00e9 krajin\u011b. Tagalogov\u00e9, Kapampangan\u00e9 a Ilocan\u00e9 dorazili pozd\u011bji a p\u0159idali vrstvy zvyk\u016f a \u0159e\u010di. Domorod\u00e9 skupiny Lumad\u016f \u2013 mezi nimi\u017e jsou Giangan\u00e9, Kalagani a Tagabawov\u00e9 \u2013 si nad\u00e1le zachov\u00e1vaj\u00ed ritu\u00e1ly p\u0159edk\u016f, i kdy\u017e jejich jazyky soupe\u0159\u00ed s m\u011bstsk\u00fdmi lingua francas: cebu\u00e1n\u0161tina v ka\u017edodenn\u00edm prost\u0159ed\u00ed, filip\u00edn\u0161tina v m\u00e9di\u00edch a tagalogsky zabarven\u00e1 bisaja mezi mlad\u0161\u00edmi mluv\u010d\u00edmi. Angli\u010dtina z\u016fst\u00e1v\u00e1 form\u00e1ln\u00edm m\u00e9diem ve \u0161kol\u00e1ch a u soud\u016f, co\u017e profesion\u00e1l\u016fm poskytuje v\u0161estrann\u00fd n\u00e1stroj pro obchod a spr\u00e1vu v\u011bc\u00ed ve\u0159ejn\u00fdch. Morov\u00e9 \u2013 Maguindanaonov\u00e9, Maranaov\u00e9, Tausugov\u00e9, Ir\u00e1nunov\u00e9 a Sama-Bajauov\u00e9 \u2013 udr\u017euj\u00ed komunity po boku \u010d\u00ednsk\u00fdch a japonsk\u00fdch filip\u00ednsk\u00fdch rodin a men\u0161\u00edho po\u010dtu nov\u011bj\u0161\u00edch migrant\u016f z cel\u00e9 Asie a Z\u00e1padu.<\/p>\n\n\n\n<p>V\u00edra tvo\u0159\u00ed osnovu a \u00fatek m\u011bstsk\u00e9ho \u017eivota. \u0158\u00edm\u0161t\u00ed katol\u00edci tvo\u0159\u00ed zhruba 78 procent populace a arcidiec\u00e9ze Davao \u2013 zalo\u017een\u00e1 v roce 1975 a od roku 2012 veden\u00e1 arcibiskupem Romulem Vallesem \u2013 dohl\u00ed\u017e\u00ed na t\u0159i sufrag\u00e1nn\u00ed diec\u00e9ze v ji\u017en\u00edm Mindanau. Katedr\u00e1la San Pedro, zasv\u011bcen\u00e1 svat\u00e9mu Petrovi, slou\u017e\u00ed jako duchovn\u00ed centrum i m\u011bstsk\u00e1 pam\u00e1tka. Isl\u00e1m tvo\u0159\u00ed asi 4 procenta v\u011b\u0159\u00edc\u00edch, rozpt\u00fdlen\u00fdch v me\u0161it\u00e1ch, kter\u00e9 lemuj\u00ed hranice m\u011bsta. Rozmanit\u00e1 konstelace k\u0159es\u0165ansk\u00fdch skupin \u2013 Iglesia ni Cristo, r\u016fzn\u00e1 pentekost\u00e1ln\u00ed hnut\u00ed a nez\u00e1visl\u00e9 c\u00edrkve \u2013 zapl\u0148uje dal\u0161\u00ed modlitebny. Na okraj\u00edch m\u011bsta mal\u00e9 sikhsk\u00e9 gurdwary, hinduistick\u00e9 svatyn\u011b, buddhistick\u00e9 chr\u00e1my, synagogy a animistick\u00e9 svatyn\u011b odr\u00e1\u017eej\u00ed m\u011bsto, ve kter\u00e9m ti\u0161e p\u0159etrv\u00e1vaj\u00ed neortodoxn\u00ed v\u00edry.<\/p>\n\n\n\n<p>Davao, hlavn\u00ed obchodn\u00ed a pr\u016fmyslov\u00e9 centrum Mindanaa, je z\u00e1kladem region\u00e1ln\u00ed ekonomiky. Iniciativa V\u00fdchodoasijsk\u00e1 oblast r\u016fstu (East Asian Growth Area) ocenila jeho robustn\u00ed expanzi: progn\u00f3zy kdysi \u0159adily Davao mezi 100 nejrychleji rostouc\u00edch m\u011bst na sv\u011bt\u011b s trval\u00fdm ro\u010dn\u00edm tempem r\u016fstu p\u0159ibli\u017en\u011b 2,53 procenta za patn\u00e1ct let. Za touto dynamikou se skr\u00fdv\u00e1 exportn\u011b orientovan\u00fd p\u0159\u00edstavn\u00ed komplex \u2013 nejru\u0161n\u011bj\u0161\u00ed na Mindanau \u2013 kter\u00fd odbavuje jak trajektovou dopravu mezi ostrovy, tak kontejnerovou dopravu. Zem\u011bd\u011blstv\u00ed, agrobyznys a lehk\u00fd pr\u016fmysl vzkv\u00e9taj\u00ed spolu s rozv\u00edjej\u00edc\u00edm se cestovn\u00edm ruchem.<\/p>\n\n\n\n<p>Na m\u011bstsk\u00fdch trz\u00edch st\u00e1nky od\u011bn\u00e9 v zelen\u00fdch slupk\u00e1ch ohla\u0161uj\u00ed durian v jeho \u0161tiplav\u00e9 sl\u00e1v\u011b \u2013 d\u00edky \u010demu\u017e si Davao vyslou\u017eilo p\u0159ezd\u00edvku \u201eDurian Capital of Filip\u00edny\u201c. M\u00edstn\u00ed chu\u0165ov\u00e9 poh\u00e1rky v\u0161ak sahaj\u00ed daleko za hranice; kinilaw, syrov\u00e1 ryba namo\u010den\u00e1 v oct\u011b, okurce a chilli, se objevuje u ka\u017ed\u00e9ho j\u00eddla. Sinuglaw kombinuje grilovan\u00e9 vep\u0159ov\u00e9 b\u0159icho s ostrou chut\u00ed kinilaw. Ban\u00e1ny se sladkou slupkou a tropick\u00e9 ovoce, jako je marang, rambutan, pomelo a mangostan, o\u017eivuj\u00ed dezerty a sva\u010diny. D\u00edky \u00farodn\u00fdm p\u016fd\u00e1m hory Apo se k tradi\u010dn\u00edmu exportu p\u0159ipojila m\u00edstn\u011b p\u011bstovan\u00e1 k\u00e1va a dal\u0161\u00ed horsk\u00e9 produkty, \u010d\u00edm\u017e se vytvo\u0159il osobit\u00fd cit pro \u201eod farmy a\u017e na st\u016fl\u201c.<\/p>\n\n\n\n<p>\u017divot komunity pulzuje festivaly, kter\u00e9 p\u0159ipom\u00ednaj\u00ed jak agr\u00e1rn\u00ed cykly, tak n\u00e1bo\u017eenskou oddanost. 1. b\u0159ezna se p\u0159ipom\u00edn\u00e1 Araw ng Dabaw, den zalo\u017een\u00ed m\u011bsta, s ceremoni\u00e1ly a ob\u010dansk\u00fdmi poctami. V srpnu se kon\u00e1 oslava Kadayawan, kter\u00e1 ct\u00ed domorod\u00e9 ritu\u00e1ly sklizn\u011b: ulicemi proj\u00ed\u017ed\u011bj\u00ed kolony kmenov\u00fdch kontingent\u016f, zat\u00edmco domorod\u00e9 tance a um\u011bleck\u00e9 v\u00fdstavy p\u0159ipom\u00ednaj\u00ed p\u0159edkoloni\u00e1ln\u00ed dobu. Objevily se nov\u011bj\u0161\u00ed akce, kter\u00e9 odr\u00e1\u017eej\u00ed sou\u010dasnou identitu: Torotot na Silvestra nahrazuje petardy spole\u010dn\u00fdm trouben\u00edm p\u00e1rty roh\u016f a od roku 2024 se festival Duaw Davao v \u010dervnu stejnou m\u011brou zam\u011b\u0159uje na turismus, sv\u00e1tek San Pedro, M\u011bs\u00edc hrdosti a \u017eivotn\u00ed styl. Prosincov\u00fd festival Pasko Fiesta sa Davao rozprost\u00edr\u00e1 v\u00e1no\u010dn\u00ed osv\u011btlen\u00ed a sout\u011b\u017ee po v\u0161ech barangay\u00edch.<\/p>\n\n\n\n<p>M\u011bsto si uchov\u00e1v\u00e1 svou minulost v muze\u00edch a historick\u00fdch enkl\u00e1v\u00e1ch. Muzeum Davao a Muzeum lidov\u00e9ho um\u011bn\u00ed Mindanao host\u00ed sb\u00edrky od domorod\u00fdch textili\u00ed a\u017e po pam\u00e1tky z koloni\u00e1ln\u00ed \u00e9ry. V barangaji Mintal v okrese Tugbok se nach\u00e1z\u00ed Japonsk\u00fd h\u0159bitov a svatyn\u011b: tich\u00e9 p\u0159ipom\u00ednky kdysi prosperuj\u00edc\u00ed japonsk\u00e9 komunity, kter\u00e1 zakl\u00e1dala plant\u00e1\u017ee a v\u00e1le\u010dn\u00e9 tunely. Filip\u00ednsko-japonsk\u00e9 muzeum zaznamen\u00e1v\u00e1 tyto mezikulturn\u00ed vazby. Pam\u00e1tky, jako je Muzeum historick\u00e9 spole\u010dnosti Davaoe\u00f1o a roztrou\u0161en\u00e9 kaple ze \u0161pan\u011blsk\u00e9 \u00e9ry, posiluj\u00ed slo\u017eit\u00e9 vrstven\u00ed historie Davao.<\/p>\n\n\n\n<p>Ochrann\u00e9 \u00fasil\u00ed se zam\u011b\u0159uje na orla filip\u00ednsk\u00e9ho, n\u00e1rodn\u00edho pt\u00e1ka zem\u011b a nejv\u011bt\u0161\u00edho orla sv\u011bta. Nadace a p\u0159\u00edrodn\u00ed centrum pro orly filip\u00ednsk\u00e9 pobl\u00ed\u017e m\u011bsta poskytuje \u00fato\u010di\u0161t\u011b zran\u011bn\u00fdm a v zajet\u00ed odchovan\u00fdm dravc\u016fm. P\u0159\u00edrodn\u00ed park Eden a zahradn\u00ed resort Malagos l\u00e1kaj\u00ed n\u00e1v\u0161t\u011bvn\u00edky do zahrad orchidej\u00ed, mot\u00fdl\u00edch zahrad a na ekologick\u00e9 farmy. Farm\u00e1\u0159sk\u00fd resort Gap nab\u00edz\u00ed pohled na venkovsk\u00e9 vnitrozem\u00ed p\u0159\u00edmo z va\u0161ich dve\u0159\u00ed, zat\u00edmco People&#039;s Park v centru m\u011bsta p\u0159edstavuje vy\u0159ez\u00e1van\u00e9 sochy postav kmene Lumad a ve\u010der choreograficky tan\u010d\u00edc\u00ed font\u00e1nu.<\/p>\n\n\n\n<p>Pohyb \u2013 osob i zbo\u017e\u00ed \u2013 formoval r\u016fst Davao. Ve m\u011bst\u011b jezd\u00ed multicaby a jeepney po zhruba osmdes\u00e1ti tras\u00e1ch nep\u0159etr\u017eit\u011b; t\u0159\u00edkolky se rozb\u00edhaj\u00ed do uli\u010dek p\u0159\u00edli\u0161 \u00fazk\u00fdch pro v\u011bt\u0161\u00ed vozidla, zat\u00edmco tax\u00edky byly mezi prvn\u00edmi na Filip\u00edn\u00e1ch, kter\u00e9 p\u0159ij\u00edmaly platby bankomaty a debetn\u00edmi kartami, p\u0159i\u010dem\u017e ka\u017ed\u00e9 \u010dern\u00e9 taxi bylo propojeno s GPS dispe\u010dinkem. Autobusy spojuj\u00ed metropoli s hlavn\u00edmi m\u011bsty a ostrovy Mindanaa a pozemn\u00edmi trasami se dostanou dokonce i do Manily.<\/p>\n\n\n\n<p>Silni\u010dn\u00ed projekty se zam\u011b\u0159ily na uvoln\u011bn\u00ed dopravy: podjezd Buhangin byl otev\u0159en v roce 2003 a ambici\u00f3zn\u00ed pl\u00e1ny na m\u011bstsk\u00fd obchvat \u2013 kter\u00fd m\u00e1 zkr\u00e1tit dobu cestov\u00e1n\u00ed t\u00e9m\u011b\u0159 na polovinu \u2013 byly odlo\u017eeny na rok 2028. Navrhovan\u00e1 jednokolejka Davao People Mover a pob\u0159e\u017en\u00ed silnice, kter\u00e1 by chr\u00e1nila pob\u0159e\u017e\u00ed p\u0159ed eroz\u00ed, z\u016fst\u00e1vaj\u00ed na stolech ministerstev. Celost\u00e1tn\u00ed \u017eeleznice, tra\u0165 Tagum-Davao-Digos, \u010dek\u00e1 na financov\u00e1n\u00ed pot\u00e9, co v roce 2023 vypr\u0161ela platnost \u010d\u00ednsk\u00e9 finan\u010dn\u00ed smlouvy. Mezit\u00edm velk\u00fd projekt modernizace ve\u0159ejn\u00e9 dopravy zavede p\u0159ibli\u017en\u011b 1 000 autobus\u016f \u2013 v\u010detn\u011b elektrick\u00fdch kloubov\u00fdch autokar\u016f \u2013 a s\u00ed\u0165 autobusov\u00fdch zast\u00e1vek v cel\u00e9 oblasti metra Davao.<\/p>\n\n\n\n<p>Po mo\u0159i se mezi pokroky \u0159ad\u00ed nov\u00e9 trajektov\u00e9 spojen\u00ed z General Santos do Bitungu v Indon\u00e9sii, kter\u00e9 usnad\u0148uje obchod s elektronikou, zem\u011bd\u011blsk\u00fdmi vstupy a pr\u016fmyslov\u00fdm zbo\u017e\u00edm. Dva n\u00e1mo\u0159n\u00ed p\u0159\u00edstavy \u2013 Sasa International a Santa Ana Wharf \u2013 p\u0159iv\u00e1d\u011bj\u00ed lod\u011b p\u0159es z\u00e1liv do ostrovn\u00edch destinac\u00ed.<\/p>\n\n\n\n<p>Mezin\u00e1rodn\u00ed leti\u0161t\u011b Francisco Bangoy od roku 1966 p\u0159ij\u00edm\u00e1 tryskov\u00e9 lety a v t\u00e9m\u017ee roce zah\u00e1jila vnitrost\u00e1tn\u00ed leteckou dopravu spole\u010dnost Philippine Airlines. Mezi ned\u00e1vn\u00e9 p\u0159\u00edr\u016fstky pat\u0159\u00ed p\u0159\u00edm\u00e9 spojen\u00ed do Quanzhou, Singapuru a Dauh\u00e1, \u010d\u00edm\u017e se roz\u0161i\u0159uje glob\u00e1ln\u00ed dosah Davao.<\/p>\n\n\n\n<p>M\u011bsto Davao se vzp\u00edr\u00e1 \u00fahledn\u00e9 kategorizaci. Je z\u00e1rove\u0148 pastor\u00e1ln\u00ed i metropolitn\u00ed, zako\u0159en\u011bn\u00e9 ve starov\u011bk\u00fdch zvyc\u00edch, ale z\u00e1rove\u0148 p\u0159ij\u00edmaj\u00edc\u00ed nov\u00e9 hranice obchodu a infrastruktury. Jeho \u0161irok\u00e9 pob\u0159e\u017e\u00ed, \u00farodn\u00e9 hory a m\u011bstsk\u00e1 mozaika jazyk\u016f a v\u00edry hovo\u0159\u00ed o stalet\u00edch migrace, obchodu a kulturn\u00ed v\u00fdm\u011bny. M\u00edstn\u00ed festivaly rezonuj\u00ed ozv\u011bnami p\u0159edk\u016f, i kdy\u017e technologicky podpo\u0159en\u00e9 dopravn\u00ed pl\u00e1ny mapuj\u00ed novou trajektorii. V ka\u017ed\u00e9m okrese a barangayi je c\u00edtit trval\u00e1 schopnost m\u011bsta vyva\u017eovat kontinuitu a zm\u011bnu a budovat budoucnost, kter\u00e1 z\u016fst\u00e1v\u00e1 ukotvena v zemi, \u0159ece a lidech, kte\u0159\u00ed Davao naz\u00fdvaj\u00ed domovem.<\/p>","protected":false},"excerpt":{"rendered":"<p>Davao City, form\u00e1ln\u011b ozna\u010dovan\u00e9 jako City of Davao, je t\u0159et\u00edm nejlidnat\u011bj\u0161\u00edm m\u011bstem na Filip\u00edn\u00e1ch s 1 776 949 obyvateli podle s\u010d\u00edt\u00e1n\u00ed lidu z roku 2020. Toto vysoce urbanizovan\u00e9 m\u011bsto, kter\u00e9 se nach\u00e1z\u00ed v oblasti Davao na Filip\u00edn\u00e1ch, je nejv\u011bt\u0161\u00ed v zemi, pokud jde o rozlohu zem\u011b, zab\u00edr\u00e1 rozlohu 2 443,61 kilometr\u016f \u010dtvere\u010dn\u00edch.<\/p>","protected":false},"author":1,"featured_media":2723,"parent":15241,"menu_order":0,"comment_status":"closed","ping_status":"closed","template":"elementor_theme","meta":{"_eb_attr":"","footnotes":""},"class_list":["post-15263","page","type-page","status-publish","has-post-thumbnail"],"_links":{"self":[{"href":"https:\/\/travelshelper.com\/cs\/wp-json\/wp\/v2\/pages\/15263","targetHints":{"allow":["GET"]}}],"collection":[{"href":"https:\/\/travelshelper.com\/cs\/wp-json\/wp\/v2\/pages"}],"about":[{"href":"https:\/\/travelshelper.com\/cs\/wp-json\/wp\/v2\/types\/page"}],"author":[{"embeddable":true,"href":"https:\/\/travelshelper.com\/cs\/wp-json\/wp\/v2\/users\/1"}],"replies":[{"embeddable":true,"href":"https:\/\/travelshelper.com\/cs\/wp-json\/wp\/v2\/comments?post=15263"}],"version-history":[{"count":0,"href":"https:\/\/travelshelper.com\/cs\/wp-json\/wp\/v2\/pages\/15263\/revisions"}],"up":[{"embeddable":true,"href":"https:\/\/travelshelper.com\/cs\/wp-json\/wp\/v2\/pages\/15241"}],"wp:featuredmedia":[{"embeddable":true,"href":"https:\/\/travelshelper.com\/cs\/wp-json\/wp\/v2\/media\/2723"}],"wp:attachment":[{"href":"https:\/\/travelshelper.com\/cs\/wp-json\/wp\/v2\/media?parent=15263"}],"curies":[{"name":"wp","href":"https:\/\/api.w.org\/{rel}","templated":true}]}}