{"id":15257,"date":"2024-09-20T20:15:15","date_gmt":"2024-09-20T20:15:15","guid":{"rendered":"https:\/\/travelshelper.com\/staging\/?page_id=15257"},"modified":"2026-03-11T19:09:36","modified_gmt":"2026-03-11T19:09:36","slug":"manila","status":"publish","type":"page","link":"https:\/\/travelshelper.com\/cs\/destinations\/asia\/philippines\/manila\/","title":{"rendered":"Manila"},"content":{"rendered":"<p>Manila je z\u00e1rove\u0148 politick\u00fdm srdcem Filip\u00edn a d\u016fkazem lidsk\u00e9 hou\u017eevnatosti uprost\u0159ed ne\u00fanavn\u00fdch zm\u011bn. Ofici\u00e1ln\u011b ozna\u010dovan\u00e1 jako m\u011bsto Manila, prohla\u0161uje se za hlavn\u00ed m\u011bsto a co do po\u010dtu obyvatel je druh\u00e1 hned za Quezon City \u2013 v roce 2020 jich zde bylo zaznamen\u00e1no 1 846 513 \u2013 p\u0159esto p\u0159edstavuje nejhust\u011bji os\u00eddlen\u00e9 m\u011bsto na Zemi s v\u00edce ne\u017e 43 600 obyvateli na kilometr \u010dtvere\u010dn\u00ed. M\u011bsto ohrani\u010den\u00e9 Manilsk\u00fdm z\u00e1livem na z\u00e1padn\u00edm pob\u0159e\u017e\u00ed Luzonu se \u0159ad\u00ed mezi nejbohat\u0161\u00ed regiony jihov\u00fdchodn\u00ed Asie a jeho historie obchodu sahaj\u00edc\u00edho p\u0159es Pacifik ji ozna\u010duje za jedno z prvn\u00edch glob\u00e1ln\u00edch m\u011bst sv\u011bta.<\/p>\n\n\n\n<p>J\u00e1dro Manily le\u017e\u00ed na aluvi\u00e1ln\u00edch n\u00e1nosech \u0159eky Pasig, jej\u00ed\u017e vody rozd\u011bluj\u00ed m\u011bsto na severn\u00ed a ji\u017en\u00ed polovinu, ne\u017e se vl\u00e9vaj\u00ed do z\u00e1livu. V pr\u016fb\u011bhu stalet\u00ed se pob\u0159e\u017e\u00ed posunulo sm\u011brem ven v d\u016fsledku rozs\u00e1hl\u00fdch rekultiva\u010dn\u00edch projekt\u016f \u2013 n\u011bkter\u00e9 byly realizov\u00e1ny, jin\u00e9 pouze navr\u017eeny \u2013 aby se p\u0159izp\u016fsobilo metropoli, kter\u00e1 v roce 2013 zab\u00edrala pouh\u00fdch 42,88 kilometr\u016f \u010dtvere\u010dn\u00edch. V roce 2017 pl\u00e1ny na t\u00e9m\u011b\u0159 1350 hektar\u016f nov\u00e9 p\u016fdy pod\u00e9l pob\u0159e\u017e\u00ed slibovaly nov\u00e9 bytov\u00e9 a obchodn\u00ed z\u00f3ny; ochr\u00e1nci \u017eivotn\u00edho prost\u0159ed\u00ed v\u0161ak varuj\u00ed, \u017ee tyto projekty mohou ohrozit komunity, kter\u00e9 jsou ji\u017e tak zraniteln\u00e9 v\u016f\u010di z\u00e1plav\u00e1m, a to i p\u0159esto, \u017ee Filip\u00edny a Nizozemsko spole\u010dn\u011b vypracov\u00e1vaj\u00ed gener\u00e1ln\u00ed pl\u00e1n udr\u017eiteln\u00e9ho rozvoje Manilsk\u00e9ho z\u00e1livu.<\/p>\n\n\n\n<p>Dlouho p\u0159edt\u00edm, ne\u017e \u0161pan\u011blsk\u00e9 galeony za\u010daly plovat mezi Acapulcem a Intramurosem, st\u0159e\u017eil tento z\u00e1liv opevn\u011bn\u00fd tagalogsk\u00fd politick\u00fd svaz jm\u00e9nem Maynila. Jeho posledn\u00ed vl\u00e1dce, Rajah Sulayman, padl v roce 1571 u Bangkusay Creek, \u010d\u00edm\u017e uvolnil cestu Miguelovi L\u00f3pezovi de Legazpi k zalo\u017een\u00ed kamenn\u00e9ho opevn\u011bn\u00ed Intramurosu. Za \u0161pan\u011blsk\u00e9 nadvl\u00e1dy slou\u017eila Manila jako hlavn\u00ed m\u011bsto V\u00fdchodn\u00ed Indie, spravovan\u00e9 z Mexico City, a stala se st\u011b\u017eejn\u00ed sou\u010d\u00e1st\u00ed prvn\u00ed nep\u0159eru\u0161en\u00e9 s\u00edt\u011b glob\u00e1ln\u00edho obchodu. V roce 1901 se stala prvn\u00edm m\u011bstem s licenc\u00ed v zemi; v roce 1949 z\u00edskala autonomii na z\u00e1klad\u011b Revidovan\u00e9 charty m\u011bsta Manily.<\/p>\n\n\n\n<p>Manila se nach\u00e1z\u00ed v t\u011bsn\u00e9m sousedstv\u00ed 897 barangay\u016f seskupen\u00fdch do 100 statistick\u00fdch z\u00f3n a \u0161esti kongresov\u00fdch obvod\u016f. Obvod I (441 282 obyvatel) se rozkl\u00e1d\u00e1 v z\u00e1padn\u00ed \u010d\u00e1sti Tondo, kde se kdysi nach\u00e1zela rozlehl\u00e1 skl\u00e1dka Smokey Mountain a nyn\u00ed se zde nach\u00e1zej\u00ed st\u0159edn\u011b vysok\u00e9 domy a tak\u00e9 hlavn\u00ed severn\u00ed p\u0159\u00edstavn\u00ed termin\u00e1ly m\u011bsta. Obvod II (212 938) pokr\u00fdv\u00e1 v\u00fdchodn\u00ed \u010d\u00e1st Tondo a zahrnuje labyrint tr\u017en\u00edch ulic Divisoria. Centrum Manily \u2013 Binondo, Quiapo, San Nicolas a Santa Cruz \u2013 tvo\u0159\u00ed obvod III (220 029), kde si Binondo n\u00e1rokuje titul nejstar\u0161\u00ed \u010d\u00ednsk\u00e9 \u010dtvrti na sv\u011bt\u011b. Sampaloc a \u201eUniverzitn\u00ed p\u00e1s\u201c tvo\u0159\u00ed z\u00e1kladnu obvodu IV (277 013), kde s\u00eddl\u00ed Univerzita Santo Tomas, nejstar\u0161\u00ed dochovan\u00e1 univerzita v Asii, zalo\u017een\u00e1 v roce 1611. Obvod V (395 065) zahrnuje samotn\u00fd Intramuros, Ermitu a Malate, kter\u00e9 dopl\u0148uje kostel San Agustin, zapsan\u00fd na seznamu UNESCO, a manilsk\u00e1 katedr\u00e1la. Kone\u010dn\u011b, District VI (300 186) se t\u00e1hne a\u017e k Santa An\u011b, kde kostely a rodov\u00e9 s\u00eddla z osmn\u00e1ct\u00e9ho stolet\u00ed p\u0159ipom\u00ednaj\u00ed klidn\u011bj\u0161\u00ed \u010dasy.<\/p>\n\n\n\n<p>Manila, le\u017e\u00edc\u00ed u rovn\u00edku, za\u017e\u00edv\u00e1 po cel\u00fd rok vysok\u00e9 vedro, teplota z\u0159\u00eddkakdy klesne pod 19 \u00b0C nebo vystoup\u00ed nad 39 \u00b0C. Kr\u00e1tk\u00e9 obdob\u00ed sucha od prosince do dubna vyst\u0159\u00edd\u00e1 vlekl\u00e9 obdob\u00ed de\u0161\u0165\u016f \u2013 obdob\u00ed tajfun\u016f trv\u00e1 od \u010dervna do z\u00e1\u0159\u00ed \u2013 a sr\u00e1\u017eky, i kdy\u017e intenzivn\u00ed, z\u0159\u00eddka p\u0159etrv\u00e1vaj\u00ed cel\u00fd den. P\u0159esto\u017ee je Manila sou\u010d\u00e1st\u00ed regionu proslul\u00e9ho biodiverzitou \u2013 od mangrov\u016f po kor\u00e1lov\u00e9 \u00fatesy \u2013 zelen\u00e9 plochy v m\u011bstsk\u00e9 s\u00edti jsou st\u00e1le nedostatkov\u00e9. V roce 2007 nab\u00edzela Manila pouze 4,5 m\u00b2 parkov\u00e9 plochy na osobu, co\u017e je hluboko pod doporu\u010den\u00edm WHO 9 m\u00b2. Lesopark Arroceros, 2,2hektarov\u00e1 enkl\u00e1va p\u016fvodn\u00edch strom\u016f a pta\u010d\u00edch stanovi\u0161\u0165 pod\u00e9l \u0159eky Pasig, st\u00e1le p\u0159edstavuje \u201eposledn\u00ed pl\u00edce\u201c m\u011bsta.<\/p>\n\n\n\n<p>V roce 1905 se pl\u00e1n Daniela Burnhama s n\u00e1zvem City Beautiful sna\u017eil vnutit star\u00e9 \u0161pan\u011blsk\u00e9 \u010dtvrti \u0161irok\u00e9 t\u0159\u00eddy a form\u00e1ln\u00ed n\u00e1m\u011bst\u00ed. Devastace v roce 1945, kdy japonsk\u00e9 a americk\u00e9 s\u00edly srovnaly se zem\u00ed velkou \u010d\u00e1st zastav\u011bn\u00e9ho prost\u0159ed\u00ed, v\u0161ak mnoho z t\u011bchto aspirac\u00ed vymazala. Intramuros utrp\u011blo t\u011b\u017ek\u00e9 ztr\u00e1ty; rekonstruovat se dalo jen hrstka staveb. Dnes se modern\u00ed mrakodrapy m\u00eds\u00ed s obnoven\u00fdmi katedr\u00e1lami opevn\u011bn\u00e9ho m\u011bsta, zat\u00edmco zast\u00e1nci kulturn\u00edho d\u011bdictv\u00ed usiluj\u00ed o rehabilitaci neoklasicistn\u00edch fas\u00e1d ulice Escolta a revitalizaci zapomenut\u00fdch koloni\u00e1ln\u00edch skvost\u016f. Architekti ze \u0161pan\u011blsk\u00e9 \u00e9ry navrhli \u201ebarokn\u00ed formy zem\u011bt\u0159esen\u00ed\u201c \u2013 siln\u00e9 zdi a n\u00edzk\u00e9 profily \u2013 kter\u00e9 kdysi brzdily seismick\u00e9 ot\u0159esy; sou\u010dasn\u00e9 p\u0159edpisy nyn\u00ed na\u0159izuj\u00ed odolnost a\u017e do zem\u011bt\u0159esen\u00ed o s\u00edle 8,2 Richterovy \u0161k\u00e1ly.<\/p>\n\n\n\n<p>Manil\u0161t\u00ed lid\u00e9 odr\u00e1\u017eej\u00ed stalet\u00ed prol\u00edn\u00e1n\u00ed obyvatelstva. Zat\u00edmco 72,7 procenta respondent\u016f vykazuje rysy v\u00fdchodn\u00ed, ji\u017en\u00ed nebo jihov\u00fdchodn\u00ed Asie, antropologick\u00e9 studie zaznamen\u00e1vaj\u00ed africk\u00e9 p\u0159\u00edm\u011bsi (4,5 procenta), evropsk\u00e9 (2,7 procenta), domorod\u00e9 americk\u00e9 (7,3 procenta) a hisp\u00e1nsk\u00e9 ko\u0159eny (12,7 procenta). M\u011bsto z\u016fst\u00e1v\u00e1 p\u0159ev\u00e1\u017en\u011b k\u0159es\u0165ansk\u00e9; v roce 2010 se 93,5 procenta obyvatel identifikuje jako \u0159\u00edm\u0161t\u00ed katol\u00edci. P\u0159esto se ozv\u011bny isl\u00e1msk\u00e9, buddhistick\u00e9 a domorod\u00e9 v\u00edry prol\u00ednaj\u00ed manilsk\u00fdmi festivaly a komunitn\u00edmi ritu\u00e1ly.<\/p>\n\n\n\n<p>Manila, p\u0159edn\u00ed centrum zem\u011b pro finance, maloobchod, cestovn\u00ed ruch, m\u00e9dia a slu\u017eby, host\u00ed p\u0159ibli\u017en\u011b 60 000 podnik\u016f. Jej\u00ed HDP, odhadovan\u00fd na 987,88 miliardy \u20b1 v roce 2023, p\u0159isp\u00edv\u00e1 15 procenty k hospod\u00e1\u0159sk\u00e9mu v\u00fdkonu Manily. N\u00e1rodn\u00ed rada pro konkurenceschopnost ji trvale \u0159ad\u00ed mezi t\u0159i nejv\u00fdznamn\u011bj\u0161\u00ed m\u011bsta v zemi, co\u017e je stav pramen\u00edc\u00ed z robustn\u00ed infrastruktury, dynamick\u00e9 spr\u00e1vy v\u011bc\u00ed ve\u0159ejn\u00fdch a efektivn\u00edch ve\u0159ejn\u00fdch slu\u017eeb. Jen cestovn\u00ed ruch p\u0159il\u00e1k\u00e1 ka\u017edoro\u010dn\u011b p\u0159es milion n\u00e1v\u0161t\u011bvn\u00edk\u016f, kte\u0159\u00ed dycht\u00ed prozkoumat Intramuros, Rizal Park, Binondo a dal\u0161\u00ed.<\/p>\n\n\n\n<p>Rizal Park, rozkl\u00e1daj\u00edc\u00ed se na 58 hektarech, p\u0159ipom\u00edn\u00e1 popravu filip\u00ednsk\u00e9ho n\u00e1rodn\u00edho hrdiny a ozna\u010duje \u201enult\u00fd kilometr\u201c pro celost\u00e1tn\u00ed silni\u010dn\u00ed trasy. \u00dazk\u00e9 uli\u010dky Intramurosu prov\u00e1zej\u00ed n\u00e1v\u0161t\u011bvn\u00edky kolem zrestaurovan\u00e9 katedr\u00e1ly a stalet\u00fdch kl\u00e1\u0161ter\u016f, \u010dasto v ko\u0148sk\u00fdch povozech. Binondo se svou sm\u011bsic\u00ed \u010d\u00ednsk\u00fdch chr\u00e1m\u016f, oblouk\u016f a nudlov\u00fdch restaurac\u00ed nab\u00edz\u00ed \u017eivou kroniku obchodn\u00edch rodin, jejich\u017e p\u0159edkov\u00e9 dorazili v roce 1521. Muzea \u2013 od N\u00e1rodn\u00edho muzejn\u00edho komplexu v Rizal Parku a\u017e po specializovan\u00e1 m\u00edsta, jako je Bahay Tsinoy a Muzeum sv\u011btla a zvuku Intramuros \u2013 sleduj\u00ed um\u011bn\u00ed, antropologii a revolu\u010dn\u00ed historii.<\/p>\n\n\n\n<p>Manilsk\u00e9 ulice nesou odkaz pov\u00e1le\u010dn\u00e9 vynal\u00e9zavosti: d\u017e\u00edpy, upraven\u00e9 z p\u0159ebyte\u010dn\u00fdch americk\u00fdch vojensk\u00fdch d\u017e\u00edp\u016f, z\u016fst\u00e1vaj\u00ed v\u0161udyp\u0159\u00edtomn\u00fdm jevem po boku modern\u00edch elektrick\u00fdch t\u0159\u00edkolek, kter\u00e9 je nahrazuj\u00ed. T\u0159\u00edkolky a rik\u0161i se propl\u00e9taj\u00ed u\u017e\u0161\u00edmi uli\u010dkami; ru\u010dn\u011b ta\u017een\u00e9 voz\u00edky se kym\u00e1cej\u00ed po opu\u0161t\u011bn\u00fdch \u017eelezni\u010dn\u00edch trat\u00edch v mu\u010div\u00fdch, neregulovan\u00fdch tras\u00e1ch. Syst\u00e9m rychlodr\u00e1hy (LRT) \u2013 linky 1 a 2 \u2013 byl v 70. letech 20. stolet\u00ed pr\u016fkopn\u00edkem m\u011bstsk\u00e9 \u017eeleznice v jihov\u00fdchodn\u00ed Asii a pokra\u010duje ve sv\u00e9m postupn\u00e9m roz\u0161i\u0159ov\u00e1n\u00ed. Jedin\u00e1 p\u0159\u00edm\u011bstsk\u00e1 \u017eeleznice spojuje stanici Tutuban s provinci\u00ed Laguna, zat\u00edmco trajekt na \u0159ece Pasig nab\u00edz\u00ed alternativn\u00ed \u0159\u00ed\u010dn\u00ed trasu. Dopravn\u00ed z\u00e1cpy v\u0161ak z\u016fst\u00e1vaj\u00ed nechvaln\u011b zn\u00e1m\u00e9; spole\u010dnost TomTom v roce 2019 za\u0159adila Manilu na druh\u00e9 m\u00edsto v celosv\u011btov\u00fdch dopravn\u00edch z\u00e1cp\u00e1ch a n\u00e1sledn\u00e9 infrastrukturn\u00ed pl\u00e1ny \u2013 od nov\u00fdch viadukt\u016f a\u017e po severoji\u017en\u00ed p\u0159\u00edm\u011bstskou \u017eeleznici \u2013 dosud nep\u0159inesly \u00falevu odpov\u00eddaj\u00edc\u00ed popt\u00e1vce.<\/p>\n\n\n\n<p>\u010cast\u00e9 tajfuny, siln\u00e1 zem\u011bt\u0159esen\u00ed a stoupaj\u00edc\u00ed hladiny mo\u0159e \u0159ad\u00ed Manilu mezi m\u011bsta nejv\u00edce vystaven\u00e1 katastrof\u00e1m na sv\u011bt\u011b, p\u0159esto se \u0159ad\u00ed mezi nejrychleji rostouc\u00ed m\u011bstsk\u00e1 centra v jihov\u00fdchodn\u00ed Asii. Vl\u00e1dn\u00ed iniciativy, jako nap\u0159\u00edklad pl\u00e1n sn\u016f pro Metro Manila z roku 2014, mapuj\u00ed prioritn\u00ed projekty do roku 2030 na pos\u00edlen\u00ed dopravy, bydlen\u00ed a odolnosti \u017eivotn\u00edho prost\u0159ed\u00ed. Rekultivace p\u016fdy, a\u010dkoli kontroverzn\u00ed, si klade za c\u00edl zajistit tolik pot\u0159ebn\u00e9 nemovitosti, zat\u00edmco distribu\u010dn\u00ed programy elektrick\u00fdch t\u0159\u00edkolek se sna\u017e\u00ed modernizovat m\u00edstn\u00ed dopravu udr\u017eiteln\u00fdm zp\u016fsobem.<\/p>\n\n\n\n<p>D\u00edvat se na Manilu pouze optikou dopravn\u00ed z\u00e1cpy, zne\u010di\u0161t\u011bn\u00ed nebo historick\u00e9 devastace znamen\u00e1 p\u0159ehl\u00e9dnout jej\u00ed trval\u00fd charakter. V jej\u00edch spletit\u00fdch uli\u010dk\u00e1ch a t\u0159pytiv\u00fdch v\u011b\u017e\u00edch se skr\u00fdvaj\u00ed p\u0159\u00edb\u011bhy o imp\u00e9riu a odporu, o d\u016fmysln\u00e9 adaptaci a kulturn\u00ed f\u00fazi. Vlastn\u00ed m\u011bsto sice m\u016f\u017ee le\u017eet na okraji multipol\u00e1rn\u00ed metropolitn\u00ed z\u00e1stavby \u2013 Quezon City a Makati ho \u010dasto zast\u00edn\u00ed obchodem a no\u010dn\u00edm \u017eivotem \u2013 ale Manila z\u016fst\u00e1v\u00e1 kol\u00e9bkou filip\u00ednsk\u00e9ho d\u011bdictv\u00ed. Jej\u00ed kostely, rodov\u00e9 domy, muzea a parky vyb\u00edzej\u00ed k hlub\u0161\u00edmu pochopen\u00ed p\u0159\u00edb\u011bhu n\u00e1roda. Ti, kdo se zastav\u00ed uprost\u0159ed shonu, mohou rozpoznat jemnou souhru minulosti a sou\u010dasnosti, kter\u00e1 toto m\u00edsto definuje: m\u011bsto, kter\u00e9 trv\u00e1 na tom, aby se v n\u011bm \u017eilo, sp\u00ed\u0161e ne\u017e aby se jen pozorovalo.<\/p>","protected":false},"excerpt":{"rendered":"<p>Manila, hlavn\u00ed a druh\u00e9 nejlidnat\u011bj\u0161\u00ed m\u011bsto Filip\u00edn, m\u00e1 v roce 2020 1 846 513 obyvatel, co\u017e z n\u00ed \u010din\u00ed nejhust\u011bji obydlen\u00e9 m\u011bsto na sv\u011bt\u011b s 71 263 obyvateli na kilometr \u010dtvere\u010dn\u00ed. Toto \u017eiv\u00e9 m\u011bsto, kter\u00e9 se nach\u00e1z\u00ed na v\u00fdchodn\u00edm pob\u0159e\u017e\u00ed Manilsk\u00e9ho z\u00e1livu na ostrov\u011b Luzon, m\u00e1 hlubokou historii a aktivn\u00ed sou\u010dasnost, co\u017e z n\u011bj \u010din\u00ed centr\u00e1ln\u00ed centrum filip\u00ednsk\u00e9 kultury, obchodu a spr\u00e1vy.<\/p>","protected":false},"author":1,"featured_media":2913,"parent":15241,"menu_order":0,"comment_status":"closed","ping_status":"closed","template":"elementor_theme","meta":{"_eb_attr":"","footnotes":""},"class_list":["post-15257","page","type-page","status-publish","has-post-thumbnail"],"_links":{"self":[{"href":"https:\/\/travelshelper.com\/cs\/wp-json\/wp\/v2\/pages\/15257","targetHints":{"allow":["GET"]}}],"collection":[{"href":"https:\/\/travelshelper.com\/cs\/wp-json\/wp\/v2\/pages"}],"about":[{"href":"https:\/\/travelshelper.com\/cs\/wp-json\/wp\/v2\/types\/page"}],"author":[{"embeddable":true,"href":"https:\/\/travelshelper.com\/cs\/wp-json\/wp\/v2\/users\/1"}],"replies":[{"embeddable":true,"href":"https:\/\/travelshelper.com\/cs\/wp-json\/wp\/v2\/comments?post=15257"}],"version-history":[{"count":0,"href":"https:\/\/travelshelper.com\/cs\/wp-json\/wp\/v2\/pages\/15257\/revisions"}],"up":[{"embeddable":true,"href":"https:\/\/travelshelper.com\/cs\/wp-json\/wp\/v2\/pages\/15241"}],"wp:featuredmedia":[{"embeddable":true,"href":"https:\/\/travelshelper.com\/cs\/wp-json\/wp\/v2\/media\/2913"}],"wp:attachment":[{"href":"https:\/\/travelshelper.com\/cs\/wp-json\/wp\/v2\/media?parent=15257"}],"curies":[{"name":"wp","href":"https:\/\/api.w.org\/{rel}","templated":true}]}}