{"id":15241,"date":"2024-09-20T19:44:33","date_gmt":"2024-09-20T19:44:33","guid":{"rendered":"https:\/\/travelshelper.com\/staging\/?page_id=15241"},"modified":"2026-03-11T19:15:03","modified_gmt":"2026-03-11T19:15:03","slug":"filipiny","status":"publish","type":"page","link":"https:\/\/travelshelper.com\/cs\/destinations\/asia\/philippines\/","title":{"rendered":"Filip\u00edny"},"content":{"rendered":"<p>Filip\u00edny jsou souostrovn\u00ed republika s v\u00edce ne\u017e 7 600 ostrovy roztrou\u0161en\u00fdmi po z\u00e1padn\u00edm Pacifiku. Jejich pevnina \u2013 zhruba 300 000 kilometr\u016f \u010dtvere\u010dn\u00edch \u2013 se rozkl\u00e1d\u00e1 na d\u00e9lce p\u0159ibli\u017en\u011b 1 850 kilometr\u016f od ostrova Luzon na severu po Mindanao na jihu. Tyto ostrovy spadaj\u00ed do t\u0159\u00ed hlavn\u00edch skupin: Luzon, Visayas a Mindanao. Pob\u0159e\u017e\u00ed zem\u011b \u2013 o celkov\u00e9 d\u00e9lce v\u00edce ne\u017e 36 000 kilometr\u016f \u2013 je ohrani\u010deno Jiho\u010d\u00ednsk\u00fdm mo\u0159em, Filip\u00ednsk\u00fdm mo\u0159em a Celebessk\u00fdm mo\u0159em. N\u00e1mo\u0159n\u00ed hranice se dot\u00fdkaj\u00ed Tchaj-wanu, Japonska, Palau, Indon\u00e9sie, Malajsie, Vietnamu a \u010c\u00edny. Manila slou\u017e\u00ed jako hlavn\u00ed m\u011bsto, zat\u00edmco Quezon City, rovn\u011b\u017e v Metro Manila, dr\u017e\u00ed titul nejlidnat\u011bj\u0161\u00edho m\u011bsta. S v\u00edce ne\u017e 110 miliony obyvatel se Filip\u00edny \u0159ad\u00ed na dvan\u00e1ct\u00e9 m\u00edsto na sv\u011bt\u011b.<\/p>\n\n\n\n<p>Hora Apo, nejvy\u0161\u0161\u00ed vrchol zem\u011b s v\u00fd\u0161kou 2 954 metr\u016f, bd\u00ed nad ji\u017en\u00edm Mindanaem. V severn\u00edm Luzonu te\u010de \u0159eka Cagayan v\u00edce ne\u017e 520 kilometr\u016f, ne\u017e se vl\u00e9v\u00e1 do Babuyansk\u00e9 z\u00e1toky. Manilsk\u00fd z\u00e1liv, na jeho\u017e b\u0159ehu le\u017e\u00ed hlavn\u00ed m\u011bsto, je p\u0159es \u0159eku Pasig spojen s Lagunou de Bay, nejv\u011bt\u0161\u00edm jezerem v souostrov\u00ed. Toto m\u00edsto le\u017e\u00ed na z\u00e1padn\u00edm okraji Ohniv\u00e9ho kruhu v Pacifiku, kde denn\u011b doch\u00e1z\u00ed k p\u011bti zaznamenan\u00fdm zem\u011bt\u0159esen\u00edm. A\u010dkoli v\u011bt\u0161ina ot\u0159es\u016f unik\u00e1 pozornosti, na ostrovech do\u0161lo k v\u00fdznamn\u00fdm ud\u00e1lostem \u2013 mezi nimi zem\u011bt\u0159esen\u00ed v Morsk\u00e9m z\u00e1livu v roce 1976 a ot\u0159es na Luzonu v roce 1990. Aktivn\u00edch z\u016fst\u00e1v\u00e1 dvacet t\u0159i sopek; Mayon, Taal, Canlaon a Bulusan vedou v \u010detnosti erupc\u00ed.<\/p>\n\n\n\n<p>Filip\u00edny pod vlivem seismick\u00fdch ot\u0159es\u016f ukr\u00fdvaj\u00ed zna\u010dn\u00e9 nerostn\u00e9 bohatstv\u00ed. Jejich geologie nab\u00edz\u00ed nevyu\u017eit\u00e1 lo\u017eiska zlata \u2013 druh\u00e1 hned po Jihoafrick\u00e9 republice \u2013 spolu s m\u011bd\u00ed, palladiem, niklem, chromem, molybdenem, platinou a zinkem. Obavy o \u017eivotn\u00ed prost\u0159ed\u00ed a soci\u00e1ln\u00ed odpor v\u0161ak udr\u017eely velk\u00e9 \u010d\u00e1sti t\u011bchto oblast\u00ed nezastav\u011bn\u00e9. Nad zem\u00ed se na souostrov\u00ed nach\u00e1z\u00ed jedno z nejbohat\u0161\u00edch center biodiverzity na planet\u011b. Jeho lesy ukr\u00fdvaj\u00ed odhadem 13 500 druh\u016f rostlin \u2013 z toho 3 500 endemick\u00fdch \u2013 v\u010detn\u011b 8 000 kvetouc\u00edch rostlin a t\u00e9m\u011b\u0159 tis\u00edce orchidej\u00ed. Po\u010det fauny p\u0159esahuje 20 000 druh\u016f hmyzu, 686 druh\u016f pt\u00e1k\u016f a v\u00edce ne\u017e 500 druh\u016f plaz\u016f a savc\u016f, z nich\u017e mnoh\u00e9 se nevyskytuj\u00ed nikde jinde. Mo\u0159sk\u00e9 ekosyst\u00e9my le\u017e\u00edc\u00ed v Kor\u00e1lov\u00e9m troj\u00faheln\u00edku se py\u0161n\u00ed nejv\u011bt\u0161\u00ed rozmanitost\u00ed pob\u0159e\u017en\u00edch ryb na sv\u011bt\u011b a v\u00edce ne\u017e 3 200 zaznamenan\u00fdmi druhy ryb.<\/p>\n\n\n\n<p>Filip\u00edny se nach\u00e1zej\u00ed v bl\u00edzkosti rovn\u00edku a vyzna\u010duj\u00ed se tropick\u00fdm p\u0159\u00edmo\u0159sk\u00fdm klimatem se t\u0159emi ro\u010dn\u00edmi obdob\u00edmi: hork\u00fdm a such\u00fdm obdob\u00edm od b\u0159ezna do kv\u011btna, de\u0161ti od \u010dervna do listopadu a chladn\u011bj\u0161\u00edmi a su\u0161\u0161\u00edmi m\u011bs\u00edci od prosince do \u00fanora. Ro\u010dn\u00ed \u00fahrn sr\u00e1\u017eek se drasticky li\u0161\u00ed \u2013 na exponovan\u00fdch v\u00fdchodn\u00edch svaz\u00edch dosahuje a\u017e 5 000 mm, v chr\u00e1n\u011bn\u00fdch \u00fadol\u00edch m\u00e9n\u011b ne\u017e 1 000 mm. Monzunov\u00e9 v\u011btry se m\u011bn\u00ed dvakr\u00e1t ro\u010dn\u011b: jihoz\u00e1padn\u00ed \u201ehabagat\u201c a severov\u00fdchodn\u00ed \u201eamihan\u201c. Ro\u010dn\u011b se do filip\u00ednsk\u00e9 oblasti odpov\u011bdnosti dostane asi devaten\u00e1ct tropick\u00fdch cykl\u00f3n; osm nebo dev\u011bt jich obvykle zas\u00e1hne pevninu. Historick\u00e9 z\u00e1znamy ukazuj\u00ed, \u017ee nejsiln\u011bj\u0161\u00ed bou\u0159e s \u00fahrnem sr\u00e1\u017eek v okol\u00ed Baguia klesla v polovin\u011b \u010dervence 1911 2 210 mm. Zranitelnost souostrov\u00ed v\u016f\u010di extr\u00e9mn\u00edmu po\u010das\u00ed a stoupaj\u00edc\u00ed hladin\u011b mo\u0159e jej \u0159ad\u00ed mezi zem\u011b sv\u011bta, kter\u00e9 jsou na klima nejcitliv\u011bj\u0161\u00ed.<\/p>\n\n\n\n<p>Aby vl\u00e1da chr\u00e1nila sv\u00e9 p\u0159\u00edrodn\u00ed bohatstv\u00ed, vyhl\u00e1sila v\u00edce ne\u017e 200 chr\u00e1n\u011bn\u00fdch oblast\u00ed o rozloze p\u0159es 7,7 milionu hektar\u016f. T\u0159i lokality \u2013 \u00fates Tubbataha, podzemn\u00ed \u0159eka Puerto Princesa a p\u0159\u00edrodn\u00ed rezervace Mount Hamiguitan \u2013 nesou status sv\u011btov\u00e9ho d\u011bdictv\u00ed UNESCO. Zales\u0148ov\u00e1n\u00ed a obnova biotop\u016f zaznamenaly m\u00edrn\u00fd pokrok na pozad\u00ed stalet\u00ed trvaj\u00edc\u00edho odles\u0148ov\u00e1n\u00ed, kter\u00e9 sn\u00ed\u017eilo lesn\u00ed porost ze 70 procent v roce 1900 na m\u00e9n\u011b ne\u017e 20 procent do konce dvac\u00e1t\u00e9ho stolet\u00ed.<\/p>\n\n\n\n<p>Dlouho p\u0159ed kontaktem s Evropany ostrovy ob\u00fdvali Negritos. Po nich postupn\u011b p\u0159ich\u00e1zely vlny austron\u00e9sk\u00fdch mo\u0159eplavc\u016f, kte\u0159\u00ed p\u0159inesli animistick\u00e9 p\u0159esv\u011bd\u010den\u00ed, n\u00e1sledovan\u00e9 hinduisticko-buddhistick\u00fdmi my\u0161lenkami a na jihu bojovou kulturou isl\u00e1mu. Od dev\u00e1t\u00e9ho stolet\u00ed vedly obchodn\u00ed vazby s \u010d\u00ednsk\u00fdmi dynastiemi k p\u0159\u00edchodu a integraci \u010d\u00ednsk\u00fdch obchodn\u00edk\u016f. V roce 1543 \u0161pan\u011blsk\u00fd mo\u0159eplavec Ruy L\u00f3pez de Villalobos pok\u0159til ostrovy na po\u010dest Filipa II. Kastilsk\u00e9ho \u201eLas Islas Filipinas\u201c. B\u011bhem n\u00e1sleduj\u00edc\u00edch t\u0159\u00ed stolet\u00ed \u0160pan\u011blsko upevnilo katolicismus jako dominantn\u00ed v\u00edru a z Manily ud\u011blalo kl\u00ed\u010dov\u00fd bod v obchodu s galeonami mezi Asi\u00ed a Amerikou, co\u017e p\u0159itahovalo osadn\u00edky z Iberie a Latinsk\u00e9 Ameriky.<\/p>\n\n\n\n<p>Koncem devaten\u00e1ct\u00e9ho stolet\u00ed vedly nacionalistick\u00e9 n\u00e1lady k filip\u00ednsk\u00e9 revoluci v roce 1896. N\u00e1sledn\u00e1 \u0161pan\u011blsko-americk\u00e1 v\u00e1lka v roce 1898 vy\u00fastila v postoupen\u00ed \u00fazem\u00ed \u0160pan\u011blskem Spojen\u00fdm st\u00e1t\u016fm. Filip\u00edn\u0161t\u00ed v\u016fdci vyhl\u00e1sili Prvn\u00ed filip\u00ednskou republiku, ale n\u00e1sledovala filip\u00ednsko-americk\u00e1 v\u00e1lka, kter\u00e1 souostrov\u00ed ponechala pod americkou kontrolou. Japonsk\u00e1 okupace n\u00e1sledovala v druh\u00e9 sv\u011btov\u00e9 v\u00e1lce, dokud americk\u00e9 s\u00edly v roce 1945 zemi neosvobodily. 4. \u010dervence 1946 Filip\u00edny z\u00edskaly \u00faplnou nez\u00e1vislost.<\/p>\n\n\n\n<p>Pov\u00e1le\u010dn\u00e1 demokracie se b\u011bhem prezidentstv\u00ed Ferdinanda Marcose, kter\u00e9 se v letech 1972 a\u017e 1981 vyzna\u010dovalo stann\u00fdm pr\u00e1vem, p\u0159eru\u0161ila. Lidov\u00e1 revoluce v roce 1986 svrhla Marcose bez krveprolit\u00ed a vedla k \u00fastav\u011b P\u00e1t\u00e9 republiky z roku 1987. Od t\u00e9 doby n\u00e1rod udr\u017euje unit\u00e1rn\u00ed prezidentsk\u00fd syst\u00e9m. Nicm\u00e9n\u011b probl\u00e9my s chudobou, nerovnost\u00ed a institucion\u00e1ln\u00ed korupc\u00ed p\u0159etrv\u00e1vaj\u00ed. Existuje p\u0159es 100 etnolingvistick\u00fdch skupin, v\u010detn\u011b tagalogsk\u00fdch, visayansk\u00fdch, ilokansk\u00fdch, bikolsk\u00fdch a waraysk\u00fdch, spolu s domorod\u00fdmi komunitami, jako jsou Igorotov\u00e9 a Lumadov\u00e9. P\u0159ibli\u017en\u011b 60 procent populace \u017eije v pob\u0159e\u017en\u00edch oblastech a v\u00edce ne\u017e polovina v m\u011bstsk\u00fdch centrech.<\/p>\n\n\n\n<p>Filip\u00ednsk\u00e1 ekonomika \u2013 34. nejv\u011bt\u0161\u00ed na sv\u011bt\u011b podle nomin\u00e1ln\u00edho HDP \u2013 se p\u0159esunula od zem\u011bd\u011blstv\u00ed k slu\u017eb\u00e1m a v\u00fdrob\u011b. V roce 2025 se jej\u00ed produkce odhaduje na 508 miliard USD. \u00da\u010dast na trhu pr\u00e1ce se bl\u00ed\u017e\u00ed 50 milion\u016fm a m\u00edra nezam\u011bstnanosti se bl\u00ed\u017e\u00ed 3 procent\u016fm. Mezin\u00e1rodn\u00ed rezervy p\u0159esahuj\u00ed 100 miliard USD a pom\u011br dluhu k HDP se m\u00edrn\u011b sn\u00ed\u017eil z ned\u00e1vn\u00e9ho maxima 63,7 na p\u0159ibli\u017en\u011b 60 procent. Peso je oporou pro dom\u00e1c\u00ed transakce.<\/p>\n\n\n\n<p>Zem\u011b z\u016fst\u00e1v\u00e1 \u010dist\u00fdm dovozcem a nese zahrani\u010dn\u00ed dluh. Hlavn\u00ed exportn\u00ed polo\u017eky zahrnuj\u00ed polovodi\u010de, elektrick\u00e9 stroje a elektronick\u00e9 sou\u010d\u00e1stky, zat\u00edmco kl\u00ed\u010dov\u00fd dovoz sah\u00e1 od stroj\u016f a\u017e po miner\u00e1ln\u00ed paliva. Zem\u011bd\u011blsk\u00fd export \u2013 kokosov\u00e9 o\u0159echy, ban\u00e1ny a ananasy \u2013 dopl\u0148uje jej\u00ed postaven\u00ed nejv\u011bt\u0161\u00edho sv\u011btov\u00e9ho producenta abaky a p\u0159edn\u00edho v\u00fdvozce niklov\u00e9 rudy. Od roku 2010 dosahuje r\u016fst HDP v pr\u016fm\u011bru \u0161esti a\u017e sedmi procent ro\u010dn\u011b, poh\u00e1n\u011bn\u00fd p\u0159edev\u0161\u00edm sektorem slu\u017eeb. Ekonomick\u00e9 zisky se v\u0161ak soust\u0159e\u010fuj\u00ed kolem Manily, co\u017e prohlubuje region\u00e1ln\u00ed rozd\u00edly. P\u0159evody finan\u010dn\u00edch prost\u0159edk\u016f od filip\u00ednsk\u00fdch pracovn\u00edk\u016f ze zahrani\u010d\u00ed \u2013 v roce 2023 celkem p\u0159esahuj\u00edc\u00ed 37 miliard USD \u2013 tvo\u0159\u00ed p\u0159ibli\u017en\u011b 8,5 procenta HDP. Outsourcing obchodn\u00edch proces\u016f vzkv\u00e9t\u00e1: po cel\u00e9m sv\u011bt\u011b zam\u011bstn\u00e1v\u00e1 p\u0159ibli\u017en\u011b 1,3 milionu Filip\u00ednc\u016f call centra.<\/p>\n\n\n\n<p>Silnice zaji\u0161\u0165uj\u00ed t\u00e9m\u011b\u0159 ve\u0161kerou mezim\u011bstskou dopravu a v\u00edce ne\u017e polovinu n\u00e1kladn\u00ed dopravy. Panfilip\u00ednsk\u00e1 d\u00e1lnice spojuje hlavn\u00ed ostrovy, zat\u00edmco Strong Republic Nautical Highway integruje d\u00e1lnice a trajektov\u00e9 linky. Ikonick\u00e9 d\u017e\u00edpy sd\u00edlej\u00ed tepny s autobusy, dod\u00e1vkami a t\u0159\u00edkolkami. Chronick\u00e9 dopravn\u00ed z\u00e1cpy su\u017euj\u00ed Metro Manilu. \u017delezni\u010dn\u00ed doprava je st\u00e1le vz\u00e1cn\u00e1, omezen\u00e1 p\u0159ev\u00e1\u017en\u011b na Metro Manilu a okoln\u00ed provincie, a\u010dkoli pl\u00e1n o\u017eiven\u00ed p\u0159edpokl\u00e1d\u00e1 prodlou\u017een\u00ed d\u00e9lky trat\u00ed z dne\u0161n\u00edch necel\u00fdch 80 km na v\u00edce ne\u017e 240 km. Leteck\u00e1 doprava se soust\u0159ed\u00ed na mezin\u00e1rodn\u00ed leti\u0161t\u011b Ninoy Aquino a s\u00ed\u0165 90 st\u00e1tn\u00edch leti\u0161\u0165, z nich\u017e osm je mezin\u00e1rodn\u00edch. Vnitrost\u00e1tn\u00ed lety dominuj\u00ed spole\u010dnosti Philippine Airlines a Cebu Pacific. N\u00e1mo\u0159n\u00ed spojen\u00ed, od tradi\u010dn\u00edch bank a\u017e po modern\u00ed lod\u011b, propojuje v\u00edce ne\u017e 1 800 p\u0159\u00edstav\u016f; Manila, Batangas, Cebu a dal\u0161\u00ed tvo\u0159\u00ed z\u00e1kladnu dopravn\u00ed s\u00edt\u011b ASEAN.<\/p>\n\n\n\n<p>S medi\u00e1nem v\u011bku 25 let a klesaj\u00edc\u00edm tempem r\u016fstu jsou Filip\u00edny mlad\u00e9, ale z\u00e1rove\u0148 se urbanizuj\u00ed: v\u00edce ne\u017e polovina jejich obyvatel \u017eije ve m\u011bstech. Chudoba klesla z t\u00e9m\u011b\u0159 50 procent v roce 1985 na p\u0159ibli\u017en\u011b 18 procent do roku 2021 a nerovnost p\u0159\u00edjm\u016f se od roku 2012 zm\u00edrnila. Etnick\u00e1 a jazykov\u00e1 rozmanitost z\u016fst\u00e1v\u00e1 vysok\u00e1 a je formov\u00e1na stalet\u00edmi migrace a rozmanit\u00fdm koloni\u00e1ln\u00edm d\u011bdictv\u00edm.<\/p>\n\n\n\n<p>P\u0159esto\u017ee je st\u00e1t sekul\u00e1rn\u00ed, v\u00edra hraje \u00fast\u0159edn\u00ed roli. T\u00e9m\u011b\u0159 79 procent Filip\u00ednc\u016f se hl\u00e1s\u00ed k \u0159\u00edmsk\u00e9mu katolicismu; protestantsk\u00e9 denominace a m\u00edstn\u00ed nez\u00e1visl\u00e9 c\u00edrkve tvo\u0159\u00ed k\u0159es\u0165anskou v\u011bt\u0161inu. Isl\u00e1m, p\u0159ev\u00e1\u017en\u011b sunnitsk\u00fd, tvo\u0159\u00ed asi 6 procent populace, soust\u0159ed\u011bn\u00e9 na Mindanau a p\u0159ilehl\u00fdch ostrovech.<\/p>\n\n\n\n<p>Filip\u00ednsk\u00e9 um\u011bn\u00ed sah\u00e1 a\u017e k domorod\u00fdm \u0159ezb\u00e1m a ritu\u00e1ln\u00edm p\u0159edm\u011bt\u016fm. \u0160pan\u011blsk\u00e1 nadvl\u00e1da p\u0159inesla n\u00e1bo\u017eensk\u00e9 mal\u00ed\u0159stv\u00ed a socha\u0159stv\u00ed; mezi kl\u00ed\u010dov\u00e9 postavy pat\u0159\u00ed \u0159ezb\u00e1\u0159 Juan de los Santos a mal\u00ed\u0159 Damian Domingo, zakladatel prvn\u00ed um\u011bleck\u00e9 akademie v Binondu v roce 1821. Juan Luna a F\u00e9lix Resurrecci\u00f3n Hidalgo si z\u00edskali mezin\u00e1rodn\u00ed uzn\u00e1n\u00ed na konci devaten\u00e1ct\u00e9ho stolet\u00ed. Modernismus zako\u0159enil v d\u00edlech Victoria Edadese ve 20. a 30. letech 20. stolet\u00ed, zat\u00edmco pastor\u00e1ln\u00ed sc\u00e9ny Fernanda Amorsola definovaly krajiny poloviny stolet\u00ed.<\/p>\n\n\n\n<p>Tradi\u010dn\u00ed obydl\u00ed sahaj\u00ed od bahay kubo z nipy a bambusu a\u017e po kamenn\u00e9 a d\u0159ev\u011bn\u00e9 bahay na bato ve m\u011bstech ze \u0161pan\u011blsk\u00e9 \u00e9ry. Barokn\u00ed kostely odoln\u00e9 v\u016f\u010di zem\u011bt\u0159esen\u00ed \u2013 z nich\u017e \u010dty\u0159i tvo\u0159\u00ed soubor UNESCO \u2013 sv\u011bd\u010d\u00ed o m\u00edstn\u00ed adaptaci evropsk\u00fdch styl\u016f. Burnhamovy \u00fazemn\u00ed pl\u00e1ny z americk\u00e9ho obdob\u00ed formovaly \u010d\u00e1sti Manily a Baguia a zavedly neoklasicistn\u00ed vl\u00e1dn\u00ed budovy a divadla ve stylu art deco.<\/p>\n\n\n\n<p>Filip\u00ednsk\u00e1 kuchyn\u011b m\u00eds\u00ed malajsk\u00e9, \u0161pan\u011blsk\u00e9, \u010d\u00ednsk\u00e9 a americk\u00e9 vlivy s preferenc\u00ed vyv\u00e1\u017een\u00fdch sladk\u00fdch, kysel\u00fdch a slan\u00fdch chut\u00ed. Existuj\u00ed nekone\u010dn\u00e9 region\u00e1ln\u00ed variace \u2013 r\u00fd\u017ee z\u016fst\u00e1v\u00e1 z\u00e1kladem, a\u010dkoli v n\u011bkter\u00fdch ji\u017en\u00edch komunit\u00e1ch p\u0159evl\u00e1d\u00e1 maniok. Adobo slou\u017e\u00ed jako neofici\u00e1ln\u00ed n\u00e1rodn\u00ed pokrm; lech\u00f3n, sinigang, pancit a lumpia pln\u00ed denn\u00ed stoly. Dezerty \u2013 kakanin, jako je bibingka a suman \u2013 obsahuj\u00ed p\u016fvodn\u00ed ingredience, jako je ube a calamansi. J\u00eddla se jed\u00ed l\u017e\u00edc\u00ed a vidli\u010dkou, a\u010dkoli komunitn\u00ed tradice kamayan\u016f, kdy se j\u00ed rukama, p\u0159etrv\u00e1v\u00e1.<\/p>\n\n\n\n<p>Filip\u00ednsk\u00e1 etiketa odr\u00e1\u017e\u00ed v\u00fdchodoasijsk\u00e9 a hisp\u00e1nsk\u00e9 ko\u0159eny. Nep\u0159\u00edm\u00e1 komunikace ct\u00ed hiya (hanbu) a delicadeza (slu\u0161nost), zat\u00edmco interakce mezi mu\u017ei a \u017eenami se vyzna\u010duj\u00ed zdvo\u0159il\u00fdm machismem. Star\u0161\u00ed lid\u00e9 si zaslou\u017e\u00ed respekt a p\u0159ednostn\u00ed sezen\u00ed ve ve\u0159ejn\u00e9 doprav\u011b; n\u00e1v\u0161t\u011bvn\u00edci by m\u011bli star\u0161\u00ed osoby oslovovat zdvo\u0159il\u00fdmi \u00factami. Pohostinnost je up\u0159\u00edmn\u00e1; v\u0159el\u00fd pozdrav a pou\u017e\u00edv\u00e1n\u00ed m\u00edstn\u00edch v\u00fdraz\u016f \u2013 po a opo v tagal\u0161tin\u011b \u2013 hodn\u011b posta\u010d\u00ed. Dochvilnost v\u0161ak \u010dasto ustupuje spole\u010densk\u00e9 flexibilit\u011b zn\u00e1m\u00e9 jako \u201efilip\u00ednsk\u00e1 doba\u201c.<\/p>\n\n\n\n<p>Vyh\u00fdbejte se k\u0159iku nebo otev\u0159en\u00e9 konfrontaci. P\u0159i napom\u00edn\u00e1n\u00ed druh\u00e9ho zvolte soukrom\u00ed. Ve\u0159ejn\u00e9 projevy n\u00e1klonnosti, a\u010dkoli jsou ve m\u011bstech tolerov\u00e1ny, jinde z\u016fst\u00e1vaj\u00ed sporn\u00e9. Rodinn\u00e9 pouta sahaj\u00ed nap\u0159\u00ed\u010d generacemi pod jednou st\u0159echou; mluven\u00ed o p\u0159\u00edbuzn\u00fdch vyvol\u00e1v\u00e1 ur\u00e1\u017eku.<\/p>\n\n\n\n<p>Cestovn\u00ed ruch p\u0159isp\u00edv\u00e1 skromn\u011b \u2013 asi 5 procenty HDP \u2013 p\u0159esto Filip\u00edny l\u00e1kaj\u00ed pot\u00e1p\u011b\u010de, milovn\u00edky pl\u00e1\u017e\u00ed a kulturn\u00ed cestovatele. Boracay, El Nido a Coron se \u010dasto umis\u0165uj\u00ed na p\u0159edn\u00edch p\u0159\u00ed\u010dk\u00e1ch mezin\u00e1rodn\u00edch \u017eeb\u0159\u00ed\u010dk\u016f; Cebu, Bohol a Siargao nab\u00edzej\u00ed slunce, surfov\u00e1n\u00ed a kulturn\u00ed d\u011bdictv\u00ed. Infrastruktura se li\u0161\u00ed podle lokality, ale mnoho Filip\u00ednc\u016f mluv\u00ed anglicky a v\u00edtaj\u00ed cizince s \u00fasm\u011bvem na tv\u00e1\u0159i. Cestovatel\u00e9 by m\u011bli db\u00e1t m\u00edstn\u00edch z\u00e1kon\u016f, respektovat zvyky a p\u0159ij\u00edmat nerovnom\u011brn\u00e9 kontrasty zem\u011b: t\u0159pytiv\u00e9 mrakodrapy vedle neform\u00e1ln\u00edch osad, klidn\u00e9 pob\u0159e\u017e\u00ed uprost\u0159ed sope\u010dn\u00fdch kopc\u016f, tichou oddanost uprost\u0159ed pulzuj\u00edc\u00edch festival\u016f.<\/p>\n\n\n\n<p>Na ka\u017ed\u00e9m ostrov\u011b, v ka\u017ed\u00e9m m\u011bst\u011b, Filip\u00edny p\u0159edstavuj\u00ed neust\u00e1l\u00fd dialog mezi pevninou a mo\u0159em, minulost\u00ed a p\u0159\u00edtomnost\u00ed, v\u00fdzvami a odolnost\u00ed. Jejich s\u00edla spo\u010d\u00edv\u00e1 v hybridnosti \u2013 mezi lidmi, krajinou a histori\u00ed \u2013 spojen\u00fdch sd\u00edlenou v\u00edrou, slavnostn\u00edm duchem a tich\u00fdm optimismem, kter\u00fd p\u0159etrv\u00e1v\u00e1 navzdory bou\u0159\u00edm, zem\u011bt\u0159esen\u00edm a b\u0159emen\u016fm politiky. Zn\u00e1t Filip\u00edny znamen\u00e1 b\u00fdt sv\u011bdkem toho, jak se n\u00e1rod neust\u00e1le p\u0159etv\u00e1\u0159\u00ed, ostrov za ostrovem, generace za generac\u00ed.<\/p>","protected":false},"excerpt":{"rendered":"<p>Filip\u00edny jsou souostrov\u00ed nach\u00e1zej\u00edc\u00ed se v jihov\u00fdchodn\u00ed Asii s populac\u00ed p\u0159esahuj\u00edc\u00ed 110 milion\u016f jedinc\u016f rozm\u00edst\u011bn\u00fdch na 7 641 ostrovech. Filip\u00ednsk\u00e1 republika se nach\u00e1z\u00ed na strategick\u00e9m m\u00edst\u011b v z\u00e1padn\u00edm Tich\u00e9m oce\u00e1nu a zahrnuje oblast zhruba 300 000 kilometr\u016f \u010dtvere\u010dn\u00edch. Filip\u00ednsk\u00e9 souostrov\u00ed zahrnuje t\u0159i prim\u00e1rn\u00ed geografick\u00e9 oblasti: Luzon na severu, Visayas v centr\u00e1ln\u00ed oblasti a Mindanao na jihu. Ostrovy jsou ohrani\u010deny velk\u00fdmi vodn\u00edmi plochami: Jiho\u010d\u00ednsk\u00fdm mo\u0159em na z\u00e1pad\u011b, Filip\u00ednsk\u00fdm mo\u0159em na v\u00fdchod\u011b a Celebesk\u00fdm mo\u0159em na jihu. Tyto vlastnosti posiluj\u00ed n\u00e1mo\u0159n\u00ed d\u011bdictv\u00ed n\u00e1roda a podporuj\u00ed rozmanit\u00fd ekosyst\u00e9m.<\/p>","protected":false},"author":1,"featured_media":3745,"parent":24063,"menu_order":0,"comment_status":"closed","ping_status":"closed","template":"elementor_theme","meta":{"_eb_attr":"","footnotes":""},"class_list":["post-15241","page","type-page","status-publish","has-post-thumbnail"],"_links":{"self":[{"href":"https:\/\/travelshelper.com\/cs\/wp-json\/wp\/v2\/pages\/15241","targetHints":{"allow":["GET"]}}],"collection":[{"href":"https:\/\/travelshelper.com\/cs\/wp-json\/wp\/v2\/pages"}],"about":[{"href":"https:\/\/travelshelper.com\/cs\/wp-json\/wp\/v2\/types\/page"}],"author":[{"embeddable":true,"href":"https:\/\/travelshelper.com\/cs\/wp-json\/wp\/v2\/users\/1"}],"replies":[{"embeddable":true,"href":"https:\/\/travelshelper.com\/cs\/wp-json\/wp\/v2\/comments?post=15241"}],"version-history":[{"count":0,"href":"https:\/\/travelshelper.com\/cs\/wp-json\/wp\/v2\/pages\/15241\/revisions"}],"up":[{"embeddable":true,"href":"https:\/\/travelshelper.com\/cs\/wp-json\/wp\/v2\/pages\/24063"}],"wp:featuredmedia":[{"embeddable":true,"href":"https:\/\/travelshelper.com\/cs\/wp-json\/wp\/v2\/media\/3745"}],"wp:attachment":[{"href":"https:\/\/travelshelper.com\/cs\/wp-json\/wp\/v2\/media?parent=15241"}],"curies":[{"name":"wp","href":"https:\/\/api.w.org\/{rel}","templated":true}]}}