{"id":15095,"date":"2024-09-20T15:21:02","date_gmt":"2024-09-20T15:21:02","guid":{"rendered":"https:\/\/travelshelper.com\/staging\/?page_id=15095"},"modified":"2026-03-11T13:25:56","modified_gmt":"2026-03-11T13:25:56","slug":"nove-dilli","status":"publish","type":"page","link":"https:\/\/travelshelper.com\/cs\/destinations\/asia\/india\/new-delhi\/","title":{"rendered":"Nov\u00e9 Dill\u00ed"},"content":{"rendered":"<p>Nov\u00e9 Dill\u00ed zauj\u00edm\u00e1 v indick\u00e9m pov\u011bdom\u00ed jedine\u010dn\u00e9 postaven\u00ed. Je to z\u00e1rove\u0148 obec s jasn\u011b definovan\u00fdmi hranicemi a symbolick\u00e9 srdce rozlehl\u00e9 metropole. Bylo zalo\u017eeno jako hlavn\u00ed m\u011bsto Britsk\u00e9 Indie na po\u010d\u00e1tku dvac\u00e1t\u00e9ho stolet\u00ed a nyn\u00ed slou\u017e\u00ed jako s\u00eddlo indick\u00e9 z\u00e1konod\u00e1rn\u00e9, v\u00fdkonn\u00e9 a soudn\u00ed moci. S\u00eddl\u00ed zde Rashtrapati Bhavan, Sansad Bhavan a Nejvy\u0161\u0161\u00ed soud. Vlastn\u00ed Nov\u00e9 Dill\u00ed \u2013 spravovan\u00e9 M\u011bstskou radou Nov\u00e9ho Dill\u00ed (NDMC) a zahrnuj\u00edc\u00ed p\u0159edev\u0161\u00edm okrsky Lutyensova Dill\u00ed \u2013 je v\u0161ak pouze jedn\u00edm zlomkem rozs\u00e1hl\u00e9ho N\u00e1rodn\u00edho hlavn\u00edho m\u011bsta, kter\u00e9 je samo o sob\u011b zahrnuto do je\u0161t\u011b \u0161ir\u0161\u00edho N\u00e1rodn\u00edho hlavn\u00edho m\u011bsta, kter\u00e9 se rozprost\u00edr\u00e1 do sousedn\u00edch st\u00e1t\u016f a zahrnuje m\u011bsta jako Noida, Gurugram a Ghaziabad.<\/p>\n\n\n\n<p>Rozhodnut\u00ed o p\u0159enesen\u00ed hlavn\u00edho m\u011bsta Indie z Kalkaty do Dill\u00ed bylo form\u00e1ln\u011b potvrzeno v roce 1911, kdy kr\u00e1l Ji\u0159\u00ed V. polo\u017eil z\u00e1kladn\u00ed k\u00e1men ji\u017en\u011b od star\u00e9ho opevn\u011bn\u00e9ho m\u011bsta b\u011bhem dill\u00edsk\u00e9ho sv\u00e1tku Durbar. Pod veden\u00edm Edwina Lutyense a Herberta Bakera se v n\u00e1sleduj\u00edc\u00edch dvou desetilet\u00edch rozrostly nov\u00e9 administrativn\u00ed \u010dtvrti; jejich uspo\u0159\u00e1d\u00e1n\u00ed velkolep\u00fdch bulv\u00e1r\u016f a form\u00e1ln\u00edch zahrad zt\u011bles\u0148ovalo imperi\u00e1ln\u00ed ambice prostupuj\u00edc\u00ed palladi\u00e1nskou symetri\u00ed, ale z\u00e1rove\u0148 zahrnovalo i v\u00fdrazn\u00e9 evokace p\u016fvodn\u00edch forem. Centr\u00e1ln\u00ed osa, dnes zn\u00e1m\u00e1 jako Rajpath, se t\u00e1hne od vrcholu kopce Rashtrapati Bhavan k Indick\u00e9 br\u00e1n\u011b; jej\u00ed k\u0159i\u017eovatka s Janpath \u2013 d\u0159\u00edve Queen&#039;s Way \u2013 vytv\u00e1\u0159\u00ed kolmou p\u00e1te\u0159, kter\u00e1 prot\u00edn\u00e1 hlavn\u00ed obchodn\u00ed, diplomatick\u00e9 a ceremoni\u00e1ln\u00ed z\u00f3ny m\u011bsta. Budovy sekretari\u00e1tu lemuj\u00edc\u00ed kopec Raisina Hill se v\u011bj\u00ed\u0159ovit\u011b rozp\u00ednaj\u00ed jako architektonick\u00e9 prodlou\u017een\u00ed prezidentsk\u00e9 rezidence, zat\u00edmco kruhov\u00e9 kolon\u00e1dy Connaught Place evokuj\u00ed Kr\u00e1lovsk\u00fd p\u016flm\u011bs\u00edc s nezam\u011bnitelnou koloni\u00e1ln\u00ed ozv\u011bnou.<\/p>\n\n\n\n<p>Nov\u00e9 Dill\u00ed, kter\u00e9 se rozkl\u00e1d\u00e1 na ploch\u00e9 z\u00e1plavov\u00e9 oblasti \u0159eky Jamuny, se rozkl\u00e1d\u00e1 na ploch\u00e9 z\u00e1plavov\u00e9 oblasti s v\u00fd\u0161kov\u00fdm rozd\u00edlem sotva n\u011bkolika metr\u016f. Jeho obvod kdysi le\u017eel na nejji\u017en\u011bj\u0161\u00edch h\u0159ebenech starov\u011bk\u00e9ho poho\u0159\u00ed Aravali, jeho\u017e zbytky tvo\u0159\u00ed Dill\u00edsk\u00fd h\u0159eben \u2013 tzv. Pl\u00edce Dill\u00ed. A\u010dkoli m\u011bsto nen\u00ed p\u0159\u00edstupn\u00e9 k mo\u0159i, sn\u00e1\u0161\u00ed sez\u00f3nn\u00ed v\u00fdkyvy vzduchu a zem\u011b: spad\u00e1 do seismick\u00e9 z\u00f3ny IV a le\u017e\u00ed na n\u011bkolika zlomov\u00fdch lini\u00edch, za\u017e\u00edv\u00e1 \u010dast\u00e9 ot\u0159esy \u2013 nej\u010dast\u011bji m\u00edrn\u00e9ho rozsahu \u2013 a v posledn\u00edch dvou desetilet\u00edch zaznamenalo n\u011bkolik v\u00fdznamn\u00fdch ot\u0159es\u016f, v\u010detn\u011b zem\u011bt\u0159esen\u00ed o s\u00edle 5,4 stupn\u011b v roce 2015, jeho\u017e epicentrum le\u017eelo pobl\u00ed\u017e Nep\u00e1lu.<\/p>\n\n\n\n<p>Klimaticky se Nov\u00e9 Dill\u00ed vyzna\u010duje extr\u00e9my. L\u00e9to trv\u00e1 od dubna do \u0159\u00edjna a teploty b\u011b\u017en\u011b stoupaj\u00ed nad 46 \u00b0C, doprov\u00e1zen\u00e9 pra\u0161n\u00fdmi v\u011btry a omezuj\u00edc\u00ed vlhkost\u00ed zp\u016fsobenou monzunov\u00fdmi de\u0161ti. Zimy jsou naopak kr\u00e1tk\u00e9 a m\u00edrn\u00e9: denn\u00ed teploty se pohybuj\u00ed kolem 10 \u00b0C, i kdy\u017e rann\u00ed mlhy ustupuj\u00ed bled\u00e9mu slune\u010dn\u00edmu sv\u011btlu. Pr\u016fm\u011brn\u00e1 ro\u010dn\u00ed teplota se bl\u00ed\u017e\u00ed 25 \u00b0C, zat\u00edmco pr\u016fm\u011brn\u00e9 sr\u00e1\u017eky \u2013 v\u011bt\u0161ina z nich spadne mezi \u010dervnem a z\u00e1\u0159\u00edm \u2013 dosahuj\u00ed zhruba 774 milimetr\u016f. V roce 2024 meteorologick\u00e9 stanice zaznamenaly nov\u00e9 maximum 49,9 \u00b0C, zat\u00edmco nejni\u017e\u0161\u00ed zaznamenan\u00e1 teplota, \u20132,2 \u00b0C, poch\u00e1z\u00ed z ledna 1967.<\/p>\n\n\n\n<p>V dob\u011b s\u010d\u00edt\u00e1n\u00ed lidu v roce 2011 \u017eilo v oblasti NDMC necel\u00fdch 250 000 obyvatel. Hind\u0161tina slou\u017e\u00ed jako lingua franca, zat\u00edmco angli\u010dtina slou\u017e\u00ed form\u00e1ln\u00edmu obchodu a spr\u00e1v\u011b v\u011bc\u00ed ve\u0159ejn\u00fdch. M\u00edra gramotnosti v Nov\u00e9m Dill\u00ed p\u0159esahuje 89 procent \u2013 \u200b\u200bco\u017e je nejvy\u0161\u0161\u00ed v r\u00e1mci v\u011bt\u0161\u00edho \u00fazem\u00ed hlavn\u00edho m\u011bsta. N\u00e1bo\u017eensk\u00e9 slo\u017een\u00ed m\u011bsta je p\u0159ev\u00e1\u017en\u011b hinduistick\u00e9 (p\u0159ibli\u017en\u011b 90 procent), s muslimsk\u00fdmi, k\u0159es\u0165ansk\u00fdmi a sikhsk\u00fdmi men\u0161inami a men\u0161\u00edmi komunitami d\u017ein\u016f, buddhist\u016f, pars\u016f a \u017eid\u016f.<\/p>\n\n\n\n<p>Z ekonomick\u00e9ho hlediska p\u0159edstavuje Nov\u00e9 Dill\u00ed finan\u010dn\u00ed centrum severn\u00ed Indie. Ve fisk\u00e1ln\u00edm roce 2010 se jeho \u010dist\u00fd dom\u00e1c\u00ed produkt st\u00e1tu bl\u00ed\u017eil 1 595 miliard\u00e1m \u20b9 v nomin\u00e1ln\u00edm vyj\u00e1d\u0159en\u00ed a 6 800 miliard\u00e1m \u20b9 na z\u00e1klad\u011b parity kupn\u00ed s\u00edly. P\u0159\u00edjem na obyvatele, hodnocen\u00fd v roce 2013, \u0159adil Dill\u00ed mezi indick\u00fdmi st\u00e1ty na druh\u00e9 m\u00edsto hned za Gou. Form\u00e1ln\u00ed ekonomika se rozprost\u00edr\u00e1 od Connaught Place a p\u0159ilehl\u00fdch koridor\u016f, jako je Barakhamba Road a ITO, p\u0159i\u010dem\u017e sektor slu\u017eeb \u2013 informa\u010dn\u00ed technologie, telekomunikace, finance, pohostinstv\u00ed, m\u00e9dia a cestovn\u00ed ruch \u2013 t\u011b\u017e\u00ed z kvalifikovan\u00e9 pracovn\u00ed s\u00edly s anglickou gramotnost\u00ed. Glob\u00e1ln\u00ed pr\u016fzkumy \u0159ad\u00ed Nov\u00e9 Dill\u00ed mezi p\u0159edn\u00ed destinace na rozv\u00edjej\u00edc\u00edch se trz\u00edch v oblasti maloobchodu, co\u017e odr\u00e1\u017e\u00ed jak dom\u00e1c\u00ed prosperitu, tak mezin\u00e1rodn\u00ed investice.<\/p>\n\n\n\n<p>Krom\u011b obchodu je identita Nov\u00e9ho Dill\u00ed neodd\u011bliteln\u011b spjata se st\u00e1tn\u00edm um\u011bn\u00edm a pod\u00edvanou. St\u00e1tn\u00ed sv\u00e1tky \u2013 Den republiky 26. ledna, Den nez\u00e1vislosti 15. srpna a G\u00e1ndh\u00ed D\u017eajant\u00ed 2. \u0159\u00edjna \u2013 se slav\u00ed ok\u00e1zalost\u00ed pod\u00e9l Rajpathu. Pr\u016fvod ke Dni republiky shroma\u017e\u010fuje vojensk\u00e9 jednotky, folkl\u00f3rn\u00ed soubory a \u017eiv\u00e9 uk\u00e1zky, kter\u00e9 p\u0159ed \u0161irok\u00fdm publikem vypr\u00e1v\u011bj\u00ed o kulturn\u00ed pluralit\u011b a bojov\u00e9m d\u011bdictv\u00ed Indie. Pou\u0161t\u011bn\u00ed drak\u016f z\u016fst\u00e1v\u00e1 symbolem oslav Dne nez\u00e1vislosti, obloha je pln\u00e1 z\u00e1\u0159iv\u00fdch vzor\u016f a napnut\u00fdch strun.<\/p>\n\n\n\n<p>Kulturn\u00ed \u017eivot v Nov\u00e9m Dill\u00ed se t\u00e1hne prost\u0159ednictv\u00edm ka\u017edoro\u010dn\u00edho kalend\u00e1\u0159e n\u00e1bo\u017eensk\u00fdch a estetick\u00fdch oslav. Diwali ohla\u0161uje festival sv\u011btel; Holi maluje ulice a n\u00e1m\u011bst\u00ed barvic\u00edmi pr\u00e1\u0161ky. Durga Puja, Teej a Chhath Puja p\u0159edstavuj\u00ed region\u00e1ln\u00ed tradice, zat\u00edmco k\u0159es\u0165ansk\u00e9, muslimsk\u00e9, sikhsk\u00e9, d\u017einistick\u00e9 a buddhistick\u00e9 sv\u00e1tky dopl\u0148uj\u00ed cel\u00fd rok. Festival Kutub p\u0159iv\u00e1d\u00ed hudebn\u00edky a tane\u010dn\u00edky do st\u00edn\u016f impozantn\u00edho Kutub Minar a p\u0159ipom\u00edn\u00e1 tak p\u016fvod t\u00e9to pam\u00e1tky ve t\u0159in\u00e1ct\u00e9m stolet\u00ed jako symbolu sultan\u00e1tsk\u00e9 moci. Sez\u00f3nn\u00ed trhy \u2013 Mezin\u00e1rodn\u00ed festival manga, festival pou\u0161t\u011bn\u00ed drak\u016f a \u0161estidenn\u00ed ob\u0159ad Vasant Panchami \u2013 dod\u00e1vaj\u00ed m\u00edstn\u00edmu koloritu.<\/p>\n\n\n\n<p>Architektonick\u00e9 d\u011bdictv\u00ed a muzeologie se prol\u00ednaj\u00ed v \u0159ad\u011b instituc\u00ed. N\u00e1rodn\u00ed muzeum, slavnostn\u011b otev\u0159en\u00e9 v bran\u00e1ch Rashtrapati Bhavan v roce 1949, uchov\u00e1v\u00e1 p\u0159es 200 000 d\u011bl z obdob\u00ed 5 000 let. Nedaleko se nach\u00e1z\u00ed Br\u00e1na Indie, kter\u00e1 p\u0159ipom\u00edn\u00e1 indick\u00e9 voj\u00e1ky padl\u00e9 v prvn\u00ed sv\u011btov\u00e9 v\u00e1lce a t\u0159et\u00ed anglo-afgh\u00e1nsk\u00e9 v\u00e1lce, jej\u00ed\u017e oblouk je inspirov\u00e1n pa\u0159\u00ed\u017esk\u00fdm V\u00edt\u011bzn\u00fdm obloukem. V Rajpathu a jeho okol\u00ed se kon\u00e1 ob\u0159ad Beating Retreat, zat\u00edmco Gandhi Smriti a Rajghat p\u0159ipom\u00ednaj\u00ed posledn\u00ed dny Mah\u00e1tmy G\u00e1ndh\u00edho a jeho poh\u0159ebn\u00ed hranici. Jantar Mantar, observato\u0159 mah\u00e1r\u00e1d\u017ei D\u017eaj Singha II. z osmn\u00e1ct\u00e9ho stolet\u00ed, je sv\u011bdkem p\u0159edmodern\u00edho astronomick\u00e9ho b\u00e1d\u00e1n\u00ed. Muzea v\u011bnovan\u00e1 modern\u00edmu a p\u0159\u00edrodn\u00edmu um\u011bn\u00ed, \u017eeleznic\u00edm, \u0159emesln\u00fdm v\u00fdrobk\u016fm, zn\u00e1mk\u00e1m a panenk\u00e1m, spolu s vlastn\u00ed galeri\u00ed Nejvy\u0161\u0161\u00edho soudu, poskytuj\u00ed klidn\u011bj\u0161\u00ed chv\u00edle k zamy\u0161len\u00ed.<\/p>\n\n\n\n<p>Zahrady le\u017e\u00ed v srdci zelen\u00e9ho d\u011bdictv\u00ed Nov\u00e9ho Dill\u00ed. Zahrady Lodi ukr\u00fdvaj\u00ed pod rozlehl\u00fdmi tr\u00e1vn\u00edky hrobky z patn\u00e1ct\u00e9ho stolet\u00ed. Park Buddhy Jayantiho, park Nehru a R\u016f\u017eov\u00e1 zahrada kvetou na ja\u0159e, zat\u00edmco Prezidentsk\u00fd d\u016fm, stezka Shanti a kan\u00e1ly pod\u00e9l Rajpathu si udr\u017euj\u00ed zahradnickou form\u00e1lnost. Stovky men\u0161\u00edch sousedsk\u00fdch a kruhov\u00fdch pozemk\u016f pletou m\u011bstskou tapiserii st\u00ednu a sez\u00f3nn\u00edho kv\u011btu.<\/p>\n\n\n\n<p>Okres NDMC se v hodnocen\u00ed Swachh Survekshan z roku 2017 uk\u00e1zal jako nej\u010dist\u0161\u00ed z\u00f3na v severn\u00ed Indii, co\u017e je ocen\u011bn\u00ed odr\u00e1\u017eej\u00edc\u00ed syst\u00e9my nakl\u00e1d\u00e1n\u00ed s odpady, p\u0159\u00edstup k hygienick\u00fdm za\u0159\u00edzen\u00edm a pov\u011bdom\u00ed ve\u0159ejnosti. Stoj\u00ed uprost\u0159ed obdob\u00ed obnovy: projekt p\u0159estavby Central Vista, p\u0159edstaven\u00fd v roce 2019, p\u0159etvo\u0159\u00ed v\u00edce ne\u017e 440 hektar\u016f centr\u00e1ln\u00edho Dill\u00ed, v\u010detn\u011b nov\u00fdch parlamentn\u00edch okrsk\u016f a kulturn\u00edch prostor, s odhadovan\u00fdm rozpo\u010dtem 20 000 milion\u016f rupi\u00ed.<\/p>\n\n\n\n<p>Modern\u00ed dopravn\u00ed spojen\u00ed vyza\u0159uje z mezin\u00e1rodn\u00edho leti\u0161t\u011b Indiry G\u00e1ndh\u00edov\u00e9, v\u00fdznamn\u00e9ho jihoasijsk\u00e9ho uzlu, kter\u00e9 v letech 2012\u20132013 odbavilo p\u0159es 35 milion\u016f cestuj\u00edc\u00edch a jeho\u017e Termin\u00e1l 3 ro\u010dn\u011b odbav\u00ed dal\u0161\u00edch 37 milion\u016f. Mezi jeho ocen\u011bn\u00ed pat\u0159\u00ed ocen\u011bn\u00ed Mezin\u00e1rodn\u00ed rady leti\u0161\u0165 za nejlep\u0161\u00ed za\u0159\u00edzen\u00ed ve sv\u00e9 dopravn\u00ed kategorii. Dill\u00edsk\u00fd leteck\u00fd klub, kdysi s\u00eddl\u00edc\u00ed na leti\u0161ti Safdarjung, slou\u017e\u00ed jako \u0161kolic\u00ed a VIP transferov\u00e1 instituce od ukon\u010den\u00ed let\u016f letadly v roce 2002. Druh\u00e9 komer\u010dn\u00ed leti\u0161t\u011b je ve v\u00fdstavb\u011b v Jewaru v sousedn\u00edm Uttarprad\u00e9\u0161i.<\/p>\n\n\n\n<p>Pozemn\u00ed doprava z\u00e1vis\u00ed na rozs\u00e1hl\u00e9 flotile autobus\u016f na stla\u010den\u00fd zemn\u00ed plyn provozovan\u00fdch spole\u010dnost\u00ed Delhi Transport Corporation, nejv\u011bt\u0161\u00ed sv\u00e9ho druhu na sv\u011bt\u011b, dopln\u011bn\u00e9 o tax\u00edky, rik\u0161i a vysokou hustotu soukrom\u00fdch vozidel, kter\u00e1 p\u0159isp\u00edvaj\u00ed k pr\u016fm\u011brn\u00e9 rychlosti ve \u0161pi\u010dce sotva 15 a\u017e 20 km\/h. Vnit\u0159n\u00ed a vn\u011bj\u0161\u00ed okruh \u2013 dlouh\u00fd 51, respektive 47 kilometr\u016f \u2013 obklopuj\u00ed centrum Dill\u00ed mimo\u00farov\u0148ov\u00fdmi k\u0159i\u017eovatkami. Zpoplatn\u011bn\u00e9 rychlostn\u00ed silnice se napojuj\u00ed na Noidu, Gurugram a Faridabad, zat\u00edmco n\u00e1rodn\u00ed d\u00e1lnice 19, 44, 48 a 9 spojuj\u00ed hlavn\u00ed m\u011bsto s Kalkatou, Srinagarem, Chennai a Pithoragarhem.<\/p>\n\n\n\n<p>\u017deleznice se sb\u00edhaj\u00ed v p\u011bti hlavn\u00edch stanic\u00edch \u2013 Nov\u00e9 Dill\u00ed, Delhi Junction, Hazrat Nizamuddin, termin\u00e1l Anand Vihar a Sarai Rohilla \u2013 a proch\u00e1zej\u00ed p\u0159\u00edm\u011bstsk\u00fdmi linkami, jako je 35kilometrov\u00e1 okru\u017en\u00ed \u017eeleznice (Ring Railway). Nadzemn\u00ed syst\u00e9m Dill\u00edsk\u00e9ho metra, slavnostn\u011b otev\u0159en\u00fd v roce 2002, nyn\u00ed zahrnuje deset barevn\u011b odli\u0161en\u00fdch trat\u00ed o d\u00e9lce 348 kilometr\u016f a 255 stanic, kter\u00e9 sahaj\u00ed za hranice NCT do sousedn\u00edch m\u011bst. Jeho sm\u00ed\u0161en\u00fd rozchod kolejov\u00fdch vozidel a prvky univerz\u00e1ln\u00ed p\u0159\u00edstupnosti odstranily z m\u011bstsk\u00fdch silnic t\u00e9m\u011b\u0159 400 000 vozidel. Spole\u010dnost Delhi Metro Rail Corporation, kterou spoluvlastn\u00ed n\u00e1rodn\u00ed a teritori\u00e1ln\u00ed vl\u00e1dy a kterou po l\u00e9ta vede E. Sreedharan \u2013 \u201eMu\u017e z metra\u201c \u2013 exportuje sv\u00e9 odborn\u00e9 znalosti v oblasti pl\u00e1nov\u00e1n\u00ed, i kdy\u017e p\u0159ekonala v\u00fdzvy, jako byl tragick\u00fd p\u00e1d mostu v roce 2009.<\/p>\n\n\n\n<p>Tato f\u00faze pl\u00e1nov\u00e1n\u00ed, architektury, spr\u00e1vy v\u011bc\u00ed ve\u0159ejn\u00fdch a ka\u017edodenn\u00edho \u017eivota \u010din\u00ed z Nov\u00e9ho Dill\u00ed m\u011bsto vrstevnat\u00fdch n\u00e1pis\u016f: c\u00edsa\u0159sk\u00e9 vzory p\u0159ekryt\u00e9 domorod\u00fdmi motivy, nehybn\u00e9 monumenty zast\u00edn\u011bn\u00e9 d\u017eungl\u00ed a ceremoni\u00e1ln\u00ed bulv\u00e1ry lemovan\u00e9 obchodem na \u00farovni ulice. Je to m\u00edsto p\u0159\u00edsn\u00e9 formality a spont\u00e1nn\u00edch oslav, klidn\u00fdch zahrad a frenetick\u00fdch tepen. P\u0159edev\u0161\u00edm z\u016fst\u00e1v\u00e1 politick\u00fdm a kulturn\u00edm oporou modern\u00ed Indie, jej\u00ed historie vepsan\u00e1 do kamene, jej\u00ed budoucnost mapovan\u00e1 do oceli, skla a nekone\u010dn\u00fdch mo\u017enost\u00ed.<\/p>","protected":false},"excerpt":{"rendered":"<p>Nov\u00e9 Dill\u00ed, hlavn\u00ed m\u011bsto Indie, je dynamick\u00e9 m\u011bsto nach\u00e1zej\u00edc\u00ed se uvnit\u0159 teritoria n\u00e1rodn\u00edho hlavn\u00edho m\u011bsta Dill\u00ed (NCT). Nov\u00e9 Dill\u00ed s v\u00edce ne\u017e 250 000 obyvateli funguje jako j\u00e1dro indick\u00e9 spr\u00e1vy v\u011bc\u00ed ve\u0159ejn\u00fdch a zt\u011bles\u0148uje historick\u00fd odkaz zem\u011b a sou\u010dasn\u00e9 ambice. Tato pulzuj\u00edc\u00ed metropole o rozloze 42,7 kilometr\u016f \u010dtvere\u010dn\u00edch (16,5 mil \u010dtvere\u010dn\u00edch) je p\u0159\u00edkladem indick\u00e9ho imperi\u00e1ln\u00edho d\u011bdictv\u00ed a jeho v\u00fdvoje v celosv\u011btovou velmoc.<\/p>","protected":false},"author":1,"featured_media":3037,"parent":15052,"menu_order":0,"comment_status":"closed","ping_status":"closed","template":"elementor_theme","meta":{"_eb_attr":"","footnotes":""},"class_list":["post-15095","page","type-page","status-publish","has-post-thumbnail"],"_links":{"self":[{"href":"https:\/\/travelshelper.com\/cs\/wp-json\/wp\/v2\/pages\/15095","targetHints":{"allow":["GET"]}}],"collection":[{"href":"https:\/\/travelshelper.com\/cs\/wp-json\/wp\/v2\/pages"}],"about":[{"href":"https:\/\/travelshelper.com\/cs\/wp-json\/wp\/v2\/types\/page"}],"author":[{"embeddable":true,"href":"https:\/\/travelshelper.com\/cs\/wp-json\/wp\/v2\/users\/1"}],"replies":[{"embeddable":true,"href":"https:\/\/travelshelper.com\/cs\/wp-json\/wp\/v2\/comments?post=15095"}],"version-history":[{"count":0,"href":"https:\/\/travelshelper.com\/cs\/wp-json\/wp\/v2\/pages\/15095\/revisions"}],"up":[{"embeddable":true,"href":"https:\/\/travelshelper.com\/cs\/wp-json\/wp\/v2\/pages\/15052"}],"wp:featuredmedia":[{"embeddable":true,"href":"https:\/\/travelshelper.com\/cs\/wp-json\/wp\/v2\/media\/3037"}],"wp:attachment":[{"href":"https:\/\/travelshelper.com\/cs\/wp-json\/wp\/v2\/media?parent=15095"}],"curies":[{"name":"wp","href":"https:\/\/api.w.org\/{rel}","templated":true}]}}