{"id":14970,"date":"2024-09-20T13:10:19","date_gmt":"2024-09-20T13:10:19","guid":{"rendered":"https:\/\/travelshelper.com\/staging\/?page_id=14970"},"modified":"2026-03-11T13:11:10","modified_gmt":"2026-03-11T13:11:10","slug":"teheran","status":"publish","type":"page","link":"https:\/\/travelshelper.com\/cs\/destinations\/asia\/iran\/tehran\/","title":{"rendered":"Teher\u00e1n"},"content":{"rendered":"<p>Teher\u00e1n se rozkl\u00e1d\u00e1 na ji\u017en\u00edch svaz\u00edch poho\u0159\u00ed Alborz, m\u011bsto z\u00e1vratn\u00fdch kontrast\u016f, kde starobyl\u00e9 kameny le\u017e\u00ed vedle v\u011b\u017e\u00ed ze skla a oceli. V nadmo\u0159sk\u00e9 v\u00fd\u0161ce 1 200 metr\u016f se jeho ploch\u00e9 ji\u017en\u00ed \u010dtvrti tisknou k centr\u00e1ln\u00ed pou\u0161ti, zat\u00edmco na severu se kopce zvedaj\u00ed k vrchol\u016fm p\u0159esahuj\u00edc\u00edm 2 000 metr\u016f. Do roku 2025 bude v jeho m\u011bstsk\u00fdch hranic\u00edch \u017e\u00edt t\u00e9m\u011b\u0159 9,8 milionu lid\u00ed a s v\u00edce ne\u017e 16,8 miliony obyvatel v \u0161ir\u0161\u00ed metropolitn\u00ed oblasti se Teher\u00e1n \u0159ad\u00ed mezi nejlidnat\u011bj\u0161\u00ed m\u011bsta v z\u00e1padn\u00ed Asii a druhou nejv\u011bt\u0161\u00ed metropolitn\u00ed z\u00f3nu na Bl\u00edzk\u00e9m v\u00fdchod\u011b po K\u00e1hi\u0159e. Prost\u0159ednictv\u00edm vrstev sv\u00e9 historie a \u010dlenit\u00e9 topografie \u00edr\u00e1nsk\u00e9 hlavn\u00ed m\u011bsto odhaluje jak svou odolnost, tak i t\u0159en\u00ed, kter\u00e1 doprov\u00e1zej\u00ed rychl\u00fd r\u016fst.<\/p>\n\n\n\n<p>Dlouho p\u0159edt\u00edm, ne\u017e zde s\u00eddlila \u00edr\u00e1nsk\u00e1 vl\u00e1da, pat\u0159ila p\u016fda pod Teher\u00e1nem Rhagesovi, ve starov\u011bku zn\u00e1m\u00e9mu jako v\u00fdznamn\u00e1 m\u00e9dsk\u00e1 osada. Ray (jak se mu dodnes \u0159\u00edk\u00e1), le\u017e\u00edc\u00ed n\u011bkolik kilometr\u016f ji\u017en\u011b od dne\u0161n\u00edho centra m\u011bsta, byl sv\u011bdkem vzestupu a p\u00e1du \u0159\u00ed\u0161\u00ed. Jeho hradby byly prolomeny arabsk\u00fdmi, turkick\u00fdmi a mongolsk\u00fdmi \u00fato\u010dn\u00edky a uprost\u0159ed rozlehl\u00e9ho p\u0159edm\u011bst\u00ed se dochovaly jen fragmenty. B\u011bhem stalet\u00ed byl Ray vst\u0159eb\u00e1n do Velk\u00e9ho Teher\u00e1nu a jeho ruiny slou\u017e\u00ed jako tich\u00e9 sv\u011bdky ne\u00fanavn\u00e9 expanze a prom\u011bny m\u011bsta.<\/p>\n\n\n\n<p>V roce 1786 prohl\u00e1sil Agha Mohammad Ch\u00e1n z dynastie Kad\u017ear\u016f Teher\u00e1n hlavn\u00edm m\u011bstem \u00cdr\u00e1nu. Usiloval o s\u00eddlo moci, kter\u00e9 by bylo bezpe\u010dn\u011bj\u0161\u00ed ne\u017e tradi\u010dn\u00ed dynastick\u00e1 centra, dostate\u010dn\u011b bl\u00edzko Kavkazu \u2013 tehdy bojovan\u00e9ho v rusko-\u00edr\u00e1nsk\u00fdch v\u00e1lk\u00e1ch \u2013 a z\u00e1rove\u0148 chr\u00e1n\u011bn\u00e9 p\u0159ed frak\u010dn\u00edmi soupe\u0159en\u00edmi. Toto rozhodnut\u00ed zah\u00e1jilo \u00e9ru v\u00fdstavby: skromn\u00e9 \u200b\u200bpal\u00e1ce, vojensk\u00e1 kas\u00e1rna a z\u00e1klady toho, co se pozd\u011bji stalo rozlehl\u00fdm byrokratick\u00fdm apar\u00e1tem modern\u00edho st\u00e1tu. I uprost\u0159ed \u00fapadku Kad\u017ear\u016f se profil Teher\u00e1nu neust\u00e1le zvy\u0161oval a jeho populace se za Fath-Al\u00edho \u0160\u00e1ha zdvojn\u00e1sobila. Na p\u0159elomu devaten\u00e1ct\u00e9ho stolet\u00ed se formovaly nov\u00e9 ulice a ve\u0159ejn\u00e1 n\u00e1m\u011bst\u00ed, z nich\u017e nejv\u00fdznamn\u011bj\u0161\u00ed bylo T\u00fapchane (nyn\u00ed n\u00e1m\u011bst\u00ed im\u00e1ma Chomejn\u00edho). Me\u0161ity v centru m\u011bsta z\u00edskaly novou v\u00fdzdobu, proto\u017ee m\u011bstsk\u00e9 slu\u017eby a ob\u010dansk\u00e9 instituce vytla\u010dily star\u00e9 br\u00e1ny a karavanser\u00e1je.<\/p>\n\n\n\n<p>Dvac\u00e1t\u00e9 stolet\u00ed bylo obdob\u00edm hlubok\u00fdch zm\u011bn. Rez\u00e1 \u0160\u00e1h Pahlav\u00ed se ve 20. letech 20. stolet\u00ed pustil do rozs\u00e1hl\u00fdch stavebn\u00edch projekt\u016f, v nich\u017e zavedl bulv\u00e1ry inspirovan\u00e9 evropsk\u00fdm stylem a polo\u017eil z\u00e1klady modern\u00ed infrastruktury. Leti\u0161t\u011b Mehrabad otev\u0159elo sv\u00e9 ranveje a \u017eelezni\u010dn\u00ed trat\u011b k\u0159i\u017eovaly rovinu. S modernizac\u00ed \u0161kol, ministerstv a kulturn\u00edch za\u0159\u00edzen\u00ed v r\u00e1mci st\u00e1tu Pahlav\u00ed p\u0159itahoval Teher\u00e1n migranty ze v\u0161ech provinci\u00ed. Mezi s\u010d\u00edt\u00e1n\u00edm lidu v letech 2006 a 2016 se po\u010det obyvatel m\u011bsta zv\u00fd\u0161il ze 7 711 230 v 2 286 787 dom\u00e1cnostech na 8 693 706 v 2 911 065 dom\u00e1cnostech. Do roku 2025 bude v jeho ofici\u00e1ln\u00edch hranic\u00edch \u017e\u00edt zhruba 9,8 milionu obyvatel. Tato vlna zm\u011bnila soci\u00e1ln\u00ed strukturu Teher\u00e1nu: v pr\u016fzkumu Teher\u00e1nsk\u00e9 univerzity z roku 2010 se 63 procent dot\u00e1zan\u00fdch narodilo ve m\u011bst\u011b, 75 procent se identifikovalo jako etni\u010dt\u00ed Per\u0161an\u00e9 a t\u00e9m\u011b\u0159 98 procent plynn\u011b hovo\u0159ilo persky, p\u0159i\u010dem\u017e 13 procent mluvilo tak\u00e9 n\u011bkter\u00fdm evropsk\u00fdm jazykem.<\/p>\n\n\n\n<p>Teher\u00e1nsk\u00e1 m\u011bstsk\u00e1 oblast je rozd\u011blena do 22 okres\u016f. Dvacet z nich le\u017e\u00ed v Centr\u00e1ln\u00edm okrese Teher\u00e1nsk\u00e9ho okresu; okresy 1 a 20 zasahuj\u00ed do okres\u016f \u0160emiranat a Raj. Ji\u017en\u00ed okresy \u2013 kde se nach\u00e1z\u00ed vlakov\u00e9 n\u00e1dra\u017e\u00ed v nadmo\u0159sk\u00e9 v\u00fd\u0161ce 1 117 metr\u016f \u2013 jsou plo\u0161\u0161\u00ed a hust\u011bji zastav\u011bn\u00e9, zat\u00edmco severn\u00ed \u010dtvrti se ty\u010d\u00ed pod\u00e9l svah\u016f. Ulice Valiasr, p\u00e1te\u0159 m\u011bsta, se t\u00e1hne 17,3 kilometru od jihu k n\u00e1m\u011bst\u00ed Tajrish v nadmo\u0159sk\u00e9 v\u00fd\u0161ce 1 712,6 metr\u016f. Za n\u00edm se Velenjak ty\u010d\u00ed do v\u00fd\u0161ky t\u00e9m\u011b\u0159 2 000 metr\u016f.<\/p>\n\n\n\n<p>Bohatstv\u00ed a modernita se koncentruj\u00ed na severu: enkl\u00e1vy jako Zafaraniyeh, Jordan, Elahiyeh a Niavaran jsou zn\u00e1m\u00e9 sv\u00fdmi ambas\u00e1dami, v\u00fd\u0161kov\u00fdmi bytov\u00fdmi domy a listnat\u00fdmi parky. Naproti tomu v centru Teher\u00e1nu se nach\u00e1zej\u00ed ministerstva, ministerstva a obchodn\u00ed centr\u00e1ly, zat\u00edmco jih z\u016fst\u00e1v\u00e1 dostupn\u011bj\u0161\u00ed, ale hust\u011b os\u00eddlen\u00fd.<\/p>\n\n\n\n<p>Teher\u00e1nsk\u00e9 klima se nach\u00e1z\u00ed na hranici mezi studen\u00fdm polosuch\u00fdm (BSk) a hork\u00fdm polosuch\u00fdm (BSh). L\u00e9ta jsou hork\u00e1 a such\u00e1, v \u010dervenci \u010dasto dosahuj\u00ed a\u017e 38 \u00b0C; zimy p\u0159in\u00e1\u0161ej\u00ed chladn\u00e9 a de\u0161tiv\u00e9 dny. Poho\u0159\u00ed Alborz utv\u00e1\u0159\u00ed m\u00edstn\u00ed v\u00e1nek: v noci z vrchol\u016f, kter\u00e9 se ochlazuj\u00ed, st\u00e9k\u00e1 \u201eTochalsk\u00fd v\u00e1nek\u201c, kter\u00fd nab\u00edz\u00ed \u00falevu obyvatel\u016fm horn\u00ed \u010d\u00e1sti m\u011bsta. V l\u00e9t\u011b mohou v\u00edtr z ji\u017en\u00edch pou\u0161t\u00ed zv\u00fd\u0161it teploty, zat\u00edmco z\u00e1padn\u00ed planet\u00e1rn\u00ed proudy p\u0159in\u00e1\u0161ej\u00ed prach a ob\u010dasn\u00fd d\u00e9\u0161\u0165. Severn\u00ed kopce se sv\u00fdmi zahradami a zelen\u00fdmi koridory b\u00fdvaj\u00ed obvykle o dva a\u017e t\u0159i stupn\u011b Celsia chladn\u011bj\u0161\u00ed ne\u017e jih pokryt\u00fd betonem.<\/p>\n\n\n\n<p>Zat\u00edmco etni\u010dt\u00ed Per\u0161an\u00e9 tvo\u0159\u00ed v\u011bt\u0161inu \u2013 v roce 2010 se k sob\u011b identifikovalo asi 75 procent \u2013 \u200b\u200btvo\u0159\u00ed \u00edr\u00e1n\u0161t\u00ed \u00c1zerb\u00e1jd\u017e\u00e1nci druhou nejv\u011bt\u0161\u00ed skupinu s p\u0159ibli\u017en\u011b 10\u201315 procenty, n\u00e1sledovan\u00ed Mazanderan\u00e9 s 5 procenty. Men\u0161\u00ed komunity Kurd\u016f, Arm\u00e9n\u016f, Gruz\u00ednc\u016f, Bachtyar\u016f, Taly\u0161\u016f, Bal\u00fad\u017e\u016f, Asy\u0159an\u016f, Arab\u016f, \u017did\u016f a \u010cerkes\u016f dod\u00e1vaj\u00ed m\u011bstu dal\u0161\u00ed prvky, a\u010dkoli v\u011bt\u0161ina z nich se jazykov\u011b asimilovala do dominantn\u00edho teher\u00e1nsk\u00e9ho dialektu per\u0161tiny. Po revoluci v roce 1979 mnoho Teher\u00e1nc\u016f emigrovalo \u2013 zejm\u00e9na do Spojen\u00fdch st\u00e1t\u016f, N\u011bmecka, \u0160v\u00e9dska a Kanady \u2013 co\u017e zanechalo jak mezery v ur\u010dit\u00fdch profesn\u00edch kruz\u00edch, tak i rychl\u00e9 toky finan\u010dn\u00edch p\u0159evod\u016f.<\/p>\n\n\n\n<p>Dvan\u00e1ctiletn\u00fd \u0161\u00editsk\u00fd isl\u00e1m je st\u00e1tn\u00edm n\u00e1bo\u017eenstv\u00edm a v\u00edrou v\u011bt\u0161iny. Sunnit\u0161t\u00ed muslimov\u00e9 a stoupenci s\u00fafijsk\u00fdch \u0159\u00e1d\u016f koexistuj\u00ed po boku k\u0159es\u0165ansk\u00fdch denominac\u00ed, \u017eid\u016f, zoroastri\u00e1n\u016f a mal\u00e9 bah\u00e1jsk\u00e9 men\u0161iny. Skromn\u00e1 sikhsk\u00e1 komunita si udr\u017euje gurdv\u00e1ru, kterou v roce 2012 nav\u0161t\u00edvil indick\u00fd premi\u00e9r Manm\u00f3han Singh. V \u201eTeher\u00e1nsk\u00e9m pr\u016fzkumu\u201c z roku 2016 ozna\u010dilo 53,5 procenta respondent\u016f n\u00e1bo\u017eenstv\u00ed za \u201evelmi d\u016fle\u017eit\u00e9\u201c, 31,1 procenta za \u201esp\u00ed\u0161e d\u016fle\u017eit\u00e9\u201c, 10,5 procenta za \u201enep\u0159\u00edli\u0161 d\u016fle\u017eit\u00e9\u201c a 4,8 procenta za \u201ev\u016fbec ne d\u016fle\u017eit\u00e9\u201c.<\/p>\n\n\n\n<p>Teher\u00e1nsk\u00e9 kr\u00e1lovsk\u00e9 d\u011bdictv\u00ed je patrn\u00e9 v jeho pal\u00e1c\u00edch. V historick\u00e9m centru m\u011bsta se nach\u00e1z\u00ed pal\u00e1c Golestan, komplex kad\u017earsk\u00fdch zrcadlov\u00fdch s\u00e1l\u016f a mramorov\u00fdch teras. Na severu se v zalesn\u011bn\u00e9m are\u00e1lu rozkl\u00e1daj\u00ed pal\u00e1ce Sa&#039;dabad a Niavaran, kdysi letn\u00ed rezidence dynastie Pahlav\u00ed. Mramorem oblo\u017een\u00fd pal\u00e1c Marmar se m\u016f\u017ee pochlubit evropsk\u00fdm n\u00e1bytkem a \u00fachvatn\u00fdmi v\u00fdhledy. Tyto pam\u00e1tky spole\u010dn\u011b mapuj\u00ed cestu od kr\u00e1lovsk\u00e9 elegance 18. stolet\u00ed k modernismu poloviny 20. stolet\u00ed.<\/p>\n\n\n\n<p>Teher\u00e1nsk\u00e1 muzejn\u00ed sc\u00e9na zahrnuje epoch a m\u00e9dia. N\u00e1rodn\u00ed muzeum uchov\u00e1v\u00e1 archeologick\u00e9 n\u00e1lezy od M\u00e9d\u016f po S\u00e1s\u00e1novce. Nedaleko se nach\u00e1z\u00ed Muzeum koberc\u016f, kter\u00e9 vystavuje mistrovsk\u00e1 d\u00edla persk\u00e9ho tkan\u00ed, zat\u00edmco Muzeum Abgineh se zam\u011b\u0159uje na um\u011bn\u00ed skla a keramiky. Muzeum kina, kter\u00e9 se nach\u00e1z\u00ed v zahrad\u011b Ferdows, oslavuje historii \u00edr\u00e1nsk\u00e9 kinematografie. Muzeum sou\u010dasn\u00e9ho um\u011bn\u00ed se py\u0161n\u00ed nejlep\u0161\u00ed modern\u00ed sb\u00edrkou v zemi \u2013 Van Gogh, Picasso a Warhol se setk\u00e1vaj\u00ed s pr\u016fkopnick\u00fdmi \u00edr\u00e1nsk\u00fdmi um\u011blci. N\u00e1rodn\u00ed muzeum \u0161perk\u016f chr\u00e1n\u00ed jednu z nejv\u011bt\u0161\u00edch sb\u00edrek korunova\u010dn\u00edch klenot\u016f na sv\u011bt\u011b.<\/p>\n\n\n\n<p>Teher\u00e1nsk\u00fd mezin\u00e1rodn\u00ed kni\u017en\u00ed veletrh ka\u017ed\u00e9 jaro l\u00e1k\u00e1 do v\u00fdstavn\u00edch s\u00edn\u00ed Shahr Aftab vydavatele, v\u011bdce a \u010dten\u00e1\u0159e. Po cel\u00fd rok se zde konaj\u00ed veletrhy a festivaly, od automobilov\u00fdch veletrh\u016f a\u017e po \u0159emesln\u00e9 trhy, kter\u00e9 prezentuj\u00ed jak kulturn\u00ed d\u011bdictv\u00ed, tak i nov\u011b vznikaj\u00edc\u00ed kreativitu.<\/p>\n\n\n\n<p>Metropole je poseta v\u00edce ne\u017e 2 100 parky, kter\u00e9 pokr\u00fdvaj\u00ed p\u0159es 12 600 hektar\u016f \u2013 20 procent rozlohy Teher\u00e1nu. Park D\u017eam\u0161\u00edd\u00ed, kdysi panstv\u00ed kad\u017earsk\u00e9ho prince, se za c\u00edsa\u0159ovny Far\u00e1h Pahlav\u00ed stal ve\u0159ejn\u00fdm h\u00e1jem. Pta\u010d\u00ed zahrada, nejv\u011bt\u0161\u00ed \u00edr\u00e1nsk\u00e1 voli\u00e9ra, host\u00ed des\u00edtky druh\u016f, zat\u00edmco m\u011bstsk\u00e1 zoo ukr\u00fdv\u00e1 asi 290 obratlovc\u016f. Park Ab-o-Ata\u0161 (\u201eVoda a ohe\u0148\u201c) pot\u011b\u0161\u00ed d\u011bti font\u00e1nami a po\u017e\u00e1rn\u00edmi v\u011b\u017eemi or\u00e1movan\u00fdmi venkovn\u00edm amfite\u00e1trem.<\/p>\n\n\n\n<p>Teher\u00e1n, ekonomick\u00e9 srdce \u00cdr\u00e1nu, zam\u011bstn\u00e1v\u00e1 30 procent pracovn\u00ed s\u00edly ve ve\u0159ejn\u00e9m sektoru a t\u00e9m\u011b\u0159 polovinu hlavn\u00edch pr\u016fmyslov\u00fdch firem v zemi. Tov\u00e1rny vyr\u00e1b\u011bj\u00ed automobily, elektroniku, textil, cukr, cement a chemik\u00e1lie; obchodn\u00ed \u010dtvrti lemuj\u00ed prodejny koberc\u016f a n\u00e1bytku. V m\u011bstsk\u00fdch hranic\u00edch p\u016fsob\u00ed ropn\u00e9 rafinerie \u2013 Pars, Speedy a Behran. P\u0159esto\u017ee sankce omezuj\u00ed mnoho zahrani\u010dn\u00edch firem, teher\u00e1nsk\u00e1 burza cenn\u00fdch pap\u00edr\u016f z\u016fst\u00e1v\u00e1 mezi glob\u00e1ln\u00edmi burzami p\u0159edn\u00edm hr\u00e1\u010dem, co\u017e odr\u00e1\u017e\u00ed jak volatilitu, tak i p\u0159\u00edle\u017eitosti.<\/p>\n\n\n\n<p>Navzdory ofici\u00e1ln\u00edm pl\u00e1n\u016fm na p\u0159em\u00edst\u011bn\u00ed hlavn\u00edho m\u011bsta \u2013 kv\u016fli seismick\u00e9mu riziku a zne\u010di\u0161t\u011bn\u00ed ovzdu\u0161\u00ed \u2013 si Teher\u00e1n tvrdohlav\u011b zachov\u00e1v\u00e1 centr\u00e1ln\u00ed postaven\u00ed. Jeho hlavn\u00ed silnice byly postaveny pro 300 000 vozidel; dnes ulice zahlcuje p\u0159es p\u011bt milion\u016f aut. Autobusy jezd\u00ed od 20. let 20. stolet\u00ed a syst\u00e9m rychl\u00e9 autobusov\u00e9 dopravy (Bus Rapid Transit), slavnostn\u011b spu\u0161t\u011bn\u00fd v roce 2008, nyn\u00ed p\u0159eprav\u00ed denn\u011b 1,8 milionu cestuj\u00edc\u00edch na deseti link\u00e1ch a 215 stanic\u00edch. Trolejbusy, poprv\u00e9 zaveden\u00e9 v roce 1992, byly zakonzervov\u00e1ny kolem roku 2013, ale v roce 2016 byly obnoveny na jedin\u00e9 1,8kilometrov\u00e9 trase s repasovan\u00fdmi vozy \u0160koda.<\/p>\n\n\n\n<p>Prvn\u00ed dv\u011b linky teher\u00e1nsk\u00e9ho metra byly otev\u0159eny v roce 2001; do roku 2025 bude pod m\u011bstem v\u00e9st osm linek, kter\u00e9 propoj\u00ed p\u0159edm\u011bst\u00ed s centrem. Nad zem\u00ed jezd\u00ed v ka\u017ed\u00e9 \u010dtvrti p\u0159es 200 000 tax\u00edk\u016f, p\u0159i\u010dem\u017e leti\u0161tn\u00ed taxi maj\u00ed vy\u0161\u0161\u00ed ceny. Leti\u0161t\u011b Mehrabad odbavuje vnitrost\u00e1tn\u00ed i charterov\u00e9 lety; mezin\u00e1rodn\u00ed leti\u0161t\u011b Im\u00e1ma Chomejn\u00edho, 50 kilometr\u016f ji\u017en\u011b, je vstupn\u00ed branou pro glob\u00e1ln\u00ed leteckou dopravu. Hlavn\u00ed vlakov\u00e9 n\u00e1dra\u017e\u00ed odes\u00edl\u00e1 vlaky po cel\u00e9 zemi a spojuje je s Evropou legend\u00e1rn\u00edm rychl\u00edkem Teher\u00e1n\u2013Evropa.<\/p>\n\n\n\n<p>Kvalita ovzdu\u0161\u00ed je ji\u017e dlouho znepokojiv\u00fdm probl\u00e9mem. Geografick\u00e1 topografie p\u0159ipom\u00ednaj\u00edc\u00ed m\u00edsu, rychl\u00e1 motorizace a pr\u016fmyslov\u00e9 emise se spol\u010dily, \u017ee zachycuj\u00ed smog, co\u017e vedlo k debat\u00e1m o p\u0159esunu vl\u00e1dn\u00edho s\u00eddla jinam. Odolnost m\u011bsta je v\u0161ak z\u0159ejm\u00e1: nov\u00e9 zelen\u00e9 p\u00e1sy, p\u0159\u00edsn\u011bj\u0161\u00ed stavebn\u00ed p\u0159edpisy a roz\u0161\u00ed\u0159en\u00e1 ve\u0159ejn\u00e1 doprava se sna\u017e\u00ed zm\u00edrnit dopravn\u00ed z\u00e1cpy a zne\u010di\u0161t\u011bn\u00ed.<\/p>\n\n\n\n<p>Dal\u0161\u00edm nebezpe\u010d\u00edm jsou zem\u011bt\u0159esen\u00ed. Navzdory \u010dast\u00fdm ot\u0159es\u016fm Teher\u00e1n od roku 1830 nezas\u00e1hlo \u017e\u00e1dn\u00e9 velk\u00e9 zem\u011bt\u0159esen\u00ed. Modern\u00ed v\u00fd\u0161kov\u00e9 stavby nyn\u00ed zahrnuj\u00ed vyztu\u017een\u00e9 r\u00e1my a seizmick\u00e9 tlumi\u010de; p\u0159esto spojen\u00ed stalet\u00fdch staveb a ty\u010d\u00edc\u00edch se v\u011b\u017e\u00ed podtrhuje jak ambice m\u011bsta, tak jeho zranitelnost.<\/p>\n\n\n\n<p>Teher\u00e1n se br\u00e1n\u00ed jednoduch\u00fdm popis\u016fm. M\u016f\u017ee p\u016fsobit ohromuj\u00edc\u00edm dojmem \u2013 v hust\u00e9 doprav\u011b troub\u00ed klaksony a v\u011b\u017ee ty\u010d\u00edc\u00ed se do nebes blokuj\u00ed horsk\u00fd v\u00e1nek \u2013 ale klidn\u00e1 m\u00edsta p\u0159etrv\u00e1vaj\u00ed. V listnat\u00fdch uli\u010dk\u00e1ch \u0161um\u00ed pod platany font\u00e1ny; v kav\u00e1rn\u00e1ch na severu studenti debatuj\u00ed o budoucnosti; v historick\u00fdch me\u0161it\u00e1ch se pod vitr\u00e1\u017eov\u00fdmi okny t\u0159pyt\u00ed le\u0161t\u011bn\u00fd mramor. Star\u00e9 i nov\u00e9 festivaly \u2013 Nowruz, Chaharshanbe Suri, Yald\u00e1, dokonce i Halloween \u2013 spojuj\u00ed sousedstv\u00ed ve vzpom\u00ednk\u00e1ch a vesel\u00ed.<\/p>\n\n\n\n<p>Teher\u00e1n, dalece od monolitick\u00e9ho hlavn\u00edho m\u011bsta, je mozaikou vzpom\u00ednek a tu\u017eeb. Jeho ulice nesou stopy dobyvatel\u016f a revolucion\u00e1\u0159\u016f, b\u00e1sn\u00edk\u016f a in\u017een\u00fdr\u016f. Ka\u017ed\u00fd k\u00e1men a v\u011b\u017e zde vypr\u00e1v\u00ed p\u0159\u00edb\u011bh o vytrvalosti, adaptaci a neust\u00e1l\u00e9m hukotu \u017eivota. Ve sv\u00fdch rozporech \u2013 starov\u011bk\u00e9m a modern\u00edm, zelen\u00e9m a \u0161ed\u00e9m, p\u0159epln\u011bn\u00e9m a klidn\u00e9m \u2013 Teher\u00e1n odhaluje jak sv\u00e1 b\u0159emena, tak i sv\u016fj neutuchaj\u00edc\u00ed puls.<\/p>","protected":false},"excerpt":{"rendered":"<p>Teher\u00e1n, hlavn\u00ed a nejv\u011bt\u0161\u00ed m\u011bsto \u00cdr\u00e1nu, je pulzuj\u00edc\u00ed metropol\u00ed s v\u00edce ne\u017e 9,4 miliony obyvatel uvnit\u0159 m\u011bstsk\u00fdch hranic a p\u0159ibli\u017en\u011b 16,8 miliony v \u0161ir\u0161\u00ed metropolitn\u00ed oblasti. Teher\u00e1n je nejlidnat\u011bj\u0161\u00ed m\u011bsto v \u00cdr\u00e1nu i z\u00e1padn\u00ed Asii. Jedn\u00e1 se o druh\u00fd nejv\u011bt\u0161\u00ed metropolitn\u00ed region na St\u0159edn\u00edm v\u00fdchod\u011b, p\u0159evy\u0161uje ho pouze K\u00e1hira, a je 24. nejlidnat\u011bj\u0161\u00ed metropolitn\u00ed oblast\u00ed na sv\u011bt\u011b. Rozs\u00e1hl\u00e1 jurisdikce m\u011bsta zahrnuje dal\u0161\u00ed obce, v\u010detn\u011b Nov\u00e9ho M\u011bsta Andisheh, Islam Shahr, Qods, Shahryar, Pakdasht a Shamiran, kter\u00e9 spole\u010dn\u011b tvo\u0159\u00ed oblast Velk\u00e9ho Teher\u00e1nu.<\/p>","protected":false},"author":1,"featured_media":3136,"parent":14947,"menu_order":0,"comment_status":"closed","ping_status":"closed","template":"elementor_theme","meta":{"_eb_attr":"","footnotes":""},"class_list":["post-14970","page","type-page","status-publish","has-post-thumbnail"],"_links":{"self":[{"href":"https:\/\/travelshelper.com\/cs\/wp-json\/wp\/v2\/pages\/14970","targetHints":{"allow":["GET"]}}],"collection":[{"href":"https:\/\/travelshelper.com\/cs\/wp-json\/wp\/v2\/pages"}],"about":[{"href":"https:\/\/travelshelper.com\/cs\/wp-json\/wp\/v2\/types\/page"}],"author":[{"embeddable":true,"href":"https:\/\/travelshelper.com\/cs\/wp-json\/wp\/v2\/users\/1"}],"replies":[{"embeddable":true,"href":"https:\/\/travelshelper.com\/cs\/wp-json\/wp\/v2\/comments?post=14970"}],"version-history":[{"count":0,"href":"https:\/\/travelshelper.com\/cs\/wp-json\/wp\/v2\/pages\/14970\/revisions"}],"up":[{"embeddable":true,"href":"https:\/\/travelshelper.com\/cs\/wp-json\/wp\/v2\/pages\/14947"}],"wp:featuredmedia":[{"embeddable":true,"href":"https:\/\/travelshelper.com\/cs\/wp-json\/wp\/v2\/media\/3136"}],"wp:attachment":[{"href":"https:\/\/travelshelper.com\/cs\/wp-json\/wp\/v2\/media?parent=14970"}],"curies":[{"name":"wp","href":"https:\/\/api.w.org\/{rel}","templated":true}]}}