{"id":14938,"date":"2024-09-20T12:42:58","date_gmt":"2024-09-20T12:42:58","guid":{"rendered":"https:\/\/travelshelper.com\/staging\/?page_id=14938"},"modified":"2026-03-11T18:19:34","modified_gmt":"2026-03-11T18:19:34","slug":"almaty","status":"publish","type":"page","link":"https:\/\/travelshelper.com\/cs\/destinations\/asia\/kazakhstan\/almaty\/","title":{"rendered":"Almaty"},"content":{"rendered":"<p>Almaty se rozkl\u00e1d\u00e1 na rozlehl\u00e9 rovin\u011b na \u00fapat\u00ed Zailijsk\u00e9ho Alatau. Jej\u00ed s\u00ed\u0165 \u0161irok\u00fdch bulv\u00e1r\u016f a stromy lemovan\u00fdch alej\u00ed se t\u00e1hne od zhruba 700 metr\u016f nad mo\u0159em na severn\u00edm okraji m\u011bsta a\u017e po t\u00e9m\u011b\u0159 900 metr\u016f, kdy\u017e se t\u00edsn\u00ed k horsk\u00fdm svah\u016fm. Z vrchol\u016f pramen\u00ed dva potoky, Velk\u00e1 a Mal\u00e1 Almaty, jejich\u017e koryta rozd\u011bluj\u00ed m\u011bsto, ne\u017e se rozl\u00e9vaj\u00ed do step\u00ed. S v\u00edce ne\u017e dv\u011bma miliony obyvatel ve sv\u00e9 metropolitn\u00ed oblasti se Almaty \u0159ad\u00ed mezi druh\u00e9 nejv\u011bt\u0161\u00ed m\u011bsto ve St\u0159edn\u00ed Asii a \u010dtvrt\u00e9 v r\u00e1mci Spole\u010denstv\u00ed nez\u00e1visl\u00fdch st\u00e1t\u016f.<\/p>\n\n\n\n<p>Osada, zalo\u017een\u00e1 v roce 1854 jako rusk\u00e1 vojensk\u00e1 z\u00e1kladna na lev\u00e9m b\u0159ehu \u0159eky Almaty, z\u00edskala n\u00e1zev Vernyj, ne\u017e p\u0159ijala sov\u011btsk\u00e9 ozna\u010den\u00ed Alma-Ata. \u010cast\u00e1 zem\u011bt\u0159esen\u00ed ovlivnila ran\u00fd rozvoj m\u011bst: zem\u011bt\u0159esen\u00ed v roce 1887 zni\u010dilo t\u00e9m\u011b\u0159 osmn\u00e1ct set cihlov\u00fdch dom\u016f a vy\u017e\u00e1dalo si p\u0159es t\u0159i sta \u017eivot\u016f. P\u0159i sv\u00e9 rekonstrukci m\u011bsto p\u0159ijalo formy rusk\u00e9ho obrozeneck\u00e9ho stylu pod veden\u00edm architekt\u016f, jako byl Paul Gourdet, jeho\u017e n\u00e1vrhy na m\u011b\u0161\u0165ansk\u00e9 \u0161koly a obchodn\u00ed rezidence kombinovaly zdoben\u00e9 detaily s m\u00edstn\u00edm d\u0159evem. D\u0159ev\u011bn\u00e1 katedr\u00e1la od Andreje Zenkova, postaven\u00e1 v roce 1907 ze smrku z Tien-\u0161anu, odolala n\u00e1sledn\u00e9mu ot\u0159esu o intenzit\u011b deset stup\u0148\u016f a dnes stoj\u00ed zrestaurovan\u00e1 jako jedna z nejvy\u0161\u0161\u00edch d\u0159ev\u011bn\u00fdch staveb na sv\u011bt\u011b.<\/p>\n\n\n\n<p>B\u011bhem druh\u00e9 sv\u011btov\u00e9 v\u00e1lky se sem mimo dosah fronty p\u0159esunuly pr\u016fmyslov\u00e9 podniky a instituce, co\u017e p\u0159ineslo univerzity, nemocnice a multikulturn\u00ed pracovn\u00ed s\u00edlu, mezi kterou pat\u0159ili Slovan\u00e9, Ujguri a Korejci. M\u011bsto slou\u017eilo od roku 1929 jako hlavn\u00ed m\u011bsto Kaza\u0161sk\u00e9 sov\u011btsk\u00e9 socialistick\u00e9 republiky a kr\u00e1tce jako hlavn\u00ed m\u011bsto nez\u00e1visl\u00e9ho Kazachst\u00e1nu a\u017e do roku 1997, kdy vl\u00e1da p\u0159esunula s\u00eddlo na sever do Akmoly (dne\u0161n\u00ed Astana). Navzdory tomu, \u017ee se tohoto statusu vzdala, si Almaty zachov\u00e1v\u00e1 autonomii jako \u201em\u011bsto republik\u00e1nsk\u00e9ho v\u00fdznamu\u201c a ve sv\u00fdch hranic\u00edch m\u00e1 osm spr\u00e1vn\u00edch obvod\u016f.<\/p>\n\n\n\n<p>Na ekonomick\u00e9 \u00farovni generuje Almaty zhruba p\u011btinu HDP Kazachst\u00e1nu a s\u00eddl\u00ed zde nejv\u011bt\u0161\u00ed finan\u010dn\u00ed instituce v zemi \u2013 Halyk Bank, Kaspi Bank \u2013 a Kaza\u0161sk\u00e1 burza cenn\u00fdch pap\u00edr\u016f. Firemn\u00ed v\u011b\u017ee sd\u00edlej\u00ed panorama m\u011bsta se zbytky sov\u011btsk\u00e9ho modernismu: hotelem Kazachst\u00e1n z roku 1977 a Pal\u00e1cem republiky, dokon\u010den\u00fdm v roce 1970. Ned\u00e1vn\u00fd projekt, finan\u010dn\u00ed \u010dtvr\u0165 Almaty a park Esentai, seskup\u00ed v\u00fd\u0161kov\u00e9 kancel\u00e1\u0159e a prvn\u00ed hotel Ritz-Carlton v zemi v multifunk\u010dn\u00ed v\u011b\u017ei o t\u0159iceti sedmi patrech, kterou navrhl t\u00fdm stoj\u00edc\u00ed za newyorsk\u00fdm Sv\u011btov\u00fdm obchodn\u00edm centrem \u010d\u00edslo 7.<\/p>\n\n\n\n<p>M\u011bstsk\u00e1 doprava zahrnuje almatyjsk\u00e9 metro, slavnostn\u011b otev\u0159en\u00e9 v roce 2011, spolu s rozs\u00e1hlou s\u00edt\u00ed autobus\u016f, trolejbus\u016f a region\u00e1ln\u00ed \u017eeleznice na stanici Almaty-2. Mezin\u00e1rodn\u00ed leti\u0161t\u011b v Almaty, patn\u00e1ct kilometr\u016f severov\u00fdchodn\u011b od centra, odbav\u00ed ro\u010dn\u011b p\u0159es dev\u011bt milion\u016f cestuj\u00edc\u00edch a spojuje m\u011bsto s destinacemi v Evrop\u011b, Asii i mimo ni. Dom\u00e1c\u00ed dopravci spojuj\u00ed v\u0161echna region\u00e1ln\u00ed hlavn\u00ed m\u011bsta a zde m\u00e1 s\u00eddlo spole\u010dnost Air Astana. Od roku 2016 funguje syst\u00e9m sd\u00edlen\u00ed j\u00edzdn\u00edch kol Almaty-bike a mezim\u011bstsk\u00e9 autobusov\u00e9 termin\u00e1ly obsluhuj\u00ed trasy do Kyrgyzst\u00e1nu a \u010c\u00edny.<\/p>\n\n\n\n<p>Kulturn\u00ed \u017eivot v Almaty pramen\u00ed z jeho polohy na Hedv\u00e1bn\u00e9 stezce a p\u0159\u00edtomnosti rusk\u00fdch intelektu\u00e1l\u016f, kte\u0159\u00ed sem byli v devaten\u00e1ct\u00e9m stolet\u00ed vyhn\u00e1ni. Kaza\u0161sk\u00e9 st\u00e1tn\u00ed divadlo opery a baletu Abaj, zalo\u017een\u00e9 v roce 1934, ukotvuje divadeln\u00ed sc\u00e9nu vedle Auezovova rusk\u00e9ho \u010dinohern\u00edho divadla, anglicky mluv\u00edc\u00edho KELTu v r\u00e1mci Univerzity KIMEP a experiment\u00e1ln\u00edho Artishocku. Muzea se shlukuj\u00ed kolem Zenkovovy katedr\u00e1ly v Parku 28 panfilovsk\u00fdch gardist\u016f \u2013 pocty p\u011bchotn\u00edm hrdin\u016fm, kte\u0159\u00ed zdr\u017eeli n\u011bmeck\u00fd postup na Moskvu. \u00dast\u0159edn\u00ed st\u00e1tn\u00ed muzeum zde mapuje kaza\u0161sk\u00e9 d\u011bjiny od prehistorick\u00fdch nom\u00e1d\u016f a\u017e po sou\u010dasn\u00fd m\u011bstsk\u00fd \u017eivot; Kastejevovo st\u00e1tn\u00ed muzeum um\u011bn\u00ed uchov\u00e1v\u00e1 d\u00edla kaza\u0161sk\u00fdch mistr\u016f spolu s evropsk\u00fdmi obrazy darovan\u00fdmi Moskvou a Leningradem; a \u0159ada specializovan\u00fdch sb\u00edrek zkoum\u00e1 hudebn\u00ed n\u00e1stroje, vojenskou historii, \u017eeleznice a v\u00fdznamn\u00e9 m\u00edstn\u00ed osobnosti, jako je dramatik Muchtar Auezov nebo skladatel Nurgisa Tlendijev.<\/p>\n\n\n\n<p>Zelen\u00e9 plochy definuj\u00ed velkou \u010d\u00e1st m\u011bstsk\u00e9ho z\u00e1\u017eitku. V l\u00e9t\u011b tryskaj\u00ed pod\u00e9l p\u011b\u0161\u00edch promen\u00e1d font\u00e1ny, jejich\u017e zavla\u017eovac\u00ed s\u00ed\u0165 je napojena na horsk\u00fd odtok. Ka\u017ed\u00e9 jaro m\u011bsto slav\u00ed \u201eDen font\u00e1n\u201c, kdy se po zimn\u00edm klidu obnov\u00ed provoz v\u00edce ne\u017e sto vodn\u00edch prvk\u016f. M\u011bstsk\u00e9 parky \u2013 Park prvn\u00edho prezidenta s dendrologick\u00fdmi sb\u00edrkami, Panfilov\u016fv park pod Zenkovovou katedr\u00e1lou \u2013 poskytuj\u00ed stinn\u00e9 aleje a slavnostn\u00ed pam\u00e1tn\u00edky. Na okraji m\u011bsta za\u010d\u00edn\u00e1 v zalesn\u011bn\u00e9m podh\u016f\u0159\u00ed N\u00e1rodn\u00ed park Ile-Alatau a nab\u00edz\u00ed stezky stoupaj\u00edc\u00ed k alpsk\u00fdm louk\u00e1m.<\/p>\n\n\n\n<p>Almaty funguje jako centrum zimn\u00edch sport\u016f. Medeu, venkovn\u00ed kluzi\u0161t\u011b le\u017e\u00edc\u00ed v nadmo\u0159sk\u00e9 v\u00fd\u0161ce 1 691 metr\u016f, si vyslou\u017eilo p\u0159ezd\u00edvku \u201etov\u00e1rna na rekordy\u201c pot\u00e9, co sportovci na pe\u010dliv\u011b udr\u017eovan\u00e9m ledu v \u0159\u00eddk\u00e9m horsk\u00e9m vzduchu vytvo\u0159ili p\u0159es sto sv\u011btov\u00fdch rekord\u016f. Je\u0161t\u011b v\u00fd\u0161e se od listopadu do kv\u011btna otev\u00edr\u00e1 ly\u017ea\u0159sk\u00e9 st\u0159edisko \u0160ymbulak v nadmo\u0159sk\u00e9 v\u00fd\u0161ce 2 200 metr\u016f, kter\u00e9 nab\u00edz\u00ed ve\u010dern\u00ed ly\u017eov\u00e1n\u00ed na nejv\u00fd\u0161e polo\u017een\u00fdch osv\u011btlen\u00fdch sjezdovk\u00e1ch sv\u011bta. Velk\u00e9 Almatyjsk\u00e9 jezero v nadmo\u0159sk\u00e9 v\u00fd\u0161ce 2 511 metr\u016f le\u017e\u00ed patn\u00e1ct kilometr\u016f po silnici; jeho tyrkysov\u00e1 hladina odr\u00e1\u017e\u00ed vrcholy p\u0159esahuj\u00edc\u00ed \u010dty\u0159i tis\u00edce metr\u016f a slou\u017e\u00ed jako kl\u00ed\u010dov\u00e1 z\u00e1sob\u00e1rna pitn\u00e9 vody.<\/p>\n\n\n\n<p>Klima zaznamen\u00e1v\u00e1 \u0161irok\u00e9 extr\u00e9my. L\u00e9to p\u0159in\u00e1\u0161\u00ed pr\u016fm\u011brn\u00e9 \u010dervencov\u00e9 maxima 23,8 \u00b0C, zat\u00edmco lednov\u00e9 minima dosahuj\u00ed pr\u016fm\u011brn\u00e9 teploty -4,7 \u00b0C. Mrazy obvykle za\u010d\u00ednaj\u00ed v polovin\u011b \u0159\u00edjna a jarn\u00edm v\u011btr\u016fm p\u0159ech\u00e1zej\u00ed kolem poloviny dubna. Zbytkov\u00fd sn\u00edh v\u0161ak m\u016f\u017ee padat a\u017e do kv\u011btna \u2013 v roce 1987 a\u017e do 17. \u010dervna \u2013 a centrum m\u011bsta, chr\u00e1n\u011bn\u00e9 tepeln\u00fdm ostrovem, zpo\u017e\u010fuje n\u00e1stup mraz\u016f p\u0159ibli\u017en\u011b o t\u00fdden ve srovn\u00e1n\u00ed se severn\u00edmi p\u0159edm\u011bst\u00edmi. Ro\u010dn\u00ed \u00fahrn sr\u00e1\u017eek \u010din\u00ed 650\u2013700 mm, p\u0159i\u010dem\u017e v\u00edce ne\u017e t\u0159etina sr\u00e1\u017eek p\u0159ipad\u00e1 na duben a kv\u011bten. V\u00edtr nej\u010dast\u011bji fouk\u00e1 z jihov\u00fdchodu a dosahuje rychlosti nad 15 m\/s p\u0159ibli\u017en\u011b tucet dn\u00ed v roce.<\/p>\n\n\n\n<p>Pam\u00e1tky p\u0159edstavuj\u00ed p\u0159ehled vrstev Almaty. Katedr\u00e1la Nanebevstoupen\u00ed P\u00e1n\u011b s jasnou fas\u00e1dou v odst\u00ednech kr\u00e9mu a mou\u010dkov\u00e9ho cukru p\u0159e\u017eila prvn\u00ed zem\u011bt\u0159esen\u00ed a v roce 1997 se zde obnovily pravoslavn\u00e9 bohoslu\u017eby. Nedaleko stoj\u00ed elegantn\u00ed katedr\u00e1la svat\u00e9ho Mikul\u00e1\u0161e, Centr\u00e1ln\u00ed me\u0161ita s mramorov\u00fdm interi\u00e9rem a obnoven\u00e1 katedr\u00e1la Sofie v b\u00fdval\u00e9m kl\u00e1\u0161tern\u00edm are\u00e1lu. Lanovka spojuje m\u011bsto s kopcem K\u00f6k T\u00f6be, kde se vedle televizn\u00ed v\u011b\u017ee ty\u010d\u00edc\u00ed se do v\u00fd\u0161ky 371,5 metr\u016f nach\u00e1z\u00ed lunapark a restaurace \u2013 ocelov\u00e1 konstrukce navr\u017een\u00e1 pro seismickou odolnost, kter\u00e1 je v noci viditeln\u00e1 pod reflektory.<\/p>\n\n\n\n<p>Kalend\u00e1\u0159 je pln\u00fd festival\u016f a akc\u00ed. Nauryz Myrami, oslavovan\u00fd kolem 21. b\u0159ezna, p\u0159ipom\u00edn\u00e1 jarn\u00ed rovnodennost rodinn\u00fdmi j\u00eddly a pouli\u010dn\u00edmi slavnostmi. Ka\u017ed\u00fd z\u00e1\u0159\u00ed se kon\u00e1 Almata Marathon a festival nez\u00e1visl\u00e9ho filmu. V zim\u011b se v \u00fadol\u00ed Medeu konaly Asijsk\u00e9 zimn\u00ed hry v roce 2011 a Zimn\u00ed univerzi\u00e1da v roce 2017; m\u011bsto se tak\u00e9 uch\u00e1zelo o po\u0159\u00e1d\u00e1n\u00ed zimn\u00edch olympijsk\u00fdch her v roce 2022, co\u017e zd\u016fraznilo jeho vhodnost pro mezin\u00e1rodn\u00ed sout\u011b\u017ee. V oblasti ve\u0159ejn\u00e9ho zdrav\u00ed formovala glob\u00e1ln\u00ed politiku v oblasti komunitn\u00ed medic\u00edny Konference o prim\u00e1rn\u00ed zdravotn\u00ed p\u00e9\u010di v Alma-At\u011b v roce 1978.<\/p>\n\n\n\n<p>Vzd\u011bl\u00e1v\u00e1n\u00ed, kter\u00e9 je dlouho sou\u010d\u00e1st\u00ed identity m\u011bsta, se soust\u0159e\u010fuje na Kaza\u0161skou n\u00e1rodn\u00ed univerzitu Al-Farabi a instituce, jako je Kaza\u0161sko-britsk\u00e1 technick\u00e1 univerzita, Mezin\u00e1rodn\u00ed univerzita informa\u010dn\u00edch technologi\u00ed a Univerzita Narxoz. Ty p\u0159itahuj\u00ed studenty z cel\u00e9 St\u0159edn\u00ed Asie.<\/p>\n\n\n\n<p>Kultura Almaty sah\u00e1 a\u017e do jej\u00ed p\u016fdy. V okoln\u00edch podh\u016f\u0159\u00edch rostou plan\u00e9 jablon\u011b (Malus sieversii), genetick\u00e9 p\u0159edky modern\u00edch odr\u016fd. Toto p\u016fvodn\u00ed ovoce prop\u016fj\u010dilo m\u011bstu jm\u00e9no \u2013 alma znamen\u00e1 jablko \u2013 a evokuje krajinu, kde ko\u010dovn\u00ed pastevci kdysi p\u00e1sli st\u00e1da pod lesy poset\u00fdmi jablon\u011bmi. Dnes \u201eJi\u017en\u00ed hlavn\u00ed m\u011bsto\u201c m\u00eds\u00ed sov\u011btsk\u00e9 d\u011bdictv\u00ed, glob\u00e1ln\u00ed finance a nov\u011b vznikaj\u00edc\u00ed inovace, jeho v\u00fd\u0161kov\u00e9 budovy soused\u00ed se zelen\u00fdmi parky a horsk\u00e9 stezky se nach\u00e1zej\u00ed hned za hranic\u00ed m\u011bsta. B\u011bhem v\u00edce ne\u017e stolet\u00ed a p\u016fl se Almaty stala jak spojnic\u00ed s minulost\u00ed Kazachst\u00e1nu, tak i platformou pro jeho vyv\u00edjej\u00edc\u00ed se budoucnost.<\/p>","protected":false},"excerpt":{"rendered":"<p>Almaty, nejlidnat\u011bj\u0161\u00ed m\u011bsto Kazachst\u00e1nu, je domovem v\u00edce ne\u017e dvou milion\u016f obyvatel. Toto m\u011bsto, uhn\u00edzd\u011bn\u00e9 na \u00fapat\u00ed poho\u0159\u00ed Trans-Ili Alatau ve v\u00fd\u0161ce od 700 do 900 metr\u016f nad mo\u0159em, bylo z\u00e1sadn\u00ed pro utv\u00e1\u0159en\u00ed charakteru Kazachst\u00e1nu jako jeho p\u0159edchoz\u00ed hlavn\u00ed m\u011bsto i jako jeho pokra\u010duj\u00edc\u00ed kulturn\u00ed a obchodn\u00ed velmoc.<\/p>","protected":false},"author":1,"featured_media":4130,"parent":14923,"menu_order":0,"comment_status":"closed","ping_status":"closed","template":"elementor_theme","meta":{"_eb_attr":"","footnotes":""},"class_list":["post-14938","page","type-page","status-publish","has-post-thumbnail"],"_links":{"self":[{"href":"https:\/\/travelshelper.com\/cs\/wp-json\/wp\/v2\/pages\/14938","targetHints":{"allow":["GET"]}}],"collection":[{"href":"https:\/\/travelshelper.com\/cs\/wp-json\/wp\/v2\/pages"}],"about":[{"href":"https:\/\/travelshelper.com\/cs\/wp-json\/wp\/v2\/types\/page"}],"author":[{"embeddable":true,"href":"https:\/\/travelshelper.com\/cs\/wp-json\/wp\/v2\/users\/1"}],"replies":[{"embeddable":true,"href":"https:\/\/travelshelper.com\/cs\/wp-json\/wp\/v2\/comments?post=14938"}],"version-history":[{"count":0,"href":"https:\/\/travelshelper.com\/cs\/wp-json\/wp\/v2\/pages\/14938\/revisions"}],"up":[{"embeddable":true,"href":"https:\/\/travelshelper.com\/cs\/wp-json\/wp\/v2\/pages\/14923"}],"wp:featuredmedia":[{"embeddable":true,"href":"https:\/\/travelshelper.com\/cs\/wp-json\/wp\/v2\/media\/4130"}],"wp:attachment":[{"href":"https:\/\/travelshelper.com\/cs\/wp-json\/wp\/v2\/media?parent=14938"}],"curies":[{"name":"wp","href":"https:\/\/api.w.org\/{rel}","templated":true}]}}