{"id":14923,"date":"2024-09-20T12:26:13","date_gmt":"2024-09-20T12:26:13","guid":{"rendered":"https:\/\/travelshelper.com\/staging\/?page_id=14923"},"modified":"2026-03-11T18:20:22","modified_gmt":"2026-03-11T18:20:22","slug":"kazachstan","status":"publish","type":"page","link":"https:\/\/travelshelper.com\/cs\/destinations\/asia\/kazakhstan\/","title":{"rendered":"Kazachst\u00e1n"},"content":{"rendered":"<p>Kazachst\u00e1n se rozkl\u00e1d\u00e1 na \u0161irok\u00e9m prostranstv\u00ed s otev\u0159enou oblohou a prom\u011bnliv\u00fdm ter\u00e9nem. Je to n\u00e1rod, jeho\u017e obrysy kop\u00edruj\u00ed jak starov\u011bk\u00e9 cesty, tak modern\u00ed ambice. Jeho hranice se prot\u00ednaj\u00ed s p\u011bti sousedy \u2013 Ruskem na severu a z\u00e1pad\u011b, \u010c\u00ednou na v\u00fdchod\u011b, Kyrgyzst\u00e1nem na jihov\u00fdchod\u011b, Uzbekist\u00e1nem na jihu a Turkmenist\u00e1nem na jihoz\u00e1pad\u011b \u2013 a z\u00e1padn\u00ed pob\u0159e\u017e\u00ed sd\u00edl\u00ed s Kaspick\u00fdm mo\u0159em. Astana, hlavn\u00ed m\u011bsto od roku 1997, le\u017e\u00ed uprost\u0159ed severn\u00edch pl\u00e1n\u00ed; Almaty, jeho nejv\u011bt\u0161\u00ed m\u011bsto, le\u017e\u00ed na \u00fapat\u00ed Zailijsk\u00e9ho Alatau. Tato m\u011bstsk\u00e1 centra dohromady tvo\u0159\u00ed krajinu, kter\u00e1 se t\u00e1hne od n\u00edzk\u00fdch plo\u0161in Kaspick\u00e9ho pob\u0159e\u017e\u00ed k Altajsk\u00fdm hor\u00e1m, od pl\u00e1n\u00ed Z\u00e1padn\u00ed Sibi\u0159e k pou\u0161tn\u00edm p\u00e1nv\u00edm St\u0159edn\u00ed Asie.<\/p>\n\n\n\n<p>Kazachst\u00e1n se rozkl\u00e1d\u00e1 na plo\u0161e p\u0159ibli\u017en\u011b 2,7 milionu kilometr\u016f \u010dtvere\u010dn\u00edch \u2013 co\u017e je oblast srovnateln\u00e1 se z\u00e1padn\u00ed Evropou \u2013 a \u0159ad\u00ed se na dev\u00e1t\u00e9 m\u00edsto na sv\u011bt\u011b co do rozlohy a vyzna\u010duje se t\u00edm, \u017ee je nejv\u011bt\u0161\u00ed zem\u00ed bez mo\u0159sk\u00e9ho pob\u0159e\u017e\u00ed. T\u00e9m\u011b\u0159 polovina jeho \u00fazem\u00ed le\u017e\u00ed na kopcovit\u00fdch plo\u0161in\u00e1ch a otev\u0159en\u00fdch pl\u00e1n\u00edch; dal\u0161\u00ed t\u0159etina tvo\u0159\u00ed n\u00ed\u017einy; jeho ji\u017en\u00ed a v\u00fdchodn\u00ed okraje se zvedaj\u00ed do poho\u0159\u00ed, jejich\u017e vrcholy slou\u017e\u00ed jak jako rozvod\u00ed, tak jako \u00fato\u010di\u0161t\u011b. Jen kaza\u0161sk\u00e1 step se rozkl\u00e1d\u00e1 na v\u00edce ne\u017e osmi stech tis\u00edc\u00edch kilometr\u016f \u010dtvere\u010dn\u00edch a je nejv\u011bt\u0161\u00ed suchou travn\u00ed porostou na sv\u011bt\u011b. Zde tr\u00e1vy ustupuj\u00ed p\u00edsk\u016fm, \u0159\u00ed\u010dn\u00edm rokl\u00edm a skryt\u00fdm ka\u0148on\u016fm, mezi nimi\u017e je i ka\u0148on Charyn \u2013 propast z \u010derven\u00e9ho p\u00edskovce, jej\u00ed\u017e st\u011bny se ty\u010d\u00ed a\u017e do v\u00fd\u0161ky t\u0159\u00ed set metr\u016f a ukr\u00fdvaj\u00ed reliktn\u00ed druh jasanu izolovan\u00e9ho od doby ledov\u00e9.<\/p>\n\n\n\n<p>Lidsk\u00e1 p\u0159\u00edtomnost na tomto \u00fazem\u00ed sah\u00e1 a\u017e do paleolitu. B\u011bhem tis\u00edcilet\u00ed se po jeho rozloh\u00e1ch potulovaly ko\u010dovn\u00e9 \u00edr\u00e1nsk\u00e9 kmeny \u2013 Sk\u00fdtov\u00e9, Sakov\u00e9 a dal\u0161\u00ed \u2013 a zanech\u00e1valy po sob\u011b petroglyfy a mohyly. V \u0161est\u00e9m stolet\u00ed n. l. vstoupily z v\u00fdchodu turkick\u00e9 n\u00e1rody. Ve t\u0159in\u00e1ct\u00e9m stolet\u00ed mongolsk\u00e9 hordy \u010cingisch\u00e1na p\u0159ivedly stepi pod c\u00edsa\u0159skou vl\u00e1du. Jak se Zlat\u00e1 horda v n\u00e1sleduj\u00edc\u00edch stolet\u00edch rozpadala, m\u00edstn\u00ed ch\u00e1ni upevnili svou moc a do poloviny \u0161estn\u00e1ct\u00e9ho stolet\u00ed vytvo\u0159ili Kaza\u0161sk\u00fd chan\u00e1t na \u00fazem\u00edch zhruba odpov\u00eddaj\u00edc\u00edch dne\u0161n\u00ed republice. Kmenov\u00e9 rozd\u011blen\u00ed, neboli d\u017e\u00fazy, p\u0159etrv\u00e1valo; v osmn\u00e1ct\u00e9m stolet\u00ed se chan\u00e1t rozd\u011blil na t\u0159i d\u017e\u00fazy a postupn\u011b se pod\u0159izoval postupu Ruska na jih. Do poloviny devaten\u00e1ct\u00e9ho stolet\u00ed se ka\u017ed\u00e1 ko\u010dovn\u00e1 enkl\u00e1va dostala pod nomin\u00e1ln\u00ed autoritu Rusk\u00e9 \u0159\u00ed\u0161e.<\/p>\n\n\n\n<p>Ot\u0159esy na po\u010d\u00e1tku dvac\u00e1t\u00e9ho stolet\u00ed region znovu zm\u011bnily. Po revoluc\u00edch a ob\u010dansk\u00fdch nepokoj\u00edch v roce 1917 se \u00fazem\u00ed stalo Kaza\u0161skou autonomn\u00ed socialistickou sov\u011btskou republikou v r\u00e1mci Ruska. V roce 1936 se jeho status zv\u00fd\u0161il na plnohodnotnou sov\u011btskou republiku. V n\u00e1sleduj\u00edc\u00edch desetilet\u00edch sov\u011btsk\u00e1 politika zemi a jej\u00ed obyvatele p\u0159etv\u00e1\u0159ela: nucen\u00e1 sedentarizace za Stalinovy \u200b\u200bkolektivizace, kampa\u0148 Panensk\u00e9 zem\u011b v 50. a 60. letech 20. stolet\u00ed, kter\u00e1 p\u0159il\u00e1kala miliony lid\u00ed \u2013 mnoho Rus\u016f a mnoho deportovan\u00fdch men\u0161in \u2013 k obd\u011bl\u00e1v\u00e1n\u00ed severn\u00edch pastvin, a n\u00e1sledn\u00e1 rychl\u00e1 industrializace. Do vyhl\u00e1\u0161en\u00ed nez\u00e1vislosti v prosinci 1991 tvo\u0159ili Kaza\u0161i m\u00e9n\u011b ne\u017e polovinu populace; Rusov\u00e9, Ukrajinci, N\u011bmci a dal\u0161\u00ed tvo\u0159ili slo\u017eitou etnickou mozaiku.<\/p>\n\n\n\n<p>Dnes se populace bl\u00ed\u017e\u00ed dvaceti milion\u016fm obyvatel, co\u017e je jedna z nejni\u017e\u0161\u00edch hustot zalidn\u011bn\u00ed na sv\u011bt\u011b, s m\u00e9n\u011b ne\u017e \u0161esti osobami na kilometr \u010dtvere\u010dn\u00ed. Etni\u010dt\u00ed Kaza\u0161i tvo\u0159\u00ed zhruba sedmdes\u00e1t jedna procent, etni\u010dt\u00ed Rusov\u00e9 \u010dtrn\u00e1ct a p\u016fl procenta; Uzbekov\u00e9, Ukrajinci, Ujgu\u0159i, N\u011bmci a dal\u0161\u00ed tvo\u0159\u00ed men\u0161\u00ed skupiny. Republika je nomin\u00e1ln\u011b sekul\u00e1rn\u00ed, p\u0159i\u010dem\u017e asi sedmdes\u00e1t procent jej\u00edch ob\u010dan\u016f je muslim\u016f, v\u011bt\u0161ina z nich vyzn\u00e1v\u00e1 hanafijsk\u00e9 n\u00e1bo\u017eenstv\u00ed; pravoslavn\u00ed k\u0159es\u0165an\u00e9 tvo\u0159\u00ed asi sedmn\u00e1ct procent s mal\u00fdmi komunitami jin\u00fdch vyzn\u00e1n\u00ed a nev\u011b\u0159\u00edc\u00edch ob\u010dan\u016f. Kaza\u0161tina a ru\u0161tina sd\u00edlej\u00ed ofici\u00e1ln\u00ed status, p\u0159i\u010dem\u017e ru\u0161tina z\u016fst\u00e1v\u00e1 lingua franca obchodu, administrativy a mezietnick\u00e9 v\u00fdm\u011bny.<\/p>\n\n\n\n<p>Z\u00e1kladem kaza\u0161sk\u00e9 ekonomiky je bohatstv\u00ed zdroj\u016f. Jeho N\u00e1rodn\u00ed fond sm\u011bruje p\u0159\u00edjmy z ropy a plynu do n\u00e1rodn\u00edho rozvoje; zahrani\u010dn\u00ed investice od z\u00edsk\u00e1n\u00ed nez\u00e1vislosti p\u0159ekro\u010dily \u010dty\u0159icet miliard americk\u00fdch dolar\u016f, z nich\u017e velk\u00e1 \u010d\u00e1st sm\u011b\u0159ovala do t\u011b\u017eby ropy a nerostn\u00fdch surovin. Prok\u00e1zan\u00e9 z\u00e1soby \u0159ad\u00ed Kazachst\u00e1n mezi p\u0159edn\u00ed sv\u011btov\u00e9 producenty \u017eeleza, st\u0159\u00edbra, m\u011bdi a uranu; pat\u0159\u00ed tak\u00e9 mezi p\u0159edn\u00ed dr\u017eitele uhl\u00ed, chromu, manganu a zlata. Produkce ropy a plynu p\u0159edstavuje zhruba \u0161edes\u00e1t procent pr\u016fmyslov\u00e9 produkce a asi t\u0159in\u00e1ct procent HDP. Produkce ropy dos\u00e1hla do roku 2009 p\u0159ibli\u017en\u011b 1,54 milionu barel\u016f denn\u011b; k tomuto objemu p\u0159isp\u00edvaj\u00ed i plynov\u00e1 kondenza\u010dn\u00ed pole, jako je Tokarevskoje. Dom\u00e1c\u00ed rafin\u00e9rsk\u00e1 kapacita \u2013 t\u0159i rafinerie v Atyrau, Pavlodaru a \u0160imkentu \u2013 v\u0161ak zaost\u00e1v\u00e1, tak\u017ee do rusk\u00fdch za\u0159\u00edzen\u00ed se p\u0159epravuj\u00ed velk\u00e9 objemy ropy.<\/p>\n\n\n\n<p>Krom\u011b paliv se v Karatausk\u00e9 a Aktobsk\u00e9 p\u00e1nvi nach\u00e1z\u00ed v\u00edce ne\u017e miliarda tun lo\u017eisek fosforitu; t\u011b\u017eba uranu a diamant\u016f d\u00e1le diverzifikuje export. Iniciativa pro transparentnost t\u011b\u017eebn\u00edho pr\u016fmyslu (Extractive Industries Transparency Initiative) v roce 2013 shledala Kazachst\u00e1n v souladu s p\u0159edpisy a uznala jeho syst\u00e9my pro zve\u0159ej\u0148ov\u00e1n\u00ed p\u0159\u00edjm\u016f. Zem\u011bd\u011blsk\u00fd export \u2013 zejm\u00e9na p\u0161enice, hospod\u00e1\u0159sk\u00e1 zv\u00ed\u0159ata a textil \u2013 dopl\u0148uje energii a miner\u00e1ly, a\u010dkoli zem\u011bd\u011blstv\u00ed zauj\u00edm\u00e1 men\u0161\u00ed pod\u00edl na ekonomice.<\/p>\n\n\n\n<p>Klima zem\u011b odr\u00e1\u017e\u00ed jej\u00ed kontinent\u00e1ln\u00ed polohu: dlouh\u00e9, chladn\u00e9 zimy; hork\u00e1, such\u00e1 l\u00e9ta; m\u00e1lo sr\u00e1\u017eek krom\u011b kr\u00e1tk\u00fdch jarn\u00edch a podzimn\u00edch de\u0161\u0165\u016f. Astana sn\u00e1\u0161\u00ed zimn\u00ed teploty kolem \u201325 \u00b0C, co\u017e ji \u0159ad\u00ed na druh\u00e9 nejchladn\u011bj\u0161\u00ed hlavn\u00ed m\u011bsto sv\u011bta po Ul\u00e1nb\u00e1taru. Ekologick\u00e9 obavy se projevuj\u00ed vysych\u00e1n\u00edm Aralsk\u00e9ho jezera na jihu, kter\u00e9 kdysi pat\u0159ilo k nejv\u011bt\u0161\u00edm vnitrozemsk\u00fdm jezer\u016fm planety a nyn\u00ed je varovn\u00fdm symbolem \u0161patn\u00e9ho hospoda\u0159en\u00ed se zavla\u017eov\u00e1n\u00edm.<\/p>\n\n\n\n<p>Ochran\u00e1\u0159sk\u00e9 \u00fasil\u00ed zahrnuje deset n\u00e1rodn\u00edch park\u016f a deset p\u0159\u00edrodn\u00edch rezervac\u00ed, kter\u00e9 chr\u00e1n\u00ed stepn\u00ed, horsk\u00e1 a mok\u0159adn\u00ed stanovi\u0161t\u011b. Mezi fl\u00f3ru pat\u0159\u00ed divok\u00e1 jablka, vinn\u00e1 r\u00e9va a tulip\u00e1ny v centr\u00e1ln\u00edch \u00fadol\u00edch; druhy fauny sahaj\u00ed od ovce argali a rysa ostrovida a\u017e po sn\u011b\u017en\u00e9ho leoparda v alpsk\u00fdch oblastech. Znovuvysazen\u00ed kon\u011b P\u0159evalsk\u00e9ho vr\u00e1tilo tohoto divok\u00e9ho ko\u0148ovit\u00e9ho do stepi po t\u00e9m\u011b\u0159 dvou stolet\u00edch nep\u0159\u00edtomnosti.<\/p>\n\n\n\n<p>Administrativn\u011b se Kazachst\u00e1n d\u011bl\u00ed na sedmn\u00e1ct region\u016f a \u010dty\u0159i m\u011bsta s republikov\u00fdm statusem: Almaty, Astanu, \u0160imkent a pronajatou enkl\u00e1vu Bajkonur, kde se nach\u00e1z\u00ed rusk\u00fd kosmodrom. Regiony se d\u00e1le d\u011bl\u00ed na okresy a venkovsk\u00e9 obvody. M\u011bstsk\u00e9 lokality maj\u00ed r\u016fzn\u00fd v\u00fdznam \u2013 republik\u00e1nsk\u00fd, region\u00e1ln\u00ed nebo okresn\u00ed \u2013 a ka\u017ed\u00e9 z nich m\u00e1 definovanou spr\u00e1vu.<\/p>\n\n\n\n<p>Dopravn\u00ed infrastruktura propojuje rozlehlou krajinu. \u017deleznice p\u0159epravuj\u00ed \u0161edes\u00e1t osm procent n\u00e1kladn\u00ed a v\u00edce ne\u017e polovinu osobn\u00ed dopravy; n\u00e1rodn\u00ed dopravce Kazachst\u00e1n Temir Zholy provozuje p\u0159ibli\u017en\u011b patn\u00e1ct tis\u00edc kilometr\u016f trat\u00ed o rozchodu 1 520 mm, z nich\u017e t\u00e9m\u011b\u0159 t\u0159etina je elektrifikov\u00e1na. Vysokorychlostn\u00ed vlaky spojuj\u00ed Almaty a vzd\u00e1len\u00fd Petropavl na v\u00edce ne\u017e dvou tis\u00edc\u00edch kilometrech, p\u0159i\u010dem\u017e jejich vzd\u00e1lenost je p\u0159ibli\u017en\u011b osmn\u00e1ct hodin. Stanice Astana Nurly Zhol, otev\u0159en\u00e1 v roce 2017, je p\u0159\u00edkladem modern\u00edho designu a denn\u00ed kapacity pro t\u0159icet p\u011bt tis\u00edc cestuj\u00edc\u00edch. V Almaty se nach\u00e1z\u00ed osmikilometrov\u00e9 metro; pl\u00e1ny na prodlou\u017een\u00ed trati \u010dekaj\u00ed na financov\u00e1n\u00ed. Such\u00fd p\u0159\u00edstav Khorgos Gateway na \u010d\u00ednsk\u00e9 hranici spravuje transeuroasijskou n\u00e1kladn\u00ed dopravu spojuj\u00edc\u00ed Evropu a Asii. S\u00ed\u0165 dopl\u0148uj\u00ed d\u00e1lnice a leti\u0161t\u011b, zejm\u00e9na v Astan\u011b a Almaty, zat\u00edmco Air Astana z\u016fst\u00e1v\u00e1 jedin\u00fdm kaza\u0161sk\u00fdm dopravcem, kter\u00fd spl\u0148uje bezpe\u010dnostn\u00ed normy EU.<\/p>\n\n\n\n<p>Ekonomick\u00e9 ukazatele odr\u00e1\u017eej\u00ed jak p\u0159\u00edle\u017eitosti, tak volatilitu. V roce 2018 dos\u00e1hl HDP 179 miliard dolar\u016f, r\u016fst \u010dinil 4,5 procenta; produkce na obyvatele se bl\u00ed\u017eila 9 700 dolar\u016fm. V\u00fdkyvy cen ropy vedly k devalvaci m\u011bny o 19 procent v \u00fanoru 2014 a o 22 procent v srpnu 2015. Kazachst\u00e1n nicm\u00e9n\u011b do roku 2010 splatil ve\u0161ker\u00fd dluh v\u016f\u010di MMF, o sedm let d\u0159\u00edve. B\u011bhem glob\u00e1ln\u00ed krize v roce 2008 stimula\u010dn\u00ed opat\u0159en\u00ed v hodnot\u011b p\u0159ibli\u017en\u011b 21 miliard dolar\u016f \u2013 dvacet procent HDP \u2013 stabilizovala banky, nemovitosti, zem\u011bd\u011blstv\u00ed a mal\u00e9 a st\u0159edn\u00ed podniky. Rozpo\u010dtov\u00e9 p\u0159ebytky se vr\u00e1tily do roku 2013, k \u010demu\u017e p\u0159isp\u011bly konzervativn\u00ed v\u00fddaje a stabiliza\u010dn\u00ed fond pro p\u0159\u00edjmy z ropy.<\/p>\n\n\n\n<p>Tr\u017en\u00ed reformy vynesly Kazachst\u00e1nu v roce 2002 uzn\u00e1n\u00ed USA za tr\u017en\u00ed ekonomiku a v t\u00e9m\u017ee roce mu byl ud\u011blen investi\u010dn\u00ed rating. Zahrani\u010dn\u00ed dluh z\u016fstal v pom\u011bru k HDP m\u00edrn\u00fd a vzrostl z 8,7 procenta v roce 2008 na 19,2 procenta do roku 2019. Zem\u011b usiluje o WTO a euroasijskou integraci, v roce 2015 vstoupila do Sv\u011btov\u00e9 obchodn\u00ed organizace a je spoluzakladatelem Euroasijsk\u00e9 hospod\u00e1\u0159sk\u00e9 unie a \u0160anghajsk\u00e9 organizace pro spolupr\u00e1ci.<\/p>\n\n\n\n<p>Cestovn\u00ed ruch se v zemi rozv\u00edj\u00ed pomalu, a to i p\u0159es obrovsk\u00e9 vzd\u00e1lenosti a probl\u00e9my s infrastrukturou. V roce 2014 se pod\u00edlel na HDP 0,3 % a vl\u00e1da usiluje o t\u0159i procenta do roku 2020 prost\u0159ednictv\u00edm rozvoje p\u011bti region\u00e1ln\u00edch klastr\u016f. Bezv\u00edzov\u00fd styk pro v\u00edce ne\u017e pades\u00e1t zem\u00ed, od sousedn\u00edch st\u00e1t\u016f SNS a\u017e po EU, USA a Japonsko, se sna\u017e\u00ed usnadnit p\u0159\u00edstup. Mezi atrakce pat\u0159\u00ed horsk\u00e9 vnitrozem\u00ed Almaty a\u017e po proslul\u00e9 startovac\u00ed rampy na Bajkonuru, od karavanser\u00e1j\u00ed Hedv\u00e1bn\u00e9 stezky a\u017e po osam\u011bl\u00e9 horizonty stepi. Po\u010det n\u00e1v\u0161t\u011bvn\u00edk\u016f vzrostl, ale z\u016fst\u00e1v\u00e1 n\u00edzk\u00fd kv\u016fli n\u00e1klad\u016fm, odlehl\u00fdm lokalit\u00e1m a nerovnom\u011brn\u00fdm slu\u017eb\u00e1m.<\/p>\n\n\n\n<p>Kultura vych\u00e1z\u00ed z nom\u00e1dsk\u00fdch ko\u0159en\u016f a imperi\u00e1ln\u00edho d\u011bdictv\u00ed. P\u0159ed rusk\u00fdm dobyt\u00edm se kaza\u0161sk\u00e1 spole\u010dnost \u017eivila sez\u00f3nn\u00edm pasen\u00edm pastevc\u016f a jej\u00ed \u00fastn\u00ed tradice oslavovaly b\u00e1sn\u00edky, filozofy a klanov\u00e9 star\u0161\u00ed. Isl\u00e1m se od osm\u00e9ho stolet\u00ed postupn\u011b \u0161\u00ed\u0159il na jih a upev\u0148oval se pod Sam\u00e1novci a Zlatou hordou. Sov\u011btsk\u00fd ateismus potla\u010doval n\u00e1bo\u017eensk\u00e9 praktiky, jen aby nez\u00e1vislost o\u017eivila v\u00fdstavbu me\u0161it a kostel\u016f \u2013 co\u017e p\u0159edstavuje \u010dty\u0159n\u00e1sobn\u00fd n\u00e1r\u016fst registrovan\u00fdch sdru\u017een\u00ed od roku 1990.<\/p>\n\n\n\n<p>Jazyk zt\u011bles\u0148uje dvoj\u00ed d\u011bdictv\u00ed: kaza\u0161tina, jazyk kip\u010daksk\u00e9 turkick\u00e9 komunity, je st\u00e1tn\u00edm jazykem; ru\u0161tina je jeho ofici\u00e1ln\u00edm prot\u011bj\u0161kem. Zat\u00edmco v\u00edce ne\u017e osmdes\u00e1t procent lid\u00ed se hl\u00e1s\u00ed k znalosti obou jazyk\u016f, ka\u017edodenn\u00ed pou\u017e\u00edv\u00e1n\u00ed kaza\u0161tiny mezi etnick\u00fdmi Kazachy dosahuje p\u0159ibli\u017en\u011b \u0161edes\u00e1ti t\u0159\u00ed procent. Dvojjazy\u010dnost formuje m\u00e9dia, vzd\u011bl\u00e1v\u00e1n\u00ed a obchod.<\/p>\n\n\n\n<p>Literatura a akademick\u00e1 pr\u00e1ce se v\u011bnuj\u00ed v\u00fdznamn\u00fdm osobnostem: Abaj Kunanbajuli vytvo\u0159il b\u00e1snick\u00e9 formy propojuj\u00edc\u00ed lidovou kulturu s vysokou kulturou; Muchtar Auezov zdramatizoval n\u00e1rodn\u00ed eposy; Kany\u0161 Satpajev zalo\u017eil kaza\u0161skou geologii. Sou\u010dasn\u00ed spisovatel\u00e9, filma\u0159i a um\u011blci se orientuj\u00ed v glob\u00e1ln\u00edch proudech a z\u00e1rove\u0148 dbaj\u00ed na m\u00edstn\u00ed identitu. Almatansk\u00e9 st\u00e1tn\u00ed studio Kazakhfilm produkuje d\u00edla jako Harmony Lessons; festivaly v Astan\u011b a Almaty podporuj\u00ed mezin\u00e1rodn\u00ed spolupr\u00e1ci. Hollywoodsk\u00fd re\u017eis\u00e9r Timur Bekmambetov \u2013 narozen\u00fd v kaza\u0161sk\u00fdch hranic\u00edch \u2013 propojuje kaza\u0161sk\u00e9 talenty s \u0161ir\u0161\u00edm publikem.<\/p>\n\n\n\n<p>Kuchyn\u011b odr\u00e1\u017e\u00ed pasteveck\u00fd p\u016fvod: be\u0161barmak, pokrm z va\u0159en\u00e9ho masa a nudl\u00ed; pilaf obohacen\u00fd jehn\u011b\u010d\u00edm masem a mrkv\u00ed; fermentovan\u00e9 kobyl\u00ed ml\u00e9ko \u2013 kumys \u2013 spolu s ajranem a \u0161ubat. \u010cajov\u00e9 ritu\u00e1ly doprov\u00e1zej\u00ed spole\u010densk\u00e1 setk\u00e1n\u00ed, \u010dasto se pod\u00e1vaj\u00ed se su\u0161en\u00fdm ovocem a o\u0159echy.<\/p>\n\n\n\n<p>Kazachst\u00e1n je zaps\u00e1n na seznamu sv\u011btov\u00e9ho d\u011bdictv\u00ed UNESCO a zahrnuje t\u0159i kulturn\u00ed lokality \u2013 mauzoleum Chod\u017ei Ahmeda Jasav\u00edho, petroglyfy z Tamgaly, koridory Hedv\u00e1bn\u00e9 stezky \u2013 a dv\u011b p\u0159\u00edrodn\u00ed lokality: step Sarjarka a Z\u00e1padn\u00ed \u0164an-\u0161an. Tato ozna\u010den\u00ed potvrzuj\u00ed geologick\u00fd, historick\u00fd a kulturn\u00ed v\u00fdznam zem\u011b.<\/p>\n\n\n\n<p>Z politick\u00e9ho hlediska funguje Kazachst\u00e1n jako unit\u00e1rn\u00ed \u00fastavn\u00ed republika. Prezident Nursultan Nazarbajev vedl republiku od nez\u00e1vislosti a\u017e do sv\u00e9 rezignace v roce 2019; jeho p\u016fsoben\u00ed dohl\u00ed\u017eelo na centralizovanou autoritu, postupn\u00e9 reformy a vznikaj\u00edc\u00ed politickou t\u0159\u00eddu. N\u00e1stupci udr\u017eovali stabilitu a postupn\u011b sm\u011b\u0159ovali k pluralismu. Dom\u00e1c\u00ed tlak na transparentnost a odpov\u011bdnost p\u0159etrv\u00e1v\u00e1 spolu s vn\u011bj\u0161\u00edmi vztahy formovan\u00fdmi ekonomick\u00fdmi vazbami na Rusko, \u010c\u00ednu a Z\u00e1pad.<\/p>\n\n\n\n<p>\u010cel\u00ed demografick\u00fdm posun\u016fm \u2013 z venkova do m\u011bst, z Kazachst\u00e1nu do postsov\u011btsk\u00e9ho obdob\u00ed \u2013 a Kazachst\u00e1n se ocit\u00e1 mezi tradic\u00ed a inovac\u00ed. Projekty v oblasti digit\u00e1ln\u00ed spr\u00e1vy, obnoviteln\u00fdch zdroj\u016f energie a ochrany kulturn\u00edho d\u011bdictv\u00ed prob\u00edhaj\u00ed soub\u011b\u017en\u011b s roz\u0161i\u0159ov\u00e1n\u00edm ropn\u00fdch pol\u00ed a \u017eelezni\u010dn\u00edch koridor\u016f. A\u0165 u\u017e se jedn\u00e1 o vysokorychlostn\u00ed \u017eeleznici spojuj\u00edc\u00ed Evropu s Asi\u00ed, nebo o tich\u00e9 o\u017eiven\u00ed ko\u010dovn\u00fdch zvyk\u016f na letn\u00edch festivalech, Kazachst\u00e1n se vyrovn\u00e1v\u00e1 s nap\u011bt\u00edm spojen\u00fdm s velikost\u00ed a samotou.<\/p>\n\n\n\n<p>Tato republika, rozlehl\u00e1 a z\u00e1rove\u0148 \u0159\u00eddce os\u00eddlen\u00e1, zpochyb\u0148uje jednoduch\u00e9 charakteristiky. Jej\u00ed krajina m\u016f\u017ee p\u016fsobit lhostejn\u011b a otev\u0159en\u011b, p\u0159esto odhaluje slo\u017eit\u00e9 d\u011bjiny migrace, dob\u00fdv\u00e1n\u00ed a v\u00fdm\u011bny. M\u011bstsk\u00e9 siluety se ty\u010d\u00ed v pl\u00e1novan\u00fdch geometri\u00edch, zat\u00edmco vesnice se dr\u017e\u00ed opot\u0159ebovan\u00fdch vzor\u016f. Na \u0161\u00ed\u0159i sv\u00e9ho \u00fazem\u00ed, nap\u0159\u00ed\u010d step\u00ed, horami a pr\u016fmyslovou z\u00f3nou, Kazachst\u00e1n sestavuje p\u0159\u00edb\u011bh o zdroj\u00edch, odolnosti a obnov\u011b \u2013 p\u0159\u00edb\u011bh, kter\u00fd se st\u00e1le odv\u00edj\u00ed a formuje se vrcholem jeho ambic\u00ed a hloubkou pam\u011bti jeho p\u0159edk\u016f.<\/p>","protected":false},"excerpt":{"rendered":"<p>Kazachst\u00e1n, uzn\u00e1van\u00fd jako dev\u00e1t\u00e1 nejv\u011bt\u0161\u00ed zem\u011b na sv\u011bt\u011b z hlediska rozlohy a nejrozs\u00e1hlej\u0161\u00ed vnitrozemsk\u00fd st\u00e1t, p\u0159edstavuje pozoruhodnou \u0161k\u00e1lu rozmanit\u00fdch krajin a hlubok\u00e9 kulturn\u00ed d\u011bdictv\u00ed, kter\u00e9 se nach\u00e1z\u00ed na k\u0159i\u017eovatce st\u0159edn\u00ed Asie a v\u00fdchodn\u00ed Evropy. S t\u00e9m\u011b\u0159 20 miliony lid\u00ed \u017eij\u00edc\u00edch na jeho obrovsk\u00e9 plo\u0161e m\u00e1 Kazachst\u00e1n jednu z nejni\u017e\u0161\u00edch hustot obyvatelstva na sv\u011bt\u011b, v pr\u016fm\u011bru m\u00e9n\u011b ne\u017e 6 lid\u00ed na kilometr \u010dtvere\u010dn\u00ed. Rozlehl\u00e9 stepi, skalnat\u00e9 hory a \u0161irok\u00e9 pou\u0161t\u011b \u2013 kter\u00e9 utv\u00e1\u0159ely jej\u00ed minulost a st\u00e1le ovliv\u0148uj\u00ed jej\u00ed sou\u010dasn\u00fd v\u00fdvoj \u2013 se odr\u00e1\u017eej\u00ed v t\u00e9to neobvykl\u00e9 popula\u010dn\u00ed sm\u011bsi.<\/p>","protected":false},"author":1,"featured_media":3135,"parent":24063,"menu_order":0,"comment_status":"closed","ping_status":"closed","template":"elementor_theme","meta":{"_eb_attr":"","footnotes":""},"class_list":["post-14923","page","type-page","status-publish","has-post-thumbnail"],"_links":{"self":[{"href":"https:\/\/travelshelper.com\/cs\/wp-json\/wp\/v2\/pages\/14923","targetHints":{"allow":["GET"]}}],"collection":[{"href":"https:\/\/travelshelper.com\/cs\/wp-json\/wp\/v2\/pages"}],"about":[{"href":"https:\/\/travelshelper.com\/cs\/wp-json\/wp\/v2\/types\/page"}],"author":[{"embeddable":true,"href":"https:\/\/travelshelper.com\/cs\/wp-json\/wp\/v2\/users\/1"}],"replies":[{"embeddable":true,"href":"https:\/\/travelshelper.com\/cs\/wp-json\/wp\/v2\/comments?post=14923"}],"version-history":[{"count":0,"href":"https:\/\/travelshelper.com\/cs\/wp-json\/wp\/v2\/pages\/14923\/revisions"}],"up":[{"embeddable":true,"href":"https:\/\/travelshelper.com\/cs\/wp-json\/wp\/v2\/pages\/24063"}],"wp:featuredmedia":[{"embeddable":true,"href":"https:\/\/travelshelper.com\/cs\/wp-json\/wp\/v2\/media\/3135"}],"wp:attachment":[{"href":"https:\/\/travelshelper.com\/cs\/wp-json\/wp\/v2\/media?parent=14923"}],"curies":[{"name":"wp","href":"https:\/\/api.w.org\/{rel}","templated":true}]}}