{"id":14917,"date":"2024-09-20T12:17:14","date_gmt":"2024-09-20T12:17:14","guid":{"rendered":"https:\/\/travelshelper.com\/staging\/?page_id=14917"},"modified":"2026-03-11T18:20:46","modified_gmt":"2026-03-11T18:20:46","slug":"amman","status":"publish","type":"page","link":"https:\/\/travelshelper.com\/cs\/destinations\/asia\/jordan\/amman\/","title":{"rendered":"Amm\u00e1n"},"content":{"rendered":"<p>Amm\u00e1n se nach\u00e1z\u00ed na n\u00e1horn\u00ed plo\u0161in\u011b ty\u010d\u00edc\u00ed se v nadmo\u0159sk\u00e9 v\u00fd\u0161ce 700 a\u017e 1100 metr\u016f, jeho\u017e b\u00edl\u00e9 a b\u00e9\u017eov\u00e9 kamenn\u00e9 budovy se t\u00e1hnou p\u0159es kopce a sva\u017euj\u00ed do \u00fadol\u00ed. Jako hlavn\u00ed m\u011bsto a hlavn\u00ed metropole Jord\u00e1nska slou\u017e\u00ed jako politick\u00e9 centrum zem\u011b, hlavn\u00ed tr\u017ei\u0161t\u011b a kulturn\u00ed centrum. Amm\u00e1n, kde \u017eij\u00ed zhruba \u010dty\u0159i miliony obyvatel, svou velikost\u00ed p\u0159ed\u010d\u00ed v\u0161echna ostatn\u00ed m\u011bsta v Levant\u011b, \u0159ad\u00ed se na p\u00e1t\u00e9 m\u00edsto mezi arabsk\u00fdmi m\u011bstsk\u00fdmi centry a co do velikosti metropole je des\u00e1t\u00e9 na Bl\u00edzk\u00e9m v\u00fdchod\u011b. Jeho ulice nesou t\u00edhu tis\u00edcilet\u00ed, p\u0159esto pulzuj\u00ed energi\u00ed expanze a obnovy.<\/p>\n\n\n\n<p>Nejstar\u0161\u00ed kapitola lidsk\u00e9 p\u0159\u00edtomnosti se odehr\u00e1v\u00e1 v &#039;Ain Ghazal, neolitick\u00e9m s\u00eddli\u0161ti \u010dtrn\u00e1ct kilometr\u016f severn\u011b od modern\u00edho centra. Vykop\u00e1vky p\u0159inesly s\u00e1drov\u00e9 a v\u00e1pencov\u00e9 figurky, kter\u00e9 pat\u0159\u00ed k nejstar\u0161\u00edm zn\u00e1m\u00fdm lidsk\u00fdm vyobrazen\u00edm v pln\u00e9m rozsahu a datuj\u00ed se do osm\u00e9ho tis\u00edcilet\u00ed p\u0159. n. l. Tyto ritu\u00e1ln\u00ed p\u0159edm\u011bty sv\u011bd\u010d\u00ed o komunitn\u00ed slo\u017eitosti a symbolick\u00e9 praxi na t\u011bchto v\u00e1pencov\u00fdch svaz\u00edch dlouho p\u0159ed zaznamenanou histori\u00ed.<\/p>\n\n\n\n<p>Na po\u010d\u00e1tku prvn\u00edho tis\u00edcilet\u00ed p\u0159. n. l. se toto m\u00edsto stalo v\u00fdznamn\u011bj\u0161\u00edm. Sou\u010dasn\u00edk\u016fm zn\u00e1m\u00e9 jako Rabat Aman slou\u017eilo jako kr\u00e1lovsk\u00e9 s\u00eddlo Ammonc\u016f, jejich\u017e \u0159\u00ed\u0161e se rozkl\u00e1dala na v\u00fdchod za \u0159eku Jord\u00e1n. \u00dalomky keramiky a pe\u010deti s n\u00e1pisy z t\u00e9to doby sv\u011bd\u010d\u00ed o administrativn\u00ed sofistikovanosti a region\u00e1ln\u00ed v\u00fdm\u011bn\u011b.<\/p>\n\n\n\n<p>Hel\u00e9nistick\u00e9 arm\u00e1dy se prohnaly po Alexandrov\u00fdch v\u00fdboj\u00edch a ve t\u0159et\u00edm stolet\u00ed p\u0159. n. l. m\u011bsto z\u00edskalo n\u00e1zev Filadelfie. Stalo se jedn\u00edm z deseti m\u011bst Dekapolis \u2013 m\u011bstsk\u00fdch center vytvo\u0159en\u00fdch podle vzoru \u0159eck\u00fdch polis, z nich\u017e ka\u017ed\u00e9 p\u0159isp\u00edvalo k s\u00edti obchodu, spr\u00e1vy v\u011bc\u00ed ve\u0159ejn\u00fdch a kulturn\u00ed v\u00fdm\u011bny. Zbytky kolon\u00e1dov\u00fdch ulic a ve\u0159ejn\u00fdch budov, i kdy\u017e fragment\u00e1rn\u00ed, poukazuj\u00ed na m\u011bstsk\u00fd \u0159\u00e1d zam\u011b\u0159en\u00fd na ob\u010dansk\u00fd \u017eivot.<\/p>\n\n\n\n<p>S p\u0159\u00edchodem arabsk\u00fdch vojsk v sedm\u00e9m stolet\u00ed n. l. z\u00edskala osada jm\u00e9no, kter\u00e9 nese dodnes. Za po sob\u011b jdouc\u00edch chal\u00edf\u00e1t\u016f Amm\u00e1n za\u017eil cykly v\u00fdstavby, ni\u010den\u00ed a zanedb\u00e1v\u00e1n\u00ed. Opevn\u011bn\u00ed vznikala a padala, me\u0161ity se objevovaly a zase mizely, zem\u011bd\u011blsk\u00e9 terasy se rozv\u00edjely a ustupovaly. V osmansk\u00e9m obdob\u00ed, po stalet\u00edch zmen\u0161en\u00e9ho v\u00fdznamu, byl Amm\u00e1n z velk\u00e9 \u010d\u00e1sti opu\u0161t\u011bn.<\/p>\n\n\n\n<p>Nov\u00e1 f\u00e1ze za\u010dala v roce 1878, kdy \u010derkesk\u00e9 rodiny vyhnan\u00e9 z Kavkazu dostaly osmansk\u00e9 povolen\u00ed zalo\u017eit si trvalou vesnici. Jejich skromn\u00e9 \u200b\u200bkamenn\u00e9 domy se shlukovaly kolem pramen\u016f, kter\u00e9 dodnes udr\u017euj\u00ed tok nedalekou \u0159eku Zarqa. Dokon\u010den\u00ed \u017eelezni\u010dn\u00ed trati Hid\u017e\u00e1z p\u0159es Amm\u00e1n v roce 1904 urychlilo r\u016fst a propojilo komunitu s Dama\u0161kem, Medinou a dal\u0161\u00edmi oblastmi. V roce 1909 obyvatel\u00e9 vytvo\u0159ili prvn\u00ed m\u011bstskou radu, \u010d\u00edm\u017e polo\u017eili z\u00e1klady pro modern\u00ed spr\u00e1vu.<\/p>\n\n\n\n<p>V roce 1921 britsk\u00e9 \u00fa\u0159ady ur\u010dily Amm\u00e1n hlavn\u00edm m\u011bstem Transjord\u00e1nsk\u00e9 emir\u00e1ty. Tato volba odr\u00e1\u017eela jeho strategickou polohu a relativn\u00ed neutralitu mezi kmenov\u00fdmi centry. Od t\u00e9 chv\u00edle migrace z cel\u00e9 Levanty zm\u011bnila charakter m\u011bsta. Mezi lety 1948 a 1967 masov\u00e9 pohyby p\u0159ivedly Palestince prchaj\u00edc\u00ed p\u0159ed konfliktem; v roce 1990 a znovu v roce 2003 p\u0159\u00edchoz\u00ed z Ir\u00e1ku; a od roku 2011 Sy\u0159any prchaj\u00edc\u00ed p\u0159ed ob\u010danskou v\u00e1lkou. Tyto po sob\u011b jdouc\u00ed vlny v\u00edce ne\u017e zdvojn\u00e1sobily m\u011bstskou populaci b\u011bhem n\u011bkolika desetilet\u00ed, \u010d\u00edm\u017e se p\u016fvodn\u00edch sedm kopc\u016f posunulo na devaten\u00e1ct a zahrnovaly dvacet dva administrativn\u011b vymezen\u00fdch oblast\u00ed.<\/p>\n\n\n\n<p>Topograficky se Amm\u00e1n rozkl\u00e1d\u00e1 pod\u00e9l h\u0159eben\u016f a v \u00fadol\u00edch. M\u00edstn\u00ed n\u00e1zvy tuto geografii zachov\u00e1vaj\u00ed: D\u017eabal al-Luvejbde a D\u017eabal al-A\u0161rafije ozna\u010duj\u00ed kopce; V\u00e1d\u00ed Abd\u00fan a V\u00e1d\u00ed S\u00edr ozna\u010duj\u00ed \u00fadol\u00ed. V\u00fdchodn\u00ed Amm\u00e1n, star\u0161\u00ed \u010dtvr\u0165, obsahuje v\u011bt\u0161inu historick\u00fdch staveb \u2013 muze\u00ed, tr\u017enic a b\u00fdval\u00fdch rezidenc\u00ed \u2013 kter\u00e9 jsou nyn\u00ed znovu vyu\u017eity pro kulturn\u00ed akce. Z\u00e1padn\u00ed Amm\u00e1n naopak host\u00ed obchodn\u00ed v\u011b\u017ee, luxusn\u00ed hotely a nadn\u00e1rodn\u00ed centr\u00e1ly.<\/p>\n\n\n\n<p>Klimaticky se m\u011bsto nach\u00e1z\u00ed na rozhran\u00ed dvou oblast\u00ed. Jeho z\u00e1padn\u00ed a severn\u00ed \u010d\u00e1st se t\u011b\u0161\u00ed hork\u00e9mu letn\u00edmu st\u0159edomo\u0159sk\u00e9mu klimatu se zimami dostate\u010dn\u011b chladn\u00fdmi pro vz\u00e1cn\u00fd sn\u00edh ve vy\u0161\u0161\u00edch nadmo\u0159sk\u00fdch v\u00fd\u0161k\u00e1ch. V\u00fdchodn\u00ed a ji\u017en\u00ed svahy le\u017e\u00ed v polosuch\u00e9m p\u00e1smu, kde ro\u010dn\u00ed sr\u00e1\u017eky mohou klesnout pod 250 mm. Jaro p\u0159ich\u00e1z\u00ed n\u00e1hle, trv\u00e1 sotva m\u011bs\u00edc, ne\u017e se projev\u00ed m\u00edrn\u00e9 letn\u00ed teplo a odpoledn\u00ed v\u00e1nek. Sr\u00e1\u017eky padaj\u00ed v\u011bt\u0161inou mezi listopadem a dubnem, v pr\u016fm\u011bru 385 mm ro\u010dn\u011b na n\u00e1horn\u00ed plo\u0161in\u011b. Hust\u00e1 mlha m\u016f\u017ee zahalovat ulice a\u017e 120 dn\u00ed v roce, zat\u00edmco teplotn\u00ed kontrasty mezi okresy vytv\u00e1\u0159ej\u00ed v okruhu n\u011bkolika kilometr\u016f odli\u0161n\u00e1 mikroklimata.<\/p>\n\n\n\n<p>Administrativn\u011b se guvernor\u00e1t Amm\u00e1n d\u011bl\u00ed na dev\u011bt okres\u016f a n\u011bkolik podoblast\u00ed. Ve\u0159ejn\u00e9 slu\u017eby v dvaceti dvou oblastech, od \u00fadr\u017eby infrastruktury a\u017e po \u00fazemn\u00ed pl\u00e1nov\u00e1n\u00ed, spravuje Velk\u00fd Amm\u00e1n. Stavebn\u00ed p\u0159edpisy omezuj\u00ed po\u010det obytn\u00fdch budov na \u010dty\u0159i nadzemn\u00ed podla\u017e\u00ed a tam, kde je to provediteln\u00e9, \u010dty\u0159i podla\u017e\u00ed, oblo\u017een\u00e1 v\u00e1pencem nebo p\u00edskovcem. Ka\u017ed\u00e9 patro zdob\u00ed balkony. Obchodn\u00ed v\u011b\u017ee a hotely pou\u017e\u00edvaj\u00ed sklen\u011bn\u00e9 a kovov\u00e9 fas\u00e1dy, a\u010dkoli k\u00e1men z\u016fst\u00e1v\u00e1 \u00fast\u0159edn\u00edm estetick\u00fdm prvkem.<\/p>\n\n\n\n<p>Ekonomick\u00fd z\u00e1klad m\u011bsta siln\u011b z\u00e1vis\u00ed na jeho bankovn\u00edm sektoru. P\u016fsob\u00ed zde asi dvacet p\u011bt bank, z nich\u017e patn\u00e1ct je k\u00f3tov\u00e1no na amm\u00e1nsk\u00e9 burze. Arab Bank se s\u00eddlem v Amm\u00e1nu se \u0159ad\u00ed mezi nejv\u011bt\u0161\u00ed finan\u010dn\u00ed instituce na Bl\u00edzk\u00e9m v\u00fdchod\u011b s v\u00edce ne\u017e 600 pobo\u010dkami po cel\u00e9m sv\u011bt\u011b a tr\u017en\u00ed hodnotou 28 procent m\u00edstn\u00ed burzy. Navzdory region\u00e1ln\u00edm nepokoj\u016fm b\u011bhem arabsk\u00e9ho jara si sektor udr\u017eel r\u016fst a\u017e do roku 2014.<\/p>\n\n\n\n<p>Krom\u011b financ\u00ed slou\u017e\u00ed Amm\u00e1n jako region\u00e1ln\u00ed centrum pro nadn\u00e1rodn\u00ed firmy. Jeho hodnocen\u00ed jako\u017eto beta-glob\u00e1ln\u00edho m\u011bsta odr\u00e1\u017e\u00ed koncentraci firemn\u00edch kancel\u00e1\u0159\u00ed, odv\u011btv\u00ed slu\u017eeb a za\u010d\u00ednaj\u00edc\u00edch technologick\u00fdch podnik\u016f. HDP m\u011bsta roste tempem p\u0159ekra\u010duj\u00edc\u00edm celost\u00e1tn\u00ed pr\u016fm\u011br, a to d\u00edky stavebnictv\u00ed, maloobchodu a profesion\u00e1ln\u00edm slu\u017eb\u00e1m.<\/p>\n\n\n\n<p>Dal\u0161\u00ed p\u0159\u00edjmy p\u0159in\u00e1\u0161\u00ed cestovn\u00ed ruch. V roce 2018 dorazilo p\u0159ibli\u017en\u011b milion n\u00e1v\u0161t\u011bvn\u00edk\u016f, co\u017e \u0159ad\u00ed Amm\u00e1n na osmdes\u00e1t\u00e9 dev\u00e1t\u00e9 m\u00edsto v glob\u00e1ln\u00edm \u017eeb\u0159\u00ed\u010dku m\u011bstsk\u00fdch destinac\u00ed a dvan\u00e1ct\u00e9 mezi arabsk\u00fdmi hlavn\u00edmi m\u011bsty. Mezin\u00e1rodn\u00ed leti\u0161t\u011b Queen Alia, kter\u00e9 se nach\u00e1z\u00ed t\u0159icet kilometr\u016f ji\u017en\u011b, odbav\u00ed po komplexn\u00edm roz\u0161\u00ed\u0159en\u00ed termin\u00e1lu dokon\u010den\u00e9m v polovin\u011b roku 2010 p\u0159es \u0161estn\u00e1ct milion\u016f cestuj\u00edc\u00edch ro\u010dn\u011b. Vnitrost\u00e1tn\u00ed civiln\u00ed leti\u0161t\u011b v Amm\u00e1nu zaji\u0161\u0165uje region\u00e1ln\u00ed lety a vojensk\u00e9 operace. Minist\u0159i cestovn\u00edho ruchu a dopravy investovali do zlep\u0161en\u00ed silnic, syst\u00e9mu rychl\u00e9 autobusov\u00e9 dopravy a pl\u00e1n\u016f na n\u00e1rodn\u00ed \u017eeleznici pro efektivn\u011bj\u0161\u00ed rozlo\u017een\u00ed dopravy.<\/p>\n\n\n\n<p>Dal\u0161\u00edm pil\u00ed\u0159em je l\u00e9ka\u0159sk\u00e1 turistika. Jord\u00e1nsko p\u0159itahuje nejvy\u0161\u0161\u00ed po\u010det pacient\u016f na Bl\u00edzk\u00e9m v\u00fdchod\u011b a na p\u00e1t\u00e9m m\u00edst\u011b na sv\u011bt\u011b. V Amm\u00e1nu ka\u017edoro\u010dn\u011b vyhled\u00e1 l\u00e9\u010dbu p\u0159ibli\u017en\u011b 250 000 zahrani\u010dn\u00edch pacient\u016f, co\u017e generuje ro\u010dn\u00ed p\u0159\u00edjmy p\u0159esahuj\u00edc\u00ed miliardu dolar\u016f. M\u00edstn\u00ed nemocnice nab\u00edzej\u00ed chirurgick\u00e9 a diagnostick\u00e9 slu\u017eby za konkurenceschopn\u00e9 ceny a \u010derpaj\u00ed z arabsky mluv\u00edc\u00edch skupin v Evrop\u011b, Persk\u00e9m z\u00e1livu a severn\u00ed Africe.<\/p>\n\n\n\n<p>Hustota zalidn\u011bn\u00ed m\u011bsta se na plo\u0161e 1 680 km\u00b2 pohybuje zhruba na 2 380 osob\u00e1ch na kilometr \u010dtvere\u010dn\u00ed. Z osady s asi 1 000 obyvateli v roce 1890 dos\u00e1hl Amm\u00e1n v roce 1990 jednoho milionu obyvatel a dnes p\u0159esahuje \u010dty\u0159i miliony. Zhruba \u010dty\u0159icet tis\u00edc \u010cerkes\u016f udr\u017euje kulturn\u00ed sdru\u017een\u00ed, zat\u00edmco diasporn\u00ed komunity Palestinc\u016f, Ir\u00e1\u010dan\u016f, Sy\u0159an\u016f a dal\u0161\u00edch tvo\u0159\u00ed velkou \u010d\u00e1st obyvatel. V\u011bt\u0161inu tvo\u0159\u00ed Arabov\u00e9 jord\u00e1nsk\u00e9ho nebo palestinsk\u00e9ho p\u016fvodu, a\u010dkoli p\u0159esn\u00e9 demografick\u00e9 statistiky jsou vz\u00e1cn\u00e9.<\/p>\n\n\n\n<p>N\u00e1bo\u017eensk\u00fd \u017eivot se soust\u0159e\u010fuje na isl\u00e1m v jeho sunnitsk\u00e9 tradici. Mezi v\u00fdznamn\u00e9 me\u0161ity pat\u0159\u00ed me\u0161ita kr\u00e1le Abdall\u00e1ha I. s modrou kupol\u00ed, dokon\u010den\u00e1 v roce 1989 s kapacitou 3 000 v\u011b\u0159\u00edc\u00edch, a me\u0161ita Ab\u00fa Darv\u00ed\u0161 s \u010dernob\u00edl\u00fdmi panely na vrcholu D\u017eabal A\u0161rafije. V roce 2004 konference Amm\u00e1nsk\u00fdch poselstv\u00ed kolektivn\u011b uznala deset \u0161kol pr\u00e1vn\u00edho a duchovn\u00edho my\u0161len\u00ed, od \u010dty\u0159 sunnitsk\u00fdch madh\u00e1hib\u016f p\u0159es d\u017ea&#039;far\u00edjsk\u00e9, ibad\u00edjsk\u00e9 a r\u016fzn\u00e9 s\u00fafijsk\u00e9 \u0159\u00e1dy. Mal\u00e1 dr\u00fazsk\u00e1 komunita a men\u0161ina k\u0159es\u0165an\u016f, v\u010detn\u011b arm\u00e9nsk\u00fdch katol\u00edk\u016f a jord\u00e1nsko-arabsk\u00fdch kongregac\u00ed, udr\u017euj\u00ed bohoslu\u017eebn\u00e1 m\u00edsta a komunitn\u00ed centra v cel\u00e9 m\u011bstsk\u00e9 oblasti.<\/p>\n\n\n\n<p>Archeologick\u00e1 nalezi\u0161t\u011b v okol\u00ed Amm\u00e1nu sv\u011bd\u010d\u00ed o jeho mnohovrstevnat\u00e9 minulosti. Umm ar-Rasas, z\u0159\u00edcenina le\u017e\u00edc\u00ed t\u0159i kilometry ji\u017en\u011b od centra m\u011bsta, zachov\u00e1v\u00e1 \u0161estn\u00e1ct byzantsk\u00fdch a ran\u011b isl\u00e1msk\u00fdch kostel\u016f, jejich\u017e mozaikov\u00e9 podlahy jsou z velk\u00e9 \u010d\u00e1sti nedot\u010den\u00e9. \u0158\u00edmsk\u00e9 divadlo v centru Amm\u00e1nu, vytesan\u00e9 do svah\u016f D\u017eabal al-D\u017eufeh, m\u00e1 kapacitu p\u0159ibli\u017en\u011b 6 000 m\u00edst a dodnes je m\u00edstem kon\u00e1n\u00ed koncert\u016f a ob\u010dansk\u00fdch shrom\u00e1\u017ed\u011bn\u00ed. V D\u017eabal Amm\u00e1nu se v b\u00fdval\u00fdch obchodn\u00edch domech nach\u00e1zej\u00ed galerie a kulturn\u00ed kav\u00e1rny pod\u00e9l ulice Rainbow Street, pobl\u00ed\u017e letn\u00edho trhu Souk Jara.<\/p>\n\n\n\n<p>Muzea zachycuj\u00ed n\u00e1rodn\u00ed d\u011bdictv\u00ed. Jord\u00e1nsk\u00e9 muzeum shroma\u017e\u010fuje artefakty od fragment\u016f svitk\u016f od Mrtv\u00e9ho mo\u0159e a\u017e po so\u0161ky Ain Ghazal a repliku st\u00e9ly M\u00e9\u0161a. V\u00e9vod\u016fv diwan p\u0159edstavuje architekturu z 20. let 20. stolet\u00ed upravenou pro spole\u010densk\u00e9 akce. Jord\u00e1nsk\u00e1 n\u00e1rodn\u00ed galerie v\u00fdtvarn\u00e9ho um\u011bn\u00ed vystavuje region\u00e1ln\u00ed d\u00edla a putovn\u00ed v\u00fdstavy. Mezi dal\u0161\u00ed instituce pat\u0159\u00ed D\u011btsk\u00e9 muzeum, Pam\u00e1tn\u00edk mu\u010dedn\u00edk\u016f, Kr\u00e1lovsk\u00e9 automobilov\u00e9 muzeum a archeologick\u00e1 a folkl\u00f3rn\u00ed centra p\u0159idru\u017een\u00e1 k univerzit\u011b.<\/p>\n\n\n\n<p>Obchod a volno\u010dasov\u00e9 aktivity se s r\u016fstem m\u011bsta zn\u00e1sobily. V z\u00e1padn\u00edm Amm\u00e1nu se nach\u00e1zej\u00ed rozs\u00e1hl\u00e9 n\u00e1kupn\u00ed komplexy \u2013 mimo jin\u00e9 Mecca Mall, City Mall a Taj Mall \u2013 zat\u00edmco p\u011b\u0161\u00ed z\u00f3na Wakalat Street se specializuje na zna\u010dkov\u00e9 obchody s oble\u010den\u00edm. Sweifieh funguje p\u0159es den jako hlavn\u00ed n\u00e1kupn\u00ed \u010dtvr\u0165 a v noci jako neofici\u00e1ln\u00ed \u010dtvr\u0165 no\u010dn\u00edho \u017eivota, jej\u00ed bary, kluby a sal\u00f3nky se zam\u011b\u0159uj\u00ed na mlad\u0161\u00ed demografickou skupinu. Kulturn\u00ed festivaly, jako je letn\u00ed festival v Amm\u00e1nu, hudebn\u00ed festival Al-Balad a festival New Think, vyu\u017e\u00edvaj\u00ed r\u016fzn\u00e1 m\u00edsta od hang\u00e1ru Ras al-Ain a\u017e po Kr\u00e1lovsk\u00e9 kulturn\u00ed centrum. Taktick\u00fd urbanismus \u2013 pop-up parky, venkovn\u00ed um\u011bleck\u00e9 instalace a do\u010dasn\u00e9 prostory pro vystoupen\u00ed \u2013 se staly v\u00fdznamnou sou\u010d\u00e1st\u00ed ve\u0159ejn\u00e9ho \u017eivota.<\/p>\n\n\n\n<p>M\u011bstsk\u00e1 doprava kombinuje soukrom\u00e1 vozidla, taxislu\u017eby, autobusy a nov\u011b vznikaj\u00edc\u00ed s\u00ed\u0165 rychl\u00e9 tranzitn\u00ed dopravy. Osm soust\u0159edn\u00fdch kruh\u016f, kdysi hrani\u010dn\u00edch zna\u010dek pro \u010dtvrti, nyn\u00ed slou\u017e\u00ed jako naviga\u010dn\u00ed body. Most Abdoun \u2013 zak\u0159iven\u00e1 visut\u00e1 konstrukce \u2013 spojuje \u010ctvrt\u00fd okruh s Abdounem a ilustruje jak in\u017een\u00fdrsk\u00e9 ambice, tak v\u00fdzvu p\u0159ekon\u00e1v\u00e1n\u00ed strm\u00fdch \u00fadol\u00ed. Obchvat dokon\u010den\u00fd v roce 2015 si klade za c\u00edl odklonit tranzitn\u00ed dopravu a sn\u00ed\u017eit dopravn\u00ed z\u00e1cpy v centr\u00e1ln\u00edch \u010dtvrt\u00edch.<\/p>\n\n\n\n<p>Ve\u0159ejn\u00e1 doprava se spol\u00e9h\u00e1 na autobus Amman Bus a syst\u00e9m Bus Rapid Transit, kter\u00fd je zav\u00e1d\u011bn postupn\u011b. Prvn\u00ed trasa BRT, aktivn\u00ed od roku 2021, spojuje Sweileh na severoz\u00e1pad\u011b s oblast\u00ed Ras al-Ain pobl\u00ed\u017e centra m\u011bsta; druh\u00e1, otev\u0159en\u00e1 v roce 2022, sah\u00e1 a\u017e k termin\u00e1lu Mahatta ve v\u00fdchodn\u00edm Amm\u00e1nu. V kv\u011btnu 2024 byla zah\u00e1jena provoz t\u0159et\u00ed linky mezi Amm\u00e1nem a Zarqou. Cestuj\u00edc\u00ed plat\u00ed dob\u00edjec\u00ed kartou nebo mobiln\u00ed aplikac\u00ed, kterou skenuj\u00ed p\u0159i n\u00e1stupu. Vozidla jsou klimatizovan\u00e1, bezbari\u00e9rov\u00e1 a vybaven\u00e1 kamerami a Wi-Fi.<\/p>\n\n\n\n<p>Pro n\u00e1v\u0161t\u011bvn\u00edky nab\u00edz\u00ed Amm\u00e1n praktick\u00e9 v\u00fdhody: na v\u00fdznamn\u00fdch pam\u00e1tk\u00e1ch se objevuj\u00ed anglick\u00e9 cedule a stanice turistick\u00e9 policie jsou p\u0159ipraveny pomoci. M\u00edstn\u00ed pohostinnost sah\u00e1 od levn\u00fdch penzion\u016f a\u017e po p\u011btihv\u011bzdi\u010dkov\u00e9 hotely. Stravov\u00e1n\u00ed sah\u00e1 od pouli\u010dn\u00edch st\u00e1nk\u016f s falafelem a shawarmou a\u017e po bistra ve francouzsk\u00e9m stylu a italsk\u00e9 trattorie v nov\u011b vybudovan\u00fdch \u010dtvrt\u00edch. Expatriovan\u00e9 enkl\u00e1vy a studentsk\u00e9 komunity upev\u0148uj\u00ed kosmopolitn\u00ed atmosf\u00e9ru.<\/p>\n\n\n\n<p>B\u011bhem svat\u00e9ho m\u011bs\u00edce Ramad\u00e1nu se ve ve\u0159ejn\u00fdch prostor\u00e1ch zastavuje denn\u00ed pod\u00e1v\u00e1n\u00ed j\u00eddla; obchodn\u00ed centra dodr\u017euj\u00ed pravidla p\u016fstu a pozastavuj\u00ed prodej od v\u00fdchodu do z\u00e1padu slunce. Cestovatel\u00e9 pl\u00e1nuj\u00edc\u00ed n\u00e1v\u0161t\u011bvy v tomto obdob\u00ed by si m\u011bli zajistit z\u00e1soby p\u0159edem nebo se po setm\u011bn\u00ed spolehnout na hotelov\u00e9 slu\u017eby.<\/p>\n\n\n\n<p>Amm\u00e1nsk\u00e1 trajektorie kombinuje zachov\u00e1n\u00ed a r\u016fst. Starobyl\u00e9 kameny le\u017e\u00ed kousek od sklen\u011bn\u00fdch v\u011b\u017e\u00ed; skromn\u00e9 \u200b\u200bdomy z konce devaten\u00e1ct\u00e9ho stolet\u00ed stoj\u00ed vedle luxusn\u00edch obchodn\u00edch komplex\u016f. M\u011bsto nad\u00e1le absorbuje nov\u011b p\u0159\u00edchoz\u00ed a n\u00e1pady a formuje zastav\u011bn\u00e9 prost\u0159ed\u00ed, kter\u00e9 vyva\u017euje regulaci s podnikatelskou kreativitou. Jeho vzestup z okrajov\u00e9 osmansk\u00e9 vesnice na p\u0159edn\u00ed jord\u00e1nsk\u00e9 m\u011bsto odr\u00e1\u017e\u00ed jak ot\u0159esy region\u00e1ln\u00ed historie, tak schopnost komunity se p\u0159izp\u016fsobit. V jeho \u010dtvrt\u00edch a na kopc\u00edch lze nal\u00e9zt fragmenty minul\u00fdch epoch, kter\u00e9 jsou v dialogu se sou\u010dasn\u00fdm \u017eivotem, p\u0159i\u010dem\u017e ka\u017ed\u00e1 \u010dtvr\u0165 nab\u00edz\u00ed sv\u016fj vlastn\u00ed vzorec denn\u00edch rytm\u016f, architektonick\u00fdch textur a soci\u00e1ln\u00edch s\u00edt\u00ed. Tato souhra kontinuity a zm\u011bn definuje charakter Amm\u00e1nu dnes.<\/p>","protected":false},"excerpt":{"rendered":"<p>Amm\u00e1n, hlavn\u00ed a nejv\u011bt\u0161\u00ed m\u011bsto Jord\u00e1nska, je p\u0159\u00edkladem spletit\u00e9 historie lidsk\u00e9 civilizace se \u010dty\u0159mi miliony obyvatel v roce 2021. Amm\u00e1n se nach\u00e1z\u00ed v regionu Levant a je p\u00e1t\u00fdm nejv\u011bt\u0161\u00edm m\u011bstem arabsk\u00e9ho sv\u011bta a des\u00e1tou nejv\u011bt\u0161\u00ed metropolitn\u00ed oblast\u00ed na Bl\u00edzk\u00e9m v\u00fdchod\u011b. Tato pulzuj\u00edc\u00ed metropole je hlavn\u00edm m\u011bstem Jord\u00e1nska a zahrnuje ekonomick\u00e9, politick\u00e9 a kulturn\u00ed j\u00e1dro zem\u011b.<\/p>","protected":false},"author":1,"featured_media":2972,"parent":14908,"menu_order":0,"comment_status":"closed","ping_status":"closed","template":"elementor_theme","meta":{"_eb_attr":"","footnotes":""},"class_list":["post-14917","page","type-page","status-publish","has-post-thumbnail"],"_links":{"self":[{"href":"https:\/\/travelshelper.com\/cs\/wp-json\/wp\/v2\/pages\/14917","targetHints":{"allow":["GET"]}}],"collection":[{"href":"https:\/\/travelshelper.com\/cs\/wp-json\/wp\/v2\/pages"}],"about":[{"href":"https:\/\/travelshelper.com\/cs\/wp-json\/wp\/v2\/types\/page"}],"author":[{"embeddable":true,"href":"https:\/\/travelshelper.com\/cs\/wp-json\/wp\/v2\/users\/1"}],"replies":[{"embeddable":true,"href":"https:\/\/travelshelper.com\/cs\/wp-json\/wp\/v2\/comments?post=14917"}],"version-history":[{"count":0,"href":"https:\/\/travelshelper.com\/cs\/wp-json\/wp\/v2\/pages\/14917\/revisions"}],"up":[{"embeddable":true,"href":"https:\/\/travelshelper.com\/cs\/wp-json\/wp\/v2\/pages\/14908"}],"wp:featuredmedia":[{"embeddable":true,"href":"https:\/\/travelshelper.com\/cs\/wp-json\/wp\/v2\/media\/2972"}],"wp:attachment":[{"href":"https:\/\/travelshelper.com\/cs\/wp-json\/wp\/v2\/media?parent=14917"}],"curies":[{"name":"wp","href":"https:\/\/api.w.org\/{rel}","templated":true}]}}