{"id":14908,"date":"2024-09-20T12:10:22","date_gmt":"2024-09-20T12:10:22","guid":{"rendered":"https:\/\/travelshelper.com\/staging\/?page_id=14908"},"modified":"2026-03-11T18:21:00","modified_gmt":"2026-03-11T18:21:00","slug":"jordansko","status":"publish","type":"page","link":"https:\/\/travelshelper.com\/cs\/destinations\/asia\/jordan\/","title":{"rendered":"Jord\u00e1nsko"},"content":{"rendered":"<p>Jord\u00e1nsko zab\u00edr\u00e1 \u00fazk\u00fd \u00fasek zem\u011b na jihov\u00fdchodn\u00edm okraji Levantu, kde se setk\u00e1vaj\u00ed obrysy Asie, Afriky a Evropy. Od nejsevern\u011bj\u0161\u00edch h\u0159eben\u016f pobl\u00ed\u017e Umm Kais a\u017e po pob\u0159e\u017e\u00ed Akaby u Rud\u00e9ho mo\u0159e se kr\u00e1lovstv\u00ed rozkl\u00e1d\u00e1 zhruba na 400 kilometrech. Na severu hrani\u010d\u00ed se S\u00fdri\u00ed, na severov\u00fdchod\u011b s Ir\u00e1kem, na v\u00fdchod\u011b a jihu s Sa\u00fadskou Ar\u00e1bi\u00ed a na z\u00e1pad\u011b s Izraelem a Z\u00e1padn\u00edm b\u0159ehem Jord\u00e1nu. Pod\u00e9l jeho z\u00e1padn\u00edho okraje kles\u00e1 \u0159eka Jord\u00e1n \u00fadol\u00edm Rift do Mrtv\u00e9ho mo\u0159e, jeho\u017e hladina le\u017e\u00ed v\u00edce ne\u017e 420 metr\u016f pod hladinou mo\u0159e \u2013 nejni\u017e\u0161\u00edm bodem na Zemi. Kr\u00e1tk\u00fd pob\u0159e\u017en\u00ed p\u00e1s v Akabsk\u00e9m z\u00e1livu spojuje Jord\u00e1nsko s Rud\u00fdm mo\u0159em, zat\u00edmco Amm\u00e1n, le\u017e\u00edc\u00ed mezi kopci pobl\u00ed\u017e st\u0159edu severoz\u00e1padu, slou\u017e\u00ed jako hlavn\u00ed m\u011bsto i hlavn\u00ed m\u011bstsk\u00e9 centrum.<\/p>\n\n\n\n<p>Lidsk\u00e1 p\u0159\u00edtomnost na \u00fazem\u00ed dne\u0161n\u00edho Jord\u00e1nska sah\u00e1 a\u017e do paleolitu. B\u011bhem prvn\u00edho tis\u00edcilet\u00ed p\u0159. n. l. se v\u00fdchodn\u011b od \u0159eky Jord\u00e1n zformovala t\u0159i kr\u00e1lovstv\u00ed: Ammon kolem dne\u0161n\u00edho Amm\u00e1nu, Moab v kopc\u00edch ji\u017en\u011b od Mrtv\u00e9ho mo\u0159e a Edom d\u00e1le na jih. Ve t\u0159et\u00edm stolet\u00ed p\u0159. n. l. se arab\u0161t\u00ed osadn\u00edci zn\u00e1m\u00ed jako Nabatejci usadili v Pet\u0159e a vytesali propracovan\u00e9 fas\u00e1dy do \u010derven\u00e9ho p\u00edskovce. Za hel\u00e9nistick\u00e9 a pot\u00e9 \u0159\u00edmsk\u00e9 nadvl\u00e1dy vytvo\u0159ila \u0159ada m\u011bst Dekapolis \u2013 federaci, jej\u00ed\u017e zbytky zahrnuj\u00ed divadla v D\u017eara\u0161i a sloupy v Gad\u00e1\u0159e. Byzantsk\u00e1 kontrola p\u0159etrvala a\u017e do sedm\u00e9ho stolet\u00ed, kdy ozbrojen\u00e9 \u00fatoky p\u0159ivedly region pod postupn\u00e9 isl\u00e1msk\u00e9 chal\u00edf\u00e1ty: nejprve R\u00e1\u0161\u00edd\u00fansk\u00e9, pot\u00e9 Umajj\u00e1dsk\u00e9 a Abb\u00e1sovsk\u00e9 dynastie. Osmansk\u00e1 nadvl\u00e1da za\u010dala na po\u010d\u00e1tku \u0161estn\u00e1ct\u00e9ho stolet\u00ed a trvala a\u017e do prvn\u00ed sv\u011btov\u00e9 v\u00e1lky, kdy arabsk\u00e9 povst\u00e1n\u00ed veden\u00e9 \u0160ar\u00edfem Husajnem z Mekky zlomilo osmanskou autoritu. V roce 1921 brit\u0161t\u00ed spr\u00e1vci na z\u00e1klad\u011b mand\u00e1tu Spole\u010dnosti n\u00e1rod\u016f dosadili Abdall\u00e1ha I. em\u00edrem Transjord\u00e1nska. Transjord\u00e1nsko dos\u00e1hlo pln\u00e9 nez\u00e1vislosti v roce 1946 a brzy p\u0159ijalo n\u00e1zev Jord\u00e1nsk\u00e9 h\u00e1\u0161imovsk\u00e9 kr\u00e1lovstv\u00ed. V konfliktu v roce 1948, kter\u00fd n\u00e1sledoval po skon\u010den\u00ed britsk\u00e9ho mand\u00e1tu v Palestin\u011b, Jord\u00e1nsko okupovalo a pozd\u011bji anektovalo Z\u00e1padn\u00ed b\u0159eh Jord\u00e1nu, tohoto n\u00e1roku se v roce 1988 vzdalo. Form\u00e1ln\u00ed m\u00edrov\u00e1 smlouva s Izraelem n\u00e1sledovala v roce 1994.<\/p>\n\n\n\n<p>Fyzick\u00e1 podoba Jord\u00e1nska kontrastuje s \u00farodn\u00fdm severoz\u00e1padem a suchou vnit\u0159n\u00ed plo\u0161inou a pou\u0161t\u00ed na v\u00fdchod\u011b. Zvln\u011bn\u00e9 kopce a st\u00e1lezelen\u00e9 lesy prudce klesaj\u00ed do p\u0159\u00edkopov\u00e9 propadliny, kde pramen\u00ed \u0159eky Jord\u00e1n a Jarmuk a te\u010dou k Mrtv\u00e9mu \u200b\u200bmo\u0159i. Za \u00fadol\u00edm se rozkl\u00e1d\u00e1 rozloha kamenit\u00e9 plo\u0161iny s o\u00e1zami v Azraku a Ruwaishedu. Klima odr\u00e1\u017e\u00ed toto rozmez\u00ed: pob\u0159e\u017en\u00ed a horsk\u00e9 oblasti za\u017e\u00edvaj\u00ed zimn\u00ed sr\u00e1\u017eky a m\u00edrn\u00e1 l\u00e9ta; vnitrozemsk\u00e9 oblasti \u010del\u00ed spaluj\u00edc\u00edmu horku, zm\u00edrn\u011bn\u00e9mu n\u00edzkou vlhkost\u00ed vzduchu a no\u010dn\u00edm v\u00e1nkem, a zimn\u00ed teploty klesaj\u00ed dostate\u010dn\u011b n\u00edzko na to, aby ob\u010dasn\u011b foukal sn\u00edh na vyv\u00fd\u0161en\u00fdch m\u00edstech. Pr\u016fm\u011brn\u00e9 letn\u00ed maxima se pohybuj\u00ed kolem 32 \u00b0C s kr\u00e1tk\u00fdmi vrcholy nad 40 \u00b0C; zimn\u00ed pr\u016fm\u011bry klesaj\u00ed na p\u0159ibli\u017en\u011b 11 \u00b0C, doprov\u00e1zen\u00e9 pravideln\u00fdmi p\u0159eh\u00e1\u0148kami.<\/p>\n\n\n\n<p>P\u0159esto\u017ee Jord\u00e1nsko pokr\u00fdv\u00e1 89 341 kilometr\u016f \u010dtvere\u010dn\u00edch, lesn\u00ed porost je m\u00e9n\u011b ne\u017e dv\u011b procenta \u2013 zhruba 1 500 kilometr\u016f \u010dtvere\u010dn\u00edch \u2013 co\u017e z n\u011bj \u010din\u00ed jeden z nejm\u00e9n\u011b zalesn\u011bn\u00fdch n\u00e1rod\u016f na sv\u011bt\u011b. Jeho rozmanit\u00fd reli\u00e9f v\u0161ak podporuje v\u00edce ne\u017e 2 000 rostlinn\u00fdch druh\u016f. Na severoz\u00e1pad\u011b tvo\u0159\u00ed p\u00e1sy borovice, dubu, pist\u00e1cie a divok\u00e9 olivy; za nimi se rozkl\u00e1daj\u00ed ke\u0159e a stepn\u00ed vegetace. Mezi typickou fl\u00f3ru pat\u0159\u00ed borovice alepsk\u00e1, kosatec \u010dern\u00fd a f\u00e9nick\u00fd jalovec. Savci od arabsk\u00e9ho vlka po kozoro\u017ece n\u00fabijsk\u00e9ho ob\u00fdvaj\u00ed rezervace, jako jsou Shaumari a Dana \u2013 lokality, kter\u00e9 od roku 1966 spravuje Kr\u00e1lovsk\u00e1 spole\u010dnost pro ochranu p\u0159\u00edrody. Pta\u010d\u00ed sv\u011bt sah\u00e1 od dudka obecn\u00e9ho po supa chocholat\u00e9ho. V hranic\u00edch Jord\u00e1nska se setk\u00e1vaj\u00ed \u010dty\u0159i suchozemsk\u00e9 ekoregiony, od suchozemsk\u00fdch travnat\u00fdch porost\u016f a\u017e po jehli\u010dnat\u00e9 sklerofyln\u00ed lesy.<\/p>\n\n\n\n<p>Administrativn\u011b se kr\u00e1lovstv\u00ed d\u011bl\u00ed na dvan\u00e1ct guvernor\u00e1t\u016f, kter\u00e9 jsou zhruba rozd\u011bleny do severn\u00edch, centr\u00e1ln\u00edch a ji\u017en\u00edch region\u016f. Ka\u017ed\u00fd guvernor\u00e1t spravuje okresy a podoblasti z hlavn\u00edho m\u011bsta. M\u011bstsk\u00e1 centra se koncentruj\u00ed na severoz\u00e1pad\u011b: krom\u011b Amm\u00e1nu se m\u011bsta jako Irbid, Zark\u00e1, D\u017eara\u0161, As-Salt a Madaba ty\u010d\u00ed tam, kde sr\u00e1\u017eky a p\u016fda umo\u017e\u0148uj\u00ed p\u011bstov\u00e1n\u00ed p\u016fdy. Akaba je kotvou na jihu jako p\u0159\u00edstav i letovisko.<\/p>\n\n\n\n<p>Demograficky m\u00e1 Jord\u00e1nsko p\u0159ibli\u017en\u011b 11,5 milionu obyvatel, co\u017e z n\u011bj \u010din\u00ed jeden\u00e1ct\u00fd nejlidnat\u011bj\u0161\u00ed arabsk\u00fd st\u00e1t. P\u0159ibli\u017en\u011b 95 procent obyvatel se hl\u00e1s\u00ed k sunnitsk\u00e9mu isl\u00e1mu; k\u0159es\u0165ansk\u00e9 komunity, kter\u00e9 pat\u0159\u00ed k nejstar\u0161\u00edm na sv\u011bt\u011b, p\u0159edstavuj\u00ed zhruba \u010dty\u0159i procenta. Arab\u0161t\u00ed Palestinci tvo\u0159\u00ed podstatnou \u010d\u00e1st \u2013 mnoz\u00ed z nich maj\u00ed ob\u010danstv\u00ed \u2013 zat\u00edmco men\u0161\u00ed skupiny zahrnuj\u00ed \u010cerkesy, Arm\u00e9ny, \u010ce\u010dence, Dr\u00fazy, Bah\u00e1\u00ed a Mandejce. \u00da\u0159edn\u00edm jazykem je arab\u0161tina, ve \u0161kol\u00e1ch se vyu\u010duje modern\u00ed standardn\u00ed arab\u0161tina a hovorov\u011b se pou\u017e\u00edv\u00e1 jord\u00e1nsk\u00e1 arab\u0161tina. Angli\u010dtina slou\u017e\u00ed jako jazyk obchodu a vysoko\u0161kolsk\u00e9ho vzd\u011bl\u00e1v\u00e1n\u00ed; mezi dal\u0161\u00ed jazyky pat\u0159\u00ed \u010de\u010den\u0161tina, arm\u00e9n\u0161tina, tagal\u0161tina a st\u00e1le \u010dast\u011bji n\u011bm\u010dina. Od roku 1948 Jord\u00e1nsko p\u0159ijalo vlny uprchl\u00edk\u016f: palestinsk\u00e9 exulanty, po roce 2003 Ir\u00e1\u010dany a v posledn\u00ed dob\u011b asi 1,4 milionu Sy\u0159an\u016f, co\u017e sice zat\u011b\u017euje jejich zdroje, ale odr\u00e1\u017e\u00ed dlouhodobou politiku azylu.<\/p>\n\n\n\n<p>Jord\u00e1nsk\u00e1 ekonomika se um\u00edstila na pozici ekonomiky s ni\u017e\u0161\u00edmi st\u0159edn\u00edmi p\u0159\u00edjmy a v indexu lidsk\u00e9ho rozvoje se \u0159ad\u00ed t\u00e9m\u011b\u0159 na 100. m\u00edsto. Jej\u00ed HDP, kter\u00fd v roce 2016 \u010dinil p\u0159ibli\u017en\u011b 39 miliard USD, se d\u011bl\u00ed mezi obchod a finance, dopravu, ve\u0159ejn\u00e9 slu\u017eby a stavebnictv\u00ed, v\u00fdrobu a t\u011b\u017ebu. Zem\u011bd\u011blstv\u00ed je i nad\u00e1le omezeno p\u016fdou a vodou, p\u0159i\u010dem\u017e voda je vz\u00e1cn\u00e1, zhruba 97 metr\u016f krychlov\u00fdch na osobu ro\u010dn\u011b \u2013 pod hranic\u00ed \u201eabsolutn\u00edho nedostatku\u201c. Voda poch\u00e1z\u00ed z \u0159ek Jord\u00e1n a Jarmuk, zvodn\u011bl\u00e9 vrstvy Disi a deseti p\u0159ehrad, zat\u00edmco starov\u011bk\u00e1 p\u0159ehrada Jawa, datovan\u00e1 do \u010dtvrt\u00e9ho tis\u00edcilet\u00ed p\u0159. n. l., sv\u011bd\u010d\u00ed o ran\u00e9m vodn\u00edm in\u017een\u00fdrstv\u00ed.<\/p>\n\n\n\n<p>Mezi zdroje energie pat\u0159\u00ed skromn\u00e9 \u200b\u200bmno\u017estv\u00ed dom\u00e1c\u00edho plynu z pole Risha a zna\u010dn\u00fd dovoz ropy a zkapaln\u011bn\u00e9ho zemn\u00edho plynu. V pr\u016fb\u011bhu roku 2010 p\u0159idaly sol\u00e1rn\u00ed a v\u011btrn\u00e9 farmy \u2013 elektr\u00e1rny Tafila, Shams Ma&#039;an a Quweira v Iqtile \u2013 kapacitu p\u0159es jeden gigawatt, \u010d\u00edm\u017e se pod\u00edl obnoviteln\u00fdch zdroj\u016f na v\u00fdrob\u011b elekt\u0159iny do roku 2019 zv\u00fd\u0161il z 3 na 8 procent. Jord\u00e1nsko tak\u00e9 dr\u017e\u00ed p\u00e1t\u00e9 nejv\u011bt\u0161\u00ed z\u00e1soby ropn\u00fdch b\u0159idlic na sv\u011bt\u011b a v r\u00e1mci odlo\u017een\u00e9ho pl\u00e1nu zkoum\u00e1 mal\u00e9 modul\u00e1rn\u00ed reaktory. T\u011b\u017eba fosf\u00e1t\u016f na jihu \u0159ad\u00ed Jord\u00e1nsko mezi p\u0159edn\u00ed sv\u011btov\u00e9 producenty tohoto nerostu.<\/p>\n\n\n\n<p>Obchodn\u00ed dohody roz\u0161i\u0159uj\u00ed trhy: Jord\u00e1nsko vstoupilo do Sv\u011btov\u00e9 obchodn\u00ed organizace v roce 2000 a podepsalo prvn\u00ed dohodu o voln\u00e9m obchodu mezi arabsk\u00fdm st\u00e1tem a Spojen\u00fdmi st\u00e1ty. M\u00e1 tak\u00e9 pokro\u010dil\u00fd status v Evropsk\u00e9 unii. Navzdory t\u011bmto vazb\u00e1m r\u016fst zakol\u00edsal. Finan\u010dn\u00ed krize v roce 2008 a Arabsk\u00e9 jaro utlumily cestovn\u00ed ruch a investice; opakovan\u00e9 \u00fatoky na egyptsko-jord\u00e1nsk\u00e9 potrub\u00ed zv\u00fd\u0161ily ceny elekt\u0159iny. P\u0159\u00edliv uprchl\u00edk\u016f zvy\u0161uje ro\u010dn\u00ed v\u00fddaje p\u0159esahuj\u00edc\u00ed 2,5 miliardy USD, co\u017e je \u010d\u00e1ste\u010dn\u011b kompenzov\u00e1no zahrani\u010dn\u00ed pomoc\u00ed. Vl\u00e1dn\u00ed \u00fasil\u00ed, v\u010detn\u011b \u00fasporn\u00fdch opat\u0159en\u00ed zah\u00e1jen\u00fdch v roce 2016, si klade za c\u00edl sn\u00ed\u017eit dluh z v\u00edce ne\u017e 90 procent HDP na 77 procent.<\/p>\n\n\n\n<p>Infrastruktura podporuje roli Jord\u00e1nska jako tranzitn\u00edho uzlu. Hlavn\u00ed silnice se t\u00e1hnou t\u00e9m\u011b\u0159 6 000 kilometr\u016f a vedlej\u0161\u00ed silnice p\u0159id\u00e1vaj\u00ed dal\u0161\u00ed spojen\u00ed. Historick\u00e1 \u017eeleznice Hid\u017e\u00e1z \u010dek\u00e1 na o\u017eiven\u00ed pro osobn\u00ed dopravu. N\u00e1v\u0161t\u011bvn\u00edk\u016fm slou\u017e\u00ed t\u0159i mezin\u00e1rodn\u00ed leti\u0161t\u011b \u2013 Queen Alia a Amman Civil pobl\u00ed\u017e Amm\u00e1nu a King Hussein International v Akab\u011b. Termin\u00e1ly Queen Alia, otev\u0159en\u00e9 v roce 2013, odbav\u00ed ro\u010dn\u011b p\u0159es 16 milion\u016f cestuj\u00edc\u00edch. P\u0159\u00edstav Akaba, jedin\u00fd jord\u00e1nsk\u00fd n\u00e1mo\u0159n\u00ed p\u0159\u00edstav, si d\u00edky sv\u00e9 strategick\u00e9 poloze mezi kontinenty vyslou\u017eil uzn\u00e1n\u00ed jako nejlep\u0161\u00ed kontejnerov\u00fd termin\u00e1l v regionu.<\/p>\n\n\n\n<p>V\u00fdznamn\u00fd p\u0159\u00ednos m\u00e1 cestovn\u00ed ruch, kter\u00fd je d\u00e1n v\u00edce ne\u017e 100 000 archeologick\u00fdmi a p\u0159\u00edrodn\u00edmi nalezi\u0161ti. Skaln\u00ed fas\u00e1dy Petry p\u0159itahuj\u00ed n\u00e1v\u0161t\u011bvn\u00edky z cel\u00e9ho sv\u011bta; kolon\u00e1dov\u00e9 t\u0159\u00eddy v D\u017eara\u0161i odhaluj\u00ed \u0159\u00edmsk\u00e9 urbanistick\u00e9 pl\u00e1nov\u00e1n\u00ed. K\u0159es\u0165ansk\u00e9 pam\u00e1tky \u2013 k\u0159titelnice v Al-Maghtas, Moj\u017e\u00ed\u0161\u016fv hrob na ho\u0159e Nebo, byzantsk\u00e9 mozaiky v Madab\u011b \u2013 dopl\u0148uj\u00ed isl\u00e1msk\u00e9 svatyn\u011b v\u011bnovan\u00e9 spole\u010dn\u00edk\u016fm Proroka. Hrady z doby k\u0159i\u017e\u00e1k\u016f v Ajlounu a modern\u00ed no\u010dn\u00ed \u017eivot v Amm\u00e1nu, Irbidu a Akab\u011b uspokoj\u00ed rozmanit\u00e9 chut\u011b. Mezi dobrodru\u017en\u00e9 aktivity pat\u0159\u00ed turistika v rezervaci Dana a pod\u00e9l 650 kilometr\u016f dlouh\u00e9 Jord\u00e1nsk\u00e9 stezky, kter\u00e1 byla vybudov\u00e1na v roce 2015 s c\u00edlem propojit historick\u00e9 a p\u0159\u00edrodn\u00ed zaj\u00edmavosti. Na pob\u0159e\u017e\u00ed Mrtv\u00e9ho mo\u0159e se nach\u00e1zej\u00ed resorty a l\u00e1zn\u011b, kde miner\u00e1ln\u00ed vody pom\u00e1haj\u00ed p\u0159i ko\u017en\u00edch onemocn\u011bn\u00edch. Od 70. let 20. stolet\u00ed Jord\u00e1nsko p\u0159itahuje tak\u00e9 cestovatele za l\u00e9ka\u0159skou p\u00e9\u010d\u00ed; v roce 2010 vyhledalo p\u00e9\u010di v soukrom\u00fdch nemocnic\u00edch p\u0159es 250 000 pacient\u016f z v\u00edce ne\u017e stovky zem\u00ed.<\/p>\n\n\n\n<p>Kulturn\u00ed \u017eivot prol\u00edn\u00e1 d\u011bdictv\u00ed se sou\u010dasn\u00fdm projevem. Muzea jako Jord\u00e1nsk\u00e9 muzeum v Amm\u00e1nu chr\u00e1n\u00ed fragmenty svitk\u016f od Mrtv\u00e9ho mo\u0159e a neolitick\u00e9 sochy. N\u00e1rodn\u00ed galerie v\u00fdtvarn\u00e9ho um\u011bn\u00ed vystavuje modern\u00ed d\u00edla, zat\u00edmco Archeologick\u00e9 muzeum v Akab\u011b zaznamen\u00e1v\u00e1 n\u00e1mo\u0159n\u00ed obchod. Filmov\u00e1 a hudebn\u00ed sc\u00e9na se roz\u0161i\u0159uje: Theeb z\u00edskal v roce 2016 nominaci na Oscara. Festivaly jako ka\u017edoro\u010dn\u00ed hudebn\u00ed akce v D\u017eera\u0161i p\u0159iv\u00e1d\u011bj\u00ed region\u00e1ln\u00ed um\u011blce; alternativn\u00ed rockov\u00e9 kapely \u2013 El Morabba3, JadaL a dal\u0161\u00ed \u2013 m\u00eds\u00ed arabsk\u00e9 texty s elektrick\u00fdmi rytmy. Pouli\u010dn\u00ed um\u011bn\u00ed a galerie odr\u00e1\u017eej\u00ed rostouc\u00ed komunitu m\u00edstn\u00edch tv\u016frc\u016f a um\u011blc\u016f z \u0159ad expatriant\u016f.<\/p>\n\n\n\n<p>Kulin\u00e1\u0159sk\u00e9 praktiky odr\u00e1\u017eej\u00ed v\u00fdnosy a spole\u010densk\u00e9 zvyklosti dan\u00e9 zem\u011b. Z\u00e1kladem kuchyn\u011b je olivov\u00fd olej od jednoho z p\u0159edn\u00edch sv\u011btov\u00fdch producent\u016f oliv. Mezi meze pat\u0159\u00ed hummus, ful medames, baba ghanoush a tabbouleh. Mansaf, r\u00fd\u017ee s jehn\u011b\u010d\u00edm masem du\u0161en\u00e1 v fermentovan\u00e9m jogurtu, je symbolem pohostinnosti na setk\u00e1n\u00edch. Dezerty sahaj\u00ed od baklavy po knafeh; j\u00eddla se zakon\u010duj\u00ed m\u00e1tov\u00fdm \u010dajem a silnou k\u00e1vou. Alkohol se objevuje v turistick\u00fdch atrakc\u00edch i v no\u010dn\u00edm \u017eivot\u011b ve m\u011bstech, k dispozici je arak a dom\u00e1c\u00ed piva a v\u00edna.<\/p>\n\n\n\n<p>Praktick\u00e9 rady pro cestovatele odr\u00e1\u017eej\u00ed zvyklosti m\u00edstn\u00ed m\u011bny a spole\u010densk\u00e9 normy. Jord\u00e1nsk\u00fd din\u00e1r, v\u00e1zan\u00fd na americk\u00fd dolar za p\u0159ibli\u017en\u011b 1,41 USD za din\u00e1r, se d\u011bl\u00ed na piastr a fil. Hotovost z\u016fst\u00e1v\u00e1 kl\u00ed\u010dovou pro mal\u00e9 transakce; kreditn\u00ed karty funguj\u00ed nepravideln\u011b p\u0159ed hotely a hlavn\u00edmi atrakcemi. Bankomaty vyd\u00e1vaj\u00ed bankovky ve velk\u00fdch nomin\u00e1ln\u00edch hodnot\u00e1ch, tak\u017ee no\u0161en\u00ed jedno- a p\u011btidin\u00e1rov\u00fdch bankovek pom\u00e1h\u00e1 s p\u0159estupy. Denn\u00ed rozpo\u010det ji\u017e od 15 JD pokr\u00fdv\u00e1 z\u00e1kladn\u00ed j\u00eddla, zat\u00edmco 25 JD umo\u017e\u0148uje skromn\u00e9 \u200b\u200bubytov\u00e1n\u00ed a n\u00e1v\u0161t\u011bvy restaurac\u00ed. J\u00edzdn\u00e9 ve ve\u0159ejn\u00e9 doprav\u011b \u2013 jeden din\u00e1r na 40 kilometr\u016f autobusem, jeden na p\u011bt kilometr\u016f tax\u00edkem \u2013 pom\u00e1h\u00e1 zvl\u00e1dat n\u00e1klady. Trp\u011blivost ve front\u00e1ch na obsluhu se ukazuje jako nezbytn\u00e1, proto\u017ee neform\u00e1ln\u00ed kr\u00e1cen\u00ed front m\u00e1 tendenci fragmentovat spo\u0159\u00e1dan\u00e9 fronty; \u010dek\u00e1n\u00ed vzadu, dokud se n\u00e1por neuklidn\u00ed, \u010dasto vede k rychlej\u0161\u00edmu obsluze.<\/p>\n\n\n\n<p>Spole\u010densk\u00e9 zvyky odr\u00e1\u017eej\u00ed tolerantn\u00ed, ale z\u00e1rove\u0148 tradi\u010dn\u011b orientovanou spole\u010dnost. Decentn\u00ed oble\u010den\u00ed se hod\u00ed k n\u00e1v\u0161t\u011bv\u00e1m n\u00e1bo\u017eensk\u00fdch m\u00edst; \u017eeny mohou v m\u011bstsk\u00fdch oblastech bez obav nosit z\u00e1padn\u00ed styl. Ve\u0159ejn\u00e1 kritika kr\u00e1lovsk\u00e9 rodiny poru\u0161uje z\u00e1kony o ur\u00e1\u017ece majest\u00e1tu, a to i p\u0159es v\u0161eobecnou dobrou v\u016fli v\u016f\u010di monarchii. Diskuse o n\u00e1bo\u017eenstv\u00ed vyb\u00edz\u00ed k otev\u0159enosti, a\u010dkoli otev\u0159en\u00fd ateismus m\u016f\u017ee vyvolat neklid. B\u011bhem ramad\u00e1nu si ve\u0159ejn\u00e9 j\u00eddlo a pit\u00ed mezi \u00fasvitem a soumrakem zaslou\u017e\u00ed zdr\u017eenlivost.<\/p>\n\n\n\n<p>Jord\u00e1nska identita se vyno\u0159uje z vrstev starov\u011bk\u00fdch civilizac\u00ed, odolnosti pou\u0161t\u011b a modern\u00edch v\u00fdzev. Jeho strategick\u00e1 poloha, nedostatek vody a pohostinnost pro uprchl\u00edky formuj\u00ed dom\u00e1c\u00ed politiku. Kulturn\u00ed d\u011bdictv\u00ed a p\u0159\u00edrodn\u00ed prvky p\u0159itahuj\u00ed v\u011bdce i turisty. Ekonomick\u00e1 diverzifikace prost\u0159ednictv\u00edm cestovn\u00edho ruchu, zdravotnick\u00fdch slu\u017eeb, obnoviteln\u00fdch zdroj\u016f energie a fosf\u00e1t\u016f se sna\u017e\u00ed kompenzovat omezen\u00e9 zdroje. Uprost\u0159ed t\u011bchto proud\u016f si Jord\u00e1nsko udr\u017euje rovnov\u00e1hu mezi p\u00e9\u010d\u00ed o starov\u011bk a adaptac\u00ed na po\u017eadavky 21. stolet\u00ed.<\/p>","protected":false},"excerpt":{"rendered":"<p>Jord\u00e1nsko, form\u00e1ln\u011b ozna\u010dovan\u00e9 jako Jord\u00e1nsk\u00e9 h\u00e1\u0161imovsk\u00e9 kr\u00e1lovstv\u00ed, je n\u00e1rod zna\u010dn\u00e9ho historick\u00e9ho a modern\u00edho v\u00fdznamu v oblasti ji\u017en\u00ed Levanty v z\u00e1padn\u00ed Asii. Strategick\u00e1 poloha Jord\u00e1nska, kter\u00e1 se nach\u00e1z\u00ed na k\u0159i\u017eovatce starov\u011bk\u00fdch civilizac\u00ed, ovlivnila jeho rozs\u00e1hlou kulturn\u00ed historii a slo\u017eit\u00e9 geopolitick\u00e9 prost\u0159ed\u00ed. Jord\u00e1nsko s v\u00edce ne\u017e 11,5 miliony obyvatel se \u0159ad\u00ed na jeden\u00e1ctou nejlidnat\u011bj\u0161\u00ed arabskou zemi s hlavn\u00edm a hlavn\u00edm m\u011bstem Amm\u00e1nem, kter\u00e9 funguje jako dynamick\u00e9 centrum politick\u00e9, ekonomick\u00e9 a kulturn\u00ed aktivity v Levant\u011b.<\/p>","protected":false},"author":1,"featured_media":3529,"parent":24063,"menu_order":0,"comment_status":"closed","ping_status":"closed","template":"elementor_theme","meta":{"_eb_attr":"","footnotes":""},"class_list":["post-14908","page","type-page","status-publish","has-post-thumbnail"],"_links":{"self":[{"href":"https:\/\/travelshelper.com\/cs\/wp-json\/wp\/v2\/pages\/14908","targetHints":{"allow":["GET"]}}],"collection":[{"href":"https:\/\/travelshelper.com\/cs\/wp-json\/wp\/v2\/pages"}],"about":[{"href":"https:\/\/travelshelper.com\/cs\/wp-json\/wp\/v2\/types\/page"}],"author":[{"embeddable":true,"href":"https:\/\/travelshelper.com\/cs\/wp-json\/wp\/v2\/users\/1"}],"replies":[{"embeddable":true,"href":"https:\/\/travelshelper.com\/cs\/wp-json\/wp\/v2\/comments?post=14908"}],"version-history":[{"count":0,"href":"https:\/\/travelshelper.com\/cs\/wp-json\/wp\/v2\/pages\/14908\/revisions"}],"up":[{"embeddable":true,"href":"https:\/\/travelshelper.com\/cs\/wp-json\/wp\/v2\/pages\/24063"}],"wp:featuredmedia":[{"embeddable":true,"href":"https:\/\/travelshelper.com\/cs\/wp-json\/wp\/v2\/media\/3529"}],"wp:attachment":[{"href":"https:\/\/travelshelper.com\/cs\/wp-json\/wp\/v2\/media?parent=14908"}],"curies":[{"name":"wp","href":"https:\/\/api.w.org\/{rel}","templated":true}]}}