{"id":14902,"date":"2024-09-20T11:59:04","date_gmt":"2024-09-20T11:59:04","guid":{"rendered":"https:\/\/travelshelper.com\/staging\/?page_id=14902"},"modified":"2026-03-11T17:38:30","modified_gmt":"2026-03-11T17:38:30","slug":"aomori","status":"publish","type":"page","link":"https:\/\/travelshelper.com\/cs\/destinations\/asia\/japan\/aomori\/","title":{"rendered":"Aomori"},"content":{"rendered":"<p>M\u011bsto Aomori se nach\u00e1z\u00ed na severn\u00edm okraji ostrova Hon\u0161\u00fa a shl\u00ed\u017e\u00ed na rameno z\u00e1livu Mutsu zn\u00e1m\u00e9ho jako Aomori Bay. Jeho ter\u00e9n se rozkl\u00e1d\u00e1 na plo\u0161e p\u0159ibli\u017en\u011b 825 kilometr\u016f \u010dtvere\u010dn\u00edch a rozkl\u00e1d\u00e1 se od n\u00edzko polo\u017een\u00e9 Aomorsk\u00e9 pl\u00e1n\u011b a\u017e po podh\u016f\u0159\u00ed poho\u0159\u00ed Hakk\u00f3da a Higa\u0161idake. M\u011bstem prot\u00e9kaj\u00ed dv\u011b \u0159eky \u2013 Komagome a jej\u00ed p\u0159\u00edtok Arakawa, kter\u00e9 si pro\u0159ez\u00e1vaj\u00ed kan\u00e1ly farmami a p\u0159edm\u011bst\u00edmi, ne\u017e se slou\u010d\u00ed s mo\u0159em. Tato rozmanit\u00e1 krajina spolu se s\u00edt\u00ed park\u016f \u2013 mezi nimi\u017e je park Gappo na n\u00e1b\u0159e\u017e\u00ed, park Aoimori pobl\u00ed\u017e m\u011bstsk\u00e9ho centra a odlehlej\u0161\u00ed park Nogiwa \u2013 formovala os\u00eddlen\u00ed i identitu tak, \u017ee sah\u00e1 daleko za pob\u0159e\u017e\u00ed.<\/p>\n\n\n\n<p>Jm\u00e9no Aomori, doslova \u201emodr\u00fd les\u201c, a\u010dkoli n\u011bkdy p\u0159ekl\u00e1d\u00e1no jako \u201ezelen\u00fd les\u201c, p\u0159ipom\u00edn\u00e1 mal\u00fd h\u00e1j na nedalek\u00e9m kopci, kdysi orienta\u010dn\u00ed bod pro ryb\u00e1\u0159e ob\u00edhaj\u00edc\u00ed z\u00e1liv. Alternativn\u00ed hypot\u00e9za spojuje jm\u00e9no s jazykem Ainu a nazna\u010duje hlub\u0161\u00ed vrstvy kulturn\u00edch setk\u00e1n\u00ed, kter\u00e9 p\u0159edch\u00e1zej\u00ed p\u00edsemn\u00fdm z\u00e1znam\u016fm. A\u0165 u\u017e je jeho p\u0159esn\u00fd p\u016fvod jak\u00fdkoli, jm\u00e9no odkazuje k prost\u0159ed\u00ed \u017eiv\u00e9mu a prom\u011bnliv\u00e9mu z\u00e1rove\u0148, m\u00edstu, kde se od proudu Oyashio val\u00ed mo\u0159sk\u00e9 mlhy a zimn\u00ed sn\u00edh se hromad\u00ed do ohromuj\u00edc\u00edch hloubek.<\/p>\n\n\n\n<p>D\u016fkazy o lidsk\u00e9 p\u0159\u00edtomnosti zde sahaj\u00ed tis\u00edcilet\u00ed do minulosti. Lokalita Sannai-Marujama, jihoz\u00e1padn\u011b od modern\u00edho centra m\u011bsta, poch\u00e1z\u00ed z obdob\u00ed mezi lety 5500 a 4000 p\u0159. n. l. Jeho rozlehl\u00e9 j\u00e1my a skladovac\u00ed domy donutily archeology p\u0159ehodnotit rozsah spole\u010dnosti obdob\u00ed D\u017e\u00f3mon. O n\u011bco d\u00e1le na jih le\u017e\u00ed lokalita Komakino, kter\u00e1 vzkv\u00e9tala kolem roku 4000 p\u0159. n. l. a jej\u00ed pe\u010dliv\u011b srovnan\u00e9 kameny sv\u011bd\u010d\u00ed o lidech, kte\u0159\u00ed ji\u017e byli zb\u011bhl\u00ed v ceremoni\u00e1ln\u00ed architektu\u0159e. Tyto ran\u00e9 komunity \u017eily v harmonii s lesy a \u0159ekami a jejich hmotn\u00e9 stopy byly poh\u0159beny, dokud je neobjevily modern\u00ed vykop\u00e1vky.<\/p>\n\n\n\n<p>V \u00e9\u0159e Heian tvo\u0159ila oblast sou\u010d\u00e1st \u00fazem\u00ed severn\u00ed Fud\u017eivary, ale obyvatel\u00e9 kmene Emi\u0161i si zde nad\u00e1le udr\u017eovali p\u0159\u00edtomn\u00e9 m\u00edsto. Po p\u00e1du moci Fud\u017eivary si o moc n\u00e1rokovaly po sob\u011b jdouc\u00ed samurajsk\u00e9 klany: Nambuov\u00e9 na v\u00fdchod\u011b dr\u017eeli nomin\u00e1ln\u00ed titul, zat\u00edmco Cugaruov\u00e9 z Namioky si v obdob\u00ed Sengoku udr\u017eeli faktickou kontrolu. V ran\u00fdch letech Edo le\u017eela osada, kter\u00e1 se pozd\u011bji stala dne\u0161n\u00edm Aomori, v dom\u00e9n\u011b Hirosaki a nesla n\u00e1zev Ut\u00f3. V roce 1626 na\u0159\u00eddil daimj\u00f3 Cugaru Nobuhira jej\u00ed rekonstrukci pod n\u00e1zvem Aomori, a\u010dkoli p\u00edsemn\u00e9 z\u00e1znamy o t\u00e9to zm\u011bn\u011b jsou vz\u00e1cn\u00e9 a v\u011bdci se p\u0159ou o to, zda Ut\u00f3 a Aomori byly n\u011bkdy odd\u011blen\u00e9 entity, nebo jen dva n\u00e1zvy pro jednu p\u0159\u00edstavn\u00ed vesnici.<\/p>\n\n\n\n<p>Obdob\u00ed Meid\u017ei p\u0159ineslo radik\u00e1ln\u00ed spr\u00e1vn\u00ed reformu. Na \u00fazem\u00ed dne\u0161n\u00ed prefektury Aomori vzniklo \u0161est prefektur, kter\u00e9 se v \u010dervenci 1871 slou\u010dily do prefektury Hirosaki. Soupe\u0159en\u00ed mezi regiony Tsugaru a Nambu vedlo k rychl\u00e9mu p\u0159esunu hlavn\u00edho m\u011bsta do centr\u00e1ln\u011bj\u0161\u00edho p\u0159\u00edstavn\u00edho m\u011bsta, co\u017e vedlo k zalo\u017een\u00ed prefektury Aomori 23. z\u00e1\u0159\u00ed 1871. V r\u00e1mci modern\u00edho obecn\u00edho syst\u00e9mu vytvo\u0159en\u00e9ho 1. dubna 1889 z\u00edskalo Aomori status m\u011bsta v okrese Higashitsugaru a do 1. dubna 1898 bylo uzn\u00e1no jako m\u011bsto.<\/p>\n\n\n\n<p>Rozvoj dopravy na konci 19. stolet\u00ed prom\u011bnil Aomori ve strategicky d\u016fle\u017eit\u00e9 leti\u0161t\u011b. Trajekt do Hakodate byl zah\u00e1jen v roce 1872 a spojoval Hokkaid\u00f3 s Hon\u0161\u00fa p\u0159es \u00fa\u017einu Tsugaru. Hlavn\u00ed tra\u0165 T\u00f3hoku dos\u00e1hla Aomori z Tokia v z\u00e1\u0159\u00ed 1891; o t\u0159i roky pozd\u011bji se hlavn\u00ed tra\u0165 \u014cu t\u00e1hla pod\u00e9l pob\u0159e\u017e\u00ed Japonsk\u00e9ho mo\u0159e a\u017e do m\u011bsta. Trajekt Seikan, slavnostn\u011b otev\u0159en\u00fd v roce 1908, p\u0159epravoval cestuj\u00edc\u00ed a n\u00e1klad a\u017e do otev\u0159en\u00ed tunelu Seikan pod \u00fa\u017einou v b\u0159eznu 1988. Mezit\u00edm se zm\u011bnilo i \u017eelezni\u010dn\u00ed spojen\u00ed: T\u00f3hoku Shinkansen, zah\u00e1jen\u00fd v roce 2010, nyn\u00ed obsluhuje stanici \u0160in-Aomori a urychluje cestuj\u00edc\u00ed na jih do Sendai a Tokia.<\/p>\n\n\n\n<p>Vojensk\u00e1 historie Aomori zahrnuje tragick\u00e9 i p\u0159evratn\u00e9 epizody. Od roku 1896 zde s\u00eddlila 8. divize Japonsk\u00e9 c\u00edsa\u0159sk\u00e9 arm\u00e1dy. V zim\u011b roku 1902 skon\u010dilo cvi\u010den\u00ed v chladn\u00e9m po\u010das\u00ed v poho\u0159\u00ed Hakk\u00f3da katastrofou: z 210 voj\u00e1k\u016f vyslan\u00fdch z Aomori p\u0159e\u017eilo pouze jeden\u00e1ct. Incident v poho\u0159\u00ed Hakk\u00f3da z\u016fst\u00e1v\u00e1 smutnou kapitolou region\u00e1ln\u00edch tradic. Po\u017e\u00e1r 3. kv\u011btna 1910 zni\u010dil velkou \u010d\u00e1st m\u011bsta a p\u0159\u00edchod pravideln\u00e9 leteck\u00e9 dopravy v roce 1937 signalizoval dal\u0161\u00ed modernizaci.<\/p>\n\n\n\n<p>V\u00e1le\u010dn\u00e9 obdob\u00ed p\u0159ineslo nov\u00e9 zk\u00e1zy. V noci z 28. na 29. \u010dervence 1945 si americk\u00e9 bombardov\u00e1n\u00ed vy\u017e\u00e1dalo 1767 \u017eivot\u016f a zni\u010dilo t\u00e9m\u011b\u0159 dev\u011bt desetin m\u011bsta. Obnova v pov\u00e1le\u010dn\u00fdch desetilet\u00edch byla rychl\u00e1: do roku 1951 spojila linka Tsogaru stanici Aomori s Kanitou a v roce 1964 bylo otev\u0159eno prvn\u00ed leti\u0161t\u011b v sousedn\u00ed Namioce. D\u00e1lnice T\u00f3hoku byla otev\u0159ena v roce 1979 a zapojila Aomori do rostouc\u00ed celost\u00e1tn\u00ed d\u00e1lni\u010dn\u00ed s\u00edt\u011b. \u00da\u010delov\u00e9 m\u011bstsk\u00e9 leti\u0161t\u011b, otev\u0159en\u00e9 19. \u010dervence 1987, odbavovalo vnitrost\u00e1tn\u00ed lety do Tokia, \u00d3saky, Nagoje a Sappora a mezin\u00e1rodn\u00ed lety do Soulu a Tchaj-peje. Dne 1. \u0159\u00edjna 2002 bylo Aomori ozna\u010deno za centr\u00e1ln\u00ed m\u011bsto, co\u017e mu zaru\u010dilo pos\u00edlenou m\u00edstn\u00ed autonomii.<\/p>\n\n\n\n<p>Hranice obc\u00ed se v nov\u00e9m tis\u00edcilet\u00ed op\u011bt posunuly. 1. dubna 2005 bylo sousedn\u00ed m\u011bsto Namioka absorbov\u00e1no, \u010d\u00edm\u017e se rozloha m\u011bsta t\u00e9m\u011b\u0159 zdvojn\u00e1sobila. \u010c\u00e1st byla pozd\u011bji, v z\u00e1\u0159\u00ed 2007, postoupena m\u011bstu Fujisaki v okrese Minamitsugaru, ale Aomori z\u016fst\u00e1v\u00e1 j\u00e1drem metropolitn\u00ed oblasti, jednoho z 62 hlavn\u00edch m\u011bst Japonska. K 1. srpnu 2023 zde \u017eilo 264 945 obyvatel ve 136 781 dom\u00e1cnostech, co\u017e p\u0159edstavuje celkovou hustotu zalidn\u011bn\u00ed 321 osob na kilometr \u010dtvere\u010dn\u00ed.<\/p>\n\n\n\n<p>Klima je zde utv\u00e1\u0159eno zem\u011bpisnou \u0161\u00ed\u0159kou a mo\u0159sk\u00fdmi proudy. Aomori le\u017e\u00ed na prahu dvou K\u00f6ppenovy klasifikace: studen\u00e9ho, \u200b\u200bvlhk\u00e9ho kontinent\u00e1ln\u00edho re\u017eimu (Dfa) a vlhk\u00e9ho subtropick\u00e9ho re\u017eimu (Cfa), p\u0159i\u010dem\u017e pr\u016fm\u011brn\u00e9 teploty v lednu a \u00fanoru se pohybuj\u00ed t\u011bsn\u011b pod bodem mrazu. Pr\u016fm\u011brn\u00e9 ro\u010dn\u00ed sr\u00e1\u017eky jsou 1 285 mm, vrchol\u00ed v z\u00e1\u0159\u00ed. L\u00e9ta jsou tepl\u00e1, ale kr\u00e1tk\u00e1; zimy se vyzna\u010duj\u00ed obrovsk\u00fdmi sn\u011b\u017een\u00edmi. V \u00fanoru 1945 dos\u00e1hla v\u00fd\u0161ka sn\u011bhu 209 cm. Teploty klesly a\u017e na -24,7 \u00b0C, co\u017e bylo zaznamen\u00e1no v roce 1931. M\u00edstn\u00ed v\u011btry, jako je letn\u00ed \u201eJamase\u201c, mohou p\u0159in\u00e9st prodlou\u017een\u00e1 chladn\u00e1 obdob\u00ed a ohrozit sklize\u0148 r\u00fd\u017ee, zat\u00edmco mlhy val\u00edc\u00ed se od pr\u016flivu \u010dasto naru\u0161uj\u00ed lety na leti\u0161ti.<\/p>\n\n\n\n<p>Ekonomick\u00fd \u017eivot se to\u010d\u00ed kolem slu\u017eeb, kter\u00e9 tvo\u0159\u00ed v\u00edce ne\u017e t\u0159i \u010dtvrtiny produkce m\u011bsta. Zpracovatelsk\u00fd pr\u016fmysl se pod\u00edl\u00ed zhruba 16 procenty, zat\u00edmco zem\u011bd\u011blstv\u00ed a rybolov dohromady tvo\u0159\u00ed skromn\u00e1 \u010dty\u0159i procenta. Kulturn\u00ed pr\u016fmysl a cestovn\u00ed ruch v\u0161ak hraj\u00ed v identit\u011b Aomori nesm\u00edrn\u011b d\u016fle\u017eitou roli. Na pob\u0159e\u017en\u00ed n\u00ed\u017ein\u011b a v bl\u00edzk\u00fdch hor\u00e1ch se nach\u00e1zej\u00ed term\u00e1ln\u00ed l\u00e1zn\u011b: Asamushi Onsen se nach\u00e1z\u00ed na okraji z\u00e1livu, zat\u00edmco Sukayu Onsen nab\u00edz\u00ed odlehl\u00e9 \u00fato\u010di\u0161t\u011b na \u00fapat\u00ed hory Hakk\u014dda. Ob\u011b l\u00e1kaj\u00ed n\u00e1v\u0161t\u011bvn\u00edky po v\u0161echna \u010dty\u0159i ro\u010dn\u00ed obdob\u00ed, kte\u0159\u00ed hledaj\u00ed relaxaci a pono\u0159en\u00ed se do p\u0159\u00edrody.<\/p>\n\n\n\n<p>Ka\u017ed\u00fd srpen o\u017eivuje Nebuta Matsuri m\u011bstsk\u00e9 ulice kolos\u00e1ln\u00edmi, osv\u011btlen\u00fdmi alegorick\u00fdmi vozy vy\u0159ezan\u00fdmi z washi pap\u00edru, kter\u00e9 zobrazuj\u00ed hrdiny, d\u00e9mony nebo sc\u00e9ny z m\u00fdt\u016f a historie. Doprov\u00e1zej\u00ed je um\u011blci, kte\u0159\u00ed skanduj\u00ed rytmy na bubnech taiko a vedou postavy davem. Festival, uzn\u00e1van\u00fd mezi \u201e100 japonsk\u00fdmi zvukov\u00fdmi krajinami\u201c, se stal synonymem pro kulturn\u00ed puls Aomori.<\/p>\n\n\n\n<p>Krom\u011b sez\u00f3nn\u00edch pod\u00edvan\u00fdch si m\u011bsto uchov\u00e1v\u00e1 svou minulost prost\u0159ednictv\u00edm muze\u00ed a historick\u00fdch pam\u00e1tek. Lokalita Sannai-Maruyama je nyn\u00ed zvl\u00e1\u0161tn\u00edm n\u00e1rodn\u00edm historick\u00fdm m\u00edstem a jej\u00ed vykopan\u00e9 z\u00e1klady jsou p\u0159\u00edstupn\u00e9 n\u00e1v\u0161t\u011bvn\u00edk\u016fm. Prefekturn\u00ed muzeum Aomori a Muzeum um\u011bn\u00ed Aomori obsahuj\u00ed sb\u00edrky od region\u00e1ln\u00edch \u0159emesel a\u017e po sou\u010dasn\u00e9 socha\u0159stv\u00ed. M\u011bstsk\u00e9 historick\u00e9 muzeum, Lesnick\u00e9 muzeum a Muzeum Nebuta Wa Rasse nab\u00edzej\u00ed jedine\u010dn\u00fd pohled na m\u00edstn\u00ed d\u011bdictv\u00ed, od zalesn\u011bn\u00fdch kopc\u016f, kter\u00e9 inspirovaly jm\u00e9no Aomori, a\u017e po aleje, kter\u00e9 o\u017eivuj\u00ed jeho ulice. Z\u0159\u00edceniny hradu Namioka a zbytky osady Komakino stoj\u00ed jako ti\u0161\u00ed sv\u011bdci stalet\u00ed os\u00eddlen\u00ed.<\/p>\n\n\n\n<p>Modern\u00ed infrastruktura sah\u00e1 za hranice muze\u00ed. Sb\u00edhaj\u00ed se zde n\u00e1rodn\u00ed trasy \u2013 4, 7, 101, 280 a dal\u0161\u00ed \u2013 spolu s rychlostn\u00edmi silnicemi Aomori a Tsugaru. Trajekty nad\u00e1le jezd\u00ed pr\u016flivem, i kdy\u017e nyn\u00ed prim\u00e1rn\u011b jako rekrea\u010dn\u00ed plavba, nikoli jako jedin\u00e9 spojen\u00ed s Hokkaidem. P\u0159\u00edstav Aomori st\u00e1le v\u00edt\u00e1 lod\u011b pod\u00e9l trajektu Tsugaru Kaiky\u014d a zachov\u00e1v\u00e1 tak n\u00e1mo\u0159n\u00ed tradici sahaj\u00edc\u00ed a\u017e do konce devaten\u00e1ct\u00e9ho stolet\u00ed.<\/p>\n\n\n\n<p>Ve sv\u00e9 architektu\u0159e, v rytmu ro\u010dn\u00edch obdob\u00ed a v pro\u017eit\u00fdch vzpom\u00ednk\u00e1ch sv\u00fdch obyvatel zt\u011bles\u0148uje Aomori odolnost i znovuobjeven\u00ed. Zalesn\u011bn\u00e9 kopce na obzoru p\u0159ipom\u00ednaj\u00ed vesnici, jej\u00ed\u017e jm\u00e9no p\u0159etrv\u00e1v\u00e1 v kanji, zat\u00edmco ulice a \u017eelezni\u010dn\u00ed trat\u011b m\u011bsta vykresluj\u00ed linie ambic\u00ed, str\u00e1d\u00e1n\u00ed a obnovy. Hust\u00e9 sn\u011bhy poh\u0159b\u00edvaj\u00ed ka\u017edou zimu m\u011bsto i farmu, stejn\u011b jako po stalet\u00ed, jen aby se rozplynuly v drav\u00fdch potoc\u00edch, kter\u00e9 se rozptyluj\u00ed do z\u00e1livu. Pod ka\u017ed\u00fdm povrchem se skr\u00fdv\u00e1 p\u0159\u00edb\u011bh: o lovc\u00edch D\u017e\u00f3monech, o farm\u00e1\u0159\u00edch Emi\u0161i, o samurajsk\u00fdch p\u00e1nech, o modern\u00edch ob\u010danech utv\u00e1\u0159ej\u00edc\u00edch si budoucnost uprost\u0159ed neust\u00e1le se m\u011bn\u00edc\u00edho cyklu p\u0159\u00edrody. Aomori je v tomto smyslu v\u00edc ne\u017e jen m\u00edsto na map\u011b; je to pokra\u010duj\u00edc\u00ed p\u0159\u00edb\u011bh lidsk\u00e9 vytrvalosti na vzd\u00e1len\u00e9m okraji Hon\u0161\u00fa.<\/p>","protected":false},"excerpt":{"rendered":"<p>Aomori, hlavn\u00ed m\u011bsto prefektury Aomori, je p\u0159\u00edkladem bohat\u00e9ho d\u011bdictv\u00ed severn\u00ed hranice Japonska. Aomori, kter\u00fd se nach\u00e1z\u00ed pobl\u00ed\u017e nejsevern\u011bj\u0161\u00edho v\u00fdb\u011b\u017eku Hon\u0161\u00fa, nejv\u011bt\u0161\u00edho hlavn\u00edho japonsk\u00e9ho ostrova, m\u00e1 obrovskou hodnotu d\u00edky sv\u00e9 geografick\u00e9 poloze a kulturn\u00edmu v\u00fdznamu. K 1. srpnu 2023 m\u00e1 toto dynamick\u00e9 metropolitn\u00ed centrum odhadovanou populaci 264 945 jedinc\u016f, kte\u0159\u00ed bydl\u00ed ve 136 781 domech. Aomori zahrnuje rozlohu 824,61 kilometr\u016f \u010dtvere\u010dn\u00edch (318,38 mil \u010dtvere\u010dn\u00edch) a vykazuje hustotu obyvatelstva 321 jedinc\u016f na kilometr \u010dtvere\u010dn\u00ed, \u010d\u00edm\u017e \u00fa\u010dinn\u011b vyva\u017euje expanzi m\u011bsta s ochranou jeho p\u0159irozen\u00e9ho prost\u0159ed\u00ed.<\/p>","protected":false},"author":1,"featured_media":2901,"parent":14797,"menu_order":0,"comment_status":"closed","ping_status":"closed","template":"elementor_theme","meta":{"_eb_attr":"","footnotes":""},"class_list":["post-14902","page","type-page","status-publish","has-post-thumbnail"],"_links":{"self":[{"href":"https:\/\/travelshelper.com\/cs\/wp-json\/wp\/v2\/pages\/14902","targetHints":{"allow":["GET"]}}],"collection":[{"href":"https:\/\/travelshelper.com\/cs\/wp-json\/wp\/v2\/pages"}],"about":[{"href":"https:\/\/travelshelper.com\/cs\/wp-json\/wp\/v2\/types\/page"}],"author":[{"embeddable":true,"href":"https:\/\/travelshelper.com\/cs\/wp-json\/wp\/v2\/users\/1"}],"replies":[{"embeddable":true,"href":"https:\/\/travelshelper.com\/cs\/wp-json\/wp\/v2\/comments?post=14902"}],"version-history":[{"count":0,"href":"https:\/\/travelshelper.com\/cs\/wp-json\/wp\/v2\/pages\/14902\/revisions"}],"up":[{"embeddable":true,"href":"https:\/\/travelshelper.com\/cs\/wp-json\/wp\/v2\/pages\/14797"}],"wp:featuredmedia":[{"embeddable":true,"href":"https:\/\/travelshelper.com\/cs\/wp-json\/wp\/v2\/media\/2901"}],"wp:attachment":[{"href":"https:\/\/travelshelper.com\/cs\/wp-json\/wp\/v2\/media?parent=14902"}],"curies":[{"name":"wp","href":"https:\/\/api.w.org\/{rel}","templated":true}]}}