{"id":14896,"date":"2024-09-20T11:50:26","date_gmt":"2024-09-20T11:50:26","guid":{"rendered":"https:\/\/travelshelper.com\/staging\/?page_id=14896"},"modified":"2026-03-11T17:36:34","modified_gmt":"2026-03-11T17:36:34","slug":"fukuoka","status":"publish","type":"page","link":"https:\/\/travelshelper.com\/cs\/destinations\/asia\/japan\/fukuoka\/","title":{"rendered":"Fukuoka"},"content":{"rendered":"<p>Fukuoka, bij\u00edc\u00ed srdce Kj\u00fa\u0161\u00fa, se rozkl\u00e1d\u00e1 na p\u016flm\u011bs\u00edci zem\u011b pod\u00e9l severn\u00edho pob\u0159e\u017e\u00ed z\u00e1livu Hakata. Jako hlavn\u00ed m\u011bsto prefektury Fukuoka je \u0161est\u00fdm nejv\u011bt\u0161\u00edm m\u011bstem Japonska, jeho\u017e panorama je zv\u00fdrazn\u011bno modern\u00edmi v\u011b\u017eemi a zelen\u00fdmi \u00fapat\u00edmi okoln\u00edch hor. Z tohoto \u00fahlu pohledu je jasn\u00e9, pro\u010d toto m\u00edsto po stalet\u00ed slou\u017e\u00ed jako okno Japonska do Asie. Fukuoka, le\u017e\u00edc\u00ed pouh\u00fdch 180 kilometr\u016f od Pusanu \u2013 jeho partnersk\u00e9ho m\u011bsta na druh\u00e9 stran\u011b Genkajsk\u00e9ho mo\u0159e \u2013 nab\u00edz\u00ed hmatateln\u00fd pocit otev\u0159enosti v\u016f\u010di zahrani\u010dn\u00edm proud\u016fm, a p\u0159esto\u017ee p\u011bstuje kulturu, kter\u00e1 je nezam\u011bniteln\u011b m\u00edstn\u00ed.<\/p>\n\n\n\n<p>Lidsk\u00e1 p\u0159\u00edtomnost zde sah\u00e1 a\u017e do obdob\u00ed D\u017e\u00f3mon, ale pr\u00e1v\u011b b\u011bhem \u00e9ry Jajoi se pod\u00e9l \u00farodn\u00fdch okraj\u016f z\u00e1livu formovalo p\u011bstov\u00e1n\u00ed r\u00fd\u017ee a prvn\u00ed os\u00eddlen\u00ed. V obdob\u00ed Jamato se politick\u00fd vliv za\u010dal upev\u0148ovat, p\u0159esto Fukuoka z\u016fstala na d\u00e9lku pa\u017ee od c\u00edsa\u0159sk\u00fdch center Kj\u00f3ta a pozd\u011bji Eda. Tato vzd\u00e1lenost podpo\u0159ila dialekt a zvyky, kter\u00e9 p\u0159etrv\u00e1vaj\u00ed dodnes a dod\u00e1vaj\u00ed m\u011bstu jeho charakteristick\u00fd rytmus a v\u0159elost.<\/p>\n\n\n\n<p>V obdob\u00ed Edo \u017eila vedle sebe dvoj\u010data m\u011bst Hakata a Fukuoka. Jedno bylo obchodn\u00edm centrem, druh\u00e9 dom\u00e9nou samuraj\u016f; legenda prav\u00ed, \u017ee v roce 1889 se m\u00edstn\u00ed samurajov\u00e9 zapojili do sout\u011b\u017ee o pojmenov\u00e1n\u00ed slou\u010den\u00e9ho m\u011bsta a zajistili tak v\u00edt\u011bzstv\u00ed n\u00e1zvu \u201eFukuoka\u201c \u2013 p\u0159esto\u017ee jeho p\u0159\u00edstav a hlavn\u00ed vlakov\u00e9 n\u00e1dra\u017e\u00ed st\u00e1le nesou n\u00e1zev Hakata. Takov\u00e9 p\u0159\u00edb\u011bhy, a\u0165 u\u017e zcela faktick\u00e9 nebo s n\u00e1dechem folkl\u00f3ru, ilustruj\u00ed schopnost m\u011bsta vyva\u017eovat dv\u011b identity, ani\u017e by n\u011bkterou z nich oslabovala.<\/p>\n\n\n\n<p>V polovin\u011b dvac\u00e1t\u00e9ho stolet\u00ed se r\u016fst Fukuoky zrychlil. M\u011bsto z\u00edskalo status vl\u00e1dn\u00edho na\u0159\u00edzen\u00ed 1. dubna 1972 a do roku 2005 \u010d\u00edtala Velk\u00e1 Fukuoka \u2013 jej\u00ed \u0161ir\u0161\u00ed metropolitn\u00ed oblast v\u010detn\u011b Kitakj\u00fa\u0161\u00fa \u2013 p\u0159ibli\u017en\u011b 2,5 milionu obyvatel. V tomto roce Fukuoka tak\u00e9 p\u0159ekonala K\u00f3be v po\u010dtu obyvatel m\u011bsta a v \u010dervenci 2011 zast\u00ednila Kj\u00f3to, co\u017e bylo poprv\u00e9 od zalo\u017een\u00ed Kj\u00f3ta v roce 794, kdy ji p\u0159ed\u010dilo z\u00e1padn\u00ed m\u011bsto. V b\u0159eznu 2023 dos\u00e1hl ofici\u00e1ln\u00ed po\u010det obyvatel 1 632 713, rozd\u011blen\u00fdch mezi zhruba 770 000 mu\u017e\u016f a 862 000 \u017een, co\u017e na rozloze 343 kilometr\u016f \u010dtvere\u010dn\u00edch p\u0159edstavuje hustotu obyvatelstva kolem 4 515 obyvatel na kilometr \u010dtvere\u010dn\u00ed.<\/p>\n\n\n\n<p>Demografick\u00fd posun m\u011bsta je pozoruhodn\u00fd jeho mladistvost\u00ed a otev\u0159enost\u00ed. Je to nejrychleji rostouc\u00ed velk\u00e9 m\u011bsto Japonska, p\u0159i\u010dem\u017e pod\u00edl obyvatel narozen\u00fdch v zahrani\u010d\u00ed roste mezi lety 2012 a 2017 rychleji ne\u017e kdekoli jinde v zemi. Zahrani\u010dn\u00ed studenti \u2013 t\u00e9m\u011b\u0159 deset tis\u00edc ro\u010dn\u011b \u2013 p\u0159ij\u00ed\u017ed\u011bj\u00ed do m\u011bsta, aby se zapojili do program\u016f na m\u00edstn\u00edch univerzit\u00e1ch, a p\u0159ibli\u017en\u011b 200 konferenc\u00ed p\u0159itahuje do konferen\u010dn\u00edch center glob\u00e1ln\u00ed odborn\u00edky. Dokonce i ro\u010dn\u00ed po\u010det bezdomovc\u016f, kter\u00fd kdysi v roce 2009 dos\u00e1hl vrcholu kolem tis\u00edce, se sn\u00ed\u017eil na pouh\u00e9 stovky, co\u017e odr\u00e1\u017e\u00ed soust\u0159ed\u011bn\u00e9 soci\u00e1ln\u00ed programy.<\/p>\n\n\n\n<p>P\u0159\u00edmo\u0159sk\u00e1 geografie Fukuoky tak\u00e9 utv\u00e1\u0159\u00ed jej\u00ed klima. Fukuoka je ze t\u0159\u00ed stran ohrani\u010dena horami a na sever se otev\u00edr\u00e1 do Genkaisk\u00e9ho mo\u0159e, tak\u017ee se t\u011b\u0161\u00ed vlhk\u00e9mu subtropick\u00e9mu re\u017eimu. Pr\u016fm\u011brn\u00e9 ro\u010dn\u00ed teploty dosahuj\u00ed 16,3 \u00b0C, vlhkost vzduchu se pohybuje kolem 70 procent a celkov\u00fd po\u010det slune\u010dn\u00edch svitu je okolo 1 811 hodin. Zimy z\u016fst\u00e1vaj\u00ed m\u00edrn\u00e9 \u2013 z\u0159\u00eddka klesaj\u00ed pod bod mrazu \u2013 a sn\u011b\u017een\u00ed je sp\u00ed\u0161e jemn\u00fdm tahem \u0161t\u011btcem ne\u017e pokr\u00fdvkou, na rozd\u00edl od siln\u011bj\u0161\u00edho sn\u011bhu na japonsk\u00e9m pob\u0159e\u017e\u00ed Japonsk\u00e9ho mo\u0159e. Jaro se rozprost\u00edr\u00e1 s kv\u011bty t\u0159e\u0161n\u00ed koncem b\u0159ezna nebo za\u010d\u00e1tkem dubna, kter\u00e9 vede k \u0161estit\u00fddenn\u00edmu obdob\u00ed de\u0161\u0165\u016f od \u010dervna do \u010dervence, kdy denn\u00ed maxima stoupaj\u00ed k 30 \u00b0C p\u0159i vysok\u00e9 vlhkosti. L\u00e9to dosahuje vrcholu kolem 37 \u00b0C, m\u00edrn\u011bn\u00e9ho mo\u0159sk\u00fdm v\u00e1nkem, a podzim \u2013 \u010dasto pova\u017eov\u00e1n za nejkr\u00e1sn\u011bj\u0161\u00ed ro\u010dn\u00ed obdob\u00ed \u2013 p\u0159in\u00e1\u0161\u00ed \u010dist\u00fd vzduch a m\u00edrn\u00e9 teplo, i kdy\u017e ob\u010dasn\u00e9 tajfuny se projev\u00ed a\u017e v z\u00e1\u0159\u00ed.<\/p>\n\n\n\n<p>Seismick\u00e9 ot\u0159esy jsou tak\u00e9 sou\u010d\u00e1st\u00ed reality Fukuoky, i kdy\u017e m\u00e9n\u011b \u010dast\u00e9 ne\u017e d\u00e1le na sever. 20. b\u0159ezna 2005 ude\u0159ilo v 10:53 m\u00edstn\u00edho \u010dasu zem\u011bt\u0159esen\u00ed s ni\u017e\u0161\u00ed intenzitou 6, kter\u00e9 poch\u00e1zelo z prodlou\u017een\u00ed zlomu Kego pod Genkaisk\u00fdm mo\u0159em. Jeden \u017eivot byl ztracen, v\u00edce ne\u017e 400 lid\u00ed utrp\u011blo zran\u011bn\u00ed a ostrov Genkai utrp\u011bl nejv\u011bt\u0161\u00ed t\u00edhu \u0161kod, co\u017e vedlo k masov\u00e9 evakuaci. Tradi\u010dn\u00ed d\u0159ev\u011bn\u00e9 domy v Daimj\u00f3 a Imaizumi dopadly nejh\u016f\u0159e, mnoh\u00e9 z nich byly pozd\u011bji ur\u010deny k demolici. Pojistn\u00e9 pln\u011bn\u00ed se bl\u00ed\u017eila 15,8 miliard\u00e1m jen\u016f. O m\u011bs\u00edc pozd\u011bji, 20. dubna, zaznamenal druh\u00fd ot\u0159es s\u00edlu 5+ na stupnici, co\u017e zd\u016fraznilo dosah zlomu. Studie od t\u00e9 doby roz\u0161\u00ed\u0159ily zn\u00e1mou d\u00e9lku zlomu Kego na 40 kilometr\u016f a zv\u00fd\u0161ily pravd\u011bpodobnost v\u00fdznamn\u00e9ho zem\u011bt\u0159esen\u00ed.<\/p>\n\n\n\n<p>Hospod\u00e1\u0159sk\u00fd \u017eivot ve Fukuoce je zalo\u017een na slu\u017eb\u00e1ch a inovac\u00edch. \u0158ad\u00ed se mezi hlavn\u00ed japonsk\u00e9 centrum pro startupy, jedinou n\u00e1rodn\u00ed z\u00f3nu v\u011bnovanou nov\u00fdm podnik\u016fm, s v\u00edzov\u00fdmi pob\u00eddkami, fisk\u00e1ln\u00edmi \u00falevami a poradensk\u00fdmi s\u00edt\u011bmi. Velk\u00e9 korporace jako Iwataya a Kyushu Electric Power sd\u00edlej\u00ed panorama s agiln\u00edmi technologick\u00fdmi a logistick\u00fdmi firmami. Zat\u00edmco t\u011b\u017ek\u00fd pr\u016fmysl se soust\u0159e\u010fuje v Kitakj\u00fa\u0161\u00fa, metropolitn\u00ed oblast Fukuoky \u2013 \u010dtvrt\u00e1 v Japonsku podle HDP \u2013 vygenerovala v roce 2010 101,6 miliardy USD. Podle m\u011b\u0159\u00edtka kupn\u00ed s\u00edly se jej\u00ed produkce srovn\u00e1v\u00e1 s Melbourne a Barcelonou.<\/p>\n\n\n\n<p>Dopravn\u00ed infrastruktura posiluje region\u00e1ln\u00ed v\u00fdznam Fukuoky. Stanice Hakata \u2013 kone\u010dn\u00e1 linek Sany\u014d a Kyushu Shinkansen \u2013 slou\u017e\u00ed jako br\u00e1na do Hon\u0161\u00fa a Kago\u0161imy. M\u011bstsk\u00e9 metro s linkami K\u016bk\u014d, Hakozaki a Nanakuma (druh\u00e1 byla slavnostn\u011b otev\u0159ena v \u00fanoru 2005) spojuje leti\u0161t\u011b, centrum m\u011bsta a p\u0159edm\u011bstsk\u00e9 \u010dtvrti. Soukrom\u00fd \u017eelezni\u010dn\u00ed dopravce Nishi-Nippon Railroad p\u0159epravuje cestuj\u00edc\u00ed do \u014cmuty, zat\u00edmco spole\u010dnost JR Kyushu a korej\u0161t\u00ed partne\u0159i provozuj\u00ed k\u0159\u00eddlov\u00e9 lod\u011b do Pusanu. Leti\u0161t\u011b Fukuoka, kter\u00e9 se nach\u00e1z\u00ed v m\u011bstsk\u00fdch hranic\u00edch, odbavuje jak vnitrost\u00e1tn\u00ed lety, tak i rostouc\u00ed po\u010det mezin\u00e1rodn\u00edch tras. P\u0159\u00edstav Hakata spolu s nov\u011b roz\u0161\u00ed\u0159en\u00fdm termin\u00e1lem pro v\u00fdletn\u00ed lod\u011b p\u0159iv\u00edtal do roku 2016 p\u0159es 400 zast\u00e1vek lod\u00ed, z nich\u017e mnoh\u00e9 p\u0159iv\u00e1\u017eely n\u00e1v\u0161t\u011bvn\u00edky z \u010c\u00edny a Tchaj-wanu.<\/p>\n\n\n\n<p>Obchodn\u00ed a turistick\u00e9 \u00fa\u0159ady ve Fukuoce vyu\u017eily t\u00e9to propojenosti. Ka\u017ed\u00fd rok sem p\u0159ijede v\u00edce ne\u017e dva miliony zahrani\u010dn\u00edch n\u00e1v\u0161t\u011bvn\u00edk\u016f, kter\u00e9 l\u00e1kaj\u00ed m\u00edstn\u00ed speciality, jako je mentaiko, ramen s vep\u0159ovou kost\u00ed ve stylu Hakata a motsunabe. V noci se pod\u00e9l b\u0159eh\u016f \u0159ek Nakasu a Tenjin objevuj\u00ed shluky jatai \u2013 pouli\u010dn\u00edch st\u00e1nk\u016f \u2013 kter\u00e9 nab\u00edzej\u00ed ramen a jakitori pod pap\u00edrov\u00fdmi lucernami. B\u011bhem dne se objevuj\u00ed n\u00e1kupn\u00ed r\u00e1je: labyrintov\u00e1 pas\u00e1\u017e v Canal City, modern\u00ed komplex v JR Hakata City a butiky na b\u0159ehu \u0159eky Hakata Riverain.<\/p>\n\n\n\n<p>Kultura tak\u00e9 vzkv\u00e9t\u00e1. ACROS Fukuoka, \u201easijsk\u00e1 k\u0159i\u017eovatka nad mo\u0159em\u201c, se ty\u010d\u00ed v stup\u0148ovit\u00e9 zelen\u00e9 fas\u00e1d\u011b v centr\u00e1ln\u00edm parku Tenjin a nach\u00e1z\u00ed se zde symfonick\u00fd s\u00e1l a prostory pro v\u00fdstavy. Fukuoksk\u00e1 cena za asijskou kulturu, kterou z\u0159\u00eddila prefektura, oce\u0148uje v\u00fdznamn\u00e9 p\u0159\u00edsp\u011bvky k region\u00e1ln\u00edmu um\u011bn\u00ed a vzd\u011blanosti. M\u011bstskou s\u00ed\u0165 rozprost\u00edraj\u00ed muzea, galerie a divadla, zat\u00edmco v nedalek\u00e9m Sasaguri se nach\u00e1z\u00ed monument\u00e1ln\u00ed le\u017e\u00edc\u00ed Buddha od Nanzoina \u2013 42 metr\u016f lit\u00e9ho bronzu, kter\u00fd pat\u0159\u00ed k nejv\u011bt\u0161\u00edm sv\u00e9ho druhu na sv\u011bt\u011b ze syntetick\u00fdch materi\u00e1l\u016f.<\/p>\n\n\n\n<p>Historick\u00e9 vrstvy p\u0159etrv\u00e1vaj\u00ed v kameni a h\u00e1j\u00edch. Z\u0159\u00edcen\u00e9 zdi hradu Fukuoka a zrekonstruovan\u00e9 v\u011b\u017ee se dochovaly v parku Maizuru, kter\u00fd soused\u00ed s zrcadl\u00edc\u00edm se rybn\u00edkem parku \u00cchori. Chr\u00e1my jako T\u00f3\u010d\u00f3-d\u017ei, svatyn\u011b Hakozaki, Ka\u0161ii a D\u017e\u00f3ten-d\u017ei p\u0159ipom\u00ednaj\u00ed \u00e9ry \u0161\u00f3gun\u00e1tn\u00ed patronace. Za z\u00e1padn\u00ed \u010d\u00e1st\u00ed m\u011bsta l\u00e1kaj\u00ed pl\u00e1\u017ee Ito\u0161imy \u2013 Futamigaura a Keja \u2013 vlnami a p\u00edskem, kter\u00e9 jsou prokl\u00e1d\u00e1ny starobyl\u00fdmi svatyn\u011bmi a ka\u017edoro\u010dn\u00edm setk\u00e1n\u00edm hudebn\u00edk\u016f Sunset Live. Ve vnitrozem\u00ed podtrhuj\u00ed podzimn\u00ed javory Raizan Sennj\u00f3-d\u017ei a stezky lemovan\u00e9 sochami duchovn\u00ed kontury regionu.<\/p>\n\n\n\n<p>Cenov\u00e1 dostupnost zvy\u0161uje atraktivitu Fukuoky. V roce 2006 ji \u010dasopis Newsweek za\u0159adil mezi nejdynami\u010dt\u011bj\u0161\u00ed m\u011bsta sv\u011bta a pozd\u011bji \u010dasopis Monocle ji za\u0159adil mezi dvacet p\u011bt nejl\u00e9pe obyvateln\u00fdch m\u00edst. Fukuoka kombinuje efektivn\u00ed ve\u0159ejnou dopravu, \u010dist\u00e9 ulice a bl\u00edzkost Asie. No\u010dn\u00ed trhy a festivaly odhaluj\u00ed urbanizaci, kter\u00e1 p\u016fsob\u00ed klidn\u011b i pracovit\u011b.<\/p>\n\n\n\n<p>Demografick\u00e1 mozaika a mlad\u00e1 populace m\u011bsta mu kone\u010dn\u011b dod\u00e1vaj\u00ed pocit dynamiky. Univerzity, inkub\u00e1tory, vys\u00edlac\u00ed spole\u010dnosti \u2013 v\u010detn\u011b RKB Mainichi a Love FM \u2013 a m\u00edstn\u00ed burza cenn\u00fdch pap\u00edr\u016f posiluj\u00ed sebev\u011bdom\u00ed, kter\u00e9 je v rozporu s jeho geografickou periferi\u00ed. Ve Fukuoce se v z\u00e1livu sb\u00edhaj\u00ed obrovsk\u00e9 proudy historie a modernity: kde si obchodn\u00edci kdysi vym\u011b\u0148ovali zbo\u017e\u00ed na plachetnici, za\u010d\u00ednaj\u00edc\u00ed firmy nyn\u00ed obchoduj\u00ed s n\u00e1pady pomoc\u00ed optick\u00fdch kabel\u016f. P\u0159esto si m\u011bsto navzdory ka\u017ed\u00e9 transformaci zachov\u00e1v\u00e1 nitku tepla \u2013 podt\u00f3n m\u00edstn\u00ed identity, kter\u00fd m\u011bn\u00ed cizince v pravideln\u00e9 z\u00e1kazn\u00edky, by\u0165 jen kv\u016fli misce d\u00fdmaj\u00edc\u00edho ramenu pod sv\u011btlem lucerny.<\/p>","protected":false},"excerpt":{"rendered":"<p>Fukuoka, \u0161est\u00e9 nejv\u011bt\u0161\u00ed m\u011bsto Japonska a s\u00eddlo prefektury Fukuoka, je dynamick\u00e1 metropole nach\u00e1zej\u00edc\u00ed se na pl\u00e1\u017e\u00edch z\u00e1livu Hakata na severn\u00edm pob\u0159e\u017e\u00ed ostrova Kj\u00fa\u0161\u00fa. Fukuoka s v\u00edce ne\u017e 1,6 miliony obyvatel je nejlidnat\u011bj\u0161\u00edm m\u011bstem na Kj\u00fa\u0161\u00fa a hlavn\u00edm m\u011bstsk\u00fdm centrem z\u00e1padn\u011b od metropolitn\u00ed oblasti Keihan\u0161in. Tato pulzuj\u00edc\u00ed metropole, historicky spojnice mezi Japonskem a asijskou pevninou, s hlubokou histori\u00ed, kter\u00e1 sah\u00e1 a\u017e do starov\u011bku a z\u016fst\u00e1v\u00e1 ned\u00edlnou sou\u010d\u00e1st\u00ed japonsk\u00e9ho ekonomick\u00e9ho a kulturn\u00edho r\u00e1mce.<\/p>","protected":false},"author":1,"featured_media":2995,"parent":14797,"menu_order":0,"comment_status":"closed","ping_status":"closed","template":"elementor_theme","meta":{"_eb_attr":"","footnotes":""},"class_list":["post-14896","page","type-page","status-publish","has-post-thumbnail"],"_links":{"self":[{"href":"https:\/\/travelshelper.com\/cs\/wp-json\/wp\/v2\/pages\/14896","targetHints":{"allow":["GET"]}}],"collection":[{"href":"https:\/\/travelshelper.com\/cs\/wp-json\/wp\/v2\/pages"}],"about":[{"href":"https:\/\/travelshelper.com\/cs\/wp-json\/wp\/v2\/types\/page"}],"author":[{"embeddable":true,"href":"https:\/\/travelshelper.com\/cs\/wp-json\/wp\/v2\/users\/1"}],"replies":[{"embeddable":true,"href":"https:\/\/travelshelper.com\/cs\/wp-json\/wp\/v2\/comments?post=14896"}],"version-history":[{"count":0,"href":"https:\/\/travelshelper.com\/cs\/wp-json\/wp\/v2\/pages\/14896\/revisions"}],"up":[{"embeddable":true,"href":"https:\/\/travelshelper.com\/cs\/wp-json\/wp\/v2\/pages\/14797"}],"wp:featuredmedia":[{"embeddable":true,"href":"https:\/\/travelshelper.com\/cs\/wp-json\/wp\/v2\/media\/2995"}],"wp:attachment":[{"href":"https:\/\/travelshelper.com\/cs\/wp-json\/wp\/v2\/media?parent=14896"}],"curies":[{"name":"wp","href":"https:\/\/api.w.org\/{rel}","templated":true}]}}