{"id":14878,"date":"2024-09-20T11:31:19","date_gmt":"2024-09-20T11:31:19","guid":{"rendered":"https:\/\/travelshelper.com\/staging\/?page_id=14878"},"modified":"2026-03-11T18:21:21","modified_gmt":"2026-03-11T18:21:21","slug":"jokohama","status":"publish","type":"page","link":"https:\/\/travelshelper.com\/cs\/destinations\/asia\/japan\/yokohama\/","title":{"rendered":"Jokohama"},"content":{"rendered":"<p>Jokohama stoj\u00ed na rekultivovan\u00e9 p\u016fd\u011b na okraji Tokijsk\u00e9ho z\u00e1livu. Rozkl\u00e1d\u00e1 se na 437 kilometrech \u010dtvere\u010dn\u00edch, lemovan\u00e1 m\u00edrn\u00fdmi kopci a rozlehlou planinou Kant\u00f3. Jej\u00ed pob\u0159e\u017e\u00ed se ty\u010d\u00ed pouh\u00fdch p\u011bt metr\u016f nad mo\u0159em, p\u0159esto jej\u00ed charakter formovalo jak mo\u0159e, tak svahy, kter\u00e9 omezuj\u00ed jej\u00ed r\u016fst. V jej\u00edch hranic\u00edch se ty\u010d\u00ed dv\u011b m\u00edrn\u00e9 nadmo\u0159sk\u00e9 v\u00fd\u0161ky \u2013 Omarujama s v\u00fd\u0161kou 156 metr\u016f a Enkaizan s v\u00fd\u0161kou 153 metr\u016f. Zde \u0159eka Tsurumi pramen\u00ed z vrch\u016f Tama, ne\u017e se dostane do Pacifiku. Tyto prvky definuj\u00ed m\u011bsto, jeho\u017e hranice se tla\u010d\u00ed na lesy na svaz\u00edch a jeho\u017e centrum se roz\u0161\u00ed\u0159ilo do vody.<\/p>\n\n\n\n<p>Jokohama se vyno\u0159ila z \u00fatlumu v polovin\u011b devaten\u00e1ct\u00e9ho stolet\u00ed. Po v\u00edce ne\u017e dv\u011b stolet\u00ed Japonsko dodr\u017eovalo p\u0159\u00edsnou politiku izolace. V roce 1854 komodor Perry zajistil smlouvu, kter\u00e1 otev\u0159ela hranice zem\u011b. O p\u011bt let pozd\u011bji, v roce 1859, Jokohama p\u0159ijala sv\u00e9 prvn\u00ed zahrani\u010dn\u00ed obchodn\u00ed lod\u011b. Stala se prvn\u00edm japonsk\u00fdm p\u0159\u00edstavem pro mezin\u00e1rodn\u00ed obchod a m\u00edstem jeho nejstar\u0161\u00ed \u010d\u00ednsk\u00e9 \u010dtvrti. B\u011bhem deseti let se ve m\u011bst\u011b objevily plynov\u00e9 lampy, \u017eelezni\u010dn\u00ed spojen\u00ed do Tokia a noviny v angli\u010dtin\u011b. Pivovary a cukr\u00e1rny zde zalo\u017eily sv\u00e9 prvn\u00ed japonsk\u00e9 provozovny. Rychl\u00fd p\u0159\u00edchod z\u00e1padn\u00edch postup\u016f a technologi\u00ed vynesl Jokoham\u011b pov\u011bst br\u00e1ny mezi Japonskem a sv\u011btem.<\/p>\n\n\n\n<p>R\u016fst m\u011bsta se setkal jak s p\u0159\u00edrodn\u00edmi ot\u0159esy, tak s lidsk\u00fdmi konflikty. Velk\u00e9 zem\u011bt\u0159esen\u00ed v Kanto v roce 1923 srovnalo se zem\u00ed velkou \u010d\u00e1st Jokohamy a vy\u017e\u00e1dalo si des\u00edtky tis\u00edc \u017eivot\u016f. Rekonstrukce se \u0159\u00eddila nov\u00fdmi standardy seismick\u00e9ho n\u00e1vrhu, ale vzpom\u00ednka na zk\u00e1zu p\u0159etrv\u00e1vala. O dv\u011b desetilet\u00ed pozd\u011bji zp\u016fsobilo v\u00e1le\u010dn\u00e9 bombardov\u00e1n\u00ed dal\u0161\u00ed \u0161kody. Pov\u00e1le\u010dn\u00e1 obnova vedla k \u0161irok\u00fdm bulv\u00e1r\u016fm, modern\u00edm ocelov\u00fdm a sklen\u011bn\u00fdm konstrukc\u00edm a roz\u0161\u00ed\u0159en\u00e9mu p\u0159\u00edstavu. M\u011bsto p\u0159ijalo nov\u00e9 z\u00e1toky a vytvo\u0159ilo \u010dtvrti, jako je Minato Mirai 21, kde se muzeum um\u011bn\u00ed d\u011bl\u00ed o panoramatick\u00fd prostor s kancel\u00e1\u0159sk\u00fdmi v\u011b\u017eemi.<\/p>\n\n\n\n<p>Do jednadvac\u00e1t\u00e9ho stolet\u00ed se Jokohama stala druhou nejv\u011bt\u0161\u00ed obc\u00ed v Japonsku, a to jak po\u010dtem obyvatel, tak rozlohou. Jej\u00edch 3,77 milionu obyvatel \u017eije v 18 administrativn\u00edch obvodech, z nich\u017e ka\u017ed\u00fd odr\u00e1\u017e\u00ed odli\u0161n\u00e9 aspekty m\u011bstsk\u00e9ho \u017eivota. Okres Kohoku s v\u00edce ne\u017e 360 000 obyvateli se rozkl\u00e1d\u00e1 na sever do p\u0159edm\u011bst\u00ed ur\u010den\u00fdch pro doj\u00ed\u017ed\u011bn\u00ed. Aoba, Tsurumi a Tocuka maj\u00ed ka\u017ed\u00e1 p\u0159es \u010dtvrt milionu obyvatel. V centru m\u011bsta maj\u00ed obvody Ni\u0161i a Minami v\u00edce ne\u017e 15 000 obyvatel na kilometr \u010dtvere\u010dn\u00ed d\u00edky hust\u00e9 z\u00e1stavb\u011b byt\u016f a obchodn\u00edch tepen.<\/p>\n\n\n\n<p>M\u011bstskou spr\u00e1vu \u0159\u00edd\u00ed starosta a 86\u010dlenn\u00e1 rada. Sou\u010dasn\u00fd starosta se ujal \u00fa\u0159adu v roce 2021 a nahradil sv\u00e9ho p\u0159edch\u016fdce, kter\u00fd ve funkci p\u016fsobil t\u0159i funk\u010dn\u00ed obdob\u00ed. M\u011bsto m\u00e1 status ur\u010den\u00e9ho m\u011bsta, co\u017e mu d\u00e1v\u00e1 pravomoci obvykle vyhrazen\u00e9 prefekturn\u00edm \u00fa\u0159ad\u016fm. Jokohama slou\u017e\u00ed jako hlavn\u00ed m\u011bsto prefektury Kanagawa, sousedn\u00edch Kawasaki, Fud\u017eisawy a Kamakury a dal\u0161\u00edch.<\/p>\n\n\n\n<p>Ekonomick\u00fd \u017eivot se to\u010d\u00ed kolem p\u0159\u00edstavu a pr\u016fmyslov\u00e9 z\u00f3ny Keihin. Jokohama se \u0159ad\u00ed mezi nejv\u011bt\u0161\u00ed n\u00e1mo\u0159n\u00ed p\u0159\u00edstavy na sv\u011bt\u011b, ro\u010dn\u011b odbav\u00ed p\u0159es 120 000 tun n\u00e1kladu a p\u0159eprav\u00ed miliony kontejner\u016f. Za\u0159\u00edzen\u00ed si z\u00edskala celosv\u011btov\u00e9 uzn\u00e1n\u00ed za produktivitu: kontejnerov\u00e9 je\u0159\u00e1by v pr\u016fm\u011bru zvl\u00e1dnou v\u00edce ne\u017e 160 pohyb\u016f za hodinu p\u0159i maxim\u00e1ln\u00ed efektivit\u011b. Sv\u00e1 s\u00eddla zde s\u00eddl\u00ed spole\u010dnosti jako Nissan, Isuzu a JVCKenwood. Finan\u010dn\u00ed firmy, v\u010detn\u011b Bank of Yokohama, sd\u00edlej\u00ed centrum m\u011bsta s technologick\u00fdmi a medi\u00e1ln\u00edmi podniky.<\/p>\n\n\n\n<p>Doj\u00ed\u017ed\u011bn\u00ed formuje pracovn\u00ed s\u00edlu. V\u00edce ne\u017e 1,5 milionu obyvatel cestuje za prac\u00ed za hranice m\u011bsta, p\u0159ev\u00e1\u017en\u011b do Tokia. Naopak 1,2 milionu pracovn\u00edk\u016f denn\u011b p\u0159ij\u00ed\u017ed\u00ed ze sousedn\u00edch komunit. Velkoobchod, maloobchod a zdravotnictv\u00ed tvo\u0159\u00ed velk\u00e9 segmenty m\u00edstn\u00ed produkce, zat\u00edmco profesion\u00e1ln\u00ed a technick\u00e9 slu\u017eby se nad\u00e1le roz\u0161i\u0159uj\u00ed.<\/p>\n\n\n\n<p>Demografick\u00e1 situace se v posledn\u00edch letech zm\u011bnila. Cizinc\u016f nyn\u00ed p\u0159esahuje 120 000, co\u017e tvo\u0159\u00ed 3,2 procenta z celkov\u00e9ho po\u010dtu. Nejv\u011bt\u0161\u00ed skupiny tvo\u0159\u00ed \u010d\u00edn\u0161t\u00ed, korej\u0161t\u00ed a vietnam\u0161t\u00ed ob\u010dan\u00e9. Men\u0161\u00ed kontingenty poch\u00e1zej\u00ed z Braz\u00edlie, Spojen\u00fdch st\u00e1t\u016f a Peru. P\u0159\u00edtomnost nejaponsk\u00fdch pracovn\u00edk\u016f odr\u00e1\u017e\u00ed mezin\u00e1rodn\u00ed odkaz m\u011bsta.<\/p>\n\n\n\n<p>Klima v Jokoham\u011b spad\u00e1 do kategorie vlhk\u00fdch subtrop\u016f. Zimy p\u0159in\u00e1\u0161ej\u00ed jasnou oblohu a teploty z\u0159\u00eddka klesaj\u00ed pod bod mrazu, zat\u00edmco l\u00e9ta jsou tepl\u00e1 a vlhk\u00e1. Nejni\u017e\u0161\u00ed teplota v historii m\u011b\u0159en\u00ed byla nam\u011b\u0159ena 24. ledna 1927 s teplotou -8,2 \u00b0C; nejteplej\u0161\u00ed teplota dos\u00e1hla 37,4 \u00b0C 11. srpna 2013. V \u0159\u00edjnu 2004 napr\u0161elo v dan\u00e9m m\u011bs\u00edci v\u00edce ne\u017e 760 milimetr\u016f sr\u00e1\u017eek, co\u017e je rekord v ned\u00e1vn\u00e9 pam\u011bti.<\/p>\n\n\n\n<p>Kulturn\u00ed \u017eivot se t\u00e1hne mezi tradi\u010dn\u00edm Japonskem a vlivy ran\u00e9ho Z\u00e1padu. V jokohamsk\u00e9 \u010d\u00ednsk\u00e9 \u010dtvrti se v \u00fazk\u00fdch uli\u010dk\u00e1ch nach\u00e1zej\u00ed obchody a restaurace. Nedaleko se nach\u00e1z\u00ed Italsk\u00e1 zahrada a h\u0159bitov cizinc\u016f, kter\u00e9 jsou poz\u016fstatky enkl\u00e1v emigrant\u016f z devaten\u00e1ct\u00e9ho stolet\u00ed. Hikawa Maru, zaoce\u00e1nsk\u00fd parn\u00edk z roku 1930, kter\u00fd kotvil v parku Jama\u0161ita, nyn\u00ed slou\u017e\u00ed jako muzeum p\u0159ipom\u00ednaj\u00edc\u00ed plavby po Pacifiku do Seattlu a Vancouveru.<\/p>\n\n\n\n<p>Pam\u00e1tky se shlukuj\u00ed pod\u00e9l n\u00e1b\u0159e\u017e\u00ed. V\u011b\u017e Landmark Tower se ty\u010d\u00ed do v\u00fd\u0161ky 296 metr\u016f a za jasn\u00fdch dn\u016f z n\u00ed nab\u00edz\u00ed vyhl\u00eddkovou plo\u0161inu v\u00fdhled na horu Fud\u017ei. \u010cty\u0159st\u011b\u017e\u0148ov\u00e1 plachetnice Nippon Maru kotv\u00ed u muzejn\u00edho mola nedaleko maj\u00e1ku Marine Tower. Molo \u00d3sanba\u0161i nab\u00edz\u00ed \u0161irok\u00e9 d\u0159ev\u011bn\u00e9 terasy s v\u00fdhledem na panorama Minato Mirai.<\/p>\n\n\n\n<p>Um\u011bn\u00ed a historie se t\u011b\u0161\u00ed pozornosti ve v\u00edce ne\u017e \u010dty\u0159iceti muze\u00edch. Muzeum nudl\u00ed v \u0161\u00e1lku vypr\u00e1v\u00ed p\u0159\u00edb\u011bh vyn\u00e1lezu instantn\u00edho ramenu a nab\u00edz\u00ed interaktivn\u00ed pol\u00e9vkov\u00e9 kuchyn\u011b. Prefekturn\u00ed muzeum kulturn\u00ed historie Kanagawa s\u00eddl\u00ed v budov\u011b banky z devaten\u00e1ct\u00e9ho stolet\u00ed. Park Sankei-en uchov\u00e1v\u00e1 historick\u00e9 d\u0159ev\u011bn\u00e9 stavby z obdob\u00ed Kamakura uprost\u0159ed upraven\u00fdch zahrad. Men\u0161\u00ed instituce se v\u011bnuj\u00ed jezdectv\u00ed, d\u011btsk\u00e9 literatu\u0159e a modern\u00edmu um\u011bn\u00ed, kter\u00e9 odr\u00e1\u017eej\u00ed mnohovrstevnatou minulost m\u011bsta.<\/p>\n\n\n\n<p>Zelen\u00e9 plochy se vine m\u011bstskou strukturou. Park Jama\u0161ita zab\u00edr\u00e1 rekultivovanou p\u016fdu pod\u00e9l p\u0159\u00edstavu. Sankei-en se rozkl\u00e1d\u00e1 na \u00fazem\u00ed b\u00fdval\u00e9ho venkovsk\u00e9ho panstv\u00ed na jihu. V r\u00e1mci m\u011bstsk\u00fdch hranic se nach\u00e1z\u00ed lesopark Negi\u0161i, kter\u00fd nab\u00edz\u00ed jezdeck\u00e9 st\u00e1je a otev\u0159en\u00e9 tr\u00e1vn\u00edky. Park Ki\u0161ine se ka\u017ed\u00e9 jaro pln\u00ed kv\u011bty, zat\u00edmco pam\u011btn\u00ed park Hidejo Nogu\u010di p\u0159ipom\u00edn\u00e1 bakteriologa, jeho\u017e v\u00fdzkum formoval medic\u00ednu.<\/p>\n\n\n\n<p>\u0160intoistick\u00e9 svatyn\u011b a buddhistick\u00e9 chr\u00e1my tvo\u0159\u00ed \u00fast\u0159edn\u00ed bod \u010dtvrti. Somitsu-d\u017ei (S\u00f3d\u017ei-d\u017ei) v okrese Tsurumi udr\u017euje zenovou tradici sahaj\u00edc\u00ed stalet\u00ed do minulosti. Svatyn\u011b Morooka Kumano z\u016fst\u00e1v\u00e1 m\u00edstem pro sportovn\u00ed modlitby a jej\u00ed t\u0159\u00ednoh\u00e9 pta\u010d\u00ed bo\u017estvo je spojov\u00e1no se sout\u011b\u017en\u00edmi ambicemi. V oblasti Kanazawa nab\u00edz\u00ed chr\u00e1m \u0160\u00f3mj\u00f3-d\u017ei a jeho zahrady tich\u00fd kontrast k obchodn\u00edmu centru.<\/p>\n\n\n\n<p>Sportovn\u00ed ar\u00e9ny p\u0159itahuj\u00ed davy. Stadion Nissan v \u0160in Jokoham\u011b hostil fin\u00e1le mistrovstv\u00ed sv\u011bta ve fotbale v roce 2002 a z\u016fst\u00e1v\u00e1 domovem profesion\u00e1ln\u00edch fotbalov\u00fdch klub\u016f. Stadion v Jokoham\u011b l\u00e1k\u00e1 fanou\u0161ky na baseballov\u00e9 z\u00e1pasy v parku s otev\u0159enou st\u0159echou. Ar\u00e9na v Jokoham\u011b host\u00ed mezin\u00e1rodn\u00ed hudebn\u00ed vystoupen\u00ed a velk\u00e9 v\u00fdstavy.<\/p>\n\n\n\n<p>Dopravn\u00ed infrastruktura integruje vysokorychlostn\u00ed \u017eeleznici, p\u0159\u00edm\u011bstsk\u00e9 s\u00edt\u011b a m\u00edstn\u00ed linky. Stanice \u0160in-Jokohama je napojena na T\u00f3kaid\u00f3 \u0160inkansen, zat\u00edmco stanice Jokohama denn\u011b odbav\u00ed p\u0159es dva miliony cestuj\u00edc\u00edch. M\u011bstem proch\u00e1zej\u00ed linky JR, soukrom\u00e9 \u017eeleznice a m\u011bstsk\u00e9 metro. Linka Minato Mirai se t\u00e1hne pod zem\u00ed od stanice Jokohama do \u010d\u00ednsk\u00e9 \u010dtvrti a jej\u00ed stanice se nach\u00e1zej\u00ed v budov\u00e1ch z \u010derven\u00fdch cihel a kamene, kter\u00e9 p\u0159ipom\u00ednaj\u00ed ranou z\u00e1padn\u00ed architekturu.<\/p>\n\n\n\n<p>Autobusy, lod\u011b a cyklorik\u0161i dopl\u0148uj\u00ed m\u00edstn\u00ed dopravu. \u010cerven\u00fd okru\u017en\u00ed autobus \u201eAkai Kutsu\u201c jezd\u00ed po \u010dtvrt\u00edch Minato Mirai, \u010c\u00ednsk\u00e1 \u010dtvr\u0165 a Motomachi. Vodn\u00ed taxi Sea Bass spojuje n\u00e1dra\u017e\u00ed, p\u0159\u00edstav a park. Na \u00farovni ulice slou\u017e\u00ed turist\u016fm \u0161lapac\u00ed taxi a rik\u0161i se pohybuj\u00ed \u00fazk\u00fdmi uli\u010dkami.<\/p>\n\n\n\n<p>Jokohama nab\u00edz\u00ed spojen\u00ed ze dvou leti\u0161\u0165. Haneda le\u017e\u00ed sedmn\u00e1ct kilometr\u016f severn\u011b; linka Keikyu se setk\u00e1v\u00e1 se stanic\u00ed v Jokoham\u011b za t\u0159icet minut. Narita je d\u00e1le; cesta p\u0159\u00edm\u00fdm vlakem trv\u00e1 devades\u00e1t minut, zat\u00edmco limuz\u00ednov\u00e9 autobusy zvl\u00e1dnou cestu za dv\u011b hodiny.<\/p>\n\n\n\n<p>Od ryb\u00e1\u0159sk\u00e9 vesnice po p\u0159\u00edmo\u0159skou metropoli si Jokohama udr\u017eela sv\u00e9 m\u00edsto na prahu Japonska. Zachov\u00e1v\u00e1 ran\u00e9 poz\u016fstatky mezikulturn\u00ed v\u00fdm\u011bny a z\u00e1rove\u0148 se p\u0159izp\u016fsobuje modern\u00edmu \u017eivotu na rekultivovan\u00fdch pob\u0159e\u017e\u00edch. Ka\u017ed\u00e1 \u010dtvr\u0165 hovo\u0159\u00ed o adaptaci \u2013 na ciz\u00ed lod\u011b, na ot\u0159esy pod zem\u00ed a na p\u0159\u00edliv a odliv v z\u00e1livu. P\u0159\u00edb\u011bh m\u011bsta se odv\u00edj\u00ed tam, kde se pevnina setk\u00e1v\u00e1 s vodou, a nab\u00edz\u00ed nep\u0159etr\u017eitou sou\u010dasnost formovanou vrstvami historie.<\/p>","protected":false},"excerpt":{"rendered":"<p>Jokohama, druh\u00e1 nejv\u011bt\u0161\u00ed japonsk\u00e1 metropole podle po\u010dtu obyvatel i velikosti, je p\u0159\u00edkladem rychl\u00e9 modernizace zem\u011b a jej\u00edch trval\u00fdch vazeb na glob\u00e1ln\u00ed spole\u010denstv\u00ed. Nach\u00e1z\u00ed se v Tokijsk\u00e9m z\u00e1livu, ji\u017en\u011b od hlavn\u00edho m\u011bsta, Jokohama m\u00e1 od roku 2023 3,7 milionu obyvatel a st\u00e1v\u00e1 se nejlidnat\u011bj\u0161\u00ed obc\u00ed v Japonsku. Toto dynamick\u00e9 m\u011bsto je hlavn\u00edm m\u011bstem prefektury Kanagawa a vyvinulo se ve v\u00fdznamn\u00e9 ekonomick\u00e9, kulturn\u00ed a obchodn\u00ed centrum v oblasti Velk\u00e9ho Tokia, kter\u00e9 v\u00fdznamn\u011b p\u0159isp\u00edv\u00e1 k pr\u016fmyslov\u00e9 z\u00f3n\u011b Keihin.<\/p>","protected":false},"author":1,"featured_media":2827,"parent":14797,"menu_order":0,"comment_status":"closed","ping_status":"closed","template":"elementor_theme","meta":{"_eb_attr":"","footnotes":""},"class_list":["post-14878","page","type-page","status-publish","has-post-thumbnail"],"_links":{"self":[{"href":"https:\/\/travelshelper.com\/cs\/wp-json\/wp\/v2\/pages\/14878","targetHints":{"allow":["GET"]}}],"collection":[{"href":"https:\/\/travelshelper.com\/cs\/wp-json\/wp\/v2\/pages"}],"about":[{"href":"https:\/\/travelshelper.com\/cs\/wp-json\/wp\/v2\/types\/page"}],"author":[{"embeddable":true,"href":"https:\/\/travelshelper.com\/cs\/wp-json\/wp\/v2\/users\/1"}],"replies":[{"embeddable":true,"href":"https:\/\/travelshelper.com\/cs\/wp-json\/wp\/v2\/comments?post=14878"}],"version-history":[{"count":0,"href":"https:\/\/travelshelper.com\/cs\/wp-json\/wp\/v2\/pages\/14878\/revisions"}],"up":[{"embeddable":true,"href":"https:\/\/travelshelper.com\/cs\/wp-json\/wp\/v2\/pages\/14797"}],"wp:featuredmedia":[{"embeddable":true,"href":"https:\/\/travelshelper.com\/cs\/wp-json\/wp\/v2\/media\/2827"}],"wp:attachment":[{"href":"https:\/\/travelshelper.com\/cs\/wp-json\/wp\/v2\/media?parent=14878"}],"curies":[{"name":"wp","href":"https:\/\/api.w.org\/{rel}","templated":true}]}}