{"id":14785,"date":"2024-09-20T09:34:11","date_gmt":"2024-09-20T09:34:11","guid":{"rendered":"https:\/\/travelshelper.com\/staging\/?page_id=14785"},"modified":"2026-03-11T18:16:36","modified_gmt":"2026-03-11T18:16:36","slug":"kyrgyzstan","status":"publish","type":"page","link":"https:\/\/travelshelper.com\/cs\/destinations\/asia\/kyrgyzstan\/","title":{"rendered":"Kyrgyzst\u00e1n"},"content":{"rendered":"<p>Kyrgyzst\u00e1n, ofici\u00e1ln\u011b Kyrgyzsk\u00e1 republika, zab\u00edr\u00e1 drsnou \u010d\u00e1st St\u0159edn\u00ed Asie, jej\u00ed\u017e \u00fazem\u00ed je vymezeno ty\u010d\u00edc\u00edmi se h\u0159ebeny poho\u0159\u00ed \u0164an \u0160an a Pam\u00edr. Republika, ohrani\u010den\u00e1 Kazachst\u00e1nem na severu, Uzbekist\u00e1nem na z\u00e1pad\u011b, T\u00e1d\u017eikist\u00e1nem na jihu a \u010c\u00ednou na v\u00fdchod\u011b, se rozkl\u00e1d\u00e1 mezi 39\u00b0 a 44\u00b0 severn\u00ed \u0161\u00ed\u0159ky a 69\u00b0 a 81\u00b0 v\u00fdchodn\u00ed d\u00e9lky. Bi\u0161kek, jej\u00ed administrativn\u00ed centrum, le\u017e\u00ed v severn\u00edm podh\u016f\u0159\u00ed, zat\u00edmco O\u0161 \u2013 druh\u00e9 nejv\u011bt\u0161\u00ed m\u011bsto a jedno z nejstar\u0161\u00edch m\u011bstsk\u00fdch s\u00eddel v regionu \u2013 le\u017e\u00ed pobl\u00ed\u017e \u00farodn\u00fdch ramen Fergansk\u00e9ho \u00fadol\u00ed. St\u00e1t m\u00e1 n\u011bco m\u00e1lo p\u0159es sedm milion\u016f obyvatel, p\u0159ev\u00e1\u017en\u011b etnick\u00fdch Kyrgyz\u016f, spolu s po\u010detn\u00fdmi uzbeck\u00fdmi a rusk\u00fdmi komunitami. Tento \u010dl\u00e1nek zkoum\u00e1 fyzick\u00e9 kontury Kyrgyzst\u00e1nu, jeho slo\u017eitou minulost a soci\u00e1ln\u00ed a ekonomick\u00e9 s\u00edly, kter\u00e9 utv\u00e1\u0159ej\u00ed jeho sou\u010dasnost.<\/p>\n\n\n\n<p>Lidsk\u00e1 p\u0159\u00edtomnost v dne\u0161n\u00edm Kyrgyzst\u00e1nu sah\u00e1 a\u017e k nom\u00e1dsk\u00fdm kmen\u016fm, kter\u00e9 se potulovaly po step\u00edch dlouho p\u0159ed zaznamenan\u00fdmi kronikami. Jenisej\u0161t\u00ed Kyrgyzov\u00e9 zalo\u017eili v ran\u00e9m st\u0159edov\u011bku kagan\u00e1t, kter\u00fd byl n\u00e1sledn\u011b pohlcen n\u00e1sledn\u00fdmi turkick\u00fdmi konfederacemi. Ve t\u0159in\u00e1ct\u00e9m stolet\u00ed Mongolsk\u00e1 \u0159\u00ed\u0161e region p\u0159ipojila; domorod\u00e1 vl\u00e1da se s p\u0159est\u00e1vkami znovu objevila pod mongolsk\u00fdmi n\u00e1stupnick\u00fdmi st\u00e1ty a pozd\u011bji D\u017eungarsk\u00fdm chan\u00e1tem. Po p\u00e1du D\u017eungar\u016f tvo\u0159ili Kyrgyzov\u00e9 a p\u0159\u00edbuzn\u00e9 kip\u010daksk\u00e9 skupiny sou\u010d\u00e1st Kokandsk\u00e9ho chan\u00e1tu a\u017e do roku 1876, kdy \u00fazem\u00ed anektovalo carsk\u00e9 Rusko. B\u011bhem n\u00e1sleduj\u00edc\u00edch \u0161esti desetilet\u00ed slovan\u0161t\u00ed osadn\u00edci p\u0159em\u011b\u0148ovali n\u00ed\u017ee polo\u017een\u00e9 pastviny na obd\u011bl\u00e1vanou p\u016fdu, zat\u00edmco ob\u010das vypukla m\u00edstn\u00ed povst\u00e1n\u00ed proti c\u00edsa\u0159sk\u00e9 brann\u00e9 povinnosti.<\/p>\n\n\n\n<p>Pod sov\u011btskou spr\u00e1vou se v r\u00e1mci Rusk\u00e9 sov\u011btsk\u00e9 republiky zformovala Karakirghizsk\u00e1 autonomn\u00ed oblast, kter\u00e1 byla v roce 1926 p\u0159ejmenov\u00e1na na Kyrgyzskou autonomn\u00ed sov\u011btskou socialistickou republiku a v roce 1936 pov\u00fd\u0161ena na svazovou republiku. Hlavn\u00edm m\u011bstem se stal Frunze \u2013 d\u0159\u00edve Pi\u0161pek \u2013 a rusifikace, industrializace a kolektivizace zm\u011bnily spole\u010dnost. Kyrgyzsk\u00fd jazyk p\u0159ijal latinku a pozd\u011bji cyrilici, povinn\u00e1 \u0161koln\u00ed doch\u00e1zka zv\u00fd\u0161ila gramotnost a do psan\u00e9 podoby vstoupil Epos Manas. Sov\u011btsk\u00e9 obdob\u00ed tak\u00e9 p\u0159ineslo deportovan\u00e9 men\u0161iny \u2013 N\u011bmce, \u010ce\u010dence a Pol\u00e1ky \u2013 co\u017e p\u0159isp\u011blo k rozmanitosti regionu.<\/p>\n\n\n\n<p>V roce 1990, kdy reformy Michaila Gorba\u010dova uvolnily sev\u0159en\u00ed Moskvy, vedly pro-nez\u00e1visl\u00e9 n\u00e1lady ke zvolen\u00ed Askara Akajeva prezidentem. Dne 31. srpna 1991 Kyrgyzst\u00e1n vyhl\u00e1sil suverenitu nad Sov\u011btsk\u00fdm svazem. Republika upravila svou \u00fastavu, zm\u011bnila anglick\u00fd a rusk\u00fd pravopis tak, aby odpov\u00eddal kyrgyzsk\u00e9mu endonymu, a obnovila p\u016fvodn\u00ed n\u00e1zev hlavn\u00edho m\u011bsta Bi\u0161kek.<\/p>\n\n\n\n<p>V dob\u011b z\u00edsk\u00e1n\u00ed nez\u00e1vislosti Kyrgyzst\u00e1n p\u0159ijal siln\u00fd prezidentsk\u00fd model. Nespokojenost s Akajevov\u00fdm st\u00e1le autorit\u00e1\u0159\u0161t\u011bj\u0161\u00edm p\u016fsoben\u00edm podn\u00edtila v roce 2005 \u201etulip\u00e1novou revoluci\u201c, kter\u00e1 dosadila do \u00fa\u0159adu Kurmanbeka Bakijeva. I Bakijevova administrativa se pot\u00fdkala s \u00fastavn\u00edmi spory a obvin\u011bn\u00edmi z volebn\u00edch pochyben\u00ed. V roce 2010 vedly lidov\u00e9 nepokoje k dal\u0161\u00edmu p\u0159echodu a vznikl parlamentn\u011b-prezidentsk\u00fd hybrid. B\u011bhem n\u00e1sleduj\u00edc\u00edho desetilet\u00ed vedly posuny v mocensk\u00e9 rovnov\u00e1ze mezi v\u00fdkonnou a z\u00e1konod\u00e1rnou moc\u00ed k poloprezidentsk\u00e9mu uspo\u0159\u00e1d\u00e1n\u00ed, dokud reformy v roce 2021 neobnovily dominantn\u00ed prezidentskou roli. B\u011bhem tohoto obdob\u00ed se v ji\u017en\u00edch provinci\u00edch vyost\u0159ovalo etnick\u00e9 nap\u011bt\u00ed \u2013 zejm\u00e9na mezi kyrgyzskou a uzbeckou komunitou \u2013 zat\u00edmco ekonomick\u00e9 pot\u00ed\u017ee a sporn\u00e9 volby vedly k pravideln\u00fdm protest\u016fm.<\/p>\n\n\n\n<p>Zhruba 80 procent Kyrgyzst\u00e1nu le\u017e\u00ed nad 1 500 metr\u016f nadmo\u0159sk\u00e9 v\u00fd\u0161ky. Horsk\u00e9 vrcholy \u010dasto p\u0159esahuj\u00ed 7 000 metr\u016f; Jengi\u0161 \u010cokusu (d\u0159\u00edve Vrchol Pobeda) dosahuje na \u010d\u00ednsk\u00e9 hranici 7 439 metr\u016f a p\u0159edstavuje tak nejsevern\u011bj\u0161\u00ed vrchol sv\u011bta nad 7 000 metr\u016f. \u00dadol\u00ed \u2013 zejm\u00e9na \u00fadol\u00ed \u0159ek Naryn a Karadarja \u2013 vinouc\u00ed se mezi h\u0159ebeny nap\u00e1jej\u00ed Syrdarju, kter\u00e1 kdysi dosahovala k Aralsk\u00e9mu mo\u0159i, ne\u017e byly jej\u00ed vody odklon\u011bny pro zavla\u017eovan\u00e9 p\u011bstov\u00e1n\u00ed bavlny v st\u00e1tech po proudu. \u0158eka \u010cu prot\u00e9k\u00e1 severem a pokra\u010duje do Kazachst\u00e1nu. Siln\u00e9 zimn\u00ed sn\u011b\u017een\u00ed zp\u016fsobuje jarn\u00ed povodn\u011b, kter\u00e9 m\u011bn\u00ed tvar b\u0159eh\u016f \u0159ek a ohro\u017euj\u00ed osady po proudu, zat\u00edmco odtok vody nap\u00e1j\u00ed \u010detn\u00e9 vodn\u00ed elektr\u00e1rny.<\/p>\n\n\n\n<p>Issyk-Kul, slan\u00e9 jezero le\u017e\u00edc\u00ed v nadmo\u0159sk\u00e9 v\u00fd\u0161ce 1 607 metr\u016f v severov\u00fdchodn\u00ed \u010d\u00e1sti poho\u0159\u00ed \u0164an \u0160an, p\u0159edstavuje druh\u00e9 nejv\u011bt\u0161\u00ed alpsk\u00e9 jezero na sv\u011bt\u011b, po jeze\u0159e Titicaca. Jeho n\u00e1zev, kter\u00fd v kyrgyz\u0161tin\u011b znamen\u00e1 \u201etepl\u00e9 jezero\u201c, odr\u00e1\u017e\u00ed absenci zimn\u00edho ledu navzdory mraziv\u00fdm teplot\u00e1m vzduchu. Obd\u011bl\u00e1van\u00e1 p\u016fda tvo\u0159\u00ed m\u00e9n\u011b ne\u017e 8 procent celkov\u00e9 plochy; orn\u00e9 plochy se soust\u0159e\u010fuj\u00ed v severn\u00edch rovin\u00e1ch a na okraj\u00edch Fergansk\u00e9 p\u00e1nve. Zalesn\u011bn\u00e9 svahy s jehli\u010dnat\u00fdmi porosty ustupuj\u00ed alpsk\u00fdm louk\u00e1m, polopou\u0161tn\u00edmu podh\u016f\u0159\u00ed a pou\u0161ti v ni\u017e\u0161\u00edch nadmo\u0159sk\u00fdch v\u00fd\u0161k\u00e1ch, kter\u00e9 podporuj\u00ed sedm odli\u0161n\u00fdch suchozemsk\u00fdch ekosyst\u00e9m\u016f. V roce 2019 celosv\u011btov\u00fd pr\u016fzkum za\u0159adil Kyrgyzst\u00e1n na t\u0159in\u00e1ct\u00e9 m\u00edsto v integrit\u011b lesn\u00ed krajiny.<\/p>\n\n\n\n<p>Dominuj\u00ed kontinent\u00e1ln\u00ed vlivy, ale nadmo\u0159sk\u00e1 v\u00fd\u0161ka je p\u0159\u00ed\u010dinou region\u00e1ln\u00edch kontrast\u016f. Fergansk\u00e1 kotlina se vyzna\u010duje subtropick\u00fdm teplem s letn\u00edmi maximy bl\u00ed\u017e\u00edc\u00edmi se 40 \u00b0C a m\u00edrn\u00fdmi zimami. Severn\u00ed podh\u016f\u0159\u00ed se vyzna\u010duje m\u00edrn\u00fdm podneb\u00edm. Ve vy\u0161\u0161\u00edch poho\u0159\u00edch se podm\u00ednky pohybuj\u00ed od such\u00fdch kontinent\u00e1ln\u00edch a\u017e po pol\u00e1rn\u00ed; sn\u00edh p\u0159etrv\u00e1v\u00e1 po v\u011bt\u0161inu roku nad 3 000 metry. V zim\u011b se mohou teploty v exponovan\u00fdch oblastech pohybovat pod \u201320 \u00b0C, co\u017e vede k siln\u00e9 sn\u011bhov\u00e9 pokr\u00fdvce i v n\u011bkter\u00fdch n\u00ed\u017ee polo\u017een\u00fdch kotlin\u00e1ch po dobu del\u0161\u00ed ne\u017e m\u011bs\u00edc. V n\u00ed\u017ein\u00e1ch se pr\u016fm\u011brn\u00e9 teploty v lednu bl\u00ed\u017e\u00ed \u20136 \u00b0C, zat\u00edmco v \u010dervenci je to pr\u016fm\u011brn\u011b 24 \u00b0C.<\/p>\n\n\n\n<p>Kyrgyzst\u00e1n se d\u011bl\u00ed na sedm region\u016f (oblustar) a dv\u011b m\u011bsta n\u00e1rodn\u00edho v\u00fdznamu \u2013 Bi\u0161kek a O\u0161 \u2013 kter\u00e1 p\u016fsob\u00ed mimo region\u00e1ln\u00ed jurisdikci. Regiony se d\u00e1le d\u011bl\u00ed na \u010dty\u0159icet \u010dty\u0159i okres\u016f (aymaqtar), z nich\u017e ka\u017ed\u00fd je v dr\u017een\u00ed guvern\u00e9ra (akima) jmenovan\u00e9ho prezidentem prost\u0159ednictv\u00edm region\u00e1ln\u00edch \u00fa\u0159ad\u016f. Okresy se d\u00e1le d\u011bl\u00ed na venkovsk\u00e9 obce (ayyl \u00f6km\u00f6t\u00fc), kter\u00e9 zahrnuj\u00ed vesnice bez samostatn\u00e9ho obecn\u00edho statusu. Jedn\u00e1 se o tyto regiony: Batken, \u010cuj, D\u017ealal-Abad, Naryn, O\u0161, Talas a Issyk-Kul. Ka\u017ed\u00fd region odr\u00e1\u017e\u00ed odli\u0161nou krajinu a ekonomick\u00fd profil \u2013 od hornat\u00e9 odlehlosti Narynu a\u017e po zem\u011bd\u011blsk\u00e9 rozlohy \u010cuje.<\/p>\n\n\n\n<p>Kyrgyzst\u00e1n se um\u00edstil na 117. m\u00edst\u011b v indexu lidsk\u00e9ho rozvoje a po T\u00e1d\u017eikist\u00e1nu je druh\u00fdm nejchud\u0161\u00edm st\u00e1tem St\u0159edn\u00ed Asie. Jeho transformuj\u00edc\u00ed se ekonomika se do zna\u010dn\u00e9 m\u00edry spol\u00e9h\u00e1 na v\u00fdvoz nerostn\u00fdch surovin \u2013 zejm\u00e9na zlata, uhl\u00ed a uranu \u2013 a na remitence od odhadovan\u00fdch 800 000 Kyrgyz\u016f pracuj\u00edc\u00edch v zahrani\u010d\u00ed, zejm\u00e9na v Rusku. St\u00e1tn\u00ed banka, N\u00e1rodn\u00ed banka Kyrgyzsk\u00e9 republiky, spravuje emisi m\u011bny \u2013 kyrgyzsk\u00e9ho somu (KGS) \u2013 a slad\u00ed m\u011bnovou politiku s fisk\u00e1ln\u00edmi reformami. Po rozpadu Sov\u011btsk\u00e9ho svazu se exportn\u00ed trhy vypa\u0159ily, co\u017e si vynutilo bolestiv\u00e9 \u00fapravy: ukon\u010den\u00ed cenov\u00fdch dotac\u00ed, zaveden\u00ed dan\u011b z p\u0159idan\u00e9 hodnoty a sn\u00ed\u017een\u00ed ve\u0159ejn\u00fdch v\u00fddaj\u016f. Vstup do Sv\u011btov\u00e9 obchodn\u00ed organizace 20. prosince 1998 signalizoval z\u00e1vazek k liberalizaci.<\/p>\n\n\n\n<p>Zem\u011bd\u011blstv\u00ed se v roce 2002 pod\u00edlelo na HDP v\u00edce ne\u017e 35 procenty a zam\u011bstn\u00e1valo zhruba polovinu pracovn\u00ed s\u00edly. Dominuje chov hospod\u00e1\u0159sk\u00fdch zv\u00ed\u0159at, p\u0159i\u010dem\u017e na horsk\u00fdch pastvin\u00e1ch se chovaj\u00ed ovce, skot a kon\u011b, kte\u0159\u00ed produkuj\u00ed vlnu, maso a ml\u00e9\u010dn\u00e9 v\u00fdrobky. P\u011bstov\u00e1n\u00ed plodin se zam\u011b\u0159uje na p\u0161enici, cukrovou \u0159epu, brambory, bavlnu a tab\u00e1k, a\u010dkoli vysok\u00e9 n\u00e1klady na dovoz agrochemik\u00e1li\u00ed a paliv omezuj\u00ed mechanizaci, tak\u017ee mnoho drobn\u00fdch zem\u011bd\u011blc\u016f je nuceno zam\u011bstn\u00e1vat kon\u011b a manu\u00e1ln\u00ed pr\u00e1ci. Zpracov\u00e1n\u00ed zem\u011bd\u011blsk\u00fdch produkt\u016f, zejm\u00e9na ml\u00e9\u010dn\u00fdch v\u00fdrobk\u016f, masa a bavlny, nab\u00edz\u00ed investi\u010dn\u00ed p\u0159\u00edle\u017eitosti.<\/p>\n\n\n\n<p>Nerostn\u00e9 bohatstv\u00ed je z\u00e1kladem hutnictv\u00ed: t\u011b\u017eba zlata v dole Kumtor p\u0159il\u00e1kala zahrani\u010dn\u00ed partnery, a to i p\u0159es obavy o \u017eivotn\u00ed prost\u0159ed\u00ed. Rozvoj vodn\u00ed energie vyu\u017e\u00edv\u00e1 horsk\u00fd odtok s potenci\u00e1lem pro roz\u0161\u00ed\u0159en\u00ed exportovateln\u00e9 elekt\u0159iny. Z\u00e1soby ropy a zemn\u00edho plynu se ukazuj\u00ed jako zanedbateln\u00e9, co\u017e vede k dovozu k uspokojen\u00ed dom\u00e1c\u00edch pot\u0159eb.<\/p>\n\n\n\n<p>V srpnu 2020 \u010dinila populace p\u0159ibli\u017en\u011b 6,59 milionu, z toho 34,4 % mlad\u0161\u00edch 15 let a 6,2 % star\u0161\u00edch 65 let; obyvatel\u00e9 m\u011bst tvo\u0159\u00ed asi t\u0159etinu z celkov\u00e9ho po\u010dtu, co\u017e odpov\u00edd\u00e1 pr\u016fm\u011brn\u00e9 hustot\u011b 25 lid\u00ed na kilometr \u010dtvere\u010dn\u00ed. Etni\u010dt\u00ed Kyrgyzov\u00e9 tvo\u0159\u00ed 77,8 %; Uzbekov\u00e9 14,2 %, p\u0159ev\u00e1\u017en\u011b na jihu; Rusov\u00e9 tvo\u0159\u00ed 3,8 % a jsou soust\u0159ed\u011bni kolem Bi\u0161keku a \u010cuje. Men\u0161\u00ed skupiny zahrnuj\u00ed Dungany, T\u00e1d\u017eiky, Ujgury, Kazachy a dal\u0161\u00ed, co\u017e celkem p\u0159edstavuje v\u00edce ne\u017e 80 odli\u0161n\u00fdch komunit. Od vyhl\u00e1\u0161en\u00ed nez\u00e1vislosti se pod\u00edl etnick\u00fdch Kyrgyz\u016f zv\u00fd\u0161il z zhruba 50 % v roce 1979 na v\u00edce ne\u017e 70 % v roce 2013, jeliko\u017e emigrovalo mnoho Rus\u016f, Ukrajinc\u016f a N\u011bmc\u016f.<\/p>\n\n\n\n<p>Kyrgyzov\u00e9 tradi\u010dn\u011b praktikovali sez\u00f3nn\u00ed pastevectv\u00ed, v l\u00e9t\u011b p\u0159esouvali hospod\u00e1\u0159sk\u00e1 zv\u00ed\u0159ata na horsk\u00e9 pastviny (d\u017eajl\u00fa), kde \u017eili v p\u0159enosn\u00fdch kulat\u00fdch stanech zvan\u00fdch jurty. Uzbekov\u00e9 a T\u00e1d\u017eikov\u00e9 se naopak v\u011bnovali zavla\u017eovan\u00e9mu zem\u011bd\u011blstv\u00ed ve Fergansk\u00e9 n\u00ed\u017ein\u011b. Zat\u00edmco migrace do m\u011bst vzrostla, tyto vzorce p\u0159etrv\u00e1vaj\u00ed i ve venkovsk\u00fdch oblastech. V Glob\u00e1ln\u00edm indexu hladu z roku 2024 se Kyrgyzst\u00e1n um\u00edstil na 36. m\u00edst\u011b ze 127 zem\u00ed a jeho sk\u00f3re 6,8 bylo klasifikov\u00e1no jako zem\u011b s n\u00edzkou m\u00edrou hladu.<\/p>\n\n\n\n<p>Kyrgyz\u0161tina, turkick\u00e1 v\u011btev kip\u010daksk\u00e9 v\u011btve, slou\u017e\u00ed jako st\u00e1tn\u00ed jazyk; ru\u0161tina m\u00e1 status druh\u00e9ho ofici\u00e1ln\u00edho jazyka od roku 2000. Kyrgyz\u0161tina pou\u017e\u00edv\u00e1 cyrilici zavedenou v roce 1941. Reforma zalo\u017een\u00e1 na latince, kter\u00e1 byla vytvo\u0159ena po vzoru p\u0159echodu sousedn\u00edho Kazachst\u00e1nu, je st\u00e1le p\u0159edm\u011btem diskus\u00ed; v dubnu 2023 Rusko pozastavilo v\u00fdvoz ml\u00e9\u010dn\u00fdch v\u00fdrobk\u016f pot\u00e9, co p\u0159edseda jazykov\u00e9 komise navrhl p\u0159echod na latinku. Celost\u00e1tn\u00ed vys\u00edl\u00e1n\u00ed a ti\u0161t\u011bn\u00e1 m\u00e9dia funguj\u00ed v obou jazyc\u00edch, a\u010dkoli rusk\u00e9 stanice \u2013 podporovan\u00e9 Moskvou \u2013 si udr\u017euj\u00ed silnou sledovanost, zejm\u00e9na v m\u011bstsk\u00fdch a severn\u00edch okresech. V Bi\u0161keku \u00fadaje z pr\u016fzkumu z roku 2020 uk\u00e1zaly, \u017ee 55,6 procenta dom\u00e1cnost\u00ed mluvilo doma rusky, 43,6 procenta kyrgyzsky; v cel\u00e9 zemi pou\u017e\u00edvalo kyrgyz\u0161tinu v r\u00e1mci zem\u011b 70,9 procenta dom\u00e1cnost\u00ed. Obchodn\u00ed a ofici\u00e1ln\u00ed z\u00e1le\u017eitosti se \u010dasto konaj\u00ed v ru\u0161tin\u011b, a\u010dkoli parlamentn\u00ed zased\u00e1n\u00ed jsou nyn\u00ed standardn\u011b prov\u00e1d\u011bna v kyrgyz\u0161tin\u011b se simult\u00e1nn\u00edm tlumo\u010den\u00edm.<\/p>\n\n\n\n<p>P\u0159evl\u00e1d\u00e1 isl\u00e1m: publikace CIA World Factbook z roku 2017 odhadla, \u017ee 90 procent ob\u010dan\u016f se identifikuje jako muslimov\u00e9, p\u0159ev\u00e1\u017en\u011b bez vyzn\u00e1n\u00ed nebo sunnit\u00e9 podle hanafijsk\u00e9 \u0161koly, a\u010dkoli pr\u016fzkumy sebeidentifikace v roce 2012 zjistily, \u017ee 64 procent uvedlo jednodu\u0161e \u201emuslim\u201c, p\u0159i\u010dem\u017e pouze 23 procent uvedlo sunnity. B\u011bhem sov\u011btsk\u00fdch dob m\u011bl ofici\u00e1ln\u00ed vliv ateismus; od z\u00edsk\u00e1n\u00ed nez\u00e1vislosti se zv\u00fd\u0161ily n\u00e1bo\u017eensk\u00e9 praktiky a v\u00fdstavba me\u0161it, doprov\u00e1zen\u00e9 v\u00fdzvami k obnoven\u00ed duchovn\u00edch hodnot. Zpr\u00e1va Pew z roku 2009 zaznamenala 86,3 procenta vyznava\u010d\u016f isl\u00e1mu. Mal\u00e9 k\u0159es\u0165ansk\u00e9 men\u0161iny \u2013 p\u0159ev\u00e1\u017en\u011b ru\u0161t\u00ed pravoslavn\u00ed, ukrajinsk\u00ed pravoslavn\u00ed, luter\u00e1ni, anabaptist\u00e9 a \u0159\u00edm\u0161t\u00ed katol\u00edci \u2013 tvo\u0159\u00ed asi 7 procent. Sv\u011bdkov\u00e9 Jehovovi maj\u00ed 5 000 a\u017e 10 000 stoupenc\u016f. Z\u016fst\u00e1v\u00e1 zde hrstka \u017did\u016f, zejm\u00e9na Buchar\u016f a A\u0161ken\u00e1z\u016f. Lidov\u00e9 a s\u00fafijsk\u00e9 tradice p\u0159etrv\u00e1vaj\u00ed vedle zvyk\u016f odvozen\u00fdch z buddhismu, jako je p\u0159ivazov\u00e1n\u00ed modlitebn\u00edch vlaje\u010dek k posv\u00e1tn\u00fdm strom\u016fm.<\/p>\n\n\n\n<p>Alpsk\u00e1 topografie omezuje silnice na \u00fazk\u00e1 \u00fadol\u00ed a vysok\u00e9 pr\u016fsmyky \u2013 \u010dasto nad 3 000 metr\u016f \u2013 vystaven\u00e9 lavin\u00e1m a sesuv\u016fm p\u016fdy. Modern\u00ed severoji\u017en\u00ed d\u00e1lnice spojuj\u00edc\u00ed Bi\u0161kek a O\u0161, dokon\u010den\u00e1 s podporou Asijsk\u00e9 rozvojov\u00e9 banky, zlep\u0161ila p\u0159\u00edstup mezi \u00fadol\u00edmi \u010cuj a Fergana. Existuj\u00ed pl\u00e1ny na v\u00fdchodn\u00ed v\u011btev sm\u011brem k \u010c\u00edn\u011b. Celkov\u00e1 d\u00e9lka silnic se pohybuje p\u0159ibli\u017en\u011b 34 000 km, z \u010deho\u017e je 22 600 km zpevn\u011bn\u00fdch; nezpevn\u011bn\u00e9 \u00faseky, kter\u00e9 tvo\u0159\u00ed 7 700 km, se za mokra st\u00e1vaj\u00ed nebezpe\u010dn\u00fdmi.<\/p>\n\n\n\n<p>\u017delezni\u010dn\u00ed infrastruktura, vybudovan\u00e1 bez ohledu na pozd\u011bj\u0161\u00ed hranice, nyn\u00ed zahrnuje p\u0159ibli\u017en\u011b 370 km \u0161irokorozchodn\u00e9 trati, kter\u00e1 je vyu\u017e\u00edv\u00e1na jen z\u0159\u00eddka kv\u016fli p\u0159eru\u0161en\u00fdm spojen\u00edm s Uzbekist\u00e1nem a Kazachst\u00e1nem. V roce 2022 byly zah\u00e1jeny pr\u00e1ce na 186 km dlouh\u00e9m prodlou\u017een\u00ed z Balyk\u010di do Karake\u010de pro p\u0159epravu uhl\u00ed; do \u010dervna 2023 byla otev\u0159ena tra\u0165 Balyk\u010di\u2013Bi\u0161kek. V\u00fdstavba \u017eeleznice mezi \u010c\u00ednou, Kyrgyzst\u00e1nem a Uzbekist\u00e1nem, kter\u00e1 je sou\u010d\u00e1st\u00ed iniciativy P\u00e1s a stezka, by m\u011bla b\u00fdt zah\u00e1jena v \u010dervenci 2025 a bude se t\u00e1hnout za 523 km nap\u0159\u00ed\u010d t\u011bmito t\u0159emi st\u00e1ty.<\/p>\n\n\n\n<p>Leteck\u00e1 doprava se soust\u0159ed\u00ed na mezin\u00e1rodn\u00ed leti\u0161t\u011b Manas pobl\u00ed\u017e Bi\u0161keku s linkami do Moskvy, Almaty, Istanbulu a Dubaje; leti\u0161t\u011b O\u0161 nab\u00edz\u00ed denn\u00ed spojen\u00ed do hlavn\u00edho m\u011bsta a lety do velk\u00fdch rusk\u00fdch a st\u0159edoasijsk\u00fdch m\u011bst. D\u017ealal-Abad udr\u017euje spojen\u00ed s Bi\u0161kekem a sez\u00f3nn\u00ed spojen\u00ed s Issyk-Kulem. Mnoho leti\u0161\u0165 ze sov\u011btsk\u00e9 \u00e9ry z\u016fst\u00e1v\u00e1 neaktivn\u00edch nebo je omezeno na vojensk\u00e9 vyu\u017eit\u00ed. Kyrgyz\u0161t\u00ed dopravci se z bezpe\u010dnostn\u00edch d\u016fvod\u016f objevuj\u00ed na seznamu zak\u00e1zan\u00fdch leteck\u00fdch spole\u010dnost\u00ed Evropsk\u00e9 unie.<\/p>\n\n\n\n<p>Horsk\u00e1 krajina, alpsk\u00e1 jezera a pam\u00e1tky kulturn\u00edho d\u011bdictv\u00ed definuj\u00ed p\u0159ita\u017elivost Kyrgyzst\u00e1nu. Na severn\u00edm pob\u0159e\u017e\u00ed Issyk-Kulu se nach\u00e1zej\u00ed letoviska v \u010colpon-At\u011b, Kara-Oj a Bosteri; ro\u010dn\u00ed po\u010det n\u00e1v\u0161t\u011bvn\u00edk\u016f dos\u00e1hl vrcholu nad jeden milion v letech 2006\u20132007, ne\u017e region\u00e1ln\u00ed nestabilita jejich po\u010det sn\u00ed\u017eila. Alajsk\u00e9 \u00fadol\u00ed a jezero Son-Kul l\u00e1kaj\u00ed pastevce a turisty b\u011bhem letn\u00edho nom\u00e1dstv\u00ed. P\u0159\u00edrodn\u00ed rezervace Sary-\u010celek nab\u00edz\u00ed p\u011b\u0161\u00ed turistiku mezi ledovcov\u00fdmi jezery a sm\u00ed\u0161en\u00fdmi lesy. Kamenn\u00fd karavanseraj Ta\u0161 Rabat, poch\u00e1zej\u00edc\u00ed z 15. stolet\u00ed, stoj\u00ed pod\u00e9l b\u00fdval\u00fdch tras Hedv\u00e1bn\u00e9 stezky. V\u011b\u017e Burana, minaret z 10. stolet\u00ed pobl\u00ed\u017e Tokmoku, p\u0159ipom\u00edn\u00e1 hlavn\u00ed m\u011bsto Balasagunu. N\u00e1rodn\u00ed park Ala Archa, p\u016fl hodiny od Bi\u0161keku, se py\u0161n\u00ed vrcholy nad 4 000 metr\u016f a zna\u010den\u00fdmi stezkami.<\/p>\n\n\n\n<p>M\u011bst\u0161t\u00ed n\u00e1v\u0161t\u011bvn\u00edci prozkoum\u00e1vaj\u00ed bi\u0161keck\u00e1 n\u00e1m\u011bst\u00ed, muzea a bazary ze sov\u011btsk\u00e9 \u00e9ry; rozlehl\u00fd venkovn\u00ed trh v O\u0161i funguje denn\u011b pobl\u00ed\u017e Sulajman-Too, jedin\u00e9 lokality sv\u011btov\u00e9ho d\u011bdictv\u00ed UNESCO v zemi. Venkovsk\u00e9 osady, jako je Arslanbob, zn\u00e1m\u00fd sv\u00fdmi o\u0159echov\u00fdmi lesy a isl\u00e1msk\u00fdmi poutn\u00edmi m\u00edsty, nebo Kochkor, vstupn\u00ed br\u00e1na k trek\u016fm Song-Kul, p\u0159edstavuj\u00ed m\u00edstn\u00ed \u0159emesla a zp\u016fsoby \u017eivota ve venkovsk\u00e9m prost\u0159ed\u00ed. Cestovatel\u00e9 se mohou ubytovat v jurt\u00e1ch, ochutnat beshbarmak a manti a z\u00fa\u010dastnit se festival\u016f, kter\u00e9 p\u0159edstavuj\u00ed jezdeck\u00e9 sporty, hudbu a \u00fastn\u00ed poezii. Ve vybran\u00fdch \u00fadol\u00edch funguj\u00ed tak\u00e9 loveck\u00e9, ryb\u00e1\u0159sk\u00e9 a heli-skiingov\u00e9 slu\u017eby.<\/p>\n\n\n\n<p>Vzhledem k z\u00e1padn\u00edm spole\u010densk\u00fdm norm\u00e1m \u2013 navzdory nomin\u00e1ln\u00ed muslimsk\u00e9 v\u011bt\u0161in\u011b \u2013 z\u016fst\u00e1vaj\u00ed ve m\u011bstech pravidla obl\u00e9k\u00e1n\u00ed uvoln\u011bn\u00e1, a\u010dkoli v ji\u017en\u00edch venkovsk\u00fdch okresech se doporu\u010duje konzervativn\u00ed oble\u010den\u00ed. V posledn\u00edch letech se zv\u00fd\u0161ila drobn\u00e1 kriminalita; v centrech m\u011bst se doporu\u010duje po setm\u011bn\u00ed opatrnost. Z\u00e1chrann\u00e9 slo\u017eky reaguj\u00ed na \u010d\u00edsla 101 (hasi\u010di), 102 (policie) a 103 (zdravotnick\u00e1 pomoc) s mezin\u00e1rodn\u00ed p\u0159edvolbou +996.<\/p>\n\n\n\n<p>Kyrgyzst\u00e1n vyva\u017euje svou drsnou geografii s trval\u00fdmi kulturn\u00edmi praktikami a histori\u00ed formovanou imp\u00e9riem a revoluc\u00ed. Jeho ekonomika se vyrovn\u00e1v\u00e1 se z\u00e1vislost\u00ed na remitenc\u00edch a t\u011b\u017eebn\u00edm pr\u016fmyslu a z\u00e1rove\u0148 usiluje o diverzifikaci prost\u0159ednictv\u00edm vodn\u00ed energie a cestovn\u00edho ruchu. Jazykov\u00e1 dualita podtrhuje slo\u017eit\u00e9 identity a n\u00e1bo\u017eensk\u00fd \u017eivot propojuje tradici se sekul\u00e1rn\u00ed spr\u00e1vou v\u011bc\u00ed ve\u0159ejn\u00fdch. Dopravn\u00ed zlep\u0161en\u00ed nad\u00e1le p\u0159eklenuje horsk\u00e9 propasti, a to i v dob\u011b, kdy se r\u00fdsuj\u00ed projekty region\u00e1ln\u00ed integrace. Pro ty, kte\u0159\u00ed proch\u00e1zej\u00ed jeho pr\u016fsmyky a \u00fadol\u00edmi, p\u0159edstavuje Kyrgyzst\u00e1n krajinu n\u00e1ro\u010dnou i podmanivou, republiku definovanou sv\u00fdmi konturami stejn\u011b jako sv\u00fdmi obyvateli.<\/p>","protected":false},"excerpt":{"rendered":"<p>Kyrgyzst\u00e1n, kter\u00fd se nach\u00e1z\u00ed ve st\u0159edn\u00ed Asii, je p\u0159\u00edkladem hlubok\u00e9 historie regionu a ohromuj\u00edc\u00ed p\u0159\u00edrodn\u00ed krajiny. Tato vnitrozemsk\u00e1 zem\u011b, ofici\u00e1ln\u011b naz\u00fdvan\u00e1 Kyrgyzsk\u00e1 republika, le\u017e\u00ed strategicky v hor\u00e1ch \u0164an-\u0160an a Pam\u00edr. S v\u00edce ne\u017e 7 miliony obyvatel je politick\u00fdm a obchodn\u00edm centrem Kyrgyzst\u00e1nu Bi\u0161kek, hlavn\u00ed a nejv\u011bt\u0161\u00ed m\u011bsto. Na sever, Kazachst\u00e1n; na z\u00e1pad, Uzbekist\u00e1n; na jih, T\u00e1d\u017eikist\u00e1n; a na v\u00fdchod\u011b a jihov\u00fdchod\u011b, \u010c\u00edna, zem\u011b m\u00e1 hranice s ka\u017ed\u00fdm z t\u011bchto n\u00e1rod\u016f, tak\u017ee na k\u0159i\u017eovatce mnoha civilizac\u00ed a vliv\u016f.<\/p>","protected":false},"author":1,"featured_media":3487,"parent":24063,"menu_order":0,"comment_status":"closed","ping_status":"closed","template":"elementor_theme","meta":{"_eb_attr":"","footnotes":""},"class_list":["post-14785","page","type-page","status-publish","has-post-thumbnail"],"_links":{"self":[{"href":"https:\/\/travelshelper.com\/cs\/wp-json\/wp\/v2\/pages\/14785","targetHints":{"allow":["GET"]}}],"collection":[{"href":"https:\/\/travelshelper.com\/cs\/wp-json\/wp\/v2\/pages"}],"about":[{"href":"https:\/\/travelshelper.com\/cs\/wp-json\/wp\/v2\/types\/page"}],"author":[{"embeddable":true,"href":"https:\/\/travelshelper.com\/cs\/wp-json\/wp\/v2\/users\/1"}],"replies":[{"embeddable":true,"href":"https:\/\/travelshelper.com\/cs\/wp-json\/wp\/v2\/comments?post=14785"}],"version-history":[{"count":0,"href":"https:\/\/travelshelper.com\/cs\/wp-json\/wp\/v2\/pages\/14785\/revisions"}],"up":[{"embeddable":true,"href":"https:\/\/travelshelper.com\/cs\/wp-json\/wp\/v2\/pages\/24063"}],"wp:featuredmedia":[{"embeddable":true,"href":"https:\/\/travelshelper.com\/cs\/wp-json\/wp\/v2\/media\/3487"}],"wp:attachment":[{"href":"https:\/\/travelshelper.com\/cs\/wp-json\/wp\/v2\/media?parent=14785"}],"curies":[{"name":"wp","href":"https:\/\/api.w.org\/{rel}","templated":true}]}}