{"id":14764,"date":"2024-09-20T09:03:31","date_gmt":"2024-09-20T09:03:31","guid":{"rendered":"https:\/\/travelshelper.com\/staging\/?page_id=14764"},"modified":"2026-03-11T18:19:15","modified_gmt":"2026-03-11T18:19:15","slug":"kuvajt","status":"publish","type":"page","link":"https:\/\/travelshelper.com\/cs\/destinations\/asia\/kuwait\/","title":{"rendered":"Kuvajt"},"content":{"rendered":"<p>Kuvajt zab\u00edr\u00e1 \u00fazk\u00fd \u00fasek pou\u0161t\u011b, kde se Arabsk\u00fd poloostrov setk\u00e1v\u00e1 s Persk\u00fdm z\u00e1livem. Jeho severn\u00ed hranice soused\u00ed s Ir\u00e1kem, zat\u00edmco Sa\u00fadsk\u00e1 Ar\u00e1bie le\u017e\u00ed na jihu; za zhruba 500 km dlouh\u00fdm pob\u0159e\u017e\u00edm se nach\u00e1z\u00ed naproti \u00cdr\u00e1nu p\u0159es vody z\u00e1livu. Navzdory sv\u00e9 skromn\u00e9 \u200b\u200brozloze \u2013 jednomu z nejmen\u0161\u00edch st\u00e1t\u016f sv\u011bta \u2013 je Kuvajt region\u00e1ln\u00edm centrem obchodu, kultury a energetiky. T\u00e9m\u011b\u0159 v\u0161ichni z jeho 4,82 milionu obyvatel se soust\u0159e\u010fuj\u00ed v metropolitn\u00ed oblasti Kuvajtu, kde sotva 1,53 milionu m\u00e1 ob\u010danstv\u00ed a zbytek poch\u00e1z\u00ed z v\u00edce ne\u017e stovky zem\u00ed. Tato mimo\u0159\u00e1dn\u00e1 demografick\u00e1 sm\u011bs \u0159ad\u00ed Kuvajt mezi spole\u010dnosti nejv\u00edce z\u00e1visl\u00e9 na emigraci na sv\u011bt\u011b.<\/p>\n\n\n\n<p>Lidsk\u00e1 p\u0159\u00edtomnost v regionu sah\u00e1 a\u017e do starov\u011bku, p\u0159itahov\u00e1na jeho n\u00e1mo\u0159n\u00edm p\u0159\u00edstupem pobl\u00ed\u017e \u00fast\u00ed Tigridu a Eufratu. Na za\u010d\u00e1tku osmn\u00e1ct\u00e9ho stolet\u00ed se kmenov\u00e1 autorita p\u0159esunula pod emir\u00e1t Bani Khalid; kr\u00e1tce pot\u00e9 se m\u00edstn\u00ed veden\u00ed sjednotilo pod veden\u00edm rodiny Al Sabah a v roce 1899 Kuvajt uzav\u0159el s Brit\u00e1ni\u00ed protektor\u00e1tn\u00ed dohodu, kter\u00e1 postoupila kontrolu nad zahrani\u010dn\u00ed politikou v\u00fdm\u011bnou za vojenskou bezpe\u010dnost. Skromn\u00fd obchodn\u00ed p\u0159\u00edstav udr\u017eoval \u0161ejkstv\u00ed a\u017e do roku 1938, kdy v Burganu do\u0161lo k t\u011b\u017eb\u011b ropy. Export byl zah\u00e1jen v roce 1946 a financoval moderniza\u010dn\u00ed vlnu v n\u00e1sleduj\u00edc\u00edch desetilet\u00edch. Pln\u00e1 suverenita nastala v \u010dervnu 1961 po zru\u0161en\u00ed smlouvy a st\u00e1tn\u00ed instituce se formovaly na pozad\u00ed turbulenc\u00ed na akciov\u00e9m trhu na za\u010d\u00e1tku 80. let 20. stolet\u00ed.<\/p>\n\n\n\n<p>Ir\u00e1ck\u00e9 s\u00edly pod veden\u00edm Sadd\u00e1ma Husajna napadly a anektovaly Kuvajt 2. srpna 1990 s odvol\u00e1n\u00edm na spory o produkci a \u00fazemn\u00ed n\u00e1roky. Koalice veden\u00e1 USA osvobodila zemi v kr\u00e1tk\u00e9 pozemn\u00ed kampani, kter\u00e1 skon\u010dila 26. \u00fanora 1991, v den, kter\u00fd se dnes p\u0159ipom\u00edn\u00e1 jako Den osvobozen\u00ed. N\u00e1klady na rekonstrukci p\u0159es\u00e1hly p\u011bt miliard americk\u00fdch dolar\u016f a byly zam\u011b\u0159eny p\u0159edev\u0161\u00edm na opravu ropn\u00e9 infrastruktury a \u0159e\u0161en\u00ed ekologick\u00fdch n\u00e1sledk\u016f v\u00edce ne\u017e 500 \u00famysln\u00fdch po\u017e\u00e1r\u016f ropn\u00fdch vrt\u016f. Tyto po\u017e\u00e1ry vytvo\u0159ily p\u0159ibli\u017en\u011b 35,7 km\u00b2 ropn\u00fdch jezer, \u010d\u00edm\u017e u\u010dinily v\u00fdchodn\u00ed pou\u0161tn\u00ed oblasti neobyvateln\u00fdmi a pob\u0159e\u017en\u00ed oblasti za\u0161pinily zbytky uhlovod\u00edk\u016f, kter\u00e9 zdecimovaly mo\u0159sk\u00e9 ekosyst\u00e9my.<\/p>\n\n\n\n<p>Kuvajt z\u016fst\u00e1v\u00e1 emir\u00e1tem: vl\u00e1dnouc\u00ed rodina Al-Sabah zast\u00e1v\u00e1 nejvy\u0161\u0161\u00ed \u00fa\u0159ady a em\u00edr slou\u017e\u00ed jako hlava st\u00e1tu podle \u00fastavy, kter\u00e1 kombinuje d\u011bdi\u010dnou vl\u00e1du s volen\u00fdm N\u00e1rodn\u00edm shrom\u00e1\u017ed\u011bn\u00edm. Isl\u00e1m m\u00e1likitsk\u00e9 sunnitsk\u00e9 \u0161koly je ofici\u00e1ln\u00ed v\u00edrou, kterou praktikuj\u00ed odhadem dv\u011b t\u0159etiny ob\u010dan\u016f; \u0161\u00edit\u0161t\u00ed muslimov\u00e9 tvo\u0159\u00ed velkou \u010d\u00e1st zbytku. Zna\u010dn\u00e1 populace \u017eij\u00edc\u00edch v zahrani\u010d\u00ed p\u0159edstavuje k\u0159es\u0165ansk\u00e9, hinduistick\u00e9, sikhsk\u00e9 a buddhistick\u00e9 komunity, mezi nimi\u017e k\u0159es\u0165an\u00e9 poch\u00e1zej\u00edc\u00ed z K\u00e9raly tvo\u0159\u00ed t\u00e9m\u011b\u0159 18 procent obyvatel. \u00da\u0159edn\u00edm jazykem je modern\u00ed spisovn\u00e1 arab\u0161tina; hovorov\u011b p\u0159evl\u00e1d\u00e1 kuvajtsk\u00e1 arab\u0161tina, obohacen\u00e1 o v\u00fdp\u016fj\u010dky z per\u0161tiny, indick\u00fdch jazyk\u016f, ture\u010dtiny, angli\u010dtiny a ital\u0161tiny. Angli\u010dtina funguje jako obchodn\u00ed lingua franca, zat\u00edmco francouz\u0161tina nach\u00e1z\u00ed omezen\u00e9 uplatn\u011bn\u00ed v humanitn\u00edm vzd\u011bl\u00e1v\u00e1n\u00ed.<\/p>\n\n\n\n<p>Geograficky se Kuvajt rozkl\u00e1d\u00e1 mezi 28\u00b0 severn\u00ed \u0161\u00ed\u0159ky a 31\u00b0 severn\u00ed \u0161\u00ed\u0159ky a 46\u00b0 v\u00fdchodn\u00ed d\u00e9lky a 49\u00b0 v\u00fdchodn\u00ed d\u00e9lky. Ter\u00e9n le\u017e\u00ed p\u0159ev\u00e1\u017en\u011b na \u00farovni hladiny mo\u0159e a u h\u0159ebene Mutla dosahuje nadmo\u0159sk\u00e9 v\u00fd\u0161ky pouh\u00fdch 306 m. Jeho pob\u0159e\u017e\u00ed lemuje deset ostrov\u016f, v \u010dele s Bubijanem \u2013 nejv\u011bt\u0161\u00edm v zemi s rozlohou 860 km\u00b2 \u2013 kter\u00e9 jsou propojeny 2,38 km dlouhou hr\u00e1z\u00ed. Pouze 0,6 procenta p\u016fdy je orn\u00e9; zbytek pokr\u00fdv\u00e1 \u0159\u00eddk\u00e9 k\u0159oviny. Kuvajtsk\u00fd z\u00e1liv nab\u00edz\u00ed p\u0159irozen\u00fd hlubokovodn\u00ed p\u0159\u00edstav, kter\u00fd kotv\u00ed na pob\u0159e\u017e\u00ed Kuvajtu.<\/p>\n\n\n\n<p>Klima se pohybuje od zimn\u00edch minim zm\u00edrn\u011bn\u00fdch severn\u00edmi v\u011btry a\u017e po l\u00e9ta pat\u0159\u00edc\u00ed k nejteplej\u0161\u00edm na sv\u011bt\u011b. \u0160amal v \u010dervnu a \u010dervenci zp\u016fsobuje p\u00edse\u010dn\u00e9 bou\u0159e; zimn\u00ed noci se mohou zd\u00e1t chladn\u00e9 d\u00edky zem\u011bpisn\u00e9 \u0161\u00ed\u0159ce a bl\u00edzkosti Ir\u00e1ku a \u00cdr\u00e1nu. Rekordn\u011b vysok\u00e1 teplota dosahuje 54,0 \u00b0C a byla nam\u011b\u0159ena v Mitribahu 21. \u010dervence 2016. Sr\u00e1\u017eky jsou vz\u00e1cn\u00e9 a sez\u00f3nn\u00ed; jaro p\u0159in\u00e1\u0161\u00ed tepl\u00e9 dny a ob\u010dasn\u00e9 bou\u0159ky.<\/p>\n\n\n\n<p>Ropa je z\u00e1kladem vysokop\u0159\u00edjmov\u00e9 ekonomiky Kuvajtu, kter\u00e1 dr\u017e\u00ed \u0161est\u00e9 nejv\u011bt\u0161\u00ed prok\u00e1zan\u00e9 z\u00e1soby na planet\u011b \u2013 jen v lo\u017eisku Burgan se nach\u00e1z\u00ed asi 70 miliard barel\u016f. Uhlovod\u00edky tvo\u0159\u00ed t\u00e9m\u011b\u0159 90 procent exportu, p\u0159i\u010dem\u017e v\u011bt\u0161inu zbytku tvo\u0159\u00ed letadla a organick\u00e9 chemik\u00e1lie. Kuvajt se um\u00edstil na n\u00edzk\u00e9 \u00farovni ekonomick\u00e9 diverzifikace a emise uhl\u00edku na obyvatele se \u0159ad\u00ed k nejvy\u0161\u0161\u00edm na sv\u011bt\u011b. Ochrana \u017eivotn\u00edho prost\u0159ed\u00ed se postupn\u011b zlep\u0161ovala: existuje p\u011bt chr\u00e1n\u011bn\u00fdch oblast\u00ed uznan\u00fdch IUCN a v roce 2018 z\u00edskala rezervace Mubarak al-Kabeer na ostrov\u011b Bubiyan ozna\u010den\u00ed Ramsarsk\u00e1 \u00famluva, kter\u00e1 slou\u017e\u00ed jako kritick\u00e9 m\u00edsto odpo\u010dinku pro st\u011bhovav\u00e9 pt\u00e1ky a kde se nach\u00e1z\u00ed nejv\u011bt\u0161\u00ed hn\u00edzdn\u00ed kolonie krab\u016f a kul\u00edk\u016f na planet\u011b.<\/p>\n\n\n\n<p>Administrativn\u011b se \u00fazem\u00ed st\u00e1tu d\u011bl\u00ed na \u0161est guvernor\u00e1t\u016f: Hlavn\u00ed m\u011bsto (Al Asima), Haval\u00ed, Farv\u00e1nsk\u00e1 oblast, Mubarak Al-Kab\u00edr, Ahmad\u00ed a D\u017eahra. Ka\u017ed\u00fd guvernor\u00e1t se skl\u00e1d\u00e1 z n\u011bkolika oblast\u00ed; celkem se v nich nach\u00e1z\u00ed silni\u010dn\u00ed s\u00ed\u0165 o d\u00e9lce p\u0159esahuj\u00edc\u00ed 5 700 km, z \u010deho\u017e p\u0159es 4 800 km tvo\u0159\u00ed zpevn\u011bn\u00e9 d\u00e1lnice. Doprav\u011b dominuj\u00ed automobily \u2013 neexistuje \u017eeleznice ani metro \u2013 a je podporov\u00e1na st\u00e1tn\u00ed kuvajtskou spole\u010dnost\u00ed Public Transportation Company a soukrom\u00fdmi provozovateli CityBus a Kuwait Gulf Link. Tax\u00edky, kter\u00e9 lze rozpoznat podle \u017elut\u00fdch pozn\u00e1vac\u00edch zna\u010dek, jezd\u00ed p\u0159ev\u00e1\u017en\u011b bez taxametr\u016f, zat\u00edmco slu\u017eby zalo\u017een\u00e9 na aplikac\u00edch, jako je Careem, z\u00edsk\u00e1vaj\u00ed na popularit\u011b. Centra leteck\u00e9 dopravy se nach\u00e1zej\u00ed na mezin\u00e1rodn\u00edm leti\u0161ti v Kuvajtu, kde s\u00eddl\u00ed Kuwait Airways a kde se nach\u00e1z\u00ed leteck\u00e1 z\u00e1kladna Al Mubarak; slu\u017eby dopl\u0148uj\u00ed dva soukrom\u00ed dopravci, Jazeera a Wataniya. V kv\u011btnu 2025 \u010dtrn\u00e1ct zahrani\u010dn\u00edch leteck\u00fdch spole\u010dnost\u00ed pozastavilo lety kv\u016fli obav\u00e1m o management a konkurenci, co\u017e vyvolalo ot\u00e1zky ohledn\u011b region\u00e1ln\u00ed role leti\u0161t\u011b.<\/p>\n\n\n\n<p>N\u00e1mo\u0159n\u00ed obchod z\u00e1vis\u00ed na p\u0159\u00edstavech \u0160uvajk a \u0160uajba, kter\u00e9 v roce 2006 odbavily p\u0159es 750 000 TEU, spolu s p\u0159\u00edstavem Mina al-Ahmadi. Nov\u00fd p\u0159\u00edstav Mubarak Al Kabeer na ostrov\u011b Bubiyan, kter\u00fd je ve v\u00fdstavb\u011b, by m\u011bl ro\u010dn\u011b odbavit dva miliony TEU. Sektor lodn\u00ed dopravy se \u0159ad\u00ed k nejv\u011bt\u0161\u00edm v regionu.<\/p>\n\n\n\n<p>Navzdory bohatstv\u00ed v oblasti ropy z\u016fst\u00e1v\u00e1 cestovn\u00ed ruch skromn\u00fd, omezen\u00fd omezenou infrastrukturou a z\u00e1kazem alkoholu. V\u00fddaje na dom\u00e1c\u00ed cestov\u00e1n\u00ed dos\u00e1hly v roce 2020 6,1 miliardy dolar\u016f; Sv\u011btov\u00e1 rada pro cestovn\u00ed ruch a cestovn\u00ed ruch ozna\u010dila Kuvajt za nejrychleji rostouc\u00ed ekonomiku v oblasti cestovn\u00edho ruchu mezi sv\u00fdmi prot\u011bj\u0161ky v roce 2019, co\u017e p\u0159edstavuje meziro\u010dn\u00ed n\u00e1r\u016fst o 11,6 procenta. Mezi kulturn\u00ed atrakce pat\u0159\u00ed festival Hala Febrayer, kter\u00fd se kon\u00e1 ka\u017ed\u00fd \u00fanor a p\u0159ipom\u00edn\u00e1 osvobozen\u00ed koncerty, p\u0159ehl\u00eddkami a karnevaly. Developersk\u00fd projekt Sabah Al Ahmad Sea City a nov\u011b odhalen\u00e1 Kuvajtsk\u00e1 n\u00e1rodn\u00ed kulturn\u00ed \u010dtvr\u0165 \u2013 projekt v hodnot\u011b 1 miliardy dolar\u016f, kter\u00fd zahrnuje kulturn\u00ed centra, parky a pal\u00e1cov\u00e1 pam\u00e1tkov\u00e1 m\u00edsta \u2013 signalizuj\u00ed aspirace sm\u011brem k \u0161ir\u0161\u00ed kreativn\u00ed ekonomice.<\/p>\n\n\n\n<p>Kuvajt byl pr\u016fkopn\u00edkem v um\u011bn\u00ed arabsk\u00fdch st\u00e1t\u016f Persk\u00e9ho z\u00e1livu: vizu\u00e1ln\u00ed studia sahaj\u00ed a\u017e k portr\u00e9t\u016fm Mojeba al-Dousariho ve 30. letech 20. stolet\u00ed a teorii \u201ecirkulismu\u201c Khalify Al-Qattana v 60. letech 20. stolet\u00ed. Dnes v\u00edce ne\u017e t\u0159icet galeri\u00ed vystavuje d\u00edla Samiho Mohammada, Thurayi Al-Baqsami a Suzan Bushnak. Divadeln\u00ed um\u011bn\u00ed sah\u00e1 a\u017e do 20. let 20. stolet\u00ed; ve\u0159ejn\u00e1 divadla, dotovan\u00e1 vl\u00e1dou prost\u0159ednictv\u00edm N\u00e1rodn\u00ed rady pro kulturu, um\u011bn\u00ed a literaturu, po\u0159\u00e1daj\u00ed ka\u017edoro\u010dn\u00ed festival a m\u00edstn\u00ed dramata p\u0159itahuj\u00ed publikum v cel\u00e9m regionu. Televizn\u00ed seri\u00e1ly \u2013 patn\u00e1ct a v\u00edce produkovan\u00fdch ro\u010dn\u011b \u2013 se vys\u00edlaj\u00ed p\u0159es Persk\u00fd z\u00e1liv, co\u017e Kuvajtu vyneslo p\u0159ezd\u00edvku \u201eHollywood Persk\u00e9ho z\u00e1livu\u201c. Telenovely se vys\u00edlaj\u00ed b\u011bhem Ramad\u00e1nu, kdy\u017e se rodiny sch\u00e1zej\u00ed za soumraku. Hudebn\u00ed tradice jako sawt a fijiri odr\u00e1\u017eej\u00ed n\u00e1mo\u0159nick\u00e9 d\u011bdictv\u00ed; nahr\u00e1v\u00e1n\u00ed za\u010dalo ji\u017e v roce 1912. Sou\u010dasn\u00e1 hudba Khalid\u017ei se t\u011b\u0161\u00ed pan-arabsk\u00e9 popularit\u011b a um\u011blci jako Nawal El Kuwaiti a Abdallah Al Rowaished hojn\u011b koncertuj\u00ed.<\/p>\n\n\n\n<p>Spole\u010densk\u00e9 normy se dr\u017e\u00ed \u00e9tosu \u201e\u017eij a nech \u017e\u00edt\u201c s velkorysou volnost\u00ed v obl\u00e9k\u00e1n\u00ed a chov\u00e1n\u00ed, pokud jsou dodr\u017eov\u00e1ny z\u00e1kony o ve\u0159ejn\u00e9 slu\u0161nosti. Ur\u00e1\u017eka jin\u00e9 ve\u0159ejn\u00e9 osoby poru\u0161uje \u0161iroce definovan\u00e9 z\u00e1kony o pomluv\u011b. B\u011bhem ramad\u00e1nu je ve\u0159ejn\u00e1 konzumace j\u00eddla, pit\u00ed nebo tab\u00e1ku nez\u00e1konn\u00e1. Homosexu\u00e1ln\u00ed akty z\u016fst\u00e1vaj\u00ed kriminalizov\u00e1ny, a\u010dkoli k obvykl\u00fdm projev\u016fm n\u00e1klonnosti osob stejn\u00e9ho pohlav\u00ed doch\u00e1z\u00ed bez stigmatu.<\/p>\n\n\n\n<p>M\u011bsta v dosahu Kuvajtu odhaluj\u00ed kontrastn\u00ed \u017eivoty: historick\u00e9 \u010dtvrti D\u017eahry le\u017e\u00ed z\u00e1padn\u011bji, v Ahmad\u00ed se nach\u00e1z\u00ed infrastruktura ropn\u00fdch rafineri\u00ed, na Havaji a ve Farv\u00e1niji se nach\u00e1zej\u00ed hust\u011b os\u00eddlen\u00e9 obytn\u00e9 z\u00f3ny a p\u0159\u00edstavy, zat\u00edmco pl\u00e1\u017ee a nemovitosti v Salm\u00edji l\u00e1kaj\u00ed rodiny a cizince. Odlehl\u00e9 destinace, jako jsou Khairan a Bnaider, podporuj\u00ed jachta\u0159sk\u00e9 kluby a vodn\u00ed sporty; ostrov Failaka, zjizven\u00fd v\u00e1lkou, nyn\u00ed nab\u00edz\u00ed historick\u00e9 ubytov\u00e1n\u00ed dostupn\u00e9 pravidelnou trajektovou dopravou.<\/p>\n\n\n\n<p>Vstupn\u00ed p\u0159edpisy se li\u0161\u00ed podle st\u00e1tn\u00ed p\u0159\u00edslu\u0161nosti. Ob\u010dan\u00e9 zem\u00ed GCC cestuj\u00ed bez v\u00edz; obyvatel\u00e9 mnoha z\u00e1padn\u00edch a asijsk\u00fdch st\u00e1t\u016f je mohou z\u00edskat po p\u0159\u00edletu na leti\u0161tn\u00ed termin\u00e1ly, zat\u00edmco jin\u00ed vy\u017eaduj\u00ed p\u0159edem domluven\u00e9 sponzorstv\u00ed. V\u0161ichni p\u0159\u00edchoz\u00ed se mus\u00ed vyhnout izraelsk\u00fdm raz\u00edtk\u016fm, kter\u00e1 zneplat\u0148uj\u00ed vstup. Mo\u017enosti ve\u0159ejn\u00e9 dopravy z leti\u0161t\u011b zahrnuj\u00ed taxi, limuz\u00edny a autobus za 0,25 kuvajtsk\u00fdch wok\u016f do centra m\u011bsta, a\u010dkoli j\u00edzdn\u00ed \u0159\u00e1dy a informace o trase vy\u017eaduj\u00ed pl\u00e1nov\u00e1n\u00ed p\u0159edem.<\/p>\n\n\n\n<p>V\u00fdvoj Kuvajtu \u2013 od pou\u0161tn\u00edho p\u0159\u00edstavu k ropn\u00e9 velmoci \u2013 nese kontrasty bohatstv\u00ed a prost\u0159ed\u00ed, tradice a modernity. Jeho kompaktn\u00ed geografie skr\u00fdv\u00e1 slo\u017eitou tapiserii historie, kultury a obchodu. Zat\u00edmco uhlovod\u00edky udr\u017euj\u00ed fisk\u00e1ln\u00ed rezervy, rod\u00edc\u00ed se \u00fasil\u00ed v kreativn\u00edm sektoru a sektoru slu\u017eeb se sna\u017e\u00ed roz\u0161\u00ed\u0159it obzory. N\u00e1rod stoj\u00ed na k\u0159i\u017eovatce, kde jeho minulost formuje sou\u010dasnou identitu a kde strategick\u00e1 rozhodnut\u00ed budou formovat diverzifikovan\u011bj\u0161\u00ed budoucnost.<\/p>","protected":false},"excerpt":{"rendered":"<p>Kuvajt, form\u00e1ln\u011b zn\u00e1m\u00fd jako Kuvajtsk\u00fd st\u00e1t, je n\u00e1rod nach\u00e1zej\u00edc\u00ed se v z\u00e1padn\u00ed Asii, pobl\u00ed\u017e severn\u00ed hranice v\u00fdchodn\u00ed Ar\u00e1bie, na v\u00fdb\u011b\u017eku Persk\u00e9ho z\u00e1livu. Kuvajt s populac\u00ed 4,93 milionu od roku 2024 \u2013 co\u017e je n\u00e1r\u016fst o 1,98 % oproti roku p\u0159edchoz\u00edmu \u2013 zauj\u00edm\u00e1 z\u00e1sadn\u00ed m\u00edsto odd\u011bluj\u00edc\u00ed Ir\u00e1k na severu od Sa\u00fadsk\u00e9 Ar\u00e1bie na jihu. Zem\u011b, kter\u00e1 se skl\u00e1d\u00e1 z pob\u0159e\u017e\u00ed dlouh\u00e9ho asi 500 kilometr\u016f pod\u00e9l Persk\u00e9ho z\u00e1livu, m\u00e1 n\u00e1mo\u0159n\u00ed hranici s \u00cdr\u00e1nem.<\/p>","protected":false},"author":1,"featured_media":4387,"parent":24063,"menu_order":0,"comment_status":"closed","ping_status":"closed","template":"elementor_theme","meta":{"_eb_attr":"","footnotes":""},"class_list":["post-14764","page","type-page","status-publish","has-post-thumbnail"],"_links":{"self":[{"href":"https:\/\/travelshelper.com\/cs\/wp-json\/wp\/v2\/pages\/14764","targetHints":{"allow":["GET"]}}],"collection":[{"href":"https:\/\/travelshelper.com\/cs\/wp-json\/wp\/v2\/pages"}],"about":[{"href":"https:\/\/travelshelper.com\/cs\/wp-json\/wp\/v2\/types\/page"}],"author":[{"embeddable":true,"href":"https:\/\/travelshelper.com\/cs\/wp-json\/wp\/v2\/users\/1"}],"replies":[{"embeddable":true,"href":"https:\/\/travelshelper.com\/cs\/wp-json\/wp\/v2\/comments?post=14764"}],"version-history":[{"count":0,"href":"https:\/\/travelshelper.com\/cs\/wp-json\/wp\/v2\/pages\/14764\/revisions"}],"up":[{"embeddable":true,"href":"https:\/\/travelshelper.com\/cs\/wp-json\/wp\/v2\/pages\/24063"}],"wp:featuredmedia":[{"embeddable":true,"href":"https:\/\/travelshelper.com\/cs\/wp-json\/wp\/v2\/media\/4387"}],"wp:attachment":[{"href":"https:\/\/travelshelper.com\/cs\/wp-json\/wp\/v2\/media?parent=14764"}],"curies":[{"name":"wp","href":"https:\/\/api.w.org\/{rel}","templated":true}]}}