{"id":14734,"date":"2024-09-19T23:45:08","date_gmt":"2024-09-19T23:45:08","guid":{"rendered":"https:\/\/travelshelper.com\/staging\/?page_id=14734"},"modified":"2026-03-11T18:28:10","modified_gmt":"2026-03-11T18:28:10","slug":"maledivy","status":"publish","type":"page","link":"https:\/\/travelshelper.com\/cs\/destinations\/asia\/maldives\/","title":{"rendered":"Maledivy"},"content":{"rendered":"<p>Maledivsk\u00e1 republika zauj\u00edm\u00e1 \u00fazkou plochu kor\u00e1lov\u00fdch \u00fatvar\u016f ve st\u0159edn\u00ed \u010d\u00e1sti Indick\u00e9ho oce\u00e1nu, asi 750 kilometr\u016f jihoz\u00e1padn\u011b od Indie a Sr\u00ed Lanky. A\u010dkoli jej\u00ed sou\u0161 pokr\u00fdv\u00e1 pouh\u00fdch 298 kilometr\u016f \u010dtvere\u010dn\u00edch \u2013 co\u017e z n\u00ed \u010din\u00ed nejmen\u0161\u00ed st\u00e1t Asie \u2013 souostrov\u00ed se rozkl\u00e1d\u00e1 na t\u00e9m\u011b\u0159 90 000 kilometrech \u010dtvere\u010dn\u00edch mo\u0159e. V t\u00e9to rozloze le\u017e\u00ed 1 192 kor\u00e1lov\u00fdch ostrov\u016f, uspo\u0159\u00e1dan\u00fdch do dvojit\u00e9ho \u0159et\u011bzce 26 atol\u016f, t\u00e1hnouc\u00ed se od atolu Ihavandhippolhu na severu (ji\u017en\u011b od 8\u00b0 severn\u00ed \u0161\u00ed\u0159ky) a\u017e po atol Addu na 1\u00b0 ji\u017en\u00ed \u0161\u00ed\u0159ky. Pono\u0159en\u00fd z\u00e1klad Malediv tvo\u0159\u00ed podmo\u0159sk\u00fd h\u0159eben dlouh\u00fd t\u00e9m\u011b\u0159 1 000 kilometr\u016f, kter\u00fd se prudce zved\u00e1 z hlubok\u00e9ho oce\u00e1nsk\u00e9ho dna a podp\u00edr\u00e1 sv\u011bt \u017eiv\u00fdch \u00fates\u016f a p\u00edse\u010dn\u00fdch m\u011bl\u010din.<\/p>\n\n\n\n<p>Geograficky se ostrovy nach\u00e1zej\u00ed v pr\u016fm\u011brn\u00e9 nadmo\u0159sk\u00e9 v\u00fd\u0161ce pouh\u00fdch 1,5 metru a \u017e\u00e1dn\u00fd p\u0159\u00edrodn\u00ed bod se nevy\u0161plh\u00e1 v\u00edce ne\u017e 2,4 metru, co\u017e z Malediv d\u011bl\u00e1 nejn\u00ed\u017ee polo\u017eenou zemi na Zemi. V mnoha obydlen\u00fdch oblastech zv\u00fd\u0161ily meliorace a v\u00fdstavba hladinu mo\u0159e o n\u011bkolik metr\u016f; p\u0159esto v\u00edce ne\u017e 80 procent ostrov\u016f z\u016fst\u00e1v\u00e1 jen tenk\u00fdmi prou\u017eky kor\u00e1l\u016f a p\u00edsku, zraniteln\u00fdmi v\u016f\u010di bou\u0159kov\u00fdm vln\u00e1m a ne\u00faprosn\u00e9mu stoup\u00e1n\u00ed hladiny oce\u00e1n\u016f. Dva p\u0159\u00edrodn\u00ed kan\u00e1ly na jihu umo\u017e\u0148uj\u00ed lod\u00edm proplout mezi v\u00fdchodn\u00edm a z\u00e1padn\u00edm Indick\u00fdm oce\u00e1nem, ale pro v\u011bt\u0161inu plavidel p\u0159edstavuj\u00ed atoly t\u00e9m\u011b\u0159 souvislou bari\u00e9ru.<\/p>\n\n\n\n<p>Lidsk\u00e1 p\u0159\u00edtomnost na t\u011bchto kous\u00ed\u010dc\u00edch pevniny sah\u00e1 nejm\u00e9n\u011b 2 500 let do minulosti, a\u010dkoli p\u00edsemn\u00e9 z\u00e1znamy za\u010d\u00ednaj\u00ed s arabsk\u00fdmi mo\u0159eplavci v roce 947 n. l. Do dvan\u00e1ct\u00e9ho stolet\u00ed vliv isl\u00e1mu zm\u011bnil v\u00edru domorod\u00fdch obyvatel a ostrovy se slou\u010dily pod sultan\u00e1tem, kter\u00fd propojil jejich bohatstv\u00ed s obchodn\u00edky z Ar\u00e1bie, Persie a d\u00e1le na v\u00fdchod. Mal\u00e9 \u2013 \u201eKr\u00e1lovsk\u00fd ostrov\u201c \u2013 se stalo s\u00eddlem po sob\u011b jdouc\u00edch dynasti\u00ed a na jeho kompaktn\u00edm pozemku dnes s\u00eddl\u00ed vl\u00e1dn\u00ed ministerstva, me\u0161ity a \u017eije zde t\u00e9m\u011b\u0159 t\u0159etina z p\u016fl milionu obyvatel zem\u011b.<\/p>\n\n\n\n<p>Evropsk\u00e9 vp\u00e1dy v \u0161estn\u00e1ct\u00e9m stolet\u00ed postupn\u011b naru\u0161ily rovnov\u00e1hu sil a do roku 1887 se Maledivy staly britsk\u00fdm protektor\u00e1tem. V roce 1965 znovu z\u00edskaly plnou suverenitu; o dva roky pozd\u011bji sultan\u00e1t ustoupil prezidentsk\u00e9 republice a volen\u00e9mu z\u00e1konod\u00e1rn\u00e9mu sboru (Lidov\u00fd Majlis). N\u00e1sleduj\u00edc\u00ed desetilet\u00ed byla sv\u011bdkem sporn\u00fdch politick\u00fdch reforem, ob\u010dasn\u00fdch nepokoj\u016f a snah o pos\u00edlen\u00ed demokratick\u00fdch instituc\u00ed. Na mezin\u00e1rodn\u00ed \u00farovni Maledivy pomohly zalo\u017eit Jihoasijsk\u00e9 sdru\u017een\u00ed pro region\u00e1ln\u00ed spolupr\u00e1ci; jsou \u010dleny Organizace spojen\u00fdch n\u00e1rod\u016f, Organizace isl\u00e1msk\u00e9 spolupr\u00e1ce, Hnut\u00ed nez\u00fa\u010dastn\u011bn\u00fdch a od roku 2020 op\u011bt Spole\u010denstv\u00ed n\u00e1rod\u016f. Udr\u017euj\u00ed si tak\u00e9 dialogov\u00fd status se \u0160anghajskou organizac\u00ed pro spolupr\u00e1ci.<\/p>\n\n\n\n<p>Ekonomika zem\u011b se kdysi spol\u00e9hala t\u00e9m\u011b\u0159 v\u00fdhradn\u011b na rybolov a v\u00fdvoz lastur kauri \u2013 \u201epen\u011b\u017en\u00edch ostrov\u016f\u201c prvn\u00edch obchodn\u00edk\u016f. Od 70. let 20. stolet\u00ed se souostrov\u00ed z\u00e1m\u011brn\u011b otev\u0159elo cestovn\u00edmu ruchu, zru\u0161ily se dovozn\u00ed kv\u00f3ty a podpo\u0159il se rozvoj soukrom\u00e9ho sektoru. V roce 1972 byla otev\u0159ena dv\u011b skromn\u00e1 letoviska \u2013 Bandos Island a Kurumba; do roku 2008 v\u00edce ne\u017e 89 za\u0159\u00edzen\u00ed hostilo p\u0159es 600 000 n\u00e1v\u0161t\u011bvn\u00edk\u016f, p\u0159i\u010dem\u017e ka\u017ed\u00fd z nich poh\u00e1n\u011bl sektor, kter\u00fd nyn\u00ed p\u0159edstavuje zhruba 28 procent HDP a v\u00edce ne\u017e 60 procent devizov\u00fdch p\u0159\u00edjm\u016f. V roce 2019 po\u010det turist\u016f p\u0159ekro\u010dil 1,7 milionu.<\/p>\n\n\n\n<p>Rybolov je i nad\u00e1le z\u00e1sadn\u00ed. Mechanizace tradi\u010dn\u00edho dhoni v roce 1974 a spu\u0161t\u011bn\u00ed z\u00e1vodu na konzervov\u00e1n\u00ed ryb na Felivaru v roce 1977 pomohly toto odv\u011btv\u00ed modernizovat. Do roku 2010 se rybolov pod\u00edlel na HDP v\u00edce ne\u017e 15 procenty a zam\u011bstn\u00e1val t\u00e9m\u011b\u0159 t\u0159etinu pracovn\u00ed s\u00edly. V\u00fdvoz tu\u0148\u00e1ka a souvisej\u00edc\u00edch produkt\u016f i nad\u00e1le zaji\u0161\u0165uje \u017eivobyt\u00ed atol\u016f.<\/p>\n\n\n\n<p>P\u0159\u00edjem na obyvatele je vy\u0161\u0161\u00ed ne\u017e ve v\u011bt\u0161in\u011b jihoasijsk\u00fdch zem\u00ed a Sv\u011btov\u00e1 banka za\u0159azuje Maledivy do kategorie zem\u00ed s vy\u0161\u0161\u00edm st\u0159edn\u00edm p\u0159\u00edjmem. Index lidsk\u00e9ho rozvoje je hodnot\u00ed jako \u201evysok\u00e9\u201c, co\u017e odr\u00e1\u017e\u00ed zlep\u0161en\u00ed ve vzd\u011bl\u00e1v\u00e1n\u00ed, zdravotnictv\u00ed a infrastruktu\u0159e; nerovnom\u011brn\u00e1 hustota obyvatelstva a k\u0159ehkost pevniny v\u0161ak p\u0159edstavuj\u00ed p\u0159etrv\u00e1vaj\u00edc\u00ed v\u00fdzvy.<\/p>\n\n\n\n<p>Klima utv\u00e1\u0159\u00ed v\u0161echny aspekty \u017eivota na Malediv\u00e1ch. Ostrovy le\u017e\u00edc\u00ed pobl\u00ed\u017e rovn\u00edku za\u017e\u00edvaj\u00ed tropick\u00fd monzunov\u00fd cyklus se dv\u011bma hlavn\u00edmi ro\u010dn\u00edmi obdob\u00edmi. Od prosince do dubna p\u0159in\u00e1\u0161\u00ed severov\u00fdchodn\u00ed monzun relativn\u011b klidn\u00e9 a such\u00e9 po\u010das\u00ed; od \u010dervna do listopadu jihoz\u00e1padn\u00ed monzun p\u0159in\u00e1\u0161\u00ed vlhkost, de\u0161t\u011b a periodick\u00e9 bou\u0159ky. Ro\u010dn\u00ed sr\u00e1\u017eky se pohybuj\u00ed od p\u0159ibli\u017en\u011b 2,5 metru na severu do t\u00e9m\u011b\u0159 3,8 metru na jihu. Teploty jsou trvale vysok\u00e9, s pr\u016fm\u011brn\u00fdmi denn\u00edmi maximy 31,5 \u00b0C a minimy 26,4 \u00b0C.<\/p>\n\n\n\n<p>Dlouho p\u0159edt\u00edm, ne\u017e se klima stalo p\u0159edm\u011btem glob\u00e1ln\u00edho z\u00e1jmu, si malediv\u0161t\u00ed p\u0159edstavitel\u00e9 uv\u011bdomovali hroz\u00edc\u00ed hrozbu. V roce 1988 \u00fa\u0159ady varovaly, \u017ee stoupaj\u00edc\u00ed hladina mo\u0159e by mohla zemi do t\u0159\u00ed desetilet\u00ed pohltit. Mezivl\u00e1dn\u00ed panel pro zm\u011bnu klimatu pozd\u011bji p\u0159edpov\u011bd\u011bl, \u017ee do roku 2100 vzroste hladina mo\u0159e a\u017e o 59 centimetr\u016f \u2013 co\u017e je podle expert\u016f dost na to, aby se mnoho ostrov\u016f stalo neobyvateln\u00fdmi. V roce 2009 prezident Mohamed Nasheed svolal podmo\u0159sk\u00e9 zased\u00e1n\u00ed vl\u00e1dy, aby toto nebezpe\u010d\u00ed zdramatizoval. Jeho varov\u00e1n\u00ed z roku 2012, \u017ee \u201emoje zem\u011b bude za sedm let pod vodou\u201c, zd\u016fraznilo nal\u00e9havost sni\u017eov\u00e1n\u00ed emis\u00ed.<\/p>\n\n\n\n<p>Nov\u011bj\u0161\u00ed v\u00fdzkum nab\u00edz\u00ed ur\u010ditou m\u00edru zdr\u017eenliv\u00e9ho optimismu: studie na Univerzit\u011b v Plymouthu nazna\u010duj\u00ed, \u017ee p\u0159irozen\u00fd transport sediment\u016f m\u016f\u017ee zv\u00fd\u0161it nadmo\u0159skou v\u00fd\u0161ku ostrov\u016f, za p\u0159edpokladu, \u017ee mo\u0159sk\u00e9 zdi a pob\u0159e\u017en\u00ed panc\u00e9\u0159ov\u00e1n\u00ed tomuto procesu nebr\u00e1n\u00ed. P\u0159esto adapta\u010dn\u00ed strategie \u2013 od zpevn\u011bn\u00fdch b\u0159eh\u016f a\u017e po potenci\u00e1ln\u00ed n\u00e1kupy pozemk\u016f v zahrani\u010d\u00ed \u2013 z\u016fst\u00e1vaj\u00ed kl\u00ed\u010dov\u00e9, proto\u017ee samotn\u00e9 p\u0159e\u017eit\u00ed souostrov\u00ed z\u00e1vis\u00ed na spole\u010dn\u00e9 akci doma i v zahrani\u010d\u00ed.<\/p>\n\n\n\n<p>Pod vlnami se na Malediv\u00e1ch nach\u00e1z\u00ed jedna z nejbohat\u0161\u00edch mo\u0159sk\u00fdch rozmanitost\u00ed na planet\u011b. Kor\u00e1lov\u00e9 \u00fatesy host\u00ed 187 odli\u0161n\u00fdch druh\u016f, zat\u00edmco na okraj\u00edch \u00fates\u016f se hem\u017e\u00ed v\u00edce ne\u017e 1100 druhy ryb \u2013 od \u017eralok\u016f \u00fatesov\u00fdch a papou\u0161\u010d\u00edch ryb a\u017e po ikonick\u00e9 pyskouny keporkaky. \u017delvy, delf\u00edni a velryby proch\u00e1zej\u00ed hlub\u0161\u00edmi vodami; m\u011bkk\u00fd\u0161i, kor\u00fd\u0161i a ostnoko\u017eci ob\u00fdvaj\u00ed z\u00e1kout\u00ed a \u0161t\u011brbiny \u00fatesu. Mo\u0159\u0161t\u00ed biologov\u00e9 zaznamen\u00e1vaj\u00ed rozd\u00edly v biodiverzit\u011b jak pod\u00e9l severoji\u017en\u00edho gradientu, tak mezi sousedn\u00edmi atoly, ovlivn\u011bn\u00e9 proudy, tlakem rybolovu a ochran\u00e1\u0159sk\u00fdmi opat\u0159en\u00edmi. V roce 2011 z\u00edskal atol Baa status biosf\u00e9rick\u00e9 rezervace UNESCO, co\u017e je p\u0159\u00edkladem \u00fasil\u00ed o vyv\u00e1\u017een\u00ed cestovn\u00edho ruchu s ekologickou spr\u00e1vou.<\/p>\n\n\n\n<p>Na sou\u0161i kulturn\u00ed krajina odr\u00e1\u017e\u00ed stalet\u00ed n\u00e1mo\u0159n\u00ed v\u00fdm\u011bny. Divehinov\u00e9 \u2013 indo\u00e1rijsk\u00e1 skupina se stopami bl\u00edzkov\u00fdchodn\u00edch, austron\u00e9sk\u00fdch a africk\u00fdch p\u0159edk\u016f \u2013 mluv\u00ed divehi po tis\u00edcilet\u00ed. Jejich p\u00edsmo se vyvinulo z ran\u00fdch domorod\u00fdch abeced a\u017e po dne\u0161n\u00ed thaana, syst\u00e9m psan\u00ed zprava doleva ovlivn\u011bn\u00fd arab\u0161tinou. Angli\u010dtina nyn\u00ed slou\u017e\u00ed jako praktick\u00fd lingua franca, vyu\u010duje se ve \u0161kol\u00e1ch a \u0161iroce se pou\u017e\u00edv\u00e1 v obchod\u011b; arab\u0161tina z\u016fst\u00e1v\u00e1 \u00fast\u0159edn\u00edm bodem n\u00e1bo\u017eensk\u00e9 v\u00fduky.<\/p>\n\n\n\n<p>Isl\u00e1m je zakotven v \u00fastav\u011b z roku 2008: v\u0161ichni ob\u010dan\u00e9 mus\u00ed b\u00fdt sunnit\u0161t\u00ed muslimov\u00e9, a\u010dkoli men\u0161inov\u00e9 v\u00edry a soukrom\u00e9 bohoslu\u017eby cizinc\u016f jsou tolerov\u00e1ny. Historick\u00e9 s\u00fafijsk\u00e9 tradice p\u0159etrv\u00e1vaj\u00ed v podob\u011b hrobek soused\u00edc\u00edch se starobyl\u00fdmi me\u0161itami, co\u017e jsou zn\u00e1mky synkretick\u00e9 n\u00e1bo\u017eensk\u00e9 praxe, kter\u00e1 p\u0159etrvala a\u017e do konce dvac\u00e1t\u00e9ho stolet\u00ed. Dnes tvo\u0159\u00ed k\u0159es\u0165an\u0161t\u00ed stoupenci m\u00e9n\u011b ne\u017e jedno procento populace, zat\u00edmco isl\u00e1msk\u00e1 identita formuje spole\u010densk\u00e9 normy a pr\u00e1vn\u00ed struktury.<\/p>\n\n\n\n<p>Administrativn\u011b republika d\u011bl\u00ed sv\u00e9 \u00fazem\u00ed na 21 jednotek: 17 atol\u016f a \u010dty\u0159i m\u011bsta. Ka\u017ed\u00fd atol nese jak tradi\u010dn\u00ed divehsk\u00fd n\u00e1zev \u2013 \u010dasto nepraktick\u00fd pro nem\u00edstn\u00ed obyvatele \u2013, tak i jednodu\u0161\u0161\u00ed p\u00edsmenn\u00fd k\u00f3d odvozen\u00fd z divehsk\u00e9 abecedy (nap\u0159\u00edklad \u201eBaa\u201c pro Maalhosmadulu Dhekunuburi). N\u011bkdy doch\u00e1z\u00ed k nejasnostem, kdy\u017e jsou tyto k\u00f3dy zam\u011bn\u011bny za ofici\u00e1ln\u00ed n\u00e1zvy. M\u00edstn\u00ed spr\u00e1va spo\u010d\u00edv\u00e1 v rukou volen\u00fdch rad na \u00farovni atolu i ostrova, co\u017e zaji\u0161\u0165uje ur\u010ditou m\u00edru samospr\u00e1vy v r\u00e1mci unit\u00e1rn\u00edho st\u00e1tu.<\/p>\n\n\n\n<p>\u017divot na ostrovech se \u0159\u00edd\u00ed rytmy dan\u00fdmi p\u0159\u00edlivem a odlivem, monzuny a sluncem. Cestov\u00e1n\u00ed mezi ostrovy se spol\u00e9h\u00e1 na vnitrost\u00e1tn\u00ed lety, hydropl\u00e1ny, rychlolod\u011b a \u00factyhodn\u00e9 dhoni. Mezin\u00e1rodn\u00ed leti\u0161t\u011b Velana na ostrov\u011b Hulhul\u00e9 soused\u00edc\u00edm s Mal\u00e9 m\u00e1 spojen\u00ed s hlavn\u00edmi leti\u0161tn\u00edmi uzly v Indii, Persk\u00e9m z\u00e1livu, jihov\u00fdchodn\u00ed Asii a Evrop\u011b; leti\u0161t\u011b Gan na dalek\u00e9m jihu udr\u017euje t\u00fddenn\u00ed spojen\u00ed do Mil\u00e1na. Dv\u011b flotily hydropl\u00e1n\u016f \u2013 provozovan\u00e9 spole\u010dnostmi Trans Maldivian Airways a Manta Air \u2013 spojuj\u00ed letoviska p\u0159\u00edmo s hlavn\u00edm m\u011bstem, zat\u00edmco trajekty a n\u00e1kladn\u00ed lod\u011b slou\u017e\u00ed m\u00edstn\u00edm komunit\u00e1m.<\/p>\n\n\n\n<p>M\u011bnou je maledivsk\u00e1 rufiyaa (MVR), kter\u00e1 se d\u011bl\u00ed na 100 laari. Nomin\u00e1ln\u00ed hodnoty sahaj\u00ed od minc\u00ed v hodnot\u011b 1 laari a\u017e po polymerov\u00e9 bankovky v hodnot\u011b 1 000 rufiyaa. P\u0159esto\u017ee se sm\u011bnn\u00fd kurz pohybuje v 20procentn\u00edm p\u00e1smu kolem 15 MVR za americk\u00fd dolar, letoviska oce\u0148uj\u00ed t\u00e9m\u011b\u0159 ve\u0161ker\u00e9 zbo\u017e\u00ed a slu\u017eby v tvrd\u00e9 m\u011bn\u011b. Na obydlen\u00fdch ostrovech m\u00edstn\u00ed obchody p\u0159ij\u00edmaj\u00ed rufiyaa a mince mal\u00fdch nomin\u00e1ln\u00edch hodnot slou\u017e\u00ed jako praktick\u00e9 suven\u00fdry.<\/p>\n\n\n\n<p>Pro n\u00e1v\u0161t\u011bvn\u00edky, kte\u0159\u00ed tou\u017e\u00ed po pono\u0159en\u00ed se za zdi resort\u016f, nyn\u00ed penziony na obydlen\u00fdch ostrovech nab\u00edzej\u00ed pokoje za 25\u201340 eur za noc, dopln\u011bn\u00e9 dom\u00e1c\u00edmi ryb\u00edmi kari a mo\u017enost\u00ed pozorovat spole\u010densk\u00fd \u017eivot. Takov\u00e9 pobyty vy\u017eaduj\u00ed decentn\u00ed oble\u010den\u00ed a uctiv\u00e9 chov\u00e1n\u00ed v souladu s isl\u00e1msk\u00fdmi zvyky \u2013 \u017e\u00e1dn\u00fd alkohol, konzervativn\u00ed oble\u010den\u00ed a tlumen\u00e9 chov\u00e1n\u00ed. Na odlehlej\u0161\u00edch atolech m\u016f\u017ee neform\u00e1ln\u00ed ubytov\u00e1n\u00ed v soukrom\u00ed st\u00e1t pouh\u00fdch 15 eur, a to prost\u0159ednictv\u00edm m\u00edstn\u00edch kontakt\u016f v Mal\u00e9.<\/p>\n\n\n\n<p>Samotn\u00fd sektor cestovn\u00edho ruchu se skl\u00e1d\u00e1 ze t\u0159\u00ed \u0161irok\u00fdch kategori\u00ed. Ubytov\u00e1n\u00ed zam\u011b\u0159en\u00e9 na pot\u00e1p\u011bn\u00ed uspokojuje nad\u0161ence pod vodou, \u010dasto s minim\u00e1ln\u00edm vybaven\u00edm na sou\u0161i; rodinn\u00e9 resorty nab\u00edzej\u00ed \u0161irokou \u0161k\u00e1lu za\u0159\u00edzen\u00ed \u2013 restaurace, d\u011btsk\u00e1 centra, sportovn\u00ed vy\u017eit\u00ed \u2013 a zab\u00edraj\u00ed ostrovy pobl\u00ed\u017e Mal\u00e9; luxusn\u00ed rezorty c\u00edl\u00ed na svatebn\u00ed cesty a n\u00e1ro\u010dn\u00e9 cestovatele a nab\u00edzej\u00ed vily nad vodou, zak\u00e1zkov\u00e9 stravov\u00e1n\u00ed a interi\u00e9ry od mezin\u00e1rodn\u00edch design\u00e9r\u016f. Bungalovy nad vodou z\u016fst\u00e1vaj\u00ed symbolem maledivsk\u00e9 pohostinnosti, i kdy\u017e by host\u00e9 m\u011bli p\u0159ed v\u00fdb\u011brem t\u00e9to mo\u017enosti zv\u00e1\u017eit prakti\u010dnost \u2013 soukrom\u00ed, bl\u00edzkost slu\u017eeb a kol\u00eds\u00e1n\u00ed p\u0159\u00edlivu a odlivu.<\/p>\n\n\n\n<p>A\u0165 u\u017e se na Maledivy d\u00edv\u00e1te objektivem kor\u00e1lov\u00e9ho \u0161norchlu, nebo klidn\u00fdm ruchem P\u00e1te\u010dn\u00ed me\u0161ity v Mal\u00e9, nab\u00edzej\u00ed kontrast: rozs\u00e1hlou n\u00e1mo\u0159n\u00ed dom\u00e9nu a nepatrnou pevninskou masu; starobyl\u00e9 zvyky a modern\u00ed spr\u00e1vu v\u011bc\u00ed ve\u0159ejn\u00fdch; ekonomickou z\u00e1vislost na zahrani\u010dn\u00edch dolarech spolu s hluboce zako\u0159en\u011bn\u00fdmi ryb\u00e1\u0159sk\u00fdmi tradicemi; a p\u0159edev\u0161\u00edm krajinu tak zranitelnou, \u017ee se stala synonymem pro glob\u00e1ln\u00ed klimatickou v\u00fdzvu. Ka\u017ed\u00e9 zrnko p\u00edsku zde vypr\u00e1v\u00ed p\u0159\u00edb\u011bh adaptace, propojen\u00ed a nal\u00e9hav\u00e9 pr\u00e1ce na zachov\u00e1n\u00ed n\u00e1roda balancuj\u00edc\u00edho mezi mo\u0159em a nebem.<\/p>","protected":false},"excerpt":{"rendered":"<p>Maledivy, form\u00e1ln\u011b ozna\u010dovan\u00e9 jako Maledivsk\u00e1 republika, je n\u00e1rod a souostrov\u00ed st\u00e1t v ji\u017en\u00ed Asii v Indick\u00e9m oce\u00e1nu, kter\u00fd m\u00e1 podle s\u010d\u00edt\u00e1n\u00ed lidu z roku 2022 515 132 obyvatel. Maledivy le\u017e\u00ed jihoz\u00e1padn\u011b od Sr\u00ed Lanky a Indie, p\u0159ibli\u017en\u011b 750 kilometr\u016f od asijsk\u00e9 pevniny. Tento n\u00e1rod se skl\u00e1d\u00e1 ze s\u00e9rie 26 atol\u016f t\u00e1hnouc\u00edch se po rovn\u00edku od atolu Ihavandhippolhu na severu po atol Addu na jihu.<\/p>","protected":false},"author":1,"featured_media":4261,"parent":24063,"menu_order":0,"comment_status":"closed","ping_status":"closed","template":"elementor_theme","meta":{"_eb_attr":"","footnotes":""},"class_list":["post-14734","page","type-page","status-publish","has-post-thumbnail"],"_links":{"self":[{"href":"https:\/\/travelshelper.com\/cs\/wp-json\/wp\/v2\/pages\/14734","targetHints":{"allow":["GET"]}}],"collection":[{"href":"https:\/\/travelshelper.com\/cs\/wp-json\/wp\/v2\/pages"}],"about":[{"href":"https:\/\/travelshelper.com\/cs\/wp-json\/wp\/v2\/types\/page"}],"author":[{"embeddable":true,"href":"https:\/\/travelshelper.com\/cs\/wp-json\/wp\/v2\/users\/1"}],"replies":[{"embeddable":true,"href":"https:\/\/travelshelper.com\/cs\/wp-json\/wp\/v2\/comments?post=14734"}],"version-history":[{"count":0,"href":"https:\/\/travelshelper.com\/cs\/wp-json\/wp\/v2\/pages\/14734\/revisions"}],"up":[{"embeddable":true,"href":"https:\/\/travelshelper.com\/cs\/wp-json\/wp\/v2\/pages\/24063"}],"wp:featuredmedia":[{"embeddable":true,"href":"https:\/\/travelshelper.com\/cs\/wp-json\/wp\/v2\/media\/4261"}],"wp:attachment":[{"href":"https:\/\/travelshelper.com\/cs\/wp-json\/wp\/v2\/media?parent=14734"}],"curies":[{"name":"wp","href":"https:\/\/api.w.org\/{rel}","templated":true}]}}