{"id":14728,"date":"2024-09-19T23:40:30","date_gmt":"2024-09-19T23:40:30","guid":{"rendered":"https:\/\/travelshelper.com\/staging\/?page_id=14728"},"modified":"2026-03-11T18:35:30","modified_gmt":"2026-03-11T18:35:30","slug":"malakka","status":"publish","type":"page","link":"https:\/\/travelshelper.com\/cs\/destinations\/asia\/malaysia\/malacca-city\/","title":{"rendered":"Malakka"},"content":{"rendered":"<p>M\u011bsto Malacca, v malaj\u0161tin\u011b zn\u00e1m\u00e9 jako Bandaraya Melaka nebo Kota Melaka, se rozkl\u00e1d\u00e1 na \u00fazk\u00e9m \u00faseku zem\u011b na obou b\u0159ez\u00edch \u0159eky, kter\u00e1 nese jeho jm\u00e9no, pobl\u00ed\u017e m\u00edsta, kde se vl\u00e9v\u00e1 do Malack\u00e9ho pr\u016flivu. M\u011bsto, nejstar\u0161\u00ed m\u011bstsk\u00e9 centrum na t\u00e9to kl\u00ed\u010dov\u00e9 n\u00e1mo\u0159n\u00ed cest\u011b, m\u00e1 v ka\u017ed\u00e9 cihle a dla\u017eebn\u00ed kostce svou mnohovrstevnatou historii. Jeho ulice \u0161eptaj\u00ed o \u00fat\u011bku sumatersk\u00e9ho prince, o soupe\u0159\u00edc\u00edch \u0159\u00ed\u0161\u00edch st\u0159et\u00e1vaj\u00edc\u00edch se o kontrolu nad nejd\u016fle\u017eit\u011bj\u0161\u00ed asijskou n\u00e1mo\u0159n\u00ed tepnou a o nespo\u010detn\u00fdch du\u0161\u00edch \u2013 obchodn\u00edc\u00edch, poutn\u00edc\u00edch, voj\u00e1c\u00edch \u2013 kte\u0159\u00ed proch\u00e1zeli jeho p\u0159\u00edstavy po v\u00edce ne\u017e \u0161est stolet\u00ed.<\/p>\n\n\n\n<p>Od okam\u017eiku, kdy Parameswara, uprchl p\u0159ed zhroucen\u00edm Srivijayi v rukou Majapahitsk\u00fdch vojsk, polo\u017eil z\u00e1klady toho, co se pozd\u011bji stalo Malack\u00fdm sultan\u00e1tem, tato osada pout\u00e1vala pozornost. Za vl\u00e1dy sult\u00e1na Iskandara \u0160\u00e1ha a jeho n\u00e1stupc\u016f zde na\u0161ly bezpe\u010dn\u00e9 \u00fato\u010di\u0161t\u011b obchodn\u00ed lod\u011b s ko\u0159en\u00edm, textiliemi, drah\u00fdmi kovy a porcel\u00e1nem. Do jeho p\u0159\u00edstavu se sb\u00edhaly \u010d\u00ednsk\u00e9 d\u017eunky a arabsk\u00e9 plachetnice dhow, jihoasijsk\u00e9 lod\u011b a j\u00e1vsk\u00e9 prahu, \u010d\u00edm\u017e se vytvo\u0159ilo kosmopolitn\u00ed prost\u0159ed\u00ed, kter\u00e9 v regionu nem\u011blo obdoby. Pr\u00e1vn\u00ed \u0159\u00e1d a spr\u00e1vn\u00ed syst\u00e9m sultan\u00e1tu \u010dasem ovlivnily malajsk\u00e9 spole\u010dnosti v cel\u00e9m souostrov\u00ed, zat\u00edmco jeho dv\u016fr se stal synonymem pro kultivovanost a vzd\u011blanost.<\/p>\n\n\n\n<p>Tato zlat\u00e1 \u00e9ra skon\u010dila v roce 1511, kdy portugalsk\u00e9 s\u00edly dobyly m\u011bstskou pevnost. Skromn\u00fd poz\u016fstatek t\u00e9to pevnosti \u2013 Porta de Santiago \u2013 st\u00e1le stoj\u00ed jako osam\u011bl\u00e1 str\u00e1\u017e nad b\u0159ehem \u0159eky, jej\u00ed kameny porostl\u00e9 mechem. V n\u00e1sleduj\u00edc\u00edch desetilet\u00edch Malacca oscilovala mezi ambicemi sousedn\u00edch sultan\u00e1t\u016f a pl\u00e1ny evropsk\u00fdch koloniz\u00e1tor\u016f. \u00datoky Acehu na po\u010d\u00e1tku 17. stolet\u00ed oslabily portugalskou vl\u00e1du, p\u0159esto\u017ee johor\u0161t\u00ed vl\u00e1dci ve spojenectv\u00ed s holandskou V\u00fdchodoindickou spole\u010dnost\u00ed m\u011bsto v roce 1641 vyrvali. Kdy\u017e vnit\u0159n\u00ed spory rozd\u011blily \u0159\u00ed\u0161i Johor-Riau na samostatn\u00e9 malajsk\u00e9 a bugisk\u00e9 politick\u00e9 celky, zas\u00e1hli Britov\u00e9 \u2013 znepokojen\u00ed nizozemsk\u00fdm vlivem. Jejich vliv v region\u00e1ln\u00edch z\u00e1le\u017eitostech se pos\u00edlil prost\u0159ednictv\u00edm smluv a rozm\u00edst\u011bn\u00ed vojsk, co\u017e vyvrcholilo zahrnut\u00edm Malaccy do \u00fa\u017einy Straits Settlements vedle Penangu a Singapuru.<\/p>\n\n\n\n<p>Pod britskou spr\u00e1vou se ulice m\u011bsta roz\u0161\u00ed\u0159ily i za hranice koloni\u00e1ln\u00edho j\u00e1dra a propl\u00e9taly \u010d\u00ednsk\u00e9 obchody, indick\u00e9 chr\u00e1my a me\u0161ity v krajin\u011b vrstevnat\u00e9 loajality a propojen\u00fdch komunit. Modernizace v\u0161ak p\u0159ich\u00e1zela nerovnom\u011brn\u011b; honosn\u00e9 viktori\u00e1nsk\u00e9 budovy sd\u00edlely silni\u010dn\u00ed prostor s ko\u0148sk\u00fdmi rik\u0161ami a tradi\u010dn\u00ed kampungsk\u00e9 (vesnick\u00e9) domy sousedily s nov\u00fdmi feder\u00e1ln\u00edmi silnicemi. Japonsk\u00e1 okupace v letech 1942 a\u017e 1945 p\u0159inesla t\u011b\u017ekosti: mnoho obyvatel bylo deportov\u00e1no na nucen\u00e9 pr\u00e1ce na takzvan\u00e9 \u017deleznici smrti v Barm\u011b. Osvobozen\u00ed obnovilo britsk\u00fd vliv a Malacca obnovila sv\u016fj status hlavn\u00edho m\u011bsta st\u00e1tu a\u017e do vzniku Malajsie v roce 1963.<\/p>\n\n\n\n<p>V roce 2008 UNESCO, spolu s George Town v Penangu, potvrdilo uzn\u00e1n\u00ed Malacky jako \u017eivouc\u00ed d\u011bdictv\u00ed. Dnes je jej\u00ed historick\u00e9 j\u00e1dro \u2013 soust\u0159ed\u011bn\u00e9 na kopci sv. Pavla a Holandsk\u00e9m n\u00e1m\u011bst\u00ed \u2013 chr\u00e1n\u011bno nejen jako soubor pam\u00e1tek, ale i jako \u010dtvr\u0165, kde se odehr\u00e1v\u00e1 ka\u017edodenn\u00ed \u017eivot uprost\u0159ed poz\u016fstatk\u016f \u0159\u00ed\u0161e. Stadthuys, kdysi holandsk\u00e1 radnice, s\u00eddl\u00ed v muze\u00edch historie a etnografie; karm\u00ednov\u00e1 fas\u00e1da kostela Christ Church st\u00e1le bd\u00ed nad Trafalgarskou ulic\u00ed. Na svaz\u00edch Bukit Cina le\u017e\u00ed jedno z nejv\u011bt\u0161\u00edch \u010d\u00ednsk\u00fdch poh\u0159ebi\u0161\u0165 v jihov\u00fdchodn\u00ed Asii, jeho\u017e n\u00e1hrobky p\u0159ipom\u00ednaj\u00ed v\u00edce ne\u017e t\u0159i stolet\u00ed nep\u0159etr\u017eit\u00e9 internace.<\/p>\n\n\n\n<p>Sou\u010dasn\u00e1 Malaka se rozkl\u00e1d\u00e1 na v\u011bt\u0161\u00ed plo\u0161e ne\u017e jen v r\u00e1mci sv\u00e9 z\u00f3ny UNESCO. Rekultiva\u010dn\u00ed projekty na jihu zdvojn\u00e1sobily zastav\u011bnou plochu m\u011bsta, \u010d\u00edm\u017e vznikly nov\u00e9 promen\u00e1dy u vody a v\u00fd\u0161kov\u00e9 budovy. Rovn\u00fd ter\u00e9n, m\u00edrn\u011b zvln\u011bn\u00fd do vnitrozem\u00ed, podporuje m\u011bstskou stopu, kter\u00e1 se t\u00e1hne zhruba 152 kilometr\u016f po silnici od Kuala Lumpur. \u0158eka Malaka, kdysi \u017eivotn\u00ed tepna obchodu, nyn\u00ed nab\u00edz\u00ed plavby s ve\u010de\u0159\u00ed pod klenut\u00fdmi mosty a spojuje minulost s p\u0159\u00edtomnost\u00ed, zat\u00edmco batikovan\u00e9 lod\u011b pluj\u00ed kolem zrestaurovan\u00fdch sklad\u016f.<\/p>\n\n\n\n<p>M\u011bsto, kter\u00e9 podl\u00e9h\u00e1 tropick\u00e9mu de\u0161tn\u00e9mu pralesu, nezn\u00e1 ani obdob\u00ed sucha, ani obdob\u00ed chladn\u00e9ho po\u010das\u00ed. M\u011bs\u00ed\u010dn\u00ed sr\u00e1\u017eky p\u0159esahuj\u00ed 100 mm, p\u0159esto v\u0161ak z\u016fst\u00e1vaj\u00ed m\u00edrn\u011b pod pr\u016fm\u011brem poloostrova, kter\u00fd \u010din\u00ed 2 500 mm ro\u010dn\u011b. Vlhkost vzduchu se celoro\u010dn\u011b pohybuje nad 80 procenty a vzduch je pln\u00fd v\u016fn\u011b frangip\u00e1n\u016f a mo\u0159sk\u00e9 t\u0159\u00ed\u0161t\u011b. Tato konzistence umo\u017e\u0148uje n\u00e1v\u0161t\u011bvn\u00edk\u016fm prozkoum\u00e1vat okol\u00ed bez p\u0159eru\u0161en\u00ed, i kdy\u017e se pozd\u011b odpoledne \u010dasto objevuj\u00ed n\u00e1hl\u00e9 lij\u00e1ky.<\/p>\n\n\n\n<p>Demograficky je m\u011bsto Malacca sm\u011bsic\u00ed historick\u00fdch komunit. Podle s\u010d\u00edt\u00e1n\u00ed lidu z roku 2010 tvo\u0159ili jeho t\u00e9m\u011b\u0159 p\u016fl milionu obyvatel p\u0159ev\u00e1\u017en\u011b Malajci, v\u00fdznamn\u00e1 \u010d\u00ednsk\u00e1 men\u0161ina, po\u010detn\u00e9 indick\u00e9 a euroasijsk\u00e9 kontingenty a mal\u00e9 skupiny cizinc\u016f. Sm\u00ed\u0161en\u00e9 s\u0148atky po stalet\u00ed daly vzniknout n\u00e1rod\u016fm Peranakan (Baba Nyonya), Chitty a Kristang \u2013 ka\u017ed\u00fd z nich si zachoval kreolsk\u00e9 jazyky a hybridn\u00ed zvyky. Me\u0161ity, chr\u00e1my a kostely stoj\u00ed bok po boku: isl\u00e1m, buddhismus, hinduismus, k\u0159es\u0165anstv\u00ed a \u010d\u00ednsk\u00e1 lidov\u00e1 n\u00e1bo\u017eenstv\u00ed koexistuj\u00ed v \u010dtvrt\u00edch, kde se na \u201eHarmony Street\u201c setk\u00e1v\u00e1 n\u011bkolik modliteben.<\/p>\n\n\n\n<p>Z ekonomick\u00e9ho hlediska tvo\u0159\u00ed p\u00e1te\u0159 m\u011bsta cestovn\u00ed ruch. Rok co rok se konaj\u00ed mezin\u00e1rodn\u00ed konference, kter\u00e9 zapl\u0148uj\u00ed s\u00e1ly Mezin\u00e1rodn\u00edho obchodn\u00edho centra v Malacce, zat\u00edmco v\u00edkendy o\u017eivuj\u00ed proch\u00e1zky s pr\u016fvodcem po Jonker Walk. Obchody s ko\u0159en\u00edm v Mal\u00e9 Indii, d\u0159ev\u011bn\u00e9 bungalovy v portugalsk\u00e9 osad\u011b zdoben\u00e9 modrob\u00edl\u00fdmi dla\u017edicemi a v\u011brn\u00e1 replika Flor de la Mar v N\u00e1mo\u0159n\u00edm muzeu l\u00e1kaj\u00ed zv\u011bdav\u00e9 cestovatele. M\u011bsto le\u017e\u00ed pod\u00e9l \u010d\u00ednsk\u00e9 pl\u00e1novan\u00e9 Hedv\u00e1bn\u00e9 stezky, co\u017e je odkaz na jeho roli p\u0159edk\u016f v glob\u00e1ln\u00ed v\u00fdm\u011bn\u011b. Ambice ohledn\u011b nov\u00e9ho obchodn\u00edho centra Hang Tuah slibuj\u00ed dal\u0161\u00ed integraci obchodu, vzd\u011bl\u00e1v\u00e1n\u00ed a pohostinstv\u00ed v srdci star\u00e9ho m\u011bsta.<\/p>\n\n\n\n<p>Pohyb po Malacce sah\u00e1 od ka\u017edodenn\u00edch a\u017e po sv\u00e9r\u00e1zn\u00e9. Feder\u00e1ln\u00ed trasy se napojuj\u00ed na d\u00e1lnici North-South Expressway; Malacca Sentral centralizuje mezim\u011bstsk\u00e9 autobusov\u00e9 a taxislu\u017eebn\u00ed spojen\u00ed. Mana\u017eersk\u00e9 taxi spojuj\u00ed m\u011bsto se Singapurem, zat\u00edmco m\u00edstn\u00ed rik\u0161i nab\u00edzej\u00ed nostalgick\u00e9 j\u00edzdy po n\u00e1m\u011bst\u00ed Dutch Square. \u017deleznice \u2013 kdysi zni\u010den\u00e1 za v\u00e1lky \u2013 se vr\u00e1tila v podob\u011b kyvadlov\u00e9 dopravy KTM do Serembanu a jednokolejky v Malacce, kter\u00e1 byla po letech p\u0159est\u00e1vky obnovena v roce 2017. Pl\u00e1ny na tramvaj na stla\u010den\u00fd zemn\u00ed plyn a most p\u0159es pr\u016fliv do Dumai na Sumat\u0159e se pravideln\u011b objevovaly, a\u010dkoli spolehliv\u00fdmi z\u016fst\u00e1vaj\u00ed pouze \u0159\u00ed\u010dn\u00ed plavba a jednokolejka.<\/p>\n\n\n\n<p>Kulturn\u00ed pam\u00e1tky sahaj\u00ed i za hranice Evropsk\u00e9 \u010dtvrti. Cheng Hoon Teng, nejstar\u0161\u00ed \u010d\u00ednsk\u00fd chr\u00e1m v Malajsii, st\u00e1le prov\u00e1d\u00ed ritu\u00e1ly v jeho vy\u0159ez\u00e1van\u00e9 d\u0159ev\u011bn\u00e9 fas\u00e1d\u011b. Chr\u00e1m Sri Poyatha Vinayagar Moorthi a me\u0161ita Kampung Kling lemuj\u00ed prot\u00ednaj\u00edc\u00ed se n\u00e1bo\u017eenskou chodbu. Kr\u00e1tk\u00e1 stezka do kopce vede k ruin\u00e1m kostela svat\u00e9ho Pavla, kde se pod mechem porostl\u00fdmi zdmi rozmaz\u00e1vaj\u00ed portugalsk\u00e9 a nizozemsk\u00e9 epitafy. Jalan Kota lemuj\u00ed muzea: Muzeum malajsk\u00e9ho a isl\u00e1msk\u00e9ho sv\u011bta, Muzeum zn\u00e1mek a Muzeum pal\u00e1ce sultan\u00e1tu Melaka \u2013 rekonstrukce d\u0159ev\u011bn\u00e9ho pal\u00e1ce sult\u00e1na Mansura \u0160\u00e1ha z roku 1985 \u2013 nab\u00edz\u00ed hloubku vypr\u00e1v\u011bn\u00ed o bohat\u00e9 minulosti m\u011bsta.<\/p>\n\n\n\n<p>\u017d\u00e1dn\u00fd portr\u00e9t Malacky se neobejde bez jej\u00edho j\u00eddla. Peranak\u00e1nsk\u00e9 kuchyn\u011b vyr\u00e1b\u011bj\u00ed ayam pongteh \u2013 dr\u016fbe\u017e du\u0161enou ve fermentovan\u00e9 fazolov\u00e9 om\u00e1\u010dce \u2013 a ayam buah keluak, pokrm z ho\u0159k\u00e9ho tropick\u00e9ho o\u0159echu. Pouli\u010dn\u00ed prodejci tvaruj\u00ed hainanskou ku\u0159ec\u00ed r\u00fd\u017ei do dokonal\u00fdch koul\u00ed, p\u0159i\u010dem\u017e ka\u017ed\u00e9 zrnko o velikosti pingpongov\u00e9ho m\u00ed\u010dku slou\u017e\u00ed jako n\u00e1doba na jemn\u011b ko\u0159en\u011bn\u00fd ku\u0159ec\u00ed v\u00fdvar. St\u00e1nky Satay celup p\u0159edv\u00e1d\u011bj\u00ed \u0161p\u00edzy z mo\u0159sk\u00fdch plod\u016f a zeleniny a zvou hosty, aby nam\u00e1\u010deli ob\u011btiny do vrouc\u00ed k\u00e1d\u011b s ara\u0161\u00eddovou om\u00e1\u010dkou \u2013 spole\u010dn\u00e1 hostina ko\u0159en\u00ed a sm\u00edchu. V portugalsk\u00e9 osad\u011b se rodiny sch\u00e1zej\u00ed u \u010f\u00e1belsk\u00e9ho kari a mo\u0159sk\u00fdch plod\u016f, jejich k\u0159es\u0165ansk\u00e1 kreolsk\u00e1 kuchyn\u011b p\u0159ipom\u00edn\u00e1 p\u0159\u00edchody obyvatel v 16. stolet\u00ed.<\/p>\n\n\n\n<p>Navzdory stalet\u00edm ot\u0159es\u016f a obnovy m\u011bsto Malacca p\u0159etrv\u00e1v\u00e1 jako zrcadlo region\u00e1ln\u00ed historie. Jeho uli\u010dky a pam\u00e1tky sv\u011bd\u010d\u00ed o imp\u00e9riu a v\u00fdm\u011bn\u011b, konfliktu a spolupr\u00e1ci. Za t\u011bmito velkolep\u00fdmi p\u0159\u00edb\u011bhy se v\u0161ak skr\u00fdvaj\u00ed rytmy ka\u017edodenn\u00edho \u017eivota: vol\u00e1n\u00ed k modlitb\u011b za \u00fasvitu, cvak\u00e1n\u00ed dla\u017edic Mahjong v klanov\u00e9m dom\u011b, karneval na no\u010dn\u00edm trhu Jonker Walk. Zde je p\u0159\u00edtomnost neodd\u011bliteln\u00e1 od minulosti a ka\u017ed\u00fd kout skr\u00fdv\u00e1 p\u0159\u00edb\u011bh \u010dekaj\u00edc\u00ed na pozorn\u00e9ho \u010dten\u00e1\u0159e. V Malacce \u010das plyne jako \u0159eka \u2013 st\u00e1l\u00fd, hlubok\u00fd a v\u017edy sm\u011brem k mo\u0159i.<\/p>","protected":false},"excerpt":{"rendered":"<p>Malacca City s 579 000 obyvateli v roce 2019 slou\u017e\u00ed jako hlavn\u00ed m\u011bsto malajsk\u00e9ho st\u00e1tu Malacca, kter\u00fd se nach\u00e1z\u00ed v okrese Melaka Tengah. Je to nejstar\u0161\u00ed malajsk\u00e9 m\u011bsto v Malack\u00e9m pr\u016flivu, kter\u00e9 si z\u00edskalo proslulost jako prosperuj\u00edc\u00ed podnik b\u011bhem \u00e9ry malack\u00e9ho sultan\u00e1tu. Po\u010d\u00e1tky m\u011bsta lze vysledovat k Parameswarovi, vl\u00e1dci Sumatry, kter\u00fd hledal \u00fato\u010di\u0161t\u011b na Malajsk\u00e9m poloostrov\u011b po zhroucen\u00ed Srivijaya kv\u016fli Majapahit. Pod jeho veden\u00edm byl zalo\u017een Malack\u00fd sultan\u00e1t, kter\u00fd p\u0159itahoval obchodn\u00edky ze St\u0159edn\u00edho v\u00fdchodu, ji\u017en\u00ed Asie a v\u00fdchodn\u00ed Asie spolu s Portugalci, kte\u0159\u00ed m\u011bli za c\u00edl ovl\u00e1dnout asijsk\u00e9 obchodn\u00ed cesty.<\/p>","protected":false},"author":1,"featured_media":2797,"parent":14710,"menu_order":0,"comment_status":"closed","ping_status":"closed","template":"elementor_theme","meta":{"_eb_attr":"","footnotes":""},"class_list":["post-14728","page","type-page","status-publish","has-post-thumbnail"],"_links":{"self":[{"href":"https:\/\/travelshelper.com\/cs\/wp-json\/wp\/v2\/pages\/14728","targetHints":{"allow":["GET"]}}],"collection":[{"href":"https:\/\/travelshelper.com\/cs\/wp-json\/wp\/v2\/pages"}],"about":[{"href":"https:\/\/travelshelper.com\/cs\/wp-json\/wp\/v2\/types\/page"}],"author":[{"embeddable":true,"href":"https:\/\/travelshelper.com\/cs\/wp-json\/wp\/v2\/users\/1"}],"replies":[{"embeddable":true,"href":"https:\/\/travelshelper.com\/cs\/wp-json\/wp\/v2\/comments?post=14728"}],"version-history":[{"count":0,"href":"https:\/\/travelshelper.com\/cs\/wp-json\/wp\/v2\/pages\/14728\/revisions"}],"up":[{"embeddable":true,"href":"https:\/\/travelshelper.com\/cs\/wp-json\/wp\/v2\/pages\/14710"}],"wp:featuredmedia":[{"embeddable":true,"href":"https:\/\/travelshelper.com\/cs\/wp-json\/wp\/v2\/media\/2797"}],"wp:attachment":[{"href":"https:\/\/travelshelper.com\/cs\/wp-json\/wp\/v2\/media?parent=14728"}],"curies":[{"name":"wp","href":"https:\/\/api.w.org\/{rel}","templated":true}]}}