{"id":14616,"date":"2024-09-19T21:24:23","date_gmt":"2024-09-19T21:24:23","guid":{"rendered":"https:\/\/travelshelper.com\/staging\/?page_id=14616"},"modified":"2026-03-11T22:25:06","modified_gmt":"2026-03-11T22:25:06","slug":"belorusko","status":"publish","type":"page","link":"https:\/\/travelshelper.com\/cs\/destinations\/europe\/belarus\/","title":{"rendered":"B\u011blorusko"},"content":{"rendered":"<p>B\u011blorusko, d\u0159\u00edve naz\u00fdvan\u00e9 B\u011blorusk\u00e1 republika, zauj\u00edm\u00e1 centr\u00e1ln\u00ed polohu ve v\u00fdchodn\u00ed Evrop\u011b. Rozkl\u00e1d\u00e1 se na plo\u0161e 207 600 kilometr\u016f \u010dtvere\u010dn\u00edch a le\u017e\u00ed mezi 51\u00b0 a 57\u00b0 severn\u00ed \u0161\u00ed\u0159ky a 23\u00b0 a 33\u00b0 v\u00fdchodn\u00ed d\u00e9lky. Na v\u00fdchod\u011b a severov\u00fdchod\u011b hrani\u010d\u00ed s Ruskem, na jihu s Ukrajinou, na z\u00e1pad\u011b s Polskem a na severoz\u00e1pad\u011b s Litvou a Loty\u0161skem. Republika m\u00e1 p\u0159ibli\u017en\u011b 9,1 milionu obyvatel a je rozd\u011blena do \u0161esti administrativn\u00edch region\u016f, p\u0159i\u010dem\u017e jej\u00ed hlavn\u00ed m\u011bsto Minsk m\u00e1 zvl\u00e1\u0161tn\u00ed status. Toto relativn\u011b rovinat\u00e9 \u00fazem\u00ed, charakterizovan\u00e9 rozs\u00e1hl\u00fdmi ba\u017einami a \u0161irok\u00fdmi zalesn\u011bn\u00fdmi plochami, p\u0159edstavuje krajinu, kter\u00e1 je z\u00e1rove\u0148 nen\u00e1padn\u00e1 a z\u00e1rove\u0148 nen\u00e1padn\u011b rozmanit\u00e1.<\/p>\n<p>B\u011blorusko se ty\u010d\u00ed do v\u00fd\u0161ky maxim\u00e1ln\u011b 345 metr\u016f nad mo\u0159em na Dzjar\u017einsk\u00e9 h\u00e1\u0159e a kles\u00e1 do 90 metr\u016f na nejni\u017e\u0161\u00edm b\u0159ehu \u0159eky N\u011bman, tak\u017ee jeho reli\u00e9f je m\u00edrn\u00fd. Jeho hemibore\u00e1ln\u00ed klima se vyzna\u010duje zimami, v nich\u017e se pr\u016fm\u011brn\u00e9 lednov\u00e9 teploty pohybuj\u00ed od \u20134 \u00b0C na jihoz\u00e1pad\u011b kolem Brestu do \u20138 \u00b0C na severov\u00fdchod\u011b pobl\u00ed\u017e Vitebsku, zat\u00edmco l\u00e9ta z\u016fst\u00e1vaj\u00ed chladn\u00e1 a vlhk\u00e1 s pr\u016fm\u011brnou teplotou 18 \u00b0C. Ro\u010dn\u00ed \u00fahrn sr\u00e1\u017eek osciluje mezi 550 a 700 milimetry, co\u017e odr\u00e1\u017e\u00ed p\u0159echodnou polohu mezi kontinent\u00e1ln\u00edm a p\u0159\u00edmo\u0159sk\u00fdm re\u017eimem. Hust\u00e1 s\u00ed\u0165 potok\u016f a p\u0159ibli\u017en\u011b 11 000 jezer dopl\u0148uj\u00ed t\u0159i hlavn\u00ed \u0159eky \u2013 N\u011bman, Pripja\u0165 a Dn\u011bpr \u2013 kter\u00e9 sv\u00fdmi toky spojuj\u00ed pevninu s Baltsk\u00fdm a \u010cern\u00fdm mo\u0159em.<\/p>\n<p>Do roku 2020 le\u017eelo lesn\u00ed porosty t\u00e9m\u011b\u0159 \u010dty\u0159icet t\u0159i procent rozlohy B\u011bloruska, co\u017e je n\u00e1r\u016fst oproti zhruba t\u0159iceti sedmi procent\u016fm v roce 1990. Z 8,8 milionu hektar\u016f les\u016f se p\u0159ibli\u017en\u011b 6,6 milionu hektar\u016f obnovuje p\u0159irozen\u011b, zat\u00edmco 2,2 milionu hektar\u016f vd\u011b\u010d\u00ed za sv\u016fj p\u016fvod pl\u00e1novan\u00e9mu zales\u0148ov\u00e1n\u00ed. Pouze mal\u00e1 \u010d\u00e1st, mo\u017en\u00e1 dv\u011b procenta, si zachov\u00e1v\u00e1 znaky prim\u00e1rn\u00edho lesa, p\u0159esto zhruba \u0161estn\u00e1ct procent v\u0161ech les\u016f spad\u00e1 do form\u00e1ln\u011b chr\u00e1n\u011bn\u00fdch z\u00f3n. Tato hojnost strom\u016f koexistuje s ba\u017einat\u00fdmi n\u00ed\u017einami, zejm\u00e9na v oblasti Poles\u00ed, kde lo\u017eiska ra\u0161eliny p\u0159edstavuj\u00ed ekologick\u00fd prvek i vyu\u017eiteln\u00fd zdroj.<\/p>\n<p>Pod svou p\u016fdou se v B\u011blorusku nach\u00e1z\u00ed skromn\u00e9 \u200b\u200bmno\u017estv\u00ed ropy a zemn\u00edho plynu, spolu s bohat\u0161\u00edmi nerostn\u00fdmi zdroji: \u017eulou, dolomitem, sl\u00ednem, k\u0159\u00eddou, p\u00edskem, \u0161t\u011brkem a j\u00edlem. D\u011bdictv\u00ed \u010dernobylsk\u00e9 katastrofy z roku 1986 zde v\u0161ak p\u0159etrv\u00e1v\u00e1: zhruba sedmdes\u00e1t procent radioaktivn\u00edho spadu z havarovan\u00e9ho ukrajinsk\u00e9ho reaktoru se usadilo na b\u011blorusk\u00e9m \u00fazem\u00ed a kontaminovalo odhadem p\u011btinu jeho rozlohy, zejm\u00e9na na jihov\u00fdchod\u011b. Mezin\u00e1rodn\u00ed \u00fasil\u00ed veden\u00e9 Organizac\u00ed spojen\u00fdch n\u00e1rod\u016f a spojeneck\u00fdmi agenturami se sna\u017e\u00ed sn\u00ed\u017eit koncentrace cesia-137 v p\u016fd\u011b prost\u0159ednictv\u00edm zem\u011bd\u011blsk\u00fdch intervenc\u00ed \u2013 mimo jin\u00e9 p\u011bstov\u00e1n\u00edm \u0159epky a aplikac\u00ed pojiv \u2013 zat\u00edmco lesnictv\u00ed a hospoda\u0159en\u00ed s p\u016fdou se p\u0159izp\u016fsobuj\u00ed dlouhodob\u00fdm radia\u010dn\u00edm omezen\u00edm.<\/p>\n<p>Modern\u00ed hranice B\u011bloruska se z velk\u00e9 \u010d\u00e1sti utv\u00e1\u0159ely ve dvac\u00e1t\u00e9m stolet\u00ed. Po \u00fapadku Polsko-litevsk\u00e9ho spole\u010denstv\u00ed na konci osmn\u00e1ct\u00e9ho stolet\u00ed byla \u00fazem\u00ed zahrnuta do Rusk\u00e9 \u0159\u00ed\u0161e. Po bou\u0159liv\u00e9 rusk\u00e9 revoluci soupe\u0159ila o kontrolu \u0159ada kr\u00e1tkodob\u00fdch st\u00e1t\u016f, co\u017e vyvrcholilo vznikem B\u011blorusk\u00e9 sov\u011btsk\u00e9 socialistick\u00e9 republiky v roce 1919. Polsko-sov\u011btsk\u00e1 v\u00e1lka (1918\u20131921) postoupila t\u00e9m\u011b\u0159 polovinu t\u011bchto \u00fazem\u00ed Polsku, jen aby sov\u011btsk\u00e1 invaze do v\u00fdchodn\u00edho Polska v roce 1939 mnoh\u00e9 z t\u011bchto ztr\u00e1t zvr\u00e1tila. Kone\u010dn\u00e9 vymezen\u00ed \u00fazem\u00ed se utv\u00e1\u0159elo po druh\u00e9 sv\u011btov\u00e9 v\u00e1lce, kdy sov\u011btsk\u00e1 administrativn\u00ed praxe upevnila \u0161est b\u011blorusk\u00fdch region\u016f a zvl\u00e1\u0161tn\u00ed status Minsku.<\/p>\n<p>Druh\u00e1 sv\u011btov\u00e1 v\u00e1lka zp\u016fsobila b\u011blorusk\u00e9 spole\u010dnosti a ekonomice zk\u00e1zu: vojensk\u00e9 operace a okupace si vy\u017e\u00e1daly \u017eivoty t\u00e9m\u011b\u0159 \u010dtvrtiny obyvatel a zni\u010dily polovinu pr\u016fmyslov\u00e9 a zem\u011bd\u011blsk\u00e9 kapacity. Uprost\u0159ed t\u00e9to zk\u00e1zy se objevilo odoln\u00e9 partyz\u00e1nsk\u00e9 hnut\u00ed \u2013 sjednocen\u00e9 protinacistick\u00fdm odhodl\u00e1n\u00edm a pozoruhodn\u011b rozmanit\u00e9 ve slo\u017een\u00ed \u2013 kter\u00e9 po cel\u00e1 desetilet\u00ed formovalo pov\u00e1le\u010dnou politiku. V roce 1945 se B\u011blorusk\u00e1 SSR jako zakl\u00e1daj\u00edc\u00ed \u010dlen Organizace spojen\u00fdch n\u00e1rod\u016f po boku samotn\u00e9ho Sov\u011btsk\u00e9ho svazu pustila do rychl\u00e9 transformace z agr\u00e1rn\u00edho vnitrozem\u00ed v pr\u016fmyslovou republiku, vedenou centr\u00e1ln\u00edm pl\u00e1nov\u00e1n\u00edm a kolektivizac\u00ed.<\/p>\n<p>V dob\u011b, kdy se v\u00fdchodn\u00ed Evropou valil v\u00edtr zm\u011bn, vyhl\u00e1sil Nejvy\u0161\u0161\u00ed sov\u011bt B\u011bloruska 27. \u010dervence 1990 suverenitu. B\u011bhem roku, po rozpadu Sov\u011btsk\u00e9ho svazu, 25. srpna 1991, zem\u011b dos\u00e1hla pln\u00e9 nez\u00e1vislosti. O t\u0159i roky pozd\u011bji n\u00e1sledovala nov\u00e1 \u00fastava a v roce 1994 byl Alexandr Luka\u0161enko zvolen prezidentem v jedin\u00e9m svobodn\u00e9m hlasov\u00e1n\u00ed od vyhl\u00e1\u0161en\u00ed nez\u00e1vislosti. Jeho funk\u010dn\u00ed obdob\u00ed, kter\u00e9 se nyn\u00ed bl\u00ed\u017e\u00ed t\u0159em desetilet\u00edm, dohl\u00ed\u017eelo na zachov\u00e1n\u00ed rozs\u00e1hl\u00e9ho st\u00e1tn\u00edho vlastnictv\u00ed, potla\u010dov\u00e1n\u00ed nez\u00e1visl\u00fdch m\u00e9di\u00ed a ob\u010dansk\u00e9 spole\u010dnosti a koncentraci moci v rukou vysoce centralizovan\u00e9 v\u00fdkonn\u00e9 moci. Svoboda tisku a shroma\u017e\u010fov\u00e1n\u00ed pat\u0159\u00ed k nejomezen\u011bj\u0161\u00edm v Evrop\u011b a trest smrti z\u016fst\u00e1v\u00e1 v platnosti.<\/p>\n<p>B\u011blorusko si udr\u017euje s\u00ed\u0165 mezin\u00e1rodn\u00edch vztah\u016f: je \u010dlenem Organizace spojen\u00fdch n\u00e1rod\u016f, Spole\u010denstv\u00ed nez\u00e1visl\u00fdch st\u00e1t\u016f, Organizace Smlouvy o kolektivn\u00ed bezpe\u010dnosti a Euroasijsk\u00e9 hospod\u00e1\u0159sk\u00e9 unie a \u00fa\u010dastn\u00ed se Organizace pro bezpe\u010dnost a spolupr\u00e1ci v Evrop\u011b a Hnut\u00ed nez\u00fa\u010dastn\u011bn\u00fdch. Bilater\u00e1ln\u00ed vztahy s Evropskou uni\u00ed p\u0159etrv\u00e1vaj\u00ed, a\u010dkoli o vstup nikdy nebylo usilov\u00e1no. Snahy o vstup do Rady Evropy v roce 1993 byly odm\u00edtnuty kv\u016fli volebn\u00edm nesrovnalostem a obav\u00e1m o lidsk\u00e1 pr\u00e1va a jeho omezen\u00e1 anga\u017eovanost v tomto org\u00e1nu zcela skon\u010dila v roce 2022 pot\u00e9, co B\u011blorusko napomohlo rusk\u00e9 invazi na Ukrajinu.<\/p>\n<p>Z ekonomick\u00e9ho hlediska se B\u011blorusko um\u00edstilo na \u0161edes\u00e1t\u00e9m m\u00edst\u011b v Indexu lidsk\u00e9ho rozvoje OSN, co\u017e nazna\u010duje velmi vysok\u00fd lidsk\u00fd rozvoj, a to i p\u0159es jeho status rozvojov\u00e9 zem\u011b. V roce 2019 se zpracovatelsk\u00fd pr\u016fmysl pod\u00edlel zhruba t\u0159iceti jedna procenty HDP a zam\u011bstn\u00e1val necel\u00fdch t\u0159icet p\u011bt procent pracovn\u00ed s\u00edly, a\u010dkoli jeho r\u016fst zaost\u00e1val za r\u016fstem \u0161ir\u0161\u00ed ekonomiky. Zem\u011bd\u011blstv\u00ed zaji\u0161\u0165uje \u017eivobyt\u00ed venkova, p\u0159i\u010dem\u017e mezi hlavn\u00ed produkce pat\u0159\u00ed brambory a dobytek. St\u00e1tn\u00ed kontrola nad velk\u00fdmi podniky p\u0159etrv\u00e1v\u00e1, i kdy\u017e omezen\u00e9 tr\u017en\u00ed reformy a mezin\u00e1rodn\u00ed obchod podporuj\u00ed m\u00edrnou diverzifikaci hospod\u00e1\u0159stv\u00ed.<\/p>\n<p>M\u011bnov\u00e1 historie se vyzna\u010duje obdob\u00edmi nestability. B\u011blorusk\u00fd rubl byl zaveden v kv\u011btnu 1992, aby nahradil sov\u011btskou m\u011bnu, a pro\u0161el dv\u011bma redenominacemi: poprv\u00e9 v roce 2000 a znovu v \u010dervenci 2016, kdy se z 10 000 star\u00fdch rubl\u016f stal jeden nov\u00fd rubl (BYN). V\u00fdrazn\u00e1 devalvace v kv\u011btnu 2011 \u2013 kdy m\u011bna ztratila v\u016f\u010di americk\u00e9mu dolaru b\u011bhem jedin\u00e9ho dne p\u0159ibli\u017en\u011b pades\u00e1t \u0161est procent sv\u00e9 hodnoty \u2013 vedla k \u017e\u00e1dosti o z\u00e1chranu od Mezin\u00e1rodn\u00edho m\u011bnov\u00e9ho fondu. Epizody cenov\u00e9 regulace, v\u010detn\u011b zmrazen\u00ed ozn\u00e1men\u00e9ho v \u0159\u00edjnu 2022 s c\u00edlem omezit inflaci potravin, ilustruj\u00ed interven\u010dn\u00ed postoj vl\u00e1dy. V lednu 2023 legislativa legalizovala neopr\u00e1vn\u011bn\u00e9 u\u017e\u00edv\u00e1n\u00ed du\u0161evn\u00edho vlastnictv\u00ed ze zem\u00ed pova\u017eovan\u00fdch za \u201enep\u0159\u00e1telsk\u00e9\u201c.<\/p>\n<p>Bankovn\u00ed sektor se skl\u00e1d\u00e1 ze dvou \u00farovn\u00ed: na vrcholu stoj\u00ed N\u00e1rodn\u00ed banka B\u011blorusk\u00e9 republiky a pod n\u00ed dvacet p\u011bt komer\u010dn\u00edch instituc\u00ed. M\u011bnov\u00e1 politika, alokace \u00fav\u011br\u016f a \u0159\u00edzen\u00ed sm\u011bnn\u00fdch kurz\u016f z\u016fst\u00e1vaj\u00ed pod p\u0159\u00edsn\u00fdm vl\u00e1dn\u00edm dohledem, co\u017e odr\u00e1\u017e\u00ed \u0161ir\u0161\u00ed vzorec zapojen\u00ed st\u00e1tu do cel\u00e9 ekonomiky.<\/p>\n<p>B\u011blorusk\u00e1 populace, kter\u00e1 m\u00e1 p\u0159ibli\u017en\u011b 9,41 milionu obyvatel (s\u010d\u00edt\u00e1n\u00ed lidu z roku 2019), je p\u0159ev\u00e1\u017en\u011b b\u011bloru\u0161tsk\u00e1, a to asi 84,9 procenta. Rusk\u00e1, polsk\u00e1 a ukrajinsk\u00e1 men\u0161ina tvo\u0159\u00ed 7,5 procenta, 3,1 procenta a 1,7 procenta. S pr\u016fm\u011brnou hustotou obyvatelstva bl\u00ed\u017e\u00edc\u00ed se pades\u00e1ti osob\u00e1m na kilometr \u010dtvere\u010dn\u00ed \u017eije zhruba sedmdes\u00e1t procent populace v m\u011bstsk\u00fdch oblastech. Minsk, kde \u017eij\u00ed t\u00e9m\u011b\u0159 dva miliony obyvatel, p\u0159edstavuje politick\u00e9, kulturn\u00ed a ekonomick\u00e9 centrum; dal\u0161\u00edmi hlavn\u00edmi m\u011bsty jsou Homel (481 000), Mogilev (365 100), Vitebsk (342 400), Grodno (314 800) a Brest (298 300).<\/p>\n<p>P\u0159irozen\u00fd \u00fabytek populace byl nepatrn\u011b kompenzov\u00e1n \u010distou imigrac\u00ed. V roce 2007 zaznamenalo B\u011blorusko negativn\u00ed tempo r\u016fstu ve v\u00fd\u0161i 0,41 procenta, co\u017e bylo podpo\u0159eno m\u00edrou plodnosti 1,22 d\u00edt\u011bte na \u017eenu \u2013 co\u017e je hluboko pod \u00farovn\u00ed reprodukce. \u010cist\u00e1 migrace, kter\u00e1 dosahuje p\u0159ibli\u017en\u011b +0,38 na tis\u00edc obyvatel, kontrastuje s odlivem pozorovan\u00fdm jinde v regionu. Demografick\u00fd profil se vyzna\u010duje vy\u0161\u0161\u00edm v\u011bkem: v roce 2015 bylo p\u0159ibli\u017en\u011b \u010dtrn\u00e1ct procent obyvatel ve v\u011bku \u0161edes\u00e1t p\u011bt let a v\u00edce a medi\u00e1n v\u011bku t\u0159icet \u010dty\u0159i let by m\u011bl do poloviny stolet\u00ed p\u0159ekro\u010dit \u0161edes\u00e1t let. Pr\u016fm\u011brn\u00e1 d\u00e9lka \u017eivota je 72,15 let \u2013 78,1 let u \u017een a 66,5 let u mu\u017e\u016f \u2013 a gramotnost p\u0159esahuje devades\u00e1t dev\u011bt procent u osob ve v\u011bku patn\u00e1ct let a v\u00edce.<\/p>\n<p>N\u00e1bo\u017eensk\u00e1 p\u0159\u00edslu\u0161nost odr\u00e1\u017e\u00ed p\u0159evahu v\u00fdchodn\u00edho pravoslav\u00ed, ke kter\u00e9mu se hl\u00e1s\u00ed zhruba \u010dty\u0159icet osm procent populace. Data ze s\u010d\u00edt\u00e1n\u00ed lidu z roku 2011 ukazuj\u00ed, \u017ee pades\u00e1t dev\u011bt procent se hl\u00e1s\u00ed k n\u011bjak\u00e9 n\u00e1bo\u017eensk\u00e9 identit\u011b: z nich se asi osmdes\u00e1t dva procent hl\u00e1s\u00ed k b\u011blorusk\u00e9mu exarch\u00e1tu Rusk\u00e9 pravoslavn\u00e9 c\u00edrkve, existuj\u00ed v\u0161ak i men\u0161\u00ed pravoslavn\u00e9 organizace a B\u011blorusk\u00e1 autokef\u00e1ln\u00ed pravoslavn\u00e1 c\u00edrkev. \u0158\u00edm\u0161t\u00ed katol\u00edci p\u0159edstavuj\u00ed p\u0159ibli\u017en\u011b 7,1 procenta \u2013 zejm\u00e9na v z\u00e1padn\u00edch regionech \u2013 zat\u00edmco zbytek tvo\u0159\u00ed protestantsk\u00e9 denominace, \u0159eckokatol\u00edci, \u017eid\u00e9, muslimov\u00e9 a neopohansk\u00e9 skupiny. P\u0159ibli\u017en\u011b \u010dty\u0159icet jedna procent B\u011blorus\u016f se ozna\u010duje za nev\u011b\u0159\u00edc\u00ed.<\/p>\n<p>Dva jazyky maj\u00ed status ofici\u00e1ln\u00edch: b\u011bloru\u0161tina a ru\u0161tina. Ve s\u010d\u00edt\u00e1n\u00ed lidu z roku 2009 uvedlo pades\u00e1t t\u0159i procent respondent\u016f b\u011bloru\u0161tinu jako sv\u016fj mate\u0159sk\u00fd jazyk, p\u0159i\u010dem\u017e \u010dty\u0159icet jedna procent uvedlo ru\u0161tinu. P\u0159esto ru\u0161tina dominuje v ka\u017edodenn\u00ed \u0159e\u010di p\u0159ibli\u017en\u011b v sedmdes\u00e1ti procentech dom\u00e1cnost\u00ed, ve srovn\u00e1n\u00ed s dvaceti t\u0159emi procenty v b\u011bloru\u0161tin\u011b. Od poloviny 90. let se m\u011bstsk\u00e9 vzd\u011bl\u00e1v\u00e1n\u00ed p\u0159esunulo k rusk\u00e9 v\u00fduce a ro\u010dn\u00ed produkce literatury v b\u011bloru\u0161tin\u011b v\u00fdrazn\u011b poklesla.<\/p>\n<p>B\u011blorusko uchov\u00e1v\u00e1 \u010dtve\u0159ici pam\u00e1tek sv\u011btov\u00e9ho d\u011bdictv\u00ed UNESCO. Komplex hradu Mir a obytn\u011b-obrann\u00fd soubor hradu N\u011bsvi\u017e jsou p\u0159\u00edkladem pozdn\u011b st\u0159edov\u011bk\u00e9 architektury a aristokratick\u00e9ho pl\u00e1nov\u00e1n\u00ed. Nadn\u00e1rodn\u00ed Struveho geodetick\u00fd oblouk p\u0159ipom\u00edn\u00e1 geodetick\u00e9 snahy devaten\u00e1ct\u00e9ho stolet\u00ed a vyzna\u010duje geodetick\u00e9 body v deseti zem\u00edch. A kone\u010dn\u011b, prav\u011bk\u00e9 kmene B\u011blov\u011b\u017esk\u00e9ho pralesa \u2013 na b\u011blorusk\u00e9 stran\u011b zn\u00e1m\u00e9ho jako B\u011blov\u011b\u017esk\u00e1 pu\u0161\u010da \u2013 poskytuj\u00ed \u00fato\u010di\u0161t\u011b zubr\u016fm evropsk\u00fdm mezi prav\u011bk\u00fdmi duby a borovicemi a nab\u00edzej\u00ed \u017eivouc\u00ed pohled na p\u0159edindustri\u00e1ln\u00ed Evropu.<\/p>\n<p>Krom\u011b t\u011bchto pam\u00e1tek se n\u00e1v\u0161t\u011bvn\u00edci setk\u00e1vaj\u00ed s poz\u016fstatky bohat\u0161\u00ed architektonick\u00e9 minulosti, z n\u00ed\u017e velk\u00e1 \u010d\u00e1st zanikla b\u011bhem druh\u00e9 sv\u011btov\u00e9 v\u00e1lky nebo v d\u016fsledku pov\u00e1le\u010dn\u00e9ho pl\u00e1nov\u00e1n\u00ed. Minsk, kompletn\u011b zrekonstruovan\u00fd po v\u00e1le\u010dn\u00e9m zni\u010den\u00ed, nyn\u00ed m\u00eds\u00ed monument\u00e1ln\u00ed socialisticko-realistick\u00e9 stavby se sou\u010dasn\u00fdmi kav\u00e1rnami, muzei a kulturn\u00edmi m\u00edsty. N\u00e1m\u011bst\u00ed Nez\u00e1vislosti, or\u00e1movan\u00e9 b\u00fdval\u00fdm s\u00eddlem KGB a N\u00e1rodn\u00edm st\u00e1tn\u00edm muzeem, je centrem ob\u010dansk\u00e9ho \u017eivota m\u011bsta; nedalek\u00fd Zaslavsk\u00fd \u017eidovsk\u00fd pam\u00e1tn\u00edk p\u0159ipom\u00edn\u00e1 ztracen\u00e9 komunity.<\/p>\n<p>V Brestu na z\u00e1padn\u00ed hranici stoj\u00ed pevnost z 19. stolet\u00ed jako pam\u00e1tn\u00edk sov\u011btsk\u00e9ho odboje b\u011bhem operace Barbarossa. Chcete-li nahl\u00e9dnout do venkovsk\u00fdch \u0159emesel devaten\u00e1ct\u00e9ho stolet\u00ed, mohou se cestovatel\u00e9 vydat do skanzenu Dudutki, kde d\u0159ev\u011bn\u00e9 a do\u0161kov\u00e9 stavby po\u0159\u00e1daj\u00ed uk\u00e1zky hrn\u010d\u00ed\u0159stv\u00ed, tesa\u0159stv\u00ed, peka\u0159stv\u00ed a ru\u010dn\u00edch prac\u00ed. Pokud jde o p\u0159\u00edrodn\u00ed \u00fato\u010di\u0161t\u011b, nab\u00edz\u00ed Pripja\u0165sk\u00e1 rezervace a oblast Braslavsk\u00fdch jezer mok\u0159ady, ostrovy a zalesn\u011bn\u00e9 b\u0159ehy. \u010cty\u0159i n\u00e1rodn\u00ed parky \u2013 B\u011blov\u011b\u017esk\u00e1 pu\u0161\u010da, Pripjatsk\u00fd, Braslavsk\u00e1 jezera a Osipovi\u010dsk\u00fd \u2013 poskytuj\u00ed rozmanit\u00e1 stanovi\u0161t\u011b pro divokou zv\u011b\u0159 a p\u0159\u00edle\u017eitosti k tich\u00e9mu objevov\u00e1n\u00ed.<\/p>\n<p>Bezpe\u010dnostn\u00ed opat\u0159en\u00ed p\u0159ipom\u00ednaj\u00ed opat\u0159en\u00ed p\u0159\u00edsn\u011b kontrolovan\u00e9ho st\u00e1tu. Drobn\u00e1 kriminalita proti n\u00e1v\u0161t\u011bvn\u00edk\u016fm je vz\u00e1cn\u00e1, p\u0159esto je p\u0159i finan\u010dn\u00edch transakc\u00edch doporu\u010dena opatrnost, proto\u017ee doch\u00e1z\u00ed k podvod\u016fm a kybernetick\u00e9 kriminalit\u011b. \u00da\u0159ady udr\u017euj\u00ed v\u0161udyp\u0159\u00edtomn\u00fd dohled: hotelov\u00e9 pokoje, komunikace a osobn\u00ed v\u011bci mohou b\u00fdt p\u0159edm\u011btem kontroly. Fotografov\u00e1n\u00ed vojensk\u00fdch, vl\u00e1dn\u00edch nebo hrani\u010dn\u00edch za\u0159\u00edzen\u00ed m\u016f\u017ee vyvolat \u00fa\u0159edn\u00ed odsouzen\u00ed. Ve\u0159ejn\u00e9 opilstv\u00ed a pou\u017e\u00edv\u00e1n\u00ed vulgarism\u016f se trest\u00e1 pokutami nebo zadr\u017een\u00edm.<\/p>\n<p>Politick\u00e1 shrom\u00e1\u017ed\u011bn\u00ed riskuj\u00ed n\u00e1hl\u00e9 potla\u010den\u00ed; disent je trest\u00e1n a svoboda projevu je siln\u011b omezov\u00e1na. Protestuj\u00edc\u00ed \u010dasto nesou historick\u00fd b\u00edlo-\u010derveno-b\u00edl\u00fd prapor z let 1918\u20131995, symbol diaspory a opozice; jeho v\u00fdskyt na ve\u0159ejnosti signalizuje zv\u00fd\u0161en\u00e9 riziko zat\u010den\u00ed. I tak ne\u0161kodn\u00e1 gesta, jako je potlesk, mohou p\u0159il\u00e1kat ne\u017e\u00e1douc\u00ed pozornost, proto\u017ee je p\u0159ijali kritici re\u017eimu. Zahrani\u010dn\u00ed novin\u00e1\u0159i, zejm\u00e9na ti polsk\u00e9ho p\u016fvodu, za\u017eili odep\u0159en\u00ed vstupu, zadr\u017een\u00ed a v\u00fdslechy.<\/p>\n<p>Postoje k LGBT n\u00e1v\u0161t\u011bvn\u00edk\u016fm z\u016fst\u00e1vaj\u00ed konzervativn\u00ed. A\u010dkoli legislativa ji\u017e nekriminalizovala konsensu\u00e1ln\u00ed vztahy osob stejn\u00e9ho pohlav\u00ed, spole\u010densk\u00e1 akceptace je omezen\u00e1 \u2013 zejm\u00e9na mezi star\u0161\u00edmi generacemi \u2013 a ve\u0159ejn\u00e9 projevy n\u00e1klonnosti se nedoporu\u010duj\u00ed. \u0158idi\u010dsk\u00e9 podm\u00ednky se li\u0161\u00ed od provozuschopn\u00fdch na hlavn\u00edch silnic\u00edch a\u017e po nebezpe\u010dn\u00e9 v zim\u011b: v\u00fdmoly, slab\u00e9 osv\u011btlen\u00ed, nep\u0159edv\u00eddateln\u00e9 chov\u00e1n\u00ed chodc\u016f a ob\u010dasn\u00e9 nedodr\u017eov\u00e1n\u00ed dopravn\u00edch p\u0159edpis\u016f, to v\u0161e vy\u017eaduje ostra\u017eitost.<\/p>\n<p>Zdravotn\u00ed p\u00e9\u010de nedosahuje z\u00e1padn\u00edch standard\u016f. Za\u0159\u00edzen\u00ed \u010dasto postr\u00e1daj\u00ed modern\u00ed vybaven\u00ed a jazykov\u00e9 bari\u00e9ry komplikuj\u00ed situaci pro osoby, kter\u00e9 nemluv\u00ed rusky nebo b\u011blorusky. Doba odezvy z\u00e1chrann\u00e9 slu\u017eby m\u016f\u017ee p\u0159ekro\u010dit t\u0159icet minut, co\u017e z l\u00e9ka\u0159sk\u00e9 evakuace \u010din\u00ed nejspolehliv\u011bj\u0161\u00ed cestu k pokro\u010dil\u00e9 p\u00e9\u010di. Tuberkul\u00f3za p\u0159edstavuje st\u00e1le v\u011bt\u0161\u00ed probl\u00e9m a voda z kohoutku je nebezpe\u010dn\u00e1 pro p\u0159\u00edmou konzumaci; d\u016frazn\u011b se doporu\u010duje balen\u00e1 voda. Potraviny podl\u00e9haj\u00ed bakteri\u00e1ln\u00ed i radiologick\u00e9 kontrole, a\u010dkoli produkty poch\u00e1zej\u00edc\u00ed z okruhu pades\u00e1t kilometr\u016f od \u010dernobylsk\u00e9ho reaktoru z\u016fst\u00e1vaj\u00ed zak\u00e1zan\u00e9.<\/p>\n<p>Etiketa v B\u011blorusku odr\u00e1\u017e\u00ed zdr\u017eenliv\u011bj\u0161\u00ed kulturu. B\u011blorusov\u00e9 si na ve\u0159ejnosti cen\u00ed zdr\u017eenlivosti, kde \u00fasm\u011bvy sm\u011brem k ciz\u00edm lidem mohou b\u00fdt interpretov\u00e1ny jako neup\u0159\u00edmnost nebo v\u00fdsm\u011bch. Prvn\u00ed setk\u00e1n\u00ed \u010dasto vyvol\u00e1vaj\u00ed sp\u00ed\u0161e stru\u010dn\u00e9 odpov\u011bdi ne\u017e p\u0159ehnan\u00e9 teplo; d\u016fv\u011bra a otev\u0159enost se rozv\u00edjej\u00ed postupn\u011b. Ryt\u00ed\u0159stv\u00ed z\u016fst\u00e1v\u00e1 zvykem: mu\u017ei \u010dasto nab\u00edzej\u00ed \u017een\u00e1m praktickou pomoc, kter\u00e9 zase o\u010dek\u00e1vaj\u00ed takov\u00e9 zdvo\u0159ilosti. Politick\u00fdm diskus\u00edm, zejm\u00e9na ohledn\u011b prezidenta Luka\u0161enka nebo sov\u011btsk\u00e9ho odkazu, je nejlep\u0161\u00ed se vyhnout, proto\u017ee takov\u00e1 t\u00e9mata mohou vyvolat neklid nebo ofici\u00e1ln\u00ed odvetn\u00e9 opat\u0159en\u00ed.<\/p>\n<p>V tich\u00fdch b\u011blorusk\u00fdch vesnic\u00edch i v modern\u00edch m\u011bstsk\u00fdch centrech utv\u00e1\u0159\u00ed souhra historick\u00e9ho rozkolu a kulturn\u00ed vytrvalosti prost\u0159ed\u00ed, kter\u00e9 je z\u00e1rove\u0148 n\u00e1ro\u010dn\u00e9 i ti\u0161e podmaniv\u00e9. A\u010dkoli velk\u00e1 \u010d\u00e1st minulosti byla ztracena \u2013 v d\u016fsledku v\u00e1le\u010dn\u00e9ho n\u00e1sil\u00ed a jednotv\u00e1rn\u00e9 rekonstrukce \u2013 stopy p\u0159etrv\u00e1vaj\u00ed v zni\u010den\u00fdch les\u00edch, ve zdivu hrad\u016f a ve stoick\u00fdch rytmech ka\u017edodenn\u00edho \u017eivota. Pro ty, kte\u0159\u00ed jsou ochotni nahl\u00e9dnout za povrchn\u00ed dojmy, nab\u00edz\u00ed B\u011blorusko z\u00e1\u017eitek odolnosti a kontinuity, poznamenan\u00fd nefal\u0161ovanou realitou jeho obyvatel a jemnou kr\u00e1sou zem\u011b v neust\u00e1l\u00e9, by\u0165 zdr\u017eenliv\u00e9, prom\u011bn\u011b.<\/p>","protected":false},"excerpt":{"rendered":"<p>S odhadovanou populac\u00ed t\u00e9m\u011b\u0159 9,1 milionu lid\u00ed je B\u011blorusko \u2013 form\u00e1ln\u011b zn\u00e1m\u00e9 jako B\u011blorusk\u00e1 republika \u2013 vnitrozemskou zem\u00ed ve v\u00fdchodn\u00ed Evrop\u011b. Strategick\u00e1 poloha B\u011bloruska \u2013 k\u0159i\u017eovatka Evropy a Asie \u2013 ovlivnila jeho historick\u00fd v\u00fdvoj, kulturn\u00ed identitu a geopolitick\u00fd v\u00fdznam. N\u00e1rod je na 13. m\u00edst\u011b v Evrop\u011b podle hmotnosti zem\u011b a m\u016f\u017ee se pochlubit rozlohou 207 600 kilometr\u016f \u010dtvere\u010dn\u00edch (80 200 \u010dtvere\u010dn\u00edch mil). Rusko na v\u00fdchod a severov\u00fdchod, Ukrajina na jih, Polsko na z\u00e1pad, Litva a Loty\u0161sko na severoz\u00e1pad po cel\u00e9m B\u011blorusku. V\u00fdvoj zem\u011b a jej\u00ed historick\u00e9 interakce s okoln\u00edmi st\u00e1ty byly do zna\u010dn\u00e9 m\u00edry ovlivn\u011bny jej\u00ed geografickou polohou.<\/p>","protected":false},"author":1,"featured_media":2825,"parent":24078,"menu_order":0,"comment_status":"closed","ping_status":"closed","template":"elementor_theme","meta":{"_eb_attr":"","footnotes":""},"class_list":["post-14616","page","type-page","status-publish","has-post-thumbnail"],"_links":{"self":[{"href":"https:\/\/travelshelper.com\/cs\/wp-json\/wp\/v2\/pages\/14616","targetHints":{"allow":["GET"]}}],"collection":[{"href":"https:\/\/travelshelper.com\/cs\/wp-json\/wp\/v2\/pages"}],"about":[{"href":"https:\/\/travelshelper.com\/cs\/wp-json\/wp\/v2\/types\/page"}],"author":[{"embeddable":true,"href":"https:\/\/travelshelper.com\/cs\/wp-json\/wp\/v2\/users\/1"}],"replies":[{"embeddable":true,"href":"https:\/\/travelshelper.com\/cs\/wp-json\/wp\/v2\/comments?post=14616"}],"version-history":[{"count":0,"href":"https:\/\/travelshelper.com\/cs\/wp-json\/wp\/v2\/pages\/14616\/revisions"}],"up":[{"embeddable":true,"href":"https:\/\/travelshelper.com\/cs\/wp-json\/wp\/v2\/pages\/24078"}],"wp:featuredmedia":[{"embeddable":true,"href":"https:\/\/travelshelper.com\/cs\/wp-json\/wp\/v2\/media\/2825"}],"wp:attachment":[{"href":"https:\/\/travelshelper.com\/cs\/wp-json\/wp\/v2\/media?parent=14616"}],"curies":[{"name":"wp","href":"https:\/\/api.w.org\/{rel}","templated":true}]}}