{"id":14519,"date":"2024-09-19T17:42:33","date_gmt":"2024-09-19T17:42:33","guid":{"rendered":"https:\/\/travelshelper.com\/staging\/?page_id=14519"},"modified":"2026-03-11T22:28:37","modified_gmt":"2026-03-11T22:28:37","slug":"mostar","status":"publish","type":"page","link":"https:\/\/travelshelper.com\/cs\/destinations\/europe\/bosnia-and-herzegovina\/mostar\/","title":{"rendered":"Mostar"},"content":{"rendered":"<p>Mostar se rozkl\u00e1d\u00e1 v \u00fazk\u00e9 sout\u011bsce, kde si smaragdov\u00e9 proudy \u0159eky Neretvy vyhloub\u00ed cestu mezi skalnat\u00fdmi svahy. Jako spr\u00e1vn\u00ed centrum Hercegovinsko-neretvansk\u00e9ho kantonu ve Federaci Bosny a Hercegoviny nese tak\u00e9 odkaz sv\u00e9ho d\u0159\u00edv\u011bj\u0161\u00edho statusu historick\u00e9ho hlavn\u00edho m\u011bsta Hercegoviny. Dnes se m\u011bsto \u0159ad\u00ed na p\u00e1t\u00e9 m\u00edsto v po\u010dtu obyvatel v zemi, p\u0159esto jeho kompaktn\u00ed m\u011bstsk\u00e1 struktura skr\u00fdv\u00e1 slo\u017eitost d\u011bdictv\u00ed, konflikt\u016f a obnovy, kter\u00e1 sah\u00e1 stalet\u00ed do minulosti.<\/p>\n<p>Od osmansk\u00e9ho dobyt\u00ed v polovin\u011b 15. stolet\u00ed se identita Mostaru stala neodd\u011blitelnou od Star\u00e9ho mostu. Tento most s jedn\u00edm obloukem, postaven\u00fd na objedn\u00e1vku sult\u00e1na Sulejmana Velkolep\u00e9ho a dokon\u010den\u00fd v roce 1566, m\u011b\u0159il 28,7 m v \u0161\u00ed\u0159ce a ty\u010dil se 21 m nad letn\u00ed vodoryskou. Jeho dokonale p\u016flkruhov\u00e1 klenba, vyroben\u00e1 z opracovan\u00fdch v\u00e1pencov\u00fdch blok\u016f s v\u00fdpln\u00ed z l\u00e1man\u00e9ho kamene, zt\u011bles\u0148ovala experiment\u00e1ln\u00ed sebev\u011bdom\u00ed. M\u00edstn\u00ed legenda p\u0159ipisuje jeho n\u00e1vrh Hajrudinovi, \u017e\u00e1kovi velk\u00e9ho architekta Sinana; ve skute\u010dnosti pat\u0159il k nejdokonalej\u0161\u00edm stavebn\u00edm po\u010din\u016fm osmansk\u00e9ho Balk\u00e1nu. V\u011b\u017ee, kter\u00e9 most obklopovaly \u2013 Halebija a Tara \u2013 kdysi slou\u017eily jako ubytovna pro str\u00e1\u017ece i munici, a jejich pevn\u011b vyzdoben\u00e9 zdivo podtrhovalo vojensk\u00fd i ob\u010dansk\u00fd \u00fa\u010del mostu.<\/p>\n<p>Za mostem zanechali st\u0159edov\u011bc\u00ed p\u0159edch\u016fdci Mostaru jen fragmenty. Hercegova v\u011b\u017e, osam\u011bl\u00fd poz\u016fstatek ran\u00e9ho opevn\u011bn\u00ed, se ty\u010d\u00ed nad v\u00fdchodn\u00edm b\u0159ehem. Na druh\u00e9 stran\u011b \u0159eky osmansk\u00e9 ambice m\u011bsto prom\u011bnily. Spr\u00e1vci nov\u011b zalo\u017een\u00e9ho sanjaku investovali do me\u0161itn\u00edch komplex\u016f, kter\u00e9 kombinovaly modlitebny, kor\u00e1nsk\u00e9 \u0161koly, tr\u017enice a pol\u00e9vkov\u00e9 kuchyn\u011b, \u010d\u00edm\u017e se v jednom are\u00e1lu spojil v\u00edra i soci\u00e1ln\u00ed zabezpe\u010den\u00ed. Me\u0161ita Cejvan Cehaj z roku 1552 stoj\u00ed jako nejstar\u0161\u00ed dochovan\u00fd muslimsk\u00fd chr\u00e1m. Nedaleko se nach\u00e1z\u00ed Kriva \u0107uprija \u2013 jej\u00ed mali\u010dk\u00fd \u201e\u0161ikm\u00fd most\u201c z roku 1558 \u2013 p\u0159edznamenaj\u00edc\u00ed samotn\u00fd Star\u00fd most a slou\u017eil jak jako zkou\u0161ka techniky, tak jako spojen\u00ed mezi t\u00edm, co se pozd\u011bji stalo obchodn\u00ed \u010dtvrt\u00ed.<\/p>\n<p>B\u011bhem t\u0159\u00ed stolet\u00ed vst\u0159eb\u00e1vala m\u011bstsk\u00e1 krajina postupn\u00e9 vrstvy vliv\u016f. Pozdn\u011b osmansk\u00e9 domy m\u011bly charakteristick\u00e9 uspo\u0159\u00e1d\u00e1n\u00ed dom\u00e1cnost\u00ed: halu v p\u0159\u00edzem\u00ed, dl\u00e1\u017ed\u011bn\u00fd dv\u016fr a horn\u00ed obytn\u00e9 patro s verandou. Muslibegovi\u0107\u016fv d\u016fm, postaven\u00fd asi p\u0159ed t\u0159emi stolet\u00edmi, z\u016fst\u00e1v\u00e1 pravd\u011bpodobn\u011b nejlep\u0161\u00edm p\u0159\u00edkladem, jeho\u017e \u010dty\u0159patrov\u00fd p\u016fdorys uzav\u00edr\u00e1 odd\u011blen\u00e9 d\u00e1msk\u00e9 a p\u00e1nsk\u00e9 n\u00e1dvo\u0159\u00ed a ve sv\u00e9m dvojit\u011b klenut\u00e9m vchodu odhaluje st\u0159edomo\u0159sk\u00e9 vlivy. Sedm z p\u016fvodn\u00edch t\u0159in\u00e1cti me\u0161it ze 16. a 17. stolet\u00ed se ve 20. stolet\u00ed stalo ob\u011bt\u00ed ideologick\u00fdch demolic nebo v\u00e1lek; me\u0161ita Karad\u017eoze Beye (1557) se dochovala dodnes, stejn\u011b jako me\u0161ita Koski Mehmeda Pa\u0161i (1617), kter\u00e1 byla po v\u00e1le\u010dn\u00e9 zk\u00e1ze p\u0159estav\u011bna a dnes je otev\u0159ena n\u00e1v\u0161t\u011bvn\u00edk\u016fm, kte\u0159\u00ed vystoup\u00ed na jej\u00ed minaret, aby se jim naskytl rozs\u00e1hl\u00fd v\u00fdhled na Star\u00e9 M\u011bsto.<\/p>\n<p>P\u0159elom 20. stolet\u00ed p\u0159inesl n\u00e1stup rakousko-uhersk\u00e9 nadvl\u00e1dy, kter\u00e1 do mostarsk\u00fdch ulic p\u0159inesla neoklasicistn\u00ed a secesn\u00ed ve\u0159ejn\u00e9 budovy. Pravoslavn\u00e1 katedr\u00e1la Nejsv\u011bt\u011bj\u0161\u00ed Trojice, dokon\u010den\u00e1 v roce 1873 jako dar od sult\u00e1na Abdula Azize, a franti\u0161k\u00e1nsk\u00fd kostel v italsk\u00e9m stylu zd\u016fraz\u0148uj\u00ed k\u0159es\u0165anskou p\u0159\u00edtomnost vedle me\u0161it a synagogy z po\u010d\u00e1tku 20. stolet\u00ed, kter\u00e1 je nyn\u00ed po \u0161kod\u00e1ch zp\u016fsoben\u00fdch druhou sv\u011btovou v\u00e1lkou p\u0159estav\u011bna na divadlo. Hostince, obchodn\u00ed kr\u00e1mky, ko\u017eelu\u017eny a font\u00e1ny sv\u011bd\u010d\u00ed o kdysi prosperuj\u00edc\u00ed \u0159emesln\u00e9 ekonomice; v mnoha v\u00fdloh\u00e1ch se st\u00e1le vystavuj\u00ed m\u011bd\u011bn\u00e9 n\u00e1dob\u00ed, bronzov\u00e9 \u0159ezby a motivy gran\u00e1tov\u00fdch jablek \u2013 ty druh\u00e9 jsou symbolem Hercegoviny \u2013 zat\u00edmco bazar Kujund\u017eiluk si zachoval sv\u016fj n\u00e1zev \u201eulice zlatn\u00edk\u016f\u201c.<\/p>\n<p>V\u0161echny tyto prvky na\u0161ly uzn\u00e1n\u00ed v roce 2005, kdy UNESCO zapsalo oblast Star\u00e9ho mostu ve Star\u00e9m M\u011bst\u011b v Mostaru na seznam sv\u011btov\u00e9ho d\u011bdictv\u00ed UNESCO s odkazem na jej\u00ed kulturn\u00ed v\u00fdznam a \u201evynikaj\u00edc\u00ed p\u0159\u00edklad balk\u00e1nsk\u00e9 isl\u00e1msk\u00e9 architektury 16. stolet\u00ed\u201c. Vymezen\u00e1 oblast se rozkl\u00e1d\u00e1 na plo\u0161e 7,6 ha s ochrannou z\u00f3nou o rozloze 47,6 ha.<\/p>\n<p>St\u00edn v\u00e1lky v\u0161ak vnikl s ni\u010divou silou. B\u011bhem konfliktu v letech 1992\u20131995, kter\u00fd rozbil Jugosl\u00e1vii, byl Mostar nejv\u00edce bombardovan\u00fdm m\u011bstem v Bosn\u011b a Hercegovin\u011b. Leteck\u00e9 \u00fatoky a d\u011blost\u0159electvo ni\u010dily civiln\u00ed \u010dtvrti, kulturn\u00ed pam\u00e1tky a p\u00e1te\u0159 m\u011bstsk\u00e9 z\u00e1stavby. V listopadu 1993 se Stari Most z\u0159\u00edtil pod palbou sil Chorvatsk\u00e9 rady obrany. Sedm me\u0161it, dom\u016f a most\u016f podlehlo boj\u016fm a etnick\u00fdm spor\u016fm a m\u011bsto bylo rozd\u011bleno pod\u00e9l nov\u00fdch zlomov\u00fdch lini\u00ed.<\/p>\n<p>Rekonstrukce za\u010dala naplno s mezin\u00e1rodn\u00ed podporou. Kamenn\u00e9 bloky vyloven\u00e9 z koryta \u0159eky poskytly p\u016fvodn\u00ed materi\u00e1l pro pe\u010dlivou p\u0159estavbu. Do roku 2004 \u2013 t\u00e9m\u011b\u0159 jeden\u00e1ct let po p\u00e1du mostu \u2013 se Star\u00fd most znovu vznesl a jeho ozv\u011bny lini\u00ed ze 16. stolet\u00ed byly obnoveny. Muzeum vedle mostu, slavnostn\u011b otev\u0159en\u00e9 v roce 2006, dokumentuje jak st\u0159edov\u011bk\u00e9 z\u00e1klady odkryt\u00e9 pod n\u00e1m\u011bst\u00edm, tak modern\u00ed in\u017een\u00fdrsk\u00e9 metody pou\u017eit\u00e9 p\u0159i rekonstrukci.<\/p>\n<p>Po v\u00e1lce se demografick\u00e9 slo\u017een\u00ed Mostaru prudce zm\u011bnilo. P\u0159ed rokem 1992 pat\u0159ilo m\u011bsto k etnicky nejrozmanit\u011bj\u0161\u00edm v zemi. Dnes tvo\u0159\u00ed Chorvat\u00e9 v\u011bt\u0161inu v z\u00e1padn\u00edch okresech (48,4 procenta obyvatel m\u011bsta), Bos\u0148an\u00e9 p\u0159eva\u017euj\u00ed na v\u00fdchod\u011b (44,1 procenta) a Srbov\u00e9 tvo\u0159\u00ed n\u011bco m\u00e1lo p\u0159es 4 procenta. Volebn\u00ed seznamy z roku 2008 ukazuj\u00ed, \u017ee ve t\u0159ech z\u00e1padn\u00edch okresech s chorvatskou v\u011bt\u0161inou bylo registrov\u00e1no p\u0159ibli\u017en\u011b 53 917 voli\u010d\u016f, zat\u00edmco na v\u00fdchodn\u00ed stran\u011b s bosenskou v\u011bt\u0161inou jich bylo 34 712. M\u011bstsk\u00e1 propast p\u0159etrv\u00e1v\u00e1 ve \u0161kolstv\u00ed, kulturn\u00edch instituc\u00edch a ve\u0159ejn\u00e9m prostoru, a\u010dkoli sd\u00edlen\u00e1 pam\u00e1tkov\u00e1 m\u00edsta l\u00e1kaj\u00ed turisty p\u0159es b\u00fdval\u00e9 frontov\u00e9 linie.<\/p>\n<p>Modern\u00ed Mostar nespo\u010d\u00edv\u00e1 jen na vzpom\u00ednk\u00e1ch a pam\u00e1tk\u00e1ch. Jeho ekonomika se op\u00edr\u00e1 o v\u00fdrobu hlin\u00edku a kov\u016f, bankovnictv\u00ed a telekomunikace. Aluminij Industries, kdysi pil\u00ed\u0159 jugosl\u00e1vsk\u00e9 metalurgie, z\u016fst\u00e1v\u00e1 p\u0159edn\u00edm export\u00e9rem a ro\u010dn\u011b generuje do m\u011bstsk\u00e9 pokladny zhruba 40 milion\u016f eur. Mezi t\u0159emi nejv\u011bt\u0161\u00edmi bankami Bosny a Hercegoviny m\u00e1 jedna s\u00eddlo v Mostaru. M\u011bsto tak\u00e9 host\u00ed n\u00e1rodn\u00ed elektr\u00e1rnu (Elektroprivreda HZHB), po\u0161tovn\u00ed spole\u010dnost (Hrvatska po\u0161ta Mostar) a v\u00fdznamn\u00e9ho telekomunika\u010dn\u00edho oper\u00e1tora (HT Eronet). Tyto podniky ve\u0159ejn\u00e9ho sektoru spolu se soukrom\u00fdmi mal\u00fdmi a st\u0159edn\u00edmi firmami posiluj\u00ed podnikatelsk\u00e9 klima, kter\u00e9 se po v\u00e1lce v\u00fdrazn\u011b zotavilo.<\/p>\n<p>Ka\u017ed\u00e9 jaro svol\u00e1v\u00e1 Mezin\u00e1rodn\u00ed hospod\u00e1\u0159sk\u00fd veletrh m\u00edstn\u00ed firmy a zahrani\u010dn\u00ed delegace a o\u017eivuje obchodn\u00ed tradici, kter\u00e1 kdysi byla z\u00e1kladem prosperity Hercegoviny. Pl\u00e1ny na instalace v\u011btrn\u00fdch elektr\u00e1ren a roz\u0161i\u0159uj\u00edc\u00ed se stezka \u0106iro \u2013 157 km dlouh\u00e1 cyklostezka, kter\u00e1 vede pod\u00e9l zanikl\u00e9 \u00fazkokolejky sm\u011brem k Dubrovn\u00edku \u2013 nazna\u010duj\u00ed diverzifikaci v oblasti energetiky a cestovn\u00edho ruchu. T\u0159i vodn\u00ed elektr\u00e1rny na okraji m\u011bsta ji\u017e dod\u00e1vaj\u00ed energii z obnoviteln\u00fdch zdroj\u016f.<\/p>\n<p>Klimaticky le\u017e\u00ed Mostar na soutoku st\u0159edomo\u0159sk\u00e9ho tepla a vnitrozemsk\u00e9 vlhkosti. Podle K\u00f6ppenovy klasifikace spad\u00e1 do modifikovan\u00e9ho re\u017eimu Cfa: zimy jsou chladn\u00e9 a vlhk\u00e9, l\u00e9ta hork\u00e1 a relativn\u011b such\u00e1. Pr\u016fm\u011brn\u00e1 teplota v lednu se pohybuje kolem 5 \u00b0C, v \u010dervenci kolem 26 \u00b0C a teploty mohou vystoupat nad 40 \u00b0C; rekordn\u00ed teplota dosahuje 46,2 \u00b0C a byla nam\u011b\u0159ena v roce 1901. Tato teplota je v zemi bezkonkuren\u010dn\u00ed. Slune\u010dn\u00ed svit p\u0159evl\u00e1d\u00e1 od \u010dervna do z\u00e1\u0159\u00ed, co\u017e vyneslo Mostaru titul nejslunn\u011bj\u0161\u00edho m\u011bsta Bosny a Hercegoviny s p\u0159ibli\u017en\u011b 2 291 hodinami ro\u010dn\u011b. Sn\u011b\u017een\u00ed je vz\u00e1cn\u00e9 a z\u0159\u00eddka se udr\u017e\u00ed dlouho.<\/p>\n<p>Krom\u011b sv\u00fdch kl\u00ed\u010dov\u00fdch pam\u00e1tek nab\u00edz\u00ed Mostar pozorn\u00e9mu n\u00e1v\u0161t\u011bvn\u00edkovi i vrstvy historie. Pam\u011btn\u00ed h\u0159bitov partyz\u00e1n\u016f z druh\u00e9 sv\u011btov\u00e9 v\u00e1lky, navr\u017een\u00fd v organick\u00fdch kontur\u00e1ch kamene a vody Bogdanem Bogdanovi\u0107em, spojuje p\u0159\u00edrodn\u00ed zele\u0148 s v\u00e1\u017enou architekturou. Ran\u011b k\u0159es\u0165ansk\u00e9 poz\u016fstatky v Cimu, osmansk\u00e9 ham\u00e1my, \u017eidovsk\u00fd pam\u011btn\u00ed h\u0159bitov a hodinov\u00e1 v\u011b\u017e osmansk\u00e9ho p\u016fvodu sv\u011bd\u010d\u00ed o rozmanitosti vyzn\u00e1n\u00ed a epoch. Metropolitn\u00ed pal\u00e1c (1908) a katedr\u00e1la Nejsv\u011bt\u011bj\u0161\u00ed Trojice sv\u011bd\u010d\u00ed o rakousko-uhersk\u00e9m vlivu. K\u0159iv\u00fd most, jeho\u017e \u00fazk\u00e9 rozp\u011bt\u00ed je jen men\u0161\u00ed ozv\u011bnou Star\u00e9ho Mostu, se nach\u00e1z\u00ed mezi obchodn\u00edmi \u010dtvrt\u011bmi.<\/p>\n<p>V\u00fdlety do Hercegoviny roz\u0161i\u0159uj\u00ed p\u0159\u00edb\u011bh m\u011bsta. Nedaleko se nach\u00e1z\u00ed poutn\u00ed svatyn\u011b v Me\u0111ugorje, kl\u00e1\u0161ter tekijsk\u00fdch dervi\u0161\u016f v Blagaji pod strm\u00fdm \u00fatesem a st\u0159edov\u011bk\u00e1 pevnost Po\u010ditelj s opevn\u011bn\u00edm z osmansk\u00e9ho obdob\u00ed. Vodop\u00e1dy v Kravici, \u0159\u00edmsk\u00e1 villa rustica v Mogorjelu, prehistorick\u00e9 mohyly ve Stoci a jeskyn\u011b Vjetrenica v krasu pobl\u00ed\u017e Popovova Polja nab\u00edzej\u00ed momentky lidsk\u00e9 a geologick\u00e9 doby. Kr\u00e1tk\u00e1 j\u00edzda autem v\u00e1s zavede do p\u0159\u00edrodn\u00edho parku Hutovo Blato nebo na pob\u0159e\u017e\u00ed Jadersk\u00e9ho mo\u0159e p\u0159es Neum.<\/p>\n<p>Dopravn\u00ed tepny Mostaru odr\u00e1\u017eej\u00ed jeho soutok tradic a p\u0159echod\u016f. Autobusov\u00e1 n\u00e1dra\u017e\u00ed na v\u00fdchodn\u00edm i z\u00e1padn\u00edm okraji spojuj\u00ed m\u011bsto se Sarajevem, Z\u00e1h\u0159ebem a Dubrovn\u00edkem, stejn\u011b jako s region\u00e1ln\u00edmi centry po cel\u00e9 Bosn\u011b a Hercegovin\u011b. Vlaky jezd\u00ed dvakr\u00e1t denn\u011b do vnitrozemsk\u00e9ho hlavn\u00edho m\u011bsta. Po silnici vede d\u00e1lnice A1 z Chorvatska k hrani\u010dn\u00edmu p\u0159echodu Bija\u010da a pot\u00e9 pokra\u010duje malebnou trasou \u00fadol\u00edm Neretvy sm\u011brem k Sarajevu. Lety z mezin\u00e1rodn\u00edho leti\u0161t\u011b v Mostaru \u2013 7,5 km ji\u017en\u011b od n\u00e1dra\u017e\u00ed \u2013 pravideln\u011b spojuj\u00ed Z\u00e1h\u0159eb, B\u011blehrad, Istanbul a sez\u00f3nn\u00ed italsk\u00e9 destinace. M\u00edstn\u00ed kyvadlov\u00e9 autobusy obsluhuj\u00ed leti\u0161t\u011b pro lety do Chorvatska, a\u010dkoli cestuj\u00edc\u00ed se pro del\u0161\u00ed spojen\u00ed \u010dasto spol\u00e9haj\u00ed na taxi.<\/p>\n<p>Dl\u00e1\u017ed\u011bn\u00e9 ulice Star\u00e9ho M\u011bsta stoupaj\u00ed sm\u011brem k kav\u00e1rn\u00e1m a \u0159emesln\u00fdm d\u00edln\u00e1m. \u0158emesln\u00edci st\u00e1le tepou m\u011bd\u011bn\u00e9 podnosy, maluj\u00ed miniaturn\u00ed vyobrazen\u00ed Star\u00e9ho Mostu a vy\u0159ez\u00e1vaj\u00ed motivy list\u016f gran\u00e1tov\u00e9ho jablka do d\u0159eva. Star\u00fd bazar Kujund\u017eiluk si udr\u017euje sv\u016fj charakter jako enkl\u00e1va zlatn\u00edk\u016f a mal\u00ed\u0159\u016f. Za dlouh\u00e9ho letn\u00edho sv\u011btla se pot\u00e1p\u011b\u010di z mostarsk\u00e9ho pot\u00e1p\u011b\u010dsk\u00e9ho klubu vrhaj\u00ed z mostu do v\u00ed\u0159\u00edc\u00ed \u0159eky pod nimi, vyd\u011bl\u00e1vaj\u00ed mince hozen\u00e9 p\u0159ihl\u00ed\u017eej\u00edc\u00edmi a zachov\u00e1vaj\u00ed stalet\u00ed star\u00fd ritu\u00e1l odvahy.<\/p>\n<p>Mostar nen\u00ed m\u011bstem snadn\u00fdch kontrast\u016f. Jeho p\u016fvabn\u00e9 oblouky a zdoben\u00e9 fas\u00e1dy skr\u00fdvaj\u00ed zlomov\u00e9 linie pam\u011bti a neust\u00e1l\u00e9 snahy o usm\u00ed\u0159en\u00ed. P\u0159esto ka\u017ed\u00fd k\u00e1men sv\u011bd\u010d\u00ed jak o n\u00e1sil\u00ed roztr\u017eky, tak o trp\u011blivosti obnovy. V \u00fazk\u00fdch uli\u010dk\u00e1ch a sluncem zalit\u00fdch n\u00e1m\u011bst\u00edch z\u016fst\u00e1v\u00e1 tok Neretvy neust\u00e1l\u00fdm kontrapunktem: z\u00e1rove\u0148 silou obnovy a zrcadlem nes\u010detn\u00fdch tv\u00e1\u0159\u00ed m\u011bsta.<\/p>","protected":false},"excerpt":{"rendered":"<p>Mostar s p\u0159ibli\u017en\u011b 113 000 obyvateli funguje jako spr\u00e1vn\u00ed centrum kantonu Hercegovina-Neretva v r\u00e1mci Federace Bosny a Hercegoviny. Mostar, kter\u00fd le\u017e\u00ed na b\u0159ez\u00edch \u0159eky Neretvy, je p\u00e1t\u00fdm nejv\u011bt\u0161\u00edm m\u011bstem Bosny a Hercegoviny a b\u00fdval\u00fdm hlavn\u00edm m\u011bstem Hercegoviny. N\u00e1zev m\u011bsta, odvozen\u00fd od slova \u201emostari\u201c, neboli str\u00e1\u017eci mostu, vystihuje jeho bl\u00edzkou p\u0159\u00edbuznost se slavn\u00fdm Star\u00fdm mostem (Stari Most), kter\u00fd reprezentoval nejen Mostar, ale tak\u00e9 bohatou kulturn\u00ed mozaiku cel\u00e9 oblasti.<\/p>","protected":false},"author":1,"featured_media":3616,"parent":14500,"menu_order":0,"comment_status":"closed","ping_status":"closed","template":"elementor_theme","meta":{"_eb_attr":"","footnotes":""},"class_list":["post-14519","page","type-page","status-publish","has-post-thumbnail"],"_links":{"self":[{"href":"https:\/\/travelshelper.com\/cs\/wp-json\/wp\/v2\/pages\/14519","targetHints":{"allow":["GET"]}}],"collection":[{"href":"https:\/\/travelshelper.com\/cs\/wp-json\/wp\/v2\/pages"}],"about":[{"href":"https:\/\/travelshelper.com\/cs\/wp-json\/wp\/v2\/types\/page"}],"author":[{"embeddable":true,"href":"https:\/\/travelshelper.com\/cs\/wp-json\/wp\/v2\/users\/1"}],"replies":[{"embeddable":true,"href":"https:\/\/travelshelper.com\/cs\/wp-json\/wp\/v2\/comments?post=14519"}],"version-history":[{"count":0,"href":"https:\/\/travelshelper.com\/cs\/wp-json\/wp\/v2\/pages\/14519\/revisions"}],"up":[{"embeddable":true,"href":"https:\/\/travelshelper.com\/cs\/wp-json\/wp\/v2\/pages\/14500"}],"wp:featuredmedia":[{"embeddable":true,"href":"https:\/\/travelshelper.com\/cs\/wp-json\/wp\/v2\/media\/3616"}],"wp:attachment":[{"href":"https:\/\/travelshelper.com\/cs\/wp-json\/wp\/v2\/media?parent=14519"}],"curies":[{"name":"wp","href":"https:\/\/api.w.org\/{rel}","templated":true}]}}