{"id":14509,"date":"2024-09-19T16:33:51","date_gmt":"2024-09-19T16:33:51","guid":{"rendered":"https:\/\/travelshelper.com\/staging\/?page_id=14509"},"modified":"2026-03-11T22:29:27","modified_gmt":"2026-03-11T22:29:27","slug":"jahorina","status":"publish","type":"page","link":"https:\/\/travelshelper.com\/cs\/destinations\/europe\/bosnia-and-herzegovina\/jahorina\/","title":{"rendered":"Jahorina"},"content":{"rendered":"<p>Na soutoku t\u0159\u00ed obc\u00ed \u2013 Pala a Trnova v Republice srbsk\u00e9 a Trnova ve Federaci Bosny a Hercegoviny \u2013 le\u017e\u00ed Jahorina, tich\u00e1 a majest\u00e1tn\u00ed hora ve v\u00fdchodn\u00ed \u010d\u00e1sti Bosny a Hercegoviny. Jahorina, sou\u010d\u00e1st drsn\u00fdch Din\u00e1rsk\u00fdch hor, se ty\u010d\u00ed jako tich\u00e1 str\u00e1\u017e v\u00fdchodn\u011b od hory Trebevi\u0107. Jej\u00ed nejvy\u0161\u0161\u00ed vrchol, zn\u00e1m\u00fd jako Ogorjelica, dosahuje nadmo\u0159sk\u00e9 v\u00fd\u0161ky 1 916 metr\u016f. Ve spole\u010dnosti sarajevsk\u00fdch horsk\u00fdch str\u00e1\u017ec\u016f je Ogorjelica druh\u00e1 nejv\u00fd\u0161e po Bjela\u0161nici, kter\u00e1 se ty\u010d\u00ed do 2 067 metr\u016f. A\u010dkoli je jej\u00ed obrys na obzoru stroh\u00fd, svahy Jahoriny se za v\u00edce ne\u017e stolet\u00ed vyvinuly z \u0159\u00eddce nav\u0161t\u011bvovan\u00fdch horsk\u00fdch pastvin v centrum alpsk\u00e9ho sportu a spole\u010dn\u00e9 pam\u011bti.<\/p>\n<p>Fyzick\u00fd charakter hory je formov\u00e1n v\u00e1pencov\u00fdm p\u00e1te\u0159\u00ed, jej\u00ed\u017e svahy byly vytes\u00e1ny tis\u00edcilet\u00edmi mrazu a t\u00e1n\u00ed. Nad 1 300 metry ustupuj\u00ed hust\u00e9 porosty buku a smrku skaln\u00edm v\u00fdchozem a subalp\u00ednsk\u00fdm trav\u00e1m. Tyto lesy poskytuj\u00ed \u00fato\u010di\u0161t\u011b skromn\u00e9 \u200b\u200bfaun\u011b \u2013 kamz\u00edk\u016fm, srnc\u016fm a ob\u010das i vzd\u00e1len\u00e9 ozv\u011bn\u011b vl\u010d\u00edho vol\u00e1n\u00ed. Zimy zahaluj\u00ed svahy do sn\u011bhov\u00e9 pokr\u00fdvky, kter\u00e1 v pr\u016fm\u011bru vydr\u017e\u00ed 175 dn\u00ed v roce, od za\u010d\u00e1tku \u0159\u00edjna do konce kv\u011btna. V \u00fanoru p\u0159\u00edrodn\u00ed nahromad\u011bn\u00ed \u010dasto m\u011b\u0159\u00ed v\u00edce ne\u017e metr, co\u017e dod\u00e1v\u00e1 pocit trvalosti nejru\u0161n\u011bj\u0161\u00edm aktivit\u00e1m sez\u00f3ny.<\/p>\n<p>Z\u00e1znamy o ly\u017eov\u00e1n\u00ed na Jahorin\u011b sahaj\u00ed a\u017e do konce devaten\u00e1ct\u00e9ho stolet\u00ed, kdy rakousko-uhersk\u00e1 spr\u00e1va zmapovala vyso\u010dinu a zaznamenala prvn\u00ed pokusn\u00e9 sjezdy m\u00edstn\u00edch nad\u0161enc\u016f. O dv\u011b generace pozd\u011bji, v roce 1923, se rozmohla organizovan\u00e1 turistick\u00e1 aktivita s form\u00e1ln\u00edm zalo\u017een\u00edm ly\u017ea\u0159sk\u00e9ho st\u0159ediska. V meziv\u00e1le\u010dn\u00fdch letech se o n\u00e1v\u0161t\u011bvn\u00edky starala skromn\u00e1 horsk\u00e1 chata, zat\u00edmco na strm\u011bj\u0161\u00edch svaz\u00edch se objevily skokansk\u00e9 m\u016fstky. Do roku 1937 se na Jahorin\u011b konal prvn\u00ed jugosl\u00e1vsk\u00fd ly\u017ea\u0159sk\u00fd sraz, kter\u00fd signalizoval jak rostouc\u00ed z\u00e1jem o tento za\u010d\u00ednaj\u00edc\u00ed sport, tak potenci\u00e1l hory jako region\u00e1ln\u00edho centra zimn\u00edch sport\u016f.<\/p>\n<p>N\u00e1sledky druh\u00e9 sv\u011btov\u00e9 v\u00e1lky znovu p\u0159ivedly pozornost k Jahorin\u011b. V roce 1955 hora p\u0159iv\u00edtala \u201eMezin\u00e1rodn\u00ed zimn\u00ed t\u00fdden student\u016f\u201c, p\u0159edzv\u011bst ofici\u00e1ln\u00ed zimn\u00ed univerzi\u00e1dy, kter\u00e1 se o p\u011bt let pozd\u011bji konala v Chamonix ve Francii. Tato ud\u00e1lost pos\u00edlila m\u00edstn\u00ed infrastrukturu a polo\u017eila z\u00e1klady pro je\u0161t\u011b velkolep\u011bj\u0161\u00ed sc\u00e9nu.<\/p>\n<p>Tato f\u00e1ze nastala v \u00fanoru 1984, kdy se Sarajevo stalo hostitelsk\u00fdm m\u011bstem \u010dtrn\u00e1ct\u00fdch zimn\u00edch olympijsk\u00fdch her. Jahorina byla vybr\u00e1na k po\u0159\u00e1d\u00e1n\u00ed z\u00e1vod\u016f v alpsk\u00e9m ly\u017eov\u00e1n\u00ed \u017een. Od 8. do 19. dne t\u00e9ho\u017e m\u011bs\u00edce se na svaz\u00edch sj\u00ed\u017ed\u011bly nejlep\u0161\u00ed ly\u017ea\u0159ky sv\u011bta, kter\u00e9 si raz\u00ed stopy po \u010derstv\u011b upraven\u00fdch sjezdovk\u00e1ch. Na uzn\u00e1n\u00ed sv\u00e9 olympijsk\u00e9 role bylo st\u0159edisko n\u00e1sledn\u011b p\u0159ejmenov\u00e1no na \u201eOlympijsk\u00e9 centrum Jahorina\u201c, co\u017e podtrhlo jeho postaven\u00ed na n\u00e1rodn\u00ed i mezin\u00e1rodn\u00ed \u00farovni.<\/p>\n<p>V n\u00e1sleduj\u00edc\u00edch desetilet\u00edch sice st\u0159edisko z\u016fstalo ned\u00edlnou sou\u010d\u00e1st\u00ed bosensk\u00e9 zimn\u00ed turistiky, ale jeho infrastruktura st\u00e1rla. Od roku 2012 se zam\u011b\u0159ila na modernizaci horsk\u00fdch lanovek a vlek\u016f. B\u011bhem \u0161esti let provozovatel\u00e9 nahradili zastaral\u00e9 syst\u00e9my osmi nov\u00fdmi seda\u010dkov\u00fdmi lanovkami dodan\u00fdmi skupinou Leitner. Tato za\u0159\u00edzen\u00ed zlep\u0161ila kapacitu a zkr\u00e1tila \u010dekac\u00ed doby, co\u017e p\u0159ipravilo cestu pro dal\u0161\u00ed vylep\u0161en\u00ed.<\/p>\n<p>Do roku 2017 se pozornost zam\u011b\u0159ila na spolehlivost sn\u011bhu. Na svaz\u00edch byla vybudov\u00e1na rozs\u00e1hl\u00e1 zasn\u011b\u017eovac\u00ed s\u00ed\u0165, nap\u00e1jen\u00e1 velk\u00fdm um\u011bl\u00fdm jezerem le\u017e\u00edc\u00edm pobl\u00ed\u017e vrcholu. V prosinci 2018 st\u0159edisko aktivovalo nov\u00fd syst\u00e9m, kter\u00fd zajistil, \u017ee ka\u017ed\u00e1 sjezdovka \u2013 bez ohledu na p\u0159irozen\u00e9 sn\u011b\u017een\u00ed \u2013 mohla b\u00fdt pln\u011b pokryta strojov\u011b vyroben\u00fdm sn\u011bhem. Tento v\u00fdvoj nejen prodlou\u017eil sez\u00f3nu, ale tak\u00e9 zv\u00fd\u0161il standard kvality sn\u011bhu v cel\u00e9 oblasti.<\/p>\n<p>Dnes je Olympijsk\u00e9 centrum Jahorina nejv\u011bt\u0161\u00edm a nejnav\u0161t\u011bvovan\u011bj\u0161\u00edm ly\u017ea\u0159sk\u00fdm st\u0159ediskem v Bosn\u011b a Hercegovin\u011b. V roce 2018 pro\u0161lo jeho vleky v\u00edce ne\u017e 185 000 n\u00e1v\u0161t\u011bvn\u00edk\u016f \u2013 co\u017e je vrchol, jak\u00fd zde nebyl od 80. let 20. stolet\u00ed. Krom\u011b alpsk\u00e9ho ly\u017eov\u00e1n\u00ed a snowboardingu l\u00e1k\u00e1 hora v zimn\u00edch m\u011bs\u00edc\u00edch turisty a s\u00e1\u0148kov\u00e1n\u00ed. Lesy se vine s\u00ed\u0165 b\u011b\u017eeck\u00fdch a seversk\u00fdch trat\u00ed a osv\u011btlen\u00ed sjezdovky Poljice umo\u017e\u0148uje no\u010dn\u00ed sjezdy za m\u00edrn\u00e9ho osv\u011btlen\u00ed.<\/p>\n<p>V \u00fanoru 2019 se Jahorina op\u011bt ujala mezin\u00e1rodn\u00ed role a stala se jedn\u00edm z m\u00edst kon\u00e1n\u00ed Evropsk\u00e9ho zimn\u00edho olympijsk\u00e9ho festivalu ml\u00e1de\u017ee. Mlad\u00ed sportovci z cel\u00e9ho kontinentu sout\u011b\u017eili v ly\u017ea\u0159sk\u00fdch discipl\u00edn\u00e1ch, kter\u00e9 odr\u00e1\u017eely olympijsk\u00e9 d\u011bdictv\u00ed hory a potvrdily jej\u00ed m\u00edsto na map\u011b evropsk\u00fdch zimn\u00edch sport\u016f.<\/p>\n<p>Nadmo\u0159sk\u00e1 v\u00fd\u0161ka ve st\u0159edisku sah\u00e1 od z\u00e1kladn\u00edch 1 300 metr\u016f a\u017e po nejvy\u0161\u0161\u00ed stanici lanovky v 1 890 metrech. V\u00edce ne\u017e dvacet p\u011bt kilometr\u016f zna\u010den\u00fdch sjezdovek uspokoj\u00ed v\u0161echny \u00farovn\u011b, a\u010dkoli n\u011bkter\u00e9 zdroje uv\u00e1d\u011bj\u00ed a\u017e \u010dty\u0159icet sedm kilometr\u016f, pokud zahrnuj\u00ed i \u200b\u200bnavazuj\u00edc\u00ed sjezdovky. Nejdel\u0161\u00ed nep\u0159etr\u017eit\u00fd sjezd se t\u00e1hne t\u0159i kilometry a nab\u00edz\u00ed st\u00e1l\u00fd sklon pro st\u0159edn\u011b pokro\u010dil\u00e9 ly\u017ea\u0159e. \u0160estn\u00e1ct vlek\u016f \u2013 dv\u011b kabinkov\u00e9 lanovky, p\u011bt seda\u010dkov\u00fdch lanovek a \u010dty\u0159i vleky, dopln\u011bn\u00e9 men\u0161\u00edmi vleky \u2013 zaji\u0161\u0165uje plynulost dopravy do kopce.<\/p>\n<p>Dostupnost pat\u0159\u00ed mezi nejsiln\u011bj\u0161\u00ed str\u00e1nky Jahoriny. Nach\u00e1z\u00ed se patn\u00e1ct kilometr\u016f od m\u011bsta Pale a dvacet p\u011bt kilometr\u016f v\u00fdchodn\u011b od Sarajeva, tak\u017ee se hora snadno dostanete k hlavn\u00edm dopravn\u00edm tepn\u00e1m Bosny. Mezin\u00e1rodn\u00ed leti\u0161t\u011b v Sarajevu, kter\u00e9 se nach\u00e1z\u00ed t\u0159icet kilometr\u016f z\u00e1padn\u011b, spojuje letovisko s destinacemi po cel\u00e9 Evrop\u011b. Cestuj\u00edc\u00ed z region\u00e1ln\u00edch center \u2013 v\u010detn\u011b B\u011blehradu, Z\u00e1h\u0159ebu, Nov\u00e9ho Sadu, Splitu, Podgorice a Lublan\u011b \u2013 se na horu dostanou po silnici za m\u00e9n\u011b ne\u017e \u0161est hodin, co\u017e z Jahoriny d\u011bl\u00e1 jednu z nejdostupn\u011bj\u0161\u00edch vysokohorsk\u00fdch destinac\u00ed na kontinentu.<\/p>\n<p>Ubytovac\u00ed za\u0159\u00edzen\u00ed se shlukuj\u00ed v bl\u00edzkosti \u00fast\u0159ed\u00ed lanovek a jejich d\u0159ev\u011bn\u00e9 fas\u00e1dy a \u0161ikm\u00e9 st\u0159echy zachov\u00e1vaj\u00ed atmosf\u00e9ru horsk\u00e9 vesnice. Tato bl\u00edzkost umo\u017e\u0148uje ly\u017ea\u0159\u016fm vystoupit ze sv\u00fdch pokoj\u016f na zasn\u011b\u017een\u00e9 stezky, kter\u00e9 vedou p\u0159\u00edmo k seda\u010dkov\u00e9 lanovce. Interi\u00e9ry preferuj\u00ed p\u0159irozen\u00e9 teplo \u2013 d\u0159ev\u011bn\u00e9 tr\u00e1my, tlumen\u00e9 osv\u011btlen\u00ed a krby \u2013 kter\u00e9 kompenzuj\u00ed venkovn\u00ed chlad.<\/p>\n<p>Ly\u017ea\u0159sk\u00e1 sez\u00f3na obvykle trv\u00e1 od prosince do dubna. I kdy\u017e je p\u0159irozen\u00e9 sn\u011b\u017een\u00ed \u0161t\u011bdr\u00e9 a pokr\u00fdv\u00e1 velkou \u010d\u00e1st ter\u00e9nu a\u017e do nadmo\u0159sk\u00e9 v\u00fd\u0161ky 1 890 metr\u016f, p\u0159ibli\u017en\u011b \u010dty\u0159icet procent sjezdovek lze doplnit um\u011bl\u00fdm syst\u00e9mem. Tato rovnov\u00e1ha zaji\u0161\u0165uje ur\u010ditou m\u00edru spolehlivosti i v obdob\u00edch s men\u0161\u00edmi sr\u00e1\u017ekami.<\/p>\n<p>Za\u010d\u00e1te\u010dn\u00edci naleznou p\u0159\u00edjemn\u00fd ter\u00e9n pobl\u00ed\u017e \u00fapat\u00ed st\u0159ediska, kde d\u011btsk\u00fd svah nab\u00edz\u00ed m\u00edrn\u00e9 sklony a snadn\u00fd p\u0159\u00edstup. Skupina modr\u00fdch sjezdovek nad vesnic\u00ed nab\u00edz\u00ed \u0161irok\u00e9 a pohodln\u00e9 sjezdovky, kter\u00e9 povzbuzuj\u00ed k postupn\u00e9mu ly\u017eov\u00e1n\u00ed. Ve vy\u0161\u0161\u00edch nadmo\u0159sk\u00fdch v\u00fd\u0161k\u00e1ch nab\u00edzej\u00ed ly\u017ea\u0159sk\u00e9 h\u0159ebeny rozmanit\u011bj\u0161\u00ed ter\u00e9n: otev\u0159en\u00e9 vrcholy nab\u00edzej\u00ed rozlehl\u00e9 v\u00fdhledy, zat\u00edmco ni\u017e\u0161\u00ed partie pod lesn\u00edmi korunami poskytuj\u00ed \u00fakryt p\u0159ed v\u011btrem a nav\u00e1t\u00fdm sn\u011bhem.<\/p>\n<p>Mo\u017enosti stravov\u00e1n\u00ed odr\u00e1\u017eej\u00ed sm\u011bs m\u00edstn\u00edch a region\u00e1ln\u00edch vliv\u016f. Uprost\u0159ed horsk\u00fdch du\u0161en\u00fdch pokrm\u016f a grilovan\u00fdch pokrm\u016f se n\u00e1v\u0161t\u011bvn\u00edci setk\u00e1vaj\u00ed s pokrmy, kter\u00e9 odkazuj\u00ed jak na alpsk\u00e9 tradice, tak na osmansk\u00e9 d\u011bdictv\u00ed. Grilovan\u00e9 maso se objevuje vedle vydatn\u00fdch pol\u00e9vek a dezerty \u010derpaj\u00ed z tureck\u00fdch motiv\u016f \u2013 l\u00edstkov\u00e9 pe\u010divo polit\u00e9 sirupem nebo medem.<\/p>\n<p>Olympic Bar se nach\u00e1z\u00ed na vrcholu hory nad ly\u017ea\u0159sk\u00fdm are\u00e1lem. Jeho okna od podlahy ke stropu r\u00e1muj\u00ed panoramata rozeklan\u00fdch vrchol\u016f a zvln\u011bn\u00e9ho lesa. Ly\u017ea\u0159i si zde mohou d\u00e1t pauzu na k\u00e1vu, lehk\u00e9 j\u00eddlo nebo si odpo\u010dinout, ne\u017e se znovu vydaj\u00ed na sjezd. Bl\u00ed\u017ee k vlek\u016fm se nach\u00e1z\u00ed Rajsk\u00e1 Vrata, kter\u00e1 nab\u00edz\u00ed rustik\u00e1ln\u00ed interi\u00e9r s krbem. Atmosf\u00e9ra evokuje star\u00e9 loveck\u00e9 chaty, kde se host\u00e9 sch\u00e1zej\u00ed, aby si mezi sjezdy vypr\u00e1v\u011bli p\u0159\u00edb\u011bhy a sd\u00edleli je.<\/p>\n<p>Kav\u00e1rna Slopeside Caf\u00e9 Peggy se py\u0161n\u00ed \u0161irokou terasou, kter\u00e1 zachycuje zimn\u00ed slunce. Za mraziv\u00fdch dn\u016f se host\u00e9 uchyluj\u00ed dovnit\u0159, aby si u otev\u0159en\u00e9ho krbu vychutn\u00e1vali sva\u0159en\u00e9 v\u00edno a \u010devapy \u2013 mal\u00e9 ko\u0159en\u011bn\u00e9 masov\u00e9 klob\u00e1sy charakteristick\u00e9 pro Balk\u00e1nsk\u00fd poloostrov. Tyto podniky, a\u010dkoli se stylov\u011b li\u0161\u00ed, sd\u00edlej\u00ed oddanost spole\u010densk\u00e9 atmosf\u00e9\u0159e a region\u00e1ln\u00ed chuti.<\/p>\n<p>S ub\u00fdvaj\u00edc\u00edm odpoledn\u00edm sv\u011btlem se hora zklid\u0148uje. Hotelov\u00e9 bary se st\u00e1vaj\u00ed hlavn\u00edm m\u00edstem apr\u00e8s-ski a jejich n\u00e1pojov\u00e9 l\u00edstky pat\u0159\u00ed k nejdostupn\u011bj\u0161\u00edm v Evrop\u011b. Olympic Bar p\u0159esouv\u00e1 sv\u00e9 zam\u011b\u0159en\u00ed od ob\u010derstven\u00ed k spole\u010densk\u00fdm setk\u00e1n\u00edm a stoly jsou p\u0159istav\u011bny pobl\u00ed\u017e terasy, kde si m\u016f\u017eete u\u017e\u00edvat dlouhotrvaj\u00edc\u00edho v\u00fdhledu. \u017div\u00e1 hudba \u010dasto zapl\u0148uje bar Koliba, kter\u00fd se nach\u00e1z\u00ed pobl\u00ed\u017e hotelu Termag, kde n\u011bkolikr\u00e1t t\u00fddn\u011b hraj\u00ed kapely. Pro ty, kte\u0159\u00ed hledaj\u00ed samotu, nab\u00edz\u00ed kav\u00e1rna s pubem Kinder Jaje Jahorina klidn\u00e9 \u00fato\u010di\u0161t\u011b p\u0159\u00edmo na sjezdovce \u2013 m\u00edsto, kde si m\u016f\u017eete vychutnat tepl\u00fd n\u00e1poj a sledovat padaj\u00edc\u00ed sn\u00edh.<\/p>\n<p>Ve sv\u00e9 historii Jahorina vyva\u017eovala momenty mezin\u00e1rodn\u00edho v\u00fdznamu s ust\u00e1len\u00fdm rytmem m\u00edstn\u00edho \u017eivota. Jej\u00ed svahy nesly prvn\u00ed ly\u017ee rakousko-uhersk\u00fdch lesn\u00edk\u016f, horlivost prvn\u00edch z\u00e1vodn\u00edk\u016f v rallye, p\u0159esnost olympijsk\u00fdch v\u00edt\u011bz\u016f a sm\u00edch za\u010d\u00ednaj\u00edc\u00edch rodin. Infrastruktura se sice m\u016f\u017ee rozv\u00edjet a davy se mohou zvy\u0161ovat, ale skute\u010dn\u00e9 d\u011bdictv\u00ed hory spo\u010d\u00edv\u00e1 v souh\u0159e sk\u00e1ly, sn\u011bhu a komunity \u2013 trval\u00e9m sv\u011bdectv\u00ed jak o p\u0159\u00edrodn\u00edm sv\u011bt\u011b, tak o lidsk\u00e9m duchu, kter\u00fd se ji sna\u017e\u00ed ob\u00fdvat.<\/p>","protected":false},"excerpt":{"rendered":"<p>Jahorina, prominentn\u00ed hora v Bosn\u011b a Hercegovin\u011b, je p\u0159\u00edkladem p\u0159\u00edrodn\u00edch kr\u00e1s a geografick\u00e9ho v\u00fdznamu balk\u00e1nsk\u00e9ho regionu. Jahorina se nach\u00e1z\u00ed ve Federaci Bosny a Hercegoviny v Trnov\u011b a na trojmez\u00ed obc\u00ed Pale a Trnovo v Republice Srbsk\u00e9. Sez\u00f3nn\u011b se m\u011bn\u00edc\u00ed populace odr\u00e1\u017e\u00ed jeho popularitu jako turistick\u00e9 atrakce. D\u016fle\u017eitost hory je zd\u016frazn\u011bna jej\u00ed velkou v\u00fd\u0161kou \u2013 Ogorjelica, nejvy\u0161\u0161\u00ed vrchol, je 1516 metr\u016f (6286 stop) nad hladinou mo\u0159e. Po Bjela\u0161nici, kter\u00e1 stoj\u00ed 2 067 metr\u016f (6 286 stop), je Jahorina s 1 516 metry (6 286 stop) druh\u00fdm nejvy\u0161\u0161\u00edm vrcholem pobl\u00ed\u017e Sarajeva.<\/p>","protected":false},"author":1,"featured_media":3883,"parent":14500,"menu_order":0,"comment_status":"closed","ping_status":"closed","template":"elementor_theme","meta":{"_eb_attr":"","footnotes":""},"class_list":["post-14509","page","type-page","status-publish","has-post-thumbnail"],"_links":{"self":[{"href":"https:\/\/travelshelper.com\/cs\/wp-json\/wp\/v2\/pages\/14509","targetHints":{"allow":["GET"]}}],"collection":[{"href":"https:\/\/travelshelper.com\/cs\/wp-json\/wp\/v2\/pages"}],"about":[{"href":"https:\/\/travelshelper.com\/cs\/wp-json\/wp\/v2\/types\/page"}],"author":[{"embeddable":true,"href":"https:\/\/travelshelper.com\/cs\/wp-json\/wp\/v2\/users\/1"}],"replies":[{"embeddable":true,"href":"https:\/\/travelshelper.com\/cs\/wp-json\/wp\/v2\/comments?post=14509"}],"version-history":[{"count":0,"href":"https:\/\/travelshelper.com\/cs\/wp-json\/wp\/v2\/pages\/14509\/revisions"}],"up":[{"embeddable":true,"href":"https:\/\/travelshelper.com\/cs\/wp-json\/wp\/v2\/pages\/14500"}],"wp:featuredmedia":[{"embeddable":true,"href":"https:\/\/travelshelper.com\/cs\/wp-json\/wp\/v2\/media\/3883"}],"wp:attachment":[{"href":"https:\/\/travelshelper.com\/cs\/wp-json\/wp\/v2\/media?parent=14509"}],"curies":[{"name":"wp","href":"https:\/\/api.w.org\/{rel}","templated":true}]}}