{"id":14500,"date":"2024-09-19T16:24:08","date_gmt":"2024-09-19T16:24:08","guid":{"rendered":"https:\/\/travelshelper.com\/staging\/?page_id=14500"},"modified":"2026-03-11T22:30:48","modified_gmt":"2026-03-11T22:30:48","slug":"bosna-a-hercegovina","status":"publish","type":"page","link":"https:\/\/travelshelper.com\/cs\/destinations\/europe\/bosnia-and-herzegovina\/","title":{"rendered":"Bosna a Hercegovina"},"content":{"rendered":"<p>Bosna a Hercegovina le\u017e\u00ed na k\u0159i\u017eovatce st\u0159edn\u00ed a jihov\u00fdchodn\u00ed Evropy, jej\u00ed\u017e obrysy jsou vytes\u00e1ny horsk\u00fdmi h\u0159ebeny, \u0159\u00ed\u010dn\u00edmi \u00fadol\u00edmi a kouskem jadransk\u00e9ho pob\u0159e\u017e\u00ed. Podstata zem\u011b se odhaluje v kontrastu mezi jej\u00edmi drsn\u00fdmi vrchovinami a \u00farodn\u00fdmi rovinami, mezi p\u0159etrv\u00e1vaj\u00edc\u00edmi st\u00edny bou\u0159liv\u00e9 minulosti a opatrn\u00fdm optimismem lid\u00ed, kte\u0159\u00ed se obnovuj\u00ed. T\u00e1hne se od 42\u00b0 do 46\u00b0 severn\u00ed \u0161\u00ed\u0159ky a od 15\u00b0 do 20\u00b0 v\u00fdchodn\u00ed \u0161\u00ed\u0159ky a hrani\u010d\u00ed s Chorvatskem na severu a z\u00e1pad\u011b, Srbskem na v\u00fdchod\u011b a \u010cernou Horou na jihov\u00fdchod\u011b, zat\u00edmco dvacetikilometrov\u00fd koridor u Neumu j\u00ed umo\u017e\u0148uje pr\u016fchod k Jadersk\u00e9mu mo\u0159i. Sarajevo, le\u017e\u00edc\u00ed v kotlin\u011b obklopen\u00e9 Din\u00e1rsk\u00fdmi horami, slou\u017e\u00ed jako hlavn\u00ed m\u011bsto i uk\u00e1zkov\u00fd p\u0159\u00edklad v\u00edcevrstv\u00e9 identity Bosny \u2013 pr\u016fse\u010d\u00edku isl\u00e1mu, pravoslav\u00ed a katolicismu a v\u00fdchodn\u00edch a z\u00e1padn\u00edch kulturn\u00edch proud\u016f.<\/p>\n<p>Zem\u011b se p\u0159irozen\u011b d\u011bl\u00ed na dv\u011b \u0161irok\u00e9 geografick\u00e9 oblasti nesouc\u00ed jej\u00ed jm\u00e9no. Bosna, v\u011bt\u0161\u00ed severn\u00ed \u010d\u00e1st, se vyzna\u010duje kontinent\u00e1ln\u00edm klimatem: l\u00e9ta dosahuj\u00ed teplot a\u017e dvaceti stup\u0148\u016f Celsia a zimy jsou mraziv\u00e9 se sn\u011bhov\u00fdmi z\u00e1v\u011bjemi. Ter\u00e9n se zde pohybuje od Panonsk\u00e9 n\u00ed\u017einy na severov\u00fdchod\u011b \u2013 kde \u0159eka S\u00e1va tvo\u0159\u00ed hranici s Chorvatskem \u2013 a\u017e po centr\u00e1ln\u00ed vyso\u010diny Din\u00e1rsk\u00fdch Alp. T\u00e9m\u011b\u0159 polovina zem\u011b je pokryta lesy, soust\u0159ed\u011bn\u00fdmi ve st\u0159edu a na p\u0159ilehl\u00fdch horsk\u00fdch svaz\u00edch. Hercegovina na jihu sd\u00edl\u00ed v\u00e1pencov\u00e9 p\u016fdy a krasov\u00fd ter\u00e9n se sv\u00fdm horsk\u00fdm sousedem, ale vyzna\u010duje se st\u0159edomo\u0159sk\u00fdm vlivem. M\u00edrn\u00e9, de\u0161tiv\u00e9 zimy a sluncem zalit\u00e1 l\u00e9ta p\u011bstuj\u00ed vinice na terasovit\u00fdch svaz\u00edch, zat\u00edmco \u00fazk\u00e1 \u00fadol\u00ed odv\u00e1d\u011bj\u00ed \u0159eku Neretvu k mo\u0159i.<\/p>\n<p>Din\u00e1rsk\u00e9 poho\u0159\u00ed, kter\u00e9 prot\u00edn\u00e1 Bosnu a Hercegovinu od severoz\u00e1padu k jihov\u00fdchodu, dosahuje sv\u00e9ho vrcholu na vrcholu Magli\u0107 (2 386 m n. m.) na hranici s \u010cernou Horou. Men\u0161\u00ed vrcholy \u2013 Bjela\u0161nica, Jahorina a Vranica \u2013 podporuj\u00ed zimn\u00ed st\u0159ediska a poskytuj\u00ed kulisu alpsk\u00fdm louk\u00e1m. Geologicky je oblast ovl\u00e1d\u00e1na druhohorn\u00edm v\u00e1pencem, ale frenetick\u00e9 tektonick\u00e9 s\u00edly zanechaly v centr\u00e1ln\u00edch p\u00e1nv\u00edch tak\u00e9 lo\u017eiska \u017eeleza, uhl\u00ed, bauxitu, zinku a soli. Pod zelen\u00fdm korunami buk\u016f a jedl\u00ed se nach\u00e1zej\u00ed stezky pou\u017e\u00edvan\u00e9 pro rafting na divok\u00e9 vod\u011b na \u0159ek\u00e1ch Vrbas, Tara a Una, kde hlubok\u00e9 sout\u011bsky, jako je ka\u0148on Tary, vyhloub\u00ed dramatick\u00e9 ka\u0148ony zn\u00e1m\u00e9 mezi vod\u00e1ky po cel\u00e9m sv\u011bt\u011b.<\/p>\n<p>Lidsk\u00e1 p\u0159\u00edtomnost v t\u00e9to krajin\u011b sah\u00e1 a\u017e do vrchn\u00edho paleolitu, ale neolit \u200b\u200bbyl sv\u011bdkem usazen\u00fdch komunit kultur Butmir, Kakanj a Vu\u010dedol. N\u00e1sledovaly ilyrsk\u00e9 a keltsk\u00e9 kmeny, kter\u00e9 mezi \u0161est\u00fdm a dev\u00e1t\u00fdm stolet\u00edm ustoupily ji\u017en\u00edm Slovan\u016fm. Ve dvan\u00e1ct\u00e9m stolet\u00ed vznikl bosensk\u00fd ban\u00e1t, pozd\u011bji korunovan\u00fd kr\u00e1lovstv\u00edm za dynastie Kotromani\u0107\u016f ve \u010dtrn\u00e1ct\u00e9m stolet\u00ed. Osmansk\u00e9 dobyt\u00ed v polovin\u011b patn\u00e1ct\u00e9ho stolet\u00ed zavedlo nov\u00fd spole\u010densk\u00fd \u0159\u00e1d a isl\u00e1m, v n\u011bm\u017e byly vedle st\u0159edov\u011bk\u00fdch pevnost\u00ed zabudov\u00e1ny me\u0161ity a hammamy. Osmansk\u00e1 vl\u00e1da trvala a\u017e do rakousko-uhersk\u00e9 okupace v roce 1878, kter\u00e1 byla formalizov\u00e1na anex\u00ed v roce 1908. C\u00edsa\u0159sk\u00e9 infrastrukturn\u00ed projekty \u2013 od \u017eeleznic a\u017e po administrativn\u00ed reformy \u2013 zanechaly jak kamenn\u00e9 mosty, tak byrokratick\u00e9 d\u011bdictv\u00ed.<\/p>\n<p>Po prvn\u00ed sv\u011btov\u00e9 v\u00e1lce vstoupila Bosna a Hercegovina do Kr\u00e1lovstv\u00ed Srb\u016f, Chorvat\u016f a Slovinc\u016f, pozd\u011bji p\u0159ejmenovan\u00e9ho na Jugosl\u00e1vii. Po druh\u00e9 sv\u011btov\u00e9 v\u00e1lce se stala jednou ze \u0161esti republik Socialistick\u00e9 federativn\u00ed republiky Jugosl\u00e1vie, jej\u00ed\u017e hlavn\u00ed m\u011bsto Sarajevo hostilo v roce 1984 zimn\u00ed olympijsk\u00e9 hry jako d\u016fkaz Titovy nadn\u00e1rodn\u00ed vize. Rozpad Jugosl\u00e1vie v roce 1992 urychlil nez\u00e1vislost a v\u00e1lku, kter\u00e1 zpusto\u0161ila m\u011bsta, vys\u00eddlila obyvatelstvo a zanechala po sob\u011b miny roztrou\u0161en\u00e9 po venkovsk\u00fdch oblastech. Podeps\u00e1n\u00ed Daytonsk\u00e9 dohody v prosinci 1995 ukon\u010dilo aktivn\u00ed nep\u0159\u00e1telstv\u00ed a zakotvilo komplexn\u00ed politick\u00fd r\u00e1mec pro vyv\u00e1\u017een\u00ed z\u00e1jm\u016f Bos\u0148an\u016f, Srb\u016f a Chorvat\u016f.<\/p>\n<p>Tento r\u00e1mec p\u0159etrv\u00e1v\u00e1 dodnes: trojstrann\u00e9 prezidentstv\u00ed s jedn\u00edm bosniack\u00fdm, jedn\u00edm srbsk\u00fdm a jedn\u00edm chorvatsk\u00fdm \u010dlenem; dvoukomorov\u00fd parlament; a spr\u00e1va v\u011bc\u00ed ve\u0159ejn\u00fdch rozd\u011blen\u00e1 mezi dva subjekty \u2013 Federaci Bosny a Hercegoviny (s p\u0159ev\u00e1\u017en\u011b bosniack\u00fdm a chorvatsk\u00fdm sborem) a Republiku srbskou (s p\u0159ev\u00e1\u017en\u011b srbskou sborovou sborovou sborovou sborovou sborovou s\u00eddlem) \u2013 plus Distrikt Br\u010dko, samospr\u00e1vn\u00fd kondominium. Tato decentralizace omezuje \u00fast\u0159edn\u00ed autoritu a odr\u00e1\u017e\u00ed kompromisy z v\u00e1le\u010dn\u00fdch dob, i kdy\u017e komplikuje tvorbu politik.<\/p>\n<p>Demograficky se po\u010det obyvatel republiky sn\u00ed\u017eil ze 4,37 milionu v roce 1991 na 3,53 milionu podle s\u010d\u00edt\u00e1n\u00ed lidu z roku 2013, kter\u00e9 bylo prvn\u00edm od roku 1991 a o kter\u00e9m se p\u0159edstavitel\u00e9 Republiky srbsk\u00e9 sporili ohledn\u011b metodologie. Bos\u0148an\u00e9 tvo\u0159\u00ed n\u011bco m\u00e1lo p\u0159es polovinu populace, Srbov\u00e9 kolem 31 procent a Chorvati asi 15 procent, s mal\u00fdmi komunitami Rom\u016f, \u017did\u016f, Alb\u00e1nc\u016f, \u010cernohorc\u016f, Ukrajinc\u016f a Turk\u016f. A\u010dkoli \u00fastava specifikuje \u017e\u00e1dn\u00fd jazyk, bosen\u0161tina, srb\u0161tina a chorvat\u0161tina se de facto t\u011b\u0161\u00ed ofici\u00e1ln\u00edmu statusu na \u00farovni st\u00e1tu a entit \u2013 t\u0159em standard\u016fm vz\u00e1jemn\u011b srozumiteln\u00e9 jihoslovansk\u00e9 lidov\u00e9 mluvy, kter\u00e9 signalizuj\u00ed identitu stejn\u011b jako komunikaci.<\/p>\n<p>N\u00e1bo\u017eensk\u00e1 p\u0159\u00edslu\u0161nost odr\u00e1\u017e\u00ed etnick\u00e9 hranice. Muslimov\u00e9, p\u0159ev\u00e1\u017en\u011b bez vyzn\u00e1n\u00ed, a\u010dkoli se sunnitsk\u00fdmi tradicemi, tvo\u0159\u00ed n\u011bco m\u00e1lo p\u0159es polovinu ob\u010dan\u016f; pravoslavn\u00ed k\u0159es\u0165an\u00e9, p\u0159ev\u00e1\u017en\u011b Srbov\u00e9, se bl\u00ed\u017e\u00ed 31 procent\u016fm; katol\u00edci, p\u0159ev\u00e1\u017en\u011b Chorvati, tvo\u0159\u00ed zhruba 15 procent; a mal\u00e1 procenta se hl\u00e1s\u00ed k jin\u00fdm vyzn\u00e1n\u00edm nebo k \u017e\u00e1dn\u00e9mu. Osmansk\u00e9 d\u011bdictv\u00ed p\u0159etrv\u00e1v\u00e1 v sarajevsk\u00e9 me\u0161it\u011b Gazi Husrev-bega a most\u011b Stari Most v Mostaru, kter\u00fd je zaps\u00e1n na seznamu UNESCO \u2013 kamenn\u00e9m oblouku ze 16. stolet\u00ed, kter\u00fd byl po v\u00e1le\u010dn\u00e9m ni\u010den\u00ed nahrazen a je symbolem kulturn\u00ed odolnosti.<\/p>\n<p>Z ekonomick\u00e9ho hlediska z\u016fst\u00e1v\u00e1 Bosna a Hercegovina rozvojov\u00fdm st\u00e1tem. Pr\u016fmysl \u2013 zejm\u00e9na zpracov\u00e1n\u00ed kov\u016f, automobilov\u00e9 d\u00edly a energetika \u2013 vede v p\u0159\u00edsp\u011bvku k HDP, n\u00e1sleduje zem\u011bd\u011blstv\u00ed na \u00farodn\u00fdch \u0159\u00ed\u010dn\u00edch n\u00ed\u017ein\u00e1ch a \u0161ir\u0161\u00ed sektor slu\u017eeb. Cestovn\u00ed ruch se stal hnac\u00edm motorem r\u016fstu: projekce Sv\u011btov\u00e9 organizace cestovn\u00edho ruchu za\u0159adily zemi mezi lety 1995 a 2020 mezi nejrychleji rostouc\u00ed destinace sv\u011bta. Ro\u010dn\u00ed po\u010det p\u0159\u00edjezd\u016f v roce 2017 p\u0159ekro\u010dil jeden milion, s neust\u00e1l\u00fdm n\u00e1r\u016fstem po\u010dtu p\u0159enocov\u00e1n\u00ed a v roce 2018 zaznamenaly t\u00e9m\u011b\u0159 dva miliony n\u00e1v\u0161t\u011bvn\u00edk\u016f. Sarajevo, kter\u00e9 v roce 2000 uzn\u00e1vali turistick\u00ed pr\u016fvodci, t\u011b\u017e\u00ed ze sv\u00e9 osmansk\u00e9 bazarn\u00ed \u010dtvrti, rakousko-uhersk\u00e9 architektury a pam\u00e1tn\u00fdch m\u00edst, jako je Tunel nad\u011bje. Mostar l\u00e1k\u00e1 poutn\u00edky i historiky, kter\u00e9 p\u0159itahuje Star\u00fd most a nedalek\u00fd pramen Blagaj, zat\u00edmco poutn\u00ed m\u011bsto Me\u0111ugorje v\u00edt\u00e1 ka\u017edoro\u010dn\u011b p\u0159es milion v\u011b\u0159\u00edc\u00edch od doby, kdy \u00fadajn\u00e1 zjeven\u00ed Panny Marie z roku 1981 z\u00edskala v roce 2019 uzn\u00e1n\u00ed Vatik\u00e1nem.<\/p>\n<p>Vedle kulturn\u00ed turistiky vzkv\u00e9t\u00e1 i venkovn\u00ed aktivity. Zimn\u00ed sporty na Bjela\u0161nici a Jahorin\u011b z\u016fst\u00e1vaj\u00ed obl\u00edben\u00e9, zat\u00edmco v N\u00e1rodn\u00edm parku Sutjeska se nach\u00e1z\u00ed Peru\u0107ica, jeden z posledn\u00edch prales\u016f v Evrop\u011b. Rafting na \u0159ek\u00e1ch Drina a Tara po\u0159\u00e1d\u00e1 mezin\u00e1rodn\u00ed z\u00e1vody; turist\u00e9 proch\u00e1zej\u00ed krasov\u00fdmi ka\u0148ony N\u00e1rodn\u00edho parku Una; cyklist\u00e9 zdol\u00e1vaj\u00ed horsk\u00e9 cyklistick\u00e9 stezky ocen\u011bn\u00e9 \u010dasopisem National Geographic. Dokonce i poz\u016fstatky v\u00e1le\u010dn\u00fdch dob, jako je Tit\u016fv tajn\u00fd bunkr D-0 ARK pobl\u00ed\u017e Konjice, l\u00e1kaj\u00ed n\u00e1v\u0161t\u011bvn\u00edky, kte\u0159\u00ed hledaj\u00ed nekonven\u010dn\u00ed d\u011bdictv\u00ed.<\/p>\n<p>Dopravn\u00ed infrastruktura odr\u00e1\u017e\u00ed jak potenci\u00e1l, tak i omezen\u00ed. Mezin\u00e1rodn\u00ed leti\u0161t\u011b v Sarajevu spojuje zemi se zahrani\u010d\u00edm, zat\u00edmco vnitrost\u00e1tn\u00ed \u017eelezni\u010dn\u00ed doprava je provozov\u00e1na v r\u00e1mci samostatn\u00fdch spole\u010dnost\u00ed Federace a Republiky srbsk\u00e9 \u2013 poz\u016fstatk\u016f Jugosl\u00e1vsk\u00fdch \u017eeleznic, kter\u00e9 byly po roce 1992 p\u0159evedeny do n\u00e1rodn\u00edch subjekt\u016f. Silnice se vine horami i rovinami, ale \u00fadr\u017eba je mimo hlavn\u00ed koridory nerovnom\u011brn\u00e1 a j\u00edzda s ohledem na rychlost p\u0159edstavuje nebezpe\u010d\u00ed.<\/p>\n<p>Architektonick\u00e9 d\u011bdictv\u00ed mapuje m\u011bn\u00edc\u00ed se panstv\u00ed. Rom\u00e1nsk\u00e9 poz\u016fstatky a st\u0159edov\u011bk\u00e9 h\u0159bitovy s n\u00e1hrobky (ste\u0107ci) odr\u00e1\u017eej\u00ed obdob\u00ed Ban\u00e1tu a kr\u00e1lovstv\u00ed. Osmansk\u00e9 otisky se objevuj\u00ed v medres\u00e1ch, karavanser\u00e1j\u00edch a hammamech. Rakousko-uhersk\u00e9 vlivy se projevuj\u00ed na bulv\u00e1rech, ve\u0159ejn\u00fdch budov\u00e1ch a tov\u00e1rn\u00e1ch. Jugosl\u00e1vsk\u00fd modernismus se r\u00fdsuje v brutalistick\u00fdch vl\u00e1dn\u00edch budov\u00e1ch, zat\u00edmco pov\u00e1le\u010dn\u00e9 rekonstrukce p\u0159etvo\u0159ily star\u00e1 m\u011bsta a o\u017eivily tradi\u010dn\u00ed \u0159emesla.<\/p>\n<p>Kulin\u00e1\u0159sk\u00e9 tradice odr\u00e1\u017eej\u00ed sbli\u017eov\u00e1n\u00ed V\u00fdchodu a Z\u00e1padu. Bosensk\u00e1 j\u00eddla jsou z\u0159\u00eddka t\u011b\u017ek\u00e1; du\u0161en\u00e1 masa, pln\u011bn\u00e1 zelenina a grilovan\u00e1 masa se spol\u00e9haj\u00ed sp\u00ed\u0161e na p\u0159\u00edrodn\u00ed \u0161\u0165\u00e1vy ne\u017e na om\u00e1\u010dky. Ingredience sahaj\u00ed od raj\u010dat, brambor a fazol\u00ed a\u017e po \u0161vestky, ml\u00e9\u010dn\u00e9 smetany a ko\u0159en\u00ed, jako je paprika. \u0106evapi \u2013 grilovan\u00e9 klob\u00e1sy z mlet\u00e9ho masa \u2013 jsou n\u00e1rodn\u00edm symbolem vedle bureku, dolmy, sarmy a pilavu. Hercegovinsk\u00e9 vinice produkuj\u00ed siln\u00e1 \u010derven\u00e1 v\u00edna; loza, hroznov\u00e1 p\u00e1lenka podobn\u00e1 grapp\u011b, a ovocn\u00e1 rakija se vzn\u00e1\u0161ej\u00ed v tavern\u00e1ch. Kav\u00e1rny pod\u00e1vaj\u00ed bosensk\u00e9 pivo v m\u011bd\u011bn\u00fdch d\u017eezvech doprov\u00e1zen\u00e9 rahat lokumem, co\u017e potvrzuje ritu\u00e1l dlouh\u00e9 konverzace.<\/p>\n<p>N\u00e1v\u0161t\u011bvn\u00edci si mus\u00ed v\u0161\u00edmat p\u0159etrv\u00e1vaj\u00edc\u00edch p\u0159ipom\u00ednek konfliktu. Odhaduje se, \u017ee ve venkovsk\u00fdch oblastech a na soukrom\u00fdch pozemc\u00edch z\u016fst\u00e1v\u00e1 p\u011bt milion\u016f n\u00e1\u0161lapn\u00fdch min, co\u017e vy\u017eaduje p\u0159\u00edsn\u00e9 dodr\u017eov\u00e1n\u00ed zna\u010den\u00fdch cest a respektov\u00e1n\u00ed varovn\u00fdch zna\u010dek. M\u00edstn\u00ed \u00fa\u0159ady zve\u0159ejnily orienta\u010dn\u00ed mapy, ale odminovan\u00e9 stezky z\u016fst\u00e1vaj\u00ed nejbezpe\u010dn\u011bj\u0161\u00edmi trasami. Zlo\u010din je z velk\u00e9 \u010d\u00e1sti nen\u00e1siln\u00fd, a\u010dkoli kaps\u00e1\u0159i operuj\u00ed v p\u0159epln\u011bn\u00fdch m\u011bstsk\u00fdch \u010dtvrt\u00edch. Toulav\u00ed psi se mimo ji\u017en\u00ed oblasti objevuj\u00ed jen z\u0159\u00eddka a p\u0159\u00edsn\u00e9 p\u0159edpisy t\u00fdkaj\u00edc\u00ed se bezpe\u010dnosti potravin zaji\u0161\u0165uj\u00ed hygienick\u00e9 kuchyn\u011b po cel\u00e9 zemi. Voda z kohoutku je pitn\u00e1 ve v\u011bt\u0161in\u011b m\u011bst, dopln\u011bn\u00e1 \u201ehajrli \u010desme\u201c \u2013 horsk\u00fdmi prameny nab\u00edzej\u00edc\u00edmi nedot\u010den\u00e9 osv\u011b\u017een\u00ed.<\/p>\n<p>Interakce s \u00fa\u0159ady mohou zahrnovat n\u00e1hodn\u00e9 policejn\u00ed kontroly na hranic\u00edch entit; turist\u00e9 se zahrani\u010dn\u00edmi pasy by m\u011bli m\u00edt u sebe pr\u016fkaz toto\u017enosti a bez odporu se \u0159\u00eddit. \u0158\u00edzen\u00ed vy\u017eaduje opatrnost na \u00fazk\u00fdch, \u0161patn\u011b funguj\u00edc\u00edch silnic\u00edch, kde nemus\u00ed b\u00fdt dodr\u017eov\u00e1na rychlostn\u00ed omezen\u00ed. Kou\u0159en\u00ed p\u0159evl\u00e1d\u00e1 v uzav\u0159en\u00fdch prostor\u00e1ch a v\u00edce ne\u017e polovina populace u\u017e\u00edv\u00e1 tab\u00e1k, co\u017e znamen\u00e1, \u017ee bary, restaurace a ve\u0159ejn\u00e1 doprava jsou \u010dasto zahaleny z\u00e1vany kou\u0159e.<\/p>\n<p>Kulturn\u00ed respekt je z\u00e1kladem bezpe\u010dn\u00e9ho a napl\u0148uj\u00edc\u00edho zapojen\u00ed. Politick\u00e9 citlivosti p\u0159etrv\u00e1vaj\u00ed; diskuse o v\u00e1le\u010dn\u00fdch ud\u00e1lostech, \u00fazemn\u00edch n\u00e1roc\u00edch nebo statusu Kosova \u010di Republiky srbsk\u00e9 riskuj\u00ed ur\u00e1\u017eku a vedou k mal\u00e9mu konsensu. Dodr\u017eov\u00e1n\u00ed n\u00e1bo\u017eensk\u00fdch zvyk\u016f \u2013 zouv\u00e1n\u00ed bot v me\u0161it\u00e1ch, decentn\u00ed obl\u00e9k\u00e1n\u00ed na posv\u00e1tn\u00fdch m\u00edstech \u2013 posiluje dobrou v\u016fli. P\u00e9\u010de o \u017eivotn\u00ed prost\u0159ed\u00ed je stejn\u011b d\u016fle\u017eit\u00e1: \u0159eky, lesy a horsk\u00e9 louky pat\u0159\u00ed k nejm\u00e9n\u011b zne\u010di\u0161t\u011bn\u00fdm v Evrop\u011b; nezanech\u00e1v\u00e1n\u00ed stop ct\u00ed jak kulturn\u00ed d\u011bdictv\u00ed, tak i budouc\u00ed n\u00e1v\u0161t\u011bvn\u00edky.<\/p>\n<p>Bosna a Hercegovina dnes p\u0159edstavuje sm\u011bsici jizev a n\u00e1dhery, ter\u00e9n, kde st\u0159edov\u011bk\u00e9 ste\u0107ky sd\u00edlej\u00ed vrcholky kopc\u016f s opu\u0161t\u011bn\u00fdmi vojensk\u00fdmi stanovi\u0161ti a kde se sm\u00edch n\u00e1v\u0161t\u011bvn\u00edk\u016f kav\u00e1ren m\u00eds\u00ed s kosteln\u00edmi zvony a vol\u00e1n\u00edm k modlitb\u011b. Jej\u00ed obyvatel\u00e9 se orientuj\u00ed v decentralizovan\u00e9m politick\u00e9m syst\u00e9mu a prob\u00edhaj\u00edc\u00edch reform\u00e1ch sm\u011b\u0159uj\u00edc\u00edch k Evropsk\u00e9 unii a kandidatu\u0159e na \u010dlenstv\u00ed v NATO, p\u0159i\u010dem\u017e vyva\u017euj\u00ed etnickou slo\u017eitost s aspiracemi na hospod\u00e1\u0159sk\u00fd rozvoj a soci\u00e1ln\u00ed soudr\u017enost. Ve sv\u00fdch vesnic\u00edch a m\u011bstech, ve v\u00e1pencov\u00fdch sout\u011bsk\u00e1ch a \u00farodn\u00fdch pl\u00e1n\u00edch z\u016fst\u00e1v\u00e1 Bosna a Hercegovina m\u00edstem vrstevnat\u00fdch p\u0159\u00edb\u011bh\u016f \u2013 kter\u00e9 z\u00e1rove\u0148 vy\u017eaduj\u00ed pozornost a nab\u00edzej\u00ed ne\u010dekan\u00e9 teplo t\u011bm, kdo naslouchaj\u00ed.<\/p>","protected":false},"excerpt":{"rendered":"<p>Bosna a Hercegovina s p\u0159ibli\u017en\u011b 3,3 miliony obyvatel se nach\u00e1z\u00ed v jihov\u00fdchodn\u00ed Evrop\u011b na Balk\u00e1nsk\u00e9m poloostrov\u011b. Tato zem\u011b je strategicky um\u00edst\u011bna vedle Srbska na v\u00fdchod\u011b, \u010cern\u00e9 Hory na jihov\u00fdchod\u011b a Chorvatska na severu a jihoz\u00e1pad\u011b a vyzna\u010duje se spletit\u00fdm historick\u00fdm vypr\u00e1v\u011bn\u00edm a pestr\u00fdm kulturn\u00edm d\u011bdictv\u00edm. S 20kilometrov\u00fdm pob\u0159e\u017e\u00edm pod\u00e9l Jadersk\u00e9ho mo\u0159e umo\u017e\u0148uje jedine\u010dn\u00e1 topografie zem\u011b pouze n\u00e1mo\u0159n\u00ed p\u0159\u00edstup p\u0159es m\u011bsto Neum.<\/p>","protected":false},"author":1,"featured_media":3035,"parent":24078,"menu_order":0,"comment_status":"closed","ping_status":"closed","template":"elementor_theme","meta":{"_eb_attr":"","footnotes":""},"class_list":["post-14500","page","type-page","status-publish","has-post-thumbnail"],"_links":{"self":[{"href":"https:\/\/travelshelper.com\/cs\/wp-json\/wp\/v2\/pages\/14500","targetHints":{"allow":["GET"]}}],"collection":[{"href":"https:\/\/travelshelper.com\/cs\/wp-json\/wp\/v2\/pages"}],"about":[{"href":"https:\/\/travelshelper.com\/cs\/wp-json\/wp\/v2\/types\/page"}],"author":[{"embeddable":true,"href":"https:\/\/travelshelper.com\/cs\/wp-json\/wp\/v2\/users\/1"}],"replies":[{"embeddable":true,"href":"https:\/\/travelshelper.com\/cs\/wp-json\/wp\/v2\/comments?post=14500"}],"version-history":[{"count":0,"href":"https:\/\/travelshelper.com\/cs\/wp-json\/wp\/v2\/pages\/14500\/revisions"}],"up":[{"embeddable":true,"href":"https:\/\/travelshelper.com\/cs\/wp-json\/wp\/v2\/pages\/24078"}],"wp:featuredmedia":[{"embeddable":true,"href":"https:\/\/travelshelper.com\/cs\/wp-json\/wp\/v2\/media\/3035"}],"wp:attachment":[{"href":"https:\/\/travelshelper.com\/cs\/wp-json\/wp\/v2\/media?parent=14500"}],"curies":[{"name":"wp","href":"https:\/\/api.w.org\/{rel}","templated":true}]}}