{"id":14472,"date":"2024-09-19T15:56:00","date_gmt":"2024-09-19T15:56:00","guid":{"rendered":"https:\/\/travelshelper.com\/staging\/?page_id=14472"},"modified":"2026-03-11T22:45:05","modified_gmt":"2026-03-11T22:45:05","slug":"split","status":"publish","type":"page","link":"https:\/\/travelshelper.com\/cs\/destinations\/europe\/croatia\/split\/","title":{"rendered":"Split"},"content":{"rendered":"<p>Split se rozkl\u00e1d\u00e1 na \u0161t\u00edhl\u00e9m v\u00fdb\u011b\u017eku na v\u00fdchodn\u00edm pob\u0159e\u017e\u00ed Jadersk\u00e9ho mo\u0159e v Chorvatsku, jeho\u017e hranice jsou vymezeny Ka\u0161telsk\u00fdm z\u00e1livem na z\u00e1pad\u011b a hlub\u0161\u00edmi vodami Splitsk\u00e9ho pr\u016flivu na v\u00fdchod\u011b. Dva h\u0159ebeny, Kozjak na severu a Mosor na severov\u00fdchod\u011b, se ty\u010d\u00ed do v\u00fd\u0161ky 779 a 1 339 metr\u016f, r\u00e1muj\u00ed p\u0159\u00edstup k m\u011bstu z vnitrozem\u00ed a chr\u00e1n\u00ed ho p\u0159ed drsn\u011bj\u0161\u00edm po\u010das\u00edm. Na z\u00e1padn\u00edm c\u00edpu poloostrova se ty\u010d\u00ed Marjan, zalesn\u011bn\u00fd kopec, kter\u00fd se ty\u010d\u00ed do 178 metr\u016f nad mo\u0159em. Jeho zalesn\u011bn\u00e9 svahy, rozkl\u00e1daj\u00edc\u00ed se na plo\u0161e p\u0159ibli\u017en\u011b 347 hektar\u016f, jsou protk\u00e1ny turistick\u00fdmi stezkami a p\u0159eru\u0161ov\u00e1ny vyhl\u00eddkami, kter\u00e9 poskytuj\u00ed \u00fachvatn\u00e9 panoramatick\u00e9 v\u00fdhledy na n\u00e1b\u0159e\u017e\u00ed, st\u0159echy star\u00e9ho m\u011bsta s \u010derven\u00fdmi ta\u0161kami a vzd\u00e1len\u00e9 siluety dalmatsk\u00fdch ostrov\u016f.<\/p>\n<p>Klima zde spad\u00e1 do kategorie hork\u00fdch letn\u00edch st\u0159edomo\u0159sk\u00fdch sr\u00e1\u017eek. L\u00e9ta jsou hork\u00e1 a p\u0159ev\u00e1\u017en\u011b such\u00e1, zm\u00edrn\u011bn\u00e1 jen ob\u010dasn\u00fdm poryvem b\u00f3ry, ostr\u00e9ho severn\u00edho v\u011btru, kter\u00fd m\u016f\u017ee zp\u016fsobit ne\u010dekan\u011b chladn\u00e1 r\u00e1na. Zimy z\u016fst\u00e1vaj\u00ed m\u00edrn\u00e9; pr\u016fm\u011brn\u00e9 minima v lednu se pohybuj\u00ed kolem 6 \u00b0C, zat\u00edmco odpoledne v \u010dervenci \u010dasto dosahuj\u00ed kolem 31 \u00b0C. Ro\u010dn\u00ed \u00fahrn sr\u00e1\u017eek se bl\u00ed\u017e\u00ed 800 mm, nejvy\u0161\u0161\u00ed koncentrace je v listopadu, kdy m\u016f\u017ee spadnout t\u00e9m\u011b\u0159 120 mm b\u011bhem tuctu de\u0161tiv\u00fdch dn\u016f. Sn\u011bhu je obvykle m\u00e1lo, p\u0159esto v \u00fanoru 2012 vz\u00e1cn\u00e9 chladn\u00e9 obdob\u00ed p\u0159ineslo 25 cm sn\u011bhu, co\u017e zastavilo dopravu na cel\u00e9m poloostrov\u011b. Slune\u010dn\u00ed svit p\u0159etrv\u00e1v\u00e1 zhruba 2 600 hodin ro\u010dn\u011b, co\u017e Splitu prop\u016fj\u010dilo neform\u00e1ln\u00ed p\u0159ezd\u00edvky jako \u201est\u0159edomo\u0159sk\u00e1 kv\u011btina\u201c a mezi nejzaryt\u011bj\u0161\u00edmi m\u00edstn\u00edmi fanou\u0161ky i \u201enejkr\u00e1sn\u011bj\u0161\u00ed m\u011bsto na sv\u011bt\u011b\u201c.<\/p>\n<p>Dlouho p\u0159ed p\u0159\u00edchodem modern\u00edch silnic a v\u00fdletn\u00edch lod\u00ed bylo m\u00edsto dne\u0161n\u00edho Splitu zn\u00e1m\u00e9 \u0159eck\u00fdm mo\u0159eplavc\u016fm. Ve t\u0159et\u00edm nebo druh\u00e9m stolet\u00ed p\u0159. n. l. zalo\u017eili osadn\u00edci obchodn\u00ed stanici, kterou nazvali Asp\u00e1lathos, jej\u00ed\u017e n\u00e1zev pravd\u011bpodobn\u011b odkazoval na p\u016fvodn\u00ed ostnat\u00fd ke\u0159 rostouc\u00ed na dalmatsk\u00e9m pob\u0159e\u017e\u00ed. Za \u0159\u00edmsk\u00e9 nadvl\u00e1dy se tato skromn\u00e1 kolonie vyvinula v jeden z nejambici\u00f3zn\u011bj\u0161\u00edch stavebn\u00edch po\u010din\u016f \u0159\u00ed\u0161e: v roce 305 n. l. si c\u00edsa\u0159 Diokleci\u00e1n vybral tento v\u011btrem o\u0161lehan\u00fd mys jako m\u00edsto pro sv\u016fj d\u016fchodov\u00fd pal\u00e1c. Komplex, kter\u00fd se dnes nach\u00e1z\u00ed v srdci historick\u00e9 \u010dtvrti Splitu, se skl\u00e1dal z mohutn\u00fdch kamenn\u00fdch zd\u00ed, velkolep\u00fdch kolon\u00e1d a soukrom\u00fdch obytn\u00fdch prostor uspo\u0159\u00e1dan\u00fdch v opevn\u011bn\u00e9m are\u00e1lu.<\/p>\n<p>Kdy\u017e kolem roku 650 n. l. padlo hlavn\u00ed m\u011bsto provincie Salona do rukou Avar\u016f a Slovan\u016f, uprchl\u00edci se uch\u00fdlili do pevn\u00e9ho \u00fakrytu Diokleci\u00e1nov\u00fdch hradeb. Tyto starobyl\u00e9 kameny se staly j\u00e1drem nov\u00e9 osady, kter\u00e1 fungovala pod byzantskou nadvl\u00e1dou, ale postupem \u010dasu si ob\u010dan\u00e9 vytvo\u0159ili vlastn\u00ed ob\u010danskou identitu. B\u011bhem vrcholn\u00e9ho a pozdn\u00edho st\u0159edov\u011bku si Split udr\u017eoval k\u0159ehkou neutralitu a man\u00e9vroval mezi n\u00e1mo\u0159n\u00ed moc\u00ed Ben\u00e1tsk\u00e9 republiky a ambicemi chorvatsk\u00e9 koruny. Do konce \u010dtrn\u00e1ct\u00e9ho stolet\u00ed se ben\u00e1tsk\u00fd vliv stal v\u00fdrazn\u011bj\u0161\u00edm: obrana m\u011bsta byla pos\u00edlena a jeho p\u0159\u00edstav se stal kl\u00ed\u010dovou oporou proti osmansk\u00e9 expanzi.<\/p>\n<p>Ben\u00e1tky si udr\u017eely kontrolu nad Splitem a\u017e do roku 1797, kdy Napoleonovy s\u00edly rozpustily republiku a postoupily Dalm\u00e1ciu Habsburk\u016fm na z\u00e1klad\u011b Campo Formijsk\u00e9 smlouvy. O deset let pozd\u011bji se poloostrov kr\u00e1tce dostal do rukou Napoleonova Italsk\u00e9ho kr\u00e1lovstv\u00ed a pot\u00e9 samotn\u00e9ho Francouzsk\u00e9ho c\u00edsa\u0159stv\u00ed jako sou\u010d\u00e1st Ilyrsk\u00fdch provinci\u00ed. Po p\u00e1du Napoleona obnovil V\u00edde\u0148sk\u00fd kongres rakouskou vl\u00e1du a Split se stal sou\u010d\u00e1st\u00ed Dalm\u00e1tsk\u00e9ho kr\u00e1lovstv\u00ed. B\u011bhem n\u00e1sleduj\u00edc\u00edho stolet\u00ed jej \u017eeleznice a parn\u00edky \u00fa\u017eeji propojily se st\u0159edn\u00ed Evropou, a to i p\u0159esto, \u017ee m\u00edstn\u00ed pr\u016fmyslov\u00e1 odv\u011btv\u00ed \u2013 stavba lod\u00ed, textil, tab\u00e1k a zpracov\u00e1n\u00ed potravin \u2013 vzkv\u00e9tala pod c\u00edsa\u0159skou z\u00e1\u0161titou.<\/p>\n<p>Rozpad Rakousko-Uherska v roce 1918 zah\u00e1jil novou kapitolu, kdy\u017e se Split p\u0159ipojil ke Kr\u00e1lovstv\u00ed Srb\u016f, Chorvat\u016f a Slovinc\u016f (pozd\u011bji Jugosl\u00e1vii). B\u011bhem druh\u00e9 sv\u011btov\u00e9 v\u00e1lky bylo m\u011bsto nejprve anektov\u00e1no It\u00e1li\u00ed a pot\u00e9 okupov\u00e1no n\u011bmeck\u00fdmi vojsky, kter\u00e1 jej um\u00edstila do loutkov\u00e9ho chorvatsk\u00e9ho st\u00e1tu. V roce 1944 m\u011bsto osvobodili partyz\u00e1ni a po v\u00e1lce se Split stal sou\u010d\u00e1st\u00ed socialistick\u00e9 Jugosl\u00e1vie, Chorvatsk\u00e9 republiky. V r\u00e1mci pl\u00e1novan\u00e9ho hospod\u00e1\u0159stv\u00ed se m\u011bstsk\u00e9 lod\u011bnice \u2013 mezi nimi\u017e byla hlavn\u00ed Brodosplit \u2013 rychle rozr\u016fstaly a vyr\u00e1b\u011bly v\u0161e od tanker\u016f a n\u00e1kladn\u00edch lod\u00ed a\u017e po trajekty a v\u00e1le\u010dn\u00e9 lod\u011b. V roce 1981 HDP Splitu na obyvatele p\u0159ekro\u010dil jugosl\u00e1vsk\u00fd pr\u016fm\u011br o v\u00edce ne\u017e t\u0159etinu.<\/p>\n<p>P\u0159echod ze socialistick\u00e9ho syst\u00e9mu na za\u010d\u00e1tku 90. let se uk\u00e1zal jako bou\u0159liv\u00fd. Tov\u00e1rny se zav\u00edraly nebo omezovaly a nezam\u011bstnanost prudce vzrostla. Brodosplit, a\u010dkoli je st\u00e1le nejv\u011bt\u0161\u00ed chorvatskou lod\u011bnic\u00ed a v\u00fdvozcem v\u00edce ne\u017e 350 plavidel, nyn\u00ed zam\u011bstn\u00e1v\u00e1 mnohem m\u00e9n\u011b lid\u00ed ne\u017e v dob\u011b sv\u00e9ho nejv\u011bt\u0161\u00edho rozkv\u011btu. Aby se vyrovnal pr\u016fmyslov\u00fd pokles, m\u00edstn\u00ed \u00fa\u0159ady investovaly zna\u010dn\u00e9 prost\u0159edky do turistick\u00e9 infrastruktury a komer\u010dn\u00edho rozvoje. Otev\u0159en\u00ed d\u00e1lnice A1 v \u010dervenci 2005 propojilo Split p\u0159\u00edmo se Z\u00e1h\u0159ebem a kontinent\u00e1ln\u00ed d\u00e1lni\u010dn\u00ed s\u00edt\u00ed, \u010d\u00edm\u017e se urychlil p\u0159\u00edliv zbo\u017e\u00ed, n\u00e1v\u0161t\u011bvn\u00edk\u016f a investor\u016f. Ka\u017edoro\u010dn\u00ed Croatia Boat Show, kter\u00e1 se zde kon\u00e1 od roku 1998, se stala kl\u00ed\u010dovou ud\u00e1lost\u00ed pro n\u00e1mo\u0159n\u00ed pr\u016fmysl v cel\u00e9 jihov\u00fdchodn\u00ed Evrop\u011b.<\/p>\n<p>Dnes m\u00e1 Split p\u0159ibli\u017en\u011b 160 577 obyvatel, z nich\u017e 96,4 % se hl\u00e1s\u00ed k Chorvat\u016fm a 77,5 % k \u0159\u00edmsk\u00fdm katol\u00edk\u016fm. Vzhledem k tomu, \u017ee se metropolitn\u00ed oblast rozkl\u00e1d\u00e1 za hranice poloostrova do sousedn\u00edch m\u011bst Ka\u0161tela a Trogir, jeho celkov\u00fd po\u010det obyvatel se bl\u00ed\u017e\u00ed 330 000. P\u0159esto samotn\u00fd poloostrov z\u016fst\u00e1v\u00e1 kompaktn\u00ed; jeho \u00fazk\u00e9 uli\u010dky a hust\u011b uspo\u0159\u00e1dan\u00e9 budovy vytv\u00e1\u0159ej\u00ed intimitu, kter\u00e1 je v rozporu s velikost\u00ed m\u011bsta.<\/p>\n<p>Star\u00e1 \u010dtvr\u0165 se rozkl\u00e1d\u00e1 uvnit\u0159 a kolem Diokleci\u00e1nova pal\u00e1ce. Od severoz\u00e1padn\u00ed br\u00e1ny vstupuj\u00ed chodci do \u0159ady stinn\u00fdch uli\u010dek a mal\u00fdch n\u00e1m\u011bst\u00ed. Hlavn\u00ed n\u00e1b\u0159e\u017en\u00ed t\u0159\u00edda, zn\u00e1m\u00e1 jako Riva, vede pod\u00e9l ji\u017en\u00edho okraje pal\u00e1cov\u00e9ho are\u00e1lu. Od po\u010d\u00e1tku dvac\u00e1t\u00e9ho stolet\u00ed je lemov\u00e1na palmami a dnes slou\u017e\u00ed v\u00fdhradn\u011b jako p\u011b\u0161\u00ed promen\u00e1da. V roce 1807 vedly na p\u0159\u00edkaz francouzsk\u00e9ho mar\u0161\u00e1la Marmonta demolice \u010d\u00e1st\u00ed b\u00fdval\u00fdch ben\u00e1tsk\u00fdch hradeb, \u010d\u00edm\u017e vznikla \u0161irok\u00e1 terasa, na kter\u00e9 se dnes konaj\u00ed kav\u00e1rny a ve\u010dern\u00ed koncerty.<\/p>\n<p>Na severov\u00fdchod\u011b le\u017e\u00ed Narodni Trg neboli Pjaca, vznikl\u00fd v obdob\u00ed expanze pal\u00e1ce sm\u011brem na z\u00e1pad. B\u011bhem sv\u00e9 dlouh\u00e9 historie neslo toto n\u00e1m\u011bst\u00ed n\u00e1zvy jako Lovrin Trg a Trg oru\u017eja, kter\u00e9 odr\u00e1\u017eely m\u011bn\u00edc\u00ed se re\u017eimy a funkce. Mezi jeho okoln\u00ed fas\u00e1dy pat\u0159\u00ed rom\u00e1nsk\u00e1 v\u011b\u017e ze 13. stolet\u00ed se zvonem a hodinami, pal\u00e1ce Ciprian a Cambi a knihkupectv\u00ed Morpurgo, kter\u00e9 je v provozu od roku 1861.<\/p>\n<p>Kopec Marjan, uct\u00edvan\u00fd jako splitsk\u00e9 \u201em\u011bsto pod Marjanem\u201c, poskytuje lesn\u00ed kontrapunkt hust\u00e9mu j\u00e1dru m\u011bsta. M\u00edstn\u00ed obyvatel\u00e9 i n\u00e1v\u0161t\u011bvn\u00edci stoupaj\u00ed po jeho stezk\u00e1ch p\u011b\u0161ky nebo na kole a zastavuj\u00ed se u mal\u00fdch kapl\u00ed nebo stinn\u00fdch m\u00fdtin. Na v\u00fdchodn\u00ed stran\u011b poloostrova se v b\u00fdval\u00e9m Diokleci\u00e1nov\u011b mauzoleu nach\u00e1z\u00ed katedr\u00e1la svat\u00e9ho Domnia. Uvnit\u0159 olt\u00e1\u0159e postaven\u00e9 v sedm\u00e9m stolet\u00ed uchov\u00e1vaj\u00ed ostatky svat\u00fdch Anastasia a Domnia, druh\u00e9ho jmenovan\u00e9ho dnes p\u0159ipom\u00edn\u00e1me jako patrona m\u011bsta. Ty\u010d\u00edc\u00ed se rom\u00e1nsk\u00e1 zvonice katedr\u00e1ly, dokon\u010den\u00e1 kolem roku 1150, nab\u00edz\u00ed jeden z nejslavn\u011bj\u0161\u00edch v\u00fdhled\u016f v Dalm\u00e1cii.<\/p>\n<p>Split si uchov\u00e1v\u00e1 pozoruhodnou koncentraci muze\u00ed a galeri\u00ed. Archeologick\u00e9 muzeum, zalo\u017een\u00e9 v roce 1820, se hl\u00e1s\u00ed k tomu, \u017ee je nejstar\u0161\u00ed takovou instituc\u00ed v Chorvatsku. Jeho sb\u00edrky sahaj\u00ed od ilyrsk\u00fdch artefakt\u016f a \u0159ecko-hel\u00e9nistick\u00e9 keramiky a\u017e po \u0159\u00edmsk\u00e9 sklo a st\u0159edov\u011bkou numismatiku. Nedaleko se nach\u00e1z\u00ed Muzeum chorvatsk\u00fdch archeologick\u00fdch pam\u00e1tek, kter\u00e9 vystavuje ran\u011b st\u0159edov\u011bk\u00e9 prout\u011bn\u00e9 v\u00fdrobky, hlin\u011bn\u00e9 figurky a latinsk\u00e9 epigrafick\u00e9 kameny \u2013 n\u011bkter\u00e9 poch\u00e1zej\u00ed z dev\u00e1t\u00e9ho stolet\u00ed \u2013 a tvo\u0159\u00ed tak nejv\u011bt\u0161\u00ed soubor sv\u00e9ho druhu v Evrop\u011b.<\/p>\n<p>M\u011bstsk\u00e9 muzeum, kter\u00e9 s\u00eddl\u00ed v b\u00fdval\u00e9m Papali\u0107ov\u011b pal\u00e1ci, mapuje m\u011bstsk\u00fd, kulturn\u00ed a ekonomick\u00fd v\u00fdvoj od starov\u011bku do sou\u010dasnosti. Etnografick\u00e9 muzeum zkoum\u00e1 dalmatsk\u00e9 lidov\u00e9 tradice, od kroj\u016f z osmn\u00e1ct\u00e9ho stolet\u00ed a\u017e po sou\u010dasn\u00e9 \u0159emesln\u00e9 obrozen\u00ed. N\u00e1mo\u0159n\u00ed d\u011bdictv\u00ed nach\u00e1z\u00ed domov v Chorvatsk\u00e9m n\u00e1mo\u0159n\u00edm muzeu v pevnosti Gripe, kde n\u00e1mo\u0159n\u00ed zbran\u011b, modely lod\u00ed a naviga\u010dn\u00ed p\u0159\u00edstroje sleduj\u00ed stalet\u00ed n\u00e1mo\u0159n\u00edch \u00fasp\u011bch\u016f. Na samotn\u00e9m Marjanu se nach\u00e1z\u00ed V\u011bdeck\u00e9 muzeum a zoologick\u00e1 zahrada, kter\u00e9 nab\u00edz\u00ed p\u0159\u00edrodov\u011bdn\u00e9 expon\u00e1ty a v\u00fdb\u011bhy pro zv\u00ed\u0159ata, zat\u00edmco galerie Ivana Me\u0161trovi\u0107e, zasazen\u00e1 do socha\u0159ova vlastn\u00edho architektonick\u00e9ho n\u00e1vrhu, vystavuje jeho kresby, n\u00e1vrhy n\u00e1bytku a monument\u00e1ln\u00ed sochy.<\/p>\n<p>Um\u011bn\u00ed se i nad\u00e1le rozv\u00edj\u00ed v Galerii v\u00fdtvarn\u00fdch um\u011bn\u00ed, kter\u00e1 je od roku 2009 instalov\u00e1na v b\u00fdval\u00e9 nemocnici za pal\u00e1cem. Jej\u00ed sb\u00edrky pokr\u00fdvaj\u00ed \u0161est stolet\u00ed a p\u0159edstavuj\u00ed d\u00edla Vlaha Bukovce, Ivana Me\u0161trovi\u0107e a dal\u0161\u00edch v\u00fdznamn\u00fdch osobnost\u00ed. St\u00e1lou expozici dopl\u0148uj\u00ed pravideln\u00e9 v\u00fdstavy sou\u010dasn\u00fdch chorvatsk\u00fdch um\u011blc\u016f. Kousek p\u011b\u0161ky se nach\u00e1zej\u00ed d\u0159ev\u011bn\u00e9 panely vy\u0159ez\u00e1van\u00e9 Me\u0161trovi\u0107em v kapli v Ka\u0161telet-Crikvine \u2013 sv\u011bdectv\u00ed o jeho oddanosti Splitu a Dalm\u00e1cii.<\/p>\n<p>Kulturn\u00ed identita Splitu p\u0159esahuje hranice muze\u00ed. Jeho liter\u00e1rn\u00ed ko\u0159eny sahaj\u00ed k Marku Maruli\u0107ovi, renesan\u010dn\u00edmu humanistovi, jeho\u017e epick\u00e9 b\u00e1sn\u011b a mor\u00e1ln\u00ed pojedn\u00e1n\u00ed ovlivnily ranou evropskou literaturu. Ve dvac\u00e1t\u00e9m stolet\u00ed spisovatel\u00e9 jako Miljenko Smoje zaznamenali prom\u011bnu m\u011bsta v televizn\u00edch seri\u00e1lech Malo misto a Velo misto, kde propojili l\u00e1skypln\u00fd humor se soci\u00e1ln\u00edm post\u0159ehem. Herec Boris Dvornik, dal\u0161\u00ed rod\u00e1k z Chorvatska, se stal jednou z nejobl\u00edben\u011bj\u0161\u00edch chorvatsk\u00fdch filmov\u00fdch postav.<\/p>\n<p>Kdy\u017e se rozedn\u00ed sv\u011btlo, Split odhal\u00ed \u017eiv\u011bj\u0161\u00ed str\u00e1nku. Hudebn\u00ed kluby a bary se rozl\u00e9vaj\u00ed do \u00fazk\u00fdch uli\u010dek a v letn\u00edch m\u011bs\u00edc\u00edch se vzduchem line rytmus klapsk\u00e9ho zp\u011bvu a popov\u00fdch tane\u010dn\u00edch rytm\u016f. V roce 2013 se Split stal prvn\u00edm chorvatsk\u00fdm m\u011bstem, kter\u00e9 hostilo festival Ultra Europe, a ka\u017ed\u00fd \u010dervenec p\u0159il\u00e1kal na stadion Poljud p\u0159ibli\u017en\u011b 150 000 n\u00e1v\u0161t\u011bvn\u00edk\u016f festivalu, dokud se v roce 2019 nep\u0159esunul do Parku mlade\u017ei. V\u00edce ne\u017e deset let p\u0159iv\u00edtal splitsk\u00fd festival Ultra Europe 1,3 milionu n\u00e1v\u0161t\u011bvn\u00edk\u016f z v\u00edce ne\u017e \u010dty\u0159iceti zem\u00ed. V roce 2023 m\u011bsto otev\u0159elo sv\u016fj prvn\u00ed LGBTQ+ klub, \u010d\u00edm\u017e d\u00e1le diverzifikovalo svou no\u010dn\u00ed nab\u00eddku. N\u00e1v\u0161t\u011bvn\u00edci si mohou vybrat mezi pl\u00e1\u017eov\u00fdmi bary pod \u0161ir\u00fdm nebem a podzemn\u00edmi tane\u010dn\u00edmi parkety, p\u0159i\u010dem\u017e ve\u010der \u010dasto zakon\u010duj\u00ed u jemn\u011b osv\u011btlen\u00e9 n\u00e1b\u0159e\u017e\u00ed.<\/p>\n<p>Cestovn\u00ed ruch nyn\u00ed tvo\u0159\u00ed z\u00e1kladn\u00ed k\u00e1men ekonomiky Splitu. V roce 2023 m\u011bsto zaznamenalo 965 405 p\u0159\u00edjezd\u016f a 3 050 389 p\u0159enocov\u00e1n\u00ed, co\u017e je nov\u00fd rekord odr\u00e1\u017eej\u00edc\u00ed jeho kouzlo jako kulturn\u00edho centra a uzlu pro v\u00fdletn\u00ed plavby. Ka\u017ed\u00fd rok propluje t\u00e9m\u011b\u0159 milion n\u00e1v\u0161t\u011bvn\u00edk\u016f trajekty na Bra\u010d, \u0160oltu, \u010ciovo, Hvar a Vis, zat\u00edmco sez\u00f3nn\u00ed linky spojuj\u00ed do Ancony a dal\u0161\u00edch italsk\u00fdch p\u0159\u00edstav\u016f. Splitsk\u00fd p\u0159\u00edstav odbav\u00ed ro\u010dn\u011b p\u0159ibli\u017en\u011b \u010dty\u0159i miliony cestuj\u00edc\u00edch, co\u017e ho \u0159ad\u00ed mezi t\u0159et\u00ed nejru\u0161n\u011bj\u0161\u00ed osobn\u00ed termin\u00e1l ve St\u0159edomo\u0159\u00ed. V\u00fdletn\u00ed lod\u011b sem vplouvaj\u00ed v\u00edce ne\u017e 260kr\u00e1t ro\u010dn\u011b a m\u011bstu odvezou v\u00edce ne\u017e 130 000 cestuj\u00edc\u00edch.<\/p>\n<p>Pozemn\u00ed infrastruktura Splitu se vyv\u00edjela spolu s jeho n\u00e1mo\u0159n\u00edm spojen\u00edm. D\u00e1lnice A1 vede auta na sever sm\u011brem k Z\u00e1h\u0159ebu a Jadersk\u00e1 magistr\u00e1la se t\u00e1hne cel\u00fdm dalmatsk\u00fdm pob\u0159e\u017e\u00edm. Neexistuje zde \u017e\u00e1dn\u00fd tramvajov\u00fd syst\u00e9m \u2013 kopcovit\u00fd ter\u00e9n ho \u010din\u00ed nepraktick\u00fdm \u2013 ale m\u00edstn\u00ed autobusy obsluhuj\u00ed jak poloostrov, tak i p\u0159edm\u011bstsk\u00e9 \u010dtvrti. Leti\u0161t\u011b Split v Ka\u0161tele, asi dvacet kilometr\u016f severoz\u00e1padn\u011b, zaznamenalo v roce 2024 3,62 milionu cestuj\u00edc\u00edch, co\u017e ho \u0159ad\u00ed na druh\u00e9 m\u00edsto v Chorvatsku v leteck\u00e9 doprav\u011b. Na ji\u017en\u00edm okraji poloostrova se nach\u00e1z\u00ed hlavn\u00ed vlakov\u00e9 n\u00e1dra\u017e\u00ed, kter\u00e9 je kone\u010dnou zast\u00e1vkou linek do Z\u00e1h\u0159ebu, Osijeku, Budape\u0161ti, V\u00eddn\u011b a Bratislavy a tak\u00e9 p\u0159\u00edm\u011bstsk\u00fdch vlak\u016f do Ka\u0161tel Stari. Men\u0161\u00ed zast\u00e1vka v Kopilici slou\u017e\u00ed pro p\u0159\u00edm\u011bstsk\u00e9 vlaky spole\u010dnosti Split Predgra\u0111e.<\/p>\n<p>V\u00edce ne\u017e dv\u011b tis\u00edcilet\u00ed po sv\u00e9m \u0159eck\u00e9m p\u016fvodu z\u016fst\u00e1v\u00e1 Split m\u00edstem, kde se vrstvy historie setk\u00e1vaj\u00ed v ka\u017edodenn\u00edm \u017eivot\u011b. Osel a dalmatinsk\u00fd pes \u2013 kdysi nepostradateln\u00ed spole\u010dn\u00edci v horsk\u00fdch vesnic\u00edch \u2013 se objevuj\u00ed vedle fotbalov\u00fdch embl\u00e9m\u016f, co\u017e je pocta m\u00edstn\u00ed oddanosti HNK Hajduk a jeho fanklubu Torcida, nejstar\u0161\u00edho organizovan\u00e9ho fanklubu v Evrop\u011b. Navzdory bou\u0159\u00edm zm\u011bn, zem\u011bt\u0159esen\u00edm a v\u00e1lk\u00e1m si toto m\u011bsto zachovalo orientaci k mo\u0159i a odolnost zrozenou z jeho poloostrovn\u00edho um\u00edst\u011bn\u00ed. Pro ty, kte\u0159\u00ed se zastav\u00ed u starobyl\u00fdch kamen\u016f pal\u00e1ce nebo se zad\u00edvaj\u00ed do vnitrozem\u00ed na lesy Marjanu, nab\u00edz\u00ed Split p\u0159ipom\u00ednku toho, \u017ee kontinuita \u010dasto vzkv\u00e9t\u00e1 v m\u00edstech \u00fato\u010di\u0161t\u011b a znovuobjeven\u00ed.<\/p>","protected":false},"excerpt":{"rendered":"<p>Split se nach\u00e1z\u00ed na v\u00fdchodn\u00edm Jadersk\u00e9m mo\u0159i a je druh\u00fdm nejv\u011bt\u0161\u00edm m\u011bstem v Chorvatsku a dynamickou p\u0159\u00edmo\u0159skou metropol\u00ed. Toto starobyl\u00e9 m\u011bsto s p\u0159ibli\u017en\u011b 178 000 obyvateli je nejv\u011bt\u0161\u00edm m\u011bstsk\u00fdm centrem v oblasti Dalm\u00e1cie a je maj\u00e1kem kulturn\u00ed a obchodn\u00ed hodnoty na chorvatsk\u00e9m pob\u0159e\u017e\u00ed. Strategick\u00e1 poloha Splitu, kter\u00e1 pokr\u00fdv\u00e1 centr\u00e1ln\u00ed poloostrov a jeho okol\u00ed, z n\u011bj ud\u011blala vnitroregion\u00e1ln\u00ed tranzitn\u00ed uzel a velmi vyhled\u00e1vanou turistickou atrakci, kter\u00e1 ro\u010dn\u011b p\u0159il\u00e1k\u00e1 kolem 900 000 turist\u016f.<\/p>","protected":false},"author":1,"featured_media":2892,"parent":14435,"menu_order":0,"comment_status":"closed","ping_status":"closed","template":"elementor_theme","meta":{"_eb_attr":"","footnotes":""},"class_list":["post-14472","page","type-page","status-publish","has-post-thumbnail"],"_links":{"self":[{"href":"https:\/\/travelshelper.com\/cs\/wp-json\/wp\/v2\/pages\/14472","targetHints":{"allow":["GET"]}}],"collection":[{"href":"https:\/\/travelshelper.com\/cs\/wp-json\/wp\/v2\/pages"}],"about":[{"href":"https:\/\/travelshelper.com\/cs\/wp-json\/wp\/v2\/types\/page"}],"author":[{"embeddable":true,"href":"https:\/\/travelshelper.com\/cs\/wp-json\/wp\/v2\/users\/1"}],"replies":[{"embeddable":true,"href":"https:\/\/travelshelper.com\/cs\/wp-json\/wp\/v2\/comments?post=14472"}],"version-history":[{"count":0,"href":"https:\/\/travelshelper.com\/cs\/wp-json\/wp\/v2\/pages\/14472\/revisions"}],"up":[{"embeddable":true,"href":"https:\/\/travelshelper.com\/cs\/wp-json\/wp\/v2\/pages\/14435"}],"wp:featuredmedia":[{"embeddable":true,"href":"https:\/\/travelshelper.com\/cs\/wp-json\/wp\/v2\/media\/2892"}],"wp:attachment":[{"href":"https:\/\/travelshelper.com\/cs\/wp-json\/wp\/v2\/media?parent=14472"}],"curies":[{"name":"wp","href":"https:\/\/api.w.org\/{rel}","templated":true}]}}