{"id":14466,"date":"2024-09-19T15:10:36","date_gmt":"2024-09-19T15:10:36","guid":{"rendered":"https:\/\/travelshelper.com\/staging\/?page_id=14466"},"modified":"2026-03-11T22:45:29","modified_gmt":"2026-03-11T22:45:29","slug":"rijeka","status":"publish","type":"page","link":"https:\/\/travelshelper.com\/cs\/destinations\/europe\/croatia\/rijeka\/","title":{"rendered":"Rijeka"},"content":{"rendered":"<p>Rijeka zab\u00edr\u00e1 \u00fazk\u00fd pob\u0159e\u017en\u00ed p\u00e1s, kde se \u0159eka Rje\u010dina setk\u00e1v\u00e1 s rozlehl\u00fdm Kvarnersk\u00fdm z\u00e1livem. Strm\u00e9 kopce se zde zvedaj\u00ed od hladiny mo\u0159e tak prudce, \u017ee obrys m\u011bsta p\u0159ipom\u00edn\u00e1 divadeln\u00ed jevi\u0161t\u011b na pozad\u00ed hor. Toto uspo\u0159\u00e1d\u00e1n\u00ed utv\u00e1\u0159elo charakter Rijeky rozhodn\u011bji ne\u017e jak\u00fdkoli samostatn\u00fd architektonick\u00fd pl\u00e1n. M\u011bsto, ohrani\u010den\u00e9 ze t\u0159\u00ed stran poho\u0159\u00edmi U\u010dka, Risnjak a Velika Kapela a na \u010dtvrt\u00e9m svahu se otev\u00edraj\u00edc\u00ed k Jadranu, ji\u017e dlouho slou\u017e\u00ed jako p\u0159irozen\u00e1 n\u00e1mo\u0159n\u00ed br\u00e1na do st\u0159edn\u00ed Evropy.<\/p>\n<p>Od nejstar\u0161\u00edch z\u00e1znam\u016f vd\u011b\u010dila Rijeka (chorvatsky Rije\u010dka; italsky Fiume) za sv\u016fj osud tomuto hlubok\u00e9mu z\u00e1livu. Jej\u00ed p\u0159\u00edstav le\u017e\u00ed \u010dty\u0159icet metr\u016f pod okoln\u00edmi h\u0159ebeny a je schopen p\u0159ij\u00edmat lod\u011b, kter\u00e9 proplouvaj\u00ed n\u00edzk\u00fdmi pr\u016fsmyky kontinentu z Ma\u010farska i odjinud. Za\u010d\u00ednaj\u00ed zde dv\u011b hlavn\u00ed trasy: jedna vede na severov\u00fdchod p\u0159es Din\u00e1rsk\u00e9 Alpy do Panonsk\u00e9 n\u00ed\u017einy, druh\u00e1 se t\u00e1hne na severoz\u00e1pad p\u0159es Postojenskou br\u00e1nu do Slovinska a Rakouska. V obou sm\u011brech pova\u017eovali obchodn\u00edci i arm\u00e1dy klidn\u00fd rijeck\u00fd p\u0159\u00edstav za nepostradateln\u00fd.<\/p>\n<p>Tato strategicky v\u00fdznamn\u00e1 poloha p\u0159itahovala po stalet\u00ed soupe\u0159\u00edc\u00ed uchaze\u010de o \u00fazem\u00ed. Kdysi se o ni sporila Svat\u00e1 \u0159\u00ed\u0161e \u0159\u00edmsk\u00e1 a Ben\u00e1tsk\u00e1 p\u0159\u00edmo\u0159sk\u00e1 republika, pozd\u011bji p\u0159e\u0161la do rukou Ben\u00e1tek a Habsburk\u016f, ne\u017e se v modern\u00ed dob\u011b stala ohniskem spor\u016f mezi It\u00e1li\u00ed a Jugosl\u00e1vi\u00ed. Mezi lety 1918 a 1991 m\u011bsto podl\u00e9halo nejm\u00e9n\u011b osmi r\u016fzn\u00fdm spr\u00e1vn\u00edm org\u00e1n\u016fm, co\u017e byl zvrat suverenity, kter\u00fd jeho obyvatel\u016fm prop\u016fj\u010doval siln\u00fd smysl pro m\u00edstn\u00ed identitu. Jeden obyvatel narozen\u00fd v roce 1917 mohl \u2013 ani\u017e by se musel p\u0159est\u011bhovat \u2013 vlastnit pasy Rakouska-Uherska, It\u00e1lie, Svobodn\u00e9ho st\u00e1tu Fiume, Italsk\u00e9ho kr\u00e1lovstv\u00ed, n\u011bmecky okupovan\u00e9ho \u00fazem\u00ed, Jugosl\u00e1vie, fa\u0161istick\u00e9ho regentstv\u00ed Carnaro a nakonec Socialistick\u00e9 federativn\u00ed republiky Jugosl\u00e1vie. Takov\u00e9 rychl\u00e9 zm\u011bny formovaly jak ob\u010danskou p\u0159edstavivost, tak demografick\u00fd profil, proto\u017ee Chorvati, Italov\u00e9, Srbov\u00e9, Bos\u0148an\u00e9 a dal\u0161\u00ed koexistovali v p\u0159\u00edstavu, kde se prol\u00ednalo mnoho jazyk\u016f a tradic.<\/p>\n<p>Dnes se zhruba 85 procent ze 108 000 obyvatel Rijeky identifikuje jako Chorvati, p\u0159i\u010dem\u017e v n\u011bkter\u00fdch \u010d\u00e1stech m\u011bsta se zachovaly italsk\u00e9 a dal\u0161\u00ed men\u0161inov\u00e9 komunity. Mezi nimi p\u0159e\u017e\u00edv\u00e1 asi dvacet tis\u00edc mluv\u010d\u00edch fiuman\u0161tiny, m\u00edstn\u00ed varianty ben\u00e1t\u0161tiny. Po generace slou\u017eila fiuman\u0161tina jako obchodn\u00ed jazyk p\u0159\u00edstavu a na p\u0159edm\u011bst\u00edch se dokonce dot\u00fdkala chorvatsk\u00fdch dialekt\u016f, kde p\u0159etrv\u00e1vaj\u00ed zbytky \u010dakavsk\u00e9ho dialektu. V ulic\u00edch kolem Korza, \u0161irok\u00e9 p\u011b\u0161\u00ed promen\u00e1dy v srdci m\u011bsta, se tyto jazyky m\u00eds\u00ed s hovory tr\u017en\u00edch prodejc\u016f a ne\u010dinn\u00fdmi pozdravy star\u00fdch p\u0159\u00e1tel.<\/p>\n<p>Rijeck\u00e1 ekonomika z\u016fst\u00e1v\u00e1 zako\u0159en\u011bna v mo\u0159i. Dv\u011b lod\u011bnice \u2013 3. Maj a Viktor Lenac \u2013 pat\u0159\u00ed k nejv\u011bt\u0161\u00edm pr\u016fmyslov\u00fdm zam\u011bstnavatel\u016fm, jejich je\u0159\u00e1by se kloubov\u011b r\u00fdsuj\u00ed jako kovov\u00e9 je\u0159\u00e1by proti panoramatu m\u011bsta. Z\u00e1livem st\u00e1le proplouv\u00e1 n\u00e1mo\u0159n\u00ed n\u00e1kladn\u00ed a osobn\u00ed doprava, kter\u00e1 spojuje hlavn\u00ed chorvatsk\u00fd p\u0159\u00edstav s jadransk\u00fdmi ostrovy a mezin\u00e1rodn\u00edmi linkami. P\u0159esto\u017ee doky definuj\u00ed trh pr\u00e1ce, kultura se v posledn\u00edch letech znovu prosadila. V roce 2020 nesla Rijeka titul Evropsk\u00e9 hlavn\u00ed m\u011bsto kultury, o kterou se d\u011blila s irsk\u00fdm Galway. S reperto\u00e1rem sahaj\u00edc\u00edm od klasick\u00e9ho divadla v Chorvatsk\u00e9m n\u00e1rodn\u00edm divadle Ivana pl. Zajce \u2013 poprv\u00e9 postaven\u00e9m v roce 1765 \u2013 a\u017e po sou\u010dasn\u00e9 um\u011bn\u00ed v Muzeu modern\u00edho a sou\u010dasn\u00e9ho um\u011bn\u00ed, m\u011bsto ukotvilo svou postindustri\u00e1ln\u00ed identitu v performativn\u00edch a v\u00fdstavn\u00edch prostor\u00e1ch, kter\u00e9 odpov\u00eddaj\u00ed jeho rozmanit\u00e9 minulosti.<\/p>\n<p>Proch\u00e1zka star\u00fdm M\u011bstem p\u0159ipom\u00edn\u00e1 toto vrstven\u00ed epoch. M\u011bstsk\u00e1 v\u011b\u017e stoj\u00ed na \u00fapat\u00ed Korza, jeho\u017e kulat\u00fd st\u0159edov\u011bk\u00fd tvar kdysi slou\u017eil jako vstupn\u00ed bod do opevn\u011bn\u00e9ho m\u011bsta. Nedaleko se nach\u00e1z\u00ed Guvern\u00e9r\u016fv pal\u00e1c, kde se nyn\u00ed nach\u00e1z\u00ed N\u00e1mo\u0159n\u00ed a historick\u00e9 muzeum chorvatsk\u00e9ho pob\u0159e\u017e\u00ed, kde artefakty n\u00e1mo\u0159n\u00edk\u016f a rodinn\u00e9 portr\u00e9ty sleduj\u00ed prom\u011bnu Rijeky z mal\u00e9ho ryb\u00e1\u0159sk\u00e9ho p\u0159\u00edstavu v c\u00edsa\u0159sk\u00e9 centrum. Pod katedr\u00e1lou zasv\u011bcenou sv. V\u00edtu se nach\u00e1z\u00ed tunelov\u00e1 s\u00ed\u0165 Grivica, kterou vytesala italsk\u00e1 arm\u00e1da na po\u010d\u00e1tku 40. let 20. stolet\u00ed. N\u00e1v\u0161t\u011bvn\u00edci se mohou proj\u00edt jej\u00ed 330 metr\u016f dlouhou d\u00e9lkou a p\u0159edstavit si \u00fazkost civilist\u016f hledaj\u00edc\u00edch \u00fakryt p\u0159ed bombard\u00e9ry nad hlavou.<\/p>\n<p>Nad st\u0159edem m\u011bsta se na kopci Trsat ty\u010d\u00ed pevnost, jej\u00ed\u017e kameny poch\u00e1zej\u00ed z konce t\u0159in\u00e1ct\u00e9ho stolet\u00ed. Trsatsk\u00fd hrad, ty\u010d\u00edc\u00ed se 138 metr\u016f nad mo\u0159em, dominuje p\u0159\u00edstupu z v\u00fdchodu. Od roku 1288 poskytuje \u00fato\u010di\u0161t\u011b a vyhl\u00eddky nejprve st\u0159edov\u011bk\u00fdm duchovn\u00edm a pozd\u011bji habsbursk\u00fdm d\u016fstojn\u00edk\u016fm. Dnes se na jeho hradb\u00e1ch konaj\u00ed um\u011bleck\u00e9 v\u00fdstavy, koncerty a liter\u00e1rn\u00ed \u010dten\u00ed, zat\u00edmco pod barokn\u00edm kostelem hradu se ka\u017ed\u00fd srpen na sv\u00e1tek Nanebevzet\u00ed Panny Marie hem\u017e\u00ed poutn\u00ed ruch. Poutn\u00edci sem p\u0159ich\u00e1zej\u00ed uct\u00edt Pannu Marii Trsatskou, nejv\u00fdznamn\u011bj\u0161\u00ed n\u00e1bo\u017eensk\u00e9 m\u00edsto v z\u00e1padn\u00edm Chorvatsku, a l\u00e1kaj\u00ed je votivn\u00ed dary, kter\u00e9 pln\u00ed kapli dar\u016f.<\/p>\n<p>Rijeck\u00e1 karnevalov\u00e1 sez\u00f3na p\u0159edstavuje dal\u0161\u00ed formu pouti. Rije\u010dk\u00fd karneval, zalo\u017een\u00fd v roce 1982, se kon\u00e1 od ledna do b\u0159ezna a vrchol\u00ed v\u00edkend p\u0159ed postn\u00ed dobou. V den zah\u00e1jen\u00ed p\u0159ed\u00e1v\u00e1 starosta m\u011bsta symbolick\u00fd kl\u00ed\u010d mistrovi karnevalu Me\u0161taru Tonimu, kter\u00fd pot\u00e9 vede slavnostn\u00ed pr\u016fvody a charitativn\u00ed ples v Guvern\u00e9rsk\u00e9m pal\u00e1ci. Po Korzu proch\u00e1zej\u00ed stovky masek, ke kter\u00fdm se p\u0159ipojuj\u00ed d\u011bti v kost\u00fdmovan\u00fdch \u0159ad\u00e1ch z cel\u00e9ho regionu. V posledn\u00edch letech p\u0159il\u00e1kalo v\u00edce ne\u017e patn\u00e1ct tis\u00edc \u00fa\u010dastn\u00edk\u016f ve v\u00edce ne\u017e dvou stech karnevalov\u00fdch souborech davy p\u0159esahuj\u00edc\u00ed sto tis\u00edc div\u00e1k\u016f. Tyto oslavy p\u0159ipom\u00ednaj\u00ed kosmopolitn\u00ed d\u011bdictv\u00ed Rijeky, kde se ben\u00e1tsk\u00e9 masky m\u00eds\u00ed se slovansk\u00fdmi kost\u00fdmy a modern\u00ed satirou.<\/p>\n<p>L\u00e9to prom\u011b\u0148uje pob\u0159e\u017en\u00ed okraje v l\u00e1ze\u0148 st\u0159edomo\u0159sk\u00e9ho odpo\u010dinku. Pl\u00e1\u017ee na z\u00e1pad\u011b, na Kantrid\u011b a Preluku, nab\u00edzej\u00ed obl\u00e1zkov\u00e9 okraje a p\u011bt mo\u0159sk\u00fdch baz\u00e9n\u016f vytesan\u00fdch do sk\u00e1ly; na v\u00fdchod\u011b se Pe\u0107ine a Kostrena \u0159ad\u00ed do odlehl\u00fdch z\u00e1tok. Autobusy dopravuj\u00ed opaluj\u00edc\u00ed se na ka\u017ed\u00fd \u00fasek a parkovi\u0161t\u011b jsou p\u0159ipravena u pob\u0159e\u017e\u00ed. Alpy v\u0161ak le\u017e\u00ed sotva deset kilometr\u016f ve vnitrozem\u00ed, tak\u017ee za chladn\u00fdch zimn\u00edch r\u00e1n ly\u017ea\u0159i stoupaj\u00ed lanovkou do st\u0159ediska Platak a nach\u00e1zej\u00ed svahy st\u00e1le zasn\u011b\u017een\u00e9, zat\u00edmco pod nimi skrz mezery v mrac\u00edch prosv\u00edtaj\u00ed jadransk\u00e9 ostrovy. Sn\u011b\u017een\u00ed je kr\u00e1tk\u00e9 \u2013 z\u0159\u00eddka p\u0159ekro\u010d\u00ed t\u0159i dny v roce \u2013 ale v\u00edtr b\u00f3ra se \u0161leh\u00e1 po svaz\u00edch a zanech\u00e1v\u00e1 po sob\u011b orosen\u00e9 vrcholky, kter\u00e9 \u017eiv\u011b kontrastuj\u00ed s olivov\u00fdmi h\u00e1ji u mo\u0159e.<\/p>\n<p>Klima je zde klasifikov\u00e1no jako vlhk\u00e9 subtropick\u00e9. Nejvy\u0161\u0161\u00ed letn\u00ed teploty p\u0159ekra\u010duj\u00ed 30 \u00b0C pouze dvacet dn\u00ed v roce, zat\u00edmco zimn\u00ed minima klesaj\u00ed pod bod mrazu pouze jednou. Sr\u00e1\u017eky jsou \u010dast\u00e9 ve v\u0161ech ro\u010dn\u00edch obdob\u00edch; mlhy se objevuj\u00ed p\u0159ibli\u017en\u011b \u010dty\u0159i dny v roce, zejm\u00e9na v zim\u011b. Nejteplej\u0161\u00ed vzduch zaznamenan\u00fd na m\u00edstn\u00ed stanici ve 120 metrech nadmo\u0159sk\u00e9 v\u00fd\u0161ky dos\u00e1hl p\u0159esn\u011b 40 \u00b0C 19. \u010dervence 2007, zat\u00edmco nejchladn\u011bj\u0161\u00ed teplota klesla na -12,8 \u00b0C 10. \u00fanora 1956.<\/p>\n<p>Krom\u011b p\u0159\u00edrodn\u00edho sv\u011bta Rijeka dlouho slou\u017eila jako kulisa filma\u0159\u016fm a spisovatel\u016fm. V 60. letech 20. stolet\u00ed se na jej\u00edm okraji nat\u00e1\u010delo n\u011bkolik western\u016f s Vinnetouem. V 70. letech zde na\u0161la vhodnou architekturu americk\u00e1 minis\u00e9rie Vichry v\u00e1lky, zat\u00edmco italsk\u00e9 regentstv\u00ed Carnaro \u2013 protofa\u0161istick\u00fd experiment Gabrieleho D&#039;Annunzia z roku 1919 \u2013 pat\u0159\u00ed mezi sv\u00e9r\u00e1zn\u011bj\u0161\u00ed epizody m\u011bsta. Tato kr\u00e1tkodob\u00e1 \u201eReggenza Italiana del Carnaro\u201c uzn\u00e1vala Leninovu Sov\u011btskou republiku, p\u0159ijala avantgardn\u00ed estetiku a dokonce tolerovala nenormativn\u00ed genderov\u00e9 projevy, to v\u0161e v r\u00e1mci \u00fastavy, kterou napsal s\u00e1m D&#039;Annunzio. Pozd\u011bji, v roce 1992, Hayao Miyazaki transponoval Fiume z 20. let 20. stolet\u00ed do animovan\u00e9ho Hotelu Adriano z Porco Rosso a zachytil meziv\u00e1le\u010dnou eleganci p\u0159\u00edstavu plynul\u00fdmi tahy barvy. V Rijece se od roku 2018 odehr\u00e1v\u00e1 drama Novine od Netflixu a z roku 2019 se zde nat\u00e1\u010dely i sc\u00e9ny z celove\u010dern\u00edho filmu The Hitman&#039;s Wife&#039;s Bodyguard.<\/p>\n<p>Architektura odhaluje dal\u0161\u00ed vrstvy. Pod\u00e9l Korza r\u00e1muj\u00ed secesn\u00ed fas\u00e1dy kav\u00e1rny a butiky; katedr\u00e1la sv. V\u00edta si zachovala svou barokn\u00ed lo\u010f; \u0158\u00edmsk\u00fd oblouk a Star\u00e1 br\u00e1na stoj\u00ed jako ti\u0161\u00ed sv\u011bdci c\u00edsa\u0159sk\u00fdch kapitul m\u011bsta. Na druh\u00e9m b\u0159ehu Rje\u010diny se b\u00fdval\u00e9 m\u011bsto Su\u0161ak \u2013 kdysi soupe\u0159\u00edc\u00ed chorvatsk\u00e1 enkl\u00e1va \u2013 v roce 1945 slou\u010dilo s Fiume. Dnes jejich spojen\u00ed p\u0159ipom\u00edn\u00e1 \u0161irok\u00e9 p\u011b\u0161\u00ed n\u00e1m\u011bst\u00ed nad poh\u0159benou \u0159ekou, obl\u00edben\u00e9 m\u00edsto setk\u00e1v\u00e1n\u00ed, kter\u00e9 zakr\u00fdv\u00e1 vodu tekouc\u00ed pod n\u00ed.<\/p>\n<p>Pro ty, kte\u0159\u00ed jsou ochotni v\u011bnovat \u010das objevov\u00e1n\u00ed, je zde spousta muze\u00ed. P\u0159\u00edrodov\u011bdn\u00e9 muzeum s akv\u00e1riem a sb\u00edrkou plaz\u016f l\u00e1k\u00e1 rodiny s d\u011btmi; M\u011bstsk\u00e9 muzeum Rijeka se zab\u00fdv\u00e1 numismatikou, divadeln\u00edmi kost\u00fdmy a v\u00e1le\u010dn\u00fdmi artefakty; mal\u00e9 muzeum Peek &amp; Poke vystavuje historick\u00e9 po\u010d\u00edta\u010dov\u00e9 relikvie \u2013 objemn\u00e9 kl\u00e1vesnice z \u00fasvitu osobn\u00edch po\u010d\u00edta\u010d\u016f. Sakr\u00e1ln\u00ed sb\u00edrky v katedr\u00e1le a na Trsatu vystavuj\u00ed relikvi\u00e1\u0159e, kalichy a obrazy z obdob\u00ed stalet\u00ed oddanosti. Na ka\u017ed\u00e9m rohu je c\u00edtit m\u011bstsk\u00e9 p\u0159etahov\u00e1n\u00ed mezi pr\u016fmyslem a um\u011bn\u00edm.<\/p>\n<p>Chcete-li se nahl\u00e9dnout do modern\u00edho \u017eivota, m\u016f\u017eete sestoupit na hlavn\u00ed tr\u017ei\u0161t\u011b \u2013 Placa \u2013 kam brzy r\u00e1no p\u0159iplouvaj\u00ed s\u00edt\u011b s rybami vedle beden s m\u00edstn\u00edm ovocem. Zde se p\u016fvodn\u00ed kosmopolitn\u00ed duch m\u011bsta projevuje ve v\u016fni uzen\u00fdch krevet, v p\u0159\u00edzvuku star\u0161\u00edch prodejc\u016f, kte\u0159\u00ed p\u0159ipom\u00ednaj\u00ed rakousko-uherskou vl\u00e1du, a ve sm\u00edchu mlad\u00fdch lid\u00ed, kte\u0159\u00ed se proh\u00e1n\u011bj\u00ed po dla\u017edicov\u00fdch uli\u010dk\u00e1ch.<\/p>\n<p>Mimo m\u011bstsk\u00e9 centrum se nach\u00e1zej\u00ed i dal\u0161\u00ed mo\u017enosti, jak se vydat na v\u00fdlet. Nad\u0161enci motoristick\u00e9ho sportu se vydaj\u00ed deset kilometr\u016f na sever na okruh Grobnik, kde si mohou vyzkou\u0161et sv\u00e9 dovednosti nebo sledovat profesion\u00e1ly, jak proj\u00ed\u017ed\u011bj\u00ed ostr\u00fdmi zat\u00e1\u010dkami. Pro pozorovatele hv\u011bzd nab\u00edz\u00ed Astronomick\u00e9 centrum na kopci Sveti Kri\u017e dalekohledy zam\u011b\u0159en\u00e9 na temnou oblohu s \u00fachvatn\u00fdmi panoramaty z\u00e1toky pod nimi. A pokud v\u00e1ben\u00ed slan\u00e9 vody pomine, pot\u00e1p\u011b\u010dsk\u00e1 centra kolem mysu odhal\u00ed podvodn\u00ed \u00fatesy poset\u00e9 gorgonijsk\u00fdmi kor\u00e1ly, mo\u0159sk\u00fdmi jeskyn\u011bmi a dokonce i vraky.<\/p>\n<p>Vzd\u011bl\u00e1v\u00e1n\u00ed a um\u011bn\u00ed se prol\u00ednaj\u00ed na Univerzit\u011b v Rijece, form\u00e1ln\u011b zalo\u017een\u00e9 v roce 1973, ale n\u011bkter\u00e9 ko\u0159eny sahaj\u00ed a\u017e k jezuitsk\u00e9 teologick\u00e9 \u0161kole ze 17. stolet\u00ed. Jej\u00ed fakulty se rozprost\u00edraj\u00ed po cel\u00e9m m\u011bst\u011b a p\u0159itahuj\u00ed studenty, kte\u0159\u00ed o\u017eivuj\u00ed ulice a kav\u00e1rny a mluv\u00ed chorvatsky, italsky, fiumsky nebo anglicky, kdy\u017e debatuj\u00ed o historii, in\u017een\u00fdrstv\u00ed nebo literatu\u0159e.<\/p>\n<p>Kulturn\u00ed pam\u011b\u0165 se t\u0159pyt\u00ed i v nejmen\u0161\u00edch detailech. Jeden z\u00e1chrann\u00fd p\u00e1s z Titanicu odpo\u010d\u00edv\u00e1 v N\u00e1mo\u0159n\u00edm muzeu, odkaz plaveb Carpathie do a z New Yorku, \u010dasto s chorvatskou pos\u00e1dkou. Na po\u010d\u00e1tku dvac\u00e1t\u00e9ho stolet\u00ed se Fiume py\u0161nila t\u00fddenn\u00ed transatlantickou osobn\u00ed dopravou a vesni\u010dan\u00e9 si st\u00e1le pamatuj\u00ed dobu, kdy u mola kotvily zaoce\u00e1nsk\u00e9 parn\u00edky a nad hlavou jim l\u00e9tali holubi s dopisy.<\/p>\n<p>V ka\u017ed\u00e9m z t\u011bchto aspekt\u016f \u2013 geografii, historii, pr\u016fmyslu, um\u011bn\u00ed \u2013 Rijeka odhaluje sp\u00ed\u0161e komplexnost ne\u017e jednotn\u00fd p\u0159\u00edb\u011bh. Odol\u00e1v\u00e1 jednoduch\u00fdm definic\u00edm a rad\u011bji mluv\u00ed vrstvami kamene a oceli, ozv\u011bnami hlas\u016f, kter\u00e9 se propl\u00e9taj\u00ed mezi Jadranem a kopci. Pro n\u00e1v\u0161t\u011bvn\u00edka, kter\u00fd sleduje z\u00e1pad slunce za U\u010dkou, sv\u011btla tan\u010d\u00edc\u00ed na vodn\u00ed hladin\u011b, se podstata m\u011bsta nevyno\u0159uje pouze ve velkolep\u00fdch pam\u00e1tk\u00e1ch, ale v proudu identit, kter\u00e9 formovaly jeho ulice. V p\u0159\u00edstavu postaven\u00e9m pro obchod, kter\u00fd nyn\u00ed v\u00edt\u00e1 \u010dluny s plachetnicemi i n\u00e1kladn\u00edmi lod\u011bmi, je tich\u00e1 poezie, a v komunit\u011b, kter\u00e1 p\u0159e\u010dkala imp\u00e9rium, ideologii i v\u00e1lku, jen aby si zachovala ducha, kter\u00fd je odoln\u00fd i vn\u00edmav\u00fd. V Rijece te\u010de \u0159eka pod n\u00e1m\u011bst\u00edm a hory se tisknou k mo\u0159i a v tomto objet\u00ed \u010dlov\u011bk nach\u00e1z\u00ed m\u011bsto ukotven\u00e9 i svobodn\u00e9.<\/p>","protected":false},"excerpt":{"rendered":"<p>Rijeka, t\u0159et\u00ed nejv\u011bt\u0161\u00ed m\u011bsto v Chorvatsku, m\u00e1 dobrou polohu v Kvarnersk\u00e9m z\u00e1livu, z\u00e1toce Jadersk\u00e9ho mo\u0159e. S 108 622 lidmi k roku 2021 je toto energick\u00e9 m\u011bstsk\u00e9 centrum hlavn\u00edm centrem \u017eupy Primorje-Gorski Kotar. N\u00e1zev m\u011bsta \/ri\u02c8e\u0259\/ nebo \/ri\u02c8k\u0259\/ v chorvat\u0161tin\u011b, p\u0159elo\u017een\u00fd jako \u201e\u0159eka\u201c do chorvat\u0161tiny, odr\u00e1\u017e\u00ed jeho bl\u00edzkost k \u0159ek\u00e1m, kter\u00e9 formovaly jeho minulost a ekonomiku.<\/p>","protected":false},"author":1,"featured_media":3940,"parent":14435,"menu_order":0,"comment_status":"closed","ping_status":"closed","template":"elementor_theme","meta":{"_eb_attr":"","footnotes":""},"class_list":["post-14466","page","type-page","status-publish","has-post-thumbnail"],"_links":{"self":[{"href":"https:\/\/travelshelper.com\/cs\/wp-json\/wp\/v2\/pages\/14466","targetHints":{"allow":["GET"]}}],"collection":[{"href":"https:\/\/travelshelper.com\/cs\/wp-json\/wp\/v2\/pages"}],"about":[{"href":"https:\/\/travelshelper.com\/cs\/wp-json\/wp\/v2\/types\/page"}],"author":[{"embeddable":true,"href":"https:\/\/travelshelper.com\/cs\/wp-json\/wp\/v2\/users\/1"}],"replies":[{"embeddable":true,"href":"https:\/\/travelshelper.com\/cs\/wp-json\/wp\/v2\/comments?post=14466"}],"version-history":[{"count":0,"href":"https:\/\/travelshelper.com\/cs\/wp-json\/wp\/v2\/pages\/14466\/revisions"}],"up":[{"embeddable":true,"href":"https:\/\/travelshelper.com\/cs\/wp-json\/wp\/v2\/pages\/14435"}],"wp:featuredmedia":[{"embeddable":true,"href":"https:\/\/travelshelper.com\/cs\/wp-json\/wp\/v2\/media\/3940"}],"wp:attachment":[{"href":"https:\/\/travelshelper.com\/cs\/wp-json\/wp\/v2\/media?parent=14466"}],"curies":[{"name":"wp","href":"https:\/\/api.w.org\/{rel}","templated":true}]}}