{"id":14456,"date":"2024-09-19T14:52:52","date_gmt":"2024-09-19T14:52:52","guid":{"rendered":"https:\/\/travelshelper.com\/staging\/?page_id=14456"},"modified":"2026-03-11T22:47:26","modified_gmt":"2026-03-11T22:47:26","slug":"porec","status":"publish","type":"page","link":"https:\/\/travelshelper.com\/cs\/destinations\/europe\/croatia\/porec\/","title":{"rendered":"Pore\u010d"},"content":{"rendered":"<p>Pore\u010d, uhn\u00edzd\u011bn\u00e1 na z\u00e1padn\u00edm pob\u0159e\u017e\u00ed Istrijsk\u00e9ho poloostrova, p\u0159edstavuje mozaiku starobylosti a pob\u0159e\u017en\u00ed pohody, kter\u00e1 se vzp\u00edr\u00e1 jednoduch\u00e9mu popisu. Tato osada, v ital\u0161tin\u011b zn\u00e1m\u00e1 jako Parenzo a nese n\u011bkolik historick\u00fdch n\u00e1zv\u016f, sah\u00e1 a\u017e k \u0159\u00edmsk\u00e9mu hradu zalo\u017een\u00e9mu p\u0159ed t\u00e9m\u011b\u0159 dv\u011bma tis\u00edcilet\u00edmi. Dnes se m\u011bsto rozkl\u00e1d\u00e1 kolem dob\u0159e chr\u00e1n\u011bn\u00e9ho p\u0159\u00edstavu, jeho\u017e vody chr\u00e1n\u00ed mal\u00fd ostr\u016fvek Sveti Nikola. Za starobyl\u00fdmi hradbami a \u00fazk\u00fdmi uli\u010dkami se Pore\u010d rozkl\u00e1d\u00e1 na plo\u0161e p\u0159ibli\u017en\u011b 142 kilometr\u016f \u010dtvere\u010dn\u00edch a obklopuje olivov\u00e9 h\u00e1je, zelen\u00e9 k\u0159oviny a pob\u0159e\u017e\u00ed, kter\u00e9 se t\u00e1hne t\u0159icet sedm kilometr\u016f od \u00fast\u00ed \u0159eky Mirny na severu a\u017e po mys pobl\u00ed\u017e Vrsaru na jihu.<\/p>\n<p>P\u0159esto\u017ee m\u00e1 Pore\u010d skromn\u00fd po\u010det obyvatel, zhruba dvan\u00e1ct tis\u00edc \u2013 v \u0161ir\u0161\u00ed obci se jeho po\u010det zvy\u0161uje na zhruba \u0161estn\u00e1ct tis\u00edc \u0161est set \u2013, m\u00e1 na turistick\u00e9 map\u011b Chorvatska ne\u00fam\u011brn\u00fd vliv. Od poloviny dvac\u00e1t\u00e9ho stolet\u00ed tvo\u0159\u00ed jej\u00ed pob\u0159e\u017e\u00ed a pob\u0159e\u017e\u00ed sousedn\u00edho Rovinje nejnav\u0161t\u011bvovan\u011bj\u0161\u00ed pob\u0159e\u017en\u00ed koridor v zemi. V letn\u00ed sez\u00f3n\u011b se po\u010det do\u010dasn\u00fdch n\u00e1v\u0161t\u011bvn\u00edk\u016f zvy\u0161uje, proto\u017ee se do\u010dasn\u00ed n\u00e1v\u0161t\u011bvn\u00edci sj\u00ed\u017ed\u011bj\u00ed do rozpt\u00fdlen\u00fdch p\u0159\u00edmo\u0159sk\u00fdch letovisek, jako je Plava Laguna, Zelen\u00e1 Laguna, Bijela Uvala, Brulo a d\u00e1le na sever Materada, \u010cervar Porat, Ulika a Lanterna. V nejvy\u0161\u0161\u00edch po\u010dtech m\u016f\u017ee tento po\u010det p\u0159es\u00e1hnout sto dvacet tis\u00edc, \u010d\u00edm\u017e se klidn\u00e9 z\u00e1toky prom\u011bn\u00ed v pulzuj\u00edc\u00ed centra voln\u00e9ho \u010dasu.<\/p>\n<p>M\u00edrn\u00e9 p\u0159\u00edmo\u0159sk\u00e9 klima zde zm\u00edr\u0148uje sez\u00f3nn\u00ed extr\u00e9my. \u010cervencov\u00e1 odpoledne obvykle dosahuj\u00ed p\u0159i n\u00edzk\u00e9 vlhkosti vzduchu kolem t\u0159iceti stup\u0148\u016f Celsia, zat\u00edmco lednov\u00e9 noci mohou klesnout v pr\u016fm\u011bru na \u0161est stup\u0148\u016f nad bodem mrazu. Slune\u010dn\u00edho svitu je zde hojnost, celkem p\u0159es dva tis\u00edce \u010dty\u0159i sta hodin ro\u010dn\u011b \u2013 \u010dasto p\u0159es deset jasn\u00fdch hodin ka\u017ed\u00fd letn\u00ed den. Jadersk\u00e9 vody, oh\u0159\u00e1t\u00e9 t\u00edmto \u0161t\u011bdr\u00fdm slune\u010dn\u00edm svitem, mohou vystoupat a\u017e na dvacet osm stup\u0148\u016f Celsia, \u010d\u00edm\u017e se v m\u00edrn\u00e9m l\u00e1kadle vyrovnaj\u00ed pl\u00e1\u017e\u00edm ji\u017en\u00edho St\u0159edomo\u0159\u00ed. Ro\u010dn\u00ed sr\u00e1\u017eky, celkem t\u00e9m\u011b\u0159 dev\u011bt set dvacet milimetr\u016f, se rovnom\u011brn\u011b rozprost\u00edraj\u00ed po m\u011bs\u00edc\u00edch, s v\u00fdjimkou vyprahl\u00e9ho klidu v \u010dervenci a srpnu. M\u00edstn\u00ed atmosf\u00e9ru utv\u00e1\u0159ej\u00ed v\u011btry: v zim\u011b severov\u00fdchodn\u00ed b\u00f3ra \u017eene ulicemi chladnou jasnost; vlhk\u00e9 jugo p\u0159ich\u00e1z\u00ed z jihu; a denn\u00ed mistr\u00e1lsk\u00fd mo\u0159sk\u00fd v\u00e1nek p\u0159in\u00e1\u0161\u00ed \u00falevu od vnitrozemsk\u00e9ho tepla. Zde zaznamenan\u00e9 extr\u00e9my podtrhuj\u00ed tuto p\u0159\u00edznivou um\u00edrn\u011bnost: 2. srpna 1998 dos\u00e1hla teplota vzduchu vrcholu 37,0 \u00b0C; 10. ledna 1981 klesla na -13,0 \u00b0C.<\/p>\n<p>Geologie regionu nab\u00edz\u00ed sv\u00e1 vlastn\u00ed divy. Kr\u00e1tk\u00e1 j\u00edzda do vnitrozem\u00ed odhal\u00ed jeskyni Baredine, jedinou ve\u0159ejn\u011b p\u0159\u00edstupnou geologickou pam\u00e1tku na Istrii. Uvnit\u0159 jej\u00edch v\u00e1pencov\u00fdch komor se ty\u010d\u00ed stalagmity v rozmarn\u00fdch tvarech \u2013 jeden evokuje Pannu Marii, druh\u00fd p\u0159ipom\u00edn\u00e1 sklon slavn\u00e9 v\u011b\u017ee v Pise. Na jihu le\u017e\u00ed Limsk\u00fd z\u00e1liv, \u00fazk\u00e9 dvan\u00e1ctikilometrov\u00e9 \u00fast\u00ed \u0159eky Pazin\u010dica. Jeho strm\u00e9 b\u0159ehy a ob\u010dasn\u00e9 k\u0159emenn\u00e9 balvany mu dod\u00e1vaj\u00ed vzhled fjordu, i kdy\u017e je vytes\u00e1n jako gilotina Jadersk\u00fdm mo\u0159em.<\/p>\n<p>Zem\u011bd\u011blstv\u00ed je ji\u017e dlouho z\u00e1kladem \u017eivota Pore\u010de a jej\u00edho okol\u00ed. Charakteristick\u00e1 \u010derven\u00e1 p\u016fda \u2013 crljenica \u2013 plod\u00ed obiloviny, sady, zeleninov\u00e9 z\u00e1hony a p\u0159edev\u0161\u00edm olivov\u00e9 h\u00e1je a vinice. V posledn\u00edch desetilet\u00edch producenti s vervou p\u0159ijali ekologick\u00e9 metody. Lisy na olivov\u00fd olej nyn\u00ed produkuj\u00ed odr\u016fdy extrahovan\u00e9 za studena; mal\u00e9 usedlosti p\u011bstuj\u00ed vinnou r\u00e9vu, kter\u00e1 plod\u00ed Malvazii, Borgonju, Merlot, Pinot, Cabernet Sauvignon a m\u00edstn\u00ed teran. Tyto zna\u010dky nach\u00e1zej\u00ed sv\u00e9 m\u00edsto na stolech m\u00edstn\u00edch i mezin\u00e1rodn\u00edch v\u00edn a jejich chut\u011b odr\u00e1\u017eej\u00ed sluncem zalit\u00fd ter\u00e9n a m\u00edrn\u00fd mo\u0159sk\u00fd vzduch.<\/p>\n<p>P\u0159esto je to pr\u00e1v\u011b stavebn\u00ed d\u011bdictv\u00ed, kter\u00e9 nejv\u00edce utv\u00e1\u0159\u00ed charakter Pore\u010de. St\u0159edov\u011bk\u00e9 j\u00e1dro m\u011bsta si zachov\u00e1v\u00e1 m\u0159\u00ed\u017eku \u0159\u00edmsk\u00e9ho castru s Cardo Maximus a Decumanus jako hlavn\u00edmi osami. Pod\u00e9l t\u011bchto starobyl\u00fdch tepen se rom\u00e1nsk\u00e9 domy t\u0159ou bok po boku s ben\u00e1tsk\u00fdmi gotick\u00fdmi pal\u00e1ci, jejich\u017e fas\u00e1dy o\u017eivuj\u00ed lomen\u00e9 oblouky a zdoben\u00e9 kamenn\u00e9 zdivo. P\u0159ed vchodem do star\u00e9ho m\u011bsta stoj\u00ed Marafor, otev\u0159en\u00e9 n\u00e1m\u011bst\u00ed lemovan\u00e9 dv\u011bma chr\u00e1my. V\u011bt\u0161\u00ed, poch\u00e1zej\u00edc\u00ed z prvn\u00edho stolet\u00ed n. l. a zasv\u011bcen\u00fd Neptunovi, zab\u00edr\u00e1 p\u016fdorys zhruba t\u0159icet kr\u00e1t jeden\u00e1ct metr\u016f. Nedaleko se nach\u00e1z\u00ed nen\u00e1padn\u00e1 uli\u010dka, kter\u00e1 si n\u00e1rokuje titul jedn\u00e9 z neju\u017e\u0161\u00edch ulic v Evrop\u011b \u2013 Ulica Stjepana Konzula Istranina \u2013 a jej\u00ed skromn\u00e1 \u0161\u00ed\u0159ka je v urbanistick\u00e9m pl\u00e1nu zvl\u00e1\u0161tn\u00ed pozn\u00e1mkou pod \u010darou.<\/p>\n<p>Dominantou historick\u00e9ho souboru je Eufraziova bazilika, komplex z 6. stolet\u00ed, postaven\u00fd za biskupa Eufrasia v byzantsk\u00e9m obdob\u00ed. Jej\u00ed mozaikami zdoben\u00fd interi\u00e9r a biskupsk\u00e1 kaple jsou p\u0159\u00edkladem ran\u011b k\u0159es\u0165ansk\u00e9ho um\u011bn\u00ed na Jadranu. Bazilika, kterou UNESCO v roce 1997 uznalo za pam\u00e1tku sv\u011btov\u00e9ho d\u011bdictv\u00ed, je pevnou sou\u010d\u00e1st\u00ed Pore\u010de v duchovn\u00ed i architektonick\u00e9 historii. Jej\u00ed klenby a clarestoria p\u0159itahuj\u00ed u\u010dence i poutn\u00edky. Okoln\u00ed opevn\u011bn\u00ed \u2013 kdysi nep\u0159etr\u017eit\u00e9 od 12. do 19. stolet\u00ed \u2013 v\u011bt\u0161inou podlehlo modern\u00edmu \u017eivotu, a\u010dkoli zbytky zd\u00ed a poz\u016fstatky ba\u0161t sv\u011bd\u010d\u00ed o dob\u011b, kdy pob\u0159e\u017en\u00ed m\u011bsta \u010delila ben\u00e1tsk\u00e9 nebo osmansk\u00e9 hrozb\u011b.<\/p>\n<p>Do t\u011bchto kl\u00ed\u010dov\u00fdch pam\u00e1tek pronikaj\u00ed vrstvy n\u00e1sledn\u00e9ho stylu. Gotick\u00fd franti\u0161k\u00e1nsk\u00fd kostel ze t\u0159in\u00e1ct\u00e9ho stolet\u00ed pro\u0161el v osmn\u00e1ct\u00e9m stolet\u00ed barokn\u00ed p\u0159estavbou; jeho klenut\u00fd s\u00e1l Dieta Istriana nyn\u00ed vynik\u00e1 \u0161tukovou eleganc\u00ed tam, kde d\u0159\u00edve vl\u00e1dla strohost. Soukrom\u00e9 pal\u00e1ce odhaluj\u00ed renesan\u010dn\u00ed port\u00e1ly a decentn\u00ed heraldick\u00e9 motivy, zat\u00edmco ob\u010dansk\u00e9 stavby \u2013 n\u011bkter\u00e9 z nich p\u0159em\u011bn\u011bn\u00e9 na muzea a galerie \u2013 host\u00ed st\u0159\u00eddaj\u00edc\u00ed se sb\u00edrky region\u00e1ln\u00edho um\u011bn\u00ed. Mnoho takov\u00fdch kulturn\u00edch pam\u00e1tek s\u00eddl\u00ed v budov\u00e1ch, kter\u00e9 po stalet\u00ed slou\u017eily jako rodinn\u00e9 domy, jejich\u017e malta je prodchnuta dom\u00e1c\u00edmi ozv\u011bnami.<\/p>\n<p>Dopravn\u00ed spojen\u00ed se vyvinulo od starov\u011bk\u00fdch n\u00e1mo\u0159n\u00edch tras k modern\u00edm silnic\u00edm a leteck\u00e9 doprav\u011b. Na po\u010d\u00e1tku dvac\u00e1t\u00e9ho stolet\u00ed spojovala Pore\u010d s Terstem \u00fazkokolejn\u00e1 \u017eeleznice Parenzana, ale jej\u00ed koleje byly zru\u0161eny do roku 1937. Dnes se nejbli\u017e\u0161\u00ed velk\u00e9 leti\u0161t\u011b nach\u00e1z\u00ed asi \u0161edes\u00e1t kilometr\u016f ji\u017en\u011b v Pule, odkud se do Pore\u010de dostanete pronajat\u00fdm autem nebo kyvadlovou dopravou. Autobusov\u00e1 doprava jezd\u00ed pravideln\u00fdmi linkami do Z\u00e1h\u0159ebu a region\u00e1ln\u00edch center ve Slovinsku a It\u00e1lii s odjezdy z m\u00edstn\u00ed stanice n\u011bkolikr\u00e1t denn\u011b. D\u00e1lnice spojuj\u00ed m\u011bsto s Rijekou, Umagem, Rovin\u00ed a dal\u0161\u00edmi m\u00edsty. N\u00e1mo\u0159n\u00ed doprava z\u016fst\u00e1v\u00e1 p\u0159ev\u00e1\u017en\u011b rekrea\u010dn\u00ed, a\u010dkoli mezi Ben\u00e1tkami a Pore\u010d\u00ed jezd\u00ed od jara do podzimu m\u011bs\u00ed\u010dn\u00ed trajekty spole\u010dnosti Venezia Lines, kter\u00e9 z italsk\u00e9ho lagunov\u00e9ho m\u011bsta odplouvaj\u00ed v 17:00 a kotv\u00ed v 19:30, ne\u017e se vr\u00e1t\u00ed n\u00e1sleduj\u00edc\u00edho r\u00e1na v 8:00.<\/p>\n<p>Hospod\u00e1\u0159sk\u00fd \u017eivot v Pore\u010di se siln\u011b op\u00edr\u00e1 o cestovn\u00ed ruch, nicm\u00e9n\u011b obchod, finance a komunikace se roz\u0161\u00ed\u0159ily s t\u00edm, jak Chorvatsko prohlubuje svou integraci s evropsk\u00fdmi trhy. Osam\u011bl\u00fd z\u00e1vod na zpracov\u00e1n\u00ed potravin podtrhuje spojen\u00ed mezi m\u00edstn\u00edm zem\u011bd\u011blstv\u00edm a obchodn\u00edm podnik\u00e1n\u00edm. Jinak hotely, apartm\u00e1nov\u00e9 komplexy a rekrea\u010dn\u00ed vesni\u010dky tvo\u0159\u00ed \u0159adu pohostinsk\u00fdch infrastruktur z\u00e1m\u011brn\u011b rozm\u00edst\u011bn\u00fdch pod\u00e9l pob\u0159e\u017e\u00ed. Riviera, postaven\u00e1 v roce 1910, je nejstar\u0161\u00edm hotelem v Pore\u010di, po n\u011bm\u017e n\u00e1sledovaly podniky jako Parentino a \u0159ada men\u0161\u00edch hostinc\u016f.<\/p>\n<p>Demograficky Pore\u010d odr\u00e1\u017e\u00ed svou jadranskou k\u0159i\u017eovatku. Podle s\u010d\u00edt\u00e1n\u00ed lidu z roku 2011 tvo\u0159\u00ed Chorvat\u00e9 t\u00e9m\u011b\u0159 t\u0159i \u010dtvrtiny populace; istrij\u0161t\u00ed Italov\u00e9, Srbov\u00e9, Alb\u00e1nci a Bos\u0148an\u00e9 p\u0159in\u00e1\u0161ej\u00ed odli\u0161n\u00e9 kulturn\u00ed kmeny. V\u00fdznamn\u00e1 \u010d\u00e1st se identifikuje s region\u00e1ln\u00ed istrijskou identitou bez ohledu na etnick\u00fd p\u016fvod. Ital\u0161tina p\u0159etrv\u00e1v\u00e1 jako hovorov\u00fd jazyk pro p\u0159ibli\u017en\u011b patn\u00e1ct procent obyvatel a je jazykov\u00fdm poz\u016fstatkem ben\u00e1tsk\u00e9 nadvl\u00e1dy a p\u0159eshrani\u010dn\u00ed v\u00fdm\u011bny.<\/p>\n<p>B\u011bhem cel\u00e9ho kalend\u00e1\u0159n\u00edho roku m\u011bsto host\u00ed v\u00edce ne\u017e jen milovn\u00edky slunce. V klidn\u011bj\u0161\u00edch m\u011bs\u00edc\u00edch se do Pore\u010de sj\u00ed\u017ed\u011bj\u00ed v\u00edkendov\u00ed n\u00e1v\u0161t\u011bvn\u00edci ze Slovinska, Rakouska a Chorvatska na prohl\u00eddky pam\u00e1tek, gastronomick\u00e9 festivaly a sportovn\u00ed aktivity. Tenisov\u00e9 kurty, fotbalov\u00e1 h\u0159i\u0161t\u011b a jachta\u0159sk\u00e9 kluby jsou st\u00e1le vyu\u017e\u00edv\u00e1ny, zat\u00edmco jeskyn\u011b Baredine l\u00e1k\u00e1 nad\u0161ence geologie bez ohledu na ro\u010dn\u00ed obdob\u00ed. Muzea, kter\u00e1 s\u00eddl\u00ed v b\u00fdval\u00fdch pal\u00e1c\u00edch a ve\u0159ejn\u00fdch s\u00e1lech, po\u0159\u00e1daj\u00ed v\u00fdstavy, kter\u00e9 sleduj\u00ed \u017eivot na Istrii od prav\u011bku p\u0159es \u0159\u00edmskou okupaci, byzantskou v\u00edru, ben\u00e1tskou nadvl\u00e1du a\u017e po modern\u00ed nez\u00e1vislost.<\/p>\n<p>V historick\u00e9m centru m\u011bsta se do p\u011b\u0161\u00ed z\u00f3ny vstupuje branami, kter\u00e9 jsou sv\u011bdky latinsk\u00fdch n\u00e1pis\u016f, ben\u00e1tsk\u00fdch erb\u016f, napoleonsk\u00fdch vojsk a habsbursk\u00fdch pos\u00e1dek. Uli\u010dky se ne\u010dekan\u011b st\u00e1\u010d\u00ed a nab\u00edzej\u00ed z\u00e1blesky ta\u0161kov\u00fdch st\u0159ech a mo\u0159sk\u00fdch t\u0159pytek za nimi. Turistick\u00e1 kancel\u00e1\u0159, kter\u00e1 se nach\u00e1z\u00ed hned za v\u00fdchodn\u00edm vchodem, poskytuje mapy a pr\u016fvodce v n\u011bkolika jazyc\u00edch \u2013 jej\u00ed modrob\u00edl\u00e9 \u201ei\u201c je uklid\u0148uj\u00edc\u00edm maj\u00e1kem pro za\u010d\u00e1te\u010dn\u00edky. P\u0159esto je mo\u017en\u00e9, i v polovin\u011b \u010dervence, vyklouznout z hlavn\u00edch ark\u00e1d a naj\u00edt stinnou lavi\u010dku pod verandou s karm\u00ednovou st\u0159echou, kde poledn\u00ed horko zm\u011bkne a vyno\u0159\u00ed se tich\u00fd tep m\u011bsta.<\/p>\n<p>Toto spojen\u00ed nitern\u00e9ho a klidn\u00e9ho definuje Pore\u010d. N\u00e1v\u0161t\u011bvn\u00edci se mohou vydat od byzantsk\u00fdch mozaikov\u00fdch kapl\u00ed k sluncem zalit\u00fdm z\u00e1tok\u00e1m, sledovat zak\u0159iven\u00e9 z\u00e1livy Jadersk\u00e9ho mo\u0159e a ochutn\u00e1vat v\u00edna nas\u00e1kl\u00e1 tis\u00edcilet\u00edmi kultivace. Mohou se vydat po \u0159\u00edmsk\u00e9 m\u0159\u00ed\u017ece pod kamenn\u00fdmi oblouky, vy\u0161plhat se na vyhl\u00eddky, kter\u00e9 dominuj\u00ed rozloze z\u00e1livu a ostrova, nebo sestoupit do podzemn\u00edch jeskyn\u00ed formovan\u00fdch vodou a \u010dasem. B\u011bhem ka\u017ed\u00e9ho z\u00e1\u017eitku se odhaluj\u00ed vrstvy m\u011bsta: starobyl\u00fd p\u0159\u00edstav, kter\u00fd kdysi v\u00edtal legion\u00e1\u0159e a obchodn\u00edky; st\u0159edov\u011bk\u00e1 pevnost, kter\u00e1 odr\u00e1\u017eela korz\u00e1ry; modern\u00ed letovisko, kter\u00e9 uspokojuje kontinent\u00e1ln\u00ed rekreanty.<\/p>\n<p>V tomto soutoku epoch si Pore\u010d zachov\u00e1v\u00e1 sp\u00ed\u0161e atmosf\u00e9ru pro\u017eit\u00e9 historie ne\u017e kur\u00e1torsky vybran\u00fdch spektakl\u00ed. Jej\u00ed pam\u00e1tky nestoj\u00ed jako izolovan\u00e9 expon\u00e1ty, ale jako prvky souvisl\u00e9 m\u011bstsk\u00e9 struktury v ka\u017edodenn\u00edm provozu. Mozaiky baziliky se t\u0159pyt\u00ed nad v\u011b\u0159\u00edc\u00edmi, kte\u0159\u00ed se zastavuj\u00ed mezi poch\u016fzkami na trhu; port\u00e1ly lis\u016f na olivy oz\u00fdv\u00e1j\u00ed sez\u00f3nn\u00ed pr\u00e1ce, kter\u00e9 p\u0159edch\u00e1zely vzniku st\u00e1tu; neju\u017e\u0161\u00ed ulice ukr\u00fdv\u00e1 pomalu kr\u00e1\u010dej\u00edc\u00ed chodce stejn\u011b jako legendy. Navzdory tomu v\u0161emu dech Jadranu \u2013 v l\u00e9t\u011b tepl\u00fd, v zim\u011b sv\u011b\u017e\u00ed \u2013 udr\u017euje rytmus m\u011bsta.<\/p>\n<p>P\u0159ibl\u00ed\u017eit se k Pore\u010di znamen\u00e1 narazit na m\u00edsto zn\u00e1m\u00e9 i jedine\u010dn\u00e9 z\u00e1rove\u0148. Jeho kameny vypov\u00eddaj\u00ed o \u0159\u00ed\u0161i a v\u00ed\u0159e, jeho stezky p\u0159ipom\u00ednaj\u00ed \u0159\u00edmsk\u00e9 in\u017een\u00fdry, jeho vinice \u0161eptaj\u00ed o t\u011bch, kte\u0159\u00ed poprv\u00e9 lisovali hrozny v hlin\u011bn\u00fdch n\u00e1dob\u00e1ch. P\u0159esto se br\u00e1n\u00ed jak\u00e9koli povrchn\u00ed n\u00e1lepce. Nen\u00ed to ani striktn\u011b muzeum, ani jen letovisko, ale je trval\u00fdm p\u0159\u00edkladem kontinuity na pob\u0159e\u017e\u00ed, kter\u00e9 dlouho formovaly vlny kultury a obchodu. Cestovatel, kter\u00fd se pohybuje jeho ulicemi, nach\u00e1z\u00ed nejen \u00fato\u010di\u0161t\u011b u mo\u0159e, ale \u017eivouc\u00ed p\u0159\u00edb\u011bh, vepsan\u00fd do mozaiky a malty, h\u00e1je a p\u0159\u00edstavu, kter\u00fd se rozprost\u00edr\u00e1 p\u0159es dva tis\u00edce let.<\/p>\n<p>Pore\u010d nakonec nab\u00edz\u00ed v\u00edce ne\u017e jen sled atrakc\u00ed. Nab\u00edz\u00ed pocit historie jako\u017eto neust\u00e1l\u00e9ho dialogu \u2013 mezi minulost\u00ed a p\u0159\u00edtomnost\u00ed, pevninou a mo\u0159em, n\u00e1v\u0161t\u011bvn\u00edkem a m\u00edstem. Zde, pod klenut\u00fdmi klenbami Eufraziovy baziliky, lze vn\u00edmat ozv\u011bny starov\u011bk\u00fdch liturgi\u00ed; na sluncem zalit\u00fdch palub\u00e1ch trajektu vracej\u00edc\u00edho se z Ben\u00e1tek se odv\u00edj\u00ed p\u0159\u00edslib nov\u00fdch plaveb. A Jadran v\u017edy le\u017e\u00ed na prahu, jeho\u017e hladina se t\u0159pyt\u00ed sv\u011btlem nes\u010detn\u00fdch odpoledn\u00ed, kter\u00e1 teprve p\u0159ijdou.<\/p>","protected":false},"excerpt":{"rendered":"<p>Pore\u010d s p\u0159ibli\u017en\u011b 12 000 obyvateli okouzluje n\u00e1v\u0161t\u011bvn\u00edky na z\u00e1padn\u00edm pob\u0159e\u017e\u00ed Istrijsk\u00e9ho poloostrova v Chorvatsku; \u0161ir\u0161\u00ed region Pore\u010d m\u00e1 p\u0159ibli\u017en\u011b 16 600 obyvatel. Tato star\u00e1 komunita, hluboce zako\u0159en\u011bn\u00e1 v historii a kulturn\u00ed hodnot\u011b, slou\u017e\u00ed jako d\u016fkaz bohat\u00e9 tapis\u00e9rie istrijsk\u00e9ho d\u011bdictv\u00ed. Pore\u010d, uhn\u00edzd\u011bn\u00e1 pod\u00e9l modr\u00e9ho Jadersk\u00e9ho mo\u0159e, se vyvinula z rozhoduj\u00edc\u00ed \u0159\u00edmsk\u00e9 z\u00e1kladny v pulzuj\u00edc\u00ed modern\u00ed obec, kter\u00e1 dovedn\u011b spojuje historickou kr\u00e1su s modern\u00edmi vymo\u017eenostmi.<\/p>","protected":false},"author":1,"featured_media":2780,"parent":14435,"menu_order":0,"comment_status":"closed","ping_status":"closed","template":"elementor_theme","meta":{"_eb_attr":"","footnotes":""},"class_list":["post-14456","page","type-page","status-publish","has-post-thumbnail"],"_links":{"self":[{"href":"https:\/\/travelshelper.com\/cs\/wp-json\/wp\/v2\/pages\/14456","targetHints":{"allow":["GET"]}}],"collection":[{"href":"https:\/\/travelshelper.com\/cs\/wp-json\/wp\/v2\/pages"}],"about":[{"href":"https:\/\/travelshelper.com\/cs\/wp-json\/wp\/v2\/types\/page"}],"author":[{"embeddable":true,"href":"https:\/\/travelshelper.com\/cs\/wp-json\/wp\/v2\/users\/1"}],"replies":[{"embeddable":true,"href":"https:\/\/travelshelper.com\/cs\/wp-json\/wp\/v2\/comments?post=14456"}],"version-history":[{"count":0,"href":"https:\/\/travelshelper.com\/cs\/wp-json\/wp\/v2\/pages\/14456\/revisions"}],"up":[{"embeddable":true,"href":"https:\/\/travelshelper.com\/cs\/wp-json\/wp\/v2\/pages\/14435"}],"wp:featuredmedia":[{"embeddable":true,"href":"https:\/\/travelshelper.com\/cs\/wp-json\/wp\/v2\/media\/2780"}],"wp:attachment":[{"href":"https:\/\/travelshelper.com\/cs\/wp-json\/wp\/v2\/media?parent=14456"}],"curies":[{"name":"wp","href":"https:\/\/api.w.org\/{rel}","templated":true}]}}