{"id":14447,"date":"2024-09-19T14:45:46","date_gmt":"2024-09-19T14:45:46","guid":{"rendered":"https:\/\/travelshelper.com\/staging\/?page_id=14447"},"modified":"2026-03-11T22:47:38","modified_gmt":"2026-03-11T22:47:38","slug":"hvar","status":"publish","type":"page","link":"https:\/\/travelshelper.com\/cs\/destinations\/europe\/croatia\/hvar\/","title":{"rendered":"Hvar"},"content":{"rendered":"<p>Hvar se rozkl\u00e1d\u00e1 na \u00fazk\u00e9m oblouku v\u00e1pence a dolomitu, kter\u00fd se t\u00e1hne asi 68 kilometr\u016f od chorvatsk\u00e9ho dalmatsk\u00e9ho pob\u0159e\u017e\u00ed. Jeho p\u00e1te\u0159, vyv\u00fd\u0161en\u00fd h\u0159eben druhohorn\u00edch kamen\u016f, ho od pevniny odd\u011bluje a\u017e po tis\u00edcilet\u00edch pevninsk\u00e9ho spojen\u00ed, asi p\u0159ed 11 000 lety. Dnes mezi Hvarem a jeho sousedy \u2013 Bra\u010dem na severu, Visem na z\u00e1pad\u011b a Kor\u010dulou na jihu \u2013 vedou \u00fazk\u00e9 kan\u00e1ly, zat\u00edmco poloostrov Pelje\u0161ac se t\u00e1hne p\u0159es Neretvsk\u00fd kan\u00e1l. Na v\u00fdchod\u011b le\u017e\u00ed pevnina pouh\u00fdch \u0161est kilometr\u016f. Pod\u00e9l ji\u017en\u00edho svahu Hvaru se jako n\u00e1\u0161lapn\u00e9 kameny do otev\u0159en\u00e9ho mo\u0159e rozprost\u00edr\u00e1 souostrov\u00ed Paklinski a \u0160\u0107edro a u severn\u00edho pob\u0159e\u017e\u00ed se t\u00e1hne Ze\u010devo.<\/p>\n<p>Reli\u00e9f ostrova vytv\u00e1\u0159\u00ed klasickou krasovou krajinu: m\u00e1lo povrchov\u00fdch tok\u016f rychle miz\u00ed v puklin\u00e1ch a vy\u017eaduje pe\u010dliv\u00e9 hospoda\u0159en\u00ed s de\u0161\u0165ovou vodou. Na svaz\u00edch se objevuj\u00ed stalet\u00ed lidov\u00e9ho in\u017een\u00fdrstv\u00ed v podob\u011b such\u00fdch kamenn\u00fdch teras a poln\u00edch cisteren, nezbytn\u00fdch jak k udr\u017een\u00ed drahocenn\u00e9 vl\u00e1hy, tak k zastaven\u00ed odtoku z p\u016fdy. Takov\u00e9 metody podporuj\u00ed vinice, olivov\u00e9 h\u00e1je, sady a levandulov\u00e1 pole, kter\u00e1 si n\u00e1rokuj\u00ed ka\u017edou \u00farodnou oblast. V\u00fd\u0161e \u200b\u200bborov\u00e9 lesy ustupuj\u00ed k\u0159ovinat\u00fdm porost\u016fm makie, kde se s dubem cesm\u00ednov\u00fdm a borovicemi \u010dern\u00fdmi d\u011bl\u00ed o krajinu. Na ostr\u016fvku \u0160\u0107edro p\u0159etrv\u00e1v\u00e1 bohat\u0161\u00ed soubor st\u0159edomo\u0159sk\u00e9 fl\u00f3ry, u\u0161et\u0159en\u00fd nedostatku, kter\u00fd definuje hlavn\u00ed \u010d\u00e1st Hvaru.<\/p>\n<p>I mezi jadransk\u00fdmi ostrovy vynik\u00e1 hvarsk\u00e1 pob\u0159e\u017en\u00ed rovina neobvykle rozlehl\u00e1 a \u00farodn\u00e1. Pr\u00e1v\u011b zde, v roce 384 p\u0159. n. l., \u0159e\u010dt\u00ed osadn\u00edci zalo\u017eili Pharos \u2013 dne\u0161n\u00ed Stari Grad \u2013 co\u017e z n\u011bj \u010din\u00ed jedno z nejstar\u0161\u00edch souvisl\u00fdch m\u011bstsk\u00fdch s\u00eddel v Evrop\u011b. Tit\u00ed\u017e kolonist\u00e9 zavedli na rovin\u011b ortogon\u00e1ln\u00ed syst\u00e9m pol\u00ed, jeho\u017e stopy se dochovaly jako Starogradsk\u00e9 polje, nyn\u00ed uznan\u00e9 UNESCO pro sv\u00e9 nep\u0159eru\u0161en\u00e9 zem\u011bd\u011blsk\u00e9 d\u011bdictv\u00ed. Tento otisk \u0159eck\u00e9 vize z\u016fst\u00e1v\u00e1 \u010diteln\u00fd i p\u0159es v\u00edce ne\u017e dv\u011b tis\u00edcilet\u00ed kultivace, sez\u00f3nu za sez\u00f3nou oliv, hrozn\u016f a obil\u00ed.<\/p>\n<p>Archeologick\u00e9 n\u00e1lezy v jeskyni Grap\u010deva pobl\u00ed\u017e dne\u0161n\u00edho Humace nab\u00edzej\u00ed je\u0161t\u011b star\u0161\u00ed d\u016fkazy o lidsk\u00e9 p\u0159\u00edtomnosti. Spir\u00e1lov\u011b zdoben\u00e1 keramika z neolitick\u00e9 \u201ehvarsk\u00e9 kultury\u201c odvozuje sv\u016fj n\u00e1zev od t\u011bchto n\u00e1lez\u016f a p\u0159ipom\u00edn\u00e1 lidi, jejich\u017e \u017eivoty byly veps\u00e1ny do kamenn\u00fdch zd\u00ed hluboko v krasu. Tyto artefakty, v regionu jedine\u010dn\u00e9, odhaluj\u00ed ostrovn\u00ed komunitu zb\u011bhlou v ryteck\u00fdch technik\u00e1ch a s osobit\u00fdm vizu\u00e1ln\u00edm jazykem.<\/p>\n<p>V ran\u00e9m st\u0159edov\u011bku se ilyrsk\u00e9 skupiny m\u00edsily s \u0159eck\u00fdmi potomky, ne\u017e slovansk\u00e9 migrace zm\u011bnily strukturu obyvatelstva. Pozd\u011bji se Hvar dostal pod ben\u00e1tskou nadvl\u00e1du, co\u017e p\u0159ineslo n\u00e1mo\u0159n\u00edmu v\u00fdznamu a prosperit\u011b. M\u011bsto Hvar \u2013 odli\u0161n\u00e9 od Stari Gradu \u2013 se stalo kl\u00ed\u010dovou z\u00e1kladnou na Jadranu. Jakmile Ben\u00e1tsk\u00e1 republika z\u00edskala kontrolu nad st\u0159edomo\u0159sk\u00fdm obchodem, jej\u00ed guvern\u00e9\u0159i investovali do pal\u00e1c\u016f, obecn\u00edch budov a jednoho z prvn\u00edch ve\u0159ejn\u00fdch divadel v Evrop\u011b, kter\u00e9 bylo otev\u0159eno v roce 1612. \u0160lechtick\u00e9 rodiny si nechaly postavit kamenn\u00e1 s\u00eddla, jejich\u017e fas\u00e1dy dodnes lemuj\u00ed promen\u00e1du \u200b\u200bv p\u0159\u00edstavu, co\u017e sv\u011bd\u010d\u00ed o dob\u011b, kdy n\u00e1mo\u0159n\u00ed obchod a kultura \u0161ly ruku v ruce.<\/p>\n<p>16. stolet\u00ed v\u0161ak zdaleka nebylo klidn\u00e9. V roce 1510 vypuklo m\u00edstn\u00ed povst\u00e1n\u00ed proti ben\u00e1tsk\u00e9 nadvl\u00e1d\u011b pod hlavi\u010dkou Hvarsk\u00e9ho povst\u00e1n\u00ed, poh\u00e1n\u011bn\u00e9 nap\u011bt\u00edm mezi \u0161lechtou a oby\u010dejn\u00fdmi lidmi. Sou\u010dasn\u011b pir\u00e1ti a osman\u0161t\u00ed n\u00e1jezdn\u00edci za\u00fato\u010dili na severn\u00ed pob\u0159e\u017e\u00ed, co\u017e vedlo k v\u00fdstavb\u011b opevn\u011bn\u00fdch v\u011b\u017e\u00ed a pozorovac\u00edch stanovi\u0161\u0165. Tyto ba\u0161ty, nyn\u00ed zni\u010den\u00e9 v\u011btrem a sol\u00ed, p\u0159ipom\u00ednaj\u00ed rozbou\u0159en\u00e9 vody a to, co v\u0161echno byli ostrovan\u00e9 ochotni ud\u011blat, aby ochr\u00e1nili sv\u00e9 komunity.<\/p>\n<p>Napoleonova kr\u00e1tk\u00e1 p\u0159est\u00e1vka v Dalm\u00e1cii p\u0159inesla nov\u00e9 pr\u00e1vn\u00ed \u0159\u00e1dky a spr\u00e1vn\u00ed reformy, jen aby Hvar v roce 1815 p\u0159e\u0161el k Rakousk\u00e9mu c\u00edsa\u0159stv\u00ed. Pod habsbursk\u00fdm dohledem umo\u017enilo obdob\u00ed relativn\u00edho klidu roz\u0161\u00ed\u0159en\u00ed p\u0159\u00edstav\u016f, vznik mola a rozkv\u011bt stavby lod\u00ed. Produkce levandule a rozmar\u00fdnu pro francouzsk\u00e9 parfum\u00e9rsk\u00e9 ateli\u00e9ry prudce vzrostla spolu s v\u00fdvozem v\u00edna a m\u00edstn\u00ed podnikatel\u00e9 zalo\u017eili v roce 1868 Hygienick\u00fd spolek Hvaru, aby v\u00edtal n\u00e1v\u0161t\u011bvn\u00edky a koordinoval ubytov\u00e1n\u00ed a slu\u017eby. Tato organizace polo\u017eila z\u00e1klady pro hotely, kav\u00e1rny, p\u0159\u00edstavy a kulturn\u00ed instituce, kter\u00e9 definuj\u00ed modern\u00ed turistickou s\u00ed\u0165 ostrova.<\/p>\n<p>P\u0159esto 20. stolet\u00ed tento zlat\u00fd v\u011bk neudr\u017eelo. Mor r\u00e9vokazu zpusto\u0161il vinice a tradi\u010dn\u00ed plachetnice zastaraly. Ekonomick\u00e9 pot\u00ed\u017ee podn\u00edtily vlny emigrace, proto\u017ee rodiny hledaly p\u0159\u00edle\u017eitosti v Americe i mimo ni. V\u016fn\u011b levandule i p\u0159esto p\u0159etrv\u00e1vala a p\u0159ezd\u00edvka \u201eostrov levandule\u201c se dr\u017eela pol\u00ed s fialov\u00fdmi kv\u011bty, jejich\u017e oleje se skl\u00edzely pro \u0159emeslnou v\u00fdrobu m\u00fddel a parf\u00e9m\u016f.<\/p>\n<p>Od konce 20. stolet\u00ed cestovn\u00ed ruch postupn\u011b zast\u00ednil zem\u011bd\u011blstv\u00ed a rybolov jako hlavn\u00ed pil\u00ed\u0159 ekonomiky. Pr\u016fvodce a \u010dasopisy chv\u00e1l\u00ed Hvar mezi deseti nejlep\u0161\u00edmi ostrovy sv\u011bta. Conde Nast Traveler ho d\u016fsledn\u011b \u0159ad\u00ed pro jeho slune\u010dn\u00ed svit \u2013 p\u0159ibli\u017en\u011b 2 715 hodin ro\u010dn\u011b, zhruba 7,7 hodiny denn\u011b, \u010d\u00edm\u017e p\u0159ed\u010d\u00ed Dubrovn\u00edk \u2013 a k\u0159i\u0161\u0165\u00e1lov\u011b \u010dist\u00e9 teploty mo\u0159e, kter\u00e9 stoupaj\u00ed od 14 \u00b0C v \u00fanoru a\u017e po letn\u00ed vrchol kolem 27 \u00b0C. Klima odpov\u00edd\u00e1 K\u00f6ppenovu podtypu Csa, definovan\u00e9mu m\u00edrn\u00fdmi zimami a sluncem zalit\u00fdmi l\u00e9ty, kter\u00e9 preferuj\u00ed stolov\u00e1n\u00ed pod \u0161ir\u00fdm nebem a promen\u00e1dy u vody.<\/p>\n<p>Administrativn\u011b pat\u0159\u00ed Hvar do Splitsko-dalmatsk\u00e9 \u017eupy a zahrnuje dv\u011b m\u011bsta \u2013 Hvar a Stari Grad \u2013 a obce Jelsa a Su\u0107uraj. Podle s\u010d\u00edt\u00e1n\u00ed lidu z roku 2021 je 10 678 obyvatel ostrova rozlo\u017eeno nerovnom\u011brn\u011b: m\u011bsto Hvar m\u00e1 3 979 obyvatel, zat\u00edmco Stari Grad m\u00e1 2 772. Obec Jelsa m\u00e1 celkem 3 501 obyvatel a zahrnuje osady od Pitav po Vrisnik. Su\u0107uraj \u2013 v\u00fdchodn\u00ed br\u00e1na ostrova \u2013 m\u00e1 426 du\u0161\u00ed ve sv\u00fdch t\u0159ech osad\u00e1ch.<\/p>\n<p>M\u011bsto Hvar se rozkl\u00e1d\u00e1 na n\u00e1m\u011bst\u00ed svat\u00e9ho \u0160t\u011bp\u00e1na, jednom z nejv\u011bt\u0161\u00edch v Dalm\u00e1cii o rozloze p\u0159ibli\u017en\u011b 4 500 m\u00b2, kde se oran\u017eov\u00e9 ta\u0161kov\u00e9 st\u0159echy ty\u010d\u00ed v postupn\u00fdch oblouc\u00edch a jachty zapl\u0148uj\u00ed p\u0159\u00edstav b\u011bhem hlavn\u00ed sez\u00f3ny. Na jednom konci upout\u00e1 pozornost katedr\u00e1la svat\u00e9ho \u0160t\u011bp\u00e1na: jej\u00ed \u010dty\u0159patrov\u00e1 zvonice, p\u0159estav\u011bn\u00e1 po osmansk\u00fdch vp\u00e1dech, nese renesan\u010dn\u00ed a barokn\u00ed ozdoby. Vedle stoj\u00ed biskupsk\u00e1 pokladnice, kter\u00e1 uchov\u00e1v\u00e1 st\u0159\u00edbrn\u00e9 liturgick\u00e9 n\u00e1doby, vy\u0161\u00edvan\u00e1 roucha a ikony z 13. stolet\u00ed. Na svahu nad m\u011bstem se ty\u010d\u00ed pevnost \u0160panjola, kter\u00e1 shl\u00ed\u017e\u00ed na m\u011bsto i mo\u0159e a nab\u00edz\u00ed panoramatick\u00e9 v\u00fdhledy t\u011bm, kte\u0159\u00ed jsou ochotni proj\u00edt jej\u00ed strmou, klikatou stezkou.<\/p>\n<p>Stari Grad si naopak zachov\u00e1v\u00e1 klidn\u011bj\u0161\u00ed atmosf\u00e9ru. K jeho molu p\u0159iplouvaj\u00ed trajekty ze Splitu, kter\u00e9 n\u00e1v\u0161t\u011bvn\u00edky doprav\u00ed do osady, jej\u00ed\u017e ulice kop\u00edruj\u00ed sm\u011br starov\u011bk\u00fdch \u0159eck\u00fdch kolonist\u016f. V kamenn\u00fdch domech se nach\u00e1zej\u00ed mal\u00e9 kav\u00e1rny a olivovn\u00edky st\u00edn\u00edc\u00ed dl\u00e1\u017ed\u011bn\u00e9 uli\u010dky. Starogradsk\u00e9 pole se t\u00e1hne do vnitrozem\u00ed, jeho\u017e mozaikov\u00e1 pole jsou ohrani\u010dena n\u00edzk\u00fdmi zdmi \u2013 \u017eivouc\u00edm d\u016fkazem kolektivn\u00edho hospoda\u0159en\u00ed s p\u016fdou, kter\u00e9 trv\u00e1 2 400 let.<\/p>\n<p>Jelsa, le\u017e\u00edc\u00ed v\u00edce uprost\u0159ed ji\u017en\u00edho pob\u0159e\u017e\u00ed, m\u00eds\u00ed intimitu vesnice s mal\u00fdm p\u0159\u00edstavem. Jej\u00ed ulice se vine do kopce sm\u011brem k zalesn\u011bn\u00fdm svah\u016fm, zat\u00edmco letn\u00ed ve\u010dery vypl\u0148uj\u00ed kulturn\u00ed akce \u2013 koncerty a v\u00fdstavy. Nedaleko Jelsy le\u017e\u00ed Humac, osada le\u017e\u00edc\u00ed v nadmo\u0159sk\u00e9 v\u00fd\u0161ce 350 m, z velk\u00e9 \u010d\u00e1sti opu\u0161t\u011bn\u00e1, ale pomalu o\u017eiven\u00e1 jako muzeum pod \u0161ir\u00fdm nebem. Kamenn\u00e9 chatky a mal\u00e1 etnografick\u00e1 sb\u00edrka zde nab\u00edzej\u00ed z\u00e1blesky tradi\u010dn\u00edho \u017eivota uprost\u0159ed teras s levandul\u00ed a vinnou r\u00e9vou. Pod Humcem se nach\u00e1z\u00ed jeskyn\u011b Grap\u010deva, kter\u00e1 vpust\u00ed pouze skupiny s pr\u016fvodcem a uchov\u00e1v\u00e1 kr\u00e1pn\u00edky spolu s \u00falomky hvarsk\u00e9 neolitick\u00e9 minulosti.<\/p>\n<p>Doprava po ostrov\u011b a na pevninu je i nad\u00e1le z\u00e1sadn\u00ed pro ka\u017edodenn\u00ed \u017eivot a cestovn\u00ed ruch. Jadrolinija provozuje trajekty pro automobily ze Su\u0107uraje do Drveniku, cesta trv\u00e1 zhruba dv\u011b hodiny, a kyvadlovou dopravu do Vela Luky a Lastova. Rychl\u00e9 hydropl\u00e1ny z Krilo Luky spojuj\u00ed m\u011bsto Hvar se Splitem p\u0159ibli\u017en\u011b za hodinu a v pravideln\u00fdch intervalech s Visem, Bra\u010dem a dokonce i Dubrovn\u00edkem. Po vylod\u011bn\u00ed se s trajekty setk\u00e1vaj\u00ed autobusy Cazmatrans, kter\u00e9 obsluhuj\u00ed destinace nap\u0159\u00ed\u010d silni\u010dn\u00ed s\u00edt\u00ed \u2013 v\u011btrnou, \u010dasto bez z\u00e1bradl\u00ed \u2013 kde je doporu\u010dena opatrnost, zejm\u00e9na na pronajat\u00fdch mopedech. Dv\u011b \u010derpac\u00ed stanice, ve m\u011bst\u011b Hvar a pobl\u00ed\u017e Jelsy, ozna\u010duj\u00ed jedin\u00e1 m\u00edsta pro dopl\u0148ov\u00e1n\u00ed paliva pro vozidla. Mezi Stari Gradem a trajektov\u00fdmi termin\u00e1ly ve m\u011bst\u011b Hvar jezd\u00ed m\u00edstn\u00ed vodn\u00ed taxi za symbolick\u00e9 j\u00edzdn\u00e9.<\/p>\n<p>Krom\u011b zastav\u011bn\u00e9ho d\u011bdictv\u00ed a zem\u011bd\u011blsk\u00fdch pol\u00ed nab\u00edz\u00ed Hvar nep\u0159ebern\u00e9 mno\u017estv\u00ed z\u00e1\u017eitk\u016f. Vodn\u00ed nad\u0161enci mohou prozkoum\u00e1vat skryt\u00e9 z\u00e1toky a p\u00edse\u010dn\u00e9 pl\u00e1\u017ee Paklinsk\u00fdch ostrov\u016f, zakotvit u pob\u0159e\u017e\u00ed lemovan\u00e9ho borovicemi a u\u017e\u00edt si piknik nebo se koupat. Turist\u00e9 se mohou vydat pob\u0159e\u017en\u00ed stezkou ze z\u00e1toky Dubovica k vina\u0159stv\u00ed Zlatan Otok, kde si mohou u\u017e\u00edt v\u00fdhled na mo\u0159e s poledn\u00ed ochutn\u00e1vkou, ne\u017e se vr\u00e1t\u00ed lod\u00ed. Dobrodru\u017en\u00fd park Hvar pobl\u00ed\u017e Jelsy nab\u00edz\u00ed rekrea\u010dn\u00ed rozmanitost s lukost\u0159elbou, paintballem a pl\u00e1\u017eov\u00fdmi sporty. Pro n\u00e1v\u0161t\u011bvn\u00edky zam\u011b\u0159en\u00e9 na \u0159emesla benediktinsk\u00e9 jepti\u0161ky z m\u011bsta Hvar pokra\u010duj\u00ed ve stalet\u00e9 tradici krajkov\u00e1n\u00ed s pou\u017eit\u00edm ag\u00e1vov\u00fdch vl\u00e1ken, zat\u00edmco galerie jako Made in Hvar na Pjaci prezentuj\u00ed sou\u010dasn\u00e9 m\u00edstn\u00ed um\u011bn\u00ed.<\/p>\n<p>Produkce v\u00edna p\u0159etrv\u00e1v\u00e1 jako dal\u0161\u00ed kulturn\u00ed pil\u00ed\u0159. Ji\u017en\u00ed svahy rod\u00ed siln\u00e1 \u010derven\u00e1 v\u00edna z odr\u016fdy Plavac Mali, jejich\u017e t\u0159\u00edslovit\u00e1 hloubka odpov\u00edd\u00e1 k\u0159upav\u00fdm b\u00edl\u00fdm v\u00edn\u016fm p\u011bstovan\u00fdm na centr\u00e1ln\u00ed rovin\u011b. Mnoho vina\u0159stv\u00ed otev\u00edr\u00e1 sv\u00e9 br\u00e1ny k ochutn\u00e1vk\u00e1m a zve hosty, aby se postavili mezi vinnou r\u00e9vu, kter\u00e1 je hluboce zako\u0159en\u011bna ve sluncem rozp\u00e1len\u00e9 hvarsk\u00e9 zemi.<\/p>\n<p>Od neolitick\u00fdch trosek ve skryt\u00fdch jeskyn\u00edch a\u017e po v\u00e1pencov\u00e9 hradby ben\u00e1tsk\u00fdch pal\u00e1c\u016f se p\u0159\u00edb\u011bh Hvaru odv\u00edj\u00ed v kameni, p\u016fd\u011b a mo\u0159i. Jeho klima, topografie a poloha pro mo\u0159eplavce formovaly vrstvy lidsk\u00e9ho \u00fasil\u00ed \u2013 od \u0159eck\u00fdch farm\u00e1\u0159\u016f po rakousko-uhersk\u00e9 obchodn\u00edky, od sb\u011bra\u010d\u016f levandule po modern\u00ed restaurat\u00e9ry. Dnes ostrov vyva\u017euje zachov\u00e1n\u00ed p\u0159\u00edrody s pokrokem a nab\u00edz\u00ed n\u00e1v\u0161t\u011bvn\u00edk\u016fm krajinu kultivovanou i divokou, kde ka\u017ed\u00e1 terasov\u00e1 ze\u010f a dla\u017eebn\u00ed kostka nazna\u010duj\u00ed historii m\u011b\u0159enou sp\u00ed\u0161e stalet\u00ed ne\u017e ro\u010dn\u00edmi obdob\u00edmi. Podle mnoha ohled\u016f z\u016fst\u00e1v\u00e1 nejslunn\u011bj\u0161\u00edm m\u00edstem v Evrop\u011b \u2013 vhodn\u00fdm jevi\u0161t\u011bm pro ty, kte\u0159\u00ed hledaj\u00ed poctivou souhru st\u0159edomo\u0159sk\u00e9ho sv\u011btla a ostrovn\u00edho \u017eivota.<\/p>","protected":false},"excerpt":{"rendered":"<p>Hvar, kter\u00fd se nach\u00e1z\u00ed v Jadersk\u00e9m mo\u0159i, se nach\u00e1z\u00ed u dalmatsk\u00e9ho pob\u0159e\u017e\u00ed Chorvatska. \u010ctvrt\u00fd nejlidnat\u011bj\u0161\u00ed chorvatsk\u00fd ostrov, tento kouzeln\u00fd ostrov se nach\u00e1z\u00ed mezi Bra\u010dem, Visem a Kor\u010dulou a podle s\u010d\u00edt\u00e1n\u00ed v roce 2021 zde \u017eije 10 678 lid\u00ed. Hvar, kter\u00fd se t\u00e1hne p\u0159es 68 kilometr\u016f (42,5 mil) na d\u00e9lku, se stal m\u00edstem nesrovnateln\u00e9 kr\u00e1sy a kulturn\u00ed hodnoty, z velk\u00e9 \u010d\u00e1sti d\u00edky sv\u00e9 charakteristick\u00e9 geologii a bohat\u00e9 minulosti.<\/p>","protected":false},"author":1,"featured_media":3166,"parent":14435,"menu_order":0,"comment_status":"closed","ping_status":"closed","template":"elementor_theme","meta":{"_eb_attr":"","footnotes":""},"class_list":["post-14447","page","type-page","status-publish","has-post-thumbnail"],"_links":{"self":[{"href":"https:\/\/travelshelper.com\/cs\/wp-json\/wp\/v2\/pages\/14447","targetHints":{"allow":["GET"]}}],"collection":[{"href":"https:\/\/travelshelper.com\/cs\/wp-json\/wp\/v2\/pages"}],"about":[{"href":"https:\/\/travelshelper.com\/cs\/wp-json\/wp\/v2\/types\/page"}],"author":[{"embeddable":true,"href":"https:\/\/travelshelper.com\/cs\/wp-json\/wp\/v2\/users\/1"}],"replies":[{"embeddable":true,"href":"https:\/\/travelshelper.com\/cs\/wp-json\/wp\/v2\/comments?post=14447"}],"version-history":[{"count":0,"href":"https:\/\/travelshelper.com\/cs\/wp-json\/wp\/v2\/pages\/14447\/revisions"}],"up":[{"embeddable":true,"href":"https:\/\/travelshelper.com\/cs\/wp-json\/wp\/v2\/pages\/14435"}],"wp:featuredmedia":[{"embeddable":true,"href":"https:\/\/travelshelper.com\/cs\/wp-json\/wp\/v2\/media\/3166"}],"wp:attachment":[{"href":"https:\/\/travelshelper.com\/cs\/wp-json\/wp\/v2\/media?parent=14447"}],"curies":[{"name":"wp","href":"https:\/\/api.w.org\/{rel}","templated":true}]}}