{"id":14441,"date":"2024-09-19T14:22:28","date_gmt":"2024-09-19T14:22:28","guid":{"rendered":"https:\/\/travelshelper.com\/staging\/?page_id=14441"},"modified":"2026-03-11T22:44:30","modified_gmt":"2026-03-11T22:44:30","slug":"zadar","status":"publish","type":"page","link":"https:\/\/travelshelper.com\/cs\/destinations\/europe\/croatia\/zadar\/","title":{"rendered":"Zadar"},"content":{"rendered":"<p>Zadar se rozkl\u00e1d\u00e1 na \u0161t\u00edhl\u00e9m v\u00fdb\u011b\u017eku na severov\u00fdchodn\u00edm okraji Jadersk\u00e9ho mo\u0159e a jeho m\u011bstsk\u00e1 struktura se t\u00e1hne v\u00edce ne\u017e dv\u011bma tis\u00edci lety st\u0159edomo\u0159sk\u00e9 historie. Dnes je toto chorvatsk\u00e9 m\u011bsto s p\u0159ibli\u017en\u011b sedmdes\u00e1ti tis\u00edci obyvateli nejstar\u0161\u00edm nep\u0159etr\u017eit\u011b os\u00eddlen\u00fdm centrem v zemi, m\u00edstem, kde samotn\u00e9 kameny sv\u011bd\u010d\u00ed o \u0159\u00edmsk\u00e9, ben\u00e1tsk\u00e9, rakousk\u00e9, italsk\u00e9 a jugosl\u00e1vsk\u00e9 \u00e9\u0159e. Jeho p\u0159\u00edstav, le\u017e\u00edc\u00ed naproti ostrov\u016fm Ugljan a Pa\u0161man, st\u00e1le nab\u00edz\u00ed chr\u00e1n\u011bn\u00fd vstup z mo\u0159e, a\u010dkoli p\u0159\u00edkop, kter\u00fd kdysi odd\u011bloval v\u00fdb\u011b\u017eek od pevniny, je d\u00e1vno zasyp\u00e1n. \u00dazk\u00e9 uli\u010dky na prvn\u00ed pohled nazna\u010duj\u00ed st\u0159edov\u011bk\u00e9 kostely a hradby; za nimi se renesan\u010dn\u00ed ba\u0161ty d\u00edvaj\u00ed dol\u016f k modern\u00edmu p\u0159\u00edstavu, kter\u00fd spojuje m\u011bsto s evropsk\u00fdmi b\u0159ehy trajektem a s nebesy na leti\u0161ti \u010dtrn\u00e1ct kilometr\u016f ve vnitrozem\u00ed.<\/p>\n<p>Sou\u010dasn\u00e9 obrysy Zadaru se poprv\u00e9 vyr\u00fdsovaly za \u0159\u00edmsk\u00e9 nadvl\u00e1dy, kdy Julius Caesar a Augustus opevnili osadu, vytesali v jej\u00edm srdci f\u00f3rum, baziliku a chr\u00e1m a polo\u017eili akvadukty pro z\u00e1sobov\u00e1n\u00ed pitnou vodou. Poz\u016fstatky t\u011bchto staveb p\u0159etrv\u00e1vaj\u00ed. Dv\u011b rozlehl\u00e1 n\u00e1m\u011bst\u00ed zdob\u00ed mramorov\u00e9 sloupy, zat\u00edmco za hradbami p\u0159ipom\u00edn\u00e1 fragmentovan\u00fd akvadukt a ambice \u0159\u00edmsk\u00fdch in\u017een\u00fdr\u016f. Tam, kde kdysi st\u00e1ly amfite\u00e1try a h\u0159bitovy, se formovalo st\u0159edov\u011bk\u00e9 m\u011bsto, jeho\u017e kostely a kl\u00e1\u0161tern\u00ed domy postupn\u011b uzav\u00edraly starov\u011bkou p\u016fdorys.<\/p>\n<p>Od st\u0159edov\u011bku se silueta Zadaru zachovala s mal\u00fdmi zm\u011bnami. Ben\u00e1t\u0161t\u00ed vl\u00e1dci na po\u010d\u00e1tku \u0161estn\u00e1ct\u00e9ho stolet\u00ed pos\u00edlili jeho obranu nov\u00fdmi hradbami, ba\u0161tami a z\u00e1kopy. A\u010dkoli tyto z\u00e1kopy \u2013 m\u00edstn\u011b zn\u00e1m\u00e9 jako Fo\u0161a \u2013 byly poh\u0159beny pod italskou okupac\u00ed, rakousk\u00e1 spr\u00e1va na konci devaten\u00e1ct\u00e9ho stolet\u00ed p\u0159em\u011bnila pevninsk\u00e9 valy na promen\u00e1dy, kter\u00e9 nab\u00edzej\u00ed \u0161irok\u00e9 promen\u00e1dy a \u00fachvatn\u00e9 v\u00fdhledy na mo\u0159e i pevninu. Ze \u010dty\u0159 p\u016fvodn\u00edch m\u011bstsk\u00fdch bran obsahuje Porta Marina fragmenty \u0159\u00edmsk\u00e9ho oblouku, zat\u00edmco Porta di Terraferma nese podpis Micheleho Sanmicheliho, veronsk\u00e9ho architekta, jeho\u017e n\u00e1vrh je dochov\u00e1n nad zdoben\u00fdm port\u00e1lem.<\/p>\n<p>Zadar, poznamenan\u00fd bombardov\u00e1n\u00edm z druh\u00e9 sv\u011btov\u00e9 v\u00e1lky, si p\u0159esto zachov\u00e1v\u00e1 mimo\u0159\u00e1dnou koncentraci pam\u00e1tek. Jeho \u0158\u00edmsk\u00e9 f\u00f3rum z\u016fst\u00e1v\u00e1 nejv\u011bt\u0161\u00edm v regionu, zalo\u017een\u00e9 za Augusta a dochovan\u00e9 n\u00e1pisy ze t\u0159et\u00edho stolet\u00ed. Nedaleko se nach\u00e1z\u00ed kostel sv. Don\u00e1ta \u2013 mohutn\u00e1 rotunda z dev\u00e1t\u00e9ho stolet\u00ed \u2013 nejv\u00fdznamn\u011bj\u0161\u00ed p\u0159edrom\u00e1nsk\u00e1 stavba v Dalm\u00e1cii. Jeho \u0161irok\u00e1 kopule a dvoupatrov\u00e1 galerie r\u00e1muj\u00ed t\u0159i v\u00fdchodn\u00ed apsidy a v interi\u00e9ru je ulo\u017eena pastora\u010dn\u00ed h\u016fl biskupa Valaressa, zhotoven\u00e1 v roce 1460. V katedr\u00e1ln\u00edm are\u00e1lu se ty\u010d\u00ed bazilika sv. Anastasie ve vrcholn\u00e9m rom\u00e1nsk\u00e9m stylu: dv\u011b zvonice obklopuj\u00ed strohou lo\u010f postavenou nap\u0159\u00ed\u010d dvan\u00e1ct\u00fdm a t\u0159in\u00e1ct\u00fdm stolet\u00edm.<\/p>\n<p>Jinde rom\u00e1nsk\u00e1 jednoduchost ustupuje gotice a pozd\u011bj\u0161\u00edm sloh\u016fm. Kostel sv. Franti\u0161ka, kde byla podeps\u00e1na m\u00edrov\u00e1 smlouva z roku 1358, ukr\u00fdv\u00e1 ch\u00f3rov\u00e9 lavice vytesan\u00e9 v roce 1394 Giovannim di Giacomem da Borgo San Sepolcro. Na n\u00e1m\u011bst\u00ed P\u011bti studn\u00ed se sm\u00ed\u0161en\u00e9 st\u00edny rozvod\u016f vody odr\u00e1\u017eej\u00ed v jin\u00e9 \u00e9\u0159e spole\u010dn\u00e9ho \u017eivota. Vstup do star\u00e9ho m\u011bsta st\u00e1le r\u00e1muje Kopensk\u00e1 br\u00e1na z devaten\u00e1ct\u00e9ho stolet\u00ed a Citadela z patn\u00e1ct\u00e9ho stolet\u00ed, zat\u00edmco Velk\u00fd arzen\u00e1l a lod\u017eie \u2013 p\u0159estav\u011bn\u00e9 v roce 1565 \u2013 hovo\u0159\u00ed o n\u00e1mo\u0159n\u00edch a ob\u010dansk\u00fdch ambic\u00edch Zadaru. Za nimi biskupsk\u00fd pal\u00e1c a b\u00fdval\u00fd pal\u00e1c prior\u016f nazna\u010duj\u00ed trvalou roli c\u00edrkve a st\u00e1tu. A v posledn\u00ed dob\u011b se jemn\u00e9 proudy Jadranu vln\u00ed po schodech modern\u00edch mo\u0159sk\u00fdch varhan, co\u017e sv\u011bd\u010d\u00ed o neust\u00e1l\u00e9m dialogu m\u011bsta mezi starov\u011bkem a inovac\u00ed.<\/p>\n<p>Klima v Zadaru je formov\u00e1no jeho pob\u0159e\u017en\u00ed polohou na hranici st\u0159edomo\u0159sk\u00fdch a vlhk\u00fdch subtropick\u00fdch vliv\u016f. Zimy jsou m\u00edrn\u00e9 a vlhk\u00e9, s pr\u016fm\u011brn\u00fdmi lednov\u00fdmi teplotami kolem 7,7 \u00b0C; siln\u00e1 chladn\u00e1 obdob\u00ed jsou vz\u00e1cn\u00e1, a\u010dkoli z\u00e1znamy zaznamen\u00e1vaj\u00ed minima -12 \u00b0C na stanici Zemunik v \u00fanoru 2018. Letn\u00ed m\u011bs\u00edce p\u0159in\u00e1\u0161ej\u00ed trval\u00e9 teplo a vlhkost, s pr\u016fm\u011brn\u00fdmi maximy v \u010dervenci a srpnu 29\u201330 \u00b0C. V nejteplej\u0161\u00ed zaznamenan\u00fd den \u2013 5. srpna 2017 \u2013 teplom\u011br vystoupal na modern\u00ed stanici na 40 \u00b0C, zat\u00edmco star\u0161\u00ed m\u011bstsk\u00fd teplom\u011br dos\u00e1hl vrcholu 39 \u00b0C 6. srpna 2022. D\u00e9\u0161\u0165 m\u016f\u017ee pr\u0161et kdykoli b\u011bhem roku, ale nejv\u011bt\u0161\u00ed v\u00e1hu maj\u00ed podzim a jaro: \u0159\u00edjen a listopad p\u0159inesou p\u0159ibli\u017en\u011b 115 mm sr\u00e1\u017eek, zat\u00edmco \u010dervenec z\u016fst\u00e1v\u00e1 nejsu\u0161\u0161\u00ed s p\u0159ibli\u017en\u011b 35 mm. Sn\u00edh je v \u00fazk\u00fdch m\u011bstsk\u00fdch ulic\u00edch t\u00e9m\u011b\u0159 nesl\u00fdchan\u00fd, objev\u00ed se snad jednou za zimu, p\u0159esto se mo\u0159e \u0159\u00edd\u00ed st\u00e1l\u00fdm sez\u00f3nn\u00edm rytmem \u2013 od 10 \u00b0C v \u00fanoru do 25 \u00b0C v polovin\u011b l\u00e9ta a ob\u010das stoupne a\u017e na 29 \u00b0C.<\/p>\n<p>Po\u010det obyvatel samotn\u00e9ho Zadaru zauj\u00edm\u00e1 25 km\u00b2 poloostrova a kopc\u016f za n\u00edm. V roce 2011 \u017eilo ve m\u011bst\u011b n\u011bco m\u00e1lo p\u0159es sedmdes\u00e1t p\u011bt tis\u00edc lid\u00ed, co\u017e z n\u011bj \u010din\u00ed druh\u00e9 nejv\u011bt\u0161\u00ed centrum v Dalm\u00e1cii a p\u00e1t\u00e9 v Chorvatsku. O deset let pozd\u011bji s\u010d\u00edt\u00e1n\u00ed lidu z roku 2021 napo\u010d\u00edtalo 70 779 obyvatel, z nich\u017e t\u00e9m\u011b\u0159 95 procent se identifikovalo jako etni\u010dt\u00ed Chorvati a zhruba 2 procenta jako Srbov\u00e9. Kdysi pulzuj\u00edc\u00ed komunita dalmatsk\u00fdch Ital\u016f, kter\u00e1 kolem roku 1910 \u010d\u00edtala p\u0159es dev\u011bt tis\u00edc lid\u00ed, se b\u011bhem a po druh\u00e9 sv\u011btov\u00e9 v\u00e1lce zmen\u0161ila a dnes zde \u017eije m\u00e9n\u011b ne\u017e sto obyvatel.<\/p>\n<p>Tyto postavy vykresluj\u00ed oblouk politick\u00e9 a kulturn\u00ed p\u0159\u00edslu\u0161nosti Zadaru. Po stalet\u00ed bylo m\u011bsto hlavn\u00edm m\u011bstem ben\u00e1tsk\u00e9 Dalm\u00e1cie, jeho\u017e ulice zn\u011bly jak italskou kultivovanost\u00ed, tak slovanskou tradic\u00ed. V patn\u00e1ct\u00e9m a\u017e sedmn\u00e1ct\u00e9m stolet\u00ed se zde rozv\u00edjeli mal\u00ed\u0159i, socha\u0159i a architekti \u2013 mezi nimi\u017e byli Giorgio da Sebenico a Francesco Laurana \u2013 a stalo se \u00fast\u0159edn\u00edm bodem chorvatsk\u00e9 liter\u00e1rn\u00ed \u010dinnosti. Petar Zorani\u0107 napsal Planine, prvn\u00ed rom\u00e1n v zemi, a Jerolim Vidoli\u0107, Brne Karnaruti\u0107 a Juraj Barakovi\u0107 roz\u0161\u00ed\u0159ili soubor lidov\u00fdch vypr\u00e1v\u011bn\u00ed. Za francouzsk\u00e9 nadvl\u00e1dy v letech 1806 a\u017e 1810 vyd\u00e1val zadarsk\u00fd tisk Il Regio Dalmata, dvojjazy\u010dn\u00e9 noviny ti\u0161t\u011bn\u00e9 v ital\u0161tin\u011b a chorvat\u0161tin\u011b \u2013 chorvatsk\u00e9 vyd\u00e1n\u00ed se objevilo poprv\u00e9 v periodick\u00e9 podob\u011b. N\u00e1rodn\u00ed obrozen\u00ed na konci devaten\u00e1ct\u00e9ho stolet\u00ed d\u00e1le upevnilo dvoj\u00ed d\u011bdictv\u00ed m\u011bsta.<\/p>\n<p>Kulturn\u00ed \u017eivot je i nad\u00e1le \u010dil\u00fd. Chorvatsk\u00e9 divadlo s\u00eddl\u00ed v neoklasicistn\u00edm s\u00e1le na okraji m\u011bsta. N\u00e1rodn\u00ed muzeum a Archeologick\u00e9 muzeum \u2013 zalo\u017een\u00e9 v roce 1830 \u2013 vystavuj\u00ed artefakty od prav\u011bku a\u017e po renesanci, zat\u00edmco Muzeum antick\u00e9ho skla mapuje m\u00edstn\u00ed techniky brou\u0161en\u00ed a fouk\u00e1n\u00ed. St\u00e1l\u00e1 expozice sakr\u00e1ln\u00edho um\u011bn\u00ed \u201eZlato a st\u0159\u00edbro Zadaru\u201c odhaluje c\u00edrkevn\u00ed kovov\u00e9 v\u00fdrobky a relikvi\u00e1\u0159e ve zdech b\u00fdval\u00e9ho kostela. Hudba tak\u00e9 p\u0159etrv\u00e1v\u00e1: Chorvatsk\u00fd p\u011bveck\u00fd hudebn\u00ed spolek Zorani\u0107, zalo\u017een\u00fd v roce 1885, pokra\u010duje ve sv\u00e9 sborov\u00e9 tradici a ka\u017ed\u00e9 l\u00e9to se klidn\u00e9 rezonance \u201eHudebn\u00edch ve\u010der\u016f v kostele sv. Don\u00e1ta\u201c, zah\u00e1jen\u00fdch v roce 1961, m\u00eds\u00ed s jadransk\u00fdm v\u00e1nkem. Od roku 1997 mezin\u00e1rodn\u00ed sborov\u00e1 sout\u011b\u017e p\u0159iv\u00e1d\u00ed hlasy ze zahrani\u010d\u00ed, aby zp\u00edvaly pod st\u0159edov\u011bk\u00fdmi klenbami Zadaru.<\/p>\n<p>Akademick\u00fd \u017eivot, p\u0159eru\u0161en\u00fd v roce 1807, byl obnoven v roce 2002 znovuzalo\u017een\u00edm Zadarsk\u00e9 univerzity, jej\u00ed\u017e st\u0159edov\u011bk\u00fd p\u0159edch\u016fdce poch\u00e1z\u00ed z roku 1396. Jej\u00ed knihovny uchov\u00e1vaj\u00ed m\u011bstsk\u00fd archiv, zat\u00edmco fakulty \u010derpaj\u00ed z role m\u011bsta jako vzd\u011bl\u00e1vac\u00edho, pr\u016fmyslov\u00e9ho a dopravn\u00edho centra severn\u00ed Dalm\u00e1cie. Administrativn\u011b slou\u017e\u00ed Zadar jako s\u00eddlo sv\u00e9 \u017eupy a \u0161ir\u0161\u00edho regionu, centrum obchodu a spr\u00e1vy.<\/p>\n<p>Dopravn\u00ed spojen\u00ed odr\u00e1\u017e\u00ed roli m\u011bsta jako kone\u010dn\u00e9 i dopravn\u00ed tepny. Zadarem proch\u00e1z\u00ed jadransk\u00e1 pob\u0159e\u017en\u00ed d\u00e1lnice, kter\u00e1 spojuje Split na jihu s Rijekou a Z\u00e1h\u0159ebem po vnitrozemsk\u00fdch tras\u00e1ch; dva k\u0159i\u017eovatky \u2013 Zadar 1 a Zadar 2 \u2013 poskytuj\u00ed p\u0159\u00edstup k m\u011bstsk\u00e9 s\u00edti, zat\u00edmco rychlostn\u00ed silnice D424 vede do p\u0159\u00edstavu Ga\u017eenica. Na sou\u0161i zaji\u0161\u0165uj\u00ed autobusy jedinou ve\u0159ejnou dopravu, mezim\u011bstsk\u00e9 autobusy jezd\u00ed na hlavn\u00edm n\u00e1dra\u017e\u00ed a p\u0159\u00edm\u011bstsk\u00e9 linky provozuje spole\u010dnost Liburnija. \u017deleznice, kter\u00e1 kdysi spojovala Zadar s Kninem a d\u00e1le, ukon\u010dila osobn\u00ed dopravu do roku 2020, \u010d\u00edm\u017e se m\u011bsto stalo jedn\u00edm z nejv\u011bt\u0161\u00edch evropsk\u00fdch m\u011bst bez p\u0159\u00edm\u00e9ho vlakov\u00e9ho spojen\u00ed. Z mo\u0159e denn\u011b vyplouvaj\u00ed trajekty do italsk\u00e9 Ancony a m\u00edstn\u00ed katamar\u00e1ny a trajekty obsluhuj\u00ed ostrovy souostrov\u00ed. Na leti\u0161ti Zemunik roz\u0161i\u0159uj\u00ed n\u00edzkon\u00e1kladov\u00ed dopravci letn\u00ed j\u00edzdn\u00ed \u0159\u00e1dy, co\u017e vede k pr\u016fm\u011brn\u00e9mu ro\u010dn\u00edmu n\u00e1r\u016fstu dopravy zhruba o 30 procent.<\/p>\n<p>P\u0159esto cestovn\u00ed ruch z\u016fst\u00e1v\u00e1 srdcem modern\u00edho \u017eivota Zadaru. N\u00e1v\u0161t\u011bvn\u00edky sem l\u00e1k\u00e1 nejen jeho mnohovrstevnat\u00e9 d\u011bdictv\u00ed, ale i kapacita m\u011bsta je ubytovat. P\u0159\u00edstav Ga\u017eenica nab\u00edz\u00ed kotvi\u0161t\u011b pro soukrom\u00e9 jachty; star\u00e9 m\u011bsto se rozkl\u00e1d\u00e1 v serpentinov\u00fdch uli\u010dk\u00e1ch, kde se kav\u00e1rny tisknou k kosteln\u00edm zd\u00edm; sou\u010dasn\u00e9 sochy, filmy a v\u00fdstavy o\u017eivuj\u00ed ve\u0159ejn\u00e1 n\u00e1m\u011bst\u00ed. Britsk\u00e9 noviny si t\u00e9to vitality v\u0161imly \u2013 The Times nazval Zadar \u201ez\u00e1bavn\u00edm centrem Jadranu\u201c, zat\u00edmco The Guardian jej v roce 2017 pok\u0159til \u201enov\u00fdm chorvatsk\u00fdm hlavn\u00edm m\u011bstem \u0161mrncu\u201c \u2013 p\u0159esto takov\u00e9 p\u0159\u00edvlastky jen nazna\u010duj\u00ed skute\u010dnou podstatu m\u011bsta. V rann\u00edm sv\u011btle se schody u mo\u0159sk\u00e9 zdi, po kter\u00fdch zn\u00ed pronikav\u00e9 t\u00f3ny varhan, jev\u00ed jako nad\u010dasov\u00e9. P\u0159i z\u00e1padu slunce se cinkaj\u00edc\u00ed harmonie m\u00eds\u00ed s k\u0159ikem rack\u016f a n\u00e1v\u0161t\u011bvn\u00edci se zastavuj\u00ed, aby zachytili proch\u00e1zej\u00edc\u00ed sv\u011btlo na stalet\u00fdch kamenech.<\/p>\n<p>V takov\u00fdch chv\u00edl\u00edch se Zadar odhaluje nikoli jako statick\u00e9 muzeum, ale jako m\u00edsto, kde historie, klima a kultura neust\u00e1le prob\u00edhaj\u00ed v dialogu. Ka\u017ed\u00fd vchod do kostela, ka\u017ed\u00fd \u00fasek zdi sv\u011bd\u010d\u00ed o p\u0159e\u017eit\u00ed za m\u011bn\u00edc\u00edch se suverenit. Jeho obyvatel\u00e9 sleduj\u00ed zn\u00e1m\u00e9 cesty z p\u0159\u00edstavu na n\u00e1m\u011bst\u00ed, z parku na mysu na vyv\u00fd\u0161en\u00e9 hradby a p\u0159en\u00e1\u0161ej\u00ed rytmy ka\u017edodenn\u00edho \u017eivota ve m\u011bst\u011b formovan\u00e9m imp\u00e9riem a mo\u0159em. Zde, na nejstar\u0161\u00ed sc\u00e9n\u011b Chorvatska, p\u0159etrv\u00e1v\u00e1 nep\u0159eru\u0161en\u00e1 nit lidsk\u00e9ho os\u00eddlen\u00ed, nikoli jako artefakt, ale jako pokra\u010duj\u00edc\u00ed p\u0159\u00edb\u011bh \u2013 p\u0159\u00edb\u011bh, v n\u011bm\u017e se sou\u010dasnost ve sv\u00e9m \u010dase st\u00e1v\u00e1 minulost\u00ed, kterou si znovu p\u0159edstav\u00ed ti, kdo ji n\u00e1sleduj\u00ed.<\/p>","protected":false},"excerpt":{"rendered":"<p>Zadar, uzn\u00e1van\u00fd jako nejstar\u0161\u00ed nep\u0159etr\u017eit\u011b obydlen\u00e9 m\u011bsto Chorvatska, le\u017e\u00ed v severoz\u00e1padn\u00ed oblasti Ravni Kotari pod\u00e9l Jadersk\u00e9ho mo\u0159e. S po\u010dtem obyvatel 75 082 v roce 2011 se Zadar \u0159ad\u00ed mezi p\u00e1t\u00e9 nejv\u011bt\u0161\u00ed m\u011bsto v Chorvatsku a druh\u00e9 nejv\u011bt\u0161\u00ed v Dalm\u00e1cii. Tento metropolitn\u00ed uzel o rozloze 25 kilometr\u016f \u010dtvere\u010dn\u00edch (9,7 mil \u010dtvere\u010dn\u00edch), kter\u00fd odr\u00e1\u017e\u00ed kombinaci historick\u00e9ho d\u011bdictv\u00ed a modern\u00edho v\u00fdznamu, slou\u017e\u00ed jako administrativn\u00ed s\u00eddlo Zadarsk\u00e9 \u017eupy a oblasti severn\u00ed Dalm\u00e1cie.<\/p>","protected":false},"author":1,"featured_media":2861,"parent":14435,"menu_order":0,"comment_status":"closed","ping_status":"closed","template":"elementor_theme","meta":{"_eb_attr":"","footnotes":""},"class_list":["post-14441","page","type-page","status-publish","has-post-thumbnail"],"_links":{"self":[{"href":"https:\/\/travelshelper.com\/cs\/wp-json\/wp\/v2\/pages\/14441","targetHints":{"allow":["GET"]}}],"collection":[{"href":"https:\/\/travelshelper.com\/cs\/wp-json\/wp\/v2\/pages"}],"about":[{"href":"https:\/\/travelshelper.com\/cs\/wp-json\/wp\/v2\/types\/page"}],"author":[{"embeddable":true,"href":"https:\/\/travelshelper.com\/cs\/wp-json\/wp\/v2\/users\/1"}],"replies":[{"embeddable":true,"href":"https:\/\/travelshelper.com\/cs\/wp-json\/wp\/v2\/comments?post=14441"}],"version-history":[{"count":0,"href":"https:\/\/travelshelper.com\/cs\/wp-json\/wp\/v2\/pages\/14441\/revisions"}],"up":[{"embeddable":true,"href":"https:\/\/travelshelper.com\/cs\/wp-json\/wp\/v2\/pages\/14435"}],"wp:featuredmedia":[{"embeddable":true,"href":"https:\/\/travelshelper.com\/cs\/wp-json\/wp\/v2\/media\/2861"}],"wp:attachment":[{"href":"https:\/\/travelshelper.com\/cs\/wp-json\/wp\/v2\/media?parent=14441"}],"curies":[{"name":"wp","href":"https:\/\/api.w.org\/{rel}","templated":true}]}}