{"id":14435,"date":"2024-09-19T14:14:16","date_gmt":"2024-09-19T14:14:16","guid":{"rendered":"https:\/\/travelshelper.com\/staging\/?page_id=14435"},"modified":"2026-03-11T22:48:07","modified_gmt":"2026-03-11T22:48:07","slug":"chorvatsko","status":"publish","type":"page","link":"https:\/\/travelshelper.com\/cs\/destinations\/europe\/croatia\/","title":{"rendered":"Chorvatsko"},"content":{"rendered":"<p>Chorvatsko le\u017e\u00ed na soutoku st\u0159edn\u00ed a jihov\u00fdchodn\u00ed Evropy a jeho \u010dlenit\u00e9 pob\u0159e\u017e\u00ed se t\u00e1hne p\u0159es 1700 kilometr\u016f pod\u00e9l Jadersk\u00e9ho mo\u0159e. V r\u00e1mci sv\u00fdch hranic \u2013 56 594 kilometr\u016f \u010dtvere\u010dn\u00edch pevniny a 128 kilometr\u016f \u010dtvere\u010dn\u00edch vnitrozemsk\u00e9 vody \u2013 tato republika zahrnuje pozoruhodnou rozmanitost ter\u00e9nu a kultury. Na severoz\u00e1pad\u011b m\u00e1 Slovinsko m\u00edrnou hranici; na severov\u00fdchod\u011b se rozprost\u00edr\u00e1 ma\u010farsk\u00e1 n\u00ed\u017eina; na v\u00fdchod\u011b Srbsko; a d\u00e1le na jih Bosnu a Hercegovinu a \u010cernou Horu. P\u0159es \u00fazk\u00fd pruh mo\u0159e na z\u00e1pad\u011b le\u017e\u00ed It\u00e1lie. Na dalek\u00e9m jihu, kolem Dubrovn\u00edku, nyn\u00ed Pelje\u0161ack\u00fd most p\u0159eklenuje pr\u016fliv, kter\u00fd kdysi odd\u011bloval pob\u0159e\u017en\u00ed enkl\u00e1vu od pevniny. Vnit\u0159n\u011b se Chorvatsko d\u011bl\u00ed na Z\u00e1h\u0159eb a dvacet \u017eup, p\u0159i\u010dem\u017e Z\u00e1h\u0159eb \u2013 jeho hlavn\u00ed a nejv\u011bt\u0161\u00ed m\u011bsto \u2013 funguje jak jako m\u011bstsk\u00e9 centrum, tak jako samostatn\u00e1 administrativn\u00ed jednotka. Mezi dal\u0161\u00ed v\u00fdznamn\u00e1 m\u011bstsk\u00e1 centra pat\u0159\u00ed Split, Rijeka a Osijek, z nich\u017e ka\u017ed\u00e9 ukotvuje odli\u0161n\u00e9 regiony historie a hospod\u00e1\u0159stv\u00ed. T\u00e9m\u011b\u0159 3,9 milionu lid\u00ed \u017eije uprost\u0159ed zvln\u011bn\u00fdch kopc\u016f Chorvatsk\u00e9ho z\u00e1ho\u0159\u00ed, \u00farodn\u00fdch rovin Slavonie, v\u00e1pencov\u00fdch v\u00fd\u0161in Din\u00e1rsk\u00fdch Alp a nes\u010detn\u00fdch ostrov\u016f, kter\u00e9 rozprost\u00edraj\u00ed pob\u0159e\u017e\u00ed Jadersk\u00e9ho mo\u0159e.<\/p>\n<p>Po\u010d\u00e1tky chorvatsk\u00e9ho z\u0159\u00edzen\u00ed sahaj\u00ed a\u017e do konce \u0161est\u00e9ho stolet\u00ed, kdy slovansk\u00e9 kmeny \u2013 pozd\u011bji zn\u00e1m\u00e9 jako Chorvati \u2013 os\u00eddlily \u0159\u00edmskou Il\u00fdrii. Do sedm\u00e9ho stolet\u00ed vytvo\u0159ily pod\u00e9l dalmatsk\u00e9ho pob\u0159e\u017e\u00ed dv\u011b v\u00e9vodstv\u00ed. V roce 879 dos\u00e1hl v\u00e9voda Branimir form\u00e1ln\u00edho uzn\u00e1n\u00ed chorvatsk\u00e9 nez\u00e1vislosti a nav\u00e1zal s pape\u017estv\u00edm vazby, kter\u00e9 mu nad\u00e1le slou\u017eily jako politick\u00e1 pojistka. Za kr\u00e1le Tomislava, korunovan\u00e9ho v roce 925, se Chorvatsko stalo kr\u00e1lovstv\u00edm, kter\u00e9 upevnilo svou moc nad pob\u0159e\u017e\u00edm a vnitrozem\u00edm. Dynastick\u00e1 krize na konci rodu Trpimirovi\u0107\u016f vedla v roce 1102 k person\u00e1ln\u00ed unii s Uherskem, p\u0159esto si chorvatsk\u00e1 \u0161lechta v n\u00e1sleduj\u00edc\u00edch stolet\u00edch zachovala odli\u0161n\u00e9 pr\u00e1vn\u00ed a spr\u00e1vn\u00ed tradice i pod habsburskou vl\u00e1dou. V roce 1527, tv\u00e1\u0159\u00ed v tv\u00e1\u0159 osmansk\u00fdm vp\u00e1d\u016fm, se chorvatsk\u00fd parlament znovu obr\u00e1til na Habsburky a zvolil na tr\u016fn Ferdinanda I.<\/p>\n<p>Dvac\u00e1t\u00e9 stolet\u00ed p\u0159ineslo turbulence a transformaci. V \u0159\u00edjnu 1918 se St\u00e1t Slovinc\u016f, Chorvat\u016f a Srb\u016f vyhl\u00e1sil za nez\u00e1visl\u00fd na rozpadaj\u00edc\u00edm se Rakousko-Uhersku, aby se o dva m\u011bs\u00edce pozd\u011bji p\u0159ipojil ke Kr\u00e1lovstv\u00ed Srb\u016f, Chorvat\u016f a Slovinc\u016f. Po invazi Osy do Jugosl\u00e1vie v roce 1941 vytvo\u0159ila v\u011bt\u0161ina modern\u00edho Chorvatska loutkov\u00fd Nez\u00e1visl\u00fd st\u00e1t Chorvatsko. Nakonec zv\u00edt\u011bzil komunistick\u00fd odpor a Socialistick\u00e1 republika Chorvatsko se stala feder\u00e1ln\u00ed sou\u010d\u00e1st\u00ed Socialistick\u00e9 federativn\u00ed republiky Jugosl\u00e1vie. Dne 25. \u010dervna 1991 Chorvatsko vyhl\u00e1silo svou suverenitu. N\u00e1sledoval \u010dty\u0159let\u00fd konflikt, kter\u00fd dos\u00e1hl sv\u00e9ho z\u00e1v\u011bru a\u017e obnoven\u00edm \u00fazemn\u00ed celistvosti a reintegrac\u00ed vys\u00eddlen\u00e9ho obyvatelstva v roce 1995.<\/p>\n<p>Chorvatsko dnes funguje jako demokratick\u00e1 republika s parlamentn\u00edm syst\u00e9mem. Pln\u011b se \u00fa\u010dastn\u00ed evropsk\u00fdch a mezin\u00e1rodn\u00edch instituc\u00ed: Evropsk\u00e9 unie a jej\u00ed euroz\u00f3ny a schengensk\u00e9ho prostoru; NATO; Organizace spojen\u00fdch n\u00e1rod\u016f; Rady Evropy; OBSE; Sv\u011btov\u00e9 obchodn\u00ed organizace; a Unie pro St\u0159edomo\u0159\u00ed. Jako kandid\u00e1t na \u010dlenstv\u00ed v OECD p\u0159isp\u011blo voj\u00e1ky do m\u00edrov\u00fdch mis\u00ed OSN a kdysi zast\u00e1valo nest\u00e1l\u00e9 k\u0159eslo v Rad\u011b bezpe\u010dnosti OSN.<\/p>\n<p>Z ekonomick\u00e9ho hlediska se Chorvatsko \u0159ad\u00ed mezi rozvinut\u00e9 zem\u011b s vysok\u00fdmi p\u0159\u00edjmy. Jeho nomin\u00e1ln\u00ed HDP by m\u011bl v roce 2024 dos\u00e1hnout p\u0159ibli\u017en\u011b 88 miliard USD, co\u017e je asi 22 966 USD na obyvatele, zat\u00edmco HDP m\u011b\u0159en\u00fd paritou kupn\u00ed s\u00edly se bl\u00ed\u017e\u00ed 175 miliard\u00e1m USD, tj. 45 702 USD na osobu. Re\u00e1ln\u00fd r\u016fst v roce 2023 \u010dinil 2,8 procenta, p\u0159i\u010dem\u017e HDP na obyvatele dosahoval zhruba 76 procent pr\u016fm\u011bru EU. Sektor slu\u017eeb se pod\u00edl\u00ed na hospod\u00e1\u0159sk\u00e9m v\u00fdkonu p\u0159ibli\u017en\u011b 70 procenty, pr\u016fmysl asi 26 procenty a zem\u011bd\u011blstv\u00ed necel\u00fdmi 4 procenty. Mezi hlavn\u00ed pr\u016fmyslov\u00e1 odv\u011btv\u00ed pat\u0159\u00ed stavba lod\u00ed, zpracov\u00e1n\u00ed potravin, farmaceutick\u00fd pr\u016fmysl, informa\u010dn\u00ed technologie a d\u0159eva\u0159stv\u00ed. Obzvl\u00e1\u0161t\u011b d\u016fle\u017eit\u00fd z\u016fst\u00e1v\u00e1 cestovn\u00ed ruch, kter\u00fd v roce 2019 vygeneroval t\u00e9m\u011b\u0159 10,5 miliardy EUR a p\u0159ed pandemi\u00ed p\u0159il\u00e1kal t\u00e9m\u011b\u0159 20 milion\u016f n\u00e1v\u0161t\u011bvn\u00edk\u016f. K jeho atraktivit\u011b p\u0159isp\u00edvaj\u00ed p\u0159\u00edmo\u0159sk\u00e1 letoviska a kulturn\u00ed festivaly pod\u00e9l dalmatsk\u00e9ho pob\u0159e\u017e\u00ed, agroturistika ve vnitrozem\u00ed a m\u011bstsk\u00e9 atrakce v Z\u00e1h\u0159ebu. Vl\u00e1da od po\u010d\u00e1tku prvn\u00edho desetilet\u00ed 21. stolet\u00ed zna\u010dn\u011b investovala do silnic a \u017eeleznic pod\u00e9l \u010dty\u0159 panevropsk\u00fdch koridor\u016f a do termin\u00e1lu pro dovoz zkapaln\u011bn\u00e9ho zemn\u00edho plynu LNG Hrvatska u ostrova Krk.<\/p>\n<p>Geograficky je Chorvatsko pozoruhodn\u00e9. Vrcholy se ty\u010d\u00ed k vrcholu Din\u00e1ry v nadmo\u0159sk\u00e9 v\u00fd\u0161ce 1 831 metr\u016f a sva\u017euj\u00ed se k pob\u0159e\u017e\u00ed Jadersk\u00e9ho mo\u0159e. Ve vnitrozem\u00ed se nach\u00e1z\u00ed Panonsk\u00e1 p\u00e1nev, kter\u00e1 nab\u00edz\u00ed ploch\u00e9 roviny a \u0159\u00ed\u010dn\u00ed \u00fadol\u00ed \u2013 Dunaj a Dr\u00e1va zaji\u0161\u0165uj\u00ed dopravu a zavla\u017eov\u00e1n\u00ed \u2013 zat\u00edmco Din\u00e1rsk\u00e9 Alpy a krasov\u00e9 plo\u0161iny tvo\u0159\u00ed \u010dlenit\u00fd p\u00e1te\u0159. Pod\u00e9l pob\u0159e\u017e\u00ed se rozkl\u00e1d\u00e1 p\u0159es tis\u00edc ostrov\u016f a ostr\u016fvk\u016f, z nich\u017e 48 je trvale obydlen\u00fdch; Cres a Krk se rozkl\u00e1daj\u00ed na plo\u0161e p\u0159ibli\u017en\u011b 405 kilometr\u016f \u010dtvere\u010dn\u00edch. Krasov\u00e9 propadliny, podzemn\u00ed \u0159eky a jeskyn\u011b hlubok\u00e9 v\u00edce ne\u017e tis\u00edc metr\u016f sv\u011bd\u010d\u00ed o v\u00e1pencov\u00fdch z\u00e1kladech regionu. Mezi nejslavn\u011bj\u0161\u00ed p\u0159\u00edrodn\u00ed divy pat\u0159\u00ed Plitvick\u00e1 jezera, kde se uprost\u0159ed lesa kask\u00e1dovit\u011b t\u00e1hne s\u00e9rie \u0161estn\u00e1cti jezer porostl\u00fdch tufem, jejich\u017e odst\u00edny vody se m\u011bn\u00ed od azurov\u00e9 po m\u00e1tov\u011b zelenou.<\/p>\n<p>Klima se v\u00fdrazn\u011b li\u0161\u00ed. Kontinent\u00e1ln\u00ed Chorvatsko m\u00e1 chladn\u00e9 zimy s pr\u016fm\u011brn\u00fdmi lednov\u00fdmi teplotami kolem \u20133 \u00b0C a tepl\u00e1 l\u00e9ta v \u010dervenci kolem 18 \u00b0C. Lika a Gorski Kotar, v nadmo\u0159sk\u00e9 v\u00fd\u0161ce nad 1 200 metr\u016f, se vyzna\u010duj\u00ed zna\u010dn\u00fdm sn\u011b\u017een\u00edm. Pod\u00e9l Jadersk\u00e9ho mo\u0159e st\u0159edomo\u0159sk\u00fd vliv zm\u00edr\u0148uje extr\u00e9my: l\u00e9ta jsou hork\u00e1 a such\u00e1, zimy m\u00edrn\u00e9 a vlhk\u00e9. Sr\u00e1\u017eky se pohybuj\u00ed od 600 milimetr\u016f ro\u010dn\u011b na v\u00fdchodn\u00edch n\u00ed\u017ein\u00e1ch do v\u00edce ne\u017e 3 500 milimetr\u016f na vrcholc\u00edch Din\u00e1rsk\u00fdch hor. Nejslunn\u011bj\u0161\u00edmi m\u00edsty jsou vn\u011bj\u0161\u00ed ostrovy \u2013 Hvar a Kor\u010dula \u2013 s v\u00edce ne\u017e 2 700 hodinami slune\u010dn\u00edho svitu ro\u010dn\u011b. Mezi v\u011btry vane such\u00e1, n\u00e1razov\u00e1 b\u00f3ra ze severov\u00fdchodu a vlhk\u00e9 jugo z jihu.<\/p>\n<p>Chorvatsk\u00e1 infrastruktura se od p\u0159elomu tis\u00edcilet\u00ed rychle rozrostla. Do prosince 2020 se jeho d\u00e1lni\u010dn\u00ed s\u00ed\u0165 roz\u0161\u00ed\u0159ila na v\u00edce ne\u017e 1 300 kilometr\u016f a spojovala velk\u00e1 m\u011bsta po d\u00e1lnici A1 ze Z\u00e1h\u0159ebu do Splitu a po d\u00e1lnici A3 p\u0159es Slavonii. Tuto s\u00ed\u0165 z\u00e1sobuj\u00ed st\u00e1tn\u00ed silnice a organizace EuroTAP a EuroTest uznaly jej\u00ed vysok\u00e9 bezpe\u010dnostn\u00ed standardy. \u017deleznice se t\u00e1hnou p\u0159ibli\u017en\u011b 2 600 kilometr\u016f, z nich\u017e t\u00e9m\u011b\u0159 1 000 kilometr\u016f je elektrifikov\u00e1no. V\u00fdznamn\u00e9 investice v roce 2024 \u2013 zejm\u00e9na \u00fav\u011br od Evropsk\u00e9 investi\u010dn\u00ed banky ve v\u00fd\u0161i 400 milion\u016f eur \u2013 si kladou za c\u00edl modernizovat trat\u011b a po\u0159\u00eddit \u0161est elektrodieselov\u00fdch motorov\u00fdch jednotek s c\u00edlem zlep\u0161it spojen\u00ed mezi Splitem a Z\u00e1h\u0159ebem. Pelje\u0161ack\u00fd most o d\u00e9lce 2,4 kilometru, otev\u0159en\u00fd v \u010dervenci 2022, nyn\u00ed spojuje ji\u017en\u00ed exkl\u00e1vu s pevninou a zkracuje trasy na Kor\u010dulu a Lastovo o v\u00edce ne\u017e 32 kilometr\u016f.<\/p>\n<p>S\u00ed\u0165 sedmi mezin\u00e1rodn\u00edch leti\u0161\u0165 slou\u017e\u00ed dom\u00e1c\u00edm i zahrani\u010dn\u00edm cestuj\u00edc\u00edm. Nejv\u011bt\u0161\u00ed je leti\u0161t\u011b Franjo Tu\u0111mana v Z\u00e1h\u0159ebu, zat\u00edmco Split, Dubrovn\u00edk, Zadar, Pula, Rijeka a Osijek zaji\u0161\u0165uj\u00ed sez\u00f3nn\u00ed a region\u00e1ln\u00ed dopravu. Od poloviny roku 2024 za\u010dala spole\u010dnost Croatia Airlines integrovat letadla Airbus A220-300, co\u017e p\u0159edpokl\u00e1d\u00e1 25% sn\u00ed\u017een\u00ed spot\u0159eby paliva a emis\u00ed. Dopravce tak\u00e9 roz\u0161\u00ed\u0159il trasy a zah\u00e1jil p\u0159\u00edm\u00e9 lety mezi Z\u00e1h\u0159ebem a m\u011bsty, jako je Tirana, Berl\u00edn, Stockholm a Hamburk.<\/p>\n<p>N\u00e1mo\u0159n\u00ed doprava z\u016fst\u00e1v\u00e1 nepostradateln\u00e1. Nejv\u011bt\u0161\u00ed objem n\u00e1kladu odbavuje p\u0159\u00edstav Rijeka, zat\u00edmco osobn\u00ed doprava vrchol\u00ed ve Splitu a Zadaru. \u0158\u00ed\u010dn\u00ed obchod prot\u00e9k\u00e1 Vukovarem po Dunaji a je napojen na panevropsk\u00fd koridor VII.<\/p>\n<p>Demograficky m\u00e1 Chorvatsko p\u0159ibli\u017en\u011b 3,87 milionu obyvatel, co\u017e je hustota zalidn\u011bn\u00ed zhruba 73 obyvatel na kilometr \u010dtvere\u010dn\u00ed \u2013 co\u017e je m\u00e9n\u011b ne\u017e v mnoha evropsk\u00fdch st\u00e1tech. O\u010dek\u00e1van\u00e1 d\u00e9lka \u017eivota p\u0159i narozen\u00ed dos\u00e1hla do roku 2018 76,3 let. V\u00e1lka za nez\u00e1vislost vedla k zna\u010dn\u00e9mu vys\u00eddlen\u00ed: z p\u0159ev\u00e1\u017en\u011b okupovan\u00fdch oblast\u00ed uprchlo nebo bylo vyhn\u00e1no v\u00edce ne\u017e 400 000 Chorvat\u016f a p\u0159ed operac\u00ed Bou\u0159e ode\u0161lo 150 000 a\u017e 200 000 Srb\u016f. V n\u00e1sleduj\u00edc\u00edch letech se mnoho lid\u00ed vr\u00e1tilo a z\u00e1rove\u0148 se do zem\u011b znovu usadili vys\u00eddlen\u00ed Chorvati z Bosny a Hercegoviny.<\/p>\n<p>Chorvatsko je ofici\u00e1ln\u011b sekul\u00e1rn\u00ed zem\u00ed a zaru\u010duje svobodu n\u00e1bo\u017eensk\u00e9ho vyzn\u00e1n\u00ed. Podle s\u010d\u00edt\u00e1n\u00ed lidu z roku 2011 tvo\u0159\u00ed k\u0159es\u0165an\u00e9 p\u0159es 91 procent populace, p\u0159ev\u00e1\u017en\u011b \u0159\u00edmskokatolick\u00e9 (86 procent), n\u00e1sledovan\u00e9 pravoslavn\u00fdmi a protestantsk\u00fdmi komunitami. Isl\u00e1m tvo\u0159\u00ed zhruba 1,5 procenta, zat\u00edmco 4,6 procenta se identifikuje jako nev\u011b\u0159\u00edc\u00ed. Pravideln\u00e1 n\u00e1v\u0161t\u011bvnost kostela v\u0161ak z\u016fst\u00e1v\u00e1 pod 25 procenty.<\/p>\n<p>Chorvat\u0161tina je jedin\u00fdm \u00fa\u0159edn\u00edm jazykem, jihoslovansk\u00fdm jazykem psan\u00fdm latinkou. Men\u0161inov\u00e9 jazyky \u2013 \u010de\u0161tina, ma\u010far\u0161tina, ital\u0161tina, srb\u0161tina a sloven\u0161tina \u2013 se t\u011b\u0161\u00ed ofici\u00e1ln\u00edmu statusu v obc\u00edch, kde jejich mluv\u010d\u00ed tvo\u0159\u00ed v\u00edce ne\u017e t\u0159etinu m\u00edstn\u00edho obyvatelstva; uzn\u00e1v\u00e1ny jsou i dal\u0161\u00ed jazyky, jako je alb\u00e1n\u0161tina, bosen\u0161tina a ture\u010dtina. T\u0159i hlavn\u00ed dialekty \u2013 \u0161tokav\u0161tina, \u010dakav\u0161tina a kajkav\u0161tina \u2013 odr\u00e1\u017eej\u00ed historick\u00e9 vzorce os\u00eddlen\u00ed.<\/p>\n<p>Kultura v Chorvatsku prol\u00edn\u00e1 st\u0159edoevropsk\u00e9, st\u0159edomo\u0159sk\u00e9, balk\u00e1nsk\u00e9 a byzantsk\u00e9 vlivy. Ministerstvo kultury chr\u00e1n\u00ed deset pam\u00e1tek sv\u011btov\u00e9ho d\u011bdictv\u00ed UNESCO na sou\u0161i a patn\u00e1ct prvk\u016f nehmotn\u00e9ho d\u011bdictv\u00ed, co\u017e je \u010dtvrt\u00e9 m\u00edsto na sv\u011bt\u011b v tomto ohledu. Odkaz ilyrsk\u00e9ho hnut\u00ed devaten\u00e1ct\u00e9ho stolet\u00ed z\u016fst\u00e1v\u00e1 kl\u00ed\u010dov\u00fd a podn\u00edtil n\u00e1rodn\u00ed renesanci v literatu\u0159e, um\u011bn\u00ed a vzd\u011blanosti. Dnes v\u00edce ne\u017e devades\u00e1t profesion\u00e1ln\u00edch divadel, \u010dty\u0159icet orchestr\u016f a sbor\u016f a p\u0159es dv\u011b st\u011b muze\u00ed slou\u017e\u00ed publiku v \u0159\u00e1du milion\u016f lid\u00ed ro\u010dn\u011b. Knihovny a archivy, jako je n\u00e1rodn\u00ed syst\u00e9m 1 768 knihoven s 26,8 miliony svazk\u016f, uchov\u00e1vaj\u00ed bohatou p\u00edsemnou tradici. P\u0159\u00edsp\u011bvek Chorvatska ke glob\u00e1ln\u00ed m\u00f3d\u011b za\u010dal v sedmn\u00e1ct\u00e9m stolet\u00ed s kravatou, p\u0159edch\u016fdcem modern\u00ed kravaty.<\/p>\n<p>Kulin\u00e1\u0159sk\u00e9 vzorce se li\u0161\u00ed podle regionu. Pod\u00e9l pob\u0159e\u017e\u00ed p\u0159evl\u00e1daj\u00ed st\u0159edomo\u0159sk\u00e9 chut\u011b: olivov\u00fd olej, \u010desnek, mo\u0159sk\u00e9 plody a t\u011bstoviny; ve vnitrozem\u00ed d\u00e1vaj\u00ed st\u0159edoevropsk\u00e9 a balk\u00e1nsk\u00e9 vlivy vzniknout vydatn\u00fdm masov\u00fdm pokrm\u016fm, sladkovodn\u00edm ryb\u00e1m a zeleninov\u00fdm du\u0161en\u00fdm pokrm\u016fm. Mapu rozd\u011bluj\u00ed dv\u011b vina\u0159sk\u00e9 oblasti. V kontinent\u00e1ln\u00ed Slavonii vina\u0159stv\u00ed produkuj\u00ed k\u0159upav\u00e1 b\u00edl\u00e1 v\u00edna; pod\u00e9l Istrijsk\u00e9ho poloostrova a severn\u00edho pob\u0159e\u017e\u00ed v\u00edna p\u0159ipom\u00ednaj\u00ed italsk\u00e9 styly; a v Dalm\u00e1cii se pod st\u0159edomo\u0159sk\u00fdm sluncem da\u0159\u00ed \u010derven\u00fdm v\u00edn\u016fm. Ro\u010dn\u00ed produkce v\u00edna p\u0159esahuje 72 milion\u016f litr\u016f. Pivovarsk\u00e9 tradice se objevily na konci osmn\u00e1ct\u00e9ho stolet\u00ed, d\u00edky \u010demu\u017e se pivo stalo nejkonzumovan\u011bj\u0161\u00edm alkoholick\u00fdm n\u00e1pojem v zemi. Jeden\u00e1ct restaurac\u00ed z\u00edskalo michelinsk\u00e9 hv\u011bzdy a osmdes\u00e1t osm dal\u0161\u00edch bylo ocen\u011bno za kulin\u00e1\u0159skou dokonalost.<\/p>\n<p>Cestovn\u00ed ruch utv\u00e1\u0159\u00ed mezin\u00e1rodn\u00ed image Chorvatska. Pob\u0159e\u017en\u00ed st\u0159edov\u011bk\u00e1 m\u011bsta \u2013 mezi nimi Dubrovn\u00edk, Split, \u0160ibenik a Zadar \u2013 nab\u00edzej\u00ed ba\u0161ty st\u0159edov\u011bk\u00e9 architektury a letn\u00edch festival\u016f. Prvn\u00edm letoviskem, Opatija, se stala v polovin\u011b devaten\u00e1ct\u00e9ho stolet\u00ed obl\u00edben\u00e1 jako l\u00e1ze\u0148sk\u00e9 centrum pro evropskou elitu. Lodn\u00ed p\u0159\u00edstavy pojmou p\u0159es \u0161estn\u00e1ct tis\u00edc jachet a p\u0159itahuj\u00ed n\u00e1v\u0161t\u011bvn\u00edky l\u00e1kan\u00e9 pr\u016fzra\u010dnost\u00ed nezne\u010di\u0161t\u011bn\u00fdch vod a 116 pl\u00e1\u017e\u00ed ocen\u011bn\u00fdch Modrou vlajkou. Mezi atrakce ve vnitrozem\u00ed pat\u0159\u00ed n\u00e1rodn\u00ed parky Plitvick\u00e1 jezera a Krka, horsk\u00e9 l\u00e1zn\u011b a agroturistick\u00e9 farmy. Z\u00e1h\u0159eb se sv\u00fdmi rakousko-uhersk\u00fdmi bulv\u00e1ry a kulturou pouli\u010dn\u00edch kav\u00e1ren konkuruje pob\u0159e\u017en\u00edm destinac\u00edm v celoro\u010dn\u00ed atraktivit\u011b. Chorvatsko bylo pr\u016fkopn\u00edkem v oblasti komer\u010dn\u00edch nudistick\u00fdch resort\u016f v Evrop\u011b; asi patn\u00e1ct procent ro\u010dn\u00edch n\u00e1v\u0161t\u011bvn\u00edk\u016f \u2013 p\u0159es milion lid\u00ed \u2013 se \u00fa\u010dastn\u00ed naturismu na ur\u010den\u00fdch a neform\u00e1ln\u00edch pl\u00e1\u017e\u00edch ozna\u010den\u00fdch \u201eFKK\u201c.<\/p>\n<p>Krom\u011b rekrea\u010dn\u00ed turistiky se zdravotn\u00ed cestov\u00e1n\u00ed rozrostlo jako specializovan\u00fd sektor. Zubn\u00ed kliniky v Z\u00e1h\u0159ebu, Splitu a Rijece, kter\u00e9 spl\u0148uj\u00ed vzd\u011bl\u00e1vac\u00ed standardy EU, se staraj\u00ed o klienty, kte\u0159\u00ed hledaj\u00ed kr\u00e1tkodobou l\u00e9\u010dbu.<\/p>\n<p>N\u00e1v\u0161t\u011bvn\u00edk\u016fm se doporu\u010duje, aby dbal na bezpe\u010dnostn\u00ed a zdravotn\u00ed aspekty. Z\u00e1chrann\u00e9 slo\u017eky jsou dostupn\u00e9 na \u010d\u00edsle 112 a jednotlivci jsou ze z\u00e1kona povinni nosit pr\u016fkaz toto\u017enosti. M\u00edra kriminality z\u016fst\u00e1v\u00e1 v porovn\u00e1n\u00ed s region\u00e1ln\u00edmi standardy n\u00edzk\u00e1 a p\u0159\u00edpady korupce nebo vyd\u00edr\u00e1n\u00ed jsou neobvykl\u00e9. Milovn\u00edci outdoorov\u00fdch aktivit by se m\u011bli poradit s m\u00edstn\u00edmi \u00fa\u0159ady o zb\u00fdvaj\u00edc\u00edch minov\u00fdch pol\u00edch ve venkovsk\u00fdch oblastech \u2013 odkazu konfliktu z let 1991\u201395 \u2013 ale zpevn\u011bn\u00e9 cesty jsou pova\u017eov\u00e1ny za bezpe\u010dn\u00e9. V\u00edtr b\u00f3ra, zejm\u00e9na pod\u00e9l masivu Velebit, m\u016f\u017ee dos\u00e1hnout rychlosti p\u0159esahuj\u00edc\u00ed 200 km\/h; \u00fa\u0159ady uzav\u00edraj\u00ed silnice, kdy\u017e se podm\u00ednky stanou nebezpe\u010dn\u00fdmi. Turist\u00e9 se odrazuj\u00ed od n\u00e1v\u0161t\u011bv neleg\u00e1ln\u00edch stript\u00fdzov\u00fdch klub\u016f, kter\u00e9 jsou n\u00e1chyln\u00e9 k p\u0159edra\u017een\u00ed cen. I kdy\u017e je diskriminace LGBT osob mo\u017en\u00e1, zejm\u00e9na ve venkovsk\u00fdch oblastech, m\u011bstsk\u00e1 centra b\u00fdvaj\u00ed tolerantn\u011bj\u0161\u00ed. Voda z kohoutku je v\u0161eobecn\u011b pova\u017eov\u00e1na za mimo\u0159\u00e1dn\u011b \u010distou, i kdy\u017e n\u00e1v\u0161t\u011bvn\u00edci mohou preferovat balen\u00e9 zna\u010dky, jako je Jamnica nebo Jana. Cestovatel\u00e9, kte\u0159\u00ed se v letn\u00edch m\u011bs\u00edc\u00edch vyd\u00e1vaj\u00ed do kontinent\u00e1ln\u00edch les\u016f, by se m\u011bli chr\u00e1nit p\u0159ed kl\u00ed\u0161\u0165aty a souvisej\u00edc\u00edmi nemocemi no\u0161en\u00edm ochrann\u00e9ho oble\u010den\u00ed a pou\u017e\u00edv\u00e1n\u00edm repelent\u016f. Pro vstup nen\u00ed vy\u017eadov\u00e1no \u017e\u00e1dn\u00e9 o\u010dkov\u00e1n\u00ed.<\/p>\n<p>Chorvatsk\u00e1 tapiserie krajin, historick\u00fdch vrstev a kulturn\u00ed vitality nab\u00edz\u00ed jedine\u010dn\u00e9 setk\u00e1n\u00ed s nes\u010detn\u00fdmi odkazy Evropy. Od pevnostmi obehnan\u00fdch hradeb jadransk\u00fdch m\u011bst a\u017e po krasov\u011b tvarovan\u00e9 interi\u00e9ry, od tepla z\u00e1h\u0159ebsk\u00fdch ulic a\u017e po tich\u00e9 hlubiny jeskyn\u00ed, zem\u011b p\u0159edstavuje studii kontrast\u016f. Jej\u00ed cesta \u2013 od ran\u00fdch v\u00e9vodstv\u00ed p\u0159es st\u0159edov\u011bk\u00e1 kr\u00e1lovstv\u00ed, \u0159\u00ed\u0161i a federaci a\u017e po modern\u00ed republiku \u2013 rezonuje v ka\u017ed\u00e9m kameni a potoce, ve festivalech a stolech, kolem kter\u00fdch se sch\u00e1z\u00ed rodina a p\u0159\u00e1tel\u00e9. V t\u00e9to pro\u017eit\u00e9 komplexnosti spo\u010d\u00edv\u00e1 trval\u00e9 kouzlo Chorvatska.<\/p>","protected":false},"excerpt":{"rendered":"<p>Chorvatsko, kter\u00e9 se nach\u00e1z\u00ed ve st\u0159edn\u00ed a jihov\u00fdchodn\u00ed Evrop\u011b, m\u00e1 strategickou polohu pod\u00e9l pob\u0159e\u017e\u00ed Jadersk\u00e9ho mo\u0159e. Tato zem\u011b mimo\u0159\u00e1dn\u00e9ho bohatstv\u00ed a rozmanitosti, kter\u00e1 zahrnuje asi 3,9 milionu lid\u00ed, pokr\u00fdv\u00e1 56 594 kilometr\u016f \u010dtvere\u010dn\u00edch (21 851 \u010dtvere\u010dn\u00edch mil). Po tis\u00edcilet\u00ed byla neobvykl\u00e1 topografie zem\u011b rozhoduj\u00edc\u00ed p\u0159i ur\u010dov\u00e1n\u00ed jej\u00ed geopolitick\u00e9 relevance, kulturn\u00ed identity a hospod\u00e1\u0159sk\u00e9ho r\u016fstu.<\/p>","protected":false},"author":1,"featured_media":4899,"parent":24078,"menu_order":0,"comment_status":"closed","ping_status":"closed","template":"elementor_theme","meta":{"_eb_attr":"","footnotes":""},"class_list":["post-14435","page","type-page","status-publish","has-post-thumbnail"],"_links":{"self":[{"href":"https:\/\/travelshelper.com\/cs\/wp-json\/wp\/v2\/pages\/14435","targetHints":{"allow":["GET"]}}],"collection":[{"href":"https:\/\/travelshelper.com\/cs\/wp-json\/wp\/v2\/pages"}],"about":[{"href":"https:\/\/travelshelper.com\/cs\/wp-json\/wp\/v2\/types\/page"}],"author":[{"embeddable":true,"href":"https:\/\/travelshelper.com\/cs\/wp-json\/wp\/v2\/users\/1"}],"replies":[{"embeddable":true,"href":"https:\/\/travelshelper.com\/cs\/wp-json\/wp\/v2\/comments?post=14435"}],"version-history":[{"count":0,"href":"https:\/\/travelshelper.com\/cs\/wp-json\/wp\/v2\/pages\/14435\/revisions"}],"up":[{"embeddable":true,"href":"https:\/\/travelshelper.com\/cs\/wp-json\/wp\/v2\/pages\/24078"}],"wp:featuredmedia":[{"embeddable":true,"href":"https:\/\/travelshelper.com\/cs\/wp-json\/wp\/v2\/media\/4899"}],"wp:attachment":[{"href":"https:\/\/travelshelper.com\/cs\/wp-json\/wp\/v2\/media?parent=14435"}],"curies":[{"name":"wp","href":"https:\/\/api.w.org\/{rel}","templated":true}]}}