{"id":14355,"date":"2024-09-19T09:05:58","date_gmt":"2024-09-19T09:05:58","guid":{"rendered":"https:\/\/travelshelper.com\/staging\/?page_id=14355"},"modified":"2026-03-11T23:15:53","modified_gmt":"2026-03-11T23:15:53","slug":"plzen","status":"publish","type":"page","link":"https:\/\/travelshelper.com\/cs\/destinations\/europe\/czech-republic\/plzen\/","title":{"rendered":"Plze\u0148"},"content":{"rendered":"<p>Plze\u0148 zauj\u00edm\u00e1 jedine\u010dn\u00e9 m\u00edsto na soutoku \u010dty\u0159 \u0159ek \u2013 M\u017ee, \u00dahlavy, \u00daslavy a Radbuzy \u2013 jejich\u017e spojen\u00edm vznik\u00e1 Berounka. Toto m\u011bsto s p\u0159ibli\u017en\u011b 188 000 obyvateli, kter\u00e9 se nach\u00e1z\u00ed asi sedmdes\u00e1t osm kilometr\u016f z\u00e1padn\u011b od Prahy, se ty\u010d\u00ed na zvln\u011bn\u00e9 Plask\u00e9 pahorkatin\u011b a jeho\u017e \u00fazem\u00ed zasahuje na v\u00fdchod\u011b a jihu do \u0160vihovsk\u00e9 vrchoviny. Nejvy\u0161\u0161\u00ed nadmo\u0159skou v\u00fd\u0161kou v r\u00e1mci hranic obce je vrch Chlum s nadmo\u0159skou v\u00fd\u0161kou 416 m, zat\u00edmco koryto Berounky le\u017e\u00ed v nadmo\u0159sk\u00e9 v\u00fd\u0161ce 293 m. Na severu m\u011bsto lemuje s\u00ed\u0165 rybn\u00edk\u016f a nejv\u011bt\u0161\u00ed vodn\u00ed plochu tvo\u0159\u00ed n\u00e1dr\u017e \u010cesk\u00e9 \u00fadol\u00ed na Radbuze. Tato geografie formovala os\u00eddlen\u00ed i pr\u016fmysl zde ji\u017e v\u00edce ne\u017e sedm stolet\u00ed.<\/p>\n<p>Po\u010d\u00e1tky Plzn\u011b sahaj\u00ed do konce t\u0159in\u00e1ct\u00e9ho stolet\u00ed, kdy byla za p\u0159emyslovsk\u00fdch panovn\u00edk\u016f prohl\u00e1\u0161ena za kr\u00e1lovsk\u00e9 m\u011bsto. D\u00edky sv\u00e9 poloze na d\u016fle\u017eit\u00fdch obchodn\u00edch stezk\u00e1ch spojuj\u00edc\u00edch \u010cechy s Bavorskem rychle vzkv\u00e9tala: v polovin\u011b \u010dtrn\u00e1ct\u00e9ho stolet\u00ed se \u0159adila mezi t\u0159et\u00ed nejv\u011bt\u0161\u00ed m\u011bsta v \u010cech\u00e1ch. Jej\u00ed strategick\u00fd v\u00fdznam se v\u0161ak uk\u00e1zal jako dvouse\u010dn\u00e1 zbra\u0148. B\u011bhem husitsk\u00fdch v\u00e1lek v patn\u00e1ct\u00e9m stolet\u00ed Plze\u0148 vydr\u017eela t\u0159i obl\u00e9h\u00e1n\u00ed a stala se ba\u0161tou odporu proti reformn\u00edm sil\u00e1m, kter\u00e9 zm\u00edtaj\u00ed kr\u00e1lovstv\u00ed. O stolet\u00ed pozd\u011bji, v prvn\u00edch letech t\u0159icetilet\u00e9 v\u00e1lky, bylo m\u011bsto znovu obl\u00e9h\u00e1no, ne\u017e padlo do rukou c\u00edsa\u0159sk\u00fdch vojsk.<\/p>\n<p>Devaten\u00e1ct\u00e9 stolet\u00ed p\u0159ineslo dal\u0161\u00ed transformaci. S t\u00edm, jak se m\u011bnily politick\u00e9 kontury Evropy, se Plze\u0148 industrializovala pozoruhodnou rychlost\u00ed. V roce 1869 byly zalo\u017eeny \u0160kodovy z\u00e1vody, kter\u00e9 se brzy staly jednou z p\u0159edn\u00edch stroj\u00edrensk\u00fdch firem Rakouska-Uherska a pozd\u011bji \u010ceskoslovenska. Stroj\u00edrensk\u00e9 d\u00edlny, sl\u00e9v\u00e1rny a \u017eelezni\u010dn\u00ed d\u00edlny se rozkl\u00e1daly po cel\u00e9m m\u011bst\u011b, p\u0159itahovaly d\u011bln\u00edky z venkovsk\u00fdch oblast\u00ed a zapojily Plze\u0148 do modern\u00ed pr\u016fmyslov\u00e9 ekonomiky. Pr\u00e1v\u011b v t\u00e9to \u00e9\u0159e, v roce 1842, bavorsk\u00fd sl\u00e1dek Josef Groll aplikoval nov\u00e9 metody va\u0159en\u00ed sv\u011btl\u00e9ho sladu a vyrobil prvn\u00ed pivo \u201ePilsner\u201c. Dnes je pivovar Pilsner Urquell nejv\u011bt\u0161\u00edm v zemi, zat\u00edmco jeho sestersk\u00fd podnik Gambrinus, zalo\u017een\u00fd v roce 1869, si tak\u00e9 z\u00edskal proslulost. Ob\u011b zna\u010dky jsou nyn\u00ed sou\u010d\u00e1st\u00ed holdingov\u00e9 skupiny Asahi Group.<\/p>\n<p>Krom\u011b sv\u00e9 pr\u016fmyslov\u00e9 identity funguje Plze\u0148 jako obchodn\u00ed centrum z\u00e1padn\u00edch \u010cech. P\u0159esto\u017ee zde \u017eije pouze t\u0159icet procent obyvatel regionu, vytv\u00e1\u0159\u00ed zhruba dv\u011b t\u0159etiny jeho HDP \u2013 tato nerovnov\u00e1ha je \u010d\u00e1ste\u010dn\u011b vysv\u011btlena ka\u017edodenn\u00edm doj\u00ed\u017ed\u011bn\u00edm, ale do zna\u010dn\u00e9 m\u00edry odr\u00e1\u017e\u00ed koncentraci podnik\u016f, v\u00fdzkumn\u00fdch \u00fastav\u016f a \u200b\u200bposkytovatel\u016f slu\u017eeb ve m\u011bst\u011b. V roce 2015 bylo kulturn\u00ed d\u011bdictv\u00ed Plzn\u011b uzn\u00e1no, kdy\u017e se stala Evropsk\u00fdm hlavn\u00edm m\u011bstem kultury. Jej\u00ed m\u011bstsk\u00e9 centrum, chr\u00e1n\u011bn\u00e9 jako pam\u00e1tkov\u00e1 z\u00f3na, si zachov\u00e1v\u00e1 mimo\u0159\u00e1dn\u00fd soubor barokn\u00edch kostel\u016f, gotick\u00fdch katedr\u00e1l a renesan\u010dn\u00edch ob\u010dansk\u00fdch budov.<\/p>\n<p>V srdci star\u00e9ho m\u011bsta stoj\u00ed katedr\u00e1la svat\u00e9ho Bartolom\u011bje, jej\u00ed\u017e gotick\u00e1 lo\u010f byla zah\u00e1jena koncem t\u0159in\u00e1ct\u00e9ho stolet\u00ed a v\u011b\u017e se ty\u010d\u00ed do v\u00fd\u0161ky 102 m \u2013 nejvy\u0161\u0161\u00ed kosteln\u00ed v\u011b\u017e v \u010cesk\u00e9 republice. Nedaleko se nach\u00e1z\u00ed renesan\u010dn\u00ed radnice (1554\u201359), jej\u00ed\u017e d\u00edlo je p\u0159ipisov\u00e1no italsk\u00e9mu architektovi Giovannimu de Statia, s strohou fas\u00e1dou, kterou lemuj\u00ed zdoben\u00e9 pilastry a ark\u00e1dov\u00e9 lod\u017eie. P\u0159esto je to Velk\u00e1 synagoga v maursk\u00e9m stylu, dokon\u010den\u00e1 v roce 1893, kter\u00e1 v\u011bt\u0161inu n\u00e1v\u0161t\u011bvn\u00edk\u016f p\u0159ekvap\u00ed: jej\u00ed podkovovit\u00e9 oblouky a polychromovan\u00e9 cihlov\u00e9 zdivo tvo\u0159\u00ed druhou nejv\u011bt\u0161\u00ed synagogu v Evrop\u011b, p\u0159ed\u010d\u00ed ji pouze budape\u0161\u0165sk\u00e1 synagoga na ulici Doh\u00e1ny.<\/p>\n<p>Pod t\u011bmito pam\u00e1tkami se nach\u00e1z\u00ed dal\u0161\u00ed \u0159\u00ed\u0161e. Historick\u00e1 podzemn\u00ed s\u00ed\u0165 Plzn\u011b, vytesan\u00e1 po stalet\u00ed, se t\u00e1hne asi dvacet kilometr\u016f, a\u010dkoli pro prohl\u00eddky s pr\u016fvodcem je p\u0159\u00edstupn\u00fdch pouze asi 750 m jej\u00edch tunel\u016f, hlubok\u00fdch dvan\u00e1ct metr\u016f. Tyto klenut\u00e9 sklepy kdysi s\u00eddlily v pivovarech, obchodn\u00edc\u00edch a m\u011bstsk\u00fdch obchodech a nab\u00edzej\u00ed pohled na to, jak st\u0159edov\u011bk\u00e9 m\u011bsto vyva\u017eovalo obchod a opevn\u011bn\u00ed. Na povrchu si b\u00fdval\u00e1 vod\u00e1rensk\u00e1 v\u011b\u017e u Pra\u017esk\u00e9 br\u00e1ny \u2013 postaven\u00e1 v roce 1532 a pozd\u011bji p\u0159estav\u011bn\u00e1 ve francouzsk\u00e9m imperi\u00e1ln\u00edm stylu (1822) \u2013 zachovala sv\u016fj p\u016fvodn\u00ed gotick\u00fd port\u00e1l a nese pam\u011btn\u00ed desku Dr. Josefa \u0160kody, narozen\u00e9ho v sousedstv\u00ed v roce 1805, jeho\u017e stejnojmenn\u00fd podnik zm\u011bnil osudy m\u011bsta.<\/p>\n<p>Rytmus ka\u017edodenn\u00edho \u017eivota v Plzni z\u016fst\u00e1v\u00e1 spjat s vodn\u00edmi toky a koly pr\u016fmyslu, ale tak\u00e9 bije do rytmu ve\u0159ejn\u00e9 dopravy. Plze\u0148sk\u00e1 metropolitn\u00ed oblast udr\u017euje s\u00ed\u0165 tramvaj\u00ed, trolejbus\u016f a autobus\u016f provozovan\u00fdch spole\u010dnost\u00ed PMDP. J\u00edzdenky \u2013 zakoupen\u00e9 v automatech, m\u00edstn\u00edch obchodech nebo ve vozidlech pomoc\u00ed bezkontaktn\u00ed \u010dipov\u00e9 karty \u2013 umo\u017e\u0148uj\u00ed p\u0159\u00edstup nap\u0159\u00ed\u010d r\u016fzn\u00fdmi druhy dopravy; pro \u010dast\u00e9 cestuj\u00edc\u00ed nab\u00edz\u00ed dob\u00edjec\u00ed Plze\u0148sk\u00e1 karta neomezen\u00e9 j\u00edzdy po dobu platnosti. Krom\u011b m\u011bstsk\u00e9 hromadn\u00e9 dopravy se zde k\u0159i\u017euje p\u011bt hlavn\u00edch \u017eelezni\u010dn\u00edch trat\u00ed: linka 170 do Prahy, Berouna a Chebu; 180 do Doma\u017elic a n\u011bmeck\u00e9ho Furth im Wald; 183 do Klatov a \u017delezn\u00e9 Rudy; 160 do \u017datce; a 190 do \u010cesk\u00fdch Bud\u011bjovic, v\u0161echny se sb\u00edhaj\u00ed na hlavn\u00edm n\u00e1dra\u017e\u00ed v Plzni. Cestuj\u00edc\u00ed po silnici t\u011b\u017e\u00ed z d\u00e1lnice D5, kter\u00e1 spojuje Prahu s Norimberkem, zat\u00edmco leti\u0161t\u011b v L\u00edn\u00edch, jeden\u00e1ct kilometr\u016f jihoz\u00e1padn\u011b, odbavuje vnitrost\u00e1tn\u00ed lety a soukromou mezin\u00e1rodn\u00ed dopravu.<\/p>\n<p>Klima v Plzni je klasifikov\u00e1no jako oce\u00e1nsk\u00e9 (Cfb), vyzna\u010duj\u00edc\u00ed se m\u00edrn\u00fdmi l\u00e9ty a chladn\u00fdmi zimami. Pr\u016fm\u011brn\u00e9 ro\u010dn\u00ed sr\u00e1\u017eky \u010din\u00ed 525 mm a pr\u016fm\u011brn\u00e1 ro\u010dn\u00ed teplota se pohybuje kolem 8,4 \u00b0C. Extr\u00e9mn\u00ed teploty se pohybovaly od -28,0 \u00b0C dne 12. \u00fanora 1985 do 40,1 \u00b0C dne 27. \u010dervence 1983, co\u017e p\u0159ipom\u00edn\u00e1 kontinent\u00e1ln\u00ed vlivy regionu na jeho oce\u00e1nskou z\u00e1kladnu. Tyto podm\u00ednky podporuj\u00ed bujn\u00e9 bulv\u00e1ry lemovan\u00e9 stromy a mnoho park\u016f m\u011bsta, kter\u00e9 obklopuj\u00ed historick\u00e9 j\u00e1dro m\u011bsta \u2013 zelen\u00fd p\u00e1s, kter\u00fd si cen\u00ed obyvatel\u00e9 i n\u00e1v\u0161t\u011bvn\u00edci.<\/p>\n<p>Ob\u010dansk\u00fd \u017eivot v Plzni sah\u00e1 nad r\u00e1mec obchodu a kultury do v\u00edry a komunity. Od 31. kv\u011btna 1993 m\u011bsto slou\u017e\u00ed jako s\u00eddlo \u0159\u00edmskokatolick\u00e9 diec\u00e9ze Plze\u0148, kter\u00e1 zahrnuje 818 700 v\u011b\u0159\u00edc\u00edch v sedmdes\u00e1ti dvou farnostech v r\u00e1mci deseti vikari\u00e1t\u016f. Prvn\u00edho biskupa Franti\u0161ka Radkovsk\u00e9ho vyst\u0159\u00eddal sou\u010dasn\u00fd biskup Tom\u00e1\u0161 Holub; jejich katedr\u00e1ln\u00ed s\u00eddlo s\u00eddl\u00ed v kostele sv. Bartolom\u011bje. Vzkv\u00e9taj\u00ed i protestantsk\u00e9 tradice: \u010ceskobratrsk\u00e1 evangelick\u00e1 c\u00edrkev si zde udr\u017euje sv\u016fj z\u00e1pado\u010desk\u00fd senior\u00e1t pod veden\u00edm seniora Miroslava Hamariho z korandsk\u00e9ho sboru a far\u00e1\u0159e Josefa Bene\u0161e; dal\u0161\u00ed dv\u011b bratrsk\u00e9 farnosti slou\u017e\u00ed Ji\u017en\u00edmu p\u0159edm\u011bst\u00ed a nedalek\u00e9mu Chr\u00e1stu. M\u011bsto host\u00ed plze\u0148skou diec\u00e9zi \u010ceskoslovensk\u00e9 c\u00edrkve husitsk\u00e9, vedenou biskupem Filipem \u0160tojdlem, a\u010dkoli biskupsk\u00e9 s\u00eddlo je do\u010dasn\u011b p\u0159em\u00edst\u011bno do Mirovic. S\u00eddl\u00ed zde tak\u00e9 \u010cesk\u00e1 evangelick\u00e1 luter\u00e1nsk\u00e1 c\u00edrkev, jej\u00ed\u017e luter\u00e1nsk\u00fd kostel sv. Pavla slou\u017e\u00ed m\u00edstn\u00edm v\u011b\u0159\u00edc\u00edm. K plze\u0148sk\u00e9 n\u00e1bo\u017eensk\u00e9 tapiserii p\u0159isp\u00edvaj\u00ed i dal\u0161\u00ed konfese \u2013 augsbursk\u00e9 vyzn\u00e1n\u00ed, luter\u00e1ni, metodist\u00e9, adventist\u00e9 sedm\u00e9ho dne, brat\u0159i, pravoslavn\u00ed, \u0159eckokatol\u00edci.<\/p>\n<p>Muzea a galerie podtrhuj\u00ed intelektu\u00e1ln\u00ed \u0161\u00ed\u0159i m\u011bsta. Z\u00e1pado\u010desk\u00e9 muzeum v Kopeck\u00e9ho sadech nab\u00edz\u00ed st\u0159\u00eddav\u00e9 expon\u00e1ty archeologie, um\u011bn\u00ed a historie, zat\u00edmco jeho M\u011bstsk\u00e1 zbrojnice uchov\u00e1v\u00e1 st\u0159eln\u00e9 zbran\u011b a brn\u011bn\u00ed ze 14. a\u017e 17. stolet\u00ed. Nedaleko se nach\u00e1z\u00ed Etnografick\u00e9 muzeum Plze\u0148sk\u00e9ho kraje, kter\u00e9 zachycuje venkovsk\u00e9 zvyky, a Pivovarsk\u00e9 muzeum sleduje m\u00edstn\u00ed pivovarnictv\u00ed od st\u0159edov\u011bk\u00fdch kl\u00e1\u0161tern\u00edch pr\u00e1v \u2013 ud\u011blen\u00fdch kr\u00e1lem Karlem IV. v roce 1375 \u2013 a\u017e po modern\u00ed v\u00fdrobu. V\u011bdeck\u00e9 centrum Techmania, kter\u00e9 s\u00eddl\u00ed v are\u00e1lu b\u00fdval\u00e9 \u0160kodovy tov\u00e1rny, zve k interaktivn\u00edmu pozn\u00e1v\u00e1n\u00ed fyziky a in\u017een\u00fdrstv\u00ed. Vojensk\u00e1 historie nach\u00e1z\u00ed domov v Patton Memorial Pilsen, v\u011bnovan\u00e9m osvobozen\u00ed americk\u00e9 3. arm\u00e1dy v kv\u011btnu 1945. Leh\u010d\u00ed ob\u010derstven\u00ed na v\u00e1s \u010dek\u00e1 v Muzeu duch\u016f s folkl\u00f3rn\u00edm obrazem a v Muzeu loutek, kter\u00e9 oslavuje proslulou plze\u0148skou loutkovou tradici. Diec\u00e9zn\u00ed muzeum, kter\u00e9 se nach\u00e1z\u00ed ve franti\u0161k\u00e1nsk\u00e9m kl\u00e1\u0161te\u0159e, nab\u00edz\u00ed gotick\u00e9 a\u017e barokn\u00ed sochy, a\u010dkoli jeho galerie jsou v sou\u010dasn\u00e9 dob\u011b uzav\u0159eny.<\/p>\n<p>Nad\u0161enci do um\u011bn\u00ed se sch\u00e1zej\u00ed v Galerii um\u011bn\u00ed m\u011bsta Plzn\u011b a jej\u00edm prot\u011bj\u0161ku v Masn\u00fdch kr\u00e1mech (Z\u00e1pado\u010desk\u00e1 galerie um\u011bn\u00ed), spolu s Galeri\u00ed um\u011bn\u00ed Ji\u0159\u00edho Trnky, pojmenovanou po slavn\u00e9m m\u00edstn\u00edm loutk\u00e1\u0159i a ilustr\u00e1torovi. Za m\u011bstsk\u00fdm obvodem se nach\u00e1z\u00ed Leteck\u00fd park v Neb\u0159ehovic\u00edch, kde sb\u00edrka asi pades\u00e1ti letadel pod \u0161ir\u00fdm nebem p\u0159ipom\u00edn\u00e1 leteck\u00e9 spojen\u00ed Plzn\u011b.<\/p>\n<p>Za\u017e\u00edt Plze\u0148 znamen\u00e1 vychutnat si v\u0161ednost i mimo\u0159\u00e1dnost. Proch\u00e1zka m\u011bstsk\u00fdmi parky odhaluje v\u00fdhledy na ta\u0161kov\u00e9 st\u0159echy a v\u011b\u017ee kostel\u016f; v\u00fdstup po schodi\u0161ti ke zvonici u sv. Bartolom\u011bje odm\u011bn\u00ed \u00fachvatn\u00fdmi panoramaty st\u0159ech a \u0159\u00ed\u010dn\u00edch z\u00e1krut. V hostinc\u00edch pobl\u00ed\u017e Velk\u00e9 synagogy nebo na n\u00e1b\u0159e\u017e\u00ed Radbuzy p\u0159ipomene sklenka nefiltrovan\u00e9ho Pilsner Urquell pivovarnick\u00e9 d\u011bdictv\u00ed m\u011bsta. Pro ty, kte\u0159\u00ed hledaj\u00ed vz\u00e1cn\u00e9 vzru\u0161en\u00ed, soukrom\u00e9 firmy jako MiGFlug &amp; Adventure nab\u00edzej\u00ed mo\u017enost pilotovat st\u00edha\u010dku ze z\u00e1kladny pobl\u00ed\u017e Plzn\u011b \u2013 z\u00e1\u017eitek, kter\u00fd je sice n\u00e1kladn\u00fd, ale podtrhuje trval\u00e9 spojen\u00ed m\u011bsta s rychlost\u00ed a p\u0159esnost\u00ed.<\/p>\n<p>Sportovn\u00ed v\u011brnost v Plzni se soust\u0159ed\u00ed na FC Viktoria Plze\u0148, jej\u00ed\u017e mistrovsk\u00fd t\u00fdm sout\u011b\u017e\u00ed v Doosan Aren\u011b, stadionu s kapacitou dvan\u00e1cti tis\u00edc m\u00edst, kter\u00fd se nach\u00e1z\u00ed kousek p\u011b\u0161ky od n\u00e1m\u011bst\u00ed Republiky. Fanou\u0161ci ledn\u00edho hokeje sleduj\u00ed HC \u0160koda Plze\u0148 v Logspeed CZ Aren\u011b, kde se ka\u017edou zimu oz\u00fdv\u00e1 ozv\u011bna brusl\u00ed na led\u011b.<\/p>\n<p>M\u011bstsk\u00fd kalend\u00e1\u0159 odr\u00e1\u017e\u00ed mnohovrstevnatou minulost a dynamickou sou\u010dasnost Plzn\u011b. Ka\u017ed\u00fd kv\u011bten, kolem v\u00fdro\u010d\u00ed osvobozen\u00ed 6. kv\u011btna 1945, napln\u00ed ulice Slavnost osvobozen\u00ed hudbou a vzpom\u00ednkami. L\u00e9to p\u0159in\u00e1\u0161\u00ed Puppet Rock Festival \u2013 venkovn\u00ed setk\u00e1n\u00ed hudby a loutk\u00e1\u0159stv\u00ed v parku na n\u00e1m\u011bst\u00ed Plzn\u011b b\u011bhem posledn\u00edho \u010dervencov\u00e9ho v\u00edkendu \u2013 a za\u010d\u00e1tkem srpna festival In The Streets, kter\u00fd po\u0159\u00e1d\u00e1 divadeln\u00ed, tane\u010dn\u00ed a pouli\u010dn\u00ed p\u0159edstaven\u00ed na roztrou\u0161en\u00fdch p\u00f3di\u00edch a velk\u00e9m p\u00f3diu n\u00e1m\u011bst\u00ed Republiky. Vrcholem podzimu je Pilsner Fest, kter\u00fd se kon\u00e1 ka\u017ed\u00fd z\u00e1\u0159\u00ed, kdy p\u016fvodn\u00ed pivovar host\u00ed milovn\u00edky piva na oslavu sv\u00e9ho zalo\u017een\u00ed v roce 1842.<\/p>\n<p>V Plzni se prol\u00edn\u00e1 historie s modernou. Gotick\u00fd k\u00e1men, renesan\u010dn\u00ed oblouky a maursk\u00e9 ornamenty lemuj\u00ed uli\u010dky pln\u00e9 tramvaj\u00ed a sk\u00fatr\u016f. \u0158eky se setk\u00e1vaj\u00ed a v jejich soutoku m\u011bsto nach\u00e1z\u00ed obchod i p\u0159\u00e1telskou atmosf\u00e9ru. Minulost zde nen\u00ed ani zkamen\u011bl\u00e1, ani zapomenut\u00e1; plyne stejn\u011b jist\u011b jako Berounka k nov\u00fdm horizont\u016fm.<\/p>","protected":false},"excerpt":{"rendered":"<p>Plze\u0148, m\u011bsto v\u00fdznamn\u00e9ho historick\u00e9ho a kulturn\u00edho v\u00fdznamu, se nach\u00e1z\u00ed v z\u00e1padn\u00ed \u010d\u00e1sti \u010cesk\u00e9 republiky, zhruba 78 kilometr\u016f z\u00e1padn\u011b od Prahy. Plze\u0148 m\u00e1 ve vlastn\u00edm m\u011bst\u011b p\u0159ibli\u017en\u011b 186 000 obyvatel a v m\u011bstsk\u00e9 \u010d\u00e1sti p\u0159ibli\u017en\u011b 323 184 obyvatel, co\u017e z n\u00ed \u010din\u00ed \u010dtvrt\u00e9 nejlidnat\u011bj\u0161\u00ed m\u011bsto v \u010cesk\u00e9 republice. Toto m\u011bstsk\u00e9 centrum nach\u00e1zej\u00edc\u00ed se v z\u00e1padn\u00edch \u010cech\u00e1ch v\u00fdznamn\u011b p\u0159isp\u011blo k rozvoji regionu v pr\u016fb\u011bhu stalet\u00ed, kdy se ze st\u0159edov\u011bk\u00e9 obchodn\u00ed stanice prom\u011bnilo v sou\u010dasn\u00e9 pr\u016fmyslov\u00e9 a kulturn\u00ed centrum.<\/p>","protected":false},"author":1,"featured_media":2986,"parent":14322,"menu_order":0,"comment_status":"closed","ping_status":"closed","template":"elementor_theme","meta":{"_eb_attr":"","footnotes":""},"class_list":["post-14355","page","type-page","status-publish","has-post-thumbnail"],"_links":{"self":[{"href":"https:\/\/travelshelper.com\/cs\/wp-json\/wp\/v2\/pages\/14355","targetHints":{"allow":["GET"]}}],"collection":[{"href":"https:\/\/travelshelper.com\/cs\/wp-json\/wp\/v2\/pages"}],"about":[{"href":"https:\/\/travelshelper.com\/cs\/wp-json\/wp\/v2\/types\/page"}],"author":[{"embeddable":true,"href":"https:\/\/travelshelper.com\/cs\/wp-json\/wp\/v2\/users\/1"}],"replies":[{"embeddable":true,"href":"https:\/\/travelshelper.com\/cs\/wp-json\/wp\/v2\/comments?post=14355"}],"version-history":[{"count":0,"href":"https:\/\/travelshelper.com\/cs\/wp-json\/wp\/v2\/pages\/14355\/revisions"}],"up":[{"embeddable":true,"href":"https:\/\/travelshelper.com\/cs\/wp-json\/wp\/v2\/pages\/14322"}],"wp:featuredmedia":[{"embeddable":true,"href":"https:\/\/travelshelper.com\/cs\/wp-json\/wp\/v2\/media\/2986"}],"wp:attachment":[{"href":"https:\/\/travelshelper.com\/cs\/wp-json\/wp\/v2\/media?parent=14355"}],"curies":[{"name":"wp","href":"https:\/\/api.w.org\/{rel}","templated":true}]}}