{"id":14328,"date":"2024-09-19T08:40:52","date_gmt":"2024-09-19T08:40:52","guid":{"rendered":"https:\/\/travelshelper.com\/staging\/?page_id=14328"},"modified":"2026-03-11T23:19:55","modified_gmt":"2026-03-11T23:19:55","slug":"krkonose","status":"publish","type":"page","link":"https:\/\/travelshelper.com\/cs\/destinations\/europe\/czech-republic\/krkonose\/","title":{"rendered":"Krkono\u0161e"},"content":{"rendered":"<p>Krkono\u0161e, \u010desky zn\u00e1m\u00e9 jako Krkono\u0161e, polsky Karkonosze a n\u011bmecky Riesengebirge, se nach\u00e1zej\u00ed v nejsevern\u011bj\u0161\u00ed \u010d\u00e1sti \u010cesk\u00e9 republiky a na jihoz\u00e1padn\u00edm okraji Polska. Tvo\u0159\u00ed nejvy\u0161\u0161\u00ed \u010d\u00e1st Sudet v r\u00e1mci \u0161ir\u0161\u00edho \u010cesk\u00e9ho masivu. Hlavn\u00ed h\u0159eben se t\u00e1hne zhruba ve sm\u011bru v\u00fdchod-z\u00e1pad a tvo\u0159\u00ed jak st\u00e1tn\u00ed hranici, tak i historick\u00e9 vymezen\u00ed mezi \u010cechami a Slezskem. Sn\u011b\u017eka (\u015anie\u017cka) s v\u00fd\u0161kou 1 603 metr\u016f si n\u00e1rokuje titul nejvy\u0161\u0161\u00edho p\u0159\u00edrodn\u00edho bodu \u010cesk\u00e9 republiky. Na rozd\u00edl od mnoha poho\u0159\u00ed srovnateln\u00e9 velikosti vykazuj\u00ed Krkono\u0161e rysy charakteristick\u00e9 pro vysok\u00e9 hory \u2013 ledovcov\u00e9 kary, periglaci\u00e1ln\u00ed sedimenty a n\u00e1hlou hranici alp\u00ednsk\u00e9ho lesa \u2013 a to i p\u0159es celkovou rozlohu pouh\u00fdch 631 km\u00b2 (454 km\u00b2 v \u010cesk\u00e9 republice; 177 km\u00b2 v Polsku).<\/p>\n<p>Nejstar\u0161\u00ed p\u00edsemn\u00e1 zm\u00ednka o \u201eKrkono\u0161i\u201c se objevuje v z\u00e1znamu z roku 1492 t\u00fdkaj\u00edc\u00edm se panstv\u00ed \u0160t\u011bpanice, zat\u00edmco Klaudy\u00e1nova mapa z roku 1518 ozna\u010duje poho\u0159\u00ed \u201eKrkono\u0161\u201c. Lingvist\u00e9 b\u011b\u017en\u011b odvozuj\u00ed n\u00e1zev ze staroslovansk\u00e9ho \u201ekrk\/krak\u201c, co\u017e znamen\u00e1 zakrsl\u00e9 horsk\u00e9 borovice (Krummholz), a \u201eno\u0161\u201c z \u201enosit\u201c, co\u017e znamen\u00e1 n\u00e9st \u2013 mo\u017en\u00e1 s odkazem na t\u011b\u017ekop\u00e1dn\u00fd h\u0159ebenov\u00fd okraj. Alternativn\u00ed teorie spojuje modern\u00ed ozna\u010den\u00ed s Ptolemaiov\u00fdm \u201eCorconti\u201c, kter\u00e9 ozna\u010duje p\u0159edkeltsk\u00fd nebo germ\u00e1nsk\u00fd kmen. N\u011bmeck\u00e1 ozna\u010den\u00ed jako Hrisenpergisches Gebirge a Riesen Gebirge se poprv\u00e9 objevuj\u00ed v kronik\u00e1ch 16. stolet\u00ed, zat\u00edmco \u010desk\u00fd kronik\u00e1\u0159 Bohuslav Balb\u00edn v roce 1679 katalogizoval \u0159adu n\u00e1zv\u016f v\u010detn\u011b Sn\u011b\u017en\u00fdch hor a Cerconossios. Teprve v 19. stolet\u00ed se Krkono\u0161e, Karkonosze a Ryesengebirge vykrystalizovaly jako standardn\u00ed term\u00edny.<\/p>\n<p>Ob\u0159i slou\u017e\u00ed jako kol\u00e9bka n\u011bkolika v\u00fdznamn\u00fdch \u0159ek. Na \u010desk\u00e9m svahu pramen\u00ed Labe pobl\u00ed\u017e hlavn\u00edho h\u0159ebene a pot\u00e9 vyhloub\u00ed strm\u00e1 \u00fadol\u00ed vytvo\u0159en\u00e1 ledovcem. Mezi jeho kask\u00e1dy pat\u0159\u00ed Labsk\u00fd vodop\u00e1d (50 m) a Pan\u010davsk\u00fd vodop\u00e1d (140 m), p\u0159i\u010dem\u017e druh\u00fd jmenovan\u00fd dr\u017e\u00ed \u010desk\u00fd v\u00fd\u0161kov\u00fd rekord. Dal\u0161\u00ed kask\u00e1dy \u2013 Horn\u00ed \u00dapsk\u00fd, Doln\u00ed \u00dapsk\u00fd a Mumlava (8,9 m) \u2013 demonstruj\u00ed erozivn\u00ed s\u00edlu vysokohorsk\u00fdch vod. V Polsku se \u0159eky Kamienna, \u0141omnica a B\u00f3br \u0159\u00edt\u00ed p\u0159es \u00fatesy a tvo\u0159\u00ed vodop\u00e1dy Kamie\u0144czyk (27 m), Szklarki (13,3 m), Wodospad na \u0141omnicy (10 m) a Podg\u00f3rna (10 m). Hlavn\u00ed h\u0159eben prot\u00edn\u00e1 povod\u00ed Severn\u00edho mo\u0159e (p\u0159es Labe) a Baltsk\u00e9ho mo\u0159e (p\u0159es severn\u00ed p\u0159\u00edtoky), co\u017e je osa kontinent\u00e1ln\u00edho hydrologick\u00e9ho v\u00fdznamu.<\/p>\n<p>Ochrana p\u0159\u00edrody ji\u017e dlouho usm\u011br\u0148uje lidskou \u010dinnost na obou stran\u00e1ch hranice. \u010cesk\u00fd Krkono\u0161sk\u00fd n\u00e1rodn\u00ed park (KRNAP), zalo\u017een\u00fd v roce 1963 jako druh\u00fd n\u00e1rodn\u00ed park v \u010ceskoslovensku, se rozkl\u00e1d\u00e1 na plo\u0161e 370 km\u00b2 a rozkl\u00e1d\u00e1 se od horsk\u00fdch luk a\u017e po subalp\u00ednsk\u00e9 v\u0159esovi\u0161t\u011b. Jeho polsk\u00fd prot\u011bj\u0161ek, Karkonoski Park Narodowy (KPN), zalo\u017een\u00fd v roce 1959, pokr\u00fdv\u00e1 55,8 km\u00b2 nejvy\u0161\u0161\u00edch svah\u016f poho\u0159\u00ed (900\u20131 000 m a v\u00edce). Spole\u010dn\u011b tvo\u0159\u00ed p\u0159eshrani\u010dn\u00ed biosf\u00e9rickou rezervaci Krkono\u0161e\/Karkonosze, kter\u00e1 je zaps\u00e1na na seznamu UNESCO v r\u00e1mci programu \u010clov\u011bk a biosf\u00e9ra. Filozofie managementu se li\u0161\u00ed: KPN prosazuje p\u0159\u00edsn\u00fd z\u00e1kaz z\u00e1sah\u016f a zakazuje zales\u0148ov\u00e1n\u00ed odum\u0159el\u00fdch porost\u016f, zat\u00edmco KRNAP prov\u00e1d\u00ed rozs\u00e1hl\u00e9 zales\u0148ov\u00e1n\u00ed za \u00fa\u010delem stabilizace p\u016fd a rekultivace obna\u017een\u00fdch oblast\u00ed.<\/p>\n<p>Meteorologick\u00e9 podm\u00ednky v Krkono\u0161\u00edch jsou proslul\u00e9 svou prom\u011bnlivost\u00ed. Zimy se vyzna\u010duj\u00ed p\u0159etrv\u00e1vaj\u00edc\u00ed sn\u011bhovou pokr\u00fdvkou \u2013 jej\u00ed\u017e v\u00fd\u0161ka \u010dasto p\u0159esahuje t\u0159i metry \u2013 a hustou mlhou, zejm\u00e9na na vrcholu Sn\u011b\u017eky, kter\u00fd je zahalen sn\u011bhem 296 dn\u00ed v roce. Pr\u016fm\u011brn\u00e1 ro\u010dn\u00ed teplota se pohybuje kolem 0,2 \u00b0C, co\u017e je podobn\u00e9 jako v zem\u011bpisn\u00fdch \u0161\u00ed\u0159k\u00e1ch daleko na severu. H\u0159eben za\u017e\u00edv\u00e1 jedny z nejsiln\u011bj\u0161\u00edch v\u011btr\u016f v Evrop\u011b, kter\u00e9 jsou umocn\u011bny \u010dast\u00fdmi jevy Foehn na severn\u00edm sr\u00e1zu. Sr\u00e1\u017eky se zvy\u0161uj\u00ed z p\u0159ibli\u017en\u011b 700 mm na dn\u011b \u00fadol\u00ed na v\u00edce ne\u017e 1 230 mm na vrcholu Sn\u011b\u017eky; sn\u011bhov\u00e9 j\u00e1my v bl\u00edzkosti hlavn\u00edho h\u0159ebene zaznamenaly a\u017e 1 512 mm ro\u010dn\u011b. Takov\u00e9 podm\u00ednky formuj\u00ed periglaci\u00e1ln\u00ed \u00fatvary a diktuj\u00ed sez\u00f3nn\u00ed rytmy lidsk\u00e9ho vyu\u017e\u00edv\u00e1n\u00ed.<\/p>\n<p>Nad hranic\u00ed lesa a pod\u00e9l hlavn\u00ed osy se nach\u00e1zej\u00ed des\u00edtky tradi\u010dn\u00edch chatr\u010d\u00ed: \u010desky bouda, n\u011bmecky Baude a polsky schronisko. Tyto stavby, odvozen\u00e9 ze st\u0159edov\u011bk\u00e9ho n\u011bmeck\u00e9ho slova Buode (\u201ebouda\u201c nebo \u201ep\u0159\u00edst\u0159e\u0161ek\u201c), p\u016fvodn\u011b slou\u017eily jako pastviny pro letn\u00ed past\u00fd\u0159e. Od po\u010d\u00e1tku 19. stolet\u00ed p\u0159itahovaly horolezce a do konce stolet\u00ed se z nich vyvinuly ubytovny. Mnoh\u00e9 z nich byly n\u00e1sledn\u011b roz\u0161\u00ed\u0159eny, aby se p\u0159izp\u016fsobily rostouc\u00edmu po\u010dtu n\u00e1v\u0161t\u011bvn\u00edk\u016f. Mezi pozoruhodn\u00e9 p\u0159\u00edklady pat\u0159\u00ed Lu\u010dn\u00ed bouda, Martinova bouda a Voseck\u00e1 bouda v \u010desk\u00e9m sektoru a Schronisko Strzecha Akademicka, Samotnia a na Hali Szrenickiej v Polsku. P\u0159\u00edstavby z dvac\u00e1t\u00e9ho stolet\u00ed, jako je Petrova bouda a vrcholov\u00e1 chata na Sn\u011b\u017ece, odr\u00e1\u017eej\u00ed posun sm\u011brem k designu zam\u011b\u0159en\u00e9mu na cestovn\u00ed ruch.<\/p>\n<p>\u017dulov\u00e9 kameny zdob\u00ed siluetu hory, formovanou tis\u00edcilet\u00edmi mrazu a v\u011btru. Na hlavn\u00edm h\u0159ebeni se nad 1 400 m ty\u010d\u00ed D\u00edv\u010d\u00ed kameny (\u015al\u0105skie Kamienie) a Mu\u017esk\u00e9 kameny (Czeskie Kamienie); jinde se do v\u00fd\u0161ky bl\u00ed\u017e\u00edc\u00ed se 30 m ty\u010d\u00ed \u010desk\u00e9 Harrachovy kameny a polsk\u00e9 v\u011b\u017ee Pielgrzymy a S\u0142onecznik. Tyto lidsk\u00e9 tvary dod\u00e1vaj\u00ed poho\u0159\u00ed socha\u0159sk\u00fd charakter a spojuj\u00ed ho s analogick\u00fdmi sudetsk\u00fdmi masivy. Subglaci\u00e1ln\u00ed eroze a postglaci\u00e1ln\u00ed zv\u011btr\u00e1v\u00e1n\u00ed vytesaly amfite\u00e1try, bludn\u00e9 balvany a blokov\u00e1 pole, kter\u00e1 p\u0159itahuj\u00ed geology i n\u00e1v\u0161t\u011bvn\u00edky.<\/p>\n<p>Dlouho p\u0159ed modern\u00ed turistikou p\u0159itahovaly Krkono\u0161e objevitele a um\u011blce. B\u00e1sn\u00edk Theodor K\u00f6rner a Johann Wolfgang Goethe zdolali Sn\u011b\u017eku na konci 18. a za\u010d\u00e1tku 19. stolet\u00ed, zat\u00edmco mal\u00ed\u0159i Caspar David Friedrich a Carl Gustav Carus hledali inspiraci mezi jejich h\u0159ebeny. V roce 1800 pro\u0161el poho\u0159\u00edm mlad\u00fd John Quincy Adams b\u011bhem sv\u00e9 evropsk\u00e9 cesty. V polovin\u011b 19. stolet\u00ed vznikly na opa\u010dn\u00fdch b\u0159ez\u00edch n\u011bmeck\u00e9 a rakousk\u00e9 kluby \u201eRiesengebirgsverein\u201c, jejich\u017e \u00fakolem bylo vyty\u010dit a udr\u017eovat rozs\u00e1hlou s\u00ed\u0165 3 000 km stezek \u2013 z toho 500 km jen na hlavn\u00edch a vnit\u0159n\u00edch h\u0159ebenech.<\/p>\n<p>Horsk\u00e1 nebezpe\u010d\u00ed jsou zaznamen\u00e1v\u00e1na ji\u017e od 17. stolet\u00ed. Nejstar\u0161\u00ed dochovan\u00fd pam\u00e1tn\u00edk horsk\u00e9 nehody, v\u011bnovan\u00fd Janu Pieni\u0105\u017ckovi\u2011Odrow\u0105\u017covi, stoj\u00ed na vrcholu Sn\u011b\u017eky a p\u0159ipom\u00edn\u00e1 jeho smrt v roce 1828. Katastrof\u00e1ln\u00ed lavina v rokli Bia\u0142y Jar v roce 1968 si vy\u017e\u00e1dala 19 \u017eivot\u016f a p\u011bt zran\u011bn\u00fdch, co\u017e vedlo k mobilizaci z\u00e1chrann\u00e9ho t\u00fdmu \u010d\u00edtaj\u00edc\u00edho 1100 lid\u00ed. Tyto ud\u00e1losti vedly k systematick\u00e9mu monitorov\u00e1n\u00ed lavin, budov\u00e1n\u00ed ochrann\u00fdch bari\u00e9r a zav\u00e1d\u011bn\u00ed varovn\u00fdch syst\u00e9m\u016f, kter\u00e9 se neust\u00e1le vyv\u00edjej\u00ed.<\/p>\n<p>Koncem 19. stolet\u00ed se Giganti \u0159adili mezi nejv\u00fdznamn\u011bj\u0161\u00ed letoviska N\u011bmeck\u00e9 \u0159\u00ed\u0161e, nav\u0161t\u011bvovan\u00e1 p\u0159edev\u0161\u00edm N\u011bmci a Pol\u00e1ky. Pr\u016fvodce v pol\u0161tin\u011b se objevovaly od poloviny 18. stolet\u00ed a n\u00e1v\u0161t\u011bvn\u00edky doprov\u00e1zeli domorod\u00ed pol\u0161t\u00ed hor\u0161t\u00ed v\u016fdci. \u010ce\u0161t\u00ed spisovatel\u00e9 z obdob\u00ed n\u00e1rodn\u00edho obrozen\u00ed oslavovali Sn\u011b\u017eku jako symbol slovansk\u00e9 identity. B\u011bhem boomu Gr\u00fcnderzeitu si berl\u00edn\u0161t\u00ed obchodn\u00edci postavili vily ve Skl\u00e1\u0159sk\u00e9 Porub\u011b (d\u0159\u00edve Schreiberhau), kam se dalo dostat vlakem z velk\u00fdch m\u011bstsk\u00fdch center a dokonce i ran\u00fdmi leteck\u00fdmi linkami Lufthansy p\u0159es Jelen\u00ed Horu.<\/p>\n<p>S\u00e1\u0148kov\u00e1n\u00ed zaujalo m\u00edstn\u00ed p\u0159edstavivost d\u00e1vno p\u0159ed ly\u017eov\u00e1n\u00edm. V roce 1817 August Neidhardt von Gneisenau zaznamenal desetikilometrov\u00fd sjezd z Pomezn\u00edch boud do Kowar. Dva typy san\u00ed \u2013 robustn\u00ed san\u011b na p\u0159epravu d\u0159eva a hbit\u00e9 \u201eHitsch&#039;n\u201c \u2013 se do konce 19. stolet\u00ed staly z\u00e1vodn\u00ed pod\u00edvanou; kolem roku 1900 bylo v provozu napo\u010d\u00edt\u00e1no t\u00e9m\u011b\u0159 4 000 san\u00ed na dlouh\u00e9 trat\u011b a 6 000 sportovn\u00edch model\u016f. B\u011b\u017eeck\u00e9 ly\u017eov\u00e1n\u00ed se objevilo po n\u011bmeck\u00e9m p\u0159ekladu zpr\u00e1vy Fridtjofa Nansena o expedici do Gr\u00f3nska z roku 1891. Ve stejn\u00e9m roce byla v Mlad\u00fdch Buk\u00e1ch otev\u0159ena prvn\u00ed rakousko-uhersk\u00e1 tov\u00e1rna na ly\u017ee. V zim\u011b 1892\u201393 do\u0161lo k prvn\u00edmu zaznamenan\u00e9mu p\u0159ekro\u010den\u00ed hlavn\u00edho h\u0159ebene na ly\u017e\u00edch, za pomoci lesn\u00edch str\u00e1\u017ec\u016f, u\u010ditel\u016f a pr\u016fmyslov\u00fdch mecen\u00e1\u0161\u016f, kte\u0159\u00ed financovali infrastrukturu a vybaven\u00ed pro znev\u00fdhodn\u011bn\u00e9 ly\u017ea\u0159e.<\/p>\n<p>Na p\u0159elomu stolet\u00ed vznikla \u0159ada ly\u017ea\u0159sk\u00fdch klub\u016f. Je pozoruhodn\u00e9, \u017ee p\u011bt z dvan\u00e1cti zakl\u00e1daj\u00edc\u00edch \u010dlen\u016f Rakousk\u00e9 ly\u017ea\u0159sk\u00e9 federace (\u00d6SV) s\u00eddlilo v Giants. Vrchlab\u00ed (Hohenelbe) hostilo po prvn\u00ed t\u0159i roky s\u00eddlo \u00d6SV a jej\u00ed prvn\u00ed prezident Guido Rotter poch\u00e1zel z hor. Na slezsk\u00e9 stran\u011b to byly kluby p\u0159idru\u017een\u00e9 k N\u011bmeck\u00e9mu ly\u017ea\u0159sk\u00e9mu svazu (DSV). Po prvn\u00ed sv\u011btov\u00e9 v\u00e1lce a vzniku \u010ceskoslovenska se n\u011bmecky mluv\u00edc\u00ed kluby p\u0159ipojily k HDW, zat\u00edmco \u010desk\u00e9 skupiny vytvo\u0159ily Svaz ly\u017ea\u0159\u016f. Region hostil n\u00e1rodn\u00ed i mezin\u00e1rodn\u00ed sout\u011b\u017ee v seversk\u00e9 kombinaci, skoku na ly\u017e\u00edch a s\u00e1\u0148kov\u00e1n\u00ed; m\u00edstn\u00ed sportovci jako Martin a Friedel Tietzeovi z\u00edskali tituly mistr\u016f Evropy v s\u00e1\u0148kov\u00e1n\u00ed.<\/p>\n<p>Zna\u010den\u00e1 stezka \u2013 Stezka polsko-\u010desk\u00e9ho p\u0159\u00e1telstv\u00ed \u2013 vede p\u0159ibli\u017en\u011b 30 km pod\u00e9l hlavn\u00edho h\u0159ebene mezi Szrenic\u00ed a Okrajsk\u00fdm pr\u016fsmykem (Pomezn\u00ed boudy). Je klasifikov\u00e1na jako st\u0159edn\u011b obt\u00ed\u017en\u00e1, sd\u00edl\u00ed \u00faseky se zimn\u00edmi ly\u017ea\u0159sk\u00fdmi trasami a lze ji zvl\u00e1dnout za dva nebo t\u0159i dny. Noclehy se konaj\u00ed v historick\u00fdch chat\u00e1ch nebo na vyhrazen\u00fdch bivakov\u00fdch m\u00edstech, i kdy\u017e kempov\u00e1n\u00ed v parku je st\u00e1le zak\u00e1z\u00e1no. Krom\u011b h\u0159ebenov\u00e9 turistiky jsou vhodn\u00e9 i stovky kilometr\u016f stezek v ni\u017e\u0161\u00edch nadmo\u0159sk\u00fdch v\u00fd\u0161k\u00e1ch pro jednodenn\u00ed turisty. Cyklistick\u00e1 s\u00ed\u0165 poho\u0159\u00ed zahrnuje p\u0159\u00edrodn\u00ed singletracky a n\u00e1ro\u010dn\u00e9 sjezdov\u00e9 trat\u011b, kter\u00e9 se vine lesy, loukami a pod\u00e9l Labsk\u00e9 n\u00e1dr\u017ee, kde se tak\u00e9 nach\u00e1z\u00ed vesla\u0159sk\u00e9, ryb\u00e1\u0159sk\u00e9, tenisov\u00e9 a squashov\u00e9 kurty.<\/p>\n<p>Kulturn\u00ed identita hor je neodd\u011bliteln\u00e1 od legendy o R\u00fcbezahlovi \u2013 \u010desky zn\u00e1m\u00e9m jako Krakono\u0161 a polsky jako Liczyrzepa \u2013 vrto\u0161iv\u00e9m duchu m\u00edstn\u00edch tradic. Jeho postava zdob\u00ed ukazatele, suven\u00fdry a dokonce i modern\u00ed stezky. V literatu\u0159e poho\u0159\u00ed poskytlo kulisu pro novelu Friedricha de la Motte Fouqu\u00e9ho Der Hirt des Riesengeb\u00fcrgs (\u201ePast\u00fd\u0159 Krkono\u0161\u201c) a podtrhlo jeho trval\u00fd otisk v n\u011bmeck\u00e9 romantick\u00e9 p\u0159edstavivosti.<\/p>\n<p>Travel to the Golden\u2011and\u2011Rose\u2011hued realm is feasible by bus, rail or private vehicle. Direct coaches from Prague\u2019s \u010cern\u00fd Most station serve Harrachov, \u0160pindler\u016fv Ml\u00fdn and Jansk\u00e9 L\u00e1zn\u011b\u2014fare circa 200\u202fK\u010d, journey time about three hours. Czech Railways links Harrachov hourly to Liberec, Tanvald and Szklarska Por\u0119ba, with express connections from Prague at 07:25 and 13:25. Rokytnice nad Jizerou offers weekend\u2011only service, while Pec pod Sn\u011b\u017ekou and \u0160pindler\u016fv Ml\u00fdn require bus transfers from Trutnov or Vrchlab\u00ed. Road access demands a permit for some high\u2011elevation routes; serpentine climbs from Poland reveal panoramic vistas.<\/p>\n<p>Vstup do chr\u00e1n\u011bn\u00fdch \u00fazem\u00ed v \u010cesku je zdarma; je v\u0161ak vy\u017eadov\u00e1no p\u0159\u00edsn\u00e9 dodr\u017eov\u00e1n\u00ed zna\u010den\u00fdch stezek, zejm\u00e9na b\u011bhem obdob\u00ed rozmno\u017eov\u00e1n\u00ed divok\u00fdch zv\u00ed\u0159at. Polsk\u00fd Krkono\u0161sk\u00fd n\u00e1rodn\u00ed park vyb\u00edr\u00e1 vstupn\u00e9 do n\u011bkter\u00fdch z\u00f3n, a\u010dkoli tranzit po hlavn\u00ed h\u0159ebenov\u00e9 stezce je zdarma. Ter\u00e9nn\u00ed vozidla jsou mimo hlavn\u00ed silnice zak\u00e1z\u00e1na, aby se chr\u00e1nila k\u0159ehk\u00e1 p\u016fda a fauna. V r\u00e1mci autobusov\u00e9 s\u00edt\u011b jsou trasy zam\u011b\u0159eny na p\u011b\u0161\u00ed i cyklisty \u2013 trasa \u010d. 1 (\u010derven\u00e1) spojuje Harrachov, Jansk\u00e9 L\u00e1zn\u011b, Pec pod Sn\u011b\u017ekou a Pomezn\u00ed boudy dvakr\u00e1t denn\u011b a umo\u017e\u0148uje t\u00fary z bodu do bodu doprov\u00e1zen\u00e9 zavazadly na kole\u010dk\u00e1ch. Lanovky \u2013 z Pece na Sn\u011b\u017eku, Jansk\u00fdch L\u00e1zn\u00ed na \u010cernou Horu a na Hn\u011bd\u00fd Vrch v Peci \u2013 poskytuj\u00ed alternativu k nam\u00e1hav\u00fdm v\u00fdstup\u016fm a jezd\u00ed podle letn\u00edch i zimn\u00edch j\u00edzdn\u00edch \u0159\u00e1d\u016f s pravideln\u011b aktualizovan\u00fdmi j\u00edzdn\u00edmi \u0159\u00e1dy.<\/p>\n<p>Krkono\u0161e p\u0159edstavuj\u00ed studii kontrast\u016f: od v\u011btrem o\u0161lehan\u00fdch h\u0159eben\u016f a hlubok\u00fdch sn\u011bhov\u00fdch pokr\u00fdvek a\u017e po klikat\u00e9 \u0159eky a \u017eulov\u00e9 v\u00fdchozy; od starov\u011bk\u00fdch legend a\u017e po modern\u00ed sjezdovky. Jejich chr\u00e1n\u011bn\u00fd status, bohat\u00e1 minulost a mnohostrann\u00e1 rekrea\u010dn\u00ed nab\u00eddka je \u0159ad\u00ed mezi nejtrvalej\u0161\u00ed horsk\u00e9 destinace st\u0159edn\u00ed Evropy, kter\u00e9 vyb\u00edzej\u00ed k zamy\u0161len\u00ed i v\u00fdzv\u00e1m v ka\u017ed\u00e9m ro\u010dn\u00edm obdob\u00ed.<\/p>","protected":false},"excerpt":{"rendered":"<p>Krkono\u0161e, \u010desky Krkono\u0161e a polsky Karkonosze, tvo\u0159\u00ed v\u00fdrazn\u00e9 poho\u0159\u00ed na hranici \u010cesk\u00e9 republiky a Polska. Tato v\u00fdznamn\u00e1 geologick\u00e1 stavba, za\u010dlen\u011bn\u00e1 do \u0161ir\u0161\u00edho sudetsk\u00e9ho horsk\u00e9ho syst\u00e9mu \u010cesk\u00e9ho masivu, pojme kolem 30 000 st\u00e1l\u00fdch obyvatel rozm\u00edst\u011bn\u00fdch v n\u011bkolika m\u011bstech a obc\u00edch le\u017e\u00edc\u00edch v jej\u00edch \u00fadol\u00edch a podh\u016f\u0159\u00ed. Poho\u0159\u00ed m\u00e1 rozlohu p\u0159ibli\u017en\u011b 650 kilometr\u016f \u010dtvere\u010dn\u00edch a jeho nejvy\u0161\u0161\u00ed vrchol Sn\u011b\u017eka (polsky \u015anie\u017cka) dosahuje nadmo\u0159sk\u00e9 v\u00fd\u0161ky 1 603 metr\u016f (5 259 stop) nad mo\u0159em a p\u0159edstavuje tak nejvy\u0161\u0161\u00ed bod v \u010cesk\u00e9 republice.<\/p>","protected":false},"author":1,"featured_media":3588,"parent":14322,"menu_order":0,"comment_status":"closed","ping_status":"closed","template":"elementor_theme","meta":{"_eb_attr":"","footnotes":""},"class_list":["post-14328","page","type-page","status-publish","has-post-thumbnail"],"_links":{"self":[{"href":"https:\/\/travelshelper.com\/cs\/wp-json\/wp\/v2\/pages\/14328","targetHints":{"allow":["GET"]}}],"collection":[{"href":"https:\/\/travelshelper.com\/cs\/wp-json\/wp\/v2\/pages"}],"about":[{"href":"https:\/\/travelshelper.com\/cs\/wp-json\/wp\/v2\/types\/page"}],"author":[{"embeddable":true,"href":"https:\/\/travelshelper.com\/cs\/wp-json\/wp\/v2\/users\/1"}],"replies":[{"embeddable":true,"href":"https:\/\/travelshelper.com\/cs\/wp-json\/wp\/v2\/comments?post=14328"}],"version-history":[{"count":0,"href":"https:\/\/travelshelper.com\/cs\/wp-json\/wp\/v2\/pages\/14328\/revisions"}],"up":[{"embeddable":true,"href":"https:\/\/travelshelper.com\/cs\/wp-json\/wp\/v2\/pages\/14322"}],"wp:featuredmedia":[{"embeddable":true,"href":"https:\/\/travelshelper.com\/cs\/wp-json\/wp\/v2\/media\/3588"}],"wp:attachment":[{"href":"https:\/\/travelshelper.com\/cs\/wp-json\/wp\/v2\/media?parent=14328"}],"curies":[{"name":"wp","href":"https:\/\/api.w.org\/{rel}","templated":true}]}}