{"id":14301,"date":"2024-09-19T08:21:38","date_gmt":"2024-09-19T08:21:38","guid":{"rendered":"https:\/\/travelshelper.com\/staging\/?page_id=14301"},"modified":"2026-03-11T23:25:07","modified_gmt":"2026-03-11T23:25:07","slug":"kodan","status":"publish","type":"page","link":"https:\/\/travelshelper.com\/cs\/destinations\/europe\/denmark\/copenhagen\/","title":{"rendered":"Koda\u0148"},"content":{"rendered":"<p>Koda\u0148 je sv\u011bdectv\u00edm o prol\u00edn\u00e1n\u00ed stalet\u00ed \u2013 kdysi skromn\u00e1 ryb\u00e1\u0159sk\u00e1 osada, nyn\u00ed prosperuj\u00edc\u00ed severoevropsk\u00e1 metropole, kde se st\u0159edov\u011bk\u00e9 ulice t\u0159ou o elegantn\u00ed modern\u00ed fas\u00e1dy a kde kulturn\u00ed instituce a \u0161pi\u010dkov\u00e1 pr\u016fmyslov\u00e1 odv\u011btv\u00ed sd\u00edlej\u00ed stejnou d\u016fle\u017eitost. Od sv\u00e9ho zalo\u017een\u00ed v des\u00e1t\u00e9m stolet\u00ed u klikat\u00fdch vod dne\u0161n\u00ed Gammel Strand bylo m\u011bsto sv\u011bdkem vzestupu a p\u00e1du \u0159\u00ed\u0161\u00ed, hr\u016fz moru a bombardov\u00e1n\u00ed a neust\u00e1l\u00e9ho rozv\u00edjen\u00ed m\u011bstsk\u00e9 vize. Dnes je Koda\u0148 domovem 1,4 milionu obyvatel ve sv\u00e9m m\u011bstsk\u00e9m j\u00e1dru, kter\u00e9 se rozkl\u00e1d\u00e1 na ostrovech Sj\u00e9land a Amager a p\u0159es \u00d8resund se t\u00e1hne do Malm\u00f6 elegantn\u00edm mostem spojuj\u00edc\u00edm d\u00e1nsk\u00e9 a \u0161v\u00e9dsk\u00e9 b\u0159ehy. Jako politick\u00e9 s\u00eddlo, ekonomick\u00fd motor a kulturn\u00ed srdce D\u00e1nska spojuje odkaz kr\u00e1lovsk\u00fdch ambic\u00ed a osv\u00edcensk\u00e9ho u\u010den\u00ed s hybnou silou centra 21. stolet\u00ed v oblasti l\u00e9\u010div, informa\u010dn\u00edch technologi\u00ed a \u010dist\u00e9 energie, a to v\u0161e p\u0159i zachov\u00e1n\u00ed lidsk\u00e9ho m\u011b\u0159\u00edtka a zelen\u00fdch ploch, kter\u00e9 z n\u00ed \u010din\u00ed jedno z nejp\u0159\u00edjemn\u011bj\u0161\u00edch m\u011bst na sv\u011bt\u011b.<\/p>\n<p>St\u0159edov\u011bk\u00e9 srdce m\u011bsta nejprve o\u017eilo pod vikingskou z\u00e1\u0161titou, jeho skromn\u00e9 \u200b\u200bryb\u00e1\u0159sk\u00e9 chatr\u010de ustoupily opevn\u011bn\u00fdm val\u016fm, kter\u00e9 jednoho dne definovaly Opev\u0148ovac\u00ed prstenec. Na za\u010d\u00e1tku patn\u00e1ct\u00e9ho stolet\u00ed byla Koda\u0148 pov\u00fd\u0161ena na hlavn\u00ed m\u011bsto a v \u0161estn\u00e1ct\u00e9m stolet\u00ed slou\u017eila jako de facto monarchistick\u00e9 s\u00eddlo Kalmarsk\u00e9 unie, kter\u00e1 spojovala D\u00e1nsko, \u0160v\u00e9dsko a Norsko pod jednou korunou. Obchod prot\u00e9kal jej\u00edmi renesan\u010dn\u00edmi ulicemi a m\u011bsto vzkv\u00e9talo jako kulturn\u00ed centrum Skandin\u00e1vie. Sedmn\u00e1ct\u00e9 stolet\u00ed d\u00e1le upevnilo jeho roli centra moci \u2013 pal\u00e1ce, arzen\u00e1ly a vl\u00e1dn\u00ed ministerstva vyza\u0159ovaly autoritu z m\u011bstsk\u00e9ho j\u00e1dra, kter\u00e9 se neust\u00e1le \u0161\u00ed\u0159ilo za jeho starobyl\u00e9 hradby. Osmn\u00e1ct\u00e9 stolet\u00ed v\u0161ak p\u0159ineslo jak pohromu, tak obnovu: mor a velk\u00e9 po\u017e\u00e1ry zpusto\u0161ily \u0159ady rouben\u00fdch dom\u016f, na\u010de\u017e urbanist\u00e9 reagovali Frederiksstadenem, presti\u017en\u00ed \u010dtvrt\u00ed rokokov\u00fdch s\u00eddel a \u0161irok\u00fdch t\u0159\u00edd. Pr\u00e1v\u011b v t\u00e9to \u00e9\u0159e Kr\u00e1lovsk\u00e9 divadlo a Akademie v\u00fdtvarn\u00fdch um\u011bn\u00ed ukotvily kulturn\u00ed ambice Kodan\u011b, a to i p\u0159esto, \u017ee m\u011bsto bohu\u017eel profitovalo z obchodu s otroky, kter\u00fd se prol\u00ednal jeho obchodn\u00edmi lo\u010fstvy.<\/p>\n<p>Ot\u0159esy napoleonsk\u00fdch v\u00e1lek dos\u00e1hly Kodan\u011b v roce 1807, kdy britsk\u00e1 flotila bombardovala m\u011bsto a donutila ho k podroben\u00ed. Z popela t\u00e9to ne\u0161t\u011bst\u00ed se zrodil d\u00e1nsk\u00fd zlat\u00fd v\u011bk \u2013 obdob\u00ed neoklasicistn\u00ed architektury, um\u011bleck\u00fdch inovac\u00ed a filozofick\u00e9ho kva\u0161en\u00ed, kter\u00e9 zm\u011bnily tv\u00e1\u0159 m\u011bsta. Ve dvac\u00e1t\u00e9m stolet\u00ed dala pov\u00e1le\u010dn\u00e1 rekonstrukce vzniknout tzv. \u201eFingerovu\u201c pl\u00e1nu, vizion\u00e1\u0159sk\u00e9mu n\u00e1vrhu, kter\u00fd sm\u011b\u0159oval r\u016fst pod\u00e9l p\u011bti \u017eelezni\u010dn\u00edch koridor\u016f a zajistil, aby se bydlen\u00ed a obchod rozv\u00edjely v souladu s dopravn\u00ed infrastrukturou. Dokon\u010den\u00ed mostu \u00d8resund na p\u0159elomu tis\u00edcilet\u00ed d\u00e1le roz\u0161\u00ed\u0159ilo dosah Kodan\u011b, propojilo ji s \u0161ir\u0161\u00edm regionem \u00d6resund se \u0160v\u00e9dskem a podpo\u0159ilo hospod\u00e1\u0159skou a kulturn\u00ed v\u00fdm\u011bnu nap\u0159\u00ed\u010d z\u00e1livem.<\/p>\n<p>Geograficky je Koda\u0148 definov\u00e1na sv\u00fdm n\u00e1mo\u0159n\u00edm objet\u00edm. Zab\u00edr\u00e1 v\u00fdchodn\u00ed pob\u0159e\u017e\u00ed Z\u00e9landu, rozkl\u00e1d\u00e1 se na jih k Amageru a t\u00e1hne se po souhv\u011bzd\u00ed ostr\u016fvk\u016f, kter\u00e9 se vzn\u00e1\u0161ej\u00ed v z\u00e1livu mezi D\u00e1nskem a \u0160v\u00e9dskem. Na druh\u00e9 stran\u011b prolivu \u00d8resund le\u017e\u00ed Malm\u00f6 42 kilometr\u016f jihov\u00fdchodn\u011b po silnici; N\u00e6stved a Odense le\u017e\u00ed 85, respektive 164 kilometr\u016f jihoz\u00e1padn\u011b; Aarhus le\u017e\u00ed asi 188 kilometr\u016f severoz\u00e1padn\u011b po mo\u0159i a silnici. V r\u00e1mci t\u011bchto vzd\u00e1lenost\u00ed vyza\u0159uje vliv m\u011bsta \u2013 politick\u00fd, obchodn\u00ed a kulturn\u00ed \u2013 a spojuje ostrov s pevninou stejn\u011b obratn\u011b, jako jeho s\u00ed\u0165 most\u016f, trajekt\u016f a tunel\u016f spojuje jednu \u010dtvr\u0165 s druhou.<\/p>\n<p>Starobyl\u00e9 hradby, kter\u00e9 kdysi chr\u00e1nily Koda\u0148, st\u00e1le dod\u00e1vaj\u00ed tvar opev\u0148ovac\u00edmu kruhu, nyn\u00ed zelen\u00e9 stuze obep\u00ednaj\u00edc\u00ed st\u0159edov\u011bk\u00e9 j\u00e1dro. Za n\u00edm se mezi lety 1870 a 1915 objevily d\u011blnick\u00e9 \u010dtvrti devaten\u00e1ct\u00e9ho stolet\u00ed \u2013 \u00d8sterbro, N\u00f8rrebro, Vesterbro, Amagerbro \u2013 s m\u0159\u00ed\u017ekovan\u00fdmi ulicemi lemovan\u00fdmi cihlov\u00fdmi \u010din\u017eovn\u00edmi domy a p\u0159eru\u0161ovan\u00fdmi mal\u00fdmi parky. P\u0159edm\u011bst\u00ed, kter\u00e1 n\u00e1sledovala mezi lety 1920 a 1960 \u2013 Kongens Enghave, Valby, Vanl\u00f8se a dal\u0161\u00ed \u2013 z\u00edskala jemn\u011bj\u0161\u00ed charakter, kde seskupen\u00ed n\u00edzk\u00fdch byt\u016f sd\u00edlela prostor se zelen\u00fdmi plochami. S\u00ed\u0165 m\u011bstsk\u00fdch park\u016f a jeho pob\u0159e\u017e\u00ed jsou ned\u00edlnou sou\u010d\u00e1st\u00ed ka\u017edodenn\u00edho \u017eivota: Amager Strandpark, um\u011ble vytvo\u0159en\u00e1 pl\u00e1\u017e otev\u0159en\u00e1 v roce 2005, nab\u00edz\u00ed 4,6 kilometru p\u00edsku a promen\u00e1d necel\u00fdch patn\u00e1ct minut j\u00edzdy na kole od centra, zat\u00edmco pl\u00e1\u017e Bellevue na severu a slavn\u00e9 p\u0159\u00edstavn\u00ed l\u00e1zn\u011b v Islands Brygge zvou k celoro\u010dn\u00edmu koup\u00e1n\u00ed a relaxaci.<\/p>\n<p>Koda\u0148sk\u00e9 oce\u00e1nsk\u00e9 klima s sebou p\u0159in\u00e1\u0161\u00ed vrto\u0161ivou souhru atlantsk\u00fdch minim, m\u00edrn\u00fdch let a chladn\u00fdch zim. Sr\u00e1\u017eky jsou m\u00edrn\u00e9, i kdy\u017e od \u010dervence do z\u00e1\u0159\u00ed m\u016f\u017ee b\u00fdt o n\u011bco vlh\u010d\u00ed, a sn\u00edh obvykle pad\u00e1 mezi koncem prosince a za\u010d\u00e1tkem b\u0159ezna, ob\u010das se nahromad\u00ed a\u017e p\u016fl metru za dvacet \u010dty\u0159i hodin. Slune\u010dn\u00ed svit dramaticky kol\u00eds\u00e1 \u2013 od zhruba osmi denn\u011b v \u010dervnu po sotva jeden a p\u016fl v polovin\u011b zimy \u2013 co\u017e je\u0161t\u011b v\u00edce zv\u00fdraz\u0148uje kontrast mezi letn\u00edm slunovratem, kter\u00fd trv\u00e1 od 4:26 do 21:58, a kr\u00e1tk\u00fdm zimn\u00edm denn\u00edm sv\u011btlem od 8:37 do 15:39. Pr\u016fm\u011brn\u00e9 teploty dosahuj\u00ed v hork\u00e9m \u010dervenci 21 \u00b0C, zat\u00edmco nejchladn\u011bj\u0161\u00ed t\u00fddny se pohybuj\u00ed bl\u00edzko bodu mrazu.<\/p>\n<p>Demograficky je Koda\u0148 nejv\u011bt\u0161\u00ed obc\u00ed v D\u00e1nsku, v roce 2022 \u017eilo p\u0159ibli\u017en\u011b 644 000 obyvatel, p\u0159i\u010dem\u017e po zahrnut\u00ed p\u0159edm\u011bst\u00ed Frederiksberg, Drag\u00f8r a T\u00e5rnby pro statistick\u00e9 \u00fa\u010dely se jejich po\u010det zv\u00fd\u0161il na 764 000. Imigrace ovlivnila jej\u00ed ned\u00e1vn\u00fd r\u016fst: t\u00e9m\u011b\u0159 27 procent obyvatel obce na za\u010d\u00e1tku roku 2022 m\u011blo ko\u0159eny mimo D\u00e1nsko, p\u0159i\u010dem\u017e nejv\u011bt\u0161\u00ed komunity narozen\u00e9 v zahrani\u010d\u00ed poch\u00e1zely z P\u00e1kist\u00e1nu, Turecka, Ir\u00e1ku, N\u011bmecka a Polska. N\u00e1bo\u017eensk\u00fd \u017eivot tuto rozmanitost odr\u00e1\u017e\u00ed. D\u00e1nsk\u00e1 n\u00e1rodn\u00ed c\u00edrkev tvo\u0159\u00ed n\u011bco m\u00e1lo p\u0159es polovinu populace, zat\u00edmco isl\u00e1m se stal druh\u00fdm nejv\u011bt\u0161\u00edm n\u00e1bo\u017eenstv\u00edm, zahrnuje p\u0159ibli\u017en\u011b 10 procent obyvatel a je z\u00e1kladem \u017eiv\u00fdch komunit v N\u00f8rrebro a Vestegnenu. \u017didovsk\u00e9 d\u011bdictv\u00ed Kodan\u011b sah\u00e1 a\u017e do sedmn\u00e1ct\u00e9ho stolet\u00ed a je st\u00e1le viditeln\u00e9 v aktivn\u00edch synagog\u00e1ch a D\u00e1nsk\u00e9m \u017eidovsk\u00e9m muzeu.<\/p>\n<p>Koda\u0148, s\u00eddlo d\u00e1nsk\u00e9 vl\u00e1dy, je domovem Folketingu a ministerstev, kter\u00e1 \u0159\u00edd\u00ed n\u00e1rodn\u00ed politiku. Je tak\u00e9 finan\u010dn\u00edm centrem zem\u011b, jeho\u017e z\u00e1kladem je Koda\u0148sk\u00e1 burza cenn\u00fdch pap\u00edr\u016f, a hybnou silou v oblasti slu\u017eeb \u2013 doprava, komunikace, obchod a finance zam\u011bstn\u00e1vaj\u00ed v\u011bt\u0161inu z 350 000 pracovn\u00edk\u016f. Na po\u010d\u00e1tku 21. stolet\u00ed investice do informa\u010dn\u00edch technologi\u00ed, l\u00e9\u010div a \u010dist\u00fdch technologi\u00ed poh\u00e1n\u011bly rychl\u00fd rozvoj sektoru slu\u017eeb. \u0160ir\u0161\u00ed region hlavn\u00edho m\u011bsta zaznamenal v roce 2017 HDP zhruba 120 miliard eur, co\u017e jej \u0159ad\u00ed mezi nejl\u00e9pe hodnocen\u00e9 regiony v Evrop\u011b z hlediska produkce na obyvatele. Pov\u011bst Kodan\u011b jako\u017eto glob\u00e1ln\u00edho l\u00eddra v zelen\u00e9 ekonomice spo\u010d\u00edv\u00e1 na dlouhodob\u00fdch z\u00e1vazc\u00edch k n\u00edzkouhl\u00edkov\u00e9mu r\u016fstu, energetick\u00e9 \u00fa\u010dinnosti a udr\u017eiteln\u00e9mu urbanistick\u00e9mu designu.<\/p>\n<p>Akademick\u00fd \u017eivot pulzuje po cel\u00e9m m\u011bst\u011b. Koda\u0148sk\u00e1 univerzita, zalo\u017een\u00e1 v roce 1479, pat\u0159\u00ed mezi nejstar\u0161\u00ed evropsk\u00e9 instituce vy\u0161\u0161\u00edho vzd\u011bl\u00e1v\u00e1n\u00ed, zat\u00edmco Technick\u00e1 univerzita v D\u00e1nsku, Koda\u0148sk\u00e1 obchodn\u00ed \u0161kola a IT univerzita v Kodani p\u0159itahuj\u00ed akademick\u00e9 pracovn\u00edky z cel\u00e9ho sv\u011bta. V\u00fdznamnou roli hraje i sport: FC Koda\u0148 a Br\u00f8ndby IF se t\u011b\u0161\u00ed v\u00e1\u0161niv\u00fdm fanou\u0161k\u016fm fotbalu, ka\u017edoro\u010dn\u00ed Koda\u0148sk\u00fd maraton se od roku 1980 vine jeho ulicemi a ulice m\u011bsta, proslul\u00e9 svou p\u0159\u00edznivost\u00ed k cyklist\u016fm, skr\u00fdvaj\u00ed s\u00ed\u0165 ve\u0159ejn\u00e9 dopravy \u2013 autobusy Movia, koda\u0148sk\u00e9 metro od roku 2002, vlak S-train, linky Lokaltog a pob\u0159e\u017en\u00ed linku \u2013 kter\u00e9 se sb\u00edhaj\u00ed, aby slou\u017eily jak doj\u00ed\u017ed\u011bj\u00edc\u00edm, tak turist\u016fm. Leti\u0161t\u011b Kastrup s 2,5 miliony cestuj\u00edc\u00edch m\u011bs\u00ed\u010dn\u011b se \u0159ad\u00ed k nejru\u0161n\u011bj\u0161\u00edm v seversk\u00fdch zem\u00edch.<\/p>\n<p>Koda\u0148sk\u00e9 panorama je v\u00fdsledkem z\u00e1m\u011brn\u00e9 zdr\u017eenlivosti a odv\u00e1\u017en\u00fdch inovac\u00ed. St\u0159edov\u011bk\u00e9 j\u00e1dro zn\u00e1m\u00e9 jako Middelalderbyen se py\u0161n\u00ed \u00fazk\u00fdmi uli\u010dkami a starobyl\u00fdmi kostely, v jejich\u017e centru stoj\u00ed pal\u00e1c Christiansborg ve Slotsholmenu. Frederiksstaden, koncipovan\u00fd za Fridricha V. v osmn\u00e1ct\u00e9m stolet\u00ed, zasazuje \u010dty\u0159i s\u00eddla Amalienborgu a kopuli kostela Fridricha v rokokov\u00e9m stylu. Za historick\u00fdm centrem se na pl\u00e1ni \u00d8restad a v Holmenu ty\u010d\u00ed sou\u010dasn\u00e9 projekty, v\u010detn\u011b opery a modern\u00edch kancel\u00e1\u0159sk\u00fdch komplex\u016f, p\u0159esto politick\u00e1 v\u016fle dlouho chr\u00e1nila vnit\u0159n\u00ed m\u011bsto p\u0159ed z\u00e1sahy v\u00fd\u0161kov\u00fdch budov. V\u00fdsledkem je m\u011bsto, kter\u00e9 ct\u00ed sv\u00e9 vertik\u00e1ln\u00ed akcenty \u2013 kostely Spasitele a sv. Mikul\u00e1\u0161e s v\u011b\u017eemi, v\u011b\u017e burzy Kristi\u00e1na IV. s dra\u010d\u00edm ocasem \u2013 a z\u00e1rove\u0148 zachov\u00e1v\u00e1 panorama v lidsk\u00e9m m\u011b\u0159\u00edtku.<\/p>\n<p>Ka\u017ed\u00e1 \u010dtvr\u0165 nab\u00edz\u00ed sv\u00e9 vlastn\u00ed \u017eiv\u00e9 prost\u0159ed\u00ed. Indre By pulzuje p\u011b\u0161\u00ed z\u00f3nou Str\u00f8get, um\u011bleck\u00fdmi v\u00fdstavami v Charlottenborgu a kouzlem Nyhavnu na b\u0159ehu kan\u00e1lu. Christianshavn s vodn\u00edmi cestami v holandsk\u00e9m stylu a autonomn\u00ed enkl\u00e1vou Christiania evokuje ducha tolerance a kreativity; jeho kostel Spasitele se spir\u00e1lovit\u011b ty\u010d\u00ed k nebi vedle hausb\u00f3t\u016f a sklad\u016f, kter\u00e9 jsou nyn\u00ed p\u0159estav\u011bny na severskou kuchyni. Zahrady Tivoli ve Vesterbro evokuj\u00ed rozmarnost pod sv\u011btly rusk\u00e9ho kola, zat\u00edmco \u010dtvr\u0165 Carlsberg uchov\u00e1v\u00e1 pam\u00e1tky pivovar\u016f uprost\u0159ed kulturn\u00edch m\u00edst. N\u00f8rrebro se prom\u011bnilo z ko\u0159en\u016f d\u011blnick\u00e9 t\u0159\u00eddy v pulzuj\u00edc\u00ed multikulturn\u00ed ulice, jejich\u017e kotvou je kostel Sankt Hans Torv a listnat\u00e1 \u00fat\u011bcha h\u0159bitova Assistens. Ambas\u00e1dy a n\u00e1b\u0159e\u017e\u00ed v \u00d8sterbro nab\u00edzej\u00ed majest\u00e1tn\u00ed promen\u00e1dy k so\u0161e Mal\u00e9 mo\u0159sk\u00e9 v\u00edly a k font\u00e1n\u011b Gefion s mytick\u00fdmi rytinami pobl\u00ed\u017e hradeb Kastellet. Frederiksberg vynik\u00e1 jako zelen\u00e1 obec s vlastn\u00edm pal\u00e1cem, zoologickou zahradou a divadeln\u00edmi t\u0159\u00eddami. Ji\u017en\u011b od mostu do Amageru p\u0159ipom\u00ednaj\u00ed obchody a kav\u00e1rny v Amagerbro n\u00e1v\u0161t\u011bvn\u00edk\u016fm, \u017ee ka\u017edodenn\u00ed \u017eivot se zde odehr\u00e1v\u00e1 tempem, kter\u00e9 je z\u00e1rove\u0148 \u017eiv\u00e9 a m\u00edstn\u00ed.<\/p>\n<p>Koda\u0148sk\u00e1 muzea mapuj\u00ed kulturn\u00ed proudy m\u011bsta. N\u00e1rodn\u00ed muzeum se zab\u00fdv\u00e1 d\u00e1nsk\u00fdmi a sv\u011btov\u00fdmi d\u011bjinami; St\u00e1tn\u00ed muzeum um\u011bn\u00ed sleduje um\u011bn\u00ed od st\u0159edov\u011bk\u00fdch olt\u00e1\u0159n\u00edch obraz\u016f a\u017e po sou\u010dasn\u00e9 instalace. Glyptotek Ny Carlsberg ukr\u00fdv\u00e1 klasick\u00e9 socha\u0159stv\u00ed a impresionistick\u00e9 obrazy pod galeriemi se sklen\u011bnou st\u0159echou; Louisiana se nach\u00e1z\u00ed na pob\u0159e\u017e\u00ed severn\u011b od m\u011bsta a m\u00eds\u00ed modern\u00ed um\u011bn\u00ed se socha\u0159sk\u00fdmi zahradami s v\u00fdhledem na \u00d8resund. D\u00e1nsk\u00e9 muzeum designu, Thorvaldsensovo muzeum neoklasicistn\u00edho socha\u0159stv\u00ed, podzemn\u00ed galerie Cisternerne a sb\u00edrka um\u011bn\u00ed devaten\u00e1ct\u00e9ho stolet\u00ed Ordrupgaard dopl\u0148uj\u00ed souhv\u011bzd\u00ed instituc\u00ed, kter\u00e9 odm\u011b\u0148uj\u00ed zv\u011bdavost a podn\u011bcuj\u00ed dialog.<\/p>\n<p>Koda\u0148sk\u00e9 performativn\u00ed um\u011bn\u00ed si na jevi\u0161ti i v koncertn\u00edch s\u00e1lech z\u00edsk\u00e1v\u00e1 mezin\u00e1rodn\u00ed respekt. Kr\u00e1lovsk\u00e9 d\u00e1nsk\u00e9 divadlo Playhouse a opera na Holmen host\u00ed baletn\u00ed, dramatick\u00e9 a symfonick\u00e9 koncerty v prostor\u00e1ch uzn\u00e1van\u00fdch pro akustiku i architektonickou odvahu. Koncertn\u00ed s\u00ed\u0148 Tivoli a jazzov\u00fd festival \u2013 kter\u00e9 ka\u017ed\u00fd \u010dervenec p\u0159itahuj\u00ed americk\u00e9 emigranty i dom\u00e1c\u00ed talenty \u2013 sv\u011bd\u010d\u00ed o jazzov\u00e9 tradici, kter\u00e1 existuje ji\u017e od 60. let 20. stolet\u00ed. Vega ve Vesterbro, hodnocen\u00e1 jako jedno z nejlep\u0161\u00edch koncertn\u00edch m\u00edst v Evrop\u011b, a specializovan\u00e9 akce, jako je Festival nekone\u010dn\u00e9 vd\u011b\u010dnosti, odhaluj\u00ed m\u011bsto nalad\u011bn\u00e9 na mainstreamov\u00e1 um\u011blce i undergroundov\u00e9 experimenty. V l\u00e9t\u011b se Str\u00f8get st\u00e1v\u00e1 divadlem pod \u0161ir\u00fdm nebem pro pouli\u010dn\u00ed um\u011blce, kouzeln\u00edky a hudebn\u00edky, kde improvizovan\u00e1 vystoupen\u00ed proru\u0161uj\u00ed proud chodc\u016f.<\/p>\n<p>Koda\u0148sk\u00e1 kulin\u00e1\u0159sk\u00e1 renesance ji vynesla do pop\u0159ed\u00ed sv\u011btov\u00e9 gastronomie. V Americe vy\u0161kolen\u00ed kucha\u0159i i d\u00e1n\u0161t\u00ed vizion\u00e1\u0159i podpo\u0159ili Novou severskou kuchyni, p\u0159i\u010dem\u017e Noma a Geranium si z\u00edskaly mezin\u00e1rodn\u00ed uzn\u00e1n\u00ed. M\u011bstsk\u00e9 stoly zdob\u00ed patn\u00e1ct michelinsk\u00fdch hv\u011bzd, od rafinovan\u00fdch degusta\u010dn\u00edch menu a\u017e po experiment\u00e1ln\u00ed sm\u011bsi m\u00edstn\u00edch surovin. Krom\u011b haute cuisine m\u011bsto uct\u00edv\u00e1 i sm\u00f8rrebr\u00f8d \u2013 otev\u0159en\u00e9 \u017eitn\u00e9 sendvi\u010de, kter\u00e9 spojuj\u00ed jednoduch\u00e9 polevy s \u0159emesln\u00fdm zpracov\u00e1n\u00edm \u2013 a d\u00e1nsk\u00e9 pe\u010divo, kter\u00e9 nese sladk\u00e9 d\u011bdictv\u00ed stalet\u00ed. Conditori La Glace, nep\u0159etr\u017eit\u011b v provozu od roku 1870, p\u0159edstavuje \u017eivouc\u00ed archiv cukr\u00e1\u0159sk\u00e9ho \u0159emesla. Tradice a inovace mezit\u00edm koexistuj\u00ed na koda\u0148sk\u00e9 pivn\u00ed sc\u00e9n\u011b: historick\u00fd pivovar Carlsbergu se nach\u00e1z\u00ed vedle minipivovar\u016f, kter\u00e9 v b\u00fdval\u00fdch pr\u016fmyslov\u00fdch prostor\u00e1ch p\u011bstuj\u00ed chmelen\u00e1 piva.<\/p>\n<p>Kdy\u017e padne noc, Koda\u0148 odhaluje pulzuj\u00edc\u00ed atmosf\u00e9ru, kter\u00e1 pop\u00edr\u00e1 dojem skandin\u00e1vsk\u00e9 zdr\u017eenlivosti. Bary a kluby ve Vesterbro, N\u00f8rrebro, Frederiksbergu a Amagerbro maj\u00ed otev\u0159eno dlouho do noci \u2013 n\u011bkter\u00e9 a\u017e do \u00fasvitu \u2013 zat\u00edmco liber\u00e1ln\u00ed alkoholov\u00e1 kultura zm\u00edr\u0148uje po\u017eitk\u00e1\u0159stv\u00ed spole\u010denskou odpov\u011bdnost\u00ed. M\u00edsta jako Culture Box, Jolene a ARCH host\u00ed rozmanit\u00e9 davy p\u0159itahovan\u00e9 elektronickou hudbou a \u017eiv\u00fdmi vystoupen\u00edmi. Kalend\u00e1\u0159 je dopln\u011bn festivaly: Koda\u0148sk\u00fd karneval ka\u017edou ned\u011bli o Svatodu\u0161n\u00edch pr\u00e1zdnin\u00e1ch prom\u011b\u0148uje F\u00e6lledparken, Copenhell zve metalisty do zrekonstruovan\u00e9 lod\u011bnice, Pride se v srpnu konaj\u00ed na n\u00e1m\u011bst\u00ed radnice a Copenhagen Distortion o\u017eivuje ulice po cel\u00e9m m\u011bst\u011b za\u010d\u00e1tkem \u010dervna a potvrzuje tak svou pov\u011bst komunitn\u00ed oslavy.<\/p>\n<p>Pr\u00e1v\u011b tato souhra \u2013 mezi hlubokou histori\u00ed a progresivn\u00edm designem, kr\u00e1lovskou ok\u00e1zalost\u00ed a kreativitou zdola, klidn\u00fdmi parky a \u017eiv\u00fdmi ulicemi \u2013 definuje Koda\u0148. Pod jeho v\u011b\u017eemi a na promen\u00e1d\u00e1ch pod\u00e9l n\u00e1b\u0159e\u017e\u00ed se m\u011bsto odhaluje nikoli jako statick\u00fd monument, ale jako \u017eivouc\u00ed p\u0159\u00edb\u011bh, neust\u00e1le vytv\u00e1\u0159en\u00fd t\u011bmi, kdo proch\u00e1zej\u00ed jeho ulicemi, p\u00e1dluj\u00ed po kan\u00e1lech a utv\u00e1\u0159ej\u00ed jeho panorama. Pro ka\u017ed\u00e9ho n\u00e1v\u0161t\u011bvn\u00edka i obyvatele Koda\u0148 nab\u00edz\u00ed pozv\u00e1n\u00ed: b\u00fdt sv\u011bdkem toho, jak se starobyl\u00e1 osada rozrostla v modern\u00ed hlavn\u00ed m\u011bsto, ani\u017e by se vzdala lidsk\u00e9ho rozsahu a environment\u00e1ln\u00edho pov\u011bdom\u00ed, kter\u00e9 z\u016fst\u00e1vaj\u00ed jej\u00edm nejv\u011bt\u0161\u00edm odkazem.<\/p>","protected":false},"excerpt":{"rendered":"<p>Koda\u0148, hlavn\u00ed a nejv\u011bt\u0161\u00ed m\u011bsto D\u00e1nska, m\u00e1 ve sv\u00e9 m\u011bstsk\u00e9 oblasti 1,4 milionu obyvatel. Toto m\u011bsto, kter\u00e9 se nach\u00e1z\u00ed na ostrovech Zealand a Amager, je p\u0159\u00edkladem dlouh\u00e9 historie, kulturn\u00edho v\u00fdznamu a ekonomick\u00e9 s\u00edly. Strategick\u00e1 poloha Kodan\u011b, odd\u011blen\u00e1 od Malm\u00f6 pr\u016flivem \u00d8resund, v\u00fdznamn\u011b ovlivnila jej\u00ed roli prominentn\u00edho \u00fa\u010dastn\u00edka ve skandin\u00e1vsk\u00fdch a evropsk\u00fdch z\u00e1le\u017eitostech.<\/p>","protected":false},"author":1,"featured_media":3002,"parent":14261,"menu_order":0,"comment_status":"closed","ping_status":"closed","template":"elementor_theme","meta":{"_eb_attr":"","footnotes":""},"class_list":["post-14301","page","type-page","status-publish","has-post-thumbnail"],"_links":{"self":[{"href":"https:\/\/travelshelper.com\/cs\/wp-json\/wp\/v2\/pages\/14301","targetHints":{"allow":["GET"]}}],"collection":[{"href":"https:\/\/travelshelper.com\/cs\/wp-json\/wp\/v2\/pages"}],"about":[{"href":"https:\/\/travelshelper.com\/cs\/wp-json\/wp\/v2\/types\/page"}],"author":[{"embeddable":true,"href":"https:\/\/travelshelper.com\/cs\/wp-json\/wp\/v2\/users\/1"}],"replies":[{"embeddable":true,"href":"https:\/\/travelshelper.com\/cs\/wp-json\/wp\/v2\/comments?post=14301"}],"version-history":[{"count":0,"href":"https:\/\/travelshelper.com\/cs\/wp-json\/wp\/v2\/pages\/14301\/revisions"}],"up":[{"embeddable":true,"href":"https:\/\/travelshelper.com\/cs\/wp-json\/wp\/v2\/pages\/14261"}],"wp:featuredmedia":[{"embeddable":true,"href":"https:\/\/travelshelper.com\/cs\/wp-json\/wp\/v2\/media\/3002"}],"wp:attachment":[{"href":"https:\/\/travelshelper.com\/cs\/wp-json\/wp\/v2\/media?parent=14301"}],"curies":[{"name":"wp","href":"https:\/\/api.w.org\/{rel}","templated":true}]}}